{"id":22807,"date":"2018-05-01T21:19:34","date_gmt":"2018-05-01T21:19:34","guid":{"rendered":"https:\/\/portal-hgps.azurewebsites.net\/sobre-hgps\/miembros-del-patronato\/"},"modified":"2023-08-01T12:01:14","modified_gmt":"2023-08-01T12:01:14","slug":"miembros-del-patronato","status":"publish","type":"page","link":"https:\/\/hgps.org.do\/en\/sobre-hgps\/miembros-del-patronato\/","title":{"rendered":"Members of the Board"},"content":{"rendered":"<section class=\"l-section wpb_row us_custom_2994f020 height_medium\"><div class=\"l-section-h i-cf\"><div class=\"g-cols vc_row type_default valign_top\"><div class=\"vc_col-sm-12 wpb_column vc_column_container\"><div class=\"vc_column-inner\"><div class=\"wpb_wrapper\"><div class=\"wpb_text_column\" ><div class=\"wpb_wrapper\"><p>El 18 de abril de 1996 fue creado mediante Decreto n\u00famero 131, un Patronato integrado por empresarios, religiosos, educadores, profesionales de la medicina, miembros exoficio del sector oficial y personas dedicadas a servir a la comunidad, con el prop\u00f3sito de dirigir t\u00e9cnica y administrativamente el Hospital General de la Plaza de la Salud.<\/p>\n<p>&nbsp;<\/p>\n<ol>\n<li>Dr. Julio Amado Casta\u00f1os Guzm\u00e1n, Presidente<\/li>\n<li>Dr. Joaqu\u00edn Mendoza Estrada, 1er. Vicepresidente<\/li>\n<li>Ing. Johnny Jones, 2do. Vicepresidente<\/li>\n<li>Lic. Federico Henr\u00edquez Gratereaux, Tesorero<\/li>\n<li>Sr. Ellis P\u00e9rez, Vicetesorero<\/li>\n<li>Lic. Fior D\u00b4Aliza Mart\u00ednez de Vald\u00e9z, miembro<\/li>\n<li>Dr. Arnaldo Espaillat, miembro<\/li>\n<li>Ing. Eduardo Vald\u00e9z Torres, miembro<\/li>\n<li>Lic. Jos\u00e9 Gior Ariza Medrano, miembro<\/li>\n<li>Lic. H\u00e9ctor Jos\u00e9 Rizek, Member.<\/li>\n<li>Lic. Mart\u00edn Ernesto Bret\u00f3n S\u00e1nchez, miembro<\/li>\n<li>Dra. Nancy Ivelisse Alam Lora, miembro<\/li>\n<li>Ing. Ram\u00f3n H. Mej\u00eda-G\u00f3mez, miembro<\/li>\n<li>Ministerio de Trabajo<\/li>\n<li>Ministerio de Salud P\u00fablica<\/li>\n<li>Lic. Desiree Nu\u00f1ez, Secretaria General<\/li>\n<\/ol>\n<\/div><\/div><\/div><\/div><\/div><\/div><\/div><\/section><section class=\"l-section wpb_row height_medium\"><div class=\"l-section-h i-cf\"><div class=\"g-cols vc_row type_default valign_top\"><div class=\"vc_col-sm-12 wpb_column vc_column_container\"><div class=\"vc_column-inner\"><div class=\"wpb_wrapper\"><div class=\"w-image align_none\"><div class=\"w-image-h\"><img loading=\"lazy\" decoding=\"async\" width=\"640\" height=\"360\" src=\"https:\/\/hgps.org.do\/wp-content\/uploads\/2022\/04\/Patronato.png\" class=\"attachment-large size-large\" alt=\"\" srcset=\"https:\/\/hgps.org.do\/wp-content\/uploads\/2022\/04\/Patronato.png 640w, https:\/\/hgps.org.do\/wp-content\/uploads\/2022\/04\/Patronato-600x338.png 600w, https:\/\/hgps.org.do\/wp-content\/uploads\/2022\/04\/Patronato-18x10.png 18w\" sizes=\"(max-width: 640px) 100vw, 640px\" \/><\/div><\/div><\/div><\/div><\/div><\/div><\/div><\/section>","protected":false},"excerpt":{"rendered":"El 18 de abril de 1996 fue creado mediante Decreto n\u00famero 131, un Patronato integrado por empresarios, religiosos, educadores, profesionales de la medicina, miembros exoficio del sector oficial y personas dedicadas a servir a la comunidad, con el prop\u00f3sito de dirigir t\u00e9cnica y administrativamente el Hospital General de la Plaza de la Salud. &nbsp; Dr....","protected":false},"author":1,"featured_media":0,"parent":22804,"menu_order":9,"comment_status":"closed","ping_status":"closed","template":"","meta":{"footnotes":""},"_links":{"self":[{"href":"https:\/\/hgps.org.do\/en\/wp-json\/wp\/v2\/pages\/22807"}],"collection":[{"href":"https:\/\/hgps.org.do\/en\/wp-json\/wp\/v2\/pages"}],"about":[{"href":"https:\/\/hgps.org.do\/en\/wp-json\/wp\/v2\/types\/page"}],"author":[{"embeddable":true,"href":"https:\/\/hgps.org.do\/en\/wp-json\/wp\/v2\/users\/1"}],"replies":[{"embeddable":true,"href":"https:\/\/hgps.org.do\/en\/wp-json\/wp\/v2\/comments?post=22807"}],"version-history":[{"count":12,"href":"https:\/\/hgps.org.do\/en\/wp-json\/wp\/v2\/pages\/22807\/revisions"}],"predecessor-version":[{"id":27823,"href":"https:\/\/hgps.org.do\/en\/wp-json\/wp\/v2\/pages\/22807\/revisions\/27823"}],"up":[{"embeddable":true,"href":"https:\/\/hgps.org.do\/en\/wp-json\/wp\/v2\/pages\/22804"}],"wp:attachment":[{"href":"https:\/\/hgps.org.do\/en\/wp-json\/wp\/v2\/media?parent=22807"}],"curies":[{"name":"wp","href":"https:\/\/api.w.org\/{rel}","templated":true}]}}