{"id":22809,"date":"2018-09-26T03:19:34","date_gmt":"2018-09-26T03:19:34","guid":{"rendered":"https:\/\/portal-hgps.azurewebsites.net\/sobre-hgps\/mensaje-del-presidente\/"},"modified":"2024-12-17T13:05:52","modified_gmt":"2024-12-17T13:05:52","slug":"mensaje-del-presidente","status":"publish","type":"page","link":"https:\/\/hgps.org.do\/en\/mensaje-del-presidente\/","title":{"rendered":"Message from the President"},"content":{"rendered":"<section class=\"l-section wpb_row us_custom_d2199d32 height_medium width_full hgps_page\"><div class=\"l-section-h i-cf\"><div class=\"g-cols vc_row type_default valign_top\"><div class=\"vc_col-sm-4 wpb_column vc_column_container\"><div class=\"vc_column-inner\"><div class=\"wpb_wrapper\"><div class=\"w-image align_none\"><div class=\"w-image-h\"><img loading=\"lazy\" decoding=\"async\" width=\"683\" height=\"1024\" src=\"https:\/\/hgps.org.do\/wp-content\/uploads\/2024\/12\/Dr.-Castanos-683x1024.jpg\" class=\"attachment-large size-large\" alt=\"Dr. Casta\u00f1os\" srcset=\"https:\/\/hgps.org.do\/wp-content\/uploads\/2024\/12\/Dr.-Castanos-683x1024.jpg 683w, https:\/\/hgps.org.do\/wp-content\/uploads\/2024\/12\/Dr.-Castanos-267x400.jpg 267w, https:\/\/hgps.org.do\/wp-content\/uploads\/2024\/12\/Dr.-Castanos-8x12.jpg 8w, https:\/\/hgps.org.do\/wp-content\/uploads\/2024\/12\/Dr.-Castanos-768x1152.jpg 768w, https:\/\/hgps.org.do\/wp-content\/uploads\/2024\/12\/Dr.-Castanos-scaled.jpg 1707w\" sizes=\"(max-width: 683px) 100vw, 683px\" \/><\/div><\/div><\/div><\/div><\/div><div class=\"vc_col-sm-8 wpb_column vc_column_container\"><div class=\"vc_column-inner\"><div class=\"wpb_wrapper\"><div class=\"wpb_text_column script _text\" ><div class=\"wpb_wrapper\"><p>Commited to the vision of turning this center into the first integral institution to health with high human quality has led us to launch a series of initiatives which have made it possible that today we can have a health solution in our country with the ability to respond to the highest and diverse expectations of the patients who visit us.<\/p>\n<p>Currently, the institution is submerged in search processes of new alternatives and health programs with the purpose of being able to fulfill the social responsibility for which it was created and with this give meaning to its existence, thus becoming a true provider of solutions of health for all that patient that regardless of their condition requires quality care and dignified treatment at the moment of this require some service.<\/p>\n<\/div><\/div><h2 style=\"font-size: 28px;line-height: 32px;text-align: left;font-family:Bilbo;font-weight:400;font-style:normal\" class=\"vc_custom_heading us_custom_623cd690\" >Dr. Julio A. Casta\u00f1os Guzm\u00e1n<\/h2><\/div><\/div><\/div><\/div><\/div><\/section><!-- Row Backgrounds --><div class=\"upb_color\" data-bg-override=\"0\" data-bg-color=\"\" data-fadeout=\"\" data-fadeout-percentage=\"30\" data-parallax-content=\"\" data-parallax-content-sense=\"30\" data-row-effect-mobile-disable=\"true\" data-img-parallax-mobile-disable=\"true\" data-rtl=\"false\"  data-custom-vc-row=\"\"  data-vc=\"6.6.0\"  data-is_old_vc=\"\"  data-theme-support=\"\"   data-overlay=\"false\" data-overlay-color=\"\" data-overlay-pattern=\"\" data-overlay-pattern-opacity=\"\" data-overlay-pattern-size=\"\"    ><\/div>","protected":false},"excerpt":{"rendered":"El compromiso con la visi\u00f3n de convertir este centro en la primera instituci\u00f3n integral a la salud con alta calidad humana nos ha llevado a poner en marcha una serie de iniciativas las cuales han hecho posible que hoy d\u00eda podamos contar en nuestro pa\u00eds con una soluci\u00f3n de salud con la capacidad de responder...","protected":false},"author":1,"featured_media":0,"parent":0,"menu_order":11,"comment_status":"closed","ping_status":"closed","template":"","meta":{"footnotes":""},"_links":{"self":[{"href":"https:\/\/hgps.org.do\/en\/wp-json\/wp\/v2\/pages\/22809"}],"collection":[{"href":"https:\/\/hgps.org.do\/en\/wp-json\/wp\/v2\/pages"}],"about":[{"href":"https:\/\/hgps.org.do\/en\/wp-json\/wp\/v2\/types\/page"}],"author":[{"embeddable":true,"href":"https:\/\/hgps.org.do\/en\/wp-json\/wp\/v2\/users\/1"}],"replies":[{"embeddable":true,"href":"https:\/\/hgps.org.do\/en\/wp-json\/wp\/v2\/comments?post=22809"}],"version-history":[{"count":9,"href":"https:\/\/hgps.org.do\/en\/wp-json\/wp\/v2\/pages\/22809\/revisions"}],"predecessor-version":[{"id":28368,"href":"https:\/\/hgps.org.do\/en\/wp-json\/wp\/v2\/pages\/22809\/revisions\/28368"}],"wp:attachment":[{"href":"https:\/\/hgps.org.do\/en\/wp-json\/wp\/v2\/media?parent=22809"}],"curies":[{"name":"wp","href":"https:\/\/api.w.org\/{rel}","templated":true}]}}