{"id":22819,"date":"2018-05-01T21:19:35","date_gmt":"2018-05-01T21:19:35","guid":{"rendered":"https:\/\/portal-hgps.azurewebsites.net\/centros-especializados\/emergencia\/"},"modified":"2022-05-31T13:59:38","modified_gmt":"2022-05-31T13:59:38","slug":"emergencia","status":"publish","type":"page","link":"https:\/\/hgps.org.do\/en\/servicios-medicos\/emergencia\/","title":{"rendered":"Emergency"},"content":{"rendered":"<section class=\"l-section wpb_row height_medium titulo_depts with_img\"><div class=\"l-section-img\" style=\"background-image: url(https:\/\/hgps.org.do\/wp-content\/uploads\/2018\/09\/emergencia-bg-title.jpg);background-position: top left;background-repeat: no-repeat;\" data-img-width=\"1069\" data-img-height=\"304\"><\/div><div class=\"l-section-h i-cf\"><div class=\"g-cols vc_row type_default valign_top\"><div class=\"vc_col-sm-6 vc_hidden-sm vc_hidden-xs wpb_column vc_column_container\"><div class=\"vc_column-inner us_custom_5190e04d\"><div class=\"wpb_wrapper\"><\/div><\/div><\/div><div class=\"vc_col-sm-6 vc_hidden-sm vc_hidden-xs wpb_column vc_column_container\"><div class=\"vc_column-inner us_custom_3b90e57a\"><div class=\"wpb_wrapper\"><div class=\"wpb_text_column title_widget\" ><div class=\"wpb_wrapper\"><h3 style=\"color: #ffffff; font-weight: 100;\">Emergency assisted 24 hours a day and 7 days a week by Emergency Specialists which have a room with 30 beds (the largest in the country)<\/h3>\n<\/div><\/div><\/div><\/div><\/div><\/div><\/div><\/section><!-- Row Backgrounds --><section class=\"l-section wpb_row height_auto titulo_depts with_img\"><div class=\"l-section-img\" style=\"background-image: url(https:\/\/hgps.org.do\/wp-content\/uploads\/2018\/09\/emergencia-bg-title.jpg);background-position: top right;background-repeat: no-repeat;\" data-img-width=\"1069\" data-img-height=\"304\"><\/div><div class=\"l-section-h i-cf\"><div class=\"g-cols vc_row type_default valign_top\"><div class=\"vc_col-sm-6 vc_hidden-lg vc_hidden-md vc_hidden-xs wpb_column vc_column_container\"><div class=\"vc_column-inner us_custom_5190e04d\"><div class=\"wpb_wrapper\"><\/div><\/div><\/div><div class=\"vc_col-sm-6 vc_hidden-lg vc_hidden-md vc_hidden-xs wpb_column vc_column_container\"><div class=\"vc_column-inner us_custom_1c644d23\"><div class=\"wpb_wrapper\"><div class=\"wpb_text_column title_widget\" ><div class=\"wpb_wrapper\"><h3 style=\"color: #ffffff; font-weight: 100;\">Emergency assisted 24 hours a day and 7 days a week by Emergency Specialists which have a room with 30 beds (the largest in the country)<\/h3>\n<\/div><\/div><\/div><\/div><\/div><\/div><\/div><\/section><!-- Row Backgrounds --><section class=\"l-section wpb_row us_custom_7d5e32d4 height_auto width_full dept_img_section\"><div class=\"l-section-h i-cf\"><div class=\"g-cols vc_row type_default valign_top\"><div class=\"vc_col-sm-12 vc_hidden-lg vc_hidden-md vc_hidden-sm wpb_column vc_column_container\"><div class=\"vc_column-inner us_custom_5190e04d\"><div class=\"wpb_wrapper\"><div class=\"w-image us_custom_36724591 style_shadow-1 dept_mob_img align_none\"><div class=\"w-image-h\"><img loading=\"lazy\" decoding=\"async\" width=\"400\" height=\"168\" src=\"https:\/\/hgps.org.do\/wp-content\/uploads\/2018\/09\/emergencia-bg-mob.jpg\" class=\"attachment-full size-full\" alt=\"\" srcset=\"https:\/\/hgps.org.do\/wp-content\/uploads\/2018\/09\/emergencia-bg-mob.jpg 400w, https:\/\/hgps.org.do\/wp-content\/uploads\/2018\/09\/emergencia-bg-mob-300x126.jpg 300w\" sizes=\"(max-width: 400px) 100vw, 400px\" \/><\/div><\/div><\/div><\/div><\/div><\/div><\/div><\/section><!-- Row Backgrounds --><section class=\"l-section wpb_row height_auto width_full dept_desc\" id=\"tab_servicios\"><div class=\"l-section-h i-cf\"><div class=\"g-cols vc_row type_default valign_top\"><div class=\"vc_col-sm-12 vc_hidden-xs wpb_column vc_column_container\"><div class=\"vc_column-inner us_custom_eb1b9824\"><div class=\"wpb_wrapper\"><div class=\"g-cols wpb_row  type_default valign_top vc_inner\"><div class=\"vc_col-sm-9 wpb_column vc_column_container\"><div class=\"vc_column-inner us_custom_6f4bb857\"><div class=\"wpb_wrapper\"><div id=\"ultimate-heading-984669efb3d8bbd46\" class=\"uvc-heading ult-adjust-bottom-margin ultimate-heading-984669efb3d8bbd46 uvc-2582\" data-hspacer=\"line_only\"  data-halign=\"center\" style=\"text-align:center\"><div class=\"uvc-main-heading ult-responsive\"  data-ultimate-target='.uvc-heading.ultimate-heading-984669efb3d8bbd46 h2'  data-responsive-json-new='{\"font-size\":\"\",\"line-height\":\"\"}' ><h2 style=\"font-weight:normal;margin-bottom:10px;\">Emergency<\/h2><\/div><div class=\"uvc-heading-spacer line_only\" style=\"margin-bottom:20px;height:2px;\"><span class=\"uvc-headings-line\" style=\"border-style:solid;border-bottom-width:2px;border-color:#00abc6;width:300px;\"><\/span><\/div><\/div><div class=\"wpb_text_column\" ><div class=\"wpb_wrapper\"><p>The demand for care in the health sector is increasing and the Emergency does not escape this reality where 150-170 patients are cared for each day and last year we assisted more than 56,000 patients with an increasing rate of 3 to 5% annual. This raises the need to work on constant improvement of care processes, adequate classification of patients who visit us based on their presentation symptoms (Triage) and clinical decision making protocols.<\/p>\n<p>Our institution since 2003 had the vision of the need to have the necessary human resources to care for critically ill patients. I believe the residency of Emergency Medicine and Disasters has allowed in an evolving process to have at present an emergency assisted 24 hours a day and 7 days a week by Emergency Specialists which have a room with 30 beds (the largest in the country), specialists on duty in the hospital (surgeons, obstetricians, intensivists, etc.) that ensure adequate continuity in medical care; support personnel such as residents, nurses, transport assistants and everything necessary for laboratory studies and images.<\/p>\n<p>In addition, since 2015, after our remodeling, we have a pediatric emergency with independent waiting room that has 10 care posts and pediatric doctors trained 24\/7; and we are the only emergency in the Dominican Republic that has 2 isolation spaces with negative pressure for the reception of patients with infectious diseases.<\/p>\n<p>In an emergency that compromises the patient&#039;s life, at times where the time factor is fundamental, having emergency physicians trained in cardiopulmonary resuscitation, advanced airway management, placement of central lines, among other skills, can be the difference. This in a work environment with everything necessary to face complex health problems, makes the Emergency of the General Hospital of the Plaza de la Salud the best equipped in the country.<\/p>\n<\/div><\/div><\/div><\/div><\/div><\/div><\/div><\/div><\/div><\/div><\/div><\/section><section class=\"l-section wpb_row us_custom_4edece6e height_auto width_full dept_desc\"><div class=\"l-section-h i-cf\"><div class=\"g-cols vc_row type_default valign_top\"><div class=\"vc_col-sm-12 vc_hidden-lg vc_hidden-md vc_hidden-sm wpb_column vc_column_container\"><div class=\"vc_column-inner us_custom_6a15714b\"><div class=\"wpb_wrapper\"><div id=\"ultimate-heading-686569efb3d8bc1c9\" class=\"uvc-heading ult-adjust-bottom-margin ultimate-heading-686569efb3d8bc1c9 uvc-2413\" data-hspacer=\"line_only\"  data-halign=\"center\" style=\"text-align:center\"><div class=\"uvc-main-heading ult-responsive\"  data-ultimate-target='.uvc-heading.ultimate-heading-686569efb3d8bc1c9 h2'  data-responsive-json-new='{\"font-size\":\"\",\"line-height\":\"\"}' ><h2 style=\"font-weight:normal;margin-bottom:10px;\">Emergency<\/h2><\/div><div class=\"uvc-heading-spacer line_only\" style=\"margin-bottom:20px;height:2px;\"><span class=\"uvc-headings-line\" style=\"border-style:solid;border-bottom-width:2px;border-color:#00abc6;width:300px;\"><\/span><\/div><\/div><div class=\"wpb_text_column\" ><div class=\"wpb_wrapper\"><p>The demand for care in the health sector is increasing and the Emergency does not escape this reality where 150-170 patients are cared for each day and last year we assisted more than 56,000 patients with an increasing rate of 3 to 5% annual. This raises the need to work on constant improvement of care processes, adequate classification of patients who visit us based on their presentation symptoms (Triage) and clinical decision making protocols.<\/p>\n<p>Our institution since 2003 had the vision of the need to have the necessary human resources to care for critically ill patients. I believe the residency of Emergency Medicine and Disasters has allowed in an evolving process to have at present an emergency assisted 24 hours a day and 7 days a week by Emergency Specialists which have a room with 30 beds (the largest in the country), specialists on duty in the hospital (surgeons, obstetricians, intensivists, etc.) that ensure adequate continuity in medical care; support personnel such as residents, nurses, transport assistants and everything necessary for laboratory studies and images.<\/p>\n<p>In addition, since 2015, after our remodeling, we have a pediatric emergency with independent waiting room that has 10 care posts and pediatric doctors trained 24\/7; and we are the only emergency in the Dominican Republic that has 2 isolation spaces with negative pressure for the reception of patients with infectious diseases.<\/p>\n<p>In an emergency that compromises the patient&#039;s life, at times where the time factor is fundamental, having emergency physicians trained in cardiopulmonary resuscitation, advanced airway management, placement of central lines, among other skills, can be the difference. This in a work environment with everything necessary to face complex health problems, makes the Emergency of the General Hospital of the Plaza de la Salud the best equipped in the country.<\/p>\n<\/div><\/div><\/div><\/div><\/div><\/div><\/div><\/section>","protected":false},"excerpt":{"rendered":"Emergencia asistida 24 horas al d\u00eda y 7 d\u00edas a la semana por Especialistas en Emergencia los cuales cuentan con una sala de 30 camas (la m\u00e1s grande del pa\u00eds) Emergencia asistida 24 horas al d\u00eda y 7 d\u00edas a la semana por Especialistas en Emergencia los cuales cuentan con una sala de 30 camas...","protected":false},"author":1,"featured_media":0,"parent":22825,"menu_order":27,"comment_status":"closed","ping_status":"closed","template":"","meta":{"footnotes":""},"_links":{"self":[{"href":"https:\/\/hgps.org.do\/en\/wp-json\/wp\/v2\/pages\/22819"}],"collection":[{"href":"https:\/\/hgps.org.do\/en\/wp-json\/wp\/v2\/pages"}],"about":[{"href":"https:\/\/hgps.org.do\/en\/wp-json\/wp\/v2\/types\/page"}],"author":[{"embeddable":true,"href":"https:\/\/hgps.org.do\/en\/wp-json\/wp\/v2\/users\/1"}],"replies":[{"embeddable":true,"href":"https:\/\/hgps.org.do\/en\/wp-json\/wp\/v2\/comments?post=22819"}],"version-history":[{"count":9,"href":"https:\/\/hgps.org.do\/en\/wp-json\/wp\/v2\/pages\/22819\/revisions"}],"predecessor-version":[{"id":27522,"href":"https:\/\/hgps.org.do\/en\/wp-json\/wp\/v2\/pages\/22819\/revisions\/27522"}],"up":[{"embeddable":true,"href":"https:\/\/hgps.org.do\/en\/wp-json\/wp\/v2\/pages\/22825"}],"wp:attachment":[{"href":"https:\/\/hgps.org.do\/en\/wp-json\/wp\/v2\/media?parent=22819"}],"curies":[{"name":"wp","href":"https:\/\/api.w.org\/{rel}","templated":true}]}}