{"id":22821,"date":"2018-05-01T21:19:35","date_gmt":"2018-05-01T21:19:35","guid":{"rendered":"https:\/\/portal-hgps.azurewebsites.net\/centros-especializados\/bloque-quirurgico\/"},"modified":"2022-05-04T19:02:42","modified_gmt":"2022-05-04T19:02:42","slug":"bloque-quirurgico","status":"publish","type":"page","link":"https:\/\/hgps.org.do\/en\/servicios-medicos\/bloque-quirurgico\/","title":{"rendered":"Surgical Block"},"content":{"rendered":"<section class=\"l-section wpb_row height_auto titulo_depts with_img\"><div class=\"l-section-img\" style=\"background-image: url(https:\/\/hgps.org.do\/wp-content\/uploads\/2018\/09\/bloquequirurjico-bg-title.jpg);background-position: top left;background-repeat: no-repeat;\" data-img-width=\"1069\" data-img-height=\"304\"><\/div><div class=\"l-section-h i-cf\"><div class=\"g-cols vc_row type_default valign_top\"><div class=\"vc_col-sm-6 vc_hidden-sm vc_hidden-xs wpb_column vc_column_container\"><div class=\"vc_column-inner us_custom_5190e04d\"><div class=\"wpb_wrapper\"><\/div><\/div><\/div><div class=\"vc_col-sm-6 vc_hidden-sm vc_hidden-xs wpb_column vc_column_container\"><div class=\"vc_column-inner us_custom_3b90e57a\"><div class=\"wpb_wrapper\"><div class=\"wpb_text_column title_widget\" ><div class=\"wpb_wrapper\"><h3 style=\"color: #ffffff; font-weight: 100;\">The surgical block of the HGPS has several operating theaters, equipped with the latest technology and designed to ensure maximum patient safety.<\/h3>\n<\/div><\/div><\/div><\/div><\/div><\/div><\/div><\/section><!-- Row Backgrounds --><section class=\"l-section wpb_row height_auto titulo_depts with_img\"><div class=\"l-section-img\" style=\"background-image: url(https:\/\/hgps.org.do\/wp-content\/uploads\/2018\/09\/bloquequirurjico-bg-title.jpg);background-position: top right;background-repeat: no-repeat;\" data-img-width=\"1069\" data-img-height=\"304\"><\/div><div class=\"l-section-h i-cf\"><div class=\"g-cols vc_row type_default valign_top\"><div class=\"vc_col-sm-6 vc_hidden-lg vc_hidden-md vc_hidden-xs wpb_column vc_column_container\"><div class=\"vc_column-inner us_custom_5190e04d\"><div class=\"wpb_wrapper\"><\/div><\/div><\/div><div class=\"vc_col-sm-6 vc_hidden-lg vc_hidden-md vc_hidden-xs wpb_column vc_column_container\"><div class=\"vc_column-inner us_custom_1c644d23\"><div class=\"wpb_wrapper\"><div class=\"wpb_text_column title_widget\" ><div class=\"wpb_wrapper\"><h4 style=\"color: #ffffff; font-weight: 100;\">The surgical block of the HGPS has several operating theaters, equipped with the latest technology and designed to ensure maximum patient safety.<\/h4>\n<\/div><\/div><\/div><\/div><\/div><\/div><\/div><\/section><!-- Row Backgrounds --><section class=\"l-section wpb_row us_custom_7d5e32d4 height_auto width_full dept_img_section\"><div class=\"l-section-h i-cf\"><div class=\"g-cols vc_row type_default valign_top\"><div class=\"vc_col-sm-12 vc_hidden-lg vc_hidden-md vc_hidden-sm wpb_column vc_column_container\"><div class=\"vc_column-inner us_custom_5190e04d\"><div class=\"wpb_wrapper\"><div class=\"w-image us_custom_36724591 style_shadow-1 dept_mob_img align_none\"><div class=\"w-image-h\"><img loading=\"lazy\" decoding=\"async\" width=\"400\" height=\"168\" src=\"https:\/\/hgps.org.do\/wp-content\/uploads\/2018\/09\/bloquequirurjico-bg-mob.jpg\" class=\"attachment-full size-full\" alt=\"\" srcset=\"https:\/\/hgps.org.do\/wp-content\/uploads\/2018\/09\/bloquequirurjico-bg-mob.jpg 400w, https:\/\/hgps.org.do\/wp-content\/uploads\/2018\/09\/bloquequirurjico-bg-mob-300x126.jpg 300w\" sizes=\"(max-width: 400px) 100vw, 400px\" \/><\/div><\/div><\/div><\/div><\/div><\/div><\/div><\/section><!-- Row Backgrounds --><section class=\"l-section wpb_row height_auto width_full dept_desc\" id=\"tab_servicios\"><div class=\"l-section-h i-cf\"><div class=\"g-cols vc_row type_default valign_top\"><div class=\"vc_col-sm-12 vc_hidden-xs wpb_column vc_column_container\"><div class=\"vc_column-inner us_custom_eb1b9824\"><div class=\"wpb_wrapper\"><div class=\"g-cols wpb_row  type_default valign_top vc_inner\"><div class=\"vc_col-sm-12 wpb_column vc_column_container\"><div class=\"vc_column-inner us_custom_6f4bb857\"><div class=\"wpb_wrapper\"><div id=\"ultimate-heading-950369e7ea43d1194\" class=\"uvc-heading ult-adjust-bottom-margin ultimate-heading-950369e7ea43d1194 uvc-2498\" data-hspacer=\"line_only\"  data-halign=\"center\" style=\"text-align:center\"><div class=\"uvc-main-heading ult-responsive\"  data-ultimate-target='.uvc-heading.ultimate-heading-950369e7ea43d1194 h2'  data-responsive-json-new='{\"font-size\":\"\",\"line-height\":\"\"}' ><h2 style=\"font-weight:normal;margin-bottom:10px;\">Surgical Block<\/h2><\/div><div class=\"uvc-heading-spacer line_only\" style=\"margin-bottom:20px;height:2px;\"><span class=\"uvc-headings-line\" style=\"border-style:solid;border-bottom-width:2px;border-color:#00abc6;width:300px;\"><\/span><\/div><\/div><div class=\"wpb_text_column\" ><div class=\"wpb_wrapper\"><p>According to the new times our surgical team has been strengthened based on three pillars that are: Medicine based on evidence, good practices and competence of our surgeons. This has managed to sectorize the surgical specialties in their areas of expertise in order to ensure an optimal and safe service.<\/p>\n<p>We have a comprehensive and innovative service from our Management Manager Surgical Management which encompasses all the services we offer in the surgical block it starts from when the patient is identified as surgical, our door 23 second floor edf. 1, it manages all the documents required to start its pre-surgical evaluation process, this allows it to shorten the evaluation process in the HGPS and the authorizations by the insurers.<\/p>\n<p>Surgical services offered derive from the Management Manager of Surgical Management and Central Sterilization, which consists of seven (7) managements are:<\/p>\n<\/div><\/div><div class=\"w-tabs layout_ver navpos_left navwidth_auto title_atleft style_trendy switch_click icon_chevron iconpos_right title_atleft\"><div class=\"w-tabs-list items_8\" style=\"text-transform:uppercase;\"><div class=\"w-tabs-list-h\"><a class=\"w-tabs-item active\" aria-controls=\"content-1537780484744-ad16e2da-e3d1\" href=\"javascript:void(0);\"><span class=\"w-tabs-item-title\">General Surgery<\/span><\/a><a class=\"w-tabs-item\" aria-controls=\"content-1537780484789-c90dc3da-0208\" href=\"javascript:void(0);\"><span class=\"w-tabs-item-title\">Cardiovascular and Thoracic<\/span><\/a><a class=\"w-tabs-item\" aria-controls=\"content-1537780672685-0ad1bff1-5ea4\" href=\"javascript:void(0);\"><span class=\"w-tabs-item-title\">Urology<\/span><\/a><a class=\"w-tabs-item\" aria-controls=\"content-1537780706269-9a3a97fc-ee08\" href=\"javascript:void(0);\"><span class=\"w-tabs-item-title\">Ophthalmology<\/span><\/a><a class=\"w-tabs-item\" aria-controls=\"content-1537780728501-1cd6930d-3c23\" href=\"javascript:void(0);\"><span class=\"w-tabs-item-title\">Neurosurgery<\/span><\/a><a class=\"w-tabs-item\" aria-controls=\"content-1537780747526-ea4a9994-ba77\" href=\"javascript:void(0);\"><span class=\"w-tabs-item-title\">Orthopedics and Traumatology<\/span><\/a><a class=\"w-tabs-item\" aria-controls=\"content-1537780804885-ddbeaae6-4be7\" href=\"javascript:void(0);\"><span class=\"w-tabs-item-title\">Hand surgery<\/span><\/a><a class=\"w-tabs-item\" aria-controls=\"content-1537780827464-14b86e98-9cec\" href=\"javascript:void(0);\"><span class=\"w-tabs-item-title\">Dentistry and maxillofacial<\/span><\/a><\/div><\/div><div class=\"w-tabs-sections\"><div class=\"w-tabs-sections-h\"><div class=\"w-tabs-section active\" id=\"1537780484744-ad16e2da-e3d1\"><button class=\"w-tabs-section-header active\" aria-controls=\"content-1537780484744-ad16e2da-e3d1\"><div class=\"w-tabs-section-header-h\"><div class=\"w-tabs-section-title\">General Surgery<\/div><div class=\"w-tabs-section-control\"><\/div><\/div><\/button><div class=\"w-tabs-section-content\" id=\"content-1537780484744-ad16e2da-e3d1\" aria-expanded=\"true\"><div class=\"w-tabs-section-content-h i-cf\"><div class=\"wpb_text_column us_custom_36724591\" ><div class=\"wpb_wrapper\"><p><strong>Hepato - Bilium - Splene - Pancreatic<\/strong>: Pathologies related to the liver (liver tumors, metastases, etc.), biliary tract and gallbladder (cholangiocarcinoma, gallstones, choledochal cysts), hypersplenism, splenic lymphomas, pancreatic tumors.<\/p>\n<p><strong>Coloproctology<\/strong>: Pathologies of colon, rectum and anus (hemorrhoids, fissures, anorectal malformations).<\/p>\n<p><strong>Otorhinology<\/strong>: Tonsillectomies, adenoids, tympanoplasties, upper airway tumors.<\/p>\n<p><strong>Oncologic surgery<\/strong>: General and specialized in Breast Pathologies, Head and neck pathologies: Thyroid, parathyroid, laryngeal tumors, etc.<\/p>\n<p><strong>Pathologies of Surface Tissues<\/strong>: Hernias, incisional hernias, tumors, infectious pathologies.<\/p>\n<p><strong>Gastrointestinal tract pathology<\/strong>: Esophagus, stomach and duodenum (Malformations, obstructions, appendicitis, etc.)<\/p>\n<p><strong>Pediatric surgery<\/strong>: hernias, congenital malformations, digestive tract, circumcision, others.<\/p>\n<p><strong>Bariatric<\/strong>: Surgical treatment of obesity.<\/p>\n<p><strong>Transplant Unit<\/strong>: who currently performs liver, kidney and corneas.<br \/>\nReconstructive surgery: Complex limb trauma with vascular compromise, reimplantation of limbs, repair of neurovascular injuries with microsurgery.<\/p>\n<\/div><\/div><\/div><\/div><\/div><div class=\"w-tabs-section\" id=\"1537780484789-c90dc3da-0208\"><button class=\"w-tabs-section-header\" aria-controls=\"content-1537780484789-c90dc3da-0208\"><div class=\"w-tabs-section-header-h\"><div class=\"w-tabs-section-title\">Cardiovascular and Thoracic<\/div><div class=\"w-tabs-section-control\"><\/div><\/div><\/button><div class=\"w-tabs-section-content\" id=\"content-1537780484789-c90dc3da-0208\" aria-expanded=\"false\"><div class=\"w-tabs-section-content-h i-cf\"><div class=\"wpb_text_column\" ><div class=\"wpb_wrapper\"><p>Cardiac, aortocoronary, valvular pathologies, etc.<\/p>\n<p>Thoracic surgery (lung cancer, spontaneous pneumothorax, etc.)<\/p>\n<p>Vascular peripheral: safenectomy, ligatures, etc.<\/p>\n<h3><\/h3>\n<\/div><\/div><\/div><\/div><\/div><div class=\"w-tabs-section\" id=\"1537780672685-0ad1bff1-5ea4\"><button class=\"w-tabs-section-header\" aria-controls=\"content-1537780672685-0ad1bff1-5ea4\"><div class=\"w-tabs-section-header-h\"><div class=\"w-tabs-section-title\">Urology<\/div><div class=\"w-tabs-section-control\"><\/div><\/div><\/button><div class=\"w-tabs-section-content\" id=\"content-1537780672685-0ad1bff1-5ea4\" aria-expanded=\"false\"><div class=\"w-tabs-section-content-h i-cf\"><div class=\"wpb_text_column\" ><div class=\"wpb_wrapper\"><p><strong>Andrology<\/strong>: Erectile dysfunction, male infertility, penile prosthesis.<\/p>\n<p><strong>Functional urology<\/strong>: urinary incontinence, urodynamics, pelvic floor repair, among others.<\/p>\n<p><strong>Nephrolithiasis<\/strong>: percutaneous, endoscopic lithotripsy and laser.<\/p>\n<p><strong>Reconstructive urology<\/strong>: prostate hyperplasia due to vaporization and green laser, malformations of the urinary genital tract, phimosis, nephrectomy, urethral stricture, etc.<\/p>\n<p><strong>Oncology<\/strong>: kidney tumor, prostate, bladder and ureter.<\/p>\n<p><strong>Pediatric Urology<\/strong>: congenital malformations, phimosis, circumcision.<\/p>\n<h3><\/h3>\n<\/div><\/div><\/div><\/div><\/div><div class=\"w-tabs-section\" id=\"1537780706269-9a3a97fc-ee08\"><button class=\"w-tabs-section-header\" aria-controls=\"content-1537780706269-9a3a97fc-ee08\"><div class=\"w-tabs-section-header-h\"><div class=\"w-tabs-section-title\">Ophthalmology<\/div><div class=\"w-tabs-section-control\"><\/div><\/div><\/button><div class=\"w-tabs-section-content\" id=\"content-1537780706269-9a3a97fc-ee08\" aria-expanded=\"false\"><div class=\"w-tabs-section-content-h i-cf\"><div class=\"wpb_text_column\" ><div class=\"wpb_wrapper\"><p>All ophthalmological pathologies, anterior segment, retina, cataract surgeries, refractive, neurophthalmology, etc.<\/p>\n<\/div><\/div><\/div><\/div><\/div><div class=\"w-tabs-section\" id=\"1537780728501-1cd6930d-3c23\"><button class=\"w-tabs-section-header\" aria-controls=\"content-1537780728501-1cd6930d-3c23\"><div class=\"w-tabs-section-header-h\"><div class=\"w-tabs-section-title\">Neurosurgery<\/div><div class=\"w-tabs-section-control\"><\/div><\/div><\/button><div class=\"w-tabs-section-content\" id=\"content-1537780728501-1cd6930d-3c23\" aria-expanded=\"false\"><div class=\"w-tabs-section-content-h i-cf\"><div class=\"wpb_text_column\" ><div class=\"wpb_wrapper\"><p>Neurotrauma, pituitary tumors by minimally invasive surgery, surgery for the management of involuntary movements, stereotactic surgery, spinal cord, craniotomy, valve placement, among others.<\/p>\n<\/div><\/div><\/div><\/div><\/div><div class=\"w-tabs-section\" id=\"1537780747526-ea4a9994-ba77\"><button class=\"w-tabs-section-header\" aria-controls=\"content-1537780747526-ea4a9994-ba77\"><div class=\"w-tabs-section-header-h\"><div class=\"w-tabs-section-title\">Orthopedics and Traumatology<\/div><div class=\"w-tabs-section-control\"><\/div><\/div><\/button><div class=\"w-tabs-section-content\" id=\"content-1537780747526-ea4a9994-ba77\" aria-expanded=\"false\"><div class=\"w-tabs-section-content-h i-cf\"><div class=\"wpb_text_column\" ><div class=\"wpb_wrapper\"><p><strong>General Orthopedics<\/strong>: Knee arthroplasty, hip, spine surgery<br \/>\nSports medicine: arthroscopy, tendon repair of joints, (shoulder, elbow, knee, etc.).<\/p>\n<p><strong>General Pediatric Orthopedics<\/strong>: fractures, corrections.<\/p>\n<h3><\/h3>\n<\/div><\/div><\/div><\/div><\/div><div class=\"w-tabs-section\" id=\"1537780804885-ddbeaae6-4be7\"><button class=\"w-tabs-section-header\" aria-controls=\"content-1537780804885-ddbeaae6-4be7\"><div class=\"w-tabs-section-header-h\"><div class=\"w-tabs-section-title\">Hand surgery<\/div><div class=\"w-tabs-section-control\"><\/div><\/div><\/button><div class=\"w-tabs-section-content\" id=\"content-1537780804885-ddbeaae6-4be7\" aria-expanded=\"false\"><div class=\"w-tabs-section-content-h i-cf\"><div class=\"wpb_text_column\" ><div class=\"wpb_wrapper\"><p><strong>Oncology orthopedics<\/strong>: bone tumors, bone biopsy etc.<\/p>\n<\/div><\/div><\/div><\/div><\/div><div class=\"w-tabs-section\" id=\"1537780827464-14b86e98-9cec\"><button class=\"w-tabs-section-header\" aria-controls=\"content-1537780827464-14b86e98-9cec\"><div class=\"w-tabs-section-header-h\"><div class=\"w-tabs-section-title\">Dentistry and maxillofacial<\/div><div class=\"w-tabs-section-control\"><\/div><\/div><\/button><div class=\"w-tabs-section-content\" id=\"content-1537780827464-14b86e98-9cec\" aria-expanded=\"false\"><div class=\"w-tabs-section-content-h i-cf\"><div class=\"wpb_text_column\" ><div class=\"wpb_wrapper\"><p>Orthodontics, implants, craniofacial traumas with instability and compromise of the airways, frenectomy, third molar extraction.<\/p>\n<\/div><\/div><\/div><\/div><\/div><\/div><\/div><\/div><\/div><\/div><\/div><\/div><\/div><\/div><\/div><\/div><\/div><\/section><section class=\"l-section wpb_row us_custom_4edece6e height_auto width_full dept_desc\"><div class=\"l-section-h i-cf\"><div class=\"g-cols vc_row type_default valign_top\"><div class=\"vc_col-sm-12 vc_hidden-lg vc_hidden-md vc_hidden-sm wpb_column vc_column_container\"><div class=\"vc_column-inner us_custom_9e96d0eb\"><div class=\"wpb_wrapper\"><div class=\"g-cols wpb_row  us_custom_4edece6e type_default valign_top vc_inner\"><div class=\"vc_col-sm-12 wpb_column vc_column_container has-fill\"><div class=\"vc_column-inner us_custom_87b89bd3\"><div class=\"wpb_wrapper\"><div id=\"ultimate-heading-518369e7ea43d7dd2\" class=\"uvc-heading ult-adjust-bottom-margin ultimate-heading-518369e7ea43d7dd2 uvc-8772\" data-hspacer=\"line_only\"  data-halign=\"center\" style=\"text-align:center\"><div class=\"uvc-main-heading ult-responsive\"  data-ultimate-target='.uvc-heading.ultimate-heading-518369e7ea43d7dd2 h2'  data-responsive-json-new='{\"font-size\":\"\",\"line-height\":\"\"}' ><h2 style=\"font-weight:normal;margin-bottom:10px;\">Surgical Block<\/h2><\/div><div class=\"uvc-heading-spacer line_only\" style=\"margin-bottom:20px;height:2px;\"><span class=\"uvc-headings-line\" style=\"border-style:solid;border-bottom-width:2px;border-color:#00abc6;width:300px;\"><\/span><\/div><\/div><div class=\"wpb_text_column us_custom_e038e7e6\" ><div class=\"wpb_wrapper\"><p>According to the new times our surgical team has been strengthened based on three pillars that are: Medicine based on evidence, good practices and competence of our surgeons. This has managed to sectorize the surgical specialties in their areas of expertise in order to ensure an optimal and safe service.<\/p>\n<p>We have a comprehensive and innovative service from our Management Manager Surgical Management which encompasses all the services we offer in the surgical block it starts from when the patient is identified as surgical, our door 23 second floor edf. 1, it manages all the documents required to start its pre-surgical evaluation process, this allows it to shorten the evaluation process in the HGPS and the authorizations by the insurers.<br \/>\nSurgical services offered derive from the Management Manager of Surgical Management and Central Sterilization, which consists of seven (7) managements are:<\/p>\n<h3>General Surgery<\/h3>\n<p><strong>Hepato - Bilium - Splene - Pancreatic<\/strong>: Pathologies related to the liver (liver tumors, metastases, etc.), biliary tract and gallbladder (cholangiocarcinoma, gallstones, choledochal cysts), hypersplenism, splenic lymphomas, pancreatic tumors.<\/p>\n<p><strong>Coloproctology<\/strong>: Pathologies of colon, rectum and anus (hemorrhoids, fissures, anorectal malformations).<\/p>\n<p><strong>Otorhinology<\/strong>: Tonsillectomies, adenoids, tympanoplasties, upper airway tumors.<\/p>\n<p><strong>Oncologic surgery<\/strong>: General and specialized in Breast Pathologies, Head and neck pathologies: Thyroid, parathyroid, laryngeal tumors, etc.<\/p>\n<p><strong>Pathologies of Surface Tissues<\/strong>: Hernias, incisional hernias, tumors, infectious pathologies.<\/p>\n<p><strong>Gastrointestinal tract pathology<\/strong>: Esophagus, stomach and duodenum (Malformations, obstructions, appendicitis, etc.)<\/p>\n<p><strong>Pediatric surgery<\/strong>: hernias, congenital malformations, digestive tract, circumcision, others.<\/p>\n<p><strong>Bariatric<\/strong>: Surgical treatment of obesity.<\/p>\n<p><strong>Transplant Unit<\/strong>: who currently performs liver, kidney and corneas.<br \/>\nReconstructive surgery: Complex limb trauma with vascular compromise, reimplantation of limbs, repair of neurovascular injuries with microsurgery.<\/p>\n<h3>Cardiovascular and Thoracic:<\/h3>\n<p>Cardiac, aortocoronary, valvular pathologies, etc.<\/p>\n<p>Thoracic surgery (lung cancer, spontaneous pneumothorax, etc.)<\/p>\n<p>Vascular peripheral: safenectomy, ligatures, etc.<\/p>\n<h3>Urology:<\/h3>\n<p><strong>Andrology<\/strong>: Erectile dysfunction, male infertility, penile prosthesis.<\/p>\n<p><strong>Functional urology<\/strong>: urinary incontinence, urodynamics, pelvic floor repair, among others.<\/p>\n<p><strong>Nephrolithiasis<\/strong>: percutaneous, endoscopic lithotripsy and laser.<\/p>\n<p><strong>Reconstructive urology<\/strong>: prostate hyperplasia due to vaporization and green laser, malformations of the urinary genital tract, phimosis, nephrectomy, urethral stricture, etc.<\/p>\n<p><strong>Oncology<\/strong>: kidney tumor, prostate, bladder and ureter.<\/p>\n<p><strong>Pediatric Urology<\/strong>: congenital malformations, phimosis, circumcision.<\/p>\n<h3>Ophthalmology:<\/h3>\n<p>All ophthalmological pathologies, anterior segment, retina, cataract surgeries, refractive, neurophthalmology, etc.<\/p>\n<h3>Neurosurgery:<\/h3>\n<p>Neurotrauma, pituitary tumors by minimally invasive surgery, surgery for the management of involuntary movements, stereotactic surgery, spinal cord, craniotomy, valve placement, among others.<\/p>\n<h3>Orthopedics and Traumatology:<\/h3>\n<p><strong>General Orthopedics<\/strong>: Knee arthroplasty, hip, spine surgery<br \/>\nSports medicine: arthroscopy, tendon repair of joints, (shoulder, elbow, knee, etc.).<\/p>\n<p><strong>General Pediatric Orthopedics<\/strong>: fractures, corrections.<\/p>\n<h3>Hand surgery<\/h3>\n<p><strong>Oncology orthopedics<\/strong>: bone tumors, bone biopsy etc.<\/p>\n<h3>Dentistry and maxillofacial:<\/h3>\n<p>Orthodontics, implants, craniofacial traumas with instability and compromise of the airways, frenectomy, third molar extraction.<\/p>\n<\/div><\/div><\/div><\/div><\/div><\/div><\/div><\/div><\/div><\/div><\/div><\/section>","protected":false},"excerpt":{"rendered":"El bloque quir\u00fargico del HGPS cuenta con varios quir\u00f3fanos, equipados con tecnolog\u00eda de \u00faltima generaci\u00f3n y dise\u00f1ados para garantizar la m\u00e1xima seguridad del paciente. El bloque quir\u00fargico del HGPS cuenta con varios quir\u00f3fanos, equipados con tecnolog\u00eda de \u00faltima generaci\u00f3n y dise\u00f1ados para garantizar la m\u00e1xima seguridad del paciente. Bloque Quir\u00fargicoDe acuerdo a los nuevos tiempos...","protected":false},"author":218,"featured_media":0,"parent":22825,"menu_order":29,"comment_status":"closed","ping_status":"closed","template":"","meta":{"footnotes":""},"_links":{"self":[{"href":"https:\/\/hgps.org.do\/en\/wp-json\/wp\/v2\/pages\/22821"}],"collection":[{"href":"https:\/\/hgps.org.do\/en\/wp-json\/wp\/v2\/pages"}],"about":[{"href":"https:\/\/hgps.org.do\/en\/wp-json\/wp\/v2\/types\/page"}],"author":[{"embeddable":true,"href":"https:\/\/hgps.org.do\/en\/wp-json\/wp\/v2\/users\/218"}],"replies":[{"embeddable":true,"href":"https:\/\/hgps.org.do\/en\/wp-json\/wp\/v2\/comments?post=22821"}],"version-history":[{"count":38,"href":"https:\/\/hgps.org.do\/en\/wp-json\/wp\/v2\/pages\/22821\/revisions"}],"predecessor-version":[{"id":27382,"href":"https:\/\/hgps.org.do\/en\/wp-json\/wp\/v2\/pages\/22821\/revisions\/27382"}],"up":[{"embeddable":true,"href":"https:\/\/hgps.org.do\/en\/wp-json\/wp\/v2\/pages\/22825"}],"wp:attachment":[{"href":"https:\/\/hgps.org.do\/en\/wp-json\/wp\/v2\/media?parent=22821"}],"curies":[{"name":"wp","href":"https:\/\/api.w.org\/{rel}","templated":true}]}}