{"id":22826,"date":"2018-05-01T21:19:35","date_gmt":"2018-05-01T21:19:35","guid":{"rendered":"https:\/\/portal-hgps.azurewebsites.net\/servicios-medicos\/anatomia-patologica\/"},"modified":"2022-05-31T13:53:07","modified_gmt":"2022-05-31T13:53:07","slug":"anatomia-patologica","status":"publish","type":"page","link":"https:\/\/hgps.org.do\/en\/servicios-medicos\/anatomia-patologica\/","title":{"rendered":"Pathological anatomy"},"content":{"rendered":"<section class=\"l-section wpb_row us_custom_9b36ddac height_medium\"><div class=\"l-section-h i-cf\"><div class=\"g-cols vc_row type_default valign_top\"><div class=\"vc_col-sm-8 wpb_column vc_column_container\"><div class=\"vc_column-inner\"><div class=\"wpb_wrapper\"><div id=\"ultimate-heading-852169e7b2a27edaf\" class=\"uvc-heading ult-adjust-bottom-margin ultimate-heading-852169e7b2a27edaf uvc-9309\" data-hspacer=\"line_only\"  data-halign=\"center\" style=\"text-align:center\"><div class=\"uvc-main-heading ult-responsive\"  data-ultimate-target='.uvc-heading.ultimate-heading-852169e7b2a27edaf h2'  data-responsive-json-new='{\"font-size\":\"\",\"line-height\":\"\"}' ><h2 style=\"font-weight:normal;margin-bottom:10px;\">Pathological anatomy<\/h2><\/div><div class=\"uvc-heading-spacer line_only\" style=\"margin-bottom:20px;height:2px;\"><span class=\"uvc-headings-line\" style=\"border-style:solid;border-bottom-width:2px;border-color:#00abc6;width:300px;\"><\/span><\/div><\/div><div class=\"wpb_text_column us_custom_e038e7e6\" ><div class=\"wpb_wrapper\"><p>El Departamento de Anatom\u00eda patol\u00f3gica es el responsable del estudio de las muestras corporales, alteraciones fisiopatol\u00f3gicas y bases morfol\u00f3gicas de la enfermedad, su causa, desarrollo y consecuencias a nivel org\u00e1nico, tisular, celular y molecular, con el fin de proporcionar un diagn\u00f3stico correcto.<\/p>\n<p>El papel principal de nuestro departamento es clasificar las neoplasias en benignas, pre malignas y malignas, as\u00ed como la sub-clasificaci\u00f3n de las neoplasias malignas; estudiando, mediante la utilizaci\u00f3n del microscopio \u00f3ptico, las neoplasias, con el fin de definir la histogenesis de dicha enfermedad y as\u00ed proporcionar un correcto diagnostico que permita un adecuado manejo terap\u00e9utico.<\/p>\n<p>Contamos con un equipo de pat\u00f3logos altamente calificados y especializados en patolog\u00eda oncol\u00f3gica, dermatopatolog\u00eda, endocrinolog\u00eda, neuropatolog\u00eda, gastropatolog\u00eda, urolog\u00eda, ginecolog\u00eda, nefrolog\u00eda, patolog\u00eda linfoide, neumolog\u00eda y cirug\u00eda general; utilizamos los m\u00e1s actualizados Sistemas de estadificaci\u00f3n del c\u00e1ncer y los protocolos de la subclasificaciones del c\u00e1ncer emitidos por el American Joint Committee on C\u00e1ncer (AJCC).<\/p>\n<p>Adem\u00e1s, contamos con m\u00e9dicos citologos especializados en citolog\u00eda cervicovaginal (Papanicolaou y citolog\u00eda liquida) quienes proporcionan resultados fiables que contribuyen a la detecci\u00f3n temprana y a la prevenci\u00f3n del c\u00e1ncer cervico-uterino.<\/p>\n<p>Disponemos de acuerdos con centros internacionales especializados en diagnostico anatomo-patologicos como es el (<em><strong>MP<\/strong><\/em>\u00a0Pathology Laboratory ubicado en NJ 07960, Estados Unidos)\u00a0 quienes nos ofrecen todas las herramientas necesarias de biomarcadores tumolares (inmunohistoquimica) para la confirmaci\u00f3n y diferenciaci\u00f3n de la mayor\u00eda de las lesiones malignas as\u00ed como factores pron\u00f3sticos; tambi\u00e9n nos proporcionan estudios moleculares como la detecci\u00f3n del Kras, PDL1 y estudios moleculares en lesiones malignas.<\/p>\n<p>Servicios:<\/p>\n<p><strong>Pathology <\/strong><\/p>\n<ul>\n<li>Patolog\u00eda quir\u00fargica<\/li>\n<li>Patolog\u00eda oncol\u00f3gica<\/li>\n<li>Dermatopatolog\u00eda<\/li>\n<li>Neuropatolog\u00eda<\/li>\n<li>Gastropatologia<\/li>\n<li>Biopsias intra-operatorias por congelaci\u00f3n<\/li>\n<li>Revisi\u00f3n diagnostica de casos externos<\/li>\n<li>Inmunohistoquimica<\/li>\n<li>Biolog\u00eda molecular<\/li>\n<\/ul>\n<p><strong>Citolog\u00eda<\/strong><\/p>\n<ul>\n<li>Citolog\u00eda cervicovaginal convencional ((Papanicolaou)<\/li>\n<li>Citolog\u00eda de Punciones con aguja fina (PAAF).<\/li>\n<li>Citolog\u00eda de fluidos corporales.<\/li>\n<\/ul>\n<p>&nbsp;<\/p>\n<p><strong>Horarios de servicios:<\/strong><\/p>\n<p>lunes a viernes 07:00 a. m. a 06:00 p. m. y s\u00e1bados de 08:00 a. m. a 12:00 p. m.<\/p>\n<p><strong>Phones:<\/strong><\/p>\n<p>809-565-7477 ext.: 1123\/1138<\/p>\n<\/div><\/div><\/div><\/div><\/div><div class=\"vc_col-sm-4 wpb_column vc_column_container\"><div class=\"vc_column-inner us_custom_c3c31ab9\"><div class=\"wpb_wrapper\"><div class=\"uavc-list-icon uavc-list-icon-wrapper ult-adjust-bottom-margin\"><ul class=\"uavc-list\"><li><div class=\"uavc-list-content\" id=\"list-icon-wrap-7826\">\n<div class=\"uavc-list-icon\" data-animation=\"\" data-animation-delay=\"03\" style=\"margin-right:10px;\"><div class=\"ult-just-icon-wrapper\"><div class=\"align-icon\" style=\"text-align:center;\">\n<div class=\"aio-icon none\"  style=\"font-size:22px;display:inline-block;\">\n\t<i class=\"Defaults-calendar\"><\/i>\n<\/div><\/div><\/div>\n<\/div><span  data-ultimate-target='#list-icon-wrap-7826 .uavc-list-desc'  data-responsive-json-new='{\"font-size\":\"\",\"line-height\":\"\"}'  class=\"uavc-list-desc ult-responsive\" style=\"\">\n<h4 style=\"padding-bottom: 0; margin-bottom: 0; font-size: 20px;\">For Appointments<\/h4>\n<p><span style=\"font-size: 14px; line-height: 18px;\">Call to <a style=\"color: #30414f; text-decoration: underline;\" href=\"tel:809-565-7477\">809-565-7477<\/a><br \/>\nFill the <a style=\"color: #30414f; text-decoration: underline;\" href=\"https:\/\/hgps.org.do\/en\/citas\/\">Online Form<\/a><br \/>\nor Write to us <a style=\"color: #30414f; text-decoration: underline;\" href=\"#\">Live Chat<\/a><\/span><\/span><\/div><\/li><\/ul><\/div><h4 style=\"font-size: 20px;color: #00acc9;text-align: center;font-family:Titillium Web;font-weight:600;font-style:normal\" class=\"vc_custom_heading us_custom_7c7abea5\" >Related Posts<\/h4><div class=\"w-grid type_grid layout_25768 overflow_hidden\" id=\"us_grid_1\" data-grid-filter=\"true\"><style id=\"us_grid_1_css\">#us_grid_1 .w-grid-item:not(:last-child){margin-bottom:1.5rem}#us_grid_1 .g-loadmore{margin-top:1.5rem}<\/style><style>.layout_25768 .w-grid-item-h{background:#ffffff}.layout_25768 .usg_post_image_1{margin-bottom:0!important;padding-bottom:0!important}.layout_25768 .usg_post_title_1{font-family:'Titillium Web', sans-serif!important;font-size:1.1rem!important;line-height:1.2em!important;padding:0!important;margin:10px 0 0 0!important}.layout_25768 .usg_hwrapper_2{color:#00bcd4!important}.layout_25768 .usg_post_date_1{font-size:0.8rem!important}.layout_25768 .usg_vwrapper_1{padding:0!important}.layout_25768 .usg_post_taxonomy_2{font-size:0.8rem!important}<\/style><div class=\"w-grid-list\" ><\/div><div class=\"w-grid-preloader\"><div class=\"g-preloader type_1\">\r\n\t<div><\/div>\r\n<\/div>\r\n<\/div>\t<div class=\"w-grid-json hidden\" onclick='return {&quot;action&quot;:&quot;us_ajax_grid&quot;,&quot;ajax_url&quot;:&quot;https:\\\/\\\/hgps.org.do\\\/wp-admin\\\/admin-ajax.php&quot;,&quot;infinite_scroll&quot;:0,&quot;max_num_pages&quot;:0,&quot;pagination&quot;:&quot;none&quot;,&quot;permalink_url&quot;:&quot;https:\\\/\\\/hgps.org.do\\\/en\\\/wp-json\\\/wp\\\/v2\\\/pages\\\/22826&quot;,&quot;template_vars&quot;:{&quot;columns&quot;:&quot;1&quot;,&quot;exclude_items&quot;:&quot;none&quot;,&quot;img_size&quot;:&quot;medium&quot;,&quot;ignore_items_size&quot;:false,&quot;items_layout&quot;:&quot;25768&quot;,&quot;items_offset&quot;:&quot;1&quot;,&quot;overriding_link&quot;:&quot;none&quot;,&quot;post_id&quot;:22826,&quot;query_args&quot;:{&quot;post_type&quot;:[&quot;post&quot;],&quot;tax_query&quot;:[{&quot;taxonomy&quot;:&quot;post_tag&quot;,&quot;field&quot;:&quot;slug&quot;,&quot;terms&quot;:[&quot;anatomia-patologica&quot;]}],&quot;post_status&quot;:[&quot;publish&quot;],&quot;orderby&quot;:{&quot;date&quot;:&quot;DESC&quot;},&quot;posts_per_page&quot;:&quot;5&quot;},&quot;type&quot;:&quot;grid&quot;,&quot;us_grid_ajax_index&quot;:1,&quot;us_grid_filter_params&quot;:null,&quot;us_grid_index&quot;:1,&quot;_us_grid_post_type&quot;:&quot;post&quot;}}'><\/div>\r\n<h4 class=\"w-grid-none\">No results found.<\/h4><\/div><\/div><\/div><\/div><\/div><\/div><\/section>","protected":false},"excerpt":{"rendered":"Anatom\u00eda Patol\u00f3gicaEl Departamento de Anatom\u00eda patol\u00f3gica es el responsable del estudio de las muestras corporales, alteraciones fisiopatol\u00f3gicas y bases morfol\u00f3gicas de la enfermedad, su causa, desarrollo y consecuencias a nivel org\u00e1nico, tisular, celular y molecular, con el fin de proporcionar un diagn\u00f3stico correcto. El papel principal de nuestro departamento es clasificar las neoplasias en benignas,...","protected":false},"author":1,"featured_media":0,"parent":22825,"menu_order":34,"comment_status":"closed","ping_status":"closed","template":"","meta":{"footnotes":""},"_links":{"self":[{"href":"https:\/\/hgps.org.do\/en\/wp-json\/wp\/v2\/pages\/22826"}],"collection":[{"href":"https:\/\/hgps.org.do\/en\/wp-json\/wp\/v2\/pages"}],"about":[{"href":"https:\/\/hgps.org.do\/en\/wp-json\/wp\/v2\/types\/page"}],"author":[{"embeddable":true,"href":"https:\/\/hgps.org.do\/en\/wp-json\/wp\/v2\/users\/1"}],"replies":[{"embeddable":true,"href":"https:\/\/hgps.org.do\/en\/wp-json\/wp\/v2\/comments?post=22826"}],"version-history":[{"count":5,"href":"https:\/\/hgps.org.do\/en\/wp-json\/wp\/v2\/pages\/22826\/revisions"}],"predecessor-version":[{"id":27521,"href":"https:\/\/hgps.org.do\/en\/wp-json\/wp\/v2\/pages\/22826\/revisions\/27521"}],"up":[{"embeddable":true,"href":"https:\/\/hgps.org.do\/en\/wp-json\/wp\/v2\/pages\/22825"}],"wp:attachment":[{"href":"https:\/\/hgps.org.do\/en\/wp-json\/wp\/v2\/media?parent=22826"}],"curies":[{"name":"wp","href":"https:\/\/api.w.org\/{rel}","templated":true}]}}