{"id":22827,"date":"2019-01-20T09:19:35","date_gmt":"2019-01-20T09:19:35","guid":{"rendered":"http:\/\/hgps.vanessasimpson.com\/servicios-medicos\/alergologia-e-inmunologia-clinica\/"},"modified":"2023-01-16T19:38:29","modified_gmt":"2023-01-16T19:38:29","slug":"alergologia-e-inmunologia-clinica","status":"publish","type":"page","link":"https:\/\/hgps.org.do\/en\/alergologia-e-inmunologia-clinica\/","title":{"rendered":"Allergology and Clinical Immunology"},"content":{"rendered":"<section class=\"l-section wpb_row us_custom_ec1e580b height_medium\"><div class=\"l-section-h i-cf\"><div class=\"g-cols vc_row type_default valign_top\"><div class=\"vc_col-sm-8 wpb_column vc_column_container\"><div class=\"vc_column-inner\"><div class=\"wpb_wrapper\"><div id=\"ultimate-heading-353369d656175ebea\" class=\"uvc-heading ult-adjust-bottom-margin ultimate-heading-353369d656175ebea uvc-7297\" data-hspacer=\"line_only\"  data-halign=\"center\" style=\"text-align:center\"><div class=\"uvc-main-heading ult-responsive\"  data-ultimate-target='.uvc-heading.ultimate-heading-353369d656175ebea h2'  data-responsive-json-new='{\"font-size\":\"\",\"line-height\":\"\"}' ><h2 style=\"font-weight:normal;margin-bottom:10px;\">Allergology and Clinical Immunology<\/h2><\/div><div class=\"uvc-heading-spacer line_only\" style=\"margin-bottom:20px;height:3px;\"><span class=\"uvc-headings-line\" style=\"border-style:solid;border-bottom-width:3px;border-color:#00abc6;width:380px;\"><\/span><\/div><\/div><div class=\"wpb_text_column us_custom_e038e7e6\" ><div class=\"wpb_wrapper\"><p>The Department of Allergology and Clinical Immunology of the HGPS offers diagnostic and therapeutic assistance for all diseases of allergic cause, as well as primary immunodeficiencies.<\/p>\n<\/div><\/div><div class=\"w-tabs style_default switch_click accordion has_scrolling type_togglable title_atleft icon_chevron iconpos_right\"><div class=\"w-tabs-sections\"><div class=\"w-tabs-sections-h\"><div class=\"w-tabs-section\" id=\"1548018448499-a6aed2b5-43a6\"><button class=\"w-tabs-section-header\" aria-controls=\"content-1548018448499-a6aed2b5-43a6\"><div class=\"w-tabs-section-header-h\"><h4 class=\"w-tabs-section-title\">Target population<\/h4><div class=\"w-tabs-section-control\"><\/div><\/div><\/button><div class=\"w-tabs-section-content\" id=\"content-1548018448499-a6aed2b5-43a6\" aria-expanded=\"false\"><div class=\"w-tabs-section-content-h i-cf\"><div class=\"wpb_text_column\" ><div class=\"wpb_wrapper\"><p>Children and adults. There is no minimum or maximum age limit to perform an allergological evaluation.<\/p>\n<\/div><\/div><\/div><\/div><\/div><div class=\"w-tabs-section\" id=\"1548017880268-791a461e-78f7\"><button class=\"w-tabs-section-header\" aria-controls=\"content-1548017880268-791a461e-78f7\"><div class=\"w-tabs-section-header-h\"><h4 class=\"w-tabs-section-title\">Most frequently attended diseases<\/h4><div class=\"w-tabs-section-control\"><\/div><\/div><\/button><div class=\"w-tabs-section-content\" id=\"content-1548017880268-791a461e-78f7\" aria-expanded=\"false\"><div class=\"w-tabs-section-content-h i-cf\"><div class=\"g-cols wpb_row  type_default valign_top vc_inner\"><div class=\"vc_col-sm-6 wpb_column vc_column_container\"><div class=\"vc_column-inner\"><div class=\"wpb_wrapper\"><div class=\"wpb_text_column\" ><div class=\"wpb_wrapper\"><ul>\n<li>Allergic conjunctivitis<\/li>\n<li>Rhinitis<\/li>\n<li>Sinusitis<\/li>\n<li>Bronchial asthma<\/li>\n<li>Atopic dermatitis<\/li>\n<li>Contact dermatitis<\/li>\n<li>Acute urticaria and chronic urticaria (spontaneous and physical)<\/li>\n<\/ul>\n<\/div><\/div><\/div><\/div><\/div><div class=\"vc_col-sm-6 wpb_column vc_column_container\"><div class=\"vc_column-inner\"><div class=\"wpb_wrapper\"><div class=\"wpb_text_column\" ><div class=\"wpb_wrapper\"><ul>\n<li>Recurrent angioedema<\/li>\n<li>Eosinophilic esophagitis and other gastrointestinal eosinophilic diseases<\/li>\n<li>Food allergy<\/li>\n<li>Medicine allergy<\/li>\n<li>Latex allergy<br \/>\nAllergy to poison of hymenoptera (bee, wasp, ant) and mosquitoes<br \/>\nPrimary immunodeficiencies<\/li>\n<\/ul>\n<\/div><\/div><\/div><\/div><\/div><\/div><\/div><\/div><\/div><div class=\"w-tabs-section\" id=\"1548018171695-63fed81b-c3ba\"><button class=\"w-tabs-section-header\" aria-controls=\"content-1548018171695-63fed81b-c3ba\"><div class=\"w-tabs-section-header-h\"><h4 class=\"w-tabs-section-title\">Competitive advantages<\/h4><div class=\"w-tabs-section-control\"><\/div><\/div><\/button><div class=\"w-tabs-section-content\" id=\"content-1548018171695-63fed81b-c3ba\" aria-expanded=\"false\"><div class=\"w-tabs-section-content-h i-cf\"><div class=\"wpb_text_column\" ><div class=\"wpb_wrapper\"><p>Comprehensive and comprehensive care for all pathologies related to allergology and primary immunodeficiencies, with the support of the network of medical specialties and complementary services that the hospital has.<\/p>\n<\/div><\/div><\/div><\/div><\/div><div class=\"w-tabs-section\" id=\"1548018211292-8d4fbfb1-5c72\"><button class=\"w-tabs-section-header\" aria-controls=\"content-1548018211292-8d4fbfb1-5c72\"><div class=\"w-tabs-section-header-h\"><h4 class=\"w-tabs-section-title\">Consultation Allergology<\/h4><div class=\"w-tabs-section-control\"><\/div><\/div><\/button><div class=\"w-tabs-section-content\" id=\"content-1548018211292-8d4fbfb1-5c72\" aria-expanded=\"false\"><div class=\"w-tabs-section-content-h i-cf\"><div class=\"wpb_text_column\" ><div class=\"wpb_wrapper\"><p>Consultations: Monday, Tuesday and Friday from 7 am-3pm (eye from January 2 will be Monday-Thursday and Friday)<\/p>\n<\/div><\/div><\/div><\/div><\/div><div class=\"w-tabs-section\" id=\"1548018240036-07ebbde1-5814\"><button class=\"w-tabs-section-header\" aria-controls=\"content-1548018240036-07ebbde1-5814\"><div class=\"w-tabs-section-header-h\"><h4 class=\"w-tabs-section-title\">Procedures in consultation<\/h4><div class=\"w-tabs-section-control\"><\/div><\/div><\/button><div class=\"w-tabs-section-content\" id=\"content-1548018240036-07ebbde1-5814\" aria-expanded=\"false\"><div class=\"w-tabs-section-content-h i-cf\"><div class=\"wpb_text_column\" ><div class=\"wpb_wrapper\"><ul>\n<li>Allergological study against aeroallergens, foods and medications<\/li>\n<li>Desensitization to drugs and chemotherapy<\/li>\n<li>Treatment with specific allergen immunotherapy (allergy vaccines)<\/li>\n<li>Biological Administration (Anti-IgE)<\/li>\n<li>Administration of immunoglobulins<\/li>\n<li>Tests of physical urticaria<\/li>\n<\/ul>\n<\/div><\/div><\/div><\/div><\/div><\/div><\/div><\/div><\/div><\/div><\/div><div class=\"vc_col-sm-4 wpb_column vc_column_container\"><div class=\"vc_column-inner us_custom_c3c31ab9\"><div class=\"wpb_wrapper\"><div class=\"uavc-list-icon uavc-list-icon-wrapper ult-adjust-bottom-margin\"><ul class=\"uavc-list\"><li><div class=\"uavc-list-content\" id=\"list-icon-wrap-6936\">\n<div class=\"uavc-list-icon\" data-animation=\"\" data-animation-delay=\"03\" style=\"margin-right:10px;\"><div class=\"ult-just-icon-wrapper\"><div class=\"align-icon\" style=\"text-align:center;\">\n<div class=\"aio-icon none\"  style=\"font-size:22px;display:inline-block;\">\n\t<i class=\"Defaults-calendar\"><\/i>\n<\/div><\/div><\/div>\n<\/div><span  data-ultimate-target='#list-icon-wrap-6936 .uavc-list-desc'  data-responsive-json-new='{\"font-size\":\"\",\"line-height\":\"\"}'  class=\"uavc-list-desc ult-responsive\" style=\"\">\n<h4 style=\"padding-bottom: 0; margin-bottom: 0; font-size: 20px;\">For Appointments<\/h4>\n<p><span style=\"font-size: 14px; line-height: 18px;\">Call to <a style=\"color: #30414f; text-decoration: underline;\" href=\"tel:809-565-7477\">809-565-7477<\/a><br \/>\nFill the <a style=\"color: #30414f; text-decoration: underline;\" href=\"https:\/\/hgps.org.do\/en\/citas\/\">Online Form<\/a><br \/>\nor Write to us <a style=\"color: #30414f; text-decoration: underline;\" href=\"#\">Live Chat<\/a><\/span><\/span><\/div><\/li><\/ul><\/div><h4 style=\"font-size: 20px;color: #00acc9;text-align: center;font-family:Titillium Web;font-weight:600;font-style:normal\" class=\"vc_custom_heading us_custom_7c7abea5\" >Related Posts<\/h4><div class=\"w-grid type_grid layout_25768 overflow_hidden\" id=\"us_grid_1\" data-grid-filter=\"true\"><style id=\"us_grid_1_css\">#us_grid_1 .w-grid-item:not(:last-child){margin-bottom:1.5rem}#us_grid_1 .g-loadmore{margin-top:1.5rem}<\/style><style>.layout_25768 .w-grid-item-h{background:#ffffff}.layout_25768 .usg_post_image_1{margin-bottom:0!important;padding-bottom:0!important}.layout_25768 .usg_post_title_1{font-family:'Titillium Web', sans-serif!important;font-size:1.1rem!important;line-height:1.2em!important;padding:0!important;margin:10px 0 0 0!important}.layout_25768 .usg_hwrapper_2{color:#00bcd4!important}.layout_25768 .usg_post_date_1{font-size:0.8rem!important}.layout_25768 .usg_vwrapper_1{padding:0!important}.layout_25768 .usg_post_taxonomy_2{font-size:0.8rem!important}<\/style><div class=\"w-grid-list\" ><\/div><div class=\"w-grid-preloader\"><div class=\"g-preloader type_1\">\r\n\t<div><\/div>\r\n<\/div>\r\n<\/div>\t<div class=\"w-grid-json hidden\" onclick='return {&quot;action&quot;:&quot;us_ajax_grid&quot;,&quot;ajax_url&quot;:&quot;https:\\\/\\\/hgps.org.do\\\/wp-admin\\\/admin-ajax.php&quot;,&quot;infinite_scroll&quot;:0,&quot;max_num_pages&quot;:0,&quot;pagination&quot;:&quot;none&quot;,&quot;permalink_url&quot;:&quot;https:\\\/\\\/hgps.org.do\\\/en\\\/wp-json\\\/wp\\\/v2\\\/pages\\\/22827&quot;,&quot;template_vars&quot;:{&quot;columns&quot;:&quot;1&quot;,&quot;exclude_items&quot;:&quot;none&quot;,&quot;img_size&quot;:&quot;medium&quot;,&quot;ignore_items_size&quot;:false,&quot;items_layout&quot;:&quot;25768&quot;,&quot;items_offset&quot;:&quot;1&quot;,&quot;overriding_link&quot;:&quot;none&quot;,&quot;post_id&quot;:22827,&quot;query_args&quot;:{&quot;post_type&quot;:[&quot;post&quot;],&quot;tax_query&quot;:[{&quot;taxonomy&quot;:&quot;post_tag&quot;,&quot;field&quot;:&quot;slug&quot;,&quot;terms&quot;:[&quot;alergologia-e-inmunologia-clinica&quot;]}],&quot;post_status&quot;:[&quot;publish&quot;],&quot;orderby&quot;:{&quot;date&quot;:&quot;DESC&quot;},&quot;posts_per_page&quot;:&quot;5&quot;},&quot;type&quot;:&quot;grid&quot;,&quot;us_grid_ajax_index&quot;:1,&quot;us_grid_filter_params&quot;:null,&quot;us_grid_index&quot;:1,&quot;_us_grid_post_type&quot;:&quot;post&quot;}}'><\/div>\r\n<h4 class=\"w-grid-none\">No results found.<\/h4><\/div><\/div><\/div><\/div><\/div><\/div><\/section>","protected":false},"excerpt":{"rendered":"Alergolog\u00eda e Inmunolog\u00eda Cl\u00ednicaEl Departamento de Alergolog\u00eda e Inmunolog\u00eda Cl\u00ednica del HGPS ofrece asistencia diagn\u00f3stica y terap\u00e9utica para todas las enfermedades de causa al\u00e9rgica, as\u00ed como inmunodeficiencias primarias. Poblaci\u00f3n ObjetivoNi\u00f1os y adultos. No existe l\u00edmite m\u00ednimo ni m\u00e1ximo de edad para realizar una evaluaci\u00f3n alergol\u00f3gica. Enfermedades m\u00e1s frecuentemente atendidas Conjuntivitis al\u00e9rgica Rinitis Sinusitis Asma bronquial...","protected":false},"author":1,"featured_media":0,"parent":0,"menu_order":35,"comment_status":"closed","ping_status":"closed","template":"","meta":{"footnotes":""},"_links":{"self":[{"href":"https:\/\/hgps.org.do\/en\/wp-json\/wp\/v2\/pages\/22827"}],"collection":[{"href":"https:\/\/hgps.org.do\/en\/wp-json\/wp\/v2\/pages"}],"about":[{"href":"https:\/\/hgps.org.do\/en\/wp-json\/wp\/v2\/types\/page"}],"author":[{"embeddable":true,"href":"https:\/\/hgps.org.do\/en\/wp-json\/wp\/v2\/users\/1"}],"replies":[{"embeddable":true,"href":"https:\/\/hgps.org.do\/en\/wp-json\/wp\/v2\/comments?post=22827"}],"version-history":[{"count":3,"href":"https:\/\/hgps.org.do\/en\/wp-json\/wp\/v2\/pages\/22827\/revisions"}],"predecessor-version":[{"id":27707,"href":"https:\/\/hgps.org.do\/en\/wp-json\/wp\/v2\/pages\/22827\/revisions\/27707"}],"wp:attachment":[{"href":"https:\/\/hgps.org.do\/en\/wp-json\/wp\/v2\/media?parent=22827"}],"curies":[{"name":"wp","href":"https:\/\/api.w.org\/{rel}","templated":true}]}}