{"id":22828,"date":"2018-05-01T21:19:35","date_gmt":"2018-05-01T21:19:35","guid":{"rendered":"https:\/\/portal-hgps.azurewebsites.net\/servicios-medicos\/gastroenterologia\/"},"modified":"2022-04-13T15:40:31","modified_gmt":"2022-04-13T15:40:31","slug":"gastroenterologia","status":"publish","type":"page","link":"https:\/\/hgps.org.do\/en\/servicios-medicos\/gastroenterologia\/","title":{"rendered":"Gastroenterology"},"content":{"rendered":"<section class=\"l-section wpb_row us_custom_9b36ddac height_medium\"><div class=\"l-section-h i-cf\"><div class=\"g-cols vc_row type_default valign_top\"><div class=\"vc_col-sm-8 wpb_column vc_column_container\"><div class=\"vc_column-inner\"><div class=\"wpb_wrapper\"><div id=\"ultimate-heading-165669d24189ba4d9\" class=\"uvc-heading ult-adjust-bottom-margin ultimate-heading-165669d24189ba4d9 uvc-9080\" data-hspacer=\"line_only\"  data-halign=\"center\" style=\"text-align:center\"><div class=\"uvc-main-heading ult-responsive\"  data-ultimate-target='.uvc-heading.ultimate-heading-165669d24189ba4d9 h2'  data-responsive-json-new='{\"font-size\":\"\",\"line-height\":\"\"}' ><h2 style=\"font-weight:normal;margin-bottom:10px;\">Gastroenterology<\/h2><\/div><div class=\"uvc-heading-spacer line_only\" style=\"margin-bottom:20px;height:2px;\"><span class=\"uvc-headings-line\" style=\"border-style:solid;border-bottom-width:2px;border-color:#00abc6;width:300px;\"><\/span><\/div><\/div><div class=\"wpb_text_column us_custom_e038e7e6\" ><div class=\"wpb_wrapper\"><p>Es un \u00e1rea especializada que cuenta con un cuerpo m\u00e9dico altamente capacitado para dar respuesta a todas las necesidades que los pacientes presentes referentes a las v\u00edas digestivas. En esta \u00e1rea se integran los servicios de patolog\u00edas de h\u00edgado, enfermedad inflamatoria, p\u00e1ncreas y v\u00edas biliares.<\/p>\n<p>Nos encargamos de la evaluaci\u00f3n, selecci\u00f3n, preparaci\u00f3n y seguimientos de los pacientes con problemas hep\u00e1ticos que requieren trasplantes.<\/p>\n<p>Among the services we offer in the area of endoscopy is the care of pediatric patients.<\/p>\n<p>Consultas para pacientes adultos y pedi\u00e1tricos con trastornos de v\u00edas digestivas, h\u00edgado, enfermedad inflamatoria p\u00e1ncreas y v\u00edas biliares.<\/p>\n<p><strong>Schedule<\/strong><strong>s: <\/strong><\/p>\n<p><strong>Queries:<\/strong> lunes a viernes de 8:00 a. m. a 8:00 p. m.<\/p>\n<p><strong>Procedimientos:<\/strong> lunes a viernes de 8:00 a. m. a 7:00 p. m. y s\u00e1bados de 8:00 a. m. a 12:00 m.<\/p>\n<\/div><\/div><div class=\"w-tabs style_default switch_click accordion has_scrolling type_togglable title_atleft icon_chevron iconpos_right\"><div class=\"w-tabs-sections\"><div class=\"w-tabs-sections-h\"><div class=\"w-tabs-section\" id=\"1548023767346-cd77bd47-43e4\"><button class=\"w-tabs-section-header\" aria-controls=\"content-1548023767346-cd77bd47-43e4\"><div class=\"w-tabs-section-header-h\"><div class=\"w-tabs-section-title\">Target population<\/div><div class=\"w-tabs-section-control\"><\/div><\/div><\/button><div class=\"w-tabs-section-content\" id=\"content-1548023767346-cd77bd47-43e4\" aria-expanded=\"false\"><div class=\"w-tabs-section-content-h i-cf\"><div class=\"wpb_text_column\" ><div class=\"wpb_wrapper\"><p>Children and Adults of all ages.<\/p>\n<\/div><\/div><\/div><\/div><\/div><div class=\"w-tabs-section\" id=\"1548023767367-29804f93-5c1e\"><button class=\"w-tabs-section-header\" aria-controls=\"content-1548023767367-29804f93-5c1e\"><div class=\"w-tabs-section-header-h\"><div class=\"w-tabs-section-title\">Queries<\/div><div class=\"w-tabs-section-control\"><\/div><\/div><\/button><div class=\"w-tabs-section-content\" id=\"content-1548023767367-29804f93-5c1e\" aria-expanded=\"false\"><div class=\"w-tabs-section-content-h i-cf\"><div class=\"wpb_text_column\" ><div class=\"wpb_wrapper\"><p>Consultation for adult and pediatric patients with digestive tract disorders, liver, pancreatic inflammatory disease and bile ducts.<\/p>\n<p><strong>Schedule<\/strong>: Monday through Friday from 8:00 a.m. to 8:00 p.m. and Saturdays from 8:00 a.m. to 12:00 p.m.<\/p>\n<\/div><\/div><\/div><\/div><\/div><div class=\"w-tabs-section\" id=\"1548023823198-12a4e08a-f086\"><button class=\"w-tabs-section-header\" aria-controls=\"content-1548023823198-12a4e08a-f086\"><div class=\"w-tabs-section-header-h\"><div class=\"w-tabs-section-title\">Gastroscopy<\/div><div class=\"w-tabs-section-control\"><\/div><\/div><\/button><div class=\"w-tabs-section-content\" id=\"content-1548023823198-12a4e08a-f086\" aria-expanded=\"false\"><div class=\"w-tabs-section-content-h i-cf\"><div class=\"wpb_text_column\" ><div class=\"wpb_wrapper\"><p>In developing countries it is estimated that 60% of the adult population is affected by helicobacter pylori, which is responsible for gastritis, ulcers and in some cases gastric cancer. Gastroscopy is the study that allows the diagnosis of these pathologies.<\/p>\n<p><strong>Schedule<\/strong>: lunes a viernes de 8:00 a. m. a 7:00 p. m.<\/p>\n<p>Ofertamos la realizaci\u00f3n del test de aliento \u00fatil para la verificaci\u00f3n de la erradicaci\u00f3n o diagn\u00f3stico de Helicobacter Pylori.<\/p>\n<p><strong>Schedule:<\/strong>\u00a0Monday through Friday from 8:00 a.m. to 2:00 p.m.<\/p>\n<\/div><\/div><\/div><\/div><\/div><div class=\"w-tabs-section\" id=\"1548023976454-83664797-bd73\"><button class=\"w-tabs-section-header\" aria-controls=\"content-1548023976454-83664797-bd73\"><div class=\"w-tabs-section-header-h\"><div class=\"w-tabs-section-title\">Breath Test<\/div><div class=\"w-tabs-section-control\"><\/div><\/div><\/button><div class=\"w-tabs-section-content\" id=\"content-1548023976454-83664797-bd73\" aria-expanded=\"false\"><div class=\"w-tabs-section-content-h i-cf\"><div class=\"wpb_text_column\" ><div class=\"wpb_wrapper\"><p> We offer a breath test that is useful for the verification of the eradication or diagnosis of H. pylori.<\/p>\n<p><strong>Schedule:<\/strong> Monday through Friday from 8:00 a.m. to 2:00 p.m.<\/p>\n<\/div><\/div><\/div><\/div><\/div><div class=\"w-tabs-section\" id=\"1548024052710-1eb95367-7cb2\"><button class=\"w-tabs-section-header\" aria-controls=\"content-1548024052710-1eb95367-7cb2\"><div class=\"w-tabs-section-header-h\"><div class=\"w-tabs-section-title\">Colonoscopy<\/div><div class=\"w-tabs-section-control\"><\/div><\/div><\/button><div class=\"w-tabs-section-content\" id=\"content-1548024052710-1eb95367-7cb2\" aria-expanded=\"false\"><div class=\"w-tabs-section-content-h i-cf\"><div class=\"wpb_text_column\" ><div class=\"wpb_wrapper\"><p>One of the most frequent cancers in our country is colon cancer and at the same time the most preventable, through a simple procedure that is colonoscopy. This procedure should be performed on every person after age 45 or those with a family history of colon cancer.<\/p>\n<p><strong>Schedule:<\/strong> Monday through Friday from 8:00 a.m. to 7:00 p.m. and Saturdays from 8:00 a.m. to 12:00 p.m.<\/p>\n<p style=\"text-align: justify; background: white;\"><span lang=\"ES\" style=\"font-family: 'Arial',sans-serif;\">Contamos con una unidad diagnostica terap\u00e9utica para los procedimientos de p\u00e1ncreas y v\u00edas biliares (colangiopancreatograf\u00eda retrograda endosc\u00f3pica).<\/span><\/p>\n<p style=\"text-align: justify; background: white;\"><span lang=\"ES\" style=\"font-family: 'Arial',sans-serif;\">Los procedimientos que se realizan van desde los simples diagn\u00f3sticos hasta los de alta complejidad.<\/span><\/p>\n<p style=\"margin: 0cm; margin-bottom: .0001pt; text-align: justify; background: white;\"><strong><span lang=\"ES\" style=\"font-family: 'Arial',sans-serif;\">Schedule:<\/span><\/strong><span lang=\"ES\" style=\"font-family: 'Arial',sans-serif;\">\u00a0mi\u00e9rcoles de 8:00 a. m. a 8:00 p. m.<\/span><\/p>\n<\/div><\/div><\/div><\/div><\/div><div class=\"w-tabs-section\" id=\"1548024125698-34093720-5959\"><button class=\"w-tabs-section-header\" aria-controls=\"content-1548024125698-34093720-5959\"><div class=\"w-tabs-section-header-h\"><div class=\"w-tabs-section-title\">ERCP and USE (Endoscopic Ultrasonography)<\/div><div class=\"w-tabs-section-control\"><\/div><\/div><\/button><div class=\"w-tabs-section-content\" id=\"content-1548024125698-34093720-5959\" aria-expanded=\"false\"><div class=\"w-tabs-section-content-h i-cf\"><div class=\"wpb_text_column\" ><div class=\"wpb_wrapper\"><p>We have a therapeutic diagnostic unit for pancreas and bile duct procedures (endoscopic retrograde cholangiopancreatography). The procedures that are carried out range from simple diagnoses to those of high complexity.<\/p>\n<p><strong>Schedule:<\/strong> Wednesdays from 8:00 a.m. to 8:00 p.m.<\/p>\n<\/div><\/div><\/div><\/div><\/div><div class=\"w-tabs-section\" id=\"1548024230327-ccce6425-3311\"><button class=\"w-tabs-section-header\" aria-controls=\"content-1548024230327-ccce6425-3311\"><div class=\"w-tabs-section-header-h\"><div class=\"w-tabs-section-title\">Schedule<\/div><div class=\"w-tabs-section-control\"><\/div><\/div><\/button><div class=\"w-tabs-section-content\" id=\"content-1548024230327-ccce6425-3311\" aria-expanded=\"false\"><div class=\"w-tabs-section-content-h i-cf\"><div class=\"wpb_text_column\" ><div class=\"wpb_wrapper\"><p><strong>Horarios generales:<\/strong><\/p>\n<ul>\n<li><strong>Queries:<\/strong>lunes a viernes de 8:00 a. m. a 8:00 p. m.<\/li>\n<li><strong>Pancreas and bile ducts:\u00a0<\/strong>mi\u00e9rcoles de 8:00 a. m. a 12:00 m.<\/li>\n<li><strong>Adult Studies:<\/strong>lunes a viernes desde las 8:00 a. m. a 7:00 p. m.<\/li>\n<li><strong>Pediatric Studies:<\/strong>martes, jueves y viernes de 8:00 a. m. a 12:00 m.<\/li>\n<li><strong>ERCP:<\/strong>mi\u00e9rcoles de 8:00 a. m. a 8:00 p. m.<\/li>\n<li><strong>Breath Test:<\/strong>lunes a viernes de 8:00 a. m. a 2:00 p. m.<\/li>\n<li><strong>Emergency services:\u00a0<\/strong>24 hours.<\/li>\n<\/ul>\n<p><strong>Ubicaci\u00f3n:<\/strong> edificio #3 primer nivel<\/p>\n<p><strong>Contactos:<\/strong> 809-565-7477 <strong>ext.:<\/strong> 1094<\/p>\n<p><strong>Contact Center:<\/strong> 809-565-7477 <strong>ext.:<\/strong> 7900<\/p>\n<\/div><\/div><\/div><\/div><\/div><\/div><\/div><\/div><\/div><\/div><\/div><div class=\"vc_col-sm-4 wpb_column vc_column_container\"><div class=\"vc_column-inner us_custom_c3c31ab9\"><div class=\"wpb_wrapper\"><div class=\"uavc-list-icon uavc-list-icon-wrapper ult-adjust-bottom-margin\"><ul class=\"uavc-list\"><li><div class=\"uavc-list-content\" id=\"list-icon-wrap-4100\">\n<div class=\"uavc-list-icon\" data-animation=\"\" data-animation-delay=\"03\" style=\"margin-right:10px;\"><div class=\"ult-just-icon-wrapper\"><div class=\"align-icon\" style=\"text-align:center;\">\n<div class=\"aio-icon none\"  style=\"font-size:22px;display:inline-block;\">\n\t<i class=\"Defaults-calendar\"><\/i>\n<\/div><\/div><\/div>\n<\/div><span  data-ultimate-target='#list-icon-wrap-4100 .uavc-list-desc'  data-responsive-json-new='{\"font-size\":\"\",\"line-height\":\"\"}'  class=\"uavc-list-desc ult-responsive\" style=\"\">\n<h4 style=\"padding-bottom: 0; margin-bottom: 0; font-size: 20px;\">For Appointments<\/h4>\n<p><span style=\"font-size: 14px; line-height: 18px;\">Call to <a style=\"color: #30414f; text-decoration: underline;\" href=\"tel:809-565-7477\">809-565-7477<\/a><br \/>\nFill the <a style=\"color: #30414f; text-decoration: underline;\" href=\"https:\/\/hgps.org.do\/en\/citas\/\">Online Form<\/a><br \/>\nor Write to us <a style=\"color: #30414f; text-decoration: underline;\" href=\"#\">Live Chat<\/a><\/span><\/span><\/div><\/li><\/ul><\/div><h4 style=\"font-size: 20px;color: #00acc9;text-align: center;font-family:Titillium Web;font-weight:600;font-style:normal\" class=\"vc_custom_heading us_custom_7c7abea5\" >Related Posts<\/h4><div class=\"w-grid type_grid layout_25768 overflow_hidden\" id=\"us_grid_1\" data-grid-filter=\"true\"><style id=\"us_grid_1_css\">#us_grid_1 .w-grid-item:not(:last-child){margin-bottom:1.5rem}#us_grid_1 .g-loadmore{margin-top:1.5rem}<\/style><style>.layout_25768 .w-grid-item-h{background:#ffffff}.layout_25768 .usg_post_image_1{margin-bottom:0!important;padding-bottom:0!important}.layout_25768 .usg_post_title_1{font-family:'Titillium Web', sans-serif!important;font-size:1.1rem!important;line-height:1.2em!important;padding:0!important;margin:10px 0 0 0!important}.layout_25768 .usg_hwrapper_2{color:#00bcd4!important}.layout_25768 .usg_post_date_1{font-size:0.8rem!important}.layout_25768 .usg_vwrapper_1{padding:0!important}.layout_25768 .usg_post_taxonomy_2{font-size:0.8rem!important}<\/style><div class=\"w-grid-list\" ><article class=\"w-grid-item size_1x1 post-27755 post type-post status-publish format-standard has-post-thumbnail hentry category-articulos tag-gastroenterologia tag-pediatria\" data-id=\"27755\">\r\n\t<div class=\"w-grid-item-h\">\r\n\t\t\t\t<div class=\"w-post-elm post_image usg_post_image_1 stretched\"><a href=\"https:\/\/hgps.org.do\/en\/articulos\/estrenimiento-en-pediatria\/\" aria-label=\"Estre\u00f1imiento en Pediatr\u00eda\"><img loading=\"lazy\" decoding=\"async\" width=\"229\" height=\"400\" src=\"https:\/\/hgps.org.do\/wp-content\/uploads\/2023\/03\/Dra-Mabel-Segura_PRENSA-229x400.jpg\" class=\"attachment-medium size-medium wp-post-image\" alt=\"Dra. Mabel Segura Montilla, Pediatra gastroenter\u00f3loga del Hospital General Plaza de la Salud (HGPS).\" srcset=\"https:\/\/hgps.org.do\/wp-content\/uploads\/2023\/03\/Dra-Mabel-Segura_PRENSA-229x400.jpg 229w, https:\/\/hgps.org.do\/wp-content\/uploads\/2023\/03\/Dra-Mabel-Segura_PRENSA-585x1024.jpg 585w, https:\/\/hgps.org.do\/wp-content\/uploads\/2023\/03\/Dra-Mabel-Segura_PRENSA-7x12.jpg 7w, https:\/\/hgps.org.do\/wp-content\/uploads\/2023\/03\/Dra-Mabel-Segura_PRENSA-768x1344.jpg 768w, https:\/\/hgps.org.do\/wp-content\/uploads\/2023\/03\/Dra-Mabel-Segura_PRENSA-scaled.jpg 1463w\" sizes=\"(max-width: 229px) 100vw, 229px\" \/><\/a><\/div><div class=\"w-vwrapper usg_vwrapper_1 align_center valign_top\"><h2 class=\"w-post-elm post_title usg_post_title_1 entry-title color_link_inherit\"><a href=\"https:\/\/hgps.org.do\/en\/articulos\/estrenimiento-en-pediatria\/\">Estre\u00f1imiento en Pediatr\u00eda<\/a><\/h2><div class=\"w-hwrapper usg_hwrapper_2 align_center valign_top wrap\"><time class=\"w-post-elm post_date usg_post_date_1 entry-date published\" datetime=\"2023-03-31T14:18:02+00:00\"><i class=\"far fa-clock\"><\/i>31 March, 2023<\/time><div class=\"w-post-elm post_taxonomy usg_post_taxonomy_2 style_simple color_link_inherit\"><i class=\"far fa-tags\"><\/i><a href=\"https:\/\/hgps.org.do\/en\/tag\/gastroenterologia\/\" rel=\"tag\">Gastroenterology<\/a>, <a href=\"https:\/\/hgps.org.do\/en\/tag\/pediatria\/\" rel=\"tag\">Pediatrics<\/a><\/div><\/div><\/div>\t<\/div>\r\n<\/article>\r\n<\/div><div class=\"w-grid-preloader\"><div class=\"g-preloader type_1\">\r\n\t<div><\/div>\r\n<\/div>\r\n<\/div>\t<div class=\"w-grid-json hidden\" onclick='return {&quot;action&quot;:&quot;us_ajax_grid&quot;,&quot;ajax_url&quot;:&quot;https:\\\/\\\/hgps.org.do\\\/wp-admin\\\/admin-ajax.php&quot;,&quot;infinite_scroll&quot;:0,&quot;max_num_pages&quot;:1,&quot;pagination&quot;:&quot;none&quot;,&quot;permalink_url&quot;:&quot;https:\\\/\\\/hgps.org.do\\\/en\\\/wp-json\\\/wp\\\/v2\\\/pages\\\/22828&quot;,&quot;template_vars&quot;:{&quot;columns&quot;:&quot;1&quot;,&quot;exclude_items&quot;:&quot;none&quot;,&quot;img_size&quot;:&quot;medium&quot;,&quot;ignore_items_size&quot;:false,&quot;items_layout&quot;:&quot;25768&quot;,&quot;items_offset&quot;:&quot;1&quot;,&quot;overriding_link&quot;:&quot;none&quot;,&quot;post_id&quot;:22828,&quot;query_args&quot;:{&quot;post_type&quot;:[&quot;post&quot;],&quot;tax_query&quot;:[{&quot;taxonomy&quot;:&quot;post_tag&quot;,&quot;field&quot;:&quot;slug&quot;,&quot;terms&quot;:[&quot;gastroenterologia&quot;]}],&quot;post_status&quot;:[&quot;publish&quot;],&quot;orderby&quot;:{&quot;date&quot;:&quot;DESC&quot;},&quot;posts_per_page&quot;:&quot;5&quot;},&quot;type&quot;:&quot;grid&quot;,&quot;us_grid_ajax_index&quot;:1,&quot;us_grid_filter_params&quot;:null,&quot;us_grid_index&quot;:1,&quot;_us_grid_post_type&quot;:&quot;post&quot;}}'><\/div>\r\n<\/div><\/div><\/div><\/div><\/div><\/div><\/section>","protected":false},"excerpt":{"rendered":"Dra. Mabel Segura Montilla, Pediatra gastroenter\u00f3loga del Hospital General Plaza de la Salud (HGPS). Estre\u00f1imiento El estre\u00f1imiento en ni\u00f1os y adolescentes se define como la evacuaci\u00f3n tard\u00eda o poco frecuente de heces duras con dolor y esfuerzo excesivo. A nivel mundial un 30% de las personas sufren de estre\u00f1imiento. El estre\u00f1imiento funcional, para el que...","protected":false},"author":1,"featured_media":0,"parent":22825,"menu_order":36,"comment_status":"closed","ping_status":"closed","template":"","meta":{"footnotes":""},"_links":{"self":[{"href":"https:\/\/hgps.org.do\/en\/wp-json\/wp\/v2\/pages\/22828"}],"collection":[{"href":"https:\/\/hgps.org.do\/en\/wp-json\/wp\/v2\/pages"}],"about":[{"href":"https:\/\/hgps.org.do\/en\/wp-json\/wp\/v2\/types\/page"}],"author":[{"embeddable":true,"href":"https:\/\/hgps.org.do\/en\/wp-json\/wp\/v2\/users\/1"}],"replies":[{"embeddable":true,"href":"https:\/\/hgps.org.do\/en\/wp-json\/wp\/v2\/comments?post=22828"}],"version-history":[{"count":5,"href":"https:\/\/hgps.org.do\/en\/wp-json\/wp\/v2\/pages\/22828\/revisions"}],"predecessor-version":[{"id":27248,"href":"https:\/\/hgps.org.do\/en\/wp-json\/wp\/v2\/pages\/22828\/revisions\/27248"}],"up":[{"embeddable":true,"href":"https:\/\/hgps.org.do\/en\/wp-json\/wp\/v2\/pages\/22825"}],"wp:attachment":[{"href":"https:\/\/hgps.org.do\/en\/wp-json\/wp\/v2\/media?parent=22828"}],"curies":[{"name":"wp","href":"https:\/\/api.w.org\/{rel}","templated":true}]}}