{"id":22829,"date":"2018-05-01T21:19:35","date_gmt":"2018-05-01T21:19:35","guid":{"rendered":"https:\/\/portal-hgps.azurewebsites.net\/servicios-medicos\/ginecologia-y-obstetricia\/"},"modified":"2022-04-13T18:07:59","modified_gmt":"2022-04-13T18:07:59","slug":"ginecologia-y-obstetricia","status":"publish","type":"page","link":"https:\/\/hgps.org.do\/en\/servicios-medicos\/ginecologia-y-obstetricia\/","title":{"rendered":"Gynecology and Obstetrics"},"content":{"rendered":"<section class=\"l-section wpb_row us_custom_9b36ddac height_medium\"><div class=\"l-section-h i-cf\"><div class=\"g-cols vc_row type_default valign_top\"><div class=\"vc_col-sm-8 wpb_column vc_column_container\"><div class=\"vc_column-inner\"><div class=\"wpb_wrapper\"><div id=\"ultimate-heading-770469d53bd2c74f8\" class=\"uvc-heading ult-adjust-bottom-margin ultimate-heading-770469d53bd2c74f8 uvc-5045\" data-hspacer=\"line_only\"  data-halign=\"center\" style=\"text-align:center\"><div class=\"uvc-main-heading ult-responsive\"  data-ultimate-target='.uvc-heading.ultimate-heading-770469d53bd2c74f8 h2'  data-responsive-json-new='{\"font-size\":\"\",\"line-height\":\"\"}' ><h2 style=\"font-weight:normal;margin-bottom:10px;\">Gynecology and Obstetrics<\/h2><\/div><div class=\"uvc-heading-spacer line_only\" style=\"margin-bottom:20px;height:2px;\"><span class=\"uvc-headings-line\" style=\"border-style:solid;border-bottom-width:2px;border-color:#00abc6;width:300px;\"><\/span><\/div><\/div><div class=\"wpb_text_column us_custom_e038e7e6\" ><div class=\"wpb_wrapper\"><p style=\"text-align: justify; background: white;\"><span lang=\"ES\" style=\"font-family: 'Arial',sans-serif;\">Ofrecemos atenci\u00f3n integral y personalizada a la mujer en cada etapa de su vida, desde la ni\u00f1ez hasta la post-menopausia.<\/span> <span lang=\"ES\" style=\"font-family: 'Arial',sans-serif;\">Adem\u00e1s, somos un mecanismo de referencia y contratransferencia, en busca de atenci\u00f3n multidisciplinaria en coordinaci\u00f3n con otras especialidades.<\/span><\/p>\n<p style=\"text-align: justify; background: white;\"><span lang=\"ES\" style=\"font-family: 'Arial',sans-serif;\">Nuestro objetivo como especialidad es dar seguimiento a las enfermedades relacionadas con el aparato reproductor femenino, as\u00ed como la prevenci\u00f3n de las mismas.<\/span><\/p>\n<p style=\"margin: 0cm; margin-bottom: .0001pt; text-align: justify; background: white;\"><span lang=\"ES\" style=\"font-family: 'Arial',sans-serif;\">El \u00e1rea de Obstetricia comprende los cuidados m\u00e9dicos destinados al embarazo, parto y el manejo de sus complicaciones.<\/span><\/p>\n<\/div><\/div><div class=\"w-tabs style_default switch_click accordion has_scrolling type_togglable title_atleft icon_chevron iconpos_right\"><div class=\"w-tabs-sections\"><div class=\"w-tabs-sections-h\"><div class=\"w-tabs-section\" id=\"1548023767346-cd77bd47-43e4\"><button class=\"w-tabs-section-header\" aria-controls=\"content-1548023767346-cd77bd47-43e4\"><div class=\"w-tabs-section-header-h\"><div class=\"w-tabs-section-title\">Target population<\/div><div class=\"w-tabs-section-control\"><\/div><\/div><\/button><div class=\"w-tabs-section-content\" id=\"content-1548023767346-cd77bd47-43e4\" aria-expanded=\"false\"><div class=\"w-tabs-section-content-h i-cf\"><div class=\"wpb_text_column\" ><div class=\"wpb_wrapper\"><p>Girls and teenagers.<br \/>\nWomen in reproductive stage.<br \/>\nPregnant<br \/>\nMenopausal Stage and Post Menopause female.<\/p>\n<\/div><\/div><\/div><\/div><\/div><div class=\"w-tabs-section\" id=\"1548023767367-29804f93-5c1e\"><button class=\"w-tabs-section-header\" aria-controls=\"content-1548023767367-29804f93-5c1e\"><div class=\"w-tabs-section-header-h\"><div class=\"w-tabs-section-title\">Competitive advantages<\/div><div class=\"w-tabs-section-control\"><\/div><\/div><\/button><div class=\"w-tabs-section-content\" id=\"content-1548023767367-29804f93-5c1e\" aria-expanded=\"false\"><div class=\"w-tabs-section-content-h i-cf\"><div class=\"wpb_text_column\" ><div class=\"wpb_wrapper\"><p>Comprehensive and personalized attention to patients in each stage.<br \/>\nReference mechanism and countertransference, in search of multidisciplinary care in coordination with other specialties.<\/p>\n<\/div><\/div><\/div><\/div><\/div><div class=\"w-tabs-section\" id=\"1548023823198-12a4e08a-f086\"><button class=\"w-tabs-section-header\" aria-controls=\"content-1548023823198-12a4e08a-f086\"><div class=\"w-tabs-section-header-h\"><div class=\"w-tabs-section-title\">Sub-Specialties<\/div><div class=\"w-tabs-section-control\"><\/div><\/div><\/button><div class=\"w-tabs-section-content\" id=\"content-1548023823198-12a4e08a-f086\" aria-expanded=\"false\"><div class=\"w-tabs-section-content-h i-cf\"><div class=\"wpb_text_column\" ><div class=\"wpb_wrapper\"><p><strong>Gynecology Infant juvenile:\u00a0<\/strong> Specialized with a preventive approach to gynecological care for girls and adolescents.<\/p>\n<p><strong>Gynecology of Menopause:<\/strong> Attention to patients in pre and post menopausal age with emphasis on treatment of the manifestations of these.<\/p>\n<p><strong>Infertility Gynecology:<\/strong> Specialized consultation for patients with difficulties for conception.<\/p>\n<p><strong>Obstetric consultations:<\/strong> Prenatal care including high risk patients.<\/p>\n<p><strong>Oncological gynecology consultations:<\/strong> Care for patients with pre-malignant, malignant breast diseases; external and internal genitalia of women.<\/p>\n<\/div><\/div><\/div><\/div><\/div><div class=\"w-tabs-section\" id=\"1548023976454-83664797-bd73\"><button class=\"w-tabs-section-header\" aria-controls=\"content-1548023976454-83664797-bd73\"><div class=\"w-tabs-section-header-h\"><div class=\"w-tabs-section-title\">Procedures performed in the consultations<\/div><div class=\"w-tabs-section-control\"><\/div><\/div><\/button><div class=\"w-tabs-section-content\" id=\"content-1548023976454-83664797-bd73\" aria-expanded=\"false\"><div class=\"w-tabs-section-content-h i-cf\"><div class=\"wpb_text_column\" ><div class=\"wpb_wrapper\"><ul>\n<li>Toma de muestra para citolog\u00eda cervico-vaginal (Papanicolaou).<\/li>\n<li>Detecci\u00f3n y clasificaci\u00f3n del virus del papiloma humano.<\/li>\n<li>ADN- chlamydia y gonorrea.<\/li>\n<li>Toma de muestra para citolog\u00eda cervical en base liquida (Thin- prep).<\/li>\n<li>Biopsia de endometrio por aspiraci\u00f3n<\/li>\n<li>Cryotherapy<\/li>\n<li>Sampling of the lower genital tract.<\/li>\n<li>Biopsias por colposcopia<\/li>\n<li>Evaluaci\u00f3n colposc\u00f3pica de c\u00e9rvix.<\/li>\n<li>Punci\u00f3n de quistes de mamas para citolog\u00eda.<\/li>\n<\/ul>\n<\/div><\/div><\/div><\/div><\/div><div class=\"w-tabs-section\" id=\"1548024052710-1eb95367-7cb2\"><button class=\"w-tabs-section-header\" aria-controls=\"content-1548024052710-1eb95367-7cb2\"><div class=\"w-tabs-section-header-h\"><div class=\"w-tabs-section-title\">Procedimientos quir\u00fargicos ginecol\u00f3gicos y obst\u00e9tricos<\/div><div class=\"w-tabs-section-control\"><\/div><\/div><\/button><div class=\"w-tabs-section-content\" id=\"content-1548024052710-1eb95367-7cb2\" aria-expanded=\"false\"><div class=\"w-tabs-section-content-h i-cf\"><div class=\"wpb_text_column\" ><div class=\"wpb_wrapper\"><p><strong>Legrado ginecol\u00f3gico biopsia:<\/strong>\u00a0toma de tejido de cavidad uterina para diagnosticar las diferentes patolog\u00edas endometriales.<\/p>\n<p><strong>Legrado obst\u00e9trico<\/strong>: extracci\u00f3n de material de cavidad uterina, postaborto \u00f3 postparto<\/p>\n<p><strong>Hysterectomy:<\/strong>\u00a0extirpaci\u00f3n de \u00fatero v\u00eda abdominal o vaginal.<\/p>\n<p><strong>Oforectom\u00eda:<\/strong>\u00a0extirpaci\u00f3n de ovarios cuando hay una patolog\u00eda que lo amerite.<\/p>\n<p><strong>Salpingectomy:<\/strong>\u00a0extirpaci\u00f3n de trompas uterinas, para limitar la procreaci\u00f3n o cuando existe alguna patolog\u00eda.<\/p>\n<p><strong>Colpoperineorraf\u00eda:<\/strong>\u00a0preparaci\u00f3n del suelo p\u00e9lvico en pacientes con incontinencia urinaria y flacidez vaginal.<\/p>\n<p><strong>Miomectom\u00eda:<\/strong>\u00a0extirpaci\u00f3n de miomas del tejido uterino.<\/p>\n<p><strong>Laparocoscop\u00eda:<\/strong>\u00a0visualizaci\u00f3n de la cavidad p\u00e9lvica a trav\u00e9s de un lente. puede ser: diagnostica o quir\u00fargica.<\/p>\n<p><strong>Partos y partos por ces\u00e1rea.<\/strong><\/p>\n<\/div><\/div><\/div><\/div><\/div><div class=\"w-tabs-section\" id=\"1548024125698-34093720-5959\"><button class=\"w-tabs-section-header\" aria-controls=\"content-1548024125698-34093720-5959\"><div class=\"w-tabs-section-header-h\"><div class=\"w-tabs-section-title\">Other procedures performed by Laparoscopy<\/div><div class=\"w-tabs-section-control\"><\/div><\/div><\/button><div class=\"w-tabs-section-content\" id=\"content-1548024125698-34093720-5959\" aria-expanded=\"false\"><div class=\"w-tabs-section-content-h i-cf\"><div class=\"wpb_text_column\" ><div class=\"wpb_wrapper\"><ul>\n<li>Tuboplast\u00f3a (recanalizaci\u00f3n tubarica)<\/li>\n<li>Histeroscop\u00eda: procedimiento para examinar el interior del \u00fatero, puede ser diagnostico o quir\u00fargico.<\/li>\n<li>Cistectom\u00eda: extirpaci\u00f3n de quiste del ovario.<\/li>\n<li>Laparoscop\u00eda: Procedimiento para la evaluaci\u00f3n del abdomen y la pelvis con una peque\u00f1a c\u00e1mara, y para tratar focos endometriosicos.<\/li>\n<\/ul>\n<\/div><\/div><\/div><\/div><\/div><div class=\"w-tabs-section\" id=\"1548024230327-ccce6425-3311\"><button class=\"w-tabs-section-header\" aria-controls=\"content-1548024230327-ccce6425-3311\"><div class=\"w-tabs-section-header-h\"><div class=\"w-tabs-section-title\">Schedule<\/div><div class=\"w-tabs-section-control\"><\/div><\/div><\/button><div class=\"w-tabs-section-content\" id=\"content-1548024230327-ccce6425-3311\" aria-expanded=\"false\"><div class=\"w-tabs-section-content-h i-cf\"><div class=\"wpb_text_column\" ><div class=\"wpb_wrapper\"><p><strong>Consultas ginecol\u00f3gicas y obst\u00e9tricas:<\/strong><\/p>\n<p>Lunes a viernes de 8:00 a. m. a 8:00 p. m.<\/p>\n<p>S\u00e1bados de 8:00 a. m. a 2:00 p. m.<\/p>\n<p><strong>Consultas de endocrinolog\u00eda ginecol\u00f3gica:<\/strong><\/p>\n<p><strong>\u00a0<\/strong><strong>Unidad materno fetal<\/strong>, siendo parte fundamental de la obstetricia que tiene como objetivo evaluar el desarrollo fetal y diagnosticar las posibles alteraciones del mismo.<\/p>\n<p><strong>La unidad materno fetal realiza los siguientes estudios<\/strong>:<\/p>\n<ul>\n<li>Sonograf\u00edas gen\u00e9ticas, entre las 12-14 semanas de gestaci\u00f3n<\/li>\n<li>Sonograf\u00edas morfol\u00f3gicas, entre 20-24 semanas<\/li>\n<li>Perfil hemodin\u00e1mico feto placentario<\/li>\n<li>Cervicometria<\/li>\n<li>Doppler de arterias uterinas<\/li>\n<li>Sonograf\u00edas obst\u00e9tricas<\/li>\n<\/ul>\n<p><strong>\u00a0<\/strong><strong>Unidad de Alto Riesgo Obst\u00e9trico<\/strong><\/p>\n<p><strong>\u00a0<\/strong><strong>Horarios de las consultas:<\/strong><\/p>\n<p><strong>\u00a0<\/strong>Lunes y viernes de 8:00 a. m. a 8:00 p. m.<\/p>\n<p>S\u00e1bados de 8:00 a. m. a 2:00 p. m.<\/p>\n<p><strong>Ubicaciones: <\/strong><\/p>\n<p>Edificio principal #1 primer nivel<\/p>\n<p>Edificio Atenci\u00f3n Primaria #5 segundo nivel<\/p>\n<p>Edificio #3 Oncoplaza segundo nivel<\/p>\n<p><strong>Contact:<\/strong> 809-565-7477 ext.: 5512<\/p>\n<p><strong>Contact Center:<\/strong> 809-565-7477 ext.: 7900<\/p>\n<\/div><\/div><\/div><\/div><\/div><\/div><\/div><\/div><\/div><\/div><\/div><div class=\"vc_col-sm-4 wpb_column vc_column_container\"><div class=\"vc_column-inner us_custom_c3c31ab9\"><div class=\"wpb_wrapper\"><div class=\"uavc-list-icon uavc-list-icon-wrapper ult-adjust-bottom-margin\"><ul class=\"uavc-list\"><li><div class=\"uavc-list-content\" id=\"list-icon-wrap-2296\">\n<div class=\"uavc-list-icon\" data-animation=\"\" data-animation-delay=\"03\" style=\"margin-right:10px;\"><div class=\"ult-just-icon-wrapper\"><div class=\"align-icon\" style=\"text-align:center;\">\n<div class=\"aio-icon none\"  style=\"font-size:22px;display:inline-block;\">\n\t<i class=\"Defaults-calendar\"><\/i>\n<\/div><\/div><\/div>\n<\/div><span  data-ultimate-target='#list-icon-wrap-2296 .uavc-list-desc'  data-responsive-json-new='{\"font-size\":\"\",\"line-height\":\"\"}'  class=\"uavc-list-desc ult-responsive\" style=\"\">\n<h4 style=\"padding-bottom: 0; margin-bottom: 0; font-size: 20px;\">For Appointments<\/h4>\n<p><span style=\"font-size: 14px; line-height: 18px;\">Call to <a style=\"color: #30414f; text-decoration: underline;\" href=\"tel:809-565-7477\">809-565-7477<\/a><br \/>\nFill the <a style=\"color: #30414f; text-decoration: underline;\" href=\"https:\/\/hgps.org.do\/en\/citas\/\">Online Form<\/a><br \/>\nor Write to us <a style=\"color: #30414f; text-decoration: underline;\" href=\"#\">Live Chat<\/a><\/span><\/span><\/div><\/li><\/ul><\/div><h4 style=\"font-size: 20px;color: #00acc9;text-align: center;font-family:Titillium Web;font-weight:600;font-style:normal\" class=\"vc_custom_heading us_custom_7c7abea5\" >Related Posts<\/h4><div class=\"w-grid type_grid layout_25768 overflow_hidden\" id=\"us_grid_1\" data-grid-filter=\"true\"><style id=\"us_grid_1_css\">#us_grid_1 .w-grid-item:not(:last-child){margin-bottom:1.5rem}#us_grid_1 .g-loadmore{margin-top:1.5rem}<\/style><style>.layout_25768 .w-grid-item-h{background:#ffffff}.layout_25768 .usg_post_image_1{margin-bottom:0!important;padding-bottom:0!important}.layout_25768 .usg_post_title_1{font-family:'Titillium Web', sans-serif!important;font-size:1.1rem!important;line-height:1.2em!important;padding:0!important;margin:10px 0 0 0!important}.layout_25768 .usg_hwrapper_2{color:#00bcd4!important}.layout_25768 .usg_post_date_1{font-size:0.8rem!important}.layout_25768 .usg_vwrapper_1{padding:0!important}.layout_25768 .usg_post_taxonomy_2{font-size:0.8rem!important}<\/style><div class=\"w-grid-list\" ><article class=\"w-grid-item size_1x1 post-27731 post type-post status-publish format-standard has-post-thumbnail hentry category-articulos tag-ginecologia-y-obstetricia\" data-id=\"27731\">\r\n\t<div class=\"w-grid-item-h\">\r\n\t\t\t\t<div class=\"w-post-elm post_image usg_post_image_1 stretched\"><a href=\"https:\/\/hgps.org.do\/en\/articulos\/anticoncepcion-efectiva-y-segura\/\" aria-label=\"ANTICONCEPCI\u00d3N EFECTIVA Y SEGURA\"><img loading=\"lazy\" decoding=\"async\" width=\"229\" height=\"400\" src=\"https:\/\/hgps.org.do\/wp-content\/uploads\/2023\/03\/DRA-EVANGELINA-MOLINA_PRENSA1-229x400.jpg\" class=\"attachment-medium size-medium wp-post-image\" alt=\"\" srcset=\"https:\/\/hgps.org.do\/wp-content\/uploads\/2023\/03\/DRA-EVANGELINA-MOLINA_PRENSA1-229x400.jpg 229w, https:\/\/hgps.org.do\/wp-content\/uploads\/2023\/03\/DRA-EVANGELINA-MOLINA_PRENSA1-7x12.jpg 7w, https:\/\/hgps.org.do\/wp-content\/uploads\/2023\/03\/DRA-EVANGELINA-MOLINA_PRENSA1.jpg 400w\" sizes=\"(max-width: 229px) 100vw, 229px\" \/><\/a><\/div><div class=\"w-vwrapper usg_vwrapper_1 align_center valign_top\"><h2 class=\"w-post-elm post_title usg_post_title_1 entry-title color_link_inherit\"><a href=\"https:\/\/hgps.org.do\/en\/articulos\/anticoncepcion-efectiva-y-segura\/\">ANTICONCEPCI\u00d3N EFECTIVA Y SEGURA<\/a><\/h2><div class=\"w-hwrapper usg_hwrapper_2 align_center valign_top wrap\"><time class=\"w-post-elm post_date usg_post_date_1 entry-date published\" datetime=\"2023-03-30T14:44:09+00:00\"><i class=\"far fa-clock\"><\/i>30 March, 2023<\/time><div class=\"w-post-elm post_taxonomy usg_post_taxonomy_2 style_simple color_link_inherit\"><i class=\"far fa-tags\"><\/i><a href=\"https:\/\/hgps.org.do\/en\/tag\/ginecologia-y-obstetricia\/\" rel=\"tag\">Gynecology and Obstetrics<\/a><\/div><\/div><\/div>\t<\/div>\r\n<\/article>\r\n<article class=\"w-grid-item size_1x1 post-26530 post type-post status-publish format-standard has-post-thumbnail hentry category-articulos tag-ginecologia-y-obstetricia\" data-id=\"26530\">\r\n\t<div class=\"w-grid-item-h\">\r\n\t\t\t\t<div class=\"w-post-elm post_image usg_post_image_1 stretched\"><a href=\"https:\/\/hgps.org.do\/en\/articulos\/evaluacion-ginecologica-para-prevenir-el-cancer\/\" aria-label=\"Gynecological evaluation to prevent cancer\"><img loading=\"lazy\" decoding=\"async\" width=\"600\" height=\"400\" src=\"https:\/\/hgps.org.do\/wp-content\/uploads\/2019\/04\/hgps-ginecologia-600x400.jpg\" class=\"attachment-medium size-medium wp-post-image\" alt=\"\" srcset=\"https:\/\/hgps.org.do\/wp-content\/uploads\/2019\/04\/hgps-ginecologia-600x400.jpg 600w, https:\/\/hgps.org.do\/wp-content\/uploads\/2019\/04\/hgps-ginecologia.jpg 675w\" sizes=\"(max-width: 600px) 100vw, 600px\" \/><\/a><\/div><div class=\"w-vwrapper usg_vwrapper_1 align_center valign_top\"><h2 class=\"w-post-elm post_title usg_post_title_1 entry-title color_link_inherit\"><a href=\"https:\/\/hgps.org.do\/en\/articulos\/evaluacion-ginecologica-para-prevenir-el-cancer\/\">Gynecological evaluation to prevent cancer<\/a><\/h2><div class=\"w-hwrapper usg_hwrapper_2 align_center valign_top wrap\"><time class=\"w-post-elm post_date usg_post_date_1 entry-date published\" datetime=\"2019-04-08T13:12:35+00:00\"><i class=\"far fa-clock\"><\/i>8 April, 2019<\/time><div class=\"w-post-elm post_taxonomy usg_post_taxonomy_2 style_simple color_link_inherit\"><i class=\"far fa-tags\"><\/i><a href=\"https:\/\/hgps.org.do\/en\/tag\/ginecologia-y-obstetricia\/\" rel=\"tag\">Gynecology and Obstetrics<\/a><\/div><\/div><\/div>\t<\/div>\r\n<\/article>\r\n<article class=\"w-grid-item size_1x1 post-26533 post type-post status-publish format-standard has-post-thumbnail hentry category-articulos tag-ginecologia-y-obstetricia\" data-id=\"26533\">\r\n\t<div class=\"w-grid-item-h\">\r\n\t\t\t\t<div class=\"w-post-elm post_image usg_post_image_1 stretched\"><a href=\"https:\/\/hgps.org.do\/en\/articulos\/la-migrana-produce-discapacidad-importante\/\" aria-label=\"Migraine causes significant disability\"><img loading=\"lazy\" decoding=\"async\" width=\"600\" height=\"400\" src=\"https:\/\/hgps.org.do\/wp-content\/uploads\/2019\/04\/Untitled-1.jpg\" class=\"attachment-medium size-medium wp-post-image\" alt=\"\" \/><\/a><\/div><div class=\"w-vwrapper usg_vwrapper_1 align_center valign_top\"><h2 class=\"w-post-elm post_title usg_post_title_1 entry-title color_link_inherit\"><a href=\"https:\/\/hgps.org.do\/en\/articulos\/la-migrana-produce-discapacidad-importante\/\">Migraine causes significant disability<\/a><\/h2><div class=\"w-hwrapper usg_hwrapper_2 align_center valign_top wrap\"><time class=\"w-post-elm post_date usg_post_date_1 entry-date published\" datetime=\"2019-04-01T13:21:28+00:00\"><i class=\"far fa-clock\"><\/i>1 April, 2019<\/time><div class=\"w-post-elm post_taxonomy usg_post_taxonomy_2 style_simple color_link_inherit\"><i class=\"far fa-tags\"><\/i><a href=\"https:\/\/hgps.org.do\/en\/tag\/ginecologia-y-obstetricia\/\" rel=\"tag\">Gynecology and Obstetrics<\/a><\/div><\/div><\/div>\t<\/div>\r\n<\/article>\r\n<article class=\"w-grid-item post-26327 post type-post status-publish format-standard has-post-thumbnail hentry category-articulos tag-ginecologia-y-obstetricia\" data-id=\"26327\">\r\n\t<div class=\"w-grid-item-h\">\r\n\t\t\t\t<div class=\"w-post-elm post_image usg_post_image_1 stretched\"><a href=\"https:\/\/hgps.org.do\/en\/articulos\/parto-pretermino-riesgo-causa-y-prevencion\/\" aria-label=\"Preterm delivery: risk, cause and prevention\"><img loading=\"lazy\" decoding=\"async\" width=\"300\" height=\"200\" src=\"https:\/\/hgps.org.do\/wp-content\/uploads\/2019\/01\/hgps-parto-300x200.jpg\" class=\"attachment-medium size-medium wp-post-image\" alt=\"\" srcset=\"https:\/\/hgps.org.do\/wp-content\/uploads\/2019\/01\/hgps-parto-300x200.jpg 300w, https:\/\/hgps.org.do\/wp-content\/uploads\/2019\/01\/hgps-parto.jpg 600w\" sizes=\"(max-width: 300px) 100vw, 300px\" \/><\/a><\/div><div class=\"w-vwrapper usg_vwrapper_1 align_center valign_top\"><h2 class=\"w-post-elm post_title usg_post_title_1 entry-title color_link_inherit\"><a href=\"https:\/\/hgps.org.do\/en\/articulos\/parto-pretermino-riesgo-causa-y-prevencion\/\">Preterm delivery: risk, cause and prevention<\/a><\/h2><div class=\"w-hwrapper usg_hwrapper_2 align_center valign_top wrap\"><time class=\"w-post-elm post_date usg_post_date_1 entry-date published\" datetime=\"2019-01-14T04:57:07+00:00\"><i class=\"far fa-clock\"><\/i>14 January, 2019<\/time><div class=\"w-post-elm post_taxonomy usg_post_taxonomy_2 style_simple color_link_inherit\"><i class=\"far fa-tags\"><\/i><a href=\"https:\/\/hgps.org.do\/en\/tag\/ginecologia-y-obstetricia\/\" rel=\"tag\">Gynecology and Obstetrics<\/a><\/div><\/div><\/div>\t<\/div>\r\n<\/article>\r\n<\/div><div class=\"w-grid-preloader\"><div class=\"g-preloader type_1\">\r\n\t<div><\/div>\r\n<\/div>\r\n<\/div>\t<div class=\"w-grid-json hidden\" onclick='return {&quot;action&quot;:&quot;us_ajax_grid&quot;,&quot;ajax_url&quot;:&quot;https:\\\/\\\/hgps.org.do\\\/wp-admin\\\/admin-ajax.php&quot;,&quot;infinite_scroll&quot;:0,&quot;max_num_pages&quot;:1,&quot;pagination&quot;:&quot;none&quot;,&quot;permalink_url&quot;:&quot;https:\\\/\\\/hgps.org.do\\\/en\\\/wp-json\\\/wp\\\/v2\\\/pages\\\/22829&quot;,&quot;template_vars&quot;:{&quot;columns&quot;:&quot;1&quot;,&quot;exclude_items&quot;:&quot;none&quot;,&quot;img_size&quot;:&quot;medium&quot;,&quot;ignore_items_size&quot;:false,&quot;items_layout&quot;:&quot;25768&quot;,&quot;items_offset&quot;:&quot;1&quot;,&quot;overriding_link&quot;:&quot;none&quot;,&quot;post_id&quot;:22829,&quot;query_args&quot;:{&quot;post_type&quot;:[&quot;post&quot;],&quot;tax_query&quot;:[{&quot;taxonomy&quot;:&quot;post_tag&quot;,&quot;field&quot;:&quot;slug&quot;,&quot;terms&quot;:[&quot;ginecologia-y-obstetricia&quot;]}],&quot;post_status&quot;:[&quot;publish&quot;],&quot;orderby&quot;:{&quot;date&quot;:&quot;DESC&quot;},&quot;posts_per_page&quot;:&quot;5&quot;},&quot;type&quot;:&quot;grid&quot;,&quot;us_grid_ajax_index&quot;:1,&quot;us_grid_filter_params&quot;:null,&quot;us_grid_index&quot;:1,&quot;_us_grid_post_type&quot;:&quot;post&quot;}}'><\/div>\r\n<\/div><\/div><\/div><\/div><\/div><\/div><\/section>","protected":false},"excerpt":{"rendered":"El parto prematuro es un problema de salud perinatal importante y con gran impacto a nivel mundial; puede aparecer hasta en 10 % de las gestaciones. Los pa\u00edses en desarrollo son los que sufren las cargas m\u00e1s altas en t\u00e9rminos absolutos, en donde los nacimientos prematuros son responsables de aproximadamente 75 a 80 % de...","protected":false},"author":1,"featured_media":0,"parent":22825,"menu_order":37,"comment_status":"closed","ping_status":"closed","template":"","meta":{"footnotes":""},"_links":{"self":[{"href":"https:\/\/hgps.org.do\/en\/wp-json\/wp\/v2\/pages\/22829"}],"collection":[{"href":"https:\/\/hgps.org.do\/en\/wp-json\/wp\/v2\/pages"}],"about":[{"href":"https:\/\/hgps.org.do\/en\/wp-json\/wp\/v2\/types\/page"}],"author":[{"embeddable":true,"href":"https:\/\/hgps.org.do\/en\/wp-json\/wp\/v2\/users\/1"}],"replies":[{"embeddable":true,"href":"https:\/\/hgps.org.do\/en\/wp-json\/wp\/v2\/comments?post=22829"}],"version-history":[{"count":3,"href":"https:\/\/hgps.org.do\/en\/wp-json\/wp\/v2\/pages\/22829\/revisions"}],"predecessor-version":[{"id":27249,"href":"https:\/\/hgps.org.do\/en\/wp-json\/wp\/v2\/pages\/22829\/revisions\/27249"}],"up":[{"embeddable":true,"href":"https:\/\/hgps.org.do\/en\/wp-json\/wp\/v2\/pages\/22825"}],"wp:attachment":[{"href":"https:\/\/hgps.org.do\/en\/wp-json\/wp\/v2\/media?parent=22829"}],"curies":[{"name":"wp","href":"https:\/\/api.w.org\/{rel}","templated":true}]}}