{"id":22831,"date":"2018-05-01T21:19:35","date_gmt":"2018-05-01T21:19:35","guid":{"rendered":"https:\/\/portal-hgps.azurewebsites.net\/servicios-medicos\/imagenologia\/"},"modified":"2022-05-04T18:52:19","modified_gmt":"2022-05-04T18:52:19","slug":"imagenologia","status":"publish","type":"page","link":"https:\/\/hgps.org.do\/en\/centros-especializados\/imagenologia\/","title":{"rendered":"Imaging"},"content":{"rendered":"<section class=\"l-section wpb_row us_custom_9b36ddac height_medium\"><div class=\"l-section-h i-cf\"><div class=\"g-cols vc_row type_default valign_top\"><div class=\"vc_col-sm-8 wpb_column vc_column_container\"><div class=\"vc_column-inner\"><div class=\"wpb_wrapper\"><div id=\"ultimate-heading-692869dc14a88b920\" class=\"uvc-heading ult-adjust-bottom-margin ultimate-heading-692869dc14a88b920 uvc-7164\" data-hspacer=\"line_only\"  data-halign=\"center\" style=\"text-align:center\"><div class=\"uvc-main-heading ult-responsive\"  data-ultimate-target='.uvc-heading.ultimate-heading-692869dc14a88b920 h2'  data-responsive-json-new='{\"font-size\":\"\",\"line-height\":\"\"}' ><h2 style=\"font-weight:normal;margin-bottom:10px;\">Imaging<\/h2><\/div><div class=\"uvc-heading-spacer line_only\" style=\"margin-bottom:20px;height:2px;\"><span class=\"uvc-headings-line\" style=\"border-style:solid;border-bottom-width:2px;border-color:#00abc6;width:300px;\"><\/span><\/div><\/div><div class=\"wpb_text_column us_custom_e038e7e6\" ><div class=\"wpb_wrapper\"><p>Esta unidad se encarga de la preparaci\u00f3n, toma e interpretaci\u00f3n de los estudios de im\u00e1genes, para que sirvan como elemento de apoyo en el establecimiento del diagn\u00f3stico, tratamiento y seguimiento de los diversos procesos patol\u00f3gicos que padecen las personas, adem\u00e1s de guardar todas las reglas de radio protecci\u00f3n.<\/p>\n<\/div><\/div><div class=\"w-tabs style_default switch_click accordion has_scrolling type_togglable title_atleft icon_chevron iconpos_right\"><div class=\"w-tabs-sections\"><div class=\"w-tabs-sections-h\"><div class=\"w-tabs-section\" id=\"1548023767346-cd77bd47-43e4\"><button class=\"w-tabs-section-header\" aria-controls=\"content-1548023767346-cd77bd47-43e4\"><div class=\"w-tabs-section-header-h\"><div class=\"w-tabs-section-title\">Target audiences<\/div><div class=\"w-tabs-section-control\"><\/div><\/div><\/button><div class=\"w-tabs-section-content\" id=\"content-1548023767346-cd77bd47-43e4\" aria-expanded=\"false\"><div class=\"w-tabs-section-content-h i-cf\"><div class=\"wpb_text_column\" ><div class=\"wpb_wrapper\"><p>Patients hospitalized in the HGPS<br \/>\nPatients in general of the HGPS<br \/>\nPatients in general from other health centers<\/p>\n<\/div><\/div><\/div><\/div><\/div><div class=\"w-tabs-section\" id=\"1548023823198-12a4e08a-f086\"><button class=\"w-tabs-section-header\" aria-controls=\"content-1548023823198-12a4e08a-f086\"><div class=\"w-tabs-section-header-h\"><div class=\"w-tabs-section-title\">Nuclear magnetic resonance<\/div><div class=\"w-tabs-section-control\"><\/div><\/div><\/button><div class=\"w-tabs-section-content\" id=\"content-1548023823198-12a4e08a-f086\" aria-expanded=\"false\"><div class=\"w-tabs-section-content-h i-cf\"><div class=\"g-cols wpb_row  type_default valign_top vc_inner\"><div class=\"vc_col-sm-12 wpb_column vc_column_container\"><div class=\"vc_column-inner\"><div class=\"wpb_wrapper\"><div class=\"wpb_text_column\" ><div class=\"wpb_wrapper\"><p>It is a diagnostic imaging technique that is performed through the use of an electromagnetic field and the capture of radio frequency signals emitted by the particles subjected to the magnetic field, which allows images of the studied area to be obtained in all spatial planes.<\/p>\n<p><strong>Types of Nuclear Magnetic Resonance<\/strong><\/p>\n<\/div><\/div><\/div><\/div><\/div><\/div><div class=\"g-cols wpb_row  us_custom_0f8f44b7 type_default valign_top vc_inner\"><div class=\"vc_col-sm-4 wpb_column vc_column_container\"><div class=\"vc_column-inner\"><div class=\"wpb_wrapper\"><div class=\"wpb_text_column\" ><div class=\"wpb_wrapper\"><p>Skull<br \/>\nTurkish chair<br \/>\nCervical spine<br \/>\nNeck<br \/>\nCholangio-resonance<br \/>\nAbdomen<br \/>\nPelvis<\/p>\n<\/div><\/div><\/div><\/div><\/div><div class=\"vc_col-sm-4 wpb_column vc_column_container\"><div class=\"vc_column-inner\"><div class=\"wpb_wrapper\"><div class=\"wpb_text_column\" ><div class=\"wpb_wrapper\"><p>Orbit<br \/>\nEar<br \/>\nShoulders<br \/>\nElbow<br \/>\nDorsal column<br \/>\nLumbar spine<br \/>\nHip<br \/>\nMamas<br \/>\nAngio-resonancias<br \/>\nMuslo<\/p>\n<\/div><\/div><\/div><\/div><\/div><div class=\"vc_col-sm-4 wpb_column vc_column_container\"><div class=\"vc_column-inner\"><div class=\"wpb_wrapper\"><div class=\"wpb_text_column\" ><div class=\"wpb_wrapper\"><p>Sacroiliac joints<br \/>\nKnee<br \/>\nAnkle<br \/>\nFoot<br \/>\nHypophysis<br \/>\nDoll<br \/>\nHand<br \/>\nMaxilo facial<br \/>\nEspectroscopia por resonancia<\/p>\n<p>&nbsp;<\/p>\n<\/div><\/div><\/div><\/div><\/div><\/div><\/div><\/div><\/div><div class=\"w-tabs-section\" id=\"1548023823198-12a4e08a-f086\"><button class=\"w-tabs-section-header\" aria-controls=\"content-1548023823198-12a4e08a-f086\"><div class=\"w-tabs-section-header-h\"><div class=\"w-tabs-section-title\">Computed axial tomography<\/div><div class=\"w-tabs-section-control\"><\/div><\/div><\/button><div class=\"w-tabs-section-content\" id=\"content-1548023823198-12a4e08a-f086\" aria-expanded=\"false\"><div class=\"w-tabs-section-content-h i-cf\"><div class=\"g-cols wpb_row  type_default valign_top vc_inner\"><div class=\"vc_col-sm-12 wpb_column vc_column_container\"><div class=\"vc_column-inner\"><div class=\"wpb_wrapper\"><div class=\"wpb_text_column\" ><div class=\"wpb_wrapper\"><p>It is a radiological diagnostic test by using X-rays and computer image processing. The planes traversed by X-rays are reconstructed through the computer.<\/p>\n<\/div><\/div><\/div><\/div><\/div><\/div><div class=\"g-cols wpb_row  us_custom_0f8f44b7 type_default valign_top vc_inner\"><div class=\"vc_col-sm-4 wpb_column vc_column_container\"><div class=\"vc_column-inner\"><div class=\"wpb_wrapper\"><div class=\"wpb_text_column\" ><div class=\"wpb_wrapper\"><p>Simple skull<br \/>\nSkull with contrast<br \/>\nOrbits with contrast<br \/>\nParanasal sinuses<br \/>\nMaxillofacial<\/p>\n<\/div><\/div><\/div><\/div><\/div><div class=\"vc_col-sm-4 wpb_column vc_column_container\"><div class=\"vc_column-inner\"><div class=\"wpb_wrapper\"><div class=\"wpb_text_column\" ><div class=\"wpb_wrapper\"><p>Cervical spine<br \/>\nDorsal column<br \/>\nLumbar spine<br \/>\nFace<br \/>\nTurkish chair with contrast<\/p>\n<\/div><\/div><\/div><\/div><\/div><div class=\"vc_col-sm-4 wpb_column vc_column_container\"><div class=\"vc_column-inner\"><div class=\"wpb_wrapper\"><div class=\"wpb_text_column\" ><div class=\"wpb_wrapper\"><p>Mastoid<br \/>\nNeck with contrast<br \/>\nSimple thorax<br \/>\nAbdomen<br \/>\nPelvis<\/p>\n<p style=\"margin: 0cm; margin-bottom: .0001pt; background: white;\">\n<\/div><\/div><\/div><\/div><\/div><\/div><\/div><\/div><\/div><div class=\"w-tabs-section\" id=\"1548029174487-523555e1-fc0e\"><button class=\"w-tabs-section-header\" aria-controls=\"content-1548029174487-523555e1-fc0e\"><div class=\"w-tabs-section-header-h\"><div class=\"w-tabs-section-title\">Special computerized axial tomographies<\/div><div class=\"w-tabs-section-control\"><\/div><\/div><\/button><div class=\"w-tabs-section-content\" id=\"content-1548029174487-523555e1-fc0e\" aria-expanded=\"false\"><div class=\"w-tabs-section-content-h i-cf\"><div class=\"g-cols wpb_row  type_default valign_top vc_inner\"><div class=\"vc_col-sm-6 wpb_column vc_column_container\"><div class=\"vc_column-inner\"><div class=\"wpb_wrapper\"><div class=\"wpb_text_column\" ><div class=\"wpb_wrapper\"><p>Calcium Score<br \/>\nExtremities<br \/>\nUrography by multislice computed tomography (UROTAC)<br \/>\nAxial computed tomography angiography (Angio TAC)<\/p>\n<\/div><\/div><\/div><\/div><\/div><div class=\"vc_col-sm-6 wpb_column vc_column_container\"><div class=\"vc_column-inner\"><div class=\"wpb_wrapper\"><div class=\"wpb_text_column\" ><div class=\"wpb_wrapper\"><p>Coronary Angiotomography<br \/>\nTomography Image Reconstruction<br \/>\nVolume-directed (Biopsies)<br \/>\nTomo-directed drains<\/p>\n<\/div><\/div><\/div><\/div><\/div><\/div><\/div><\/div><\/div><div class=\"w-tabs-section\" id=\"1548029311995-ebb4f890-8a71\"><button class=\"w-tabs-section-header\" aria-controls=\"content-1548029311995-ebb4f890-8a71\"><div class=\"w-tabs-section-header-h\"><div class=\"w-tabs-section-title\">Sonographies<\/div><div class=\"w-tabs-section-control\"><\/div><\/div><\/button><div class=\"w-tabs-section-content\" id=\"content-1548029311995-ebb4f890-8a71\" aria-expanded=\"false\"><div class=\"w-tabs-section-content-h i-cf\"><div class=\"g-cols wpb_row  type_default valign_top vc_inner\"><div class=\"vc_col-sm-12 wpb_column vc_column_container\"><div class=\"vc_column-inner\"><div class=\"wpb_wrapper\"><div class=\"wpb_text_column\" ><div class=\"wpb_wrapper\"><p>It consists in the detection and representation of the acoustic energy reflected from the different body interfaces, which provide necessary information to generate high resolution images in gray scale.<\/p>\n<p><strong>Types of Sonographies:<\/strong><\/p>\n<\/div><\/div><\/div><\/div><\/div><\/div><div class=\"g-cols wpb_row  us_custom_0f8f44b7 type_default valign_top vc_inner\"><div class=\"vc_col-sm-4 wpb_column vc_column_container\"><div class=\"vc_column-inner\"><div class=\"wpb_wrapper\"><div class=\"wpb_text_column\" ><div class=\"wpb_wrapper\"><p>Transfontanel<br \/>\nThyroid<br \/>\nMamas<br \/>\nSoft parts<\/p>\n<\/div><\/div><\/div><\/div><\/div><div class=\"vc_col-sm-4 wpb_column vc_column_container\"><div class=\"vc_column-inner\"><div class=\"wpb_wrapper\"><div class=\"wpb_text_column\" ><div class=\"wpb_wrapper\"><p>Skeletal muscle<br \/>\nAbdomen<br \/>\nSupra-pubic pelvis<br \/>\nTransvaginal pelvic<\/p>\n<\/div><\/div><\/div><\/div><\/div><div class=\"vc_col-sm-4 wpb_column vc_column_container\"><div class=\"vc_column-inner\"><div class=\"wpb_wrapper\"><div class=\"wpb_text_column\" ><div class=\"wpb_wrapper\"><p>Transrectal<br \/>\nScrotum<br \/>\nObstetric<\/p>\n<\/div><\/div><\/div><\/div><\/div><\/div><\/div><\/div><\/div><div class=\"w-tabs-section\" id=\"1548032557512-e190ea4d-dacb\"><button class=\"w-tabs-section-header\" aria-controls=\"content-1548032557512-e190ea4d-dacb\"><div class=\"w-tabs-section-header-h\"><div class=\"w-tabs-section-title\">Special Sonar Studies<\/div><div class=\"w-tabs-section-control\"><\/div><\/div><\/button><div class=\"w-tabs-section-content\" id=\"content-1548032557512-e190ea4d-dacb\" aria-expanded=\"false\"><div class=\"w-tabs-section-content-h i-cf\"><div class=\"wpb_text_column\" ><div class=\"wpb_wrapper\"><ul>\n<li>Non-invasive peripheral Doppler (common carotids, internal carotids, vertebral arteries, inferior and superior arterial and venous limbs, and markings).<\/li>\n<li>Non-superficial Doppler (liver, spleen and kidneys).<\/li>\n<li>Basal biophysical profile and cord flowmetry.<\/li>\n<li>Biopsies Sonodirigidas (prostate, kidney, thyroid, liver and breast).<\/li>\n<li>Drains are directed.<\/li>\n<li>Amniocentesis.<\/li>\n<\/ul>\n<\/div><\/div><\/div><\/div><\/div><div class=\"w-tabs-section\" id=\"1548032694490-1dcf983b-96fc\"><button class=\"w-tabs-section-header\" aria-controls=\"content-1548032694490-1dcf983b-96fc\"><div class=\"w-tabs-section-header-h\"><div class=\"w-tabs-section-title\">X-rays<\/div><div class=\"w-tabs-section-control\"><\/div><\/div><\/button><div class=\"w-tabs-section-content\" id=\"content-1548032694490-1dcf983b-96fc\" aria-expanded=\"false\"><div class=\"w-tabs-section-content-h i-cf\"><div class=\"wpb_text_column\" ><div class=\"wpb_wrapper\"><p><strong>X-rays<\/strong><\/p>\n<p>It consists in the registration of an image in a photographic film that is exposed to a source of radiation with the objective of determining a pathological process, whether congenital or acquired, of a traumatic, infectious, inflammatory, tumor or degenerative nature.<\/p>\n<p><strong>Conventional Digital Radiology:<\/strong><br \/>\nSkull<br \/>\nSenos para nasales<br \/>\nCervical spine<br \/>\nCavum<br \/>\nEdad \u00f3sea<br \/>\nT\u00f3rax<br \/>\nDorsal column<br \/>\nLumbar spine<br \/>\nColumna lumbo-sacra<br \/>\nPelvis<br \/>\nAbdomen de pie y acostado<br \/>\nHand<br \/>\nFoot<br \/>\nSerie \u00f3sea<\/p>\n<p>&nbsp;<\/p>\n<p>&nbsp;<\/p>\n<p><strong>Radiolog\u00eda para estudios contrastados:<\/strong><\/p>\n<p>Urograf\u00edas excretoras<br \/>\nUretrocistografias miccional y retrograda<br \/>\nColon con contraste<br \/>\nEstudios de es\u00f3fago, est\u00f3mago y duodeno<br \/>\nTr\u00e1nsito intestinal<br \/>\nFistulograf\u00edas<br \/>\nHisterosalpingograf\u00edas<br \/>\nCistograf\u00eda<\/p>\n<p><strong>Radiolog\u00eda port\u00e1til:<\/strong><\/p>\n<p>Radiograf\u00eda de t\u00f3rax utilizada para estudios en los pacientes hospitalizados, que por su condici\u00f3n cl\u00ednica no pueden trasladarse de su \u00e1rea.<\/p>\n<p>&nbsp;<\/p>\n<\/div><\/div><\/div><\/div><\/div><div class=\"w-tabs-section\" id=\"1548032756410-d61df766-704f\"><button class=\"w-tabs-section-header\" aria-controls=\"content-1548032756410-d61df766-704f\"><div class=\"w-tabs-section-header-h\"><div class=\"w-tabs-section-title\">Mammography<\/div><div class=\"w-tabs-section-control\"><\/div><\/div><\/button><div class=\"w-tabs-section-content\" id=\"content-1548032756410-d61df766-704f\" aria-expanded=\"false\"><div class=\"w-tabs-section-content-h i-cf\"><div class=\"wpb_text_column\" ><div class=\"wpb_wrapper\"><p>It consists of a diagnostic scan of X-ray image of the mammary gland, using devices called mammography, to produce detailed images of the internal structures of the breast that allow the early detection of breast cancer.<\/p>\n<p>It is done to women 35 years and older.<\/p>\n<p><strong>Indications:<\/strong><\/p>\n<ul>\n<li>Early detection of breast cancer (with or without known risk)<\/li>\n<li>To evaluate palpable lesions<\/li>\n<li>Abnormal secretions from the nipple<\/li>\n<li>Post surgical control<\/li>\n<li>Tracking of previous injuries<\/li>\n<li>Cancer of unknown origin<\/li>\n<li>Mamas difficult to evaluate<\/li>\n<li>Breast Markings<\/li>\n<li>Biopsia por estereotaxia<\/li>\n<li>Compresi\u00f3n focal.<\/li>\n<\/ul>\n<\/div><\/div><\/div><\/div><\/div><div class=\"w-tabs-section\" id=\"1548032826083-3e87a02b-1186\"><button class=\"w-tabs-section-header\" aria-controls=\"content-1548032826083-3e87a02b-1186\"><div class=\"w-tabs-section-header-h\"><div class=\"w-tabs-section-title\">Bone densitometry<\/div><div class=\"w-tabs-section-control\"><\/div><\/div><\/button><div class=\"w-tabs-section-content\" id=\"content-1548032826083-3e87a02b-1186\" aria-expanded=\"false\"><div class=\"w-tabs-section-content-h i-cf\"><div class=\"wpb_text_column\" ><div class=\"wpb_wrapper\"><p>Densitometry is a scan that uses low doses of X-rays that pass through the body and take an x-ray to measure the density of calcium in the bones on age and bone patterns.<\/p>\n<p><strong>Indications:<\/strong><\/p>\n<ul>\n<li>Post-menopausal women or with risk factors.<\/li>\n<li>Women under 65 with additional risk of osteoporosis.<\/li>\n<li>History of fragility fractures after 45 years.<\/li>\n<li>Prolonged treatment with corticosteroids (3 months or more).<\/li>\n<li>Users with pathologies that affect the bone metabolism (at least 2).<br \/>\nHyperthyroidism<\/li>\n<li>Hyperparathyroidism<\/li>\n<li>Rheumatoid arthritis.<\/li>\n<li>Malabsorption syndrome (Celiac disease).<\/li>\n<li>Hypogonadism.<\/li>\n<li>Cushing&#039;s syndrome.<\/li>\n<li>Chronic liver disease<\/li>\n<li>Post-surgical patients by total or partial extirpation of the thyroid.<\/li>\n<li>Inflammatory bowel disease<\/li>\n<\/ul>\n<\/div><\/div><\/div><\/div><\/div><div class=\"w-tabs-section\" id=\"1548037424765-68dceb01-5538\"><button class=\"w-tabs-section-header\" aria-controls=\"content-1548037424765-68dceb01-5538\"><div class=\"w-tabs-section-header-h\"><div class=\"w-tabs-section-title\">Attention Schedule and Delivery of Results<\/div><div class=\"w-tabs-section-control\"><\/div><\/div><\/button><div class=\"w-tabs-section-content\" id=\"content-1548037424765-68dceb01-5538\" aria-expanded=\"false\"><div class=\"w-tabs-section-content-h i-cf\"><div class=\"wpb_text_column\" ><div class=\"wpb_wrapper\"><p><strong>Radiology <\/strong><\/p>\n<p><strong>\u00a0<\/strong><\/p>\n<p><strong>Edificio principal\u00a0<\/strong><strong>(Edif. #1<\/strong><strong>):<\/strong><\/p>\n<p>Servicios de Rx, sonograf\u00edas y tomograf\u00edas<\/p>\n<p>&nbsp;<\/p>\n<p>Dentro del servicio de Rx tenemos: radiograf\u00edas con fluoroscop\u00eda: colon, fistulograf\u00edas, serie es\u00f3fago, tr\u00e1nsito intestinal, histerosalpingograf\u00eda, cistograf\u00eda, uretrocistograf\u00eda y radiograf\u00edas simples.<\/p>\n<p>&nbsp;<\/p>\n<p>Dentro del servicio de tomograf\u00eda tenemos: angiotomografias, angiotac coronaria, score de calcio, biopsias tomodirigidas, drenajes tomo dirigidos y tomograf\u00edas simples.<\/p>\n<p>&nbsp;<\/p>\n<p><strong>Horarios: <\/strong>lunes a viernes 7:00 a. m. a 8:00 p. m.<\/p>\n<p>S\u00e1bados de 8:00 a. m. a 6:00 p. m.<\/p>\n<p>Servicios las 24 horas, los siete d\u00edas de la semana, para emergencias y hospitalizados.<\/p>\n<p><strong><u>\u00a0<\/u><\/strong><\/p>\n<p><strong>\u00a0<\/strong><\/p>\n<p><strong>Unidad de Im\u00e1genes Diagn\u00f3sticas (CID) (Edif. #2):<\/strong><\/p>\n<p><strong>\u00a0<\/strong><\/p>\n<ul>\n<li>Servicios de Rx, sonograf\u00edas, doppler, tomograf\u00edas, mamograf\u00edas, biopsias sonodirigidas y resonancias\u00a0magn\u00e9ticas.<\/li>\n<li>Resonancias y tomograf\u00edas a menores de 6 a\u00f1os que requieran apoyo anest\u00e9sico.<\/li>\n<li>Resonancias de Mama<\/li>\n<li>Espectroscop\u00eda por resonancia.<\/li>\n<\/ul>\n<p>&nbsp;<\/p>\n<p><strong>Horarios:<\/strong> lunes a viernes de 7:00 a. m. a 8:00 p. m.<\/p>\n<p>S\u00e1bados de 8:00 a. m. a 6:00 p. m.<\/p>\n<p><strong>Unidad Especializada de Im\u00e1genes Diagn\u00f3sticas en Trauma (<\/strong><strong>Edif. #2<\/strong><strong>)<\/strong><strong>:<\/strong><\/p>\n<p>&nbsp;<\/p>\n<p>Servicios de Rx<br \/>\nBiopsias sonodirigidas<br \/>\nResonancias magn\u00e9ticas<\/p>\n<p>&nbsp;<\/p>\n<p><strong>Horarios:<\/strong><\/p>\n<p>Lunes a viernes de 7:00 a. m. a 8:00 p. m.<\/p>\n<p>S\u00e1bados de 8:00 a. m. a 6:00 p. m.<\/p>\n<p>&nbsp;<\/p>\n<p><strong>Unidad de Im\u00e1genes Diagn\u00f3sticas en Atenci\u00f3n Primaria (<\/strong><strong>Edif. #5<\/strong><strong>)<\/strong>:<\/p>\n<p>&nbsp;<\/p>\n<p>Servicios de Rx<br \/>\nSonographies<br \/>\nDoppler<br \/>\nMamograf\u00edas<br \/>\nBiopsias sonodirigidas<br \/>\nDoppler<br \/>\nDensitometr\u00edas<\/p>\n<p>&nbsp;<\/p>\n<p><strong>Horarios:<\/strong><\/p>\n<p>Lunes a viernes de 7:00 a. m. a 7:00 p. m.<br \/>\nS\u00e1bados de 8:00 a. m. a 2:00 p. m.<\/p>\n<p>&nbsp;<\/p>\n<p>&nbsp;<\/p>\n<p>&nbsp;<\/p>\n<p><strong>Unidad de\u00a0<\/strong><strong>ONCOPLAZA (Edif. #3)<\/strong><\/p>\n<p>Servicios de\u00a0sonograf\u00edas<br \/>\nDoppler<\/p>\n<p><strong>Horarios:<\/strong><\/p>\n<p>Lunes a viernes\u00a0de 7:00 a. m. a 7:00 p. m.<\/p>\n<p><strong>\u00a0<\/strong><strong>Contact:<\/strong> 809-565-7477 ext.: 7900<\/p>\n<\/div><\/div><\/div><\/div><\/div><\/div><\/div><\/div><\/div><\/div><\/div><div class=\"vc_col-sm-4 wpb_column vc_column_container\"><div class=\"vc_column-inner us_custom_c3c31ab9\"><div class=\"wpb_wrapper\"><div class=\"uavc-list-icon uavc-list-icon-wrapper ult-adjust-bottom-margin\"><ul class=\"uavc-list\"><li><div class=\"uavc-list-content\" id=\"list-icon-wrap-1667\">\n<div class=\"uavc-list-icon\" data-animation=\"\" data-animation-delay=\"03\" style=\"margin-right:10px;\"><div class=\"ult-just-icon-wrapper\"><div class=\"align-icon\" style=\"text-align:center;\">\n<div class=\"aio-icon none\"  style=\"font-size:22px;display:inline-block;\">\n\t<i class=\"Defaults-calendar\"><\/i>\n<\/div><\/div><\/div>\n<\/div><span  data-ultimate-target='#list-icon-wrap-1667 .uavc-list-desc'  data-responsive-json-new='{\"font-size\":\"\",\"line-height\":\"\"}'  class=\"uavc-list-desc ult-responsive\" style=\"\">\n<h4 style=\"padding-bottom: 0; margin-bottom: 0; font-size: 20px;\">For Appointments<\/h4>\n<p><span style=\"font-size: 14px; line-height: 18px;\">Call to <a style=\"color: #30414f; text-decoration: underline;\" href=\"tel:809-565-7477\">809-565-7477<\/a><br \/>\nFill the <a style=\"color: #30414f; text-decoration: underline;\" href=\"https:\/\/hgps.org.do\/en\/citas\/\">Online Form<\/a><br \/>\nor Write to us <a style=\"color: #30414f; text-decoration: underline;\" href=\"#\">Live Chat<\/a><\/span><\/span><\/div><\/li><\/ul><\/div><h4 style=\"font-size: 20px;color: #00acc9;text-align: center;font-family:Titillium Web;font-weight:600;font-style:normal\" class=\"vc_custom_heading us_custom_7c7abea5\" >Related Posts<\/h4><div class=\"w-grid type_grid layout_25768 overflow_hidden\" id=\"us_grid_1\" data-grid-filter=\"true\"><style id=\"us_grid_1_css\">#us_grid_1 .w-grid-item:not(:last-child){margin-bottom:1.5rem}#us_grid_1 .g-loadmore{margin-top:1.5rem}<\/style><style>.layout_25768 .w-grid-item-h{background:#ffffff}.layout_25768 .usg_post_image_1{margin-bottom:0!important;padding-bottom:0!important}.layout_25768 .usg_post_title_1{font-family:'Titillium Web', sans-serif!important;font-size:1.1rem!important;line-height:1.2em!important;padding:0!important;margin:10px 0 0 0!important}.layout_25768 .usg_hwrapper_2{color:#00bcd4!important}.layout_25768 .usg_post_date_1{font-size:0.8rem!important}.layout_25768 .usg_vwrapper_1{padding:0!important}.layout_25768 .usg_post_taxonomy_2{font-size:0.8rem!important}<\/style><div class=\"w-grid-list\" ><\/div><div class=\"w-grid-preloader\"><div class=\"g-preloader type_1\">\r\n\t<div><\/div>\r\n<\/div>\r\n<\/div>\t<div class=\"w-grid-json hidden\" onclick='return {&quot;action&quot;:&quot;us_ajax_grid&quot;,&quot;ajax_url&quot;:&quot;https:\\\/\\\/hgps.org.do\\\/wp-admin\\\/admin-ajax.php&quot;,&quot;infinite_scroll&quot;:0,&quot;max_num_pages&quot;:0,&quot;pagination&quot;:&quot;none&quot;,&quot;permalink_url&quot;:&quot;https:\\\/\\\/hgps.org.do\\\/en\\\/wp-json\\\/wp\\\/v2\\\/pages\\\/22831&quot;,&quot;template_vars&quot;:{&quot;columns&quot;:&quot;1&quot;,&quot;exclude_items&quot;:&quot;none&quot;,&quot;img_size&quot;:&quot;medium&quot;,&quot;ignore_items_size&quot;:false,&quot;items_layout&quot;:&quot;25768&quot;,&quot;items_offset&quot;:&quot;1&quot;,&quot;overriding_link&quot;:&quot;none&quot;,&quot;post_id&quot;:22831,&quot;query_args&quot;:{&quot;post_type&quot;:[&quot;post&quot;],&quot;tax_query&quot;:[{&quot;taxonomy&quot;:&quot;post_tag&quot;,&quot;field&quot;:&quot;slug&quot;,&quot;terms&quot;:[&quot;imagenologia&quot;]}],&quot;post_status&quot;:[&quot;publish&quot;],&quot;orderby&quot;:{&quot;date&quot;:&quot;DESC&quot;},&quot;posts_per_page&quot;:&quot;5&quot;},&quot;type&quot;:&quot;grid&quot;,&quot;us_grid_ajax_index&quot;:1,&quot;us_grid_filter_params&quot;:null,&quot;us_grid_index&quot;:1,&quot;_us_grid_post_type&quot;:&quot;post&quot;}}'><\/div>\r\n<h4 class=\"w-grid-none\">No results found.<\/h4><\/div><\/div><\/div><\/div><\/div><\/div><\/section>","protected":false},"excerpt":{"rendered":"Imagenolog\u00edaEsta unidad se encarga de la preparaci\u00f3n, toma e interpretaci\u00f3n de los estudios de im\u00e1genes, para que sirvan como elemento de apoyo en el establecimiento del diagn\u00f3stico, tratamiento y seguimiento de los diversos procesos patol\u00f3gicos que padecen las personas, adem\u00e1s de guardar todas las reglas de radio protecci\u00f3n. P\u00fablico ObjetivoPacientes hospitalizados en el HGPS Pacientes...","protected":false},"author":1,"featured_media":0,"parent":22813,"menu_order":39,"comment_status":"closed","ping_status":"closed","template":"","meta":{"footnotes":""},"_links":{"self":[{"href":"https:\/\/hgps.org.do\/en\/wp-json\/wp\/v2\/pages\/22831"}],"collection":[{"href":"https:\/\/hgps.org.do\/en\/wp-json\/wp\/v2\/pages"}],"about":[{"href":"https:\/\/hgps.org.do\/en\/wp-json\/wp\/v2\/types\/page"}],"author":[{"embeddable":true,"href":"https:\/\/hgps.org.do\/en\/wp-json\/wp\/v2\/users\/1"}],"replies":[{"embeddable":true,"href":"https:\/\/hgps.org.do\/en\/wp-json\/wp\/v2\/comments?post=22831"}],"version-history":[{"count":3,"href":"https:\/\/hgps.org.do\/en\/wp-json\/wp\/v2\/pages\/22831\/revisions"}],"predecessor-version":[{"id":27250,"href":"https:\/\/hgps.org.do\/en\/wp-json\/wp\/v2\/pages\/22831\/revisions\/27250"}],"up":[{"embeddable":true,"href":"https:\/\/hgps.org.do\/en\/wp-json\/wp\/v2\/pages\/22813"}],"wp:attachment":[{"href":"https:\/\/hgps.org.do\/en\/wp-json\/wp\/v2\/media?parent=22831"}],"curies":[{"name":"wp","href":"https:\/\/api.w.org\/{rel}","templated":true}]}}