{"id":22832,"date":"2018-05-01T21:19:35","date_gmt":"2018-05-01T21:19:35","guid":{"rendered":"https:\/\/portal-hgps.azurewebsites.net\/servicios-medicos\/infectologia\/"},"modified":"2022-04-13T18:36:38","modified_gmt":"2022-04-13T18:36:38","slug":"infectologia","status":"publish","type":"page","link":"https:\/\/hgps.org.do\/en\/servicios-medicos\/infectologia\/","title":{"rendered":"Infectology"},"content":{"rendered":"<section class=\"l-section wpb_row us_custom_9b36ddac height_medium\"><div class=\"l-section-h i-cf\"><div class=\"g-cols vc_row type_default valign_top\"><div class=\"vc_col-sm-8 wpb_column vc_column_container\"><div class=\"vc_column-inner\"><div class=\"wpb_wrapper\"><div id=\"ultimate-heading-140269e14a00cc0e4\" class=\"uvc-heading ult-adjust-bottom-margin ultimate-heading-140269e14a00cc0e4 uvc-7066\" data-hspacer=\"line_only\"  data-halign=\"center\" style=\"text-align:center\"><div class=\"uvc-main-heading ult-responsive\"  data-ultimate-target='.uvc-heading.ultimate-heading-140269e14a00cc0e4 h2'  data-responsive-json-new='{\"font-size\":\"\",\"line-height\":\"\"}' ><h2 style=\"font-weight:normal;margin-bottom:10px;\">Infectology<\/h2><\/div><div class=\"uvc-heading-spacer line_only\" style=\"margin-bottom:20px;height:2px;\"><span class=\"uvc-headings-line\" style=\"border-style:solid;border-bottom-width:2px;border-color:#00abc6;width:300px;\"><\/span><\/div><\/div><div class=\"wpb_text_column us_custom_e038e7e6\" ><div class=\"wpb_wrapper\"><p>Las enfermedades infecciosas representan una de las principales causas de muerte en el mundo. \u00a0Enfermedades como malaria, tuberculosis, enfermedad diarreica aguda y respiratoria, por a\u00f1os son dolencias que hemos combatido y por la que miles de personas fallecen cada a\u00f1o a consecuencia de estas.<\/p>\n<p>Otras problem\u00e1ticas que enfrenta la poblaci\u00f3n mundial son la resistencia antimicrobiana, VIH, hepatitis virales, ITS, IAAS, problemas como el poco acceso a las vacunas, las enfermedades emergentes y remergentes como es el COVID-19.<\/p>\n<p>Nuestro Hospital consta del servicio de infectolog\u00eda, que presta servicio a los pacientes ingresados y ambulatorios.<\/p>\n<\/div><\/div><div class=\"w-tabs style_default switch_click accordion has_scrolling title_atleft icon_chevron iconpos_right\"><div class=\"w-tabs-sections\"><div class=\"w-tabs-sections-h\"><div class=\"w-tabs-section\" id=\"1548041185230-32960ecc-7478\"><button class=\"w-tabs-section-header\" aria-controls=\"content-1548041185230-32960ecc-7478\"><div class=\"w-tabs-section-header-h\"><div class=\"w-tabs-section-title\">Services<\/div><div class=\"w-tabs-section-control\"><\/div><\/div><\/button><div class=\"w-tabs-section-content\" id=\"content-1548041185230-32960ecc-7478\" aria-expanded=\"false\"><div class=\"w-tabs-section-content-h i-cf\"><div class=\"wpb_text_column\" ><div class=\"wpb_wrapper\"><ul>\n<li><strong>Cl\u00ednica ambulatoria de Infusi\u00f3n de antimicrobianos:<\/strong> pacientes estables con requerimientos de antimicrobianos tienen la oportunidad de medicarse diariamente y continuar con sus actividades de la vida cotidiana. Ahorrando el costo de hospitalizaci\u00f3n y optimizando la terapia antibi\u00f3tica. Tiene como pre-requisito para el uso de este servicio: Haber tenido una consulta con el servicio de infectolog\u00eda. <strong>Puerta 138<\/strong><\/li>\n<li><strong>Consulta de preparaci\u00f3n de biol\u00f3gicos, trasplante y quimioterapia: <\/strong>a los pacientes a quienes se les va a inmunosuprimir (padecimiento de artritis, esclerosis m\u00faltiple, c\u00e1ncer o quienes van a ser trasplantados), necesitan completar esquemas de vacunaci\u00f3n del adulto, as\u00ed como tamizar posibles reinfecciones de patolog\u00edas que pueden permanecer latente y que con el inicio del tratamiento inmunosupresor volver a desarrollar. Es recomendable que como pre-requisito muestren la tarjeta de vacunaci\u00f3n de la ni\u00f1ez y del adulto si cuenta con ella.<\/li>\n<li><strong>Consulta de vacunaci\u00f3n del viajero: <\/strong>podr\u00e1 recibir asesor\u00eda de las vacunas que necesita para su condici\u00f3n y de acuerdo al pa\u00eds que visita. Contamos, adem\u00e1s, con un centro de vacunaci\u00f3n donde podr\u00e1 recibir en la misma instituci\u00f3n las vacunas faltantes.<\/li>\n<li><strong>Consulta de enfermedades de transmisi\u00f3n sexual (ITS), VIH\/SIDA<\/strong>: si usted ha tenido o tiene alguna relaci\u00f3n de riesgo como son: trabajadoras sexuales, hombres que tienen sexo con otro hombre, accidente laboral con personas infectadas y violaci\u00f3n, entre otros. Podr\u00e1 recibir orientaci\u00f3n en cuanto a lo que es la exposici\u00f3n sexual a las ITS, hepatitis o VIH.<\/li>\n<li>Consejer\u00eda de profilaxis pre y post exposici\u00f3n sexual y\/o laboral al virus del VIH.<\/li>\n<li>Hepatitis virales y otras infecciones de trasmisi\u00f3n sexual.<\/li>\n<\/ul>\n<p><strong>Manejamos patolog\u00edas como:<\/strong><\/p>\n<ul>\n<li>Vacunaci\u00f3n del adulto, vacunaci\u00f3n en situaciones especiales y vacunas del viajero<\/li>\n<\/ul>\n<ul>\n<li>Preparaci\u00f3n de los pacientes quienes iniciaran terapia biol\u00f3gica o quimioterapia<\/li>\n<li>Osteomielitis, infecciones prot\u00e9sicas<\/li>\n<\/ul>\n<ul>\n<li>HIV AIDS<\/li>\n<li>Infecciones de transmisi\u00f3n sexual<\/li>\n<li>Infecciones v\u00edas urinarias recurrentes<\/li>\n<li>Enfermedades tropicales como: malaria, dengue, leptospirosis y tuberculosis latente<\/li>\n<li>Infecciones de piel y tejidos blandos como erisipela, celulitis, \u00falceras vasculares.<\/li>\n<\/ul>\n<\/div><\/div><\/div><\/div><\/div><div class=\"w-tabs-section\" id=\"1548041185240-ea29e0a4-a816\"><button class=\"w-tabs-section-header\" aria-controls=\"content-1548041185240-ea29e0a4-a816\"><div class=\"w-tabs-section-header-h\"><div class=\"w-tabs-section-title\">Specialists and Schedule<\/div><div class=\"w-tabs-section-control\"><\/div><\/div><\/button><div class=\"w-tabs-section-content\" id=\"content-1548041185240-ea29e0a4-a816\" aria-expanded=\"false\"><div class=\"w-tabs-section-content-h i-cf\"><div class=\"wpb_text_column\" ><div class=\"wpb_wrapper\"><p><strong>Horarios: <\/strong>lunes a viernes 8:00 a. m. a 5:00 p. m.<\/p>\n<p><strong>Ubicaci\u00f3n:<\/strong> edificio #1 primer nivel<\/p>\n<p><strong>Contactos:<\/strong> 809-565-7477 ext.: 5317 \/ 2138<\/p>\n<p><strong>Contact Center:<\/strong> 809-565-7477 ext.: 7900<\/p>\n<\/div><\/div><\/div><\/div><\/div><\/div><\/div><\/div><\/div><\/div><\/div><div class=\"vc_col-sm-4 wpb_column vc_column_container\"><div class=\"vc_column-inner us_custom_c3c31ab9\"><div class=\"wpb_wrapper\"><div class=\"uavc-list-icon uavc-list-icon-wrapper ult-adjust-bottom-margin\"><ul class=\"uavc-list\"><li><div class=\"uavc-list-content\" id=\"list-icon-wrap-3940\">\n<div class=\"uavc-list-icon\" data-animation=\"\" data-animation-delay=\"03\" style=\"margin-right:10px;\"><div class=\"ult-just-icon-wrapper\"><div class=\"align-icon\" style=\"text-align:center;\">\n<div class=\"aio-icon none\"  style=\"font-size:22px;display:inline-block;\">\n\t<i class=\"Defaults-calendar\"><\/i>\n<\/div><\/div><\/div>\n<\/div><span  data-ultimate-target='#list-icon-wrap-3940 .uavc-list-desc'  data-responsive-json-new='{\"font-size\":\"\",\"line-height\":\"\"}'  class=\"uavc-list-desc ult-responsive\" style=\"\">\n<h4 style=\"padding-bottom: 0; margin-bottom: 0; font-size: 20px;\">For Appointments<\/h4>\n<p><span style=\"font-size: 14px; line-height: 18px;\">Call to <a style=\"color: #30414f; text-decoration: underline;\" href=\"tel:809-565-7477\">809-565-7477<\/a><br \/>\nFill the <a style=\"color: #30414f; text-decoration: underline;\" href=\"https:\/\/hgps.org.do\/en\/citas\/\">Online Form<\/a><br \/>\nor Write to us <a style=\"color: #30414f; text-decoration: underline;\" href=\"#\">Live Chat<\/a><\/span><\/span><\/div><\/li><\/ul><\/div><h4 style=\"font-size: 20px;color: #00acc9;text-align: center;font-family:Titillium Web;font-weight:600;font-style:normal\" class=\"vc_custom_heading us_custom_7c7abea5\" >Related Posts<\/h4><div class=\"w-grid type_grid layout_25768 overflow_hidden\" id=\"us_grid_1\" data-grid-filter=\"true\"><style id=\"us_grid_1_css\">#us_grid_1 .w-grid-item:not(:last-child){margin-bottom:1.5rem}#us_grid_1 .g-loadmore{margin-top:1.5rem}<\/style><style>.layout_25768 .w-grid-item-h{background:#ffffff}.layout_25768 .usg_post_image_1{margin-bottom:0!important;padding-bottom:0!important}.layout_25768 .usg_post_title_1{font-family:'Titillium Web', sans-serif!important;font-size:1.1rem!important;line-height:1.2em!important;padding:0!important;margin:10px 0 0 0!important}.layout_25768 .usg_hwrapper_2{color:#00bcd4!important}.layout_25768 .usg_post_date_1{font-size:0.8rem!important}.layout_25768 .usg_vwrapper_1{padding:0!important}.layout_25768 .usg_post_taxonomy_2{font-size:0.8rem!important}<\/style><div class=\"w-grid-list\" ><\/div><div class=\"w-grid-preloader\"><div class=\"g-preloader type_1\">\r\n\t<div><\/div>\r\n<\/div>\r\n<\/div>\t<div class=\"w-grid-json hidden\" onclick='return {&quot;action&quot;:&quot;us_ajax_grid&quot;,&quot;ajax_url&quot;:&quot;https:\\\/\\\/hgps.org.do\\\/wp-admin\\\/admin-ajax.php&quot;,&quot;infinite_scroll&quot;:0,&quot;max_num_pages&quot;:0,&quot;pagination&quot;:&quot;none&quot;,&quot;permalink_url&quot;:&quot;https:\\\/\\\/hgps.org.do\\\/en\\\/wp-json\\\/wp\\\/v2\\\/pages\\\/22832&quot;,&quot;template_vars&quot;:{&quot;columns&quot;:&quot;1&quot;,&quot;exclude_items&quot;:&quot;none&quot;,&quot;img_size&quot;:&quot;medium&quot;,&quot;ignore_items_size&quot;:false,&quot;items_layout&quot;:&quot;25768&quot;,&quot;items_offset&quot;:&quot;1&quot;,&quot;overriding_link&quot;:&quot;none&quot;,&quot;post_id&quot;:22832,&quot;query_args&quot;:{&quot;post_type&quot;:[&quot;post&quot;],&quot;tax_query&quot;:[{&quot;taxonomy&quot;:&quot;post_tag&quot;,&quot;field&quot;:&quot;slug&quot;,&quot;terms&quot;:[&quot;infectologia&quot;]}],&quot;post_status&quot;:[&quot;publish&quot;],&quot;orderby&quot;:{&quot;date&quot;:&quot;DESC&quot;},&quot;posts_per_page&quot;:&quot;5&quot;},&quot;type&quot;:&quot;grid&quot;,&quot;us_grid_ajax_index&quot;:1,&quot;us_grid_filter_params&quot;:null,&quot;us_grid_index&quot;:1,&quot;_us_grid_post_type&quot;:&quot;post&quot;}}'><\/div>\r\n<h4 class=\"w-grid-none\">No results found.<\/h4><\/div><\/div><\/div><\/div><\/div><\/div><\/section>","protected":false},"excerpt":{"rendered":"Infectolog\u00edaLas enfermedades infecciosas representan una de las principales causas de muerte en el mundo. \u00a0Enfermedades como malaria, tuberculosis, enfermedad diarreica aguda y respiratoria, por a\u00f1os son dolencias que hemos combatido y por la que miles de personas fallecen cada a\u00f1o a consecuencia de estas. Otras problem\u00e1ticas que enfrenta la poblaci\u00f3n mundial son la resistencia antimicrobiana,...","protected":false},"author":1,"featured_media":0,"parent":22825,"menu_order":40,"comment_status":"closed","ping_status":"closed","template":"","meta":{"footnotes":""},"_links":{"self":[{"href":"https:\/\/hgps.org.do\/en\/wp-json\/wp\/v2\/pages\/22832"}],"collection":[{"href":"https:\/\/hgps.org.do\/en\/wp-json\/wp\/v2\/pages"}],"about":[{"href":"https:\/\/hgps.org.do\/en\/wp-json\/wp\/v2\/types\/page"}],"author":[{"embeddable":true,"href":"https:\/\/hgps.org.do\/en\/wp-json\/wp\/v2\/users\/1"}],"replies":[{"embeddable":true,"href":"https:\/\/hgps.org.do\/en\/wp-json\/wp\/v2\/comments?post=22832"}],"version-history":[{"count":5,"href":"https:\/\/hgps.org.do\/en\/wp-json\/wp\/v2\/pages\/22832\/revisions"}],"predecessor-version":[{"id":27252,"href":"https:\/\/hgps.org.do\/en\/wp-json\/wp\/v2\/pages\/22832\/revisions\/27252"}],"up":[{"embeddable":true,"href":"https:\/\/hgps.org.do\/en\/wp-json\/wp\/v2\/pages\/22825"}],"wp:attachment":[{"href":"https:\/\/hgps.org.do\/en\/wp-json\/wp\/v2\/media?parent=22832"}],"curies":[{"name":"wp","href":"https:\/\/api.w.org\/{rel}","templated":true}]}}