{"id":22833,"date":"2018-05-01T21:19:35","date_gmt":"2018-05-01T21:19:35","guid":{"rendered":"https:\/\/portal-hgps.azurewebsites.net\/servicios-medicos\/medicina-fisica-y-rehabilitacion\/"},"modified":"2022-04-18T12:42:36","modified_gmt":"2022-04-18T12:42:36","slug":"medicina-fisica-y-rehabilitacion","status":"publish","type":"page","link":"https:\/\/hgps.org.do\/en\/servicios-medicos\/medicina-fisica-y-rehabilitacion\/","title":{"rendered":"Physical Medicine and Rehabilitation"},"content":{"rendered":"<section class=\"l-section wpb_row us_custom_9b36ddac height_medium\"><div class=\"l-section-h i-cf\"><div class=\"g-cols vc_row type_default valign_top\"><div class=\"vc_col-sm-8 wpb_column vc_column_container\"><div class=\"vc_column-inner\"><div class=\"wpb_wrapper\"><div id=\"ultimate-heading-705269d53fe1aa448\" class=\"uvc-heading ult-adjust-bottom-margin ultimate-heading-705269d53fe1aa448 uvc-3831\" data-hspacer=\"line_only\"  data-halign=\"center\" style=\"text-align:center\"><div class=\"uvc-main-heading ult-responsive\"  data-ultimate-target='.uvc-heading.ultimate-heading-705269d53fe1aa448 h2'  data-responsive-json-new='{\"font-size\":\"\",\"line-height\":\"\"}' ><h2 style=\"font-weight:normal;margin-bottom:10px;\">Physical Medicine and Rehabilitation<\/h2><\/div><div class=\"uvc-heading-spacer line_only\" style=\"margin-bottom:20px;height:2px;\"><span class=\"uvc-headings-line\" style=\"border-style:solid;border-bottom-width:2px;border-color:#00abc6;width:300px;\"><\/span><\/div><\/div><div class=\"wpb_text_column us_custom_e038e7e6\" ><div class=\"wpb_wrapper\"><p>Medicina F\u00edsica y Rehabilitaci\u00f3n, tambi\u00e9n llamada fisiatr\u00eda o medicina de rehabilitaci\u00f3n, es la especialidad m\u00e9dica responsable de restaurar la funci\u00f3n y la calidad de vida, luego de lesiones que afecten el cerebro, m\u00e9dula espinal, nervios, huesos, articulaciones, ligamentos, m\u00fasculos y tendones.<\/p>\n<p>A diferencia de otras especialidades m\u00e9dicas que se enfocan en la cura, el objetivo del fisiatra es maximizar la independencia del paciente en las actividades de la vida diaria y mejorar su calidad de vida.<\/p>\n<p>Los fisiatras son expertos en dise\u00f1ar planes de tratamiento integral centrados en el paciente y sus cuidadores.<\/p>\n<p>&nbsp;<\/p>\n<\/div><\/div><div class=\"w-tabs style_default switch_click accordion has_scrolling title_atleft icon_chevron iconpos_right\"><div class=\"w-tabs-sections\"><div class=\"w-tabs-sections-h\"><div class=\"w-tabs-section\" id=\"1548041185230-32960ecc-7478\"><button class=\"w-tabs-section-header\" aria-controls=\"content-1548041185230-32960ecc-7478\"><div class=\"w-tabs-section-header-h\"><div class=\"w-tabs-section-title\">Services and Hours<\/div><div class=\"w-tabs-section-control\"><\/div><\/div><\/button><div class=\"w-tabs-section-content\" id=\"content-1548041185230-32960ecc-7478\" aria-expanded=\"false\"><div class=\"w-tabs-section-content-h i-cf\"><div class=\"wpb_text_column\" ><div class=\"wpb_wrapper\"><ul>\n<li>Consulta con el m\u00e9dico rehabilitador (Fisiatra)<\/li>\n<li>Terapias f\u00edsicas<\/li>\n<li>Terapia ocupacional<\/li>\n<li>Terapias del habla y degluci\u00f3n<\/li>\n<li>Estimulaci\u00f3n temprana<\/li>\n<li>Rehabilitaci\u00f3n card\u00edaca<\/li>\n<li>Rehabilitaci\u00f3n pulmonar<\/li>\n<li>Rehabilitaci\u00f3n vestibular (equilibrio)<\/li>\n<li>Rehabilitaci\u00f3n neurol\u00f3gica<\/li>\n<li>Rehabilitaci\u00f3n pedi\u00e1trica<\/li>\n<li>Rehabilitaci\u00f3n del suelo p\u00e9lvico<\/li>\n<li>Drenaje linf\u00e1tico<\/li>\n<li>Infiltraciones intra-articulares<\/li>\n<li>Infiltraciones con toxina botul\u00ednica<\/li>\n<li>Punci\u00f3n seca<\/li>\n<li>Terapias de onda de choque<\/li>\n<\/ul>\n<p><strong><u>Patolog\u00edas que rehabilitamos:<\/u><\/strong><\/p>\n<ul>\n<li>Osteoarthritis<\/li>\n<li>Cardiopat\u00eda isqu\u00e9mica<\/li>\n<li>Desacondicionamiento f\u00edsico<\/li>\n<li>Dolor neurop\u00e1tico<\/li>\n<li>Fracturas<\/li>\n<li>Incontinencia urinaria por debilidad del suelo p\u00e9lvico<\/li>\n<li>Lesiones musculares, tendinosas y meniscales<\/li>\n<li>Lesi\u00f3n Medular<\/li>\n<li>Linfedema<\/li>\n<li>Limitaci\u00f3n funcional articular<\/li>\n<li>Long covid (covid prolongado)<\/li>\n<li>Lumbalgia<\/li>\n<li>Post mastectom\u00eda<\/li>\n<li>Post quir\u00fargico de pr\u00f3tesis, manguito rotador, hernias discales<\/li>\n<li>Retraso del desarrollo (pedi\u00e1tricos)<\/li>\n<li>Revascularizaci\u00f3n card\u00edaca (bypass)<\/li>\n<li>S\u00edndrome de fragilidad<\/li>\n<li>Trastorno del espectro autista<\/li>\n<li>Trastornos del lenguaje y degluci\u00f3n<\/li>\n<li>Trauma cr\u00e1neo encef\u00e1lico<\/li>\n<li>Entre otras.<\/li>\n<\/ul>\n<p><strong>Horarios: <\/strong>lunes a viernes de 7:00 a. m. a 7:00 p. m.<\/p>\n<p><strong>Ubicaci\u00f3n: <\/strong>Edificio #2 Trauma, segundo nivel<\/p>\n<p><strong>Contact: <\/strong>809-565-7477 ext.: 7900<\/p>\n<p>&nbsp;<\/p>\n<p>Accidente cerebro vascular (ACV)<\/p>\n<\/div><\/div><\/div><\/div><\/div><\/div><\/div><\/div><\/div><\/div><\/div><div class=\"vc_col-sm-4 wpb_column vc_column_container\"><div class=\"vc_column-inner us_custom_c3c31ab9\"><div class=\"wpb_wrapper\"><div class=\"uavc-list-icon uavc-list-icon-wrapper ult-adjust-bottom-margin\"><ul class=\"uavc-list\"><li><div class=\"uavc-list-content\" id=\"list-icon-wrap-1505\">\n<div class=\"uavc-list-icon\" data-animation=\"\" data-animation-delay=\"03\" style=\"margin-right:10px;\"><div class=\"ult-just-icon-wrapper\"><div class=\"align-icon\" style=\"text-align:center;\">\n<div class=\"aio-icon none\"  style=\"font-size:22px;display:inline-block;\">\n\t<i class=\"Defaults-calendar\"><\/i>\n<\/div><\/div><\/div>\n<\/div><span  data-ultimate-target='#list-icon-wrap-1505 .uavc-list-desc'  data-responsive-json-new='{\"font-size\":\"\",\"line-height\":\"\"}'  class=\"uavc-list-desc ult-responsive\" style=\"\">\n<h4 style=\"padding-bottom: 0; margin-bottom: 0; font-size: 20px;\">For Appointments<\/h4>\n<p><span style=\"font-size: 14px; line-height: 18px;\">Call to <a style=\"color: #30414f; text-decoration: underline;\" href=\"tel:809-565-7477\">809-565-7477<\/a><br \/>\nFill the <a style=\"color: #30414f; text-decoration: underline;\" href=\"https:\/\/hgps.org.do\/en\/citas\/\">Online Form<\/a><br \/>\nor Write to us <a style=\"color: #30414f; text-decoration: underline;\" href=\"#\">Live Chat<\/a><\/span><\/span><\/div><\/li><\/ul><\/div><h4 style=\"font-size: 20px;color: #00acc9;text-align: center;font-family:Titillium Web;font-weight:600;font-style:normal\" class=\"vc_custom_heading us_custom_7c7abea5\" >Related Posts<\/h4><div class=\"w-grid type_grid layout_25768 overflow_hidden\" id=\"us_grid_1\" data-grid-filter=\"true\"><style id=\"us_grid_1_css\">#us_grid_1 .w-grid-item:not(:last-child){margin-bottom:1.5rem}#us_grid_1 .g-loadmore{margin-top:1.5rem}<\/style><style>.layout_25768 .w-grid-item-h{background:#ffffff}.layout_25768 .usg_post_image_1{margin-bottom:0!important;padding-bottom:0!important}.layout_25768 .usg_post_title_1{font-family:'Titillium Web', sans-serif!important;font-size:1.1rem!important;line-height:1.2em!important;padding:0!important;margin:10px 0 0 0!important}.layout_25768 .usg_hwrapper_2{color:#00bcd4!important}.layout_25768 .usg_post_date_1{font-size:0.8rem!important}.layout_25768 .usg_vwrapper_1{padding:0!important}.layout_25768 .usg_post_taxonomy_2{font-size:0.8rem!important}<\/style><div class=\"w-grid-list\" ><\/div><div class=\"w-grid-preloader\"><div class=\"g-preloader type_1\">\r\n\t<div><\/div>\r\n<\/div>\r\n<\/div>\t<div class=\"w-grid-json hidden\" onclick='return {&quot;action&quot;:&quot;us_ajax_grid&quot;,&quot;ajax_url&quot;:&quot;https:\\\/\\\/hgps.org.do\\\/wp-admin\\\/admin-ajax.php&quot;,&quot;infinite_scroll&quot;:0,&quot;max_num_pages&quot;:0,&quot;pagination&quot;:&quot;none&quot;,&quot;permalink_url&quot;:&quot;https:\\\/\\\/hgps.org.do\\\/en\\\/wp-json\\\/wp\\\/v2\\\/pages\\\/22833&quot;,&quot;template_vars&quot;:{&quot;columns&quot;:&quot;1&quot;,&quot;exclude_items&quot;:&quot;none&quot;,&quot;img_size&quot;:&quot;medium&quot;,&quot;ignore_items_size&quot;:false,&quot;items_layout&quot;:&quot;25768&quot;,&quot;items_offset&quot;:&quot;1&quot;,&quot;overriding_link&quot;:&quot;none&quot;,&quot;post_id&quot;:22833,&quot;query_args&quot;:{&quot;post_type&quot;:[&quot;post&quot;],&quot;tax_query&quot;:[{&quot;taxonomy&quot;:&quot;post_tag&quot;,&quot;field&quot;:&quot;slug&quot;,&quot;terms&quot;:[&quot;medicina-fisica-y-rehabilitacion&quot;]}],&quot;post_status&quot;:[&quot;publish&quot;],&quot;orderby&quot;:{&quot;date&quot;:&quot;DESC&quot;},&quot;posts_per_page&quot;:&quot;5&quot;},&quot;type&quot;:&quot;grid&quot;,&quot;us_grid_ajax_index&quot;:1,&quot;us_grid_filter_params&quot;:null,&quot;us_grid_index&quot;:1,&quot;_us_grid_post_type&quot;:&quot;post&quot;}}'><\/div>\r\n<h4 class=\"w-grid-none\">No results found.<\/h4><\/div><\/div><\/div><\/div><\/div><\/div><\/section>","protected":false},"excerpt":{"rendered":"Medicina F\u00edsica y Rehabilitaci\u00f3nMedicina F\u00edsica y Rehabilitaci\u00f3n, tambi\u00e9n llamada fisiatr\u00eda o medicina de rehabilitaci\u00f3n, es la especialidad m\u00e9dica responsable de restaurar la funci\u00f3n y la calidad de vida, luego de lesiones que afecten el cerebro, m\u00e9dula espinal, nervios, huesos, articulaciones, ligamentos, m\u00fasculos y tendones. A diferencia de otras especialidades m\u00e9dicas que se enfocan en la...","protected":false},"author":1,"featured_media":0,"parent":22825,"menu_order":41,"comment_status":"closed","ping_status":"closed","template":"","meta":{"footnotes":""},"_links":{"self":[{"href":"https:\/\/hgps.org.do\/en\/wp-json\/wp\/v2\/pages\/22833"}],"collection":[{"href":"https:\/\/hgps.org.do\/en\/wp-json\/wp\/v2\/pages"}],"about":[{"href":"https:\/\/hgps.org.do\/en\/wp-json\/wp\/v2\/types\/page"}],"author":[{"embeddable":true,"href":"https:\/\/hgps.org.do\/en\/wp-json\/wp\/v2\/users\/1"}],"replies":[{"embeddable":true,"href":"https:\/\/hgps.org.do\/en\/wp-json\/wp\/v2\/comments?post=22833"}],"version-history":[{"count":6,"href":"https:\/\/hgps.org.do\/en\/wp-json\/wp\/v2\/pages\/22833\/revisions"}],"predecessor-version":[{"id":27271,"href":"https:\/\/hgps.org.do\/en\/wp-json\/wp\/v2\/pages\/22833\/revisions\/27271"}],"up":[{"embeddable":true,"href":"https:\/\/hgps.org.do\/en\/wp-json\/wp\/v2\/pages\/22825"}],"wp:attachment":[{"href":"https:\/\/hgps.org.do\/en\/wp-json\/wp\/v2\/media?parent=22833"}],"curies":[{"name":"wp","href":"https:\/\/api.w.org\/{rel}","templated":true}]}}