{"id":22834,"date":"2018-05-01T21:19:35","date_gmt":"2018-05-01T21:19:35","guid":{"rendered":"https:\/\/portal-hgps.azurewebsites.net\/servicios-medicos\/unidad-de-trasplante\/"},"modified":"2022-04-18T13:01:21","modified_gmt":"2022-04-18T13:01:21","slug":"unidad-de-trasplante","status":"publish","type":"page","link":"https:\/\/hgps.org.do\/en\/servicios-medicos\/unidad-de-trasplante\/","title":{"rendered":"Transplant Unit"},"content":{"rendered":"<section class=\"l-section wpb_row us_custom_9b36ddac height_medium\"><div class=\"l-section-h i-cf\"><div class=\"g-cols vc_row type_default valign_top\"><div class=\"vc_col-sm-8 wpb_column vc_column_container\"><div class=\"vc_column-inner\"><div class=\"wpb_wrapper\"><div id=\"ultimate-heading-242169f388749f351\" class=\"uvc-heading ult-adjust-bottom-margin ultimate-heading-242169f388749f351 uvc-9066\" data-hspacer=\"line_only\"  data-halign=\"center\" style=\"text-align:center\"><div class=\"uvc-main-heading ult-responsive\"  data-ultimate-target='.uvc-heading.ultimate-heading-242169f388749f351 h2'  data-responsive-json-new='{\"font-size\":\"\",\"line-height\":\"\"}' ><h2 style=\"font-weight:normal;margin-bottom:10px;\">Transplant Unit<\/h2><\/div><div class=\"uvc-heading-spacer line_only\" style=\"margin-bottom:20px;height:2px;\"><span class=\"uvc-headings-line\" style=\"border-style:solid;border-bottom-width:2px;border-color:#00abc6;width:300px;\"><\/span><\/div><\/div><div class=\"wpb_text_column us_custom_e038e7e6\" ><div class=\"wpb_wrapper\"><p>La Unidad de Trasplantes es una entidad especializada del HGPS que dio origen al trasplante de \u00f3rganos de donantes fallecidos en el pa\u00eds, manteni\u00e9ndose desde el a\u00f1o 2007, como la pionera en procedimientos innovadores y de alta complejidad, con resultados excelentes hasta la actualidad.<\/p>\n<p>This unit has a large number of doctors specialized in the area of transplantation, who, together with a qualified multidisciplinary team, are committed to the well-being of patients and the hospital&#039;s vision of offering an ethical-professional service with the highest human quality.<\/p>\n<p>Ofrece atenci\u00f3n m\u00e9dica integral y cirug\u00edas con las t\u00e9cnicas m\u00e1s avanzadas y acorde a los est\u00e1ndares internacionales m\u00e1s reconocidos en materia de trasplante a nivel mundial, garantizando as\u00ed los buenos resultados de nuestro programa, el cual cumple con un riguroso control de garant\u00eda de calidad.<\/p>\n<\/div><\/div><div class=\"w-tabs style_default switch_click accordion has_scrolling title_atleft icon_chevron iconpos_right\"><div class=\"w-tabs-sections\"><div class=\"w-tabs-sections-h\"><div class=\"w-tabs-section\" id=\"1548041185230-32960ecc-7478\"><button class=\"w-tabs-section-header\" aria-controls=\"content-1548041185230-32960ecc-7478\"><div class=\"w-tabs-section-header-h\"><div class=\"w-tabs-section-title\">Vision, Mission &amp; Values<\/div><div class=\"w-tabs-section-control\"><\/div><\/div><\/button><div class=\"w-tabs-section-content\" id=\"content-1548041185230-32960ecc-7478\" aria-expanded=\"false\"><div class=\"w-tabs-section-content-h i-cf\"><div class=\"wpb_text_column\" ><div class=\"wpb_wrapper\"><h4 style=\"padding-bottom: 0; margin-bottom: 0;\">View:<\/h4>\n<p style=\"margin-bottom: 0;\">Be the first in the transplant activity in the country.<\/p>\n<h4 style=\"padding-bottom: 0; margin-bottom: 0;\">Mission:<\/h4>\n<p style=\"margin-bottom: 0;\">To offer our patients medical care with the highest levels of excellence, based on the principles of fairness, justice, and solidarity, supported by a highly qualified human team.<\/p>\n<h4 style=\"padding-bottom: 0; margin-bottom: 0;\">Values:<\/h4>\n<p style=\"margin-bottom: 0;\">Justice, equity, solidarity, universality of service, sense of innovation, respect for ethical values and human dignity.<\/p>\n<\/div><\/div><\/div><\/div><\/div><div class=\"w-tabs-section\" id=\"1548042185382-e6742f7e-a261\"><button class=\"w-tabs-section-header\" aria-controls=\"content-1548042185382-e6742f7e-a261\"><div class=\"w-tabs-section-header-h\"><div class=\"w-tabs-section-title\">Services<\/div><div class=\"w-tabs-section-control\"><\/div><\/div><\/button><div class=\"w-tabs-section-content\" id=\"content-1548042185382-e6742f7e-a261\" aria-expanded=\"false\"><div class=\"w-tabs-section-content-h i-cf\"><div class=\"wpb_text_column\" ><div class=\"wpb_wrapper\"><p>Ofrecemos servicios en trasplantes de \u00f3rganos s\u00f3lidos y tejidos:<\/p>\n<p><strong>Transplants of solid organs:<\/strong><\/p>\n<ul>\n<li style=\"list-style-type: none;\">\n<ul>\n<li>Trasplante renal adulto donante vivo: relacionado familiar y no familiar<\/li>\n<li>Trasplante renal pedi\u00e1trico donante vivo: relacionado familiar y no familiar<\/li>\n<li>Trasplante renal adulto donante fallecido<\/li>\n<li>Trasplante renal pedi\u00e1trico donante fallecido<\/li>\n<li>Trasplante hep\u00e1tico adulto donante fallecido<\/li>\n<li>Trasplante hep\u00e1tico pedi\u00e1trico donante vivo<\/li>\n<li>Trasplante pancre\u00e1tico donante fallecido<\/li>\n<li>Trasplante reno-pancre\u00e1tico donante fallecido<\/li>\n<li>Trasplante card\u00edaco<\/li>\n<\/ul>\n<\/li>\n<\/ul>\n<p><strong>Tissue transplants:<\/strong><\/p>\n<ul>\n<li>Bone marrow<\/li>\n<li>Corneas<\/li>\n<\/ul>\n<\/div><\/div><\/div><\/div><\/div><div class=\"w-tabs-section\" id=\"1548042288286-972bf828-78b8\"><button class=\"w-tabs-section-header\" aria-controls=\"content-1548042288286-972bf828-78b8\"><div class=\"w-tabs-section-header-h\"><div class=\"w-tabs-section-title\">Consultation Schedule<\/div><div class=\"w-tabs-section-control\"><\/div><\/div><\/button><div class=\"w-tabs-section-content\" id=\"content-1548042288286-972bf828-78b8\" aria-expanded=\"false\"><div class=\"w-tabs-section-content-h i-cf\"><div class=\"wpb_text_column\" ><div class=\"wpb_wrapper\"><p><strong>Horarios:<\/strong><\/p>\n<p><strong><em>Trasplante renal adulto<u>:<\/u><\/em><\/strong><\/p>\n<p><strong>\u00a0<\/strong><strong>Dra. Ana Carolina De La Cruz <\/strong><\/p>\n<ul>\n<li>Lunes y mi\u00e9rcoles de 12:00 p. m. a 04:00 p. m.<\/li>\n<li>Martes de 08:00 a. m. a 12:00 p. m.<\/li>\n<\/ul>\n<p><strong>\u00a0<\/strong><strong>Dr. Jos\u00e9 Juan Castillos<\/strong><\/p>\n<ul>\n<li>Martes y jueves de 08:00 a. m. a 12:00 p. m.<\/li>\n<\/ul>\n<p><strong>Dr. Rafael Emmanuel Cuevas<\/strong><\/p>\n<ul>\n<li>Lunes, mi\u00e9rcoles y jueves de 08:00 a. m. a 12:00 p. m.<\/li>\n<\/ul>\n<p><strong>Dr. Jos\u00e9 Alfredo P\u00e9rez Sena<\/strong><\/p>\n<ul>\n<li>Martes y jueves de 11:00 a. m. a 02:00 p. m.<\/li>\n<\/ul>\n<p>&nbsp;<\/p>\n<p><strong><em>Trasplante pancre\u00e1tico adulto:<\/em><\/strong><\/p>\n<p><strong>Dra. Ana Carolina De La Cruz <\/strong><\/p>\n<ul>\n<li>Lunes y mi\u00e9rcoles de 12:00 p. m. a 04:00 p. m.<\/li>\n<li>Martes de 08:00 a. m. a 12:00 p. m.<\/li>\n<\/ul>\n<p><strong>\u00a0<\/strong><strong>Dr. Rafael Emmanuel Cuevas<\/strong><\/p>\n<ul>\n<li>Lunes, mi\u00e9rcoles y jueves de 08:00 a. m. a 12:00 p. m.<\/li>\n<\/ul>\n<p>&nbsp;<\/p>\n<p><strong><em>Trasplante renal pedi\u00e1trico:<\/em><\/strong><\/p>\n<p><strong>Dra. Mavel Almonte <\/strong><\/p>\n<ul>\n<li>Martes y jueves de 08:00 a.m. a 12:00 p. m.<\/li>\n<\/ul>\n<p><strong><em>Trasplante hep\u00e1tico adulto:<\/em><\/strong><\/p>\n<p><strong>Dr. Luis Manuel P\u00e9rez M\u00e9ndez <\/strong><\/p>\n<ul>\n<li>Lunes y mi\u00e9rcoles de 08:00 a. m. a 12:00 p. m.<\/li>\n<\/ul>\n<p><strong>Dra. Norma Marlene P\u00e9rez<\/strong><\/p>\n<ul>\n<li>Mi\u00e9rcoles y jueves de 03:00 p. m. a 06:00 p. m.<\/li>\n<\/ul>\n<p><strong><em>Trasplante hep\u00e1tico pedi\u00e1trico:<\/em><\/strong><\/p>\n<p><strong>Dr. Isaura Cornelio <\/strong><\/p>\n<ul>\n<li><strong>\u00a0<\/strong>Martes y mi\u00e9rcoles de 12:00 a. m. a 04:00 p. m.<\/li>\n<li>Viernes de 08:00 a. m. a 12:00 a. m.<\/li>\n<\/ul>\n<p><strong><em>Trasplante card\u00edaco:<\/em><\/strong><\/p>\n<p><strong><em>\u00a0<\/em><\/strong><strong>Dra. Eunice Tavarez <\/strong><\/p>\n<ul>\n<li>Mi\u00e9rcoles de 07:00 a. m. a 10:00 a. m.<\/li>\n<\/ul>\n<p><strong><em>Trasplante de medula \u00f3sea:<\/em><\/strong><\/p>\n<p><strong><em>\u00a0<\/em><\/strong><strong>Dra. Maria De Jes\u00fas Benzo<\/strong><\/p>\n<ul>\n<li>Lunes, mi\u00e9rcoles, jueves y viernes 08:00 a. m. a 12:00 p. m.<\/li>\n<\/ul>\n<p><strong><em>Trasplante de c\u00f3rnea:<\/em><\/strong><\/p>\n<p><strong><em>\u00a0<\/em><\/strong><strong>Dr. Dagoberto Alm\u00e1nzar \u00a0<\/strong><\/p>\n<ul>\n<li><strong>\u00a0<\/strong>Lunes, martes, jueves y viernes 08:00 a. m. a 12:00 p. m.<\/li>\n<li>Mi\u00e9rcoles 12:00 p. m. a 04:00 p. m.<\/li>\n<\/ul>\n<p><strong><u>Horarios y Contactos:<\/u><\/strong><\/p>\n<p><strong>De Lunes a Viernes de 08:00 a.m. a 05:00 p.m.<\/strong><\/p>\n<p>Tel.:809-565-7477 Ext. 7272<\/p>\n<p><strong>Asistente Adm. Karina Sanchez <\/strong><\/p>\n<p>Flota: 809-723-0569<\/p>\n<p><strong>Enfermer\u00eda de Trasplante. Yeruby Dicent <\/strong><\/p>\n<p>Flota: 809-723-9067<\/p>\n<\/div><\/div><\/div><\/div><\/div><\/div><\/div><\/div><\/div><\/div><\/div><div class=\"vc_col-sm-4 wpb_column vc_column_container\"><div class=\"vc_column-inner us_custom_c3c31ab9\"><div class=\"wpb_wrapper\"><div class=\"uavc-list-icon uavc-list-icon-wrapper ult-adjust-bottom-margin\"><ul class=\"uavc-list\"><li><div class=\"uavc-list-content\" id=\"list-icon-wrap-4743\">\n<div class=\"uavc-list-icon\" data-animation=\"\" data-animation-delay=\"03\" style=\"margin-right:10px;\"><div class=\"ult-just-icon-wrapper\"><div class=\"align-icon\" style=\"text-align:center;\">\n<div class=\"aio-icon none\"  style=\"font-size:22px;display:inline-block;\">\n\t<i class=\"Defaults-calendar\"><\/i>\n<\/div><\/div><\/div>\n<\/div><span  data-ultimate-target='#list-icon-wrap-4743 .uavc-list-desc'  data-responsive-json-new='{\"font-size\":\"\",\"line-height\":\"\"}'  class=\"uavc-list-desc ult-responsive\" style=\"\">\n<h4 style=\"padding-bottom: 0; margin-bottom: 0; font-size: 20px;\">For Appointments<\/h4>\n<p><span style=\"font-size: 14px; line-height: 18px;\">Call to <a style=\"color: #30414f; text-decoration: underline;\" href=\"tel:809-565-7477\">809-565-7477<\/a><br \/>\nFill the <a style=\"color: #30414f; text-decoration: underline;\" href=\"https:\/\/hgps.org.do\/en\/citas\/\">Online Form<\/a><br \/>\nor Write to us <a style=\"color: #30414f; text-decoration: underline;\" href=\"#\">Live Chat<\/a><\/span><\/span><\/div><\/li><\/ul><\/div><h4 style=\"font-size: 20px;color: #00acc9;text-align: center;font-family:Titillium Web;font-weight:600;font-style:normal\" class=\"vc_custom_heading us_custom_7c7abea5\" >Related Posts<\/h4><div class=\"w-grid type_grid layout_25768 overflow_hidden\" id=\"us_grid_1\" data-grid-filter=\"true\"><style id=\"us_grid_1_css\">#us_grid_1 .w-grid-item:not(:last-child){margin-bottom:1.5rem}#us_grid_1 .g-loadmore{margin-top:1.5rem}<\/style><style>.layout_25768 .w-grid-item-h{background:#ffffff}.layout_25768 .usg_post_image_1{margin-bottom:0!important;padding-bottom:0!important}.layout_25768 .usg_post_title_1{font-family:'Titillium Web', sans-serif!important;font-size:1.1rem!important;line-height:1.2em!important;padding:0!important;margin:10px 0 0 0!important}.layout_25768 .usg_hwrapper_2{color:#00bcd4!important}.layout_25768 .usg_post_date_1{font-size:0.8rem!important}.layout_25768 .usg_vwrapper_1{padding:0!important}.layout_25768 .usg_post_taxonomy_2{font-size:0.8rem!important}<\/style><div class=\"w-grid-list\" ><\/div><div class=\"w-grid-preloader\"><div class=\"g-preloader type_1\">\r\n\t<div><\/div>\r\n<\/div>\r\n<\/div>\t<div class=\"w-grid-json hidden\" onclick='return {&quot;action&quot;:&quot;us_ajax_grid&quot;,&quot;ajax_url&quot;:&quot;https:\\\/\\\/hgps.org.do\\\/wp-admin\\\/admin-ajax.php&quot;,&quot;infinite_scroll&quot;:0,&quot;max_num_pages&quot;:0,&quot;pagination&quot;:&quot;none&quot;,&quot;permalink_url&quot;:&quot;https:\\\/\\\/hgps.org.do\\\/en\\\/wp-json\\\/wp\\\/v2\\\/pages\\\/22834&quot;,&quot;template_vars&quot;:{&quot;columns&quot;:&quot;1&quot;,&quot;exclude_items&quot;:&quot;none&quot;,&quot;img_size&quot;:&quot;medium&quot;,&quot;ignore_items_size&quot;:false,&quot;items_layout&quot;:&quot;25768&quot;,&quot;items_offset&quot;:&quot;1&quot;,&quot;overriding_link&quot;:&quot;none&quot;,&quot;post_id&quot;:22834,&quot;query_args&quot;:{&quot;post_type&quot;:[&quot;post&quot;],&quot;tax_query&quot;:[{&quot;taxonomy&quot;:&quot;post_tag&quot;,&quot;field&quot;:&quot;slug&quot;,&quot;terms&quot;:[&quot;unidad-de-trasplante&quot;]}],&quot;post_status&quot;:[&quot;publish&quot;],&quot;orderby&quot;:{&quot;date&quot;:&quot;DESC&quot;},&quot;posts_per_page&quot;:&quot;5&quot;},&quot;type&quot;:&quot;grid&quot;,&quot;us_grid_ajax_index&quot;:1,&quot;us_grid_filter_params&quot;:null,&quot;us_grid_index&quot;:1,&quot;_us_grid_post_type&quot;:&quot;post&quot;}}'><\/div>\r\n<h4 class=\"w-grid-none\">No results found.<\/h4><\/div><\/div><\/div><\/div><\/div><\/div><\/section>","protected":false},"excerpt":{"rendered":"Unidad de TrasplanteLa Unidad de Trasplantes es una entidad especializada del HGPS que dio origen al trasplante de \u00f3rganos de donantes fallecidos en el pa\u00eds, manteni\u00e9ndose desde el a\u00f1o 2007, como la pionera en procedimientos innovadores y de alta complejidad, con resultados excelentes hasta la actualidad. Esta unidad cuenta con un gran n\u00famero de m\u00e9dicos...","protected":false},"author":1,"featured_media":0,"parent":22825,"menu_order":42,"comment_status":"closed","ping_status":"closed","template":"","meta":{"footnotes":""},"_links":{"self":[{"href":"https:\/\/hgps.org.do\/en\/wp-json\/wp\/v2\/pages\/22834"}],"collection":[{"href":"https:\/\/hgps.org.do\/en\/wp-json\/wp\/v2\/pages"}],"about":[{"href":"https:\/\/hgps.org.do\/en\/wp-json\/wp\/v2\/types\/page"}],"author":[{"embeddable":true,"href":"https:\/\/hgps.org.do\/en\/wp-json\/wp\/v2\/users\/1"}],"replies":[{"embeddable":true,"href":"https:\/\/hgps.org.do\/en\/wp-json\/wp\/v2\/comments?post=22834"}],"version-history":[{"count":4,"href":"https:\/\/hgps.org.do\/en\/wp-json\/wp\/v2\/pages\/22834\/revisions"}],"predecessor-version":[{"id":27274,"href":"https:\/\/hgps.org.do\/en\/wp-json\/wp\/v2\/pages\/22834\/revisions\/27274"}],"up":[{"embeddable":true,"href":"https:\/\/hgps.org.do\/en\/wp-json\/wp\/v2\/pages\/22825"}],"wp:attachment":[{"href":"https:\/\/hgps.org.do\/en\/wp-json\/wp\/v2\/media?parent=22834"}],"curies":[{"name":"wp","href":"https:\/\/api.w.org\/{rel}","templated":true}]}}