{"id":22835,"date":"2018-05-01T21:19:35","date_gmt":"2018-05-01T21:19:35","guid":{"rendered":"https:\/\/portal-hgps.azurewebsites.net\/servicios-medicos\/medicina-interna\/"},"modified":"2022-11-03T13:45:40","modified_gmt":"2022-11-03T13:45:40","slug":"medicinanuclear","status":"publish","type":"page","link":"https:\/\/hgps.org.do\/en\/servicios-medicos\/medicinanuclear\/","title":{"rendered":"Nuclear medicine"},"content":{"rendered":"<section class=\"l-section wpb_row us_custom_9b36ddac height_medium\"><div class=\"l-section-h i-cf\"><div class=\"g-cols vc_row type_default valign_top\"><div class=\"vc_col-sm-8 wpb_column vc_column_container\"><div class=\"vc_column-inner\"><div class=\"wpb_wrapper\"><div id=\"ultimate-heading-468469d5c372c11cd\" class=\"uvc-heading ult-adjust-bottom-margin ultimate-heading-468469d5c372c11cd uvc-7828\" data-hspacer=\"line_only\"  data-halign=\"center\" style=\"text-align:center\"><div class=\"uvc-main-heading ult-responsive\"  data-ultimate-target='.uvc-heading.ultimate-heading-468469d5c372c11cd h2'  data-responsive-json-new='{\"font-size\":\"\",\"line-height\":\"\"}' ><h2 style=\"font-weight:normal;margin-bottom:10px;\">Nuclear medicine<\/h2><\/div><div class=\"uvc-heading-spacer line_only\" style=\"margin-bottom:20px;height:2px;\"><span class=\"uvc-headings-line\" style=\"border-style:solid;border-bottom-width:2px;border-color:#00abc6;width:300px;\"><\/span><\/div><\/div><div class=\"ult-spacer spacer-69d5c372c1290\" data-id=\"69d5c372c1290\" data-height=\"15\" data-height-mobile=\"15\" data-height-tab=\"15\" data-height-tab-portrait=\"\" data-height-mobile-landscape=\"\" style=\"clear:both;display:block;\"><\/div><div class=\"wpb_text_column\" ><div class=\"wpb_wrapper\"><p>Nuestra Unidad de Medicina Nuclear cuenta con un Sistema de Gammac\u00e1mara-Spect de doble cabeza, marca Philips, \u00fanico en el pa\u00eds y cuenta con una tecnolog\u00eda de punta que permite adquirir im\u00e1genes con excelente resoluci\u00f3n. Gracias a este novedoso sistema, los resultados se obtienen en la mitad del tiempo que las m\u00e1quinas tradicionales.<\/p>\n<p>La Unidad tiene como objetivo servir de soporte a las diferentes especialidades m\u00e9dicas, proporcionando ayuda al diagn\u00f3stico de ciertas patolog\u00edas por medio de ex\u00e1menes gamma gr\u00e1ficos que cumplen con los criterios de calidad t\u00e9cnica, proporcionando resultados precisos, confiables y satisfactorios, adem\u00e1s de guardar las reglas de radio-protecci\u00f3n.<\/p>\n<\/div><\/div><div class=\"ult-spacer spacer-69d5c372c16bb\" data-id=\"69d5c372c16bb\" data-height=\"30\" data-height-mobile=\"30\" data-height-tab=\"30\" data-height-tab-portrait=\"\" data-height-mobile-landscape=\"\" style=\"clear:both;display:block;\"><\/div><div class=\"w-tabs style_default switch_click accordion has_scrolling title_atleft icon_chevron iconpos_right\"><div class=\"w-tabs-sections\"><div class=\"w-tabs-sections-h\"><div class=\"w-tabs-section\" id=\"1548051485003-09ea206c-28ed\"><button class=\"w-tabs-section-header\" aria-controls=\"content-1548051485003-09ea206c-28ed\"><div class=\"w-tabs-section-header-h\"><div class=\"w-tabs-section-title\">Services<\/div><div class=\"w-tabs-section-control\"><\/div><\/div><\/button><div class=\"w-tabs-section-content\" id=\"content-1548051485003-09ea206c-28ed\" aria-expanded=\"false\"><div class=\"w-tabs-section-content-h i-cf\"><div class=\"wpb_text_column\" ><div class=\"wpb_wrapper\"><ul>\n<li>Gammagraf\u00edas de tiroides, paratiroides<\/li>\n<li>\u00d3sea<\/li>\n<li>Infecci\u00f3n<\/li>\n<li>Renal<\/li>\n<li>Testicular<\/li>\n<li>Perfusi\u00f3n pulmonar<\/li>\n<li>V\u00edas biliares<\/li>\n<li>Hepato-espl\u00e9nica<\/li>\n<li>Investigaci\u00f3n de sangrado intestinal<\/li>\n<li>Divert\u00edculo de Meckel<\/li>\n<li>SPECT card\u00edaco<\/li>\n<li>MUGA<\/li>\n<li>Rastreos corporales con yodo radioactivo<\/li>\n<li>Terapia con yodo radioactivo para hipertiroidismo<\/li>\n<\/ul>\n<\/div><\/div><\/div><\/div><\/div><div class=\"w-tabs-section\" id=\"1548051485025-c8b152b1-d930\"><button class=\"w-tabs-section-header\" aria-controls=\"content-1548051485025-c8b152b1-d930\"><div class=\"w-tabs-section-header-h\"><div class=\"w-tabs-section-title\">Procedures<\/div><div class=\"w-tabs-section-control\"><\/div><\/div><\/button><div class=\"w-tabs-section-content\" id=\"content-1548051485025-c8b152b1-d930\" aria-expanded=\"false\"><div class=\"w-tabs-section-content-h i-cf\"><div class=\"wpb_text_column\" ><div class=\"wpb_wrapper\"><p><strong>Thyroid scan<\/strong>: nos permite valorar tanto la morfolog\u00eda como la funci\u00f3n glandular, por lo que es \u00fatil para el diagn\u00f3stico de bocio simple, bocio nodular, n\u00f3dulo aut\u00f3nomo, hipertiroidismo, hipotiroidismo, agenesia de tiroides, quiste tirogloso, tiroides ect\u00f3pica, tiroides intra-tor\u00e1cica, entre otros.<\/p>\n<p>Podemos distinguir cuales n\u00f3dulos son sugestivo de malignidad y cu\u00e1les no, y de ah\u00ed recomendar que se realice una punci\u00f3n-biopsia.<\/p>\n<p><strong>Gammagraf\u00eda de paratiroides<\/strong>: \u00fatil en el hiperparatiroidismo para el diagn\u00f3stico de hiperplasia paratiroidea y adenomas de paratiroides.<\/p>\n<p><strong>Gammagraf\u00eda \u00f3sea (Bone Scan):<\/strong>\u00a0para el diagn\u00f3stico de met\u00e1stasis \u00f3seas en pacientes con c\u00e1nceres primarios ya conocidos. Sirve adem\u00e1s para monitorear la respuesta a la quimioterapia y a la radioterapia.<\/p>\n<p><strong>Gammagraf\u00eda de tres fases \u00f3sea<\/strong>: \u00fatil para el diagn\u00f3stico de lesiones primarias \u00f3seas, osteomielitis y artritis s\u00e9pticas, sacroileitis, fracturas, fractura de stress, valoraci\u00f3n de pr\u00f3tesis, valoraci\u00f3n de injertos \u00f3seos, celulitis, necrosis avascular de la cabeza femoral y otros huesos, distrofia simp\u00e1tico-refleja, artritis y otras enfermedades osteoarticulares, miositis, entre otras.<\/p>\n<p><strong>Gammagraf\u00eda para infecci\u00f3n:\u00a0<\/strong>de gran utilidad para localizar focos infecciones.<\/p>\n<p><strong>Gammagraf\u00eda renal<\/strong>: It allows us to assess the perfusion and function of each kidney separately. Useful in the diagnosis of renal failure, obstructive pathologies, hydronephrosis, vesico-ureteral reflux, ectopic kidneys, for assessment of complications in transplanted kidneys, among others.<\/p>\n<p><strong>Gammagraf\u00eda renal con captopril<\/strong>: para el diagn\u00f3stico de hipertensi\u00f3n renovascular.<\/p>\n<p><strong>Gammagraf\u00eda renal con DMSA o de la corteza renal<\/strong>: nos permite visualizar la corteza renal y as\u00ed diagnosticar pielonefritis y cicatrices renales post-pielonefritis.<\/p>\n<p><strong>Gammagraf\u00eda testicular<\/strong>: para el diagn\u00f3stico de criptorquidia, agenesia testicular, hidrocele, torsi\u00f3n testicular, epididimitis, hematocele, entre otros.<\/p>\n<p><strong>Gammagraf\u00eda o scan de perfusi\u00f3n pulmonar<\/strong>: \u00fatil para el diagn\u00f3stico de tromboembolismo pulmonar. Tambi\u00e9n sirve para evaluar la funci\u00f3n pulmonar en pacientes con trasplantes pulmonares, en procesos inflamatorios, obstructivos, tumorales, infecciones, entre otros.<\/p>\n<p><strong>Gammagraf\u00eda de v\u00eda biliares<\/strong>: para el diagn\u00f3stico de colecistitis, obstrucciones biliares, atresia de v\u00edas biliares, entre otros.<\/p>\n<p><strong>Gammagraf\u00eda hepato-espl\u00e9nica o de h\u00edgado y bazo<\/strong>: es importante cuando no pueda realizarse una TAC (por alergias al medio de contraste o po-insuficiencia renal, etc.). \u00datil para valorar masas hep\u00e1ticas y alteraciones del bazo.<\/p>\n<p><strong>Gammagraf\u00eda para sangrado gastro-intestinal<\/strong>: se utiliza para la localizaci\u00f3n de sangrados gastro-intestinales bajos.<\/p>\n<p><strong>Mucosa g\u00e1strica ect\u00f3pica o divert\u00edculo de Meckel<\/strong>: se utiliza para la detecci\u00f3n de mucosa g\u00e1strica ect\u00f3pica.<\/p>\n<p><strong>MUGA o ventriculograf\u00eda isot\u00f3pica<\/strong>: \u00fatil para evaluar el tama\u00f1o y contractilidad de los ventr\u00edculos. Se utiliza com\u00fanmente para calcular la fracci\u00f3n de eyecci\u00f3n del ventr\u00edculo izquierdo en pacientes oncol\u00f3gicos sometidos a quimioterapia<\/p>\n<p><strong>Spect Cardiaco o scan de perfusi\u00f3n mioc\u00e1rdica<\/strong>: se utiliza para valorar la perfusi\u00f3n mioc\u00e1rdica y as\u00ed detectar infartos e isquemias del miocardio. Nos permite apreciar el tama\u00f1o de las cavidades ventriculares, valorar el movimiento de las paredes del ventr\u00edculo izquierdo y calcular la fracci\u00f3n de eyecci\u00f3n.<\/p>\n<p><strong>Rastreo corporal total con radioyodo o yodo radioactivo o I-131<\/strong>: se utiliza en pacientes tiroidectomizados por un carcinoma diferenciado de tiroides, para valorar restos o recidivas de tejido tiroideo post-tiroidectom\u00eda, met\u00e1stasis regionales y a distancia.<\/p>\n<p><strong>Terapia con yodo radioactivo o I-131 para hipertiroidismo<\/strong>: eficaz para el tratamiento de hipertiroidismo, ya sea secundario a una enfermedad de graves, un bocio multinodular t\u00f3xico o un n\u00f3dulo aut\u00f3nomo.<\/p>\n<\/div><\/div><\/div><\/div><\/div><div class=\"w-tabs-section\" id=\"1548051574958-091d9f58-5a5b\"><button class=\"w-tabs-section-header\" aria-controls=\"content-1548051574958-091d9f58-5a5b\"><div class=\"w-tabs-section-header-h\"><div class=\"w-tabs-section-title\">Location<\/div><div class=\"w-tabs-section-control\"><\/div><\/div><\/button><div class=\"w-tabs-section-content\" id=\"content-1548051574958-091d9f58-5a5b\" aria-expanded=\"false\"><div class=\"w-tabs-section-content-h i-cf\"><div class=\"wpb_text_column\" ><div class=\"wpb_wrapper\"><p>It is located in Building 3 of the General Hospital of the Plaza de la Salud, first level.<\/p>\n<\/div><\/div><\/div><\/div><\/div><div class=\"w-tabs-section\" id=\"1548051617946-213830aa-b161\"><button class=\"w-tabs-section-header\" aria-controls=\"content-1548051617946-213830aa-b161\"><div class=\"w-tabs-section-header-h\"><div class=\"w-tabs-section-title\">Schedule<\/div><div class=\"w-tabs-section-control\"><\/div><\/div><\/button><div class=\"w-tabs-section-content\" id=\"content-1548051617946-213830aa-b161\" aria-expanded=\"false\"><div class=\"w-tabs-section-content-h i-cf\"><div class=\"wpb_text_column\" ><div class=\"wpb_wrapper\"><p><strong>Study schedule<\/strong>:<\/p>\n<p>Lunes a viernes de 7:00 a. m. a 7:00 p. m.<br \/>\n<strong>Citas presenciales o telef\u00f3nicas<\/strong>:<br \/>\nLunes a viernes de 7:30 a. m. a 5:00 p. m.<br \/>\n<strong>Contact: <\/strong>809 565 7477 ext.: 7198<br \/>\n<strong>Contact Center:<\/strong> 809-565-7477 ext.: 7900<\/p>\n<\/div><\/div><\/div><\/div><\/div><\/div><\/div><\/div><\/div><\/div><\/div><div class=\"vc_col-sm-4 wpb_column vc_column_container\"><div class=\"vc_column-inner us_custom_c3c31ab9\"><div class=\"wpb_wrapper\"><div class=\"uavc-list-icon uavc-list-icon-wrapper ult-adjust-bottom-margin\"><ul class=\"uavc-list\"><li><div class=\"uavc-list-content\" id=\"list-icon-wrap-3218\">\n<div class=\"uavc-list-icon\" data-animation=\"\" data-animation-delay=\"03\" style=\"margin-right:10px;\"><div class=\"ult-just-icon-wrapper\"><div class=\"align-icon\" style=\"text-align:center;\">\n<div class=\"aio-icon none\"  style=\"font-size:22px;display:inline-block;\">\n\t<i class=\"Defaults-calendar\"><\/i>\n<\/div><\/div><\/div>\n<\/div><span  data-ultimate-target='#list-icon-wrap-3218 .uavc-list-desc'  data-responsive-json-new='{\"font-size\":\"\",\"line-height\":\"\"}'  class=\"uavc-list-desc ult-responsive\" style=\"\">\n<h4 style=\"padding-bottom: 0; margin-bottom: 0; font-size: 20px;\">For Appointments<\/h4>\n<p><span style=\"font-size: 14px; line-height: 18px;\">Call to <a style=\"color: #30414f; text-decoration: underline;\" href=\"tel:809-565-7477\">809-565-7477<\/a><br \/>\nFill the <a style=\"color: #30414f; text-decoration: underline;\" href=\"https:\/\/hgps.org.do\/en\/citas\/\">Online Form<\/a><br \/>\nor Write to us <a style=\"color: #30414f; text-decoration: underline;\" href=\"#\">Live Chat<\/a><\/span><\/span><\/div><\/li><\/ul><\/div><h4 style=\"font-size: 20px;color: #00acc9;text-align: center;font-family:Titillium Web;font-weight:600;font-style:normal\" class=\"vc_custom_heading us_custom_7c7abea5\" >Related Posts<\/h4><div class=\"w-grid type_grid layout_25768 overflow_hidden\" id=\"us_grid_1\" data-grid-filter=\"true\"><style id=\"us_grid_1_css\">#us_grid_1 .w-grid-item:not(:last-child){margin-bottom:1.5rem}#us_grid_1 .g-loadmore{margin-top:1.5rem}<\/style><style>.layout_25768 .w-grid-item-h{background:#ffffff}.layout_25768 .usg_post_image_1{margin-bottom:0!important;padding-bottom:0!important}.layout_25768 .usg_post_title_1{font-family:'Titillium Web', sans-serif!important;font-size:1.1rem!important;line-height:1.2em!important;padding:0!important;margin:10px 0 0 0!important}.layout_25768 .usg_hwrapper_2{color:#00bcd4!important}.layout_25768 .usg_post_date_1{font-size:0.8rem!important}.layout_25768 .usg_vwrapper_1{padding:0!important}.layout_25768 .usg_post_taxonomy_2{font-size:0.8rem!important}<\/style><div class=\"w-grid-list\" ><\/div><div class=\"w-grid-preloader\"><div class=\"g-preloader type_1\">\r\n\t<div><\/div>\r\n<\/div>\r\n<\/div>\t<div class=\"w-grid-json hidden\" onclick='return {&quot;action&quot;:&quot;us_ajax_grid&quot;,&quot;ajax_url&quot;:&quot;https:\\\/\\\/hgps.org.do\\\/wp-admin\\\/admin-ajax.php&quot;,&quot;infinite_scroll&quot;:0,&quot;max_num_pages&quot;:0,&quot;pagination&quot;:&quot;none&quot;,&quot;permalink_url&quot;:&quot;https:\\\/\\\/hgps.org.do\\\/en\\\/wp-json\\\/wp\\\/v2\\\/pages\\\/22835&quot;,&quot;template_vars&quot;:{&quot;columns&quot;:&quot;1&quot;,&quot;exclude_items&quot;:&quot;none&quot;,&quot;img_size&quot;:&quot;medium&quot;,&quot;ignore_items_size&quot;:false,&quot;items_layout&quot;:&quot;25768&quot;,&quot;items_offset&quot;:&quot;1&quot;,&quot;overriding_link&quot;:&quot;none&quot;,&quot;post_id&quot;:22835,&quot;query_args&quot;:{&quot;post_type&quot;:[&quot;post&quot;],&quot;tax_query&quot;:[{&quot;taxonomy&quot;:&quot;post_tag&quot;,&quot;field&quot;:&quot;slug&quot;,&quot;terms&quot;:[&quot;medicina-nuclear&quot;]}],&quot;post_status&quot;:[&quot;publish&quot;],&quot;orderby&quot;:{&quot;date&quot;:&quot;DESC&quot;},&quot;posts_per_page&quot;:&quot;5&quot;},&quot;type&quot;:&quot;grid&quot;,&quot;us_grid_ajax_index&quot;:1,&quot;us_grid_filter_params&quot;:null,&quot;us_grid_index&quot;:1,&quot;_us_grid_post_type&quot;:&quot;post&quot;}}'><\/div>\r\n<h4 class=\"w-grid-none\">No results found.<\/h4><\/div><\/div><\/div><\/div><\/div><\/div><\/section>","protected":false},"excerpt":{"rendered":"Medicina NuclearNuestra Unidad de Medicina Nuclear cuenta con un Sistema de Gammac\u00e1mara-Spect de doble cabeza, marca Philips, \u00fanico en el pa\u00eds y cuenta con una tecnolog\u00eda de punta que permite adquirir im\u00e1genes con excelente resoluci\u00f3n. Gracias a este novedoso sistema, los resultados se obtienen en la mitad del tiempo que las m\u00e1quinas tradicionales. La Unidad...","protected":false},"author":1,"featured_media":0,"parent":22825,"menu_order":43,"comment_status":"closed","ping_status":"closed","template":"","meta":{"footnotes":""},"_links":{"self":[{"href":"https:\/\/hgps.org.do\/en\/wp-json\/wp\/v2\/pages\/22835"}],"collection":[{"href":"https:\/\/hgps.org.do\/en\/wp-json\/wp\/v2\/pages"}],"about":[{"href":"https:\/\/hgps.org.do\/en\/wp-json\/wp\/v2\/types\/page"}],"author":[{"embeddable":true,"href":"https:\/\/hgps.org.do\/en\/wp-json\/wp\/v2\/users\/1"}],"replies":[{"embeddable":true,"href":"https:\/\/hgps.org.do\/en\/wp-json\/wp\/v2\/comments?post=22835"}],"version-history":[{"count":9,"href":"https:\/\/hgps.org.do\/en\/wp-json\/wp\/v2\/pages\/22835\/revisions"}],"predecessor-version":[{"id":27597,"href":"https:\/\/hgps.org.do\/en\/wp-json\/wp\/v2\/pages\/22835\/revisions\/27597"}],"up":[{"embeddable":true,"href":"https:\/\/hgps.org.do\/en\/wp-json\/wp\/v2\/pages\/22825"}],"wp:attachment":[{"href":"https:\/\/hgps.org.do\/en\/wp-json\/wp\/v2\/media?parent=22835"}],"curies":[{"name":"wp","href":"https:\/\/api.w.org\/{rel}","templated":true}]}}