{"id":22837,"date":"2018-05-01T21:19:36","date_gmt":"2018-05-01T21:19:36","guid":{"rendered":"https:\/\/portal-hgps.azurewebsites.net\/servicios-medicos\/odontologia\/"},"modified":"2022-04-20T13:19:15","modified_gmt":"2022-04-20T13:19:15","slug":"odontologia","status":"publish","type":"page","link":"https:\/\/hgps.org.do\/en\/servicios-medicos\/odontologia\/","title":{"rendered":"odontology"},"content":{"rendered":"<section class=\"l-section wpb_row us_custom_9b36ddac height_medium\"><div class=\"l-section-h i-cf\"><div class=\"g-cols vc_row type_default valign_top\"><div class=\"vc_col-sm-8 wpb_column vc_column_container\"><div class=\"vc_column-inner\"><div class=\"wpb_wrapper\"><div id=\"ultimate-heading-969469e8aa79d4f2f\" class=\"uvc-heading ult-adjust-bottom-margin ultimate-heading-969469e8aa79d4f2f uvc-9851\" data-hspacer=\"line_only\"  data-halign=\"center\" style=\"text-align:center\"><div class=\"uvc-main-heading ult-responsive\"  data-ultimate-target='.uvc-heading.ultimate-heading-969469e8aa79d4f2f h2'  data-responsive-json-new='{\"font-size\":\"\",\"line-height\":\"\"}' ><h2 style=\"font-weight:normal;margin-bottom:10px;\">odontology<\/h2><\/div><div class=\"uvc-heading-spacer line_only\" style=\"margin-bottom:20px;height:2px;\"><span class=\"uvc-headings-line\" style=\"border-style:solid;border-bottom-width:2px;border-color:#00abc6;width:300px;\"><\/span><\/div><\/div><div class=\"wpb_text_column\" ><div class=\"wpb_wrapper\"><p>The Department of Dentistry HGPS offers basic and specialized dental services with the highest standards of professional quality supported by technological equipment to guarantee our patients comprehensive care.<\/p>\n<p>We have a group of professionals from all areas guaranteeing continuity in the treatments and a permanent orientation in their specific needs.<\/p>\n<p>We offer comfortable facilities with service units, fully equipped with state-of-the-art equipment. In addition, our team is formed and has recognized experience in different areas of dentistry and an administrative staff trained to provide all the advice and information that is necessary.<\/p>\n<p>Our dental treatments are based on accurate and reliable diagnoses. We have established trust relationships with our suppliers, which guarantees effectiveness in the delivery of results and timely response times. In addition, we use products and high quality inputs that guarantee the optimal results of the treatments.<\/p>\n<p>In the Department of Dentistry HGPS we manage external dental laboratories specialized in each of the areas of dentistry (prosthetics, orthodontics, etc.). In this way, we give you confidence when performing the treatment you want with the highest standards in quality. <\/p>\n<\/div><\/div><div class=\"w-tabs style_default switch_click accordion has_scrolling title_atleft icon_chevron iconpos_right\"><div class=\"w-tabs-sections\"><div class=\"w-tabs-sections-h\"><div class=\"w-tabs-section\" id=\"1548051485003-09ea206c-28ed\"><button class=\"w-tabs-section-header\" aria-controls=\"content-1548051485003-09ea206c-28ed\"><div class=\"w-tabs-section-header-h\"><div class=\"w-tabs-section-title\">Importance of Oral Health<\/div><div class=\"w-tabs-section-control\"><\/div><\/div><\/button><div class=\"w-tabs-section-content\" id=\"content-1548051485003-09ea206c-28ed\" aria-expanded=\"false\"><div class=\"w-tabs-section-content-h i-cf\"><div class=\"wpb_text_column\" ><div class=\"wpb_wrapper\"><p>Dental health is important in general health. When any part of our body loses its balance and is altered, this general health is affected. Dental health is to keep the entire structure of the oral cavity free of diseases, especially the teeth and supporting tissues of these and in a balanced well-behaved for which it was designed.<\/p>\n<p>The teeth intervene in different processes such as talking, chewing, passing food, lubrication, is the first line of defense of the immune system, smile, personal image.<\/p>\n<p>Dental health and general well-being are closely related since, from the process such as digestion and nutritional status to preparing an adequate bolus of food before swallowing, to personal appearance and its effect on self-esteem, dental health is a important aspect within general health.<\/p>\n<\/div><\/div><\/div><\/div><\/div><div class=\"w-tabs-section\" id=\"1548051485025-c8b152b1-d930\"><button class=\"w-tabs-section-header\" aria-controls=\"content-1548051485025-c8b152b1-d930\"><div class=\"w-tabs-section-header-h\"><div class=\"w-tabs-section-title\">Oral health and systemic diseases<\/div><div class=\"w-tabs-section-control\"><\/div><\/div><\/button><div class=\"w-tabs-section-content\" id=\"content-1548051485025-c8b152b1-d930\" aria-expanded=\"false\"><div class=\"w-tabs-section-content-h i-cf\"><div class=\"wpb_text_column\" ><div class=\"wpb_wrapper\"><p>We must take other factors into account. As explained by the world health organization, oral diseases share risk factors with the four most important chronic diseases, cardiovascular diseases, cancer, chronic respiratory diseases and diabetes, as they are favored by poorly healthy diet, smoking and smoking. harmful consumption of alcohol. But not only share the causes, but often poor oral health is a symptom of the existence of cardiovascular disease, cancer or diabetes. Therefore, visiting the dentist can make it possible to determine serious diseases<\/p>\n<\/div><\/div><\/div><\/div><\/div><div class=\"w-tabs-section\" id=\"1548051574958-091d9f58-5a5b\"><button class=\"w-tabs-section-header\" aria-controls=\"content-1548051574958-091d9f58-5a5b\"><div class=\"w-tabs-section-header-h\"><div class=\"w-tabs-section-title\">How to maintain good oral hygiene<\/div><div class=\"w-tabs-section-control\"><\/div><\/div><\/button><div class=\"w-tabs-section-content\" id=\"content-1548051574958-091d9f58-5a5b\" aria-expanded=\"false\"><div class=\"w-tabs-section-content-h i-cf\"><div class=\"wpb_text_column\" ><div class=\"wpb_wrapper\"><p>It is important to maintain good oral hygiene, so it is necessary that we worry about getting into the habit of washing our teeth in the proper way and that we go to the dentist as recommended. As always, it is better to prevent than to cure. We must visit the dentist at least twice a year, especially in children, where seeing the teeth, we can also detect poor nutrition, growth and development alterations.<\/p>\n<p>Also at home you need to take care of your health every day by doing the following:<\/p>\n<p>Brush your teeth for 2 or 3 minutes, at least 3 times a day, the brush should be used with intermediate bristles, with a small head size to access all corners<\/p>\n<p>Use interdental brush and floss to remove the plaque from the places that your brush could not reach.<\/p>\n<p>Brush the tongue: there are special tools for this, but the toothbrush is enough. In effect, the outer surface of the tongue is covered with bacteria that can contribute in particular to bad breath.<\/p>\n<p>Eat a healthy diet to provide the necessary nutrients, vitamin A and C, in particular.<\/p>\n<p>Avoid tobacco, which can contribute to gum disease and oral cancer.<\/p>\n<\/div><\/div><\/div><\/div><\/div><div class=\"w-tabs-section\" id=\"1548051617946-213830aa-b161\"><button class=\"w-tabs-section-header\" aria-controls=\"content-1548051617946-213830aa-b161\"><div class=\"w-tabs-section-header-h\"><div class=\"w-tabs-section-title\">Most common diseases of the oral cavity<\/div><div class=\"w-tabs-section-control\"><\/div><\/div><\/button><div class=\"w-tabs-section-content\" id=\"content-1548051617946-213830aa-b161\" aria-expanded=\"false\"><div class=\"w-tabs-section-content-h i-cf\"><div class=\"wpb_text_column\" ><div class=\"wpb_wrapper\"><p class=\"p1\"><span class=\"s1\">Oral diseases not only affect the mouth area, but impact on various parts of the human body, so it is important to have proper hygiene to ensure the elimination of bacteria. For people it is very important to have a good oral health, but not taking care of it can appear uncomfortable affections.<\/span><\/p>\n<p class=\"p1\"><span class=\"s1\"><b>Dental caries<\/b>: It is a multifactorial disease characterized by the destruction of the tissues of the tooth as a consequence of the demineralization generated by the acids generated by the bacterial plaque.<\/span><\/p>\n<p class=\"p1\"><span class=\"s1\"><b>Gingivitis:<\/b> It is the inflammation of the gum that causes spontaneous bleeding, redness of the gum. Caused by an infectious process or the accumulation of bacterial plaque.<\/span><\/p>\n<p class=\"p1\"><span class=\"s1\"><b>Periodontitis:<\/b> Periodontitis occurs when it presents with inflammation of the gum and is not treated. Infection and inflammation spread from the gingiva to the ligaments and bone that support the teeth. The loss of support causes the teeth to loosen and eventually fall off. Periodontitis is the main cause of tooth decay in adults.<\/span><\/p>\n<p class=\"p1\"><span class=\"s1\"><b>The most important measure is to visit your dentist every 6 months to ensure good oral health and not only when we present pain or discomfort<\/b><\/span><\/p>\n<\/div><\/div><\/div><\/div><\/div><div class=\"w-tabs-section\" id=\"1548051989579-09639414-3be8\"><button class=\"w-tabs-section-header\" aria-controls=\"content-1548051989579-09639414-3be8\"><div class=\"w-tabs-section-header-h\"><div class=\"w-tabs-section-title\">Reasons to choose us<\/div><div class=\"w-tabs-section-control\"><\/div><\/div><\/button><div class=\"w-tabs-section-content\" id=\"content-1548051989579-09639414-3be8\" aria-expanded=\"false\"><div class=\"w-tabs-section-content-h i-cf\"><div class=\"wpb_text_column\" ><div class=\"wpb_wrapper\"><ul class=\"ul1\">\n<li class=\"li1\"><span class=\"s2\">We have highly qualified specialist dentists to make you feel comfortable and safe at the time of your consultation.<\/span><\/li>\n<li class=\"li1\"><span class=\"s2\">Orthodontists certified by the <a href=\"http:\/\/mimejorsonrisa.com\" target=\"_blank\" rel=\"noopener noreferrer\">Dominican Society of Orthodontics<\/a> (mimejorsonrisa.com) and the <a href=\"http:\/\/www.wfo.org\" target=\"_blank\" rel=\"noopener noreferrer\">World Federation of Orthodontists\u00a0<\/a>\u00a0what gives confidence when performing your treatment.<\/span><\/li>\n<\/ul>\n<ul class=\"ul1\">\n<li class=\"li1\"><span class=\"s2\">Our patients are treated in a hospital environment which guarantees that patients with diseases such as diabetes, hypertension, etc., find a safe and comprehensive care.<\/span><\/li>\n<li class=\"li1\"><span class=\"s2\">We combine technology with the experience of our professionals, to create an atmosphere of trust that guarantees our patients effective treatments, with optimal response times.<\/span><\/li>\n<li class=\"li1\"><span class=\"s2\">Comfortable facilities with care units fully equipped with state-of-the-art equipment, create a warm atmosphere which makes your visit to the dentist more pleasant.<\/span><\/li>\n<li class=\"li1\"><span class=\"s2\">Personalized attention with the appointment assignment.<\/span><\/li>\n<li class=\"li1\"><span class=\"s2\">Facilities and payment options.<\/span><\/li>\n<li class=\"li1\"><span class=\"s2\">Personal accompaniment during the entire dental treatment.<\/span><\/li>\n<li class=\"li1\"><span class=\"s2\">We are authorized by the Ministry of Public Health (dgha.gob.do).<\/span><\/li>\n<\/ul>\n<\/div><\/div><\/div><\/div><\/div><div class=\"w-tabs-section\" id=\"1548052080737-8d7323f3-4d3a\"><button class=\"w-tabs-section-header\" aria-controls=\"content-1548052080737-8d7323f3-4d3a\"><div class=\"w-tabs-section-header-h\"><div class=\"w-tabs-section-title\">Location and opening hours<\/div><div class=\"w-tabs-section-control\"><\/div><\/div><\/button><div class=\"w-tabs-section-content\" id=\"content-1548052080737-8d7323f3-4d3a\" aria-expanded=\"false\"><div class=\"w-tabs-section-content-h i-cf\"><div class=\"wpb_text_column\" ><div class=\"wpb_wrapper\"><p>We are located in building no. 5 Primary Care Center, offices 227 and 226 second floor. Our business hours are Monday through Friday from 08:00 a.m. until 04:00 p.m.<\/p>\n<p><strong>Departamento Odontologia HGPS<\/strong><\/p>\n<p><strong>Para citas y horarios<\/strong><\/p>\n<p><strong>Tel\u00e9fonos 809-565-7477 extensi\u00f3n 7051<\/strong><\/p>\n<\/div><\/div><\/div><\/div><\/div><div class=\"w-tabs-section\" id=\"1650460641679-d541a6e9-1190\"><button class=\"w-tabs-section-header\" aria-controls=\"content-1650460641679-d541a6e9-1190\"><div class=\"w-tabs-section-header-h\"><div class=\"w-tabs-section-title\">Servicios odontol\u00f3gicos <\/div><div class=\"w-tabs-section-control\"><\/div><\/div><\/button><div class=\"w-tabs-section-content\" id=\"content-1650460641679-d541a6e9-1190\" aria-expanded=\"false\"><div class=\"w-tabs-section-content-h i-cf\"><div class=\"wpb_text_column\" ><div class=\"wpb_wrapper\"><ul>\n<li>Consulta de evaluaci\u00f3n<\/li>\n<li>Programas preventivos<\/li>\n<li>Instrucci\u00f3n de higiene oral, profilaxis dental<\/li>\n<li>X-rays<\/li>\n<li>Emergencies<\/li>\n<li>Operatoria dental (obturaciones)<\/li>\n<li>Cirug\u00eda bucal<\/li>\n<li>Odontopediatr\u00eda<\/li>\n<li>Pr\u00f3tesis dental<\/li>\n<li>Endodoncia (tratamiento de canal)<\/li>\n<li>Ortodoncia (braces)<\/li>\n<li>Cirug\u00eda maxilofacial y bucal.<\/li>\n<li>Interconsulta odontol\u00f3gica a las diferentes \u00e1reas de hospitalizaci\u00f3n (UCI, Pabellones, etc.)<\/li>\n<\/ul>\n<\/div><\/div><\/div><\/div><\/div><\/div><\/div><\/div><\/div><\/div><\/div><div class=\"vc_col-sm-4 wpb_column vc_column_container\"><div class=\"vc_column-inner us_custom_c3c31ab9\"><div class=\"wpb_wrapper\"><div class=\"uavc-list-icon uavc-list-icon-wrapper ult-adjust-bottom-margin\"><ul class=\"uavc-list\"><li><div class=\"uavc-list-content\" id=\"list-icon-wrap-9755\">\n<div class=\"uavc-list-icon\" data-animation=\"\" data-animation-delay=\"03\" style=\"margin-right:10px;\"><div class=\"ult-just-icon-wrapper\"><div class=\"align-icon\" style=\"text-align:center;\">\n<div class=\"aio-icon none\"  style=\"font-size:22px;display:inline-block;\">\n\t<i class=\"Defaults-calendar\"><\/i>\n<\/div><\/div><\/div>\n<\/div><span  data-ultimate-target='#list-icon-wrap-9755 .uavc-list-desc'  data-responsive-json-new='{\"font-size\":\"\",\"line-height\":\"\"}'  class=\"uavc-list-desc ult-responsive\" style=\"\">\n<h4 style=\"padding-bottom: 0; margin-bottom: 0; font-size: 20px;\">For Appointments<\/h4>\n<p><span style=\"font-size: 14px; line-height: 18px;\">Call to <a style=\"color: #30414f; text-decoration: underline;\" href=\"tel:809-565-7477\">809-565-7477<\/a><br \/>\nFill the <a style=\"color: #30414f; text-decoration: underline;\" href=\"https:\/\/hgps.org.do\/en\/citas\/\">Online Form<\/a><br \/>\nor Write to us <a style=\"color: #30414f; text-decoration: underline;\" href=\"#\">Live Chat<\/a><\/span><\/span><\/div><\/li><\/ul><\/div><h4 style=\"font-size: 20px;color: #00acc9;text-align: center;font-family:Titillium Web;font-weight:600;font-style:normal\" class=\"vc_custom_heading us_custom_7c7abea5\" >Related Posts<\/h4><div class=\"w-grid type_grid layout_25768 overflow_hidden\" id=\"us_grid_1\" data-grid-filter=\"true\"><style id=\"us_grid_1_css\">#us_grid_1 .w-grid-item:not(:last-child){margin-bottom:1.5rem}#us_grid_1 .g-loadmore{margin-top:1.5rem}<\/style><style>.layout_25768 .w-grid-item-h{background:#ffffff}.layout_25768 .usg_post_image_1{margin-bottom:0!important;padding-bottom:0!important}.layout_25768 .usg_post_title_1{font-family:'Titillium Web', sans-serif!important;font-size:1.1rem!important;line-height:1.2em!important;padding:0!important;margin:10px 0 0 0!important}.layout_25768 .usg_hwrapper_2{color:#00bcd4!important}.layout_25768 .usg_post_date_1{font-size:0.8rem!important}.layout_25768 .usg_vwrapper_1{padding:0!important}.layout_25768 .usg_post_taxonomy_2{font-size:0.8rem!important}<\/style><div class=\"w-grid-list\" ><\/div><div class=\"w-grid-preloader\"><div class=\"g-preloader type_1\">\r\n\t<div><\/div>\r\n<\/div>\r\n<\/div>\t<div class=\"w-grid-json hidden\" onclick='return {&quot;action&quot;:&quot;us_ajax_grid&quot;,&quot;ajax_url&quot;:&quot;https:\\\/\\\/hgps.org.do\\\/wp-admin\\\/admin-ajax.php&quot;,&quot;infinite_scroll&quot;:0,&quot;max_num_pages&quot;:0,&quot;pagination&quot;:&quot;none&quot;,&quot;permalink_url&quot;:&quot;https:\\\/\\\/hgps.org.do\\\/en\\\/wp-json\\\/wp\\\/v2\\\/pages\\\/22837&quot;,&quot;template_vars&quot;:{&quot;columns&quot;:&quot;1&quot;,&quot;exclude_items&quot;:&quot;none&quot;,&quot;img_size&quot;:&quot;medium&quot;,&quot;ignore_items_size&quot;:false,&quot;items_layout&quot;:&quot;25768&quot;,&quot;items_offset&quot;:&quot;1&quot;,&quot;overriding_link&quot;:&quot;none&quot;,&quot;post_id&quot;:22837,&quot;query_args&quot;:{&quot;post_type&quot;:[&quot;post&quot;],&quot;tax_query&quot;:[{&quot;taxonomy&quot;:&quot;post_tag&quot;,&quot;field&quot;:&quot;slug&quot;,&quot;terms&quot;:[&quot;odontologia&quot;]}],&quot;post_status&quot;:[&quot;publish&quot;],&quot;orderby&quot;:{&quot;date&quot;:&quot;DESC&quot;},&quot;posts_per_page&quot;:&quot;5&quot;},&quot;type&quot;:&quot;grid&quot;,&quot;us_grid_ajax_index&quot;:1,&quot;us_grid_filter_params&quot;:null,&quot;us_grid_index&quot;:1,&quot;_us_grid_post_type&quot;:&quot;post&quot;}}'><\/div>\r\n<h4 class=\"w-grid-none\">No results found.<\/h4><\/div><\/div><\/div><\/div><\/div><\/div><\/section>","protected":false},"excerpt":{"rendered":"Odontolog\u00edaEl Departamento de Odontolog\u00eda HGPS ofrece servicios b\u00e1sicos y especializados dentales con los m\u00e1s altos est\u00e1ndares de calidad profesional apoyados en equipos tecnol\u00f3gicos para garantizar a nuestros pacientes una atenci\u00f3n integral. Contamos con un grupo de profesionales de todas las \u00e1reas garantizando continuidad en los tratamientos y una orientaci\u00f3n permanente en sus necesidades puntuales. Ofrecemos...","protected":false},"author":1,"featured_media":0,"parent":22825,"menu_order":45,"comment_status":"closed","ping_status":"closed","template":"","meta":{"footnotes":""},"_links":{"self":[{"href":"https:\/\/hgps.org.do\/en\/wp-json\/wp\/v2\/pages\/22837"}],"collection":[{"href":"https:\/\/hgps.org.do\/en\/wp-json\/wp\/v2\/pages"}],"about":[{"href":"https:\/\/hgps.org.do\/en\/wp-json\/wp\/v2\/types\/page"}],"author":[{"embeddable":true,"href":"https:\/\/hgps.org.do\/en\/wp-json\/wp\/v2\/users\/1"}],"replies":[{"embeddable":true,"href":"https:\/\/hgps.org.do\/en\/wp-json\/wp\/v2\/comments?post=22837"}],"version-history":[{"count":5,"href":"https:\/\/hgps.org.do\/en\/wp-json\/wp\/v2\/pages\/22837\/revisions"}],"predecessor-version":[{"id":27305,"href":"https:\/\/hgps.org.do\/en\/wp-json\/wp\/v2\/pages\/22837\/revisions\/27305"}],"up":[{"embeddable":true,"href":"https:\/\/hgps.org.do\/en\/wp-json\/wp\/v2\/pages\/22825"}],"wp:attachment":[{"href":"https:\/\/hgps.org.do\/en\/wp-json\/wp\/v2\/media?parent=22837"}],"curies":[{"name":"wp","href":"https:\/\/api.w.org\/{rel}","templated":true}]}}