{"id":22838,"date":"2018-05-01T21:19:36","date_gmt":"2018-05-01T21:19:36","guid":{"rendered":"https:\/\/portal-hgps.azurewebsites.net\/servicios-medicos\/oftalmologia\/"},"modified":"2022-04-18T13:17:07","modified_gmt":"2022-04-18T13:17:07","slug":"oftalmologia","status":"publish","type":"page","link":"https:\/\/hgps.org.do\/en\/servicios-medicos\/oftalmologia\/","title":{"rendered":"Ophthalmology"},"content":{"rendered":"<section class=\"l-section wpb_row us_custom_9b36ddac height_medium\"><div class=\"l-section-h i-cf\"><div class=\"g-cols vc_row type_default valign_top\"><div class=\"vc_col-sm-8 wpb_column vc_column_container\"><div class=\"vc_column-inner\"><div class=\"wpb_wrapper\"><div id=\"ultimate-heading-346969d742937c62f\" class=\"uvc-heading ult-adjust-bottom-margin ultimate-heading-346969d742937c62f uvc-1102\" data-hspacer=\"line_only\"  data-halign=\"center\" style=\"text-align:center\"><div class=\"uvc-main-heading ult-responsive\"  data-ultimate-target='.uvc-heading.ultimate-heading-346969d742937c62f h2'  data-responsive-json-new='{\"font-size\":\"\",\"line-height\":\"\"}' ><h2 style=\"font-weight:normal;margin-bottom:10px;\">Ophthalmology<\/h2><\/div><div class=\"uvc-heading-spacer line_only\" style=\"margin-bottom:20px;height:2px;\"><span class=\"uvc-headings-line\" style=\"border-style:solid;border-bottom-width:2px;border-color:#00abc6;width:300px;\"><\/span><\/div><\/div><div class=\"wpb_text_column\" ><div class=\"wpb_wrapper\"><p>Our goal is to offer a personalized service, based on the quality of patient care that seeks basic ophthalmological services and high complexity.<\/p>\n<p>Contamos con 4 consultorios, 3 \u00e1reas de examen t\u00e9cnico oftalmol\u00f3gico y 2 \u00e1reas de estudios y quir\u00f3fano oftalmol\u00f3gico especializado.<\/p>\n<p><strong>Estudios y procedimientos oftalmol\u00f3gicos: <\/strong><\/p>\n<ul>\n<li>Refracci\u00f3n bajo cicloplejia<\/li>\n<li>Campimetr\u00eda<\/li>\n<li>Paquimetr\u00eda<\/li>\n<li>Tomograf\u00eda de coherencia \u00f3ptica (OCT) de nervio \u00f3ptico y de m\u00e1cula<\/li>\n<li>Biometr\u00eda laser (IOL M\u00e1ster)<\/li>\n<li>Microscop\u00eda especular<\/li>\n<li>Ecograf\u00eda ocular modo A y B<\/li>\n<li>Capsulotom\u00eda<\/li>\n<li>Iridotom\u00eda yag l\u00e1ser<\/li>\n<\/ul>\n<p>&nbsp;<\/p>\n<p><strong>Servicios: <\/strong><\/p>\n<ul>\n<li>Oftalmolog\u00eda general<\/li>\n<li>Oculoplastics<\/li>\n<li>Oftalmolog\u00eda pedi\u00e1trica y estrabismo<\/li>\n<li>Cornea<\/li>\n<li>Superficie ocular<\/li>\n<li>Uve\u00edtis e inflamaci\u00f3n ocular<\/li>\n<li>Segmento anterior y catarata<\/li>\n<li>Glaucoma<\/li>\n<li>Retina<\/li>\n<li>Neurooftalmolog\u00eda<\/li>\n<li>Im\u00e1genes oculares<\/li>\n<li>Baja visi\u00f3n<\/li>\n<\/ul>\n<p>M\u00f3dulo de facturaci\u00f3n general y oficina de facturaci\u00f3n quir\u00fargica, oficina de coordinaci\u00f3n quir\u00fargica.<\/p>\n<p><strong>Horarios de consultas:<\/strong> lunes a viernes de 8:00 a. m. a 6:00 p. m. y los s\u00e1bados de 8:00 a. m. a 12 p. m.<br \/>\n<strong>Ubicaci\u00f3n:<\/strong> edificio #5 tercer nivel OFTALMOPLAZA<br \/>\n<strong>Contact:<\/strong> 809-565-7477 ext.: 7044<br \/>\n<strong>Contact Center:<\/strong> 809-565-7477 ext.: 7900<\/p>\n<\/div><\/div><\/div><\/div><\/div><div class=\"vc_col-sm-4 wpb_column vc_column_container\"><div class=\"vc_column-inner us_custom_c3c31ab9\"><div class=\"wpb_wrapper\"><div class=\"uavc-list-icon uavc-list-icon-wrapper ult-adjust-bottom-margin\"><ul class=\"uavc-list\"><li><div class=\"uavc-list-content\" id=\"list-icon-wrap-6680\">\n<div class=\"uavc-list-icon\" data-animation=\"\" data-animation-delay=\"03\" style=\"margin-right:10px;\"><div class=\"ult-just-icon-wrapper\"><div class=\"align-icon\" style=\"text-align:center;\">\n<div class=\"aio-icon none\"  style=\"font-size:22px;display:inline-block;\">\n\t<i class=\"Defaults-calendar\"><\/i>\n<\/div><\/div><\/div>\n<\/div><span  data-ultimate-target='#list-icon-wrap-6680 .uavc-list-desc'  data-responsive-json-new='{\"font-size\":\"\",\"line-height\":\"\"}'  class=\"uavc-list-desc ult-responsive\" style=\"\">\n<h4 style=\"padding-bottom: 0; margin-bottom: 0; font-size: 20px;\">For Appointments<\/h4>\n<p><span style=\"font-size: 14px; line-height: 18px;\">Call to <a style=\"color: #30414f; text-decoration: underline;\" href=\"tel:809-565-7477\">809-565-7477<\/a><br \/>\nFill the <a style=\"color: #30414f; text-decoration: underline;\" href=\"https:\/\/hgps.org.do\/en\/citas\/\">Online Form<\/a><br \/>\nor Write to us <a style=\"color: #30414f; text-decoration: underline;\" href=\"#\">Live Chat<\/a><\/span><\/span><\/div><\/li><\/ul><\/div><h4 style=\"font-size: 20px;color: #00acc9;text-align: center;font-family:Titillium Web;font-weight:600;font-style:normal\" class=\"vc_custom_heading us_custom_7c7abea5\" >Related Posts<\/h4><div class=\"w-grid type_grid layout_25768 overflow_hidden\" id=\"us_grid_1\" data-grid-filter=\"true\"><style id=\"us_grid_1_css\">#us_grid_1 .w-grid-item:not(:last-child){margin-bottom:1.5rem}#us_grid_1 .g-loadmore{margin-top:1.5rem}<\/style><style>.layout_25768 .w-grid-item-h{background:#ffffff}.layout_25768 .usg_post_image_1{margin-bottom:0!important;padding-bottom:0!important}.layout_25768 .usg_post_title_1{font-family:'Titillium Web', sans-serif!important;font-size:1.1rem!important;line-height:1.2em!important;padding:0!important;margin:10px 0 0 0!important}.layout_25768 .usg_hwrapper_2{color:#00bcd4!important}.layout_25768 .usg_post_date_1{font-size:0.8rem!important}.layout_25768 .usg_vwrapper_1{padding:0!important}.layout_25768 .usg_post_taxonomy_2{font-size:0.8rem!important}<\/style><div class=\"w-grid-list\" ><article class=\"w-grid-item size_1x1 post-27736 post type-post status-publish format-standard has-post-thumbnail hentry category-articulos tag-oftalmologia\" data-id=\"27736\">\r\n\t<div class=\"w-grid-item-h\">\r\n\t\t\t\t<div class=\"w-post-elm post_image usg_post_image_1 stretched\"><a href=\"https:\/\/hgps.org.do\/en\/articulos\/ambliopia\/\" aria-label=\"Ambliop\u00eda\"><img loading=\"lazy\" decoding=\"async\" width=\"229\" height=\"400\" src=\"https:\/\/hgps.org.do\/wp-content\/uploads\/2023\/03\/Dra.-Carla-A.-Rodriguez-Tavarez-y-Dra.-Andreina-Maldonado1-229x400.jpg\" class=\"attachment-medium size-medium wp-post-image\" alt=\"\" srcset=\"https:\/\/hgps.org.do\/wp-content\/uploads\/2023\/03\/Dra.-Carla-A.-Rodriguez-Tavarez-y-Dra.-Andreina-Maldonado1-229x400.jpg 229w, https:\/\/hgps.org.do\/wp-content\/uploads\/2023\/03\/Dra.-Carla-A.-Rodriguez-Tavarez-y-Dra.-Andreina-Maldonado1-7x12.jpg 7w, https:\/\/hgps.org.do\/wp-content\/uploads\/2023\/03\/Dra.-Carla-A.-Rodriguez-Tavarez-y-Dra.-Andreina-Maldonado1.jpg 400w\" sizes=\"(max-width: 229px) 100vw, 229px\" \/><\/a><\/div><div class=\"w-vwrapper usg_vwrapper_1 align_center valign_top\"><h2 class=\"w-post-elm post_title usg_post_title_1 entry-title color_link_inherit\"><a href=\"https:\/\/hgps.org.do\/en\/articulos\/ambliopia\/\">Ambliop\u00eda<\/a><\/h2><div class=\"w-hwrapper usg_hwrapper_2 align_center valign_top wrap\"><time class=\"w-post-elm post_date usg_post_date_1 entry-date published\" datetime=\"2023-03-30T14:50:32+00:00\"><i class=\"far fa-clock\"><\/i>30 March, 2023<\/time><div class=\"w-post-elm post_taxonomy usg_post_taxonomy_2 style_simple color_link_inherit\"><i class=\"far fa-tags\"><\/i><a href=\"https:\/\/hgps.org.do\/en\/tag\/oftalmologia\/\" rel=\"tag\">Ophthalmology<\/a><\/div><\/div><\/div>\t<\/div>\r\n<\/article>\r\n<article class=\"w-grid-item post-26189 post type-post status-publish format-standard has-post-thumbnail hentry category-articulos tag-oftalmologia\" data-id=\"26189\">\r\n\t<div class=\"w-grid-item-h\">\r\n\t\t\t\t<div class=\"w-post-elm post_image usg_post_image_1 stretched\"><a href=\"https:\/\/hgps.org.do\/en\/articulos\/principales-causas-de-la-ceguera-a-nivel-mundial\/\" aria-label=\"Main causes of blindness worldwide\"><img loading=\"lazy\" decoding=\"async\" width=\"300\" height=\"200\" src=\"https:\/\/hgps.org.do\/wp-content\/uploads\/2018\/12\/hgps-ceguera-1-300x200.jpg\" class=\"attachment-medium size-medium wp-post-image\" alt=\"\" srcset=\"https:\/\/hgps.org.do\/wp-content\/uploads\/2018\/12\/hgps-ceguera-1-300x200.jpg 300w, https:\/\/hgps.org.do\/wp-content\/uploads\/2018\/12\/hgps-ceguera-1.jpg 800w\" sizes=\"(max-width: 300px) 100vw, 300px\" \/><\/a><\/div><div class=\"w-vwrapper usg_vwrapper_1 align_center valign_top\"><h2 class=\"w-post-elm post_title usg_post_title_1 entry-title color_link_inherit\"><a href=\"https:\/\/hgps.org.do\/en\/articulos\/principales-causas-de-la-ceguera-a-nivel-mundial\/\">Main causes of blindness worldwide<\/a><\/h2><div class=\"w-hwrapper usg_hwrapper_2 align_center valign_top wrap\"><time class=\"w-post-elm post_date usg_post_date_1 entry-date published\" datetime=\"2018-12-03T12:47:37+00:00\"><i class=\"far fa-clock\"><\/i>3 December, 2018<\/time><div class=\"w-post-elm post_taxonomy usg_post_taxonomy_2 style_simple color_link_inherit\"><i class=\"far fa-tags\"><\/i><a href=\"https:\/\/hgps.org.do\/en\/tag\/oftalmologia\/\" rel=\"tag\">Ophthalmology<\/a><\/div><\/div><\/div>\t<\/div>\r\n<\/article>\r\n<article class=\"w-grid-item post-26179 post type-post status-publish format-standard has-post-thumbnail hentry category-articulos tag-medicina-interna tag-oftalmologia tag-salud-preventiva\" data-id=\"26179\">\r\n\t<div class=\"w-grid-item-h\">\r\n\t\t\t\t<div class=\"w-post-elm post_image usg_post_image_1 stretched\"><a href=\"https:\/\/hgps.org.do\/en\/articulos\/salud-preventiva-medidas-de-prevencion\/\" aria-label=\"Preventive Health: Prevention measures\"><img loading=\"lazy\" decoding=\"async\" width=\"300\" height=\"200\" src=\"https:\/\/hgps.org.do\/wp-content\/uploads\/2018\/11\/Untitled-2-300x200.jpg\" class=\"attachment-medium size-medium wp-post-image\" alt=\"\" srcset=\"https:\/\/hgps.org.do\/wp-content\/uploads\/2018\/11\/Untitled-2-300x200.jpg 300w, https:\/\/hgps.org.do\/wp-content\/uploads\/2018\/11\/Untitled-2.jpg 600w\" sizes=\"(max-width: 300px) 100vw, 300px\" \/><\/a><\/div><div class=\"w-vwrapper usg_vwrapper_1 align_center valign_top\"><h2 class=\"w-post-elm post_title usg_post_title_1 entry-title color_link_inherit\"><a href=\"https:\/\/hgps.org.do\/en\/articulos\/salud-preventiva-medidas-de-prevencion\/\">Preventive Health: Prevention measures<\/a><\/h2><div class=\"w-hwrapper usg_hwrapper_2 align_center valign_top wrap\"><time class=\"w-post-elm post_date usg_post_date_1 entry-date published\" datetime=\"2018-11-26T21:13:58+00:00\"><i class=\"far fa-clock\"><\/i>26 November, 2018<\/time><div class=\"w-post-elm post_taxonomy usg_post_taxonomy_2 style_simple color_link_inherit\"><i class=\"far fa-tags\"><\/i><a href=\"https:\/\/hgps.org.do\/en\/tag\/medicina-interna\/\" rel=\"tag\">Internal Medicine<\/a>, <a href=\"https:\/\/hgps.org.do\/en\/tag\/oftalmologia\/\" rel=\"tag\">Ophthalmology<\/a>, <a href=\"https:\/\/hgps.org.do\/en\/tag\/salud-preventiva\/\" rel=\"tag\">Preventive Health<\/a><\/div><\/div><\/div>\t<\/div>\r\n<\/article>\r\n<\/div><div class=\"w-grid-preloader\"><div class=\"g-preloader type_1\">\r\n\t<div><\/div>\r\n<\/div>\r\n<\/div>\t<div class=\"w-grid-json hidden\" onclick='return {&quot;action&quot;:&quot;us_ajax_grid&quot;,&quot;ajax_url&quot;:&quot;https:\\\/\\\/hgps.org.do\\\/wp-admin\\\/admin-ajax.php&quot;,&quot;infinite_scroll&quot;:0,&quot;max_num_pages&quot;:1,&quot;pagination&quot;:&quot;none&quot;,&quot;permalink_url&quot;:&quot;https:\\\/\\\/hgps.org.do\\\/en\\\/wp-json\\\/wp\\\/v2\\\/pages\\\/22838&quot;,&quot;template_vars&quot;:{&quot;columns&quot;:&quot;1&quot;,&quot;exclude_items&quot;:&quot;none&quot;,&quot;img_size&quot;:&quot;medium&quot;,&quot;ignore_items_size&quot;:false,&quot;items_layout&quot;:&quot;25768&quot;,&quot;items_offset&quot;:&quot;1&quot;,&quot;overriding_link&quot;:&quot;none&quot;,&quot;post_id&quot;:22838,&quot;query_args&quot;:{&quot;post_type&quot;:[&quot;post&quot;],&quot;tax_query&quot;:[{&quot;taxonomy&quot;:&quot;post_tag&quot;,&quot;field&quot;:&quot;slug&quot;,&quot;terms&quot;:[&quot;oftalmologia&quot;]}],&quot;post_status&quot;:[&quot;publish&quot;],&quot;orderby&quot;:{&quot;date&quot;:&quot;DESC&quot;},&quot;posts_per_page&quot;:&quot;5&quot;},&quot;type&quot;:&quot;grid&quot;,&quot;us_grid_ajax_index&quot;:1,&quot;us_grid_filter_params&quot;:null,&quot;us_grid_index&quot;:1,&quot;_us_grid_post_type&quot;:&quot;post&quot;}}'><\/div>\r\n<\/div><\/div><\/div><\/div><\/div><\/div><\/section>","protected":false},"excerpt":{"rendered":"Tomar algunas precauciones de seguridad ocular en su vida diaria puede disminuir dr\u00e1sticamente el riesgo de sufrir lesiones oculares. Convertir estos consejos en h\u00e1bitos y ense\u00f1\u00e1rselos a sus hijos lo ayudar\u00e1 a salvaguardar la visi\u00f3n de su familia a largo plazo. Siempre manipule objetos filosos como, por ejemplo, cuchillos, tijeras, e incluso l\u00e1pices, con extremo...","protected":false},"author":1,"featured_media":0,"parent":22825,"menu_order":46,"comment_status":"closed","ping_status":"closed","template":"","meta":{"footnotes":""},"_links":{"self":[{"href":"https:\/\/hgps.org.do\/en\/wp-json\/wp\/v2\/pages\/22838"}],"collection":[{"href":"https:\/\/hgps.org.do\/en\/wp-json\/wp\/v2\/pages"}],"about":[{"href":"https:\/\/hgps.org.do\/en\/wp-json\/wp\/v2\/types\/page"}],"author":[{"embeddable":true,"href":"https:\/\/hgps.org.do\/en\/wp-json\/wp\/v2\/users\/1"}],"replies":[{"embeddable":true,"href":"https:\/\/hgps.org.do\/en\/wp-json\/wp\/v2\/comments?post=22838"}],"version-history":[{"count":5,"href":"https:\/\/hgps.org.do\/en\/wp-json\/wp\/v2\/pages\/22838\/revisions"}],"predecessor-version":[{"id":27276,"href":"https:\/\/hgps.org.do\/en\/wp-json\/wp\/v2\/pages\/22838\/revisions\/27276"}],"up":[{"embeddable":true,"href":"https:\/\/hgps.org.do\/en\/wp-json\/wp\/v2\/pages\/22825"}],"wp:attachment":[{"href":"https:\/\/hgps.org.do\/en\/wp-json\/wp\/v2\/media?parent=22838"}],"curies":[{"name":"wp","href":"https:\/\/api.w.org\/{rel}","templated":true}]}}