{"id":22839,"date":"2018-05-01T21:19:36","date_gmt":"2018-05-01T21:19:36","guid":{"rendered":"https:\/\/portal-hgps.azurewebsites.net\/servicios-medicos\/onco-hematologia\/"},"modified":"2020-07-16T03:31:25","modified_gmt":"2020-07-16T03:31:25","slug":"onco-hematologia","status":"publish","type":"page","link":"https:\/\/hgps.org.do\/en\/servicios-medicos\/onco-hematologia\/","title":{"rendered":"Onco- Hematology"},"content":{"rendered":"<section class=\"l-section wpb_row us_custom_9b36ddac height_medium\"><div class=\"l-section-h i-cf\"><div class=\"g-cols vc_row type_default valign_top\"><div class=\"vc_col-sm-8 wpb_column vc_column_container\"><div class=\"vc_column-inner\"><div class=\"wpb_wrapper\"><div id=\"ultimate-heading-51469d43105d67e3\" class=\"uvc-heading ult-adjust-bottom-margin ultimate-heading-51469d43105d67e3 uvc-6074\" data-hspacer=\"line_only\"  data-halign=\"center\" style=\"text-align:center\"><div class=\"uvc-main-heading ult-responsive\"  data-ultimate-target='.uvc-heading.ultimate-heading-51469d43105d67e3 h2'  data-responsive-json-new='{\"font-size\":\"\",\"line-height\":\"\"}' ><h2 style=\"font-weight:normal;margin-bottom:10px;\">Onco- Hematology<\/h2><\/div><div class=\"uvc-heading-spacer line_only\" style=\"margin-bottom:20px;height:2px;\"><span class=\"uvc-headings-line\" style=\"border-style:solid;border-bottom-width:2px;border-color:#00abc6;width:300px;\"><\/span><\/div><\/div><div class=\"wpb_text_column\" ><div class=\"wpb_wrapper\"><p>It is a specialized unit, created in 2002, with the aim of offering first quality care to hemato-oncological patients, endowed with medical and nursing staff specialized in the areas of hematology and oncology.<\/p>\n<p>We are pioneers in the realization of innovative procedures such as bone marrow transplant, with the most advanced techniques and in accordance with the most advanced quality standards; For this, we have a unique physical plant in the country, with positive pressure air rooms and areas for ambulatory and hospitalized patient management.<\/p>\n<p>We have a comfortable area of pediatric hematology, where children receive assistance in an area specially designed for pediatric patients, with facilities such as toys, computer and TV, providing our pediatric patients with an area where medical care is provided in a cheerful environment.<\/p>\n<\/div><\/div><div class=\"w-tabs style_default switch_click accordion has_scrolling title_atleft icon_chevron iconpos_right\"><div class=\"w-tabs-sections\"><div class=\"w-tabs-sections-h\"><div class=\"w-tabs-section\" id=\"1548052483716-22d7700f-27fc\"><button class=\"w-tabs-section-header\" aria-controls=\"content-1548052483716-22d7700f-27fc\"><div class=\"w-tabs-section-header-h\"><div class=\"w-tabs-section-title\">Target population<\/div><div class=\"w-tabs-section-control\"><\/div><\/div><\/button><div class=\"w-tabs-section-content\" id=\"content-1548052483716-22d7700f-27fc\" aria-expanded=\"false\"><div class=\"w-tabs-section-content-h i-cf\"><div class=\"wpb_text_column\" ><div class=\"wpb_wrapper\"><p>Children and adults with benign and malignant hematological diseases<br \/>\nChildren and adults with oncological diseases.<\/p>\n<\/div><\/div><\/div><\/div><\/div><div class=\"w-tabs-section\" id=\"1548052526219-3332b00f-fbc5\"><button class=\"w-tabs-section-header\" aria-controls=\"content-1548052526219-3332b00f-fbc5\"><div class=\"w-tabs-section-header-h\"><div class=\"w-tabs-section-title\">Services<\/div><div class=\"w-tabs-section-control\"><\/div><\/div><\/button><div class=\"w-tabs-section-content\" id=\"content-1548052526219-3332b00f-fbc5\" aria-expanded=\"false\"><div class=\"w-tabs-section-content-h i-cf\"><div class=\"wpb_text_column\" ><div class=\"wpb_wrapper\"><p class=\"p1\"><span class=\"s1\"><b>Hematology Consultation<\/b>: Whose mission is to assist adult patients with benign and malignant hematological diseases.<\/span><\/p>\n<p class=\"p1\"><span class=\"s1\"><b>Oncology Consultation:<\/b> Medical assistance to patients with malignant tumor pathologies.<\/span><\/p>\n<p class=\"p1\"><span class=\"s1\"><b>Consultation of Pediatric Hematology:<\/b> Medical assistance to pediatric patients with benign and malignant hematological diseases.<\/span><\/p>\n<p class=\"p1\"><span class=\"s1\"><b>Application of Chemotherapy Treatments:<\/b> The administration of chemotherapy is one of the key procedures in the management of cancer patients. In the onco-hematology unit of HGPS, we provide these patients with outpatient chemotherapy services, which allows the patient to remain inserted in their daily lives, without the need to remain hospitalized. This model allows avoiding the hospitalization of the patient receiving intravenous therapy, with a saving of bed days, improvement in the quality of life and reduction of nosocomial infections. Similarly, in cases where it is required, we provide the patient with chemotherapy application services in hospitalized patients, providing timely care, in accordance with the established quality standards.<\/span><\/p>\n<p class=\"p1\"><span class=\"s1\"><b>Bone Marrow Transplants: <\/b>A bone marrow transplant deposits healthy bone marrow stem cells into the patient. This replaces bone marrow that is not working properly or that has been destroyed (removed) by chemotherapy or radiation. Our department has a bone marrow transplant unit, unique in the country, where patients are transplanted according to the highest quality standards and with the most advanced techniques currently available.<\/span><\/p>\n<\/div><\/div><\/div><\/div><\/div><div class=\"w-tabs-section\" id=\"1548052483692-cf8e50bb-cde3\"><button class=\"w-tabs-section-header\" aria-controls=\"content-1548052483692-cf8e50bb-cde3\"><div class=\"w-tabs-section-header-h\"><div class=\"w-tabs-section-title\">Location<\/div><div class=\"w-tabs-section-control\"><\/div><\/div><\/button><div class=\"w-tabs-section-content\" id=\"content-1548052483692-cf8e50bb-cde3\" aria-expanded=\"false\"><div class=\"w-tabs-section-content-h i-cf\"><div class=\"wpb_text_column\" ><div class=\"wpb_wrapper\"><p>Main building of the HGPS, third floor, pavilion 3A<\/p>\n<\/div><\/div><\/div><\/div><\/div><\/div><\/div><\/div><\/div><\/div><\/div><div class=\"vc_col-sm-4 wpb_column vc_column_container\"><div class=\"vc_column-inner us_custom_c3c31ab9\"><div class=\"wpb_wrapper\"><div class=\"uavc-list-icon uavc-list-icon-wrapper ult-adjust-bottom-margin\"><ul class=\"uavc-list\"><li><div class=\"uavc-list-content\" id=\"list-icon-wrap-1917\">\n<div class=\"uavc-list-icon\" data-animation=\"\" data-animation-delay=\"03\" style=\"margin-right:10px;\"><div class=\"ult-just-icon-wrapper\"><div class=\"align-icon\" style=\"text-align:center;\">\n<div class=\"aio-icon none\"  style=\"font-size:22px;display:inline-block;\">\n\t<i class=\"Defaults-calendar\"><\/i>\n<\/div><\/div><\/div>\n<\/div><span  data-ultimate-target='#list-icon-wrap-1917 .uavc-list-desc'  data-responsive-json-new='{\"font-size\":\"\",\"line-height\":\"\"}'  class=\"uavc-list-desc ult-responsive\" style=\"\">\n<h4 style=\"padding-bottom: 0; margin-bottom: 0; font-size: 20px;\">For Appointments<\/h4>\n<p><span style=\"font-size: 14px; line-height: 18px;\">Call to <a style=\"color: #30414f; text-decoration: underline;\" href=\"tel:809-565-7477\">809-565-7477<\/a><br \/>\nFill the <a style=\"color: #30414f; text-decoration: underline;\" href=\"https:\/\/hgps.org.do\/en\/citas\/\">Online Form<\/a><br \/>\nor Write to us <a style=\"color: #30414f; text-decoration: underline;\" href=\"#\">Live Chat<\/a><\/span><\/span><\/div><\/li><\/ul><\/div><h4 style=\"font-size: 20px;color: #00acc9;text-align: center;font-family:Titillium Web;font-weight:600;font-style:normal\" class=\"vc_custom_heading us_custom_7c7abea5\" >Related Posts<\/h4><div class=\"w-grid type_grid layout_25768 overflow_hidden\" id=\"us_grid_1\" data-grid-filter=\"true\"><style id=\"us_grid_1_css\">#us_grid_1 .w-grid-item:not(:last-child){margin-bottom:1.5rem}#us_grid_1 .g-loadmore{margin-top:1.5rem}<\/style><style>.layout_25768 .w-grid-item-h{background:#ffffff}.layout_25768 .usg_post_image_1{margin-bottom:0!important;padding-bottom:0!important}.layout_25768 .usg_post_title_1{font-family:'Titillium Web', sans-serif!important;font-size:1.1rem!important;line-height:1.2em!important;padding:0!important;margin:10px 0 0 0!important}.layout_25768 .usg_hwrapper_2{color:#00bcd4!important}.layout_25768 .usg_post_date_1{font-size:0.8rem!important}.layout_25768 .usg_vwrapper_1{padding:0!important}.layout_25768 .usg_post_taxonomy_2{font-size:0.8rem!important}<\/style><div class=\"w-grid-list\" ><\/div><div class=\"w-grid-preloader\"><div class=\"g-preloader type_1\">\r\n\t<div><\/div>\r\n<\/div>\r\n<\/div>\t<div class=\"w-grid-json hidden\" onclick='return {&quot;action&quot;:&quot;us_ajax_grid&quot;,&quot;ajax_url&quot;:&quot;https:\\\/\\\/hgps.org.do\\\/wp-admin\\\/admin-ajax.php&quot;,&quot;infinite_scroll&quot;:0,&quot;max_num_pages&quot;:0,&quot;pagination&quot;:&quot;none&quot;,&quot;permalink_url&quot;:&quot;https:\\\/\\\/hgps.org.do\\\/en\\\/wp-json\\\/wp\\\/v2\\\/pages\\\/22839&quot;,&quot;template_vars&quot;:{&quot;columns&quot;:&quot;1&quot;,&quot;exclude_items&quot;:&quot;none&quot;,&quot;img_size&quot;:&quot;medium&quot;,&quot;ignore_items_size&quot;:false,&quot;items_layout&quot;:&quot;25768&quot;,&quot;items_offset&quot;:&quot;1&quot;,&quot;overriding_link&quot;:&quot;none&quot;,&quot;post_id&quot;:22839,&quot;query_args&quot;:{&quot;post_type&quot;:[&quot;post&quot;],&quot;tax_query&quot;:[{&quot;taxonomy&quot;:&quot;post_tag&quot;,&quot;field&quot;:&quot;slug&quot;,&quot;terms&quot;:[&quot;onco-hematologia&quot;]}],&quot;post_status&quot;:[&quot;publish&quot;],&quot;orderby&quot;:{&quot;date&quot;:&quot;DESC&quot;},&quot;posts_per_page&quot;:&quot;5&quot;},&quot;type&quot;:&quot;grid&quot;,&quot;us_grid_ajax_index&quot;:1,&quot;us_grid_filter_params&quot;:null,&quot;us_grid_index&quot;:1,&quot;_us_grid_post_type&quot;:&quot;post&quot;}}'><\/div>\r\n<h4 class=\"w-grid-none\">No results found.<\/h4><\/div><\/div><\/div><\/div><\/div><\/div><\/section>","protected":false},"excerpt":{"rendered":"Onco- Hematolog\u00edaEs una unidad especializada, creada en el a\u00f1o 2002, con la finalidad de ofrecer atenci\u00f3n de primera calidad a pacientes hemato-oncol\u00f3gicos, dotados con personal m\u00e9dico y de enfermer\u00eda especializados en las \u00e1reas de hematolog\u00eda y oncolog\u00eda. Somos pioneros en la realizaci\u00f3n de procedimientos innovadores como el trasplante de m\u00e9dula \u00f3sea, con las t\u00e9cnicas m\u00e1s...","protected":false},"author":1,"featured_media":0,"parent":22825,"menu_order":47,"comment_status":"closed","ping_status":"closed","template":"","meta":{"footnotes":""},"_links":{"self":[{"href":"https:\/\/hgps.org.do\/en\/wp-json\/wp\/v2\/pages\/22839"}],"collection":[{"href":"https:\/\/hgps.org.do\/en\/wp-json\/wp\/v2\/pages"}],"about":[{"href":"https:\/\/hgps.org.do\/en\/wp-json\/wp\/v2\/types\/page"}],"author":[{"embeddable":true,"href":"https:\/\/hgps.org.do\/en\/wp-json\/wp\/v2\/users\/1"}],"replies":[{"embeddable":true,"href":"https:\/\/hgps.org.do\/en\/wp-json\/wp\/v2\/comments?post=22839"}],"version-history":[{"count":2,"href":"https:\/\/hgps.org.do\/en\/wp-json\/wp\/v2\/pages\/22839\/revisions"}],"predecessor-version":[{"id":26872,"href":"https:\/\/hgps.org.do\/en\/wp-json\/wp\/v2\/pages\/22839\/revisions\/26872"}],"up":[{"embeddable":true,"href":"https:\/\/hgps.org.do\/en\/wp-json\/wp\/v2\/pages\/22825"}],"wp:attachment":[{"href":"https:\/\/hgps.org.do\/en\/wp-json\/wp\/v2\/media?parent=22839"}],"curies":[{"name":"wp","href":"https:\/\/api.w.org\/{rel}","templated":true}]}}