{"id":22840,"date":"2018-05-01T21:19:36","date_gmt":"2018-05-01T21:19:36","guid":{"rendered":"https:\/\/portal-hgps.azurewebsites.net\/servicios-medicos\/pediatria\/"},"modified":"2020-07-16T03:31:25","modified_gmt":"2020-07-16T03:31:25","slug":"pediatria","status":"publish","type":"page","link":"https:\/\/hgps.org.do\/en\/servicios-medicos\/pediatria\/","title":{"rendered":"Pediatrics"},"content":{"rendered":"<section class=\"l-section wpb_row us_custom_9b36ddac height_medium\"><div class=\"l-section-h i-cf\"><div class=\"g-cols vc_row type_default valign_top\"><div class=\"vc_col-sm-8 wpb_column vc_column_container\"><div class=\"vc_column-inner\"><div class=\"wpb_wrapper\"><div id=\"ultimate-heading-192569d5d47337821\" class=\"uvc-heading ult-adjust-bottom-margin ultimate-heading-192569d5d47337821 uvc-417\" data-hspacer=\"line_only\"  data-halign=\"center\" style=\"text-align:center\"><div class=\"uvc-main-heading ult-responsive\"  data-ultimate-target='.uvc-heading.ultimate-heading-192569d5d47337821 h2'  data-responsive-json-new='{\"font-size\":\"\",\"line-height\":\"\"}' ><h2 style=\"font-weight:normal;margin-bottom:10px;\">Pediatrics<\/h2><\/div><div class=\"uvc-heading-spacer line_only\" style=\"margin-bottom:20px;height:2px;\"><span class=\"uvc-headings-line\" style=\"border-style:solid;border-bottom-width:2px;border-color:#00abc6;width:300px;\"><\/span><\/div><\/div><div class=\"wpb_text_column\" ><div class=\"wpb_wrapper\"><p class=\"p1\"><span class=\"s1\">In our center, assistance is provided to children and adolescents up to the age of 17 years inclusive, we offer a comprehensive service with high human and scientific quality in the medical and psychosocial aspect, as well as prevent the sequelae of patients with chronic diseases who come to the General Hospital of the Plaza de la Salud by a staff trained in highly qualified pediatrics.<\/span><\/p>\n<p class=\"p1\"><span class=\"s1\">We offer consulting services for General Pediatrics and Pediatric Sub-specialties, as well as hospitalization for children and adolescents who need it.<\/span><\/p>\n<p class=\"p1\"><span class=\"s1\">Our department is divided into two areas:<\/span><\/p>\n<p class=\"p1\"><span class=\"s1\"><b>External Consultation:<\/b><\/span><\/p>\n<ul class=\"ul1\">\n<li class=\"li1\"><span class=\"s1\">General Pediatrics<\/span><\/li>\n<li class=\"li1\"><span class=\"s1\">Subspecialties<\/span><\/li>\n<\/ul>\n<p class=\"p1\"><span class=\"s1\"><b>Hospitalization:<\/b><\/span><\/p>\n<ul class=\"ul1\">\n<li class=\"li1\"><span class=\"s1\">Paediatrics of Pediatrics<\/span><\/li>\n<li class=\"li1\"><span class=\"s1\">Neonatal Intensive Care Unit<\/span><\/li>\n<li class=\"li1\"><span class=\"s1\">Pediatric Intensive Care Unit<\/span><\/li>\n<\/ul>\n<p class=\"p1\"><span class=\"s1\">The external consultation areas are located in buildings 1, 3 and 5.<\/span><\/p>\n<p class=\"p1\"><span class=\"s1\">The hospitalization areas are located in building 1.<\/span><\/p>\n<\/div><\/div><div class=\"w-tabs style_default switch_click accordion has_scrolling title_atleft icon_chevron iconpos_right\"><div class=\"w-tabs-sections\"><div class=\"w-tabs-sections-h\"><div class=\"w-tabs-section\" id=\"1548052483716-22d7700f-27fc\"><button class=\"w-tabs-section-header\" aria-controls=\"content-1548052483716-22d7700f-27fc\"><div class=\"w-tabs-section-header-h\"><div class=\"w-tabs-section-title\">Pediatric specialties<\/div><div class=\"w-tabs-section-control\"><\/div><\/div><\/button><div class=\"w-tabs-section-content\" id=\"content-1548052483716-22d7700f-27fc\" aria-expanded=\"false\"><div class=\"w-tabs-section-content-h i-cf\"><div class=\"wpb_text_column\" ><div class=\"wpb_wrapper\"><p class=\"p1\"><span class=\"s1\"><b>General Pediatrics:<\/b> We assist children and adolescents aged 1 month up to and including 17 years, longitudinal monitoring, psychomotor development and attention to pediatric diseases. Queries located in building 5. <\/span><span class=\"s2\"><i>Schedule<\/i><\/span><span class=\"s1\">: 8:00 a.m. until 8:00 p.m.<\/span><\/p>\n<p class=\"p1\"><span class=\"s1\"><b>Neonatology:<\/b> We assist children under 1 month of age, follow-up consultation to patients graduated from the Neonatal Intensive Care Unit and patients born in our center or external centers. Consultation located in building 5. <\/span><span class=\"s2\"><i>Schedule:<\/i><\/span><span class=\"s1\"> 2:00 pm to 8:00 pm<\/span><\/p>\n<p class=\"p1\"><span class=\"s1\"><b>Pneumology:<\/b> Consultation of pediatric patients with respiratory conditions. Queries located in buildings 1 and 3.<span class=\"Apple-converted-space\">\u00a0 <\/span><\/span><span class=\"s2\"><i>Schedule:<\/i><\/span><span class=\"s1\"> 8:00 a.m. to 4:00 p.m.<\/span><\/p>\n<p class=\"p1\"><span class=\"s1\"><b>Neurology:<\/b> Consultations of pediatric patients with diseases of the central nervous system, peripheral and muscular system, also diagnosis of metabolic diseases. Queries located in buildings 1 and 3. <\/span><span class=\"s2\"><i>Schedule:<\/i><\/span><span class=\"s1\"> 8:00 a.m. to 8:00 p.m.<\/span><\/p>\n<p class=\"p1\"><span class=\"s1\"><b>Endocrinology<\/b>: Consultations of pediatric patients with affection of the endocrinological system. Queries located in buildings 1 and 3. <\/span><span class=\"s2\"><i>Schedule:<\/i><\/span><span class=\"s1\"> 8:00 a.m. to 8:00 p.m.<\/span><\/p>\n<p class=\"p1\"><span class=\"s1\"><b>Gastroenterology, Hepatology and Nutrition:<\/b><\/span> <span class=\"s1\">Consultation with pediatric patients<\/span><span class=\"s4\"><b> <\/b>with pathologies <b>complex, problems<\/b><\/span><span class=\"s1\"> of motility, metabolic diseases, liver disorders, inflammatory bowel disease or esophagitis, among other pathologies. We also treat patients with common gastrointestinal problems, such as gastroesophageal reflux or abdominal pain. Queries located in building 3. <\/span><span class=\"s2\"><i>Schedule:<\/i><\/span><span class=\"s1\"> 8:00 a.m. to 4:00 p.m. <\/span><\/p>\n<p class=\"p1\"><span class=\"s1\"><b>Cardiology:<\/b> Consultations to pediatric patients with cardiovascular disease and preoperative evaluations. Queries located in building 5. <\/span><span class=\"s2\"><i>Schedule:<\/i><\/span><span class=\"s1\"> 8:00 a.m. to 7:00 p.m.<\/span><\/p>\n<p class=\"p1\"><span class=\"s1\"><b>Infectology:<\/b> Consultations to pediatric patients with acute or chronic infectious disease; assistance in the clinical and microbiological laboratory; diagnosis of infections; advice on the selection of antimicrobial therapy or specialized therapies; immunizations for patients in special circumstances and control of intrahospital and community infections. Consultation located in building 3. <\/span><span class=\"s2\"><i>Schedule:<\/i><\/span><span class=\"s1\"> 4:00 pm to 8:00 pm<\/span><\/p>\n<p class=\"p1\"><span class=\"s1\"><b>Nephrology:<\/b> Consultations to pediatric patients with chronic diseases of the urinary system, acute and chronic renal failure, and renal replacement treatments such as transplantation and dialysis (blood and peritoneal), malformations and pediatric hypertension, among others.<\/span> <span class=\"s1\">Consultation located in building 1. <\/span><span class=\"s2\"><i>Schedule:<\/i><\/span><span class=\"s1\"> Tuesday 8:00 a.m. to 6:00 p.m.<\/span><\/p>\n<p class=\"p1\"><span class=\"s1\"><b>Pediatric Hospitalization:<\/b><\/span><\/p>\n<p class=\"p1\"><span class=\"s1\"><b>Pavilion:<\/b> Patients are admitted at ages ranging from 1 month to 17 years inclusive, which come from the emergency, consultation, follow-up of PICU patients and surgical patients. Location: Building 1.<span class=\"Apple-converted-space\">\u00a0 <\/span><\/span><span class=\"s2\"><i>Schedule:<\/i><\/span><span class=\"s1\"> 24 hours<\/span><\/p>\n<p class=\"p1\"><span class=\"s1\"><b>Pediatric Intensive Care:<\/b> Patients aged 1 month to 17 years inclusive are admitted, with serious illnesses that require continuous monitoring and ventilatory assistance. Location: Building 1.<span class=\"Apple-converted-space\">\u00a0 <\/span><\/span><span class=\"s2\"><i>Schedule:<\/i><\/span><span class=\"s1\"> 24 hours<\/span><\/p>\n<p class=\"p1\"><span class=\"s1\"><b>Neonatal Intensive Care:<\/b> Patients under 1 month of age are admitted, with serious illnesses, congenital malformations, premature babies, children of mother with high risk pregnancies, among others. Location: Building 1. <\/span><span class=\"s2\"><i>Schedule:<\/i><\/span><span class=\"s1\"> 24 hours<\/span><\/p>\n<\/div><\/div><\/div><\/div><\/div><div class=\"w-tabs-section\" id=\"1548052526219-3332b00f-fbc5\"><button class=\"w-tabs-section-header\" aria-controls=\"content-1548052526219-3332b00f-fbc5\"><div class=\"w-tabs-section-header-h\"><div class=\"w-tabs-section-title\">Pediatric procedures<\/div><div class=\"w-tabs-section-control\"><\/div><\/div><\/button><div class=\"w-tabs-section-content\" id=\"content-1548052526219-3332b00f-fbc5\" aria-expanded=\"false\"><div class=\"w-tabs-section-content-h i-cf\"><div class=\"wpb_text_column\" ><div class=\"wpb_wrapper\"><ul class=\"ul1\">\n<li class=\"li1\"><span class=\"s2\">High diagnostic digestive endoscopies (Gastro-endoscopy).<\/span><\/li>\n<li class=\"li1\"><span class=\"s2\">Diagnostic low digestive endoscopies (Colonoscopy).<\/span><\/li>\n<li class=\"li1\"><span class=\"s2\">Digestive endoscopies high and low Therapeutics.<\/span><\/li>\n<li class=\"li1\"><span class=\"s2\">Extraction of foreign body digestive tract.<\/span><\/li>\n<li class=\"li1\"><span class=\"s2\">Esophageal dilations.<\/span><\/li>\n<li class=\"li1\"><span class=\"s2\">Ligatures of Esophageal and Gastric Varices.<\/span><\/li>\n<li class=\"li1\"><span class=\"s2\">Endoscopic gastrostomy.<\/span><\/li>\n<li class=\"li1\"><span class=\"s2\">Replacement of Gastrostomy.<\/span><\/li>\n<li class=\"li1\"><span class=\"s2\">Polypectomies<\/span><\/li>\n<li class=\"li1\"><span class=\"s2\">Hemostasis of Digestive Bleeding.<\/span><\/li>\n<li class=\"li1\"><span class=\"s2\">Sono-directed hepatic biopsy.<\/span><\/li>\n<li class=\"li1\"><span class=\"s2\">Diagnostic fiberoptic bronchoscopy<\/span><\/li>\n<li class=\"li1\"><span class=\"s2\">Therapeutic Fibrobronchoscopy.<\/span><\/li>\n<li class=\"li1\"><span class=\"s2\">Thoracentesis<\/span><\/li>\n<li class=\"li1\"><span class=\"s2\">Electroencephalogram.<\/span><\/li>\n<li class=\"li1\"><span class=\"s2\">Echocardiograms<\/span><\/li>\n<li class=\"li1\"><span class=\"s2\">Fetal echocardiograms.<\/span><\/li>\n<li class=\"li1\"><span class=\"s2\">Transesophageal echocardiogram<\/span><\/li>\n<li class=\"li1\"><span class=\"s2\">Transthoracic echocardiogram<\/span><\/li>\n<li class=\"li1\"><span class=\"s2\">Eletrocardiogram<\/span><\/li>\n<li class=\"li1\"><span class=\"s2\">Catheterization<\/span><\/li>\n<li class=\"li1\"><span class=\"s2\">Peritoneal dialysis<\/span><\/li>\n<li class=\"li1\"><span class=\"s2\">Hemodialysis<\/span><\/li>\n<\/ul>\n<\/div><\/div><\/div><\/div><\/div><\/div><\/div><\/div><\/div><\/div><\/div><div class=\"vc_col-sm-4 wpb_column vc_column_container\"><div class=\"vc_column-inner us_custom_c3c31ab9\"><div class=\"wpb_wrapper\"><div class=\"uavc-list-icon uavc-list-icon-wrapper ult-adjust-bottom-margin\"><ul class=\"uavc-list\"><li><div class=\"uavc-list-content\" id=\"list-icon-wrap-2838\">\n<div class=\"uavc-list-icon\" data-animation=\"\" data-animation-delay=\"03\" style=\"margin-right:10px;\"><div class=\"ult-just-icon-wrapper\"><div class=\"align-icon\" style=\"text-align:center;\">\n<div class=\"aio-icon none\"  style=\"font-size:22px;display:inline-block;\">\n\t<i class=\"Defaults-calendar\"><\/i>\n<\/div><\/div><\/div>\n<\/div><span  data-ultimate-target='#list-icon-wrap-2838 .uavc-list-desc'  data-responsive-json-new='{\"font-size\":\"\",\"line-height\":\"\"}'  class=\"uavc-list-desc ult-responsive\" style=\"\">\n<h4 style=\"padding-bottom: 0; margin-bottom: 0; font-size: 20px;\">For Appointments<\/h4>\n<p><span style=\"font-size: 14px; line-height: 18px;\">Call to <a style=\"color: #30414f; text-decoration: underline;\" href=\"tel:809-565-7477\">809-565-7477<\/a><br \/>\nFill the <a style=\"color: #30414f; text-decoration: underline;\" href=\"https:\/\/hgps.org.do\/en\/citas\/\">Online Form<\/a><br \/>\nor Write to us <a style=\"color: #30414f; text-decoration: underline;\" href=\"#\">Live Chat<\/a><\/span><\/span><\/div><\/li><\/ul><\/div><h4 style=\"font-size: 20px;color: #00acc9;text-align: center;font-family:Titillium Web;font-weight:600;font-style:normal\" class=\"vc_custom_heading us_custom_7c7abea5\" >Related Posts<\/h4><div class=\"w-grid type_grid layout_25768 overflow_hidden\" id=\"us_grid_1\" data-grid-filter=\"true\"><style id=\"us_grid_1_css\">#us_grid_1 .w-grid-item:not(:last-child){margin-bottom:1.5rem}#us_grid_1 .g-loadmore{margin-top:1.5rem}<\/style><style>.layout_25768 .w-grid-item-h{background:#ffffff}.layout_25768 .usg_post_image_1{margin-bottom:0!important;padding-bottom:0!important}.layout_25768 .usg_post_title_1{font-family:'Titillium Web', sans-serif!important;font-size:1.1rem!important;line-height:1.2em!important;padding:0!important;margin:10px 0 0 0!important}.layout_25768 .usg_hwrapper_2{color:#00bcd4!important}.layout_25768 .usg_post_date_1{font-size:0.8rem!important}.layout_25768 .usg_vwrapper_1{padding:0!important}.layout_25768 .usg_post_taxonomy_2{font-size:0.8rem!important}<\/style><div class=\"w-grid-list\" ><article class=\"w-grid-item size_1x1 post-27755 post type-post status-publish format-standard has-post-thumbnail hentry category-articulos tag-gastroenterologia tag-pediatria\" data-id=\"27755\">\r\n\t<div class=\"w-grid-item-h\">\r\n\t\t\t\t<div class=\"w-post-elm post_image usg_post_image_1 stretched\"><a href=\"https:\/\/hgps.org.do\/en\/articulos\/estrenimiento-en-pediatria\/\" aria-label=\"Estre\u00f1imiento en Pediatr\u00eda\"><img loading=\"lazy\" decoding=\"async\" width=\"229\" height=\"400\" src=\"https:\/\/hgps.org.do\/wp-content\/uploads\/2023\/03\/Dra-Mabel-Segura_PRENSA-229x400.jpg\" class=\"attachment-medium size-medium wp-post-image\" alt=\"Dra. Mabel Segura Montilla, Pediatra gastroenter\u00f3loga del Hospital General Plaza de la Salud (HGPS).\" srcset=\"https:\/\/hgps.org.do\/wp-content\/uploads\/2023\/03\/Dra-Mabel-Segura_PRENSA-229x400.jpg 229w, https:\/\/hgps.org.do\/wp-content\/uploads\/2023\/03\/Dra-Mabel-Segura_PRENSA-585x1024.jpg 585w, https:\/\/hgps.org.do\/wp-content\/uploads\/2023\/03\/Dra-Mabel-Segura_PRENSA-7x12.jpg 7w, https:\/\/hgps.org.do\/wp-content\/uploads\/2023\/03\/Dra-Mabel-Segura_PRENSA-768x1344.jpg 768w, https:\/\/hgps.org.do\/wp-content\/uploads\/2023\/03\/Dra-Mabel-Segura_PRENSA-scaled.jpg 1463w\" sizes=\"(max-width: 229px) 100vw, 229px\" \/><\/a><\/div><div class=\"w-vwrapper usg_vwrapper_1 align_center valign_top\"><h2 class=\"w-post-elm post_title usg_post_title_1 entry-title color_link_inherit\"><a href=\"https:\/\/hgps.org.do\/en\/articulos\/estrenimiento-en-pediatria\/\">Estre\u00f1imiento en Pediatr\u00eda<\/a><\/h2><div class=\"w-hwrapper usg_hwrapper_2 align_center valign_top wrap\"><time class=\"w-post-elm post_date usg_post_date_1 entry-date published\" datetime=\"2023-03-31T14:18:02+00:00\"><i class=\"far fa-clock\"><\/i>31 March, 2023<\/time><div class=\"w-post-elm post_taxonomy usg_post_taxonomy_2 style_simple color_link_inherit\"><i class=\"far fa-tags\"><\/i><a href=\"https:\/\/hgps.org.do\/en\/tag\/gastroenterologia\/\" rel=\"tag\">Gastroenterology<\/a>, <a href=\"https:\/\/hgps.org.do\/en\/tag\/pediatria\/\" rel=\"tag\">Pediatrics<\/a><\/div><\/div><\/div>\t<\/div>\r\n<\/article>\r\n<\/div><div class=\"w-grid-preloader\"><div class=\"g-preloader type_1\">\r\n\t<div><\/div>\r\n<\/div>\r\n<\/div>\t<div class=\"w-grid-json hidden\" onclick='return {&quot;action&quot;:&quot;us_ajax_grid&quot;,&quot;ajax_url&quot;:&quot;https:\\\/\\\/hgps.org.do\\\/wp-admin\\\/admin-ajax.php&quot;,&quot;infinite_scroll&quot;:0,&quot;max_num_pages&quot;:1,&quot;pagination&quot;:&quot;none&quot;,&quot;permalink_url&quot;:&quot;https:\\\/\\\/hgps.org.do\\\/en\\\/wp-json\\\/wp\\\/v2\\\/pages\\\/22840&quot;,&quot;template_vars&quot;:{&quot;columns&quot;:&quot;1&quot;,&quot;exclude_items&quot;:&quot;none&quot;,&quot;img_size&quot;:&quot;medium&quot;,&quot;ignore_items_size&quot;:false,&quot;items_layout&quot;:&quot;25768&quot;,&quot;items_offset&quot;:&quot;1&quot;,&quot;overriding_link&quot;:&quot;none&quot;,&quot;post_id&quot;:22840,&quot;query_args&quot;:{&quot;post_type&quot;:[&quot;post&quot;],&quot;tax_query&quot;:[{&quot;taxonomy&quot;:&quot;post_tag&quot;,&quot;field&quot;:&quot;slug&quot;,&quot;terms&quot;:[&quot;pediatria&quot;]}],&quot;post_status&quot;:[&quot;publish&quot;],&quot;orderby&quot;:{&quot;date&quot;:&quot;DESC&quot;},&quot;posts_per_page&quot;:&quot;5&quot;},&quot;type&quot;:&quot;grid&quot;,&quot;us_grid_ajax_index&quot;:1,&quot;us_grid_filter_params&quot;:null,&quot;us_grid_index&quot;:1,&quot;_us_grid_post_type&quot;:&quot;post&quot;}}'><\/div>\r\n<\/div><\/div><\/div><\/div><\/div><\/div><\/section>","protected":false},"excerpt":{"rendered":"Dra. Mabel Segura Montilla, Pediatra gastroenter\u00f3loga del Hospital General Plaza de la Salud (HGPS). Estre\u00f1imiento El estre\u00f1imiento en ni\u00f1os y adolescentes se define como la evacuaci\u00f3n tard\u00eda o poco frecuente de heces duras con dolor y esfuerzo excesivo. A nivel mundial un 30% de las personas sufren de estre\u00f1imiento. El estre\u00f1imiento funcional, para el que...","protected":false},"author":1,"featured_media":0,"parent":22825,"menu_order":48,"comment_status":"closed","ping_status":"closed","template":"","meta":{"footnotes":""},"_links":{"self":[{"href":"https:\/\/hgps.org.do\/en\/wp-json\/wp\/v2\/pages\/22840"}],"collection":[{"href":"https:\/\/hgps.org.do\/en\/wp-json\/wp\/v2\/pages"}],"about":[{"href":"https:\/\/hgps.org.do\/en\/wp-json\/wp\/v2\/types\/page"}],"author":[{"embeddable":true,"href":"https:\/\/hgps.org.do\/en\/wp-json\/wp\/v2\/users\/1"}],"replies":[{"embeddable":true,"href":"https:\/\/hgps.org.do\/en\/wp-json\/wp\/v2\/comments?post=22840"}],"version-history":[{"count":2,"href":"https:\/\/hgps.org.do\/en\/wp-json\/wp\/v2\/pages\/22840\/revisions"}],"predecessor-version":[{"id":26873,"href":"https:\/\/hgps.org.do\/en\/wp-json\/wp\/v2\/pages\/22840\/revisions\/26873"}],"up":[{"embeddable":true,"href":"https:\/\/hgps.org.do\/en\/wp-json\/wp\/v2\/pages\/22825"}],"wp:attachment":[{"href":"https:\/\/hgps.org.do\/en\/wp-json\/wp\/v2\/media?parent=22840"}],"curies":[{"name":"wp","href":"https:\/\/api.w.org\/{rel}","templated":true}]}}