{"id":22841,"date":"2018-05-01T21:19:36","date_gmt":"2018-05-01T21:19:36","guid":{"rendered":"https:\/\/portal-hgps.azurewebsites.net\/servicios-medicos\/unidad-de-ortopedia-y-traumatologia\/"},"modified":"2022-04-21T14:02:46","modified_gmt":"2022-04-21T14:02:46","slug":"unidad-de-ortopedia-y-traumatologia","status":"publish","type":"page","link":"https:\/\/hgps.org.do\/en\/servicios-medicos\/unidad-de-ortopedia-y-traumatologia\/","title":{"rendered":"Orthopedics and Traumatology Unit"},"content":{"rendered":"<section class=\"l-section wpb_row us_custom_9b36ddac height_medium\"><div class=\"l-section-h i-cf\"><div class=\"g-cols vc_row type_default valign_top\"><div class=\"vc_col-sm-8 wpb_column vc_column_container\"><div class=\"vc_column-inner\"><div class=\"wpb_wrapper\"><div id=\"ultimate-heading-346669e6ac2fc0c9a\" class=\"uvc-heading ult-adjust-bottom-margin ultimate-heading-346669e6ac2fc0c9a uvc-9509\" data-hspacer=\"line_only\"  data-halign=\"center\" style=\"text-align:center\"><div class=\"uvc-main-heading ult-responsive\"  data-ultimate-target='.uvc-heading.ultimate-heading-346669e6ac2fc0c9a h2'  data-responsive-json-new='{\"font-size\":\"\",\"line-height\":\"\"}' ><h2 style=\"font-weight:normal;margin-bottom:10px;\">Orthopedics and Traumatology Unit<\/h2><\/div><div class=\"uvc-heading-spacer line_only\" style=\"margin-bottom:20px;height:2px;\"><span class=\"uvc-headings-line\" style=\"border-style:solid;border-bottom-width:2px;border-color:#00abc6;width:300px;\"><\/span><\/div><\/div><div class=\"wpb_text_column\" ><div class=\"wpb_wrapper\"><p>It has an excellent service and highly qualified staff. Its physical characteristics and infrastructure allow it to attend urgent and elective medical consultations in its facilities located in Santo Domingo, Dominican Republic, in the General Hospital of the Plaza de la Salud, Building 2, 2nd Floor.<\/p>\n<h4>Services of:<\/h4>\n<\/div><\/div><div class=\"w-tabs style_default switch_click accordion has_scrolling title_atleft icon_chevron iconpos_right\"><div class=\"w-tabs-sections\"><div class=\"w-tabs-sections-h\"><div class=\"w-tabs-section\" id=\"1548052483716-22d7700f-27fc\"><button class=\"w-tabs-section-header\" aria-controls=\"content-1548052483716-22d7700f-27fc\"><div class=\"w-tabs-section-header-h\"><div class=\"w-tabs-section-title\">Traumatology<\/div><div class=\"w-tabs-section-control\"><\/div><\/div><\/button><div class=\"w-tabs-section-content\" id=\"content-1548052483716-22d7700f-27fc\" aria-expanded=\"false\"><div class=\"w-tabs-section-content-h i-cf\"><div class=\"wpb_text_column\" ><div class=\"wpb_wrapper\"><ul class=\"ul1\">\n<li class=\"li1\"><span class=\"s2\">It processes all traumatology, both emergency and ambulatory, 24 hours a day.<\/span><\/li>\n<li class=\"li1\"><span class=\"s2\">Highlight hip fractures with resolution protocol in 48 hours.<\/span><\/li>\n<li class=\"li1\"><span class=\"s2\">Complex surgery of Pelvis fractures.<\/span><\/li>\n<li class=\"li1\"><span class=\"s2\">Orthopedic surgery of the hand and Traumatic hand.<\/span><\/li>\n<li class=\"li1\"><span class=\"s2\">Interdisciplinary management of the polytrauma patient.<\/span><\/li>\n<li class=\"li1\"><span class=\"s2\">Infiltrations<\/span><\/li>\n<li class=\"li1\"><span class=\"s2\">Management of fractures of the upper and lower limbs.<\/span><\/li>\n<li class=\"li1\"><span class=\"s2\">Muscle tears<\/span><\/li>\n<li class=\"li1\"><span class=\"s2\">Fractures of foot and ankle.<\/span><\/li>\n<\/ul>\n<\/div><\/div><\/div><\/div><\/div><div class=\"w-tabs-section\" id=\"1548052526219-3332b00f-fbc5\"><button class=\"w-tabs-section-header\" aria-controls=\"content-1548052526219-3332b00f-fbc5\"><div class=\"w-tabs-section-header-h\"><div class=\"w-tabs-section-title\">Arthroplasty Unit<\/div><div class=\"w-tabs-section-control\"><\/div><\/div><\/button><div class=\"w-tabs-section-content\" id=\"content-1548052526219-3332b00f-fbc5\" aria-expanded=\"false\"><div class=\"w-tabs-section-content-h i-cf\"><div class=\"wpb_text_column\" ><div class=\"wpb_wrapper\"><ul class=\"ul1\">\n<li class=\"li1\"><span class=\"s2\">Prosthetic surgery: primary hip, knee and shoulder.<\/span><\/li>\n<li class=\"li1\"><span class=\"s2\">Replacement Surgery (Revision) of hip, knee and shoulder.<\/span><\/li>\n<li class=\"li1\"><span class=\"s2\">Pelvic, hip and knee osteotomies.<\/span><\/li>\n<\/ul>\n<\/div><\/div><\/div><\/div><\/div><div class=\"w-tabs-section\" id=\"1548053303013-167b7b4d-186e\"><button class=\"w-tabs-section-header\" aria-controls=\"content-1548053303013-167b7b4d-186e\"><div class=\"w-tabs-section-header-h\"><div class=\"w-tabs-section-title\">Arthroscopy and Sports Medicine Unit<\/div><div class=\"w-tabs-section-control\"><\/div><\/div><\/button><div class=\"w-tabs-section-content\" id=\"content-1548053303013-167b7b4d-186e\" aria-expanded=\"false\"><div class=\"w-tabs-section-content-h i-cf\"><div class=\"wpb_text_column\" ><div class=\"wpb_wrapper\"><ul class=\"ul1\">\n<li class=\"li1\"><span class=\"s2\">Knee, shoulder and hip.<\/span><\/li>\n<li class=\"li1\"><span class=\"s2\">Ligament repair, both with allografts and autografts, meniscal sutures.<\/span><\/li>\n<li class=\"li1\"><span class=\"s2\">Cartilage graft.<\/span><\/li>\n<li class=\"li1\"><span class=\"s2\">Treatment with Platelet Rich Plasma.<\/span><\/li>\n<li class=\"li1\"><span class=\"s2\">Elbow.<\/span><\/li>\n<\/ul>\n<\/div><\/div><\/div><\/div><\/div><div class=\"w-tabs-section\" id=\"1548053305765-ea5723ff-de6e\"><button class=\"w-tabs-section-header\" aria-controls=\"content-1548053305765-ea5723ff-de6e\"><div class=\"w-tabs-section-header-h\"><div class=\"w-tabs-section-title\">Unit of Orthopedics and Child Traumatology<\/div><div class=\"w-tabs-section-control\"><\/div><\/div><\/button><div class=\"w-tabs-section-content\" id=\"content-1548053305765-ea5723ff-de6e\" aria-expanded=\"false\"><div class=\"w-tabs-section-content-h i-cf\"><div class=\"wpb_text_column\" ><div class=\"wpb_wrapper\"><ul class=\"ul1\">\n<li class=\"li1\"><span class=\"s2\">Orthopedic or surgical treatment of all traumatological pathologies in children.<\/span><\/li>\n<li class=\"li1\"><span class=\"s2\">Treatment of limb deformities.<\/span><\/li>\n<li class=\"li1\"><span class=\"s2\">Treatment of the length discrepancies of the Extremities.<\/span><\/li>\n<li class=\"li1\"><span class=\"s2\">Extremity malformation surgery.<\/span><\/li>\n<li class=\"li1\"><span class=\"s2\">Treatment of knee pathology in childhood.<\/span><\/li>\n<li class=\"li1\"><span class=\"s2\">Surgery of malformations of the upper extremities (in collaboration with the Hand Unit).<\/span><\/li>\n<li class=\"li1\"><span class=\"s2\">Surgical treatment in Child Cerebral Palsy.<\/span><\/li>\n<li class=\"li1\"><span class=\"s2\">Surgery of benign skeletal muscle tumors in childhood.<\/span><\/li>\n<li class=\"li1\"><span class=\"s2\">Treatment of skeletal muscle infection in childhood<\/span><\/li>\n<li class=\"li1\"><span class=\"s2\">Gait problems and pathology of neuromuscular origin.<\/span><\/li>\n<\/ul>\n<p class=\"p1\"><span class=\"s1\"><b>Musculoskeletal Tumors:<\/b><\/span><\/p>\n<ul class=\"ul1\">\n<li class=\"li1\"><span class=\"s1\">Orthopedic Treatment of Benign and Malignant Bone Tumors.<\/span><\/li>\n<li class=\"li1\"><span class=\"s1\">Surgical Treatment of Benign and Malignant Soft Tumors.<\/span><\/li>\n<li class=\"li1\"><span class=\"s1\">Prophylactic and therapeutic Surgical Treatment of Bone Tumors.<\/span><\/li>\n<li class=\"li1\"><span class=\"s1\">Secondary (Metastatic).<\/span><\/li>\n<li class=\"li1\"><span class=\"s1\">Surgical or Orthopedic Treatment of Pseudo-Tumor Pathologies.<\/span><\/li>\n<\/ul>\n<\/div><\/div><\/div><\/div><\/div><div class=\"w-tabs-section\" id=\"1548053367429-ac3d7698-4d77\"><button class=\"w-tabs-section-header\" aria-controls=\"content-1548053367429-ac3d7698-4d77\"><div class=\"w-tabs-section-header-h\"><div class=\"w-tabs-section-title\">Hand Surgery Unit<\/div><div class=\"w-tabs-section-control\"><\/div><\/div><\/button><div class=\"w-tabs-section-content\" id=\"content-1548053367429-ac3d7698-4d77\" aria-expanded=\"false\"><div class=\"w-tabs-section-content-h i-cf\"><div class=\"wpb_text_column\" ><div class=\"wpb_wrapper\"><ul class=\"ul1\">\n<li class=\"li1\"><span class=\"s2\">Fractures, dislocations and fractures-dislocation of metacarpals and phalanges.<\/span><\/li>\n<li class=\"li1\"><span class=\"s2\">Fractures of the distal end of the radius and \/ or ulna.<\/span><\/li>\n<li class=\"li1\"><span class=\"s2\">Acute and \/ or chronic injuries of flexor and extensor tendons.<\/span><\/li>\n<li class=\"li1\"><span class=\"s2\">Acute and \/ or chronic injuries of peripheral nerve.<\/span><\/li>\n<li class=\"li1\"><span class=\"s2\">Sequelae or complications of fractures of the hand and wrist as pseudoarthrosis or vicious consolidations.<\/span><\/li>\n<li class=\"li1\"><span class=\"s2\">Sequelae or complications of tendon injuries.<\/span><\/li>\n<li class=\"li1\"><span class=\"s2\">Neuropathies and Tendinopathies due to compression.<\/span><\/li>\n<li class=\"li1\"><span class=\"s2\">Complex injuries of the hand and forearm.<\/span><\/li>\n<\/ul>\n<\/div><\/div><\/div><\/div><\/div><div class=\"w-tabs-section\" id=\"1548053369251-920037fe-4cd7\"><button class=\"w-tabs-section-header\" aria-controls=\"content-1548053369251-920037fe-4cd7\"><div class=\"w-tabs-section-header-h\"><div class=\"w-tabs-section-title\">Column Surgery Unit<\/div><div class=\"w-tabs-section-control\"><\/div><\/div><\/button><div class=\"w-tabs-section-content\" id=\"content-1548053369251-920037fe-4cd7\" aria-expanded=\"false\"><div class=\"w-tabs-section-content-h i-cf\"><div class=\"wpb_text_column\" ><div class=\"wpb_wrapper\"><p class=\"p1\"><span class=\"s1\"><b>Degenerative diseases:<\/b><\/span><\/p>\n<ul class=\"ul1\">\n<li class=\"li3\"><span class=\"s1\">Osteoarthritis<\/span><\/li>\n<li class=\"li3\"><span class=\"s1\">Narrow Channel<\/span><\/li>\n<li class=\"li3\"><span class=\"s1\">Herniated Disc<\/span><\/li>\n<li class=\"li3\"><span class=\"s1\">Primary bone tumors<\/span><\/li>\n<li class=\"li3\"><span class=\"s1\">Extra-medullary intra-canal tumors<\/span><\/li>\n<\/ul>\n<p class=\"p3\"><span class=\"s1\"><b>Deformities:<\/b><\/span><\/p>\n<ul class=\"ul1\">\n<li class=\"li3\"><span class=\"s1\">Scoliosis and Kyphosis<\/span><\/li>\n<li class=\"li3\"><span class=\"s1\">Spondylolisthesis<\/span><\/li>\n<\/ul>\n<p class=\"p3\"><span class=\"s1\"><b>Fractures and Infections:<\/b><\/span><\/p>\n<ul class=\"ul1\">\n<li class=\"li3\"><span class=\"s1\">Spondylolysis<\/span><\/li>\n<\/ul>\n<\/div><\/div><\/div><\/div><\/div><\/div><\/div><\/div><\/div><\/div><\/div><div class=\"vc_col-sm-4 wpb_column vc_column_container\"><div class=\"vc_column-inner us_custom_c3c31ab9\"><div class=\"wpb_wrapper\"><div class=\"uavc-list-icon uavc-list-icon-wrapper ult-adjust-bottom-margin\"><ul class=\"uavc-list\"><li><div class=\"uavc-list-content\" id=\"list-icon-wrap-3438\">\n<div class=\"uavc-list-icon\" data-animation=\"\" data-animation-delay=\"03\" style=\"margin-right:10px;\"><div class=\"ult-just-icon-wrapper\"><div class=\"align-icon\" style=\"text-align:center;\">\n<div class=\"aio-icon none\"  style=\"font-size:22px;display:inline-block;\">\n\t<i class=\"Defaults-calendar\"><\/i>\n<\/div><\/div><\/div>\n<\/div><span  data-ultimate-target='#list-icon-wrap-3438 .uavc-list-desc'  data-responsive-json-new='{\"font-size\":\"\",\"line-height\":\"\"}'  class=\"uavc-list-desc ult-responsive\" style=\"\">\n<h4 style=\"padding-bottom: 0; margin-bottom: 0; font-size: 20px;\">For Appointments<\/h4>\n<p><span style=\"font-size: 14px; line-height: 18px;\">Call to <a style=\"color: #30414f; text-decoration: underline;\" href=\"tel:809-565-7477\">809-565-7477<\/a><\/span><br \/>\n<span style=\"font-size: 14px; line-height: 18px;\">whatsapp 829-565-7477<br \/>\nFill the <a style=\"color: #30414f; text-decoration: underline;\" href=\"https:\/\/hgps.org.do\/en\/citas\/\">Online Form<\/a><br \/>\nor Write to us <a style=\"color: #30414f; text-decoration: underline;\" href=\"#\">Live Chat<\/a><\/span><\/span><\/div><\/li><\/ul><\/div><h4 style=\"font-size: 20px;color: #00acc9;text-align: center;font-family:Titillium Web;font-weight:600;font-style:normal\" class=\"vc_custom_heading us_custom_7c7abea5\" >Related Posts<\/h4><div class=\"w-grid type_grid layout_25768 overflow_hidden\" id=\"us_grid_1\" data-grid-filter=\"true\"><style id=\"us_grid_1_css\">#us_grid_1 .w-grid-item:not(:last-child){margin-bottom:1.5rem}#us_grid_1 .g-loadmore{margin-top:1.5rem}<\/style><style>.layout_25768 .w-grid-item-h{background:#ffffff}.layout_25768 .usg_post_image_1{margin-bottom:0!important;padding-bottom:0!important}.layout_25768 .usg_post_title_1{font-family:'Titillium Web', sans-serif!important;font-size:1.1rem!important;line-height:1.2em!important;padding:0!important;margin:10px 0 0 0!important}.layout_25768 .usg_hwrapper_2{color:#00bcd4!important}.layout_25768 .usg_post_date_1{font-size:0.8rem!important}.layout_25768 .usg_vwrapper_1{padding:0!important}.layout_25768 .usg_post_taxonomy_2{font-size:0.8rem!important}<\/style><div class=\"w-grid-list\" ><\/div><div class=\"w-grid-preloader\"><div class=\"g-preloader type_1\">\r\n\t<div><\/div>\r\n<\/div>\r\n<\/div>\t<div class=\"w-grid-json hidden\" onclick='return {&quot;action&quot;:&quot;us_ajax_grid&quot;,&quot;ajax_url&quot;:&quot;https:\\\/\\\/hgps.org.do\\\/wp-admin\\\/admin-ajax.php&quot;,&quot;infinite_scroll&quot;:0,&quot;max_num_pages&quot;:0,&quot;pagination&quot;:&quot;none&quot;,&quot;permalink_url&quot;:&quot;https:\\\/\\\/hgps.org.do\\\/en\\\/wp-json\\\/wp\\\/v2\\\/pages\\\/22841&quot;,&quot;template_vars&quot;:{&quot;columns&quot;:&quot;1&quot;,&quot;exclude_items&quot;:&quot;none&quot;,&quot;img_size&quot;:&quot;medium&quot;,&quot;ignore_items_size&quot;:false,&quot;items_layout&quot;:&quot;25768&quot;,&quot;items_offset&quot;:&quot;1&quot;,&quot;overriding_link&quot;:&quot;none&quot;,&quot;post_id&quot;:22841,&quot;query_args&quot;:{&quot;post_type&quot;:[&quot;post&quot;],&quot;tax_query&quot;:[{&quot;taxonomy&quot;:&quot;post_tag&quot;,&quot;field&quot;:&quot;slug&quot;,&quot;terms&quot;:[&quot;unidad-de-ortopedia-y-traumatologia&quot;]}],&quot;post_status&quot;:[&quot;publish&quot;],&quot;orderby&quot;:{&quot;date&quot;:&quot;DESC&quot;},&quot;posts_per_page&quot;:&quot;5&quot;},&quot;type&quot;:&quot;grid&quot;,&quot;us_grid_ajax_index&quot;:1,&quot;us_grid_filter_params&quot;:null,&quot;us_grid_index&quot;:1,&quot;_us_grid_post_type&quot;:&quot;post&quot;}}'><\/div>\r\n<h4 class=\"w-grid-none\">No results found.<\/h4><\/div><\/div><\/div><\/div><\/div><\/div><\/section>","protected":false},"excerpt":{"rendered":"Unidad de Ortopedia y Traumatolog\u00edaCuenta con un excelente servicio y personal altamente calificado. Sus caracter\u00edsticas f\u00edsicas e infraestructura le permiten atender consultas m\u00e9dicas urgentes y electivas en sus instalaciones ubicadas en Santo Domingo, Rep\u00fablica Dominicana, en el Hospital General de la Plaza de la Salud, Edificio 2, 2da Planta. Servicios de: Traumatolog\u00eda Procesa toda la...","protected":false},"author":1,"featured_media":0,"parent":22825,"menu_order":49,"comment_status":"closed","ping_status":"closed","template":"","meta":{"footnotes":""},"_links":{"self":[{"href":"https:\/\/hgps.org.do\/en\/wp-json\/wp\/v2\/pages\/22841"}],"collection":[{"href":"https:\/\/hgps.org.do\/en\/wp-json\/wp\/v2\/pages"}],"about":[{"href":"https:\/\/hgps.org.do\/en\/wp-json\/wp\/v2\/types\/page"}],"author":[{"embeddable":true,"href":"https:\/\/hgps.org.do\/en\/wp-json\/wp\/v2\/users\/1"}],"replies":[{"embeddable":true,"href":"https:\/\/hgps.org.do\/en\/wp-json\/wp\/v2\/comments?post=22841"}],"version-history":[{"count":4,"href":"https:\/\/hgps.org.do\/en\/wp-json\/wp\/v2\/pages\/22841\/revisions"}],"predecessor-version":[{"id":27314,"href":"https:\/\/hgps.org.do\/en\/wp-json\/wp\/v2\/pages\/22841\/revisions\/27314"}],"up":[{"embeddable":true,"href":"https:\/\/hgps.org.do\/en\/wp-json\/wp\/v2\/pages\/22825"}],"wp:attachment":[{"href":"https:\/\/hgps.org.do\/en\/wp-json\/wp\/v2\/media?parent=22841"}],"curies":[{"name":"wp","href":"https:\/\/api.w.org\/{rel}","templated":true}]}}