{"id":22847,"date":"2018-05-01T21:19:36","date_gmt":"2018-05-01T21:19:36","guid":{"rendered":"https:\/\/portal-hgps.azurewebsites.net\/para-pacientes-y-familiares\/admision\/"},"modified":"2020-07-16T03:31:32","modified_gmt":"2020-07-16T03:31:32","slug":"admision","status":"publish","type":"page","link":"https:\/\/hgps.org.do\/en\/para-pacientes-y-familiares\/admision\/","title":{"rendered":"Admission"},"content":{"rendered":"<section class=\"l-section wpb_row us_custom_2994f020 height_medium\"><div class=\"l-section-h i-cf\"><div class=\"g-cols vc_row type_default valign_top\"><div class=\"vc_col-sm-12 wpb_column vc_column_container\"><div class=\"vc_column-inner\"><div class=\"wpb_wrapper\"><div class=\"wpb_text_column\" ><div class=\"wpb_wrapper\"><p>Admission is the department responsible for processing hospitalization processes for patients with scheduled surgeries and referrals for outpatient services, among other care services.<br \/>\nAdmission makes reservations of beds and confirms the assistance of patients the day before surgery.<\/p>\n<p>At the time of admission, the patient or family members must present to the Admission Officer the surgical internment order issued by the doctor, specifying the diagnosis, the name of the procedure to be performed, the code of the procedure, the name of the doctor, the date of the admission and the date of the surgery, the authorization of the ARS and the insurance card, in case the patient is insured and not to be insured must deposit the total amount of the budget.<\/p>\n<p class=\"p1\"><span class=\"s1\"><b>Documents that are needed at the time of admission<\/b>:<\/span><\/p>\n<ul class=\"ul1\">\n<li class=\"li1\"><span class=\"s1\">Pre-Surgical Cardiovascular Evaluation (Cardiovascular evaluation form).<\/span><\/li>\n<li class=\"li1\"><span class=\"s1\">Anesthetic Evaluation (Anesthetic evaluation form).<\/span><\/li>\n<li class=\"li1\"><span class=\"s1\">Order of Income.<\/span><\/li>\n<li class=\"li1\"><span class=\"s1\">Informed Consent (duly filled).<\/span><\/li>\n<li class=\"li1\"><span class=\"s1\">Budget with the procedures to be performed. <\/span><\/li>\n<li class=\"li1\"><span class=\"s1\">Authorization of the surgical procedure by ARS.<\/span><\/li>\n<\/ul>\n<p class=\"p1\"><span class=\"s1\">The schedule to be admitted to the Admission area is Monday through Friday 6:00 am to 8:00 pm Saturdays from 7:00 am to 6:00 pm and Sundays and holidays 8:00 am to 6:00 pm , outside of these hours the income is made in the Emergency area.<\/span><\/p>\n<\/div><\/div><\/div><\/div><\/div><\/div><\/div><\/section>","protected":false},"excerpt":{"rendered":"Admisi\u00f3n es el departamento responsable de tramitar los procesos de hospitalizaci\u00f3n a pacientes con cirug\u00edas programadas y los referidos de consulta externa, entre otros servicios de atenci\u00f3n. Admisi\u00f3n realiza las reservaciones de camas y confirma la asistencia de los pacientes el d\u00eda anterior a la cirug\u00eda. Al momento del ingreso, el paciente o sus familiares...","protected":false},"author":1,"featured_media":0,"parent":22846,"menu_order":55,"comment_status":"closed","ping_status":"closed","template":"","meta":{"footnotes":""},"_links":{"self":[{"href":"https:\/\/hgps.org.do\/en\/wp-json\/wp\/v2\/pages\/22847"}],"collection":[{"href":"https:\/\/hgps.org.do\/en\/wp-json\/wp\/v2\/pages"}],"about":[{"href":"https:\/\/hgps.org.do\/en\/wp-json\/wp\/v2\/types\/page"}],"author":[{"embeddable":true,"href":"https:\/\/hgps.org.do\/en\/wp-json\/wp\/v2\/users\/1"}],"replies":[{"embeddable":true,"href":"https:\/\/hgps.org.do\/en\/wp-json\/wp\/v2\/comments?post=22847"}],"version-history":[{"count":3,"href":"https:\/\/hgps.org.do\/en\/wp-json\/wp\/v2\/pages\/22847\/revisions"}],"predecessor-version":[{"id":26879,"href":"https:\/\/hgps.org.do\/en\/wp-json\/wp\/v2\/pages\/22847\/revisions\/26879"}],"up":[{"embeddable":true,"href":"https:\/\/hgps.org.do\/en\/wp-json\/wp\/v2\/pages\/22846"}],"wp:attachment":[{"href":"https:\/\/hgps.org.do\/en\/wp-json\/wp\/v2\/media?parent=22847"}],"curies":[{"name":"wp","href":"https:\/\/api.w.org\/{rel}","templated":true}]}}