{"id":22857,"date":"2018-05-01T21:19:37","date_gmt":"2018-05-01T21:19:37","guid":{"rendered":"https:\/\/portal-hgps.azurewebsites.net\/para-estudiantes-profesionales\/programa-de-pasantia-medica\/"},"modified":"2023-05-17T12:21:01","modified_gmt":"2023-05-17T12:21:01","slug":"programa-de-pasantia-medica","status":"publish","type":"page","link":"https:\/\/hgps.org.do\/en\/para-estudiantes-profesionales\/programa-de-pasantia-medica\/","title":{"rendered":"Medical Internship Program"},"content":{"rendered":"<section class=\"l-section wpb_row us_custom_9b36ddac height_medium\"><div class=\"l-section-h i-cf\"><div class=\"g-cols vc_row type_default valign_top\"><div class=\"vc_col-sm-8 wpb_column vc_column_container\"><div class=\"vc_column-inner\"><div class=\"wpb_wrapper\"><div id=\"ultimate-heading-545869d758709c61c\" class=\"uvc-heading ult-adjust-bottom-margin ultimate-heading-545869d758709c61c uvc-6011\" data-hspacer=\"line_only\"  data-halign=\"center\" style=\"text-align:center\"><div class=\"uvc-main-heading ult-responsive\"  data-ultimate-target='.uvc-heading.ultimate-heading-545869d758709c61c h2'  data-responsive-json-new='{\"font-size\":\"\",\"line-height\":\"\"}' ><h2 style=\"font-weight:normal;margin-bottom:10px;\">Medical Internship Program<\/h2><\/div><div class=\"uvc-heading-spacer line_only\" style=\"margin-bottom:20px;height:2px;\"><span class=\"uvc-headings-line\" style=\"border-style:solid;border-bottom-width:2px;border-color:#00abc6;width:300px;\"><\/span><\/div><\/div><div class=\"wpb_text_column\" ><div class=\"wpb_wrapper\"><p class=\"p1\"><span class=\"s1\">We have put at the disposal of the Ministry of Public Health of the Dominican Republic 10 places of medical interns, which can be occupied by newly graduated doctors who choose to carry out their year of Law Internship in our institution.<\/span><\/p>\n<p class=\"p1\"><span class=\"s1\">These newly graduated doctors continue their academic training through different clinical and surgical rotations, and participating in numerous continuing education activities organized for their benefit.<\/span><\/p>\n<p class=\"p1\"><span class=\"s1\">Those interested in opting for a medical internship must apply through the Teaching Department and deposit the following documents:<\/span><\/p>\n<ol class=\"ol1\">\n<li class=\"li2\"><span class=\"s2\">Present your resume or Curriculum Vitae with your updated data<\/span><\/li>\n<li class=\"li2\"><span class=\"s2\">Two photos 2 \u00d7 2<\/span><\/li>\n<li class=\"li2\"><span class=\"s2\">Submit letter of No Criminal Record (Letter of Good Conduct)<\/span><\/li>\n<li class=\"li2\"><span class=\"s2\">Copy of the personal identity document (Certificate)<\/span><\/li>\n<li class=\"li2\"><span class=\"s2\">Copy of the full record of notes<\/span><\/li>\n<li class=\"li2\"><span class=\"s2\">Copy of the University Degree<\/span><\/li>\n<li class=\"li2\"><span class=\"s2\">Copy of the Letter of Completion of the University<\/span><\/li>\n<li class=\"li2\"><span class=\"s2\">Copy of the Internship Application in MSP<\/span><\/li>\n<li class=\"li2\"><span class=\"s2\">HGPS Appointment Request<\/span><\/li>\n<li class=\"li2\"><span class=\"s2\">Letter of Acceptance issued by the Ministry of Public Health (MSP)<\/span><\/li>\n<li class=\"li2\"><span class=\"s2\">Appointment MSP- Position Taking<\/span><\/li>\n<\/ol>\n<\/div><\/div><\/div><\/div><\/div><div class=\"vc_col-sm-4 wpb_column vc_column_container\"><div class=\"vc_column-inner us_custom_c3c31ab9\"><div class=\"wpb_wrapper\"><div id=\"ultimate-heading-409169d758709d148\" class=\"uvc-heading ult-adjust-bottom-margin ultimate-heading-409169d758709d148 uvc-186\" data-hspacer=\"line_only\"  data-halign=\"center\" style=\"text-align:center\"><div class=\"uvc-main-heading ult-responsive\"  data-ultimate-target='.uvc-heading.ultimate-heading-409169d758709d148 h4'  data-responsive-json-new='{\"font-size\":\"\",\"line-height\":\"\"}' ><h4 style=\"font-weight:normal;margin-bottom:10px;\">For more information<\/h4><\/div><div class=\"uvc-heading-spacer line_only\" style=\"margin-bottom:20px;height:2px;\"><span class=\"uvc-headings-line\" style=\"border-style:solid;border-bottom-width:2px;border-color:#00abc6;width:300px;\"><\/span><\/div><\/div><div class=\"uavc-list-icon uavc-list-icon-wrapper ult-adjust-bottom-margin\"><ul class=\"uavc-list\"><li><div class=\"uavc-list-content\" id=\"list-icon-wrap-7143\">\n<div class=\"uavc-list-icon\" data-animation=\"\" data-animation-delay=\"03\" style=\"margin-right:10px;\"><div class=\"ult-just-icon-wrapper\"><div class=\"align-icon\" style=\"text-align:center;\">\n<div class=\"aio-icon none\"  style=\"font-size:22px;display:inline-block;\">\n\t<i class=\"Defaults-location-arrow\"><\/i>\n<\/div><\/div><\/div>\n<\/div><span  data-ultimate-target='#list-icon-wrap-7143 .uavc-list-desc'  data-responsive-json-new='{\"font-size\":\"\",\"line-height\":\"\"}'  class=\"uavc-list-desc ult-responsive\" style=\"\">\n<h4 style=\"padding-bottom: 0; margin-bottom: 0; font-size: 20px;\">We&#039;re located in<\/h4>\n<p><span style=\"font-size: 14px; line-height: 18px;\"> Third Floor of the Human Resources Health Building, Plaza de la Salud, Ensanche La Fe, Santo Domingo, RD <\/span><\/span><\/div><\/li><li><div class=\"uavc-list-content\" id=\"list-icon-wrap-3206\">\n<div class=\"uavc-list-icon\" data-animation=\"\" data-animation-delay=\"03\" style=\"margin-right:10px;\"><div class=\"ult-just-icon-wrapper\"><div class=\"align-icon\" style=\"text-align:center;\">\n<div class=\"aio-icon none\"  style=\"font-size:22px;display:inline-block;\">\n\t<i class=\"Defaults-phone\"><\/i>\n<\/div><\/div><\/div>\n<\/div><span  data-ultimate-target='#list-icon-wrap-3206 .uavc-list-desc'  data-responsive-json-new='{\"font-size\":\"\",\"line-height\":\"\"}'  class=\"uavc-list-desc ult-responsive\" style=\"\">\n<h4 style=\"padding-bottom: 0; margin-bottom: 0; font-size: 20px;\">Call us at<\/h4>\n<p><span style=\"font-size: 14px; line-height: 18px;\"><a href=\"tel:809-565-7477\">809-565-7477<\/a><br \/>\nExt.\u00a0 7014 y 7015<\/span><\/p>\n<p>&nbsp;<\/span><\/div><\/li><li><div class=\"uavc-list-content\" id=\"list-icon-wrap-4086\">\n<div class=\"uavc-list-icon\" data-animation=\"\" data-animation-delay=\"03\" style=\"margin-right:10px;\"><div class=\"ult-just-icon-wrapper\"><div class=\"align-icon\" style=\"text-align:center;\">\n<div class=\"aio-icon none\"  style=\"font-size:22px;display:inline-block;\">\n\t<i class=\"Defaults-envelope-o\"><\/i>\n<\/div><\/div><\/div>\n<\/div><span  data-ultimate-target='#list-icon-wrap-4086 .uavc-list-desc'  data-responsive-json-new='{\"font-size\":\"\",\"line-height\":\"\"}'  class=\"uavc-list-desc ult-responsive\" style=\"\">\n<h4 style=\"padding-bottom: 0; margin-bottom: 0; font-size: 20px;\">Write to us<\/h4>\n<p><span style=\"font-size: 14px; line-height: 18px;\"><a href=\"mailto:cargarcia@hgps.org.do\">cargarcia@hgps.org.do<\/a><a href=\"mailto:vgonzalez@hgps.org.do\" target=\"_blank\" rel=\"noopener noreferrer\"> \/ <\/a><a href=\"mailto:ypaulino@hgps.org.do\">ypaulino@hgps.org.do<\/a><\/span><\/p>\n<p>&nbsp;<\/span><\/div><\/li><\/ul><\/div><\/div><\/div><\/div><\/div><\/div><\/section><section class=\"l-section wpb_row us_custom_54e7f678 height_medium\"><div class=\"l-section-h i-cf\"><div class=\"g-cols vc_row type_default valign_top\"><div class=\"vc_col-sm-12 wpb_column vc_column_container\"><div class=\"vc_column-inner\"><div class=\"wpb_wrapper\"><\/div><\/div><\/div><\/div><\/div><\/section>","protected":false},"excerpt":{"rendered":"Programa de Pasant\u00eda M\u00e9dica Hemos puesto a la disposici\u00f3n del Ministerio de\u00a0Salud P\u00fablica de la Rep\u00fablica Dominicana 10 plazas de\u00a0M\u00e9dicos pasantes,\u00a0que pueden ser ocupadas por m\u00e9dicos reci\u00e9n graduados que optan por realizar su a\u00f1o de Pasant\u00eda de Ley en nuestra instituci\u00f3n. Estos m\u00e9dicos reci\u00e9n graduados contin\u00faan su formaci\u00f3n acad\u00e9mica a trav\u00e9s de las diferentes rotaciones...","protected":false},"author":1,"featured_media":0,"parent":22854,"menu_order":65,"comment_status":"closed","ping_status":"closed","template":"","meta":{"footnotes":""},"_links":{"self":[{"href":"https:\/\/hgps.org.do\/en\/wp-json\/wp\/v2\/pages\/22857"}],"collection":[{"href":"https:\/\/hgps.org.do\/en\/wp-json\/wp\/v2\/pages"}],"about":[{"href":"https:\/\/hgps.org.do\/en\/wp-json\/wp\/v2\/types\/page"}],"author":[{"embeddable":true,"href":"https:\/\/hgps.org.do\/en\/wp-json\/wp\/v2\/users\/1"}],"replies":[{"embeddable":true,"href":"https:\/\/hgps.org.do\/en\/wp-json\/wp\/v2\/comments?post=22857"}],"version-history":[{"count":9,"href":"https:\/\/hgps.org.do\/en\/wp-json\/wp\/v2\/pages\/22857\/revisions"}],"predecessor-version":[{"id":27763,"href":"https:\/\/hgps.org.do\/en\/wp-json\/wp\/v2\/pages\/22857\/revisions\/27763"}],"up":[{"embeddable":true,"href":"https:\/\/hgps.org.do\/en\/wp-json\/wp\/v2\/pages\/22854"}],"wp:attachment":[{"href":"https:\/\/hgps.org.do\/en\/wp-json\/wp\/v2\/media?parent=22857"}],"curies":[{"name":"wp","href":"https:\/\/api.w.org\/{rel}","templated":true}]}}