{"id":22858,"date":"2018-05-01T21:19:37","date_gmt":"2018-05-01T21:19:37","guid":{"rendered":"https:\/\/portal-hgps.azurewebsites.net\/para-estudiantes-profesionales\/programa-de-residencias-medicas\/"},"modified":"2023-05-17T12:22:33","modified_gmt":"2023-05-17T12:22:33","slug":"programa-de-residencias-medicas","status":"publish","type":"page","link":"https:\/\/hgps.org.do\/en\/para-estudiantes-profesionales\/programa-de-residencias-medicas\/","title":{"rendered":"Medical Residency Program"},"content":{"rendered":"<section class=\"l-section wpb_row us_custom_9b36ddac height_medium\"><div class=\"l-section-h i-cf\"><div class=\"g-cols vc_row type_default valign_top\"><div class=\"vc_col-sm-8 wpb_column vc_column_container\"><div class=\"vc_column-inner\"><div class=\"wpb_wrapper\"><div id=\"ultimate-heading-332169e7b1d4d6c90\" class=\"uvc-heading ult-adjust-bottom-margin ultimate-heading-332169e7b1d4d6c90 uvc-6867\" data-hspacer=\"line_only\"  data-halign=\"center\" style=\"text-align:center\"><div class=\"uvc-main-heading ult-responsive\"  data-ultimate-target='.uvc-heading.ultimate-heading-332169e7b1d4d6c90 h2'  data-responsive-json-new='{\"font-size\":\"\",\"line-height\":\"\"}' ><h2 style=\"font-weight:normal;margin-bottom:10px;\">Medical Residency Program<\/h2><\/div><div class=\"uvc-heading-spacer line_only\" style=\"margin-bottom:20px;height:2px;\"><span class=\"uvc-headings-line\" style=\"border-style:solid;border-bottom-width:2px;border-color:#00abc6;width:300px;\"><\/span><\/div><\/div><div class=\"wpb_text_column\" ><div class=\"wpb_wrapper\"><p><strong>Curricular or Educational Requirements for all candidates to take Medical Residency Program in the Hospital<\/strong><\/p>\n<ul class=\"ul1\">\n<li class=\"li1\"><span class=\"s2\">Every applicant must be a medical professional, graduated from a medical school officially recognized in the country by the Ministry of Higher Education, Science and Technology (MESCYT).<\/span><\/li>\n<li class=\"li1\"><span class=\"s2\">Have Exequatur or proof of processing thereof with documentation of having completed their internship time.<\/span><\/li>\n<li class=\"li1\"><span class=\"s2\">Comply with the requirements established in the Medical Contest Regulation established by the National Council of Medical Residences (CNRM), which are detailed below.<\/span><\/li>\n<li class=\"li1\"><span class=\"s2\">Letter to request Medical Residency Contest addressed to the Medical Director of the Hospital, including the reasons why he chose the specialty.<\/span><\/li>\n<li class=\"li1\"><span class=\"s2\">Curriculum vitae.<\/span><\/li>\n<li class=\"li1\"><span class=\"s2\">Copy of the University degree certified by the MESCYT.<\/span><\/li>\n<li class=\"li1\"><span class=\"s2\">Record of Notes certified by the MESCYT<\/span><\/li>\n<li class=\"li1\"><span class=\"s2\">Exequatur of law or proof of processing.<\/span><\/li>\n<li class=\"li1\"><span class=\"s2\">Two photos 2 x 2.<\/span><\/li>\n<li class=\"li1\"><span class=\"s2\">Certification of Law Internship<\/span><\/li>\n<li class=\"li1\"><span class=\"s2\">Copy of the Identity and Electoral Card.<\/span><\/li>\n<li class=\"li1\"><span class=\"s2\">Certificate of good standing.<\/span><\/li>\n<li class=\"li1\"><span class=\"s2\">Membership of the Dominican Medical Association (CMD).<\/span><\/li>\n<li class=\"li1\"><span class=\"s2\">Submit to the sole general examination established with date and place by the National Council of Medical Residences (CNRM) and submit proof of approval thereof.<\/span><\/li>\n<li class=\"li1\"><span class=\"s2\">Participate in the interview offered by the Teaching Council of the Hospital.<\/span><\/li>\n<li class=\"li1\"><span class=\"s2\">If you are a graduate of a foreign university, in addition to everything mentioned above, you must submit all your documents notarized by the Consulate of the Dominican Republic in the country where you come from and legalized by the MESCYT in the Dominican Republic.<\/span><\/li>\n<li class=\"li1\"><span class=\"s2\">Proficiency in a second language: English, no essential requirement<\/span><\/li>\n<li class=\"li1\"><span class=\"s2\">Microsoft Office<\/span><\/li>\n<\/ul>\n<p><strong>The Medical Residency Programs that we offer are:<\/strong><\/p>\n<\/div><\/div><div class=\"w-tabs style_default switch_click accordion has_scrolling type_togglable title_atleft icon_chevron iconpos_right\"><div class=\"w-tabs-sections\"><div class=\"w-tabs-sections-h\"><div class=\"w-tabs-section\" id=\"1548130849547-c367ce34-4577\"><button class=\"w-tabs-section-header\" aria-controls=\"content-1548130849547-c367ce34-4577\"><div class=\"w-tabs-section-header-h\"><div class=\"w-tabs-section-title\">Family and Community Medicine Specialist<\/div><div class=\"w-tabs-section-control\"><\/div><\/div><\/button><div class=\"w-tabs-section-content\" id=\"content-1548130849547-c367ce34-4577\" aria-expanded=\"false\"><div class=\"w-tabs-section-content-h i-cf\"><div class=\"wpb_text_column\" ><div class=\"wpb_wrapper\"><p class=\"p1\"><span class=\"s1\">Family and Community Medicine is conceived as a specialty for continuous care in health or illness, without distinction of group, age or gender, with a comprehensive approach to the family and with the ability to work as part of a health team, as well as a point of entry to other levels of health care.<\/span><\/p>\n<p class=\"p1\"><span class=\"s1\">Our purpose is to provide the country with specialized resources in the field of Family and Community Medicine according to national priorities in health and the implementation of the Dominican Social Security System with its Primary Care plans.<\/span><\/p>\n<p class=\"p1\"><span class=\"s1\">Duration: 3 years (36 months)<\/span><\/p>\n<\/div><\/div><\/div><\/div><\/div><div class=\"w-tabs-section\" id=\"1548130849565-62defc93-8276\"><button class=\"w-tabs-section-header\" aria-controls=\"content-1548130849565-62defc93-8276\"><div class=\"w-tabs-section-header-h\"><div class=\"w-tabs-section-title\">Specialist in Emergency Medicine and Disasters<\/div><div class=\"w-tabs-section-control\"><\/div><\/div><\/button><div class=\"w-tabs-section-content\" id=\"content-1548130849565-62defc93-8276\" aria-expanded=\"false\"><div class=\"w-tabs-section-content-h i-cf\"><div class=\"wpb_text_column\" ><div class=\"wpb_wrapper\"><p class=\"p1\"><span class=\"s1\">The graduate of this specialization program will be able to intervene in a timely, effective and quality way in the identification and management of the main acute situations that threaten the integrity of the individual and contribute to the reduction of mortality and the possible sequelae.<\/span><\/p>\n<p class=\"p1\"><span class=\"s1\">We also contribute to raising the quality of care in emergency situations and disasters, by having a human resource that has the scientific knowledge, skills, skills and competencies necessary for good performance, both at hospital and pre-hospital level or community.<\/span><\/p>\n<p class=\"p1\"><span class=\"s1\">Duration: 4 years (48 months)<\/span><\/p>\n<\/div><\/div><\/div><\/div><\/div><div class=\"w-tabs-section\" id=\"1548130931902-5a2915c8-b80c\"><button class=\"w-tabs-section-header\" aria-controls=\"content-1548130931902-5a2915c8-b80c\"><div class=\"w-tabs-section-header-h\"><div class=\"w-tabs-section-title\">Specialist in Rehabilitation Medicine<\/div><div class=\"w-tabs-section-control\"><\/div><\/div><\/button><div class=\"w-tabs-section-content\" id=\"content-1548130931902-5a2915c8-b80c\" aria-expanded=\"false\"><div class=\"w-tabs-section-content-h i-cf\"><div class=\"wpb_text_column\" ><div class=\"wpb_wrapper\"><p class=\"p1\"><span class=\"s1\">The objective of this program is to make available to the country specialized resources in the field of Rehabilitation Medicine, with mastery of the generality of its discipline and adequately trained for quality care of epidemiologically prevalent injuries and disabilities, using a double clinical and functional approach.<\/span><\/p>\n<p class=\"p1\"><span class=\"s1\">Duration: 4 years (48 months)<\/span><\/p>\n<\/div><\/div><\/div><\/div><\/div><div class=\"w-tabs-section\" id=\"1548130958960-1f5b9527-0240\"><button class=\"w-tabs-section-header\" aria-controls=\"content-1548130958960-1f5b9527-0240\"><div class=\"w-tabs-section-header-h\"><div class=\"w-tabs-section-title\">Diagnostic Imaging Specialist<\/div><div class=\"w-tabs-section-control\"><\/div><\/div><\/button><div class=\"w-tabs-section-content\" id=\"content-1548130958960-1f5b9527-0240\" aria-expanded=\"false\"><div class=\"w-tabs-section-content-h i-cf\"><div class=\"wpb_text_column\" ><div class=\"wpb_wrapper\"><p class=\"p1\"><span class=\"s1\">The specialist doctor graduated from this program will have the knowledge, skills and abilities necessary to solve the problems of diagnosis and medical treatment using diagnostic images as a fundamental tool.<\/span><\/p>\n<p class=\"p1\"><span class=\"s1\">It will be able to develop assistance, teaching, research and administrative management functions, inherent to the specialty of Radiology and Diagnostic Imaging.\u00a0 <\/span><\/p>\n<p class=\"p1\"><span class=\"s1\">Duration: 4 years (48 months), the first year corresponds to Internal Medicine<\/span><\/p>\n<\/div><\/div><\/div><\/div><\/div><div class=\"w-tabs-section\" id=\"1548130999313-5ea3e3ed-07d4\"><button class=\"w-tabs-section-header\" aria-controls=\"content-1548130999313-5ea3e3ed-07d4\"><div class=\"w-tabs-section-header-h\"><div class=\"w-tabs-section-title\">Sub-specialty in Pediatric Critical Medicine<\/div><div class=\"w-tabs-section-control\"><\/div><\/div><\/button><div class=\"w-tabs-section-content\" id=\"content-1548130999313-5ea3e3ed-07d4\" aria-expanded=\"false\"><div class=\"w-tabs-section-content-h i-cf\"><div class=\"wpb_text_column\" ><div class=\"wpb_wrapper\"><p class=\"p1\"><span class=\"s1\">This specialization program is aimed at pediatricians graduated from a training program with a minimum of three (3) years. During the development of the Study Plan, this resident doctor will acquire the necessary skills to recognize and manage the main conditions that can seriously affect the child.<\/span><\/p>\n<p class=\"p1\"><span class=\"s1\">With the training of this Sub-specialist, we contribute to improve the quality of pediatric patient care in critical condition, to the reduction of high mortality rates and sequelae recorded in childhood.<\/span><\/p>\n<p class=\"p1\"><span class=\"s1\">Duration: 3 years<span class=\"Apple-converted-space\">\u00a0 <\/span>(36 months)<\/span><\/p>\n<\/div><\/div><\/div><\/div><\/div><div class=\"w-tabs-section\" id=\"1548131021429-88321239-b0dd\"><button class=\"w-tabs-section-header\" aria-controls=\"content-1548131021429-88321239-b0dd\"><div class=\"w-tabs-section-header-h\"><div class=\"w-tabs-section-title\">Sub-specialty in Critical Medicine and Intensive Therapy.<\/div><div class=\"w-tabs-section-control\"><\/div><\/div><\/button><div class=\"w-tabs-section-content\" id=\"content-1548131021429-88321239-b0dd\" aria-expanded=\"false\"><div class=\"w-tabs-section-content-h i-cf\"><div class=\"wpb_text_column\" ><div class=\"wpb_wrapper\"><p class=\"p1\"><span class=\"s1\">The training of specialists in intensive polyvalent care of adults is aimed at doctors with a basic clinical specialty with a minimum of three (3) years of residence, preferably Internal Medicine, Anesthesiology and Emergency Medicine.<\/span><\/p>\n<p class=\"p1\"><span class=\"s1\">During their training the resident doctor will acquire the necessary knowledge to recognize and manage the main conditions that can seriously affect the individual.<\/span><\/p>\n<p class=\"p1\"><span class=\"s1\">Duration: 3 years (36 months)<\/span><\/p>\n<\/div><\/div><\/div><\/div><\/div><div class=\"w-tabs-section\" id=\"1548131047924-ef59c874-2d02\"><button class=\"w-tabs-section-header\" aria-controls=\"content-1548131047924-ef59c874-2d02\"><div class=\"w-tabs-section-header-h\"><div class=\"w-tabs-section-title\">General Surgery and Transplants<\/div><div class=\"w-tabs-section-control\"><\/div><\/div><\/button><div class=\"w-tabs-section-content\" id=\"content-1548131047924-ef59c874-2d02\" aria-expanded=\"false\"><div class=\"w-tabs-section-content-h i-cf\"><div class=\"wpb_text_column\" ><div class=\"wpb_wrapper\"><p class=\"p1\"><span class=\"s1\">This Residency Program is aimed at general practitioners with the aim of training them as specialists in general surgery, trained to perform the surgical procedures of this specialty, and also develop the skills that will allow you to perform surgical procedures of donation and organ and tissue transplants. , skills that will be developed during the five years of their training by participating in the procedures of this type carried out in the HGPS and strengthened during the last year of training through a rotation abroad in a volume unit.<\/span><\/p>\n<p class=\"p1\"><span class=\"s1\">Duration: 5 years (60 months). <\/span><\/p>\n<\/div><\/div><\/div><\/div><\/div><div class=\"w-tabs-section\" id=\"1548131072347-c306afbb-9b1c\"><button class=\"w-tabs-section-header\" aria-controls=\"content-1548131072347-c306afbb-9b1c\"><div class=\"w-tabs-section-header-h\"><div class=\"w-tabs-section-title\">Otolaryngology and Head and Neck Surgery<\/div><div class=\"w-tabs-section-control\"><\/div><\/div><\/button><div class=\"w-tabs-section-content\" id=\"content-1548131072347-c306afbb-9b1c\" aria-expanded=\"false\"><div class=\"w-tabs-section-content-h i-cf\"><div class=\"wpb_text_column\" ><div class=\"wpb_wrapper\"><p class=\"p1\"><span class=\"s1\">The medical specialist graduated from this program will have all the necessary skills to practice as a surgeon with resolutive and practical capacity for the study and treatment of all diseases of the ears, nasal cavities, oropharynx and larynx, both clinical and surgical.<\/span><\/p>\n<p class=\"p1\"><span class=\"s1\">This Residency Program is aimed at general practitioners and will last for 5 years.<\/span><\/p>\n<p class=\"p1\"><span class=\"s1\">Duration: 5 years (60 months). <\/span><\/p>\n<\/div><\/div><\/div><\/div><\/div><div class=\"w-tabs-section\" id=\"1548131089268-8f5b9412-0b18\"><button class=\"w-tabs-section-header\" aria-controls=\"content-1548131089268-8f5b9412-0b18\"><div class=\"w-tabs-section-header-h\"><div class=\"w-tabs-section-title\">Neurosurgery<\/div><div class=\"w-tabs-section-control\"><\/div><\/div><\/button><div class=\"w-tabs-section-content\" id=\"content-1548131089268-8f5b9412-0b18\" aria-expanded=\"false\"><div class=\"w-tabs-section-content-h i-cf\"><div class=\"wpb_text_column\" ><div class=\"wpb_wrapper\"><p class=\"p1\"><span class=\"s1\">This specialization program is aimed at doctors with a specialty in general surgery, it is a training program with a minimum of four (4) years. During the development of the Study Plan, this resident doctor will acquire the necessary skills to perform the most frequent microsurgical procedures and will be able to handle the patients in an adequate manner. \u00a0<\/span><\/p>\n<p class=\"p1\"><span class=\"s1\">With the training of this specialist, we contribute to the increase of the coverage of the Neurosurgery Service in our country and to the improvement of the quality of the attention of the microsurgical patient<\/span><\/p>\n<p class=\"p1\"><span class=\"s1\">Duration: 4 years (48 months)<\/span><\/p>\n<\/div><\/div><\/div><\/div><\/div><\/div><\/div><\/div><div class=\"w-separator size_custom\" style=\"height:30px\"><\/div><div class=\"w-btn-wrapper width_auto align_left\"><a class=\"w-btn us-btn-style_1 us_custom_4481559d icon_atleft\" href=\"https:\/\/www.hgps.org.do\/wp-content\/uploads\/2019\/01\/Perfil-de-los-coordinadores-y-gerent-ensenanaza.pdf\"><i class=\"fas fa-user\"><\/i><span class=\"w-btn-label\">Download: Profile of Teaching Staff of the Teaching Department<\/span><\/a><\/div><\/div><\/div><\/div><div class=\"vc_col-sm-4 wpb_column vc_column_container\"><div class=\"vc_column-inner us_custom_c3c31ab9\"><div class=\"wpb_wrapper\"><div id=\"ultimate-heading-432269e7b1d4de69b\" class=\"uvc-heading ult-adjust-bottom-margin ultimate-heading-432269e7b1d4de69b uvc-6555\" data-hspacer=\"line_only\"  data-halign=\"center\" style=\"text-align:center\"><div class=\"uvc-main-heading ult-responsive\"  data-ultimate-target='.uvc-heading.ultimate-heading-432269e7b1d4de69b h4'  data-responsive-json-new='{\"font-size\":\"\",\"line-height\":\"\"}' ><h4 style=\"font-weight:normal;margin-bottom:10px;\">For more information<\/h4><\/div><div class=\"uvc-heading-spacer line_only\" style=\"margin-bottom:20px;height:2px;\"><span class=\"uvc-headings-line\" style=\"border-style:solid;border-bottom-width:2px;border-color:#00abc6;width:300px;\"><\/span><\/div><\/div><div class=\"uavc-list-icon uavc-list-icon-wrapper ult-adjust-bottom-margin\"><ul class=\"uavc-list\"><li><div class=\"uavc-list-content\" id=\"list-icon-wrap-9532\">\n<div class=\"uavc-list-icon\" data-animation=\"\" data-animation-delay=\"03\" style=\"margin-right:10px;\"><div class=\"ult-just-icon-wrapper\"><div class=\"align-icon\" style=\"text-align:center;\">\n<div class=\"aio-icon none\"  style=\"font-size:22px;display:inline-block;\">\n\t<i class=\"Defaults-location-arrow\"><\/i>\n<\/div><\/div><\/div>\n<\/div><span  data-ultimate-target='#list-icon-wrap-9532 .uavc-list-desc'  data-responsive-json-new='{\"font-size\":\"\",\"line-height\":\"\"}'  class=\"uavc-list-desc ult-responsive\" style=\"\">\n<h4 style=\"padding-bottom: 0; margin-bottom: 0; font-size: 20px;\">We&#039;re located in<\/h4>\n<p><span style=\"font-size: 14px; line-height: 18px;\"> Third Floor of the Human Resources Health Building, Plaza de la Salud, Ensanche La Fe, Santo Domingo, RD <\/span><\/span><\/div><\/li><li><div class=\"uavc-list-content\" id=\"list-icon-wrap-7925\">\n<div class=\"uavc-list-icon\" data-animation=\"\" data-animation-delay=\"03\" style=\"margin-right:10px;\"><div class=\"ult-just-icon-wrapper\"><div class=\"align-icon\" style=\"text-align:center;\">\n<div class=\"aio-icon none\"  style=\"font-size:22px;display:inline-block;\">\n\t<i class=\"Defaults-phone\"><\/i>\n<\/div><\/div><\/div>\n<\/div><span  data-ultimate-target='#list-icon-wrap-7925 .uavc-list-desc'  data-responsive-json-new='{\"font-size\":\"\",\"line-height\":\"\"}'  class=\"uavc-list-desc ult-responsive\" style=\"\">\n<h4 style=\"padding-bottom: 0; margin-bottom: 0; font-size: 20px;\">Call us at<\/h4>\n<p><span style=\"font-size: 14px; line-height: 18px;\"><a href=\"tel:809-565-7477\">809-565-7477<\/a><br \/>\nExt.\u00a0 7014 y 7015<\/span><\/p>\n<p>&nbsp;<\/span><\/div><\/li><li><div class=\"uavc-list-content\" id=\"list-icon-wrap-5362\">\n<div class=\"uavc-list-icon\" data-animation=\"\" data-animation-delay=\"03\" style=\"margin-right:10px;\"><div class=\"ult-just-icon-wrapper\"><div class=\"align-icon\" style=\"text-align:center;\">\n<div class=\"aio-icon none\"  style=\"font-size:22px;display:inline-block;\">\n\t<i class=\"Defaults-envelope-o\"><\/i>\n<\/div><\/div><\/div>\n<\/div><span  data-ultimate-target='#list-icon-wrap-5362 .uavc-list-desc'  data-responsive-json-new='{\"font-size\":\"\",\"line-height\":\"\"}'  class=\"uavc-list-desc ult-responsive\" style=\"\">\n<h4 style=\"padding-bottom: 0; margin-bottom: 0; font-size: 20px;\">Write to us<\/h4>\n<p><span style=\"font-size: 14px; line-height: 18px;\"><a href=\"mailto:cargarcia@hgps.org.do\">cargarcia@hgps.org.do<\/a><a href=\"mailto:vgonzalez@hgps.org.do\" target=\"_blank\" rel=\"noopener noreferrer\"> \/ <\/a><a href=\"mailto:ypaulino@hgps.org.do\">ypaulino@hgps.org.do<\/a><\/span><\/p>\n<p>&nbsp;<\/span><\/div><\/li><\/ul><\/div><\/div><\/div><\/div><\/div><\/div><\/section>","protected":false},"excerpt":{"rendered":"Programa de Residencias M\u00e9dicasRequisitos Curriculares o Educativos para todo aspirante a cursar Programa de Residencias M\u00e9dicas en el Hospital Todo aspirante debe ser profesional m\u00e9dico, graduado de una escuela de medicina reconocida\u00a0oficialmente en el pa\u00eds por el Ministerio de Educaci\u00f3n Superior, Ciencia y Tecnolog\u00eda (MESCYT). Tener Exequ\u00e1tur o constancia de tramitaci\u00f3n del mismo con documentaci\u00f3n...","protected":false},"author":1,"featured_media":0,"parent":22854,"menu_order":66,"comment_status":"closed","ping_status":"closed","template":"","meta":{"footnotes":""},"_links":{"self":[{"href":"https:\/\/hgps.org.do\/en\/wp-json\/wp\/v2\/pages\/22858"}],"collection":[{"href":"https:\/\/hgps.org.do\/en\/wp-json\/wp\/v2\/pages"}],"about":[{"href":"https:\/\/hgps.org.do\/en\/wp-json\/wp\/v2\/types\/page"}],"author":[{"embeddable":true,"href":"https:\/\/hgps.org.do\/en\/wp-json\/wp\/v2\/users\/1"}],"replies":[{"embeddable":true,"href":"https:\/\/hgps.org.do\/en\/wp-json\/wp\/v2\/comments?post=22858"}],"version-history":[{"count":8,"href":"https:\/\/hgps.org.do\/en\/wp-json\/wp\/v2\/pages\/22858\/revisions"}],"predecessor-version":[{"id":27764,"href":"https:\/\/hgps.org.do\/en\/wp-json\/wp\/v2\/pages\/22858\/revisions\/27764"}],"up":[{"embeddable":true,"href":"https:\/\/hgps.org.do\/en\/wp-json\/wp\/v2\/pages\/22854"}],"wp:attachment":[{"href":"https:\/\/hgps.org.do\/en\/wp-json\/wp\/v2\/media?parent=22858"}],"curies":[{"name":"wp","href":"https:\/\/api.w.org\/{rel}","templated":true}]}}