{"id":23367,"date":"2018-07-26T22:57:15","date_gmt":"2018-07-26T22:57:15","guid":{"rendered":"https:\/\/portal-hgps.azurewebsites.net\/?page_id=23367"},"modified":"2024-04-12T16:38:15","modified_gmt":"2024-04-12T16:38:15","slug":"voluntarioscuidadospaliativos","status":"publish","type":"page","link":"https:\/\/hgps.org.do\/en\/servicios-medicos\/unidad-de-cuidados-paliativos\/voluntarioscuidadospaliativos\/","title":{"rendered":"Voluntarios Cuidados Paliativos"},"content":{"rendered":"<section class=\"l-section wpb_row us_custom_99817634 height_medium\"><div class=\"l-section-h i-cf\"><div class=\"g-cols vc_row type_default valign_top\"><div class=\"vc_col-sm-12 wpb_column vc_column_container\"><div class=\"vc_column-inner\"><div class=\"wpb_wrapper\"><script type=\"text\/javascript\">var gform;gform||(document.addEventListener(\"gform_main_scripts_loaded\",function(){gform.scriptsLoaded=!0}),window.addEventListener(\"DOMContentLoaded\",function(){gform.domLoaded=!0}),gform={domLoaded:!1,scriptsLoaded:!1,initializeOnLoaded:function(o){gform.domLoaded&&gform.scriptsLoaded?o():!gform.domLoaded&&gform.scriptsLoaded?window.addEventListener(\"DOMContentLoaded\",o):document.addEventListener(\"gform_main_scripts_loaded\",o)},hooks:{action:{},filter:{}},addAction:function(o,n,r,t){gform.addHook(\"action\",o,n,r,t)},addFilter:function(o,n,r,t){gform.addHook(\"filter\",o,n,r,t)},doAction:function(o){gform.doHook(\"action\",o,arguments)},applyFilters:function(o){return gform.doHook(\"filter\",o,arguments)},removeAction:function(o,n){gform.removeHook(\"action\",o,n)},removeFilter:function(o,n,r){gform.removeHook(\"filter\",o,n,r)},addHook:function(o,n,r,t,i){null==gform.hooks[o][n]&&(gform.hooks[o][n]=[]);var e=gform.hooks[o][n];null==i&&(i=n+\"_\"+e.length),gform.hooks[o][n].push({tag:i,callable:r,priority:t=null==t?10:t})},doHook:function(n,o,r){var t;if(r=Array.prototype.slice.call(r,1),null!=gform.hooks[n][o]&&((o=gform.hooks[n][o]).sort(function(o,n){return o.priority-n.priority}),o.forEach(function(o){\"function\"!=typeof(t=o.callable)&&(t=window[t]),\"action\"==n?t.apply(null,r):r[0]=t.apply(null,r)})),\"filter\"==n)return r[0]},removeHook:function(o,n,t,i){var r;null!=gform.hooks[o][n]&&(r=(r=gform.hooks[o][n]).filter(function(o,n,r){return!!(null!=i&&i!=o.tag||null!=t&&t!=o.priority)}),gform.hooks[o][n]=r)}});<\/script>\n                <div class='gf_browser_gecko gform_wrapper gravity-theme gform-theme--no-framework' data-form-theme='gravity-theme' data-form-index='0' id='gform_wrapper_15' >\n                        <div class='gform_heading'>\n                            <h2 class=\"gform_title\">Red de Cuidadores Cuidados Paliativos<\/h2>\n                            <p class='gform_description'>Unidad de Cuidados Paliativos para regristro de voluntarios.<\/p>\n\t\t\t\t\t\t\t<p class='gform_required_legend'>&quot;<span class=\"gfield_required gfield_required_asterisk\">*<\/span>&quot; se\u00f1ala los campos obligatorios<\/p>\n                        <\/div><form method='post' enctype='multipart\/form-data'  id='gform_15'  action='\/en\/wp-json\/wp\/v2\/pages\/23367' data-formid='15' novalidate data-trp-original-action=\"\/en\/wp-json\/wp\/v2\/pages\/23367\">\n                        <div class='gform-body gform_body'><div id='gform_fields_15' class='gform_fields top_label form_sublabel_below description_below'><div id=\"field_15_13\" class=\"gfield gfield--type-text gfield--width-half gfield_contains_required field_sublabel_below gfield--no-description field_description_below gfield_visibility_visible\"  data-js-reload=\"field_15_13\" ><label class='gfield_label gform-field-label' for='input_15_13'>First name<span class=\"gfield_required\"><span class=\"gfield_required gfield_required_asterisk\">*<\/span><\/span><\/label><div class='ginput_container ginput_container_text'><input name='input_13' id='input_15_13' type='text' value='' class='large'     aria-required=\"true\" aria-invalid=\"false\"   \/> <\/div><\/div><div id=\"field_15_14\" class=\"gfield gfield--type-text gfield--width-half gfield_contains_required field_sublabel_below gfield--no-description field_description_below gfield_visibility_visible\"  data-js-reload=\"field_15_14\" ><label class='gfield_label gform-field-label' for='input_15_14'>Apellidos<span class=\"gfield_required\"><span class=\"gfield_required gfield_required_asterisk\">*<\/span><\/span><\/label><div class='ginput_container ginput_container_text'><input name='input_14' id='input_15_14' type='text' value='' class='large'     aria-required=\"true\" aria-invalid=\"false\"   \/> <\/div><\/div><div id=\"field_15_5\" class=\"gfield gfield--type-phone gfield--width-half gfield_contains_required field_sublabel_below gfield--no-description field_description_below gfield_visibility_visible\"  data-js-reload=\"field_15_5\" ><label class='gfield_label gform-field-label' for='input_15_5'>Phone<span class=\"gfield_required\"><span class=\"gfield_required gfield_required_asterisk\">*<\/span><\/span><\/label><div class='ginput_container ginput_container_phone'><input name='input_5' id='input_15_5' type='tel' value='' class='large'   aria-required=\"true\" aria-invalid=\"false\"   \/><\/div><\/div><div id=\"field_15_6\" class=\"gfield gfield--type-email gfield--width-half gfield_contains_required field_sublabel_below gfield--no-description field_description_below gfield_visibility_visible\"  data-js-reload=\"field_15_6\" ><label class='gfield_label gform-field-label' for='input_15_6'>E-mail<span class=\"gfield_required\"><span class=\"gfield_required gfield_required_asterisk\">*<\/span><\/span><\/label><div class='ginput_container ginput_container_email'>\n                            <input name='input_6' id='input_15_6' type='email' value='' class='large'    aria-required=\"true\" aria-invalid=\"false\"  \/>\n                        <\/div><\/div><div id=\"field_15_7\" class=\"gfield gfield--type-text gfield--width-half field_sublabel_below gfield--no-description field_description_below gfield_visibility_visible\"  data-js-reload=\"field_15_7\" ><label class='gfield_label gform-field-label' for='input_15_7'>Ocupaci\u00f3n<\/label><div class='ginput_container ginput_container_text'><input name='input_7' id='input_15_7' type='text' value='' class='large'      aria-invalid=\"false\"   \/> <\/div><\/div><div id=\"field_15_9\" class=\"gfield gfield--type-text gfield--width-half field_sublabel_below gfield--no-description field_description_below gfield_visibility_visible\"  data-js-reload=\"field_15_9\" ><label class='gfield_label gform-field-label' for='input_15_9'>Religi\u00f3n<\/label><div class='ginput_container ginput_container_text'><input name='input_9' id='input_15_9' type='text' value='' class='large'      aria-invalid=\"false\"   \/> <\/div><\/div><div id=\"field_15_8\" class=\"gfield gfield--type-text gfield--width-full field_sublabel_below gfield--no-description field_description_below gfield_visibility_visible\"  data-js-reload=\"field_15_8\" ><label class='gfield_label gform-field-label' for='input_15_8'>Direcci\u00f3n\/ sector en que vive<\/label><div class='ginput_container ginput_container_text'><input name='input_8' id='input_15_8' type='text' value='' class='large'      aria-invalid=\"false\"   \/> <\/div><\/div><div id=\"field_15_10\" class=\"gfield gfield--type-text gfield--width-full field_sublabel_below gfield--no-description field_description_below gfield_visibility_visible\"  data-js-reload=\"field_15_10\" ><label class='gfield_label gform-field-label' for='input_15_10'>Sectores en los que puede dar apoyo<\/label><div class='ginput_container ginput_container_text'><input name='input_10' id='input_15_10' type='text' value='' class='large'      aria-invalid=\"false\"   \/> <\/div><\/div><div id=\"field_15_11\" class=\"gfield gfield--type-multiselect gfield--width-half field_sublabel_below gfield--no-description field_description_below gfield_visibility_visible\"  data-js-reload=\"field_15_11\" ><label class='gfield_label gform-field-label' for='input_15_11'>Actividad con la que desea cooperar<\/label><div class='ginput_container ginput_container_multiselect'><select multiple='multiple' data-placeholder='Clic para seleccionar...' size='7' name='input_11[]' id='input_15_11' class='large gfield_select'   aria-invalid=\"false\"  ><option value='Estilismo de pelo' >Estilismo de pelo<\/option><option value='Arreglo de u\u00f1as' >Arreglo de u\u00f1as<\/option><option value='Maquillaje' >Maquillaje<\/option><option value='Juegos de mesa (domino, ajedrez, parches, rompecabezas, etc..)' >Juegos de mesa (domino, ajedrez, parches, rompecabezas, etc..)<\/option><option value='Lectura' >Lectura<\/option><option value='Bordado' >Bordado<\/option><option value='Pintura' >Pintura<\/option><option value='M\u00fasica' >M\u00fasica<\/option><option value='Manualidades en general' >Manualidades en general<\/option><option value='Ver pel\u00edculas\/ series' >Ver pel\u00edculas\/ series<\/option><option value='Meditaci\u00f3n' >Meditaci\u00f3n<\/option><option value='Otros. Especifique:' >Otros. Especifique:<\/option><\/select><\/div><\/div><div id=\"field_15_12\" class=\"gfield gfield--type-text gfield--width-half field_sublabel_below gfield--no-description field_description_below gfield_visibility_visible\"  data-js-reload=\"field_15_12\" ><label class='gfield_label gform-field-label' for='input_15_12'>Otros:<\/label><div class='ginput_container ginput_container_text'><input name='input_12' id='input_15_12' type='text' value='' class='large'      aria-invalid=\"false\"   \/> <\/div><\/div><fieldset id=\"field_15_15\" class=\"gfield gfield--type-radio gfield--type-choice gfield--width-half gfield_contains_required field_sublabel_below gfield--no-description field_description_below gfield_visibility_visible\"  data-js-reload=\"field_15_15\" ><legend class='gfield_label gform-field-label' >Tiene entrenamiento en cuidados o acompa\u00f1amiento?<span class=\"gfield_required\"><span class=\"gfield_required gfield_required_asterisk\">*<\/span><\/span><\/legend><div class='ginput_container ginput_container_radio'><div class='gfield_radio' id='input_15_15'>\n\t\t\t<div class='gchoice gchoice_15_15_0'>\n\t\t\t\t\t<input class='gfield-choice-input' name='input_15' type='radio' value='Si'  id='choice_15_15_0' onchange='gformToggleRadioOther( this )'    \/>\n\t\t\t\t\t<label for='choice_15_15_0' id='label_15_15_0' class='gform-field-label gform-field-label--type-inline'>Yes<\/label>\n\t\t\t<\/div>\n\t\t\t<div class='gchoice gchoice_15_15_1'>\n\t\t\t\t\t<input class='gfield-choice-input' name='input_15' type='radio' value='No'  id='choice_15_15_1' onchange='gformToggleRadioOther( this )'    \/>\n\t\t\t\t\t<label for='choice_15_15_1' id='label_15_15_1' class='gform-field-label gform-field-label--type-inline'>No<\/label>\n\t\t\t<\/div><\/div><\/div><\/fieldset><div id=\"field_15_16\" class=\"gfield gfield--type-text gfield--width-half field_sublabel_below gfield--no-description field_description_below gfield_visibility_visible\"  data-js-reload=\"field_15_16\" ><label class='gfield_label gform-field-label' for='input_15_16'>Especifique<\/label><div class='ginput_container ginput_container_text'><input name='input_16' id='input_15_16' type='text' value='' class='large'      aria-invalid=\"false\"   \/> <\/div><\/div><\/div><\/div>\n        <div class='gform_footer top_label'> <input type='submit' id='gform_submit_button_15' class='gform_button button' value='Submit'  onclick='if(window[\"gf_submitting_15\"]){return false;}  if( !jQuery(\"#gform_15\")[0].checkValidity || jQuery(\"#gform_15\")[0].checkValidity()){window[\"gf_submitting_15\"]=true;}  ' onkeypress='if( event.keyCode == 13 ){ if(window[\"gf_submitting_15\"]){return false;} if( !jQuery(\"#gform_15\")[0].checkValidity || jQuery(\"#gform_15\")[0].checkValidity()){window[\"gf_submitting_15\"]=true;}  jQuery(\"#gform_15\").trigger(\"submit\",[true]); }' \/> \n            <input type='hidden' class='gform_hidden' name='is_submit_15' value='1' \/>\n            <input type='hidden' class='gform_hidden' name='gform_submit' value='15' \/>\n            \n            <input type='hidden' class='gform_hidden' name='gform_unique_id' value='' \/>\n            <input type='hidden' class='gform_hidden' name='state_15' value='WyJ7XCIxNVwiOltcImYyYmY5ZTRhMmM5N2EzMDY0ODE3ZjljMmIxMjgyMjBiXCIsXCIzNGI4ODE1YjRmOWEwNTgxMGQ2NTRmZDVkNDQ3OTUzZFwiXX0iLCJlNjI0MmVhMmVkYTBmNWJhYmE1OTQyZTE4MzdjNjg4ZiJd' \/>\n            <input type='hidden' class='gform_hidden' name='gform_target_page_number_15' id='gform_target_page_number_15' value='0' \/>\n            <input type='hidden' class='gform_hidden' name='gform_source_page_number_15' id='gform_source_page_number_15' value='1' \/>\n            <input type='hidden' name='gform_field_values' value='' \/>\n            \n        <\/div>\n                        <input type=\"hidden\" name=\"trp-form-language\" value=\"en\"\/><\/form>\n                        <\/div><script type=\"text\/javascript\">\n\/* <![CDATA[ *\/\n gform.initializeOnLoaded( function() {gformInitSpinner( 15, 'https:\/\/hgps.org.do\/wp-content\/plugins\/gravityforms\/images\/spinner.svg', true );jQuery('#gform_ajax_frame_15').on('load',function(){var contents = jQuery(this).contents().find('*').html();var is_postback = contents.indexOf('GF_AJAX_POSTBACK') >= 0;if(!is_postback){return;}var form_content = jQuery(this).contents().find('#gform_wrapper_15');var is_confirmation = jQuery(this).contents().find('#gform_confirmation_wrapper_15').length > 0;var is_redirect = contents.indexOf('gformRedirect(){') >= 0;var is_form = form_content.length > 0 && ! is_redirect && ! is_confirmation;var mt = parseInt(jQuery('html').css('margin-top'), 10) + parseInt(jQuery('body').css('margin-top'), 10) + 100;if(is_form){jQuery('#gform_wrapper_15').html(form_content.html());if(form_content.hasClass('gform_validation_error')){jQuery('#gform_wrapper_15').addClass('gform_validation_error');} else {jQuery('#gform_wrapper_15').removeClass('gform_validation_error');}setTimeout( function() { \/* delay the scroll by 50 milliseconds to fix a bug in chrome *\/  }, 50 );if(window['gformInitDatepicker']) {gformInitDatepicker();}if(window['gformInitPriceFields']) {gformInitPriceFields();}var current_page = jQuery('#gform_source_page_number_15').val();gformInitSpinner( 15, 'https:\/\/hgps.org.do\/wp-content\/plugins\/gravityforms\/images\/spinner.svg', true );jQuery(document).trigger('gform_page_loaded', [15, current_page]);window['gf_submitting_15'] = false;}else if(!is_redirect){var confirmation_content = jQuery(this).contents().find('.GF_AJAX_POSTBACK').html();if(!confirmation_content){confirmation_content = contents;}setTimeout(function(){jQuery('#gform_wrapper_15').replaceWith(confirmation_content);jQuery(document).trigger('gform_confirmation_loaded', [15]);window['gf_submitting_15'] = false;wp.a11y.speak(jQuery('#gform_confirmation_message_15').text());}, 50);}else{jQuery('#gform_15').append(contents);if(window['gformRedirect']) {gformRedirect();}}jQuery(document).trigger('gform_post_render', [15, current_page]);gform.utils.trigger({ event: 'gform\/postRender', native: false, data: { formId: 15, currentPage: current_page } });} );} ); \n\/* ]]> *\/\n<\/script>\n<\/div><\/div><\/div><\/div><\/div><\/section>","protected":false},"excerpt":{"rendered":"Red de Cuidadores Cuidados Paliativos Unidad de Cuidados Paliativos para regristro de voluntarios. &quot;*&quot; se\u00f1ala los campos obligatorios Nombre* Apellidos* Tel\u00e9fono*Email* Ocupaci\u00f3n Religi\u00f3n Direcci\u00f3n\/ sector en que vive Sectores en los que puede dar apoyo Actividad con la que desea cooperarEstilismo de peloArreglo de u\u00f1asMaquillajeJuegos de mesa (domino, ajedrez, parches, rompecabezas, etc..)LecturaBordadoPinturaM\u00fasicaManualidades en generalVer pel\u00edculas\/...","protected":false},"author":1,"featured_media":0,"parent":27575,"menu_order":0,"comment_status":"closed","ping_status":"closed","template":"","meta":{"footnotes":""},"_links":{"self":[{"href":"https:\/\/hgps.org.do\/en\/wp-json\/wp\/v2\/pages\/23367"}],"collection":[{"href":"https:\/\/hgps.org.do\/en\/wp-json\/wp\/v2\/pages"}],"about":[{"href":"https:\/\/hgps.org.do\/en\/wp-json\/wp\/v2\/types\/page"}],"author":[{"embeddable":true,"href":"https:\/\/hgps.org.do\/en\/wp-json\/wp\/v2\/users\/1"}],"replies":[{"embeddable":true,"href":"https:\/\/hgps.org.do\/en\/wp-json\/wp\/v2\/comments?post=23367"}],"version-history":[{"count":8,"href":"https:\/\/hgps.org.do\/en\/wp-json\/wp\/v2\/pages\/23367\/revisions"}],"predecessor-version":[{"id":28252,"href":"https:\/\/hgps.org.do\/en\/wp-json\/wp\/v2\/pages\/23367\/revisions\/28252"}],"up":[{"embeddable":true,"href":"https:\/\/hgps.org.do\/en\/wp-json\/wp\/v2\/pages\/27575"}],"wp:attachment":[{"href":"https:\/\/hgps.org.do\/en\/wp-json\/wp\/v2\/media?parent=23367"}],"curies":[{"name":"wp","href":"https:\/\/api.w.org\/{rel}","templated":true}]}}