{"id":27253,"date":"2022-04-13T18:41:17","date_gmt":"2022-04-13T18:41:17","guid":{"rendered":"https:\/\/hgps.org.do\/?page_id=27253"},"modified":"2022-04-27T14:39:58","modified_gmt":"2022-04-27T14:39:58","slug":"medicina-critica-y-terapia-intensiva","status":"publish","type":"page","link":"https:\/\/hgps.org.do\/en\/servicios-medicos\/medicina-critica-y-terapia-intensiva\/","title":{"rendered":"Medicina Critica y Terapia Intensiva"},"content":{"rendered":"<section class=\"l-section wpb_row height_medium\"><div class=\"l-section-h i-cf\"><div class=\"g-cols vc_row type_default valign_top\"><div class=\"vc_col-sm-12 wpb_column vc_column_container\"><div class=\"vc_column-inner\"><div class=\"wpb_wrapper\"><div class=\"wpb_text_column\" ><div class=\"wpb_wrapper\"><p style=\"text-align: center;\"><strong> \u00a0MEDICINA CR\u00cdTICA Y TERAPIA INTENSIVA<\/strong><\/p>\n<p><strong><em>\u00a0<\/em><\/strong><\/p>\n<p>La Medicina Cr\u00edtica y Terapia Intensiva es una especialidad m\u00e9dica dedicada al suministro de soporte vital o de soporte a los sistemas org\u00e1nicos en los pacientes que est\u00e1n cr\u00edticamente enfermos:<\/p>\n<p>Pacientes con\u00a0 inestabilidad hemodin\u00e1mica\u00a0 en hipotensi\u00f3n o hipertensi\u00f3n<\/p>\n<p>Soporte\u00a0 para las v\u00edas a\u00e9reas, el compromiso respiratorio o para el fracaso renal<\/p>\n<p>Supervisi\u00f3n y monitorizaci\u00f3n intensiva<\/p>\n<p>En esta \u00e1rea del hospital se encuentran los pacientes en estado cr\u00edtico y los pacientes que por su patolog\u00eda pueden convertirse en pacientes cr\u00edticos de no recibir la atenci\u00f3n especializada que permite prevenir y corregir las eventualidades que se presentan en el mismo.<\/p>\n<p style=\"text-align: center;\"><strong>UNIDAD DE CUIDADOS INTENSIVOS POLIVALENTE<\/strong><\/p>\n<p>Nuestro Hospital dispone de una unidad de Cuidados Intensivos Polivalente, donde se reciben todos los pacientes con patolog\u00edas cl\u00ednicas o quir\u00fargicas que necesiten del servicio. Esta unidad de Cuidados Intensivos, est\u00e1 a cargo de un personal m\u00e9dico, de enfermer\u00eda y personal auxiliar, entrenado en medicina cr\u00edtica y terapia intensiva, realiz\u00e1ndose un trabajo conjunto con otras especialidades como nefr\u00f3logos, nutricionistas, cirujanos, conformando un equipo multidisciplinario que favorece la atenci\u00f3n de los pacientes.<\/p>\n<p>Contamos, adem\u00e1s, con una escuela de formaci\u00f3n de especialistas en cuidados cr\u00edticos, con un ingreso de 6 residentes por a\u00f1o y por un per\u00edodo de tiempo de 3 a\u00f1os, los cuales a su egreso de la especialidad se est\u00e1n diseminando por todo el pa\u00eds, dando respuesta a la alta necesidad que tiene el sistema de salud de m\u00e9dicos intensivistas.<\/p>\n<p><strong>\u00a0<\/strong><strong>Horarios:<\/strong> 24 hours<\/p>\n<p><strong>Ubicaci\u00f3n:<\/strong> edificio #2 primer nivel<\/p>\n<\/div><\/div><\/div><\/div><\/div><\/div><\/div><\/section>","protected":false},"excerpt":{"rendered":"\u00a0MEDICINA CR\u00cdTICA Y TERAPIA INTENSIVA \u00a0 La Medicina Cr\u00edtica y Terapia Intensiva es una especialidad m\u00e9dica dedicada al suministro de soporte vital o de soporte a los sistemas org\u00e1nicos en los pacientes que est\u00e1n cr\u00edticamente enfermos: Pacientes con\u00a0 inestabilidad hemodin\u00e1mica\u00a0 en hipotensi\u00f3n o hipertensi\u00f3n Soporte\u00a0 para las v\u00edas a\u00e9reas, el compromiso respiratorio o para el...","protected":false},"author":218,"featured_media":0,"parent":22825,"menu_order":208,"comment_status":"closed","ping_status":"closed","template":"","meta":{"footnotes":""},"_links":{"self":[{"href":"https:\/\/hgps.org.do\/en\/wp-json\/wp\/v2\/pages\/27253"}],"collection":[{"href":"https:\/\/hgps.org.do\/en\/wp-json\/wp\/v2\/pages"}],"about":[{"href":"https:\/\/hgps.org.do\/en\/wp-json\/wp\/v2\/types\/page"}],"author":[{"embeddable":true,"href":"https:\/\/hgps.org.do\/en\/wp-json\/wp\/v2\/users\/218"}],"replies":[{"embeddable":true,"href":"https:\/\/hgps.org.do\/en\/wp-json\/wp\/v2\/comments?post=27253"}],"version-history":[{"count":6,"href":"https:\/\/hgps.org.do\/en\/wp-json\/wp\/v2\/pages\/27253\/revisions"}],"predecessor-version":[{"id":27330,"href":"https:\/\/hgps.org.do\/en\/wp-json\/wp\/v2\/pages\/27253\/revisions\/27330"}],"up":[{"embeddable":true,"href":"https:\/\/hgps.org.do\/en\/wp-json\/wp\/v2\/pages\/22825"}],"wp:attachment":[{"href":"https:\/\/hgps.org.do\/en\/wp-json\/wp\/v2\/media?parent=27253"}],"curies":[{"name":"wp","href":"https:\/\/api.w.org\/{rel}","templated":true}]}}