{"id":27306,"date":"2022-04-20T13:44:04","date_gmt":"2022-04-20T13:44:04","guid":{"rendered":"https:\/\/hgps.org.do\/?page_id=27306"},"modified":"2022-04-28T13:27:29","modified_gmt":"2022-04-28T13:27:29","slug":"unidad-de-servicios-externos-y-consultoria","status":"publish","type":"page","link":"https:\/\/hgps.org.do\/en\/para-estudiantes-profesionales\/unidad-de-servicios-externos-y-consultoria\/","title":{"rendered":"Unidad de Servicios Externos y Consultor\u00eda"},"content":{"rendered":"<section class=\"l-section wpb_row us_custom_9b36ddac height_medium\"><div class=\"l-section-h i-cf\"><div class=\"g-cols vc_row type_default valign_top\"><div class=\"vc_col-sm-8 wpb_column vc_column_container\"><div class=\"vc_column-inner\"><div class=\"wpb_wrapper\"><div id=\"ultimate-heading-463169d8fd60c667d\" class=\"uvc-heading ult-adjust-bottom-margin ultimate-heading-463169d8fd60c667d uvc-6776\" data-hspacer=\"no_spacer\"  data-halign=\"center\" style=\"text-align:center\"><div class=\"uvc-heading-spacer no_spacer\" style=\"top\"><\/div><div class=\"uvc-main-heading ult-responsive\"  data-ultimate-target='.uvc-heading.ultimate-heading-463169d8fd60c667d h2'  data-responsive-json-new='{\"font-size\":\"\",\"line-height\":\"\"}' ><h2 style=\"font-weight:normal;margin-bottom:10px;\">Unidad de Servicios Externos y Consultor\u00eda<\/h2><\/div><\/div><div class=\"wpb_text_column\" ><div class=\"wpb_wrapper\"><p>La Unidad de Servicios Externos y Consultor\u00eda tiene como objetivo ofrecer al sector salud, gesti\u00f3n y construcci\u00f3n del conocimiento mediante educaci\u00f3n presencial y virtual, investigaci\u00f3n y desarrollo, divulgaci\u00f3n del conocimiento cient\u00edfico e innovaci\u00f3n, gesti\u00f3n, calidad, desarrollo estrat\u00e9gico, impulsando y dirigiendo a implementar las mejores pr\u00e1cticas y productividad.<\/p>\n<p>&nbsp;<\/p>\n<p>Dispone de soluciones y alternativas innovadoras que est\u00e1n orientadas para que las instituciones puedan gestionar sus conocimientos e incrementar su capital intelectual desde una perspectiva netamente humana, propone desarrollar e implementar programas educativos innovadores formales y no formales, replicables y de alta calidad que impacten positivamente el sector de la salud, incorporando y entregando conocimiento a trav\u00e9s del desarrollo de tecnolog\u00edas de informaci\u00f3n y comunicaci\u00f3n, para formar talento humano acorde con los valores y principios organizacionales.<\/p>\n<p>&nbsp;<\/p>\n<p>La Unidad de Servicios Externos y Consultor\u00eda creada para transferir conocimiento de gesti\u00f3n en salud, brindando soluciones alternativas e innovadoras conforme a las necesidades del mercado, a trav\u00e9s de distintos programas de formaci\u00f3n, consultor\u00edas, investigaci\u00f3n y mejoramiento continuo institucional.<\/p>\n<h1>Alcance<\/h1>\n<p>La Unidad de Servicios Externos y Consultor\u00eda brinda servicios tanto para la formaci\u00f3n (presencial y virtual) y capacitaci\u00f3n del \u00e1rea profesional m\u00e9dica y administrativa donde intervendr\u00e1n todas las \u00e1reas del HGPS y ofrecer\u00e1 servicios de consultor\u00eda a otras organizaciones aportando valor agregado a \u00e9stas.<\/p>\n<p>Las \u00e1reas que m\u00e1s injerencias estar\u00e1n relacionadas a la Unidad son:<\/p>\n<ul>\n<li>Gerencia de Ense\u00f1anza<\/li>\n<li>Research Management<\/li>\n<li>Gerencia Comercial<\/li>\n<li>Gerencia de Servicios Financieros<\/li>\n<li>Direcci\u00f3n administrativa<\/li>\n<li>Departamento de Legal<\/li>\n<li>Otras \u00e1reas<\/li>\n<\/ul>\n<\/div><\/div><div class=\"w-tabs style_default switch_click accordion has_scrolling title_atleft icon_chevron iconpos_right\"><div class=\"w-tabs-sections\"><div class=\"w-tabs-sections-h\"><div class=\"w-tabs-section\" id=\"1548051485003-09ea206c-28ed\"><button class=\"w-tabs-section-header\" aria-controls=\"content-1548051485003-09ea206c-28ed\"><div class=\"w-tabs-section-header-h\"><div class=\"w-tabs-section-title\">Services briefcase<\/div><div class=\"w-tabs-section-control\"><\/div><\/div><\/button><div class=\"w-tabs-section-content\" id=\"content-1548051485003-09ea206c-28ed\" aria-expanded=\"false\"><div class=\"w-tabs-section-content-h i-cf\"><div class=\"wpb_text_column\" ><div class=\"wpb_wrapper\"><table style=\"height: 573px;\" width=\"611\">\n<tbody>\n<tr>\n<td width=\"509\"><strong>courses<\/strong><\/td>\n<\/tr>\n<tr>\n<td width=\"509\">\n<p>&nbsp;<\/p>\n<p>Importancia y roles de la bio\u00e9tica en tiempos de nuevas vulnerabilidades\u00a0 8 horas<\/td>\n<\/tr>\n<tr>\n<td width=\"509\"><\/td>\n<\/tr>\n<tr>\n<td width=\"509\">Soporte Vital B\u00e1sico (BLS)\u00a0 6 horas<\/td>\n<\/tr>\n<tr>\n<td width=\"509\"><\/td>\n<\/tr>\n<tr>\n<td width=\"509\">\n<p><strong>\u00a0<\/strong><\/p>\n<p><strong>Curso\/taller<\/strong><\/td>\n<\/tr>\n<tr>\n<td width=\"509\">Administraci\u00f3n de medicamentos seguros\u00a0 16 horas<\/td>\n<\/tr>\n<tr>\n<td width=\"509\"><\/td>\n<\/tr>\n<tr>\n<td width=\"509\">Importancia\u00a0 medici\u00f3n signos vitales y glucemia\u00a0 10 horas<\/td>\n<\/tr>\n<tr>\n<td width=\"509\"><\/td>\n<\/tr>\n<tr>\n<td width=\"509\">Seguridad en la\u00a0 atenci\u00f3n\u00a0 de los pacientes\u00a0 10 horas<\/td>\n<\/tr>\n<tr>\n<td width=\"509\">\n<p>&nbsp;<\/p>\n<p>&nbsp;<\/td>\n<\/tr>\n<\/tbody>\n<\/table>\n<\/div><\/div><\/div><\/div><\/div><div class=\"w-tabs-section\" id=\"1548051485025-c8b152b1-d930\"><button class=\"w-tabs-section-header\" aria-controls=\"content-1548051485025-c8b152b1-d930\"><div class=\"w-tabs-section-header-h\"><div class=\"w-tabs-section-title\">Diplomas<\/div><div class=\"w-tabs-section-control\"><\/div><\/div><\/button><div class=\"w-tabs-section-content\" id=\"content-1548051485025-c8b152b1-d930\" aria-expanded=\"false\"><div class=\"w-tabs-section-content-h i-cf\"><div class=\"wpb_text_column\" ><div class=\"wpb_wrapper\"><p>Competencias enfermer\u00eda atenci\u00f3n pacientes en \u00e1reas de ginecoobstetricia 46 horas<\/p>\n<p>Competencias enfermer\u00eda cl\u00ednica cuidado a pacientes adultos 46 horas<\/p>\n<p>Competencias enfermer\u00eda cl\u00ednica cuidado a pacientes pedi\u00e1tricos 46 horas<\/p>\n<p>Competencias enfermer\u00eda cuidado a paciente cr\u00edticos y emergencias 46 horas<\/p>\n<p>Competencias enfermer\u00eda cuidado a paciente oncol\u00f3gica 46 horas<\/p>\n<p>Liderazgo Eje Fundamental en Enfermer\u00eda 48 horas<\/p>\n<p>Proceso de atenci\u00f3n de enfermer\u00eda (PAE) 120 horas<\/p>\n<p>Total, general\u00a0\u00a0\u00a0\u00a0 \u00a0\u00a0\u00a0\u00a0\u00a0\u00a0\u00a0\u00a0\u00a0\u00a0\u00a0\u00a0\u00a0\u00a0\u00a0\u00a0\u00a0\u00a0\u00a0\u00a0\u00a0\u00a0\u00a0\u00a0\u00a0\u00a0\u00a0\u00a0\u00a0\u00a0\u00a0\u00a0\u00a0\u00a0\u00a0\u00a0\u00a0\u00a0\u00a0\u00a0\u00a0\u00a0\u00a0\u00a0\u00a0\u00a0\u00a0\u00a0\u00a0\u00a0\u00a0\u00a0\u00a0\u00a0\u00a0\u00a0\u00a0\u00a0\u00a0\u00a0\u00a0\u00a0\u00a0\u00a0\u00a0\u00a0\u00a0\u00a0\u00a0\u00a0\u00a0\u00a0\u00a0\u00a0\u00a0\u00a0\u00a0\u00a0\u00a0\u00a0\u00a0\u00a012<\/p>\n<\/div><\/div><\/div><\/div><\/div><div class=\"w-tabs-section\" id=\"1548051574958-091d9f58-5a5b\"><button class=\"w-tabs-section-header\" aria-controls=\"content-1548051574958-091d9f58-5a5b\"><div class=\"w-tabs-section-header-h\"><div class=\"w-tabs-section-title\">L\u00edneas de consultor\u00edas<\/div><div class=\"w-tabs-section-control\"><\/div><\/div><\/button><div class=\"w-tabs-section-content\" id=\"content-1548051574958-091d9f58-5a5b\" aria-expanded=\"false\"><div class=\"w-tabs-section-content-h i-cf\"><div class=\"wpb_text_column\" ><div class=\"wpb_wrapper\"><ul>\n<li><strong>Direccionamiento estrat\u00e9gico <\/strong><\/li>\n<\/ul>\n<p>Planificaci\u00f3n estrat\u00e9gica, determinaci\u00f3n de metas, objetivos, asignaci\u00f3n de los recursos, gobierno y liderazgo, estructura organizacional, indicadores de gesti\u00f3n, pol\u00edticas de operaci\u00f3n.<\/p>\n<ul>\n<li><strong>Sistema de Gesti\u00f3n en salud<\/strong><\/li>\n<\/ul>\n<p>Modelos de atenci\u00f3n, finanzas, gesti\u00f3n, pol\u00edticas de salud, compras, gesti\u00f3n humana integral, auditor\u00eda m\u00e9dica, gesti\u00f3n de servicios, asesor\u00edas en la creaci\u00f3n de centros asistenciales especializados.<\/p>\n<ul>\n<li><strong>Clinical Management<\/strong><\/li>\n<\/ul>\n<p>Desarrollo de atenci\u00f3n sanitaria sustentados en evidencias cient\u00edficas con el foco en la seguridad del paciente, gesti\u00f3n de centros de atenci\u00f3n primaria, desarrollo de servicios sanitarios de atenci\u00f3n domiciliaria.<\/p>\n<ul>\n<li><strong>Gesti\u00f3n de Calidad y Mejora Continua <\/strong><\/li>\n<\/ul>\n<p>Desarrollo de sistemas de gesti\u00f3n de calidad, gesti\u00f3n de riesgo, optimizaci\u00f3n de los recursos, seguridad del paciente, est\u00e1ndares de calidad, indicadores de calidad, codificaci\u00f3n m\u00e9dica y an\u00e1lisis de la informaci\u00f3n.<\/p>\n<ul>\n<li><strong>Gesti\u00f3n por Procesos <\/strong><\/li>\n<\/ul>\n<p>Herramientas de mejora de procesos (Metodolog\u00eda LEAN), levantamiento, dise\u00f1o y documentaci\u00f3n, mapa de procesos, diagramaci\u00f3n, formaci\u00f3n y acompa\u00f1amiento en gesti\u00f3n por procesos.<\/p>\n<ul>\n<li><strong>Gesti\u00f3n del Personal<\/strong><\/li>\n<\/ul>\n<p>Planificaci\u00f3n de los recursos humanos, dise\u00f1o y an\u00e1lisis de puestos, reclutamiento y selecci\u00f3n, apoyo en planes de capacitaci\u00f3n, evaluaci\u00f3n de desempe\u00f1o, compensaci\u00f3n y beneficios.<\/p>\n<ul>\n<li><strong>Educaci\u00f3n<\/strong><\/li>\n<\/ul>\n<p>Programas de formaci\u00f3n elaborados a la medida, desarrollo y acompa\u00f1amiento en los planes de capacitaci\u00f3n, portafolio de cursos, talleres y diplomados especializados.<\/p>\n<p>En nuestras distintas l\u00edneas de consultor\u00edas como centro de gesti\u00f3n del conocimiento e innovaci\u00f3n contamos con profesionales altamente calificados y vasta experiencia en el sector salud, donde nos adaptamos a las necesidades de nuestros clientes, realizando:<\/p>\n<p>&nbsp;<\/p>\n<ul>\n<li>Evaluaci\u00f3n personalizada<\/li>\n<li>An\u00e1lisis y diagn\u00f3sticos situacionales<\/li>\n<li>Acompa\u00f1amientos en procesos institucionales, proyectos y planes de mejoras<\/li>\n<li>Recomendaciones<\/li>\n<li>Capacitaciones<\/li>\n<li>Mediciones<\/li>\n<li>Auditor\u00edas y monitoreos<\/li>\n<\/ul>\n<\/div><\/div><\/div><\/div><\/div><div class=\"w-tabs-section\" id=\"1548051617946-213830aa-b161\"><button class=\"w-tabs-section-header\" aria-controls=\"content-1548051617946-213830aa-b161\"><div class=\"w-tabs-section-header-h\"><div class=\"w-tabs-section-title\">P\u00fablico objetivo:<\/div><div class=\"w-tabs-section-control\"><\/div><\/div><\/button><div class=\"w-tabs-section-content\" id=\"content-1548051617946-213830aa-b161\" aria-expanded=\"false\"><div class=\"w-tabs-section-content-h i-cf\"><div class=\"wpb_text_column\" ><div class=\"wpb_wrapper\"><ul>\n<li>Cl\u00ednicas privadas<\/li>\n<li>ARS<\/li>\n<li>Laboratorios<\/li>\n<li>Hospitales<\/li>\n<li>Sociedades m\u00e9dicas<\/li>\n<li>Otros<\/li>\n<\/ul>\n<\/div><\/div><\/div><\/div><\/div><div class=\"w-tabs-section\" id=\"1548051989579-09639414-3be8\"><button class=\"w-tabs-section-header\" aria-controls=\"content-1548051989579-09639414-3be8\"><div class=\"w-tabs-section-header-h\"><div class=\"w-tabs-section-title\">Metodolog\u00eda:<\/div><div class=\"w-tabs-section-control\"><\/div><\/div><\/button><div class=\"w-tabs-section-content\" id=\"content-1548051989579-09639414-3be8\" aria-expanded=\"false\"><div class=\"w-tabs-section-content-h i-cf\"><div class=\"wpb_text_column\" ><div class=\"wpb_wrapper\"><ul class=\"ul1\">\n<li>Detecci\u00f3n de necesidad del cliente<\/li>\n<li>Portafolio de servicios<\/li>\n<li>Diagn\u00f3sticos (levantamientos)<\/li>\n<li>Plan de trabajo (propuesta, cronograma)<\/li>\n<li>Ejecuci\u00f3n (visitas, informes de avances)<\/li>\n<li>Cierre (entregables, calificaci\u00f3n del servicio)<\/li>\n<\/ul>\n<\/div><\/div><\/div><\/div><\/div><\/div><\/div><\/div><\/div><\/div><\/div><div class=\"vc_col-sm-4 wpb_column vc_column_container\"><div class=\"vc_column-inner us_custom_c3c31ab9\"><div class=\"wpb_wrapper\"><div class=\"uavc-list-icon uavc-list-icon-wrapper ult-adjust-bottom-margin\"><ul class=\"uavc-list\"><li><div class=\"uavc-list-content\" id=\"list-icon-wrap-4194\">\n<div class=\"uavc-list-icon\" data-animation=\"\" data-animation-delay=\"03\" style=\"margin-right:10px;\"><div class=\"ult-just-icon-wrapper\"><div class=\"align-icon\" style=\"text-align:center;\">\n<div class=\"aio-icon none\"  style=\"font-size:22px;display:inline-block;\">\n\t<i class=\"Defaults-calendar\"><\/i>\n<\/div><\/div><\/div>\n<\/div><span  data-ultimate-target='#list-icon-wrap-4194 .uavc-list-desc'  data-responsive-json-new='{\"font-size\":\"\",\"line-height\":\"\"}'  class=\"uavc-list-desc ult-responsive\" style=\"\">\n<h4 style=\"padding-bottom: 0; margin-bottom: 0; font-size: 20px;\">For Appointments<\/h4>\n<p><span style=\"font-size: 14px; line-height: 18px;\">Call to <a style=\"color: #30414f; text-decoration: underline;\" href=\"tel:809-565-7477\">809-565-7477<\/a><br \/>\nFill the <a style=\"color: #30414f; text-decoration: underline;\" href=\"https:\/\/hgps.org.do\/en\/citas\/\">Online Form<\/a><br \/>\nor Write to us <a style=\"color: #30414f; text-decoration: underline;\" href=\"#\">Live Chat<\/a><\/span><\/span><\/div><\/li><\/ul><\/div><h4 style=\"font-size: 20px;color: #00acc9;text-align: center;font-family:Titillium Web;font-weight:600;font-style:normal\" class=\"vc_custom_heading us_custom_7c7abea5\" >Related Posts<\/h4><div class=\"w-grid type_grid layout_25768 overflow_hidden\" id=\"us_grid_1\" data-grid-filter=\"true\"><style id=\"us_grid_1_css\">#us_grid_1 .w-grid-item:not(:last-child){margin-bottom:1.5rem}#us_grid_1 .g-loadmore{margin-top:1.5rem}<\/style><style>.layout_25768 .w-grid-item-h{background:#ffffff}.layout_25768 .usg_post_image_1{margin-bottom:0!important;padding-bottom:0!important}.layout_25768 .usg_post_title_1{font-family:'Titillium Web', sans-serif!important;font-size:1.1rem!important;line-height:1.2em!important;padding:0!important;margin:10px 0 0 0!important}.layout_25768 .usg_hwrapper_2{color:#00bcd4!important}.layout_25768 .usg_post_date_1{font-size:0.8rem!important}.layout_25768 .usg_vwrapper_1{padding:0!important}.layout_25768 .usg_post_taxonomy_2{font-size:0.8rem!important}<\/style><div class=\"w-grid-list\" ><\/div><div class=\"w-grid-preloader\"><div class=\"g-preloader type_1\">\r\n\t<div><\/div>\r\n<\/div>\r\n<\/div>\t<div class=\"w-grid-json hidden\" onclick='return {&quot;action&quot;:&quot;us_ajax_grid&quot;,&quot;ajax_url&quot;:&quot;https:\\\/\\\/hgps.org.do\\\/wp-admin\\\/admin-ajax.php&quot;,&quot;infinite_scroll&quot;:0,&quot;max_num_pages&quot;:0,&quot;pagination&quot;:&quot;none&quot;,&quot;permalink_url&quot;:&quot;https:\\\/\\\/hgps.org.do\\\/en\\\/wp-json\\\/wp\\\/v2\\\/pages\\\/27306&quot;,&quot;template_vars&quot;:{&quot;columns&quot;:&quot;1&quot;,&quot;exclude_items&quot;:&quot;none&quot;,&quot;img_size&quot;:&quot;medium&quot;,&quot;ignore_items_size&quot;:false,&quot;items_layout&quot;:&quot;25768&quot;,&quot;items_offset&quot;:&quot;1&quot;,&quot;overriding_link&quot;:&quot;none&quot;,&quot;post_id&quot;:27306,&quot;query_args&quot;:{&quot;post_type&quot;:[&quot;post&quot;],&quot;tax_query&quot;:[{&quot;taxonomy&quot;:&quot;post_tag&quot;,&quot;field&quot;:&quot;slug&quot;,&quot;terms&quot;:[&quot;odontologia&quot;]}],&quot;post_status&quot;:[&quot;publish&quot;],&quot;orderby&quot;:{&quot;date&quot;:&quot;DESC&quot;},&quot;posts_per_page&quot;:&quot;5&quot;},&quot;type&quot;:&quot;grid&quot;,&quot;us_grid_ajax_index&quot;:1,&quot;us_grid_filter_params&quot;:null,&quot;us_grid_index&quot;:1,&quot;_us_grid_post_type&quot;:&quot;post&quot;}}'><\/div>\r\n<h4 class=\"w-grid-none\">No results found.<\/h4><\/div><\/div><\/div><\/div><\/div><\/div><\/section>","protected":false},"excerpt":{"rendered":"Unidad de Servicios Externos y Consultor\u00edaLa Unidad de Servicios Externos y Consultor\u00eda tiene como objetivo ofrecer al sector salud, gesti\u00f3n y construcci\u00f3n del conocimiento mediante educaci\u00f3n presencial y virtual, investigaci\u00f3n y desarrollo, divulgaci\u00f3n del conocimiento cient\u00edfico e innovaci\u00f3n, gesti\u00f3n, calidad, desarrollo estrat\u00e9gico, impulsando y dirigiendo a implementar las mejores pr\u00e1cticas y productividad. &nbsp; Dispone de...","protected":false},"author":218,"featured_media":0,"parent":22854,"menu_order":50,"comment_status":"closed","ping_status":"closed","template":"","meta":{"footnotes":""},"_links":{"self":[{"href":"https:\/\/hgps.org.do\/en\/wp-json\/wp\/v2\/pages\/27306"}],"collection":[{"href":"https:\/\/hgps.org.do\/en\/wp-json\/wp\/v2\/pages"}],"about":[{"href":"https:\/\/hgps.org.do\/en\/wp-json\/wp\/v2\/types\/page"}],"author":[{"embeddable":true,"href":"https:\/\/hgps.org.do\/en\/wp-json\/wp\/v2\/users\/218"}],"replies":[{"embeddable":true,"href":"https:\/\/hgps.org.do\/en\/wp-json\/wp\/v2\/comments?post=27306"}],"version-history":[{"count":2,"href":"https:\/\/hgps.org.do\/en\/wp-json\/wp\/v2\/pages\/27306\/revisions"}],"predecessor-version":[{"id":27348,"href":"https:\/\/hgps.org.do\/en\/wp-json\/wp\/v2\/pages\/27306\/revisions\/27348"}],"up":[{"embeddable":true,"href":"https:\/\/hgps.org.do\/en\/wp-json\/wp\/v2\/pages\/22854"}],"wp:attachment":[{"href":"https:\/\/hgps.org.do\/en\/wp-json\/wp\/v2\/media?parent=27306"}],"curies":[{"name":"wp","href":"https:\/\/api.w.org\/{rel}","templated":true}]}}