{"id":28124,"date":"2024-02-13T16:41:38","date_gmt":"2024-02-13T16:41:38","guid":{"rendered":"https:\/\/hgps.org.do\/?page_id=28124"},"modified":"2024-02-13T18:48:15","modified_gmt":"2024-02-13T18:48:15","slug":"gastroplaza","status":"publish","type":"page","link":"https:\/\/hgps.org.do\/en\/centros-especializados\/gastroplaza\/","title":{"rendered":"GastroPlaza"},"content":{"rendered":"<section class=\"l-section wpb_row height_auto titulo_depts with_img\"><div class=\"l-section-img\" style=\"background-image: url(https:\/\/hgps.org.do\/wp-content\/uploads\/2018\/09\/urologia-bg-title.jpg);background-position: top left;background-repeat: no-repeat;\" data-img-width=\"1069\" data-img-height=\"304\"><\/div><div class=\"l-section-h i-cf\"><div class=\"g-cols vc_row type_default valign_top\"><div class=\"vc_col-sm-6 vc_hidden-sm vc_hidden-xs wpb_column vc_column_container\"><div class=\"vc_column-inner us_custom_5190e04d\"><div class=\"wpb_wrapper\"><\/div><\/div><\/div><div class=\"vc_col-sm-6 vc_hidden-sm vc_hidden-xs wpb_column vc_column_container\"><div class=\"vc_column-inner us_custom_1c644d23\"><div class=\"wpb_wrapper\"><div class=\"wpb_text_column title_widget\" ><div class=\"wpb_wrapper\"><h4 class=\"title_side\"><i class=\"far fa-clock\"><\/i> Schedule<\/h4>\n<p class=\"title_text\">We offer service from Monday to Friday of:<br \/>\nGastroscopia: 8:00am &#8211; 7:00pm<br \/>\nTest de Aliento: 8:00am \u2013 2:00pm<br \/>\nColonoscop\u00eda: 8:00am \u2013 2:00pm<br \/>\nCPRE Y USE (Ultrasonograf\u00eda Endosc\u00f3pica): 8:00am \u2013 8:00pm<\/p>\n<h4 class=\"title_side\"><i class=\"fas fa-map-marker-alt\"><\/i> Location<\/h4>\n<p class=\"title_text\">Building No. 3<\/p>\n<\/div><\/div><\/div><\/div><\/div><\/div><\/div><\/section><!-- Row Backgrounds --><section class=\"l-section wpb_row height_auto titulo_depts with_img\"><div class=\"l-section-img\" style=\"background-image: url(https:\/\/hgps.org.do\/wp-content\/uploads\/2018\/09\/urologia-bg-title.jpg);background-position: top right;background-repeat: no-repeat;\" data-img-width=\"1069\" data-img-height=\"304\"><\/div><div class=\"l-section-h i-cf\"><div class=\"g-cols vc_row type_default valign_top\"><div class=\"vc_col-sm-6 vc_hidden-lg vc_hidden-md vc_hidden-xs wpb_column vc_column_container\"><div class=\"vc_column-inner us_custom_5190e04d\"><div class=\"wpb_wrapper\"><\/div><\/div><\/div><div class=\"vc_col-sm-6 vc_hidden-lg vc_hidden-md vc_hidden-xs wpb_column vc_column_container\"><div class=\"vc_column-inner us_custom_1c644d23\"><div class=\"wpb_wrapper\"><div class=\"wpb_text_column title_widget\" ><div class=\"wpb_wrapper\"><h4 class=\"title_side\"><i class=\"far fa-clock\"><\/i> Schedule<\/h4>\n<p class=\"title_text\">We offer service from Monday to Friday of:<br \/>\nGastroscopia: 8:00am &#8211; 7:00pm<br \/>\nTest de Aliento: 8:00am \u2013 2:00pm<br \/>\nColonoscop\u00eda: 8:00am \u2013 2:00pm<br \/>\nCPRE Y USE (Ultrasonograf\u00eda Endosc\u00f3pica): 8:00am \u2013 8:00pm<\/p>\n<h4 class=\"title_side\"><i class=\"fas fa-map-marker-alt\"><\/i> Location<\/h4>\n<p class=\"title_text\">Building No. 3<\/p>\n<\/div><\/div><\/div><\/div><\/div><\/div><\/div><\/section><!-- Row Backgrounds --><section class=\"l-section wpb_row height_auto width_full\" id=\"tab_servicios\"><div class=\"l-section-h i-cf\"><div class=\"g-cols vc_row type_default valign_top\"><div class=\"vc_col-sm-12 vc_hidden-xs wpb_column vc_column_container\"><div class=\"vc_column-inner us_custom_eb1b9824\"><div class=\"wpb_wrapper\"><div class=\"g-cols wpb_row  type_default valign_top vc_inner\"><div class=\"vc_col-sm-3 wpb_column vc_column_container has-fill\"><div class=\"vc_column-inner us_custom_87b89bd3\"><div class=\"wpb_wrapper\"><div  class=\"vc_wp_custommenu wpb_content_element\"><div class=\"widget widget_nav_menu\"><div class=\"menu-centros-especializados-container\"><ul id=\"menu-centros-especializados\" class=\"menu\"><li id=\"menu-item-23913\" class=\"menu-item menu-item-type-post_type menu-item-object-page menu-item-23913\"><a href=\"https:\/\/hgps.org.do\/en\/centros-especializados\/centro-de-acceso-directo-y-atencion-priorizada\/\">Centro de Acceso Directo y Atenci\u00f3n Priorizada<\/a><\/li>\n<li id=\"menu-item-27374\" class=\"menu-item menu-item-type-post_type menu-item-object-page menu-item-27374\"><a href=\"https:\/\/hgps.org.do\/en\/centros-especializados\/imagenologia\/\">Centro de Im\u00e1genes Diagnosticas (CID)<\/a><\/li>\n<li id=\"menu-item-23912\" class=\"menu-item menu-item-type-post_type menu-item-object-page menu-item-23912\"><a href=\"https:\/\/hgps.org.do\/en\/centros-especializados\/oftalmoplaza\/\">Oftalmoplaza<\/a><\/li>\n<li id=\"menu-item-24191\" class=\"menu-item menu-item-type-post_type menu-item-object-page menu-item-24191\"><a href=\"https:\/\/hgps.org.do\/en\/centros-especializados\/oncoplaza\/\">Oncoplaza<\/a><\/li>\n<li id=\"menu-item-24258\" class=\"menu-item menu-item-type-post_type menu-item-object-page menu-item-24258\"><a href=\"https:\/\/hgps.org.do\/en\/centros-especializados\/uroplaza\/\">Uroplaza<\/a><\/li>\n<li id=\"menu-item-28140\" class=\"menu-item menu-item-type-post_type menu-item-object-page menu-item-28140\"><a href=\"https:\/\/hgps.org.do\/en\/centros-especializados\/gastroplaza\/\">GastroPlaza<\/a><\/li>\n<\/ul><\/div><\/div><\/div><\/div><\/div><\/div><div class=\"vc_col-sm-9 wpb_column vc_column_container\"><div class=\"vc_column-inner us_custom_6f4bb857\"><div class=\"wpb_wrapper\"><div class=\"wpb_text_column us_custom_e038e7e6\" ><div class=\"wpb_wrapper\"><h1 style=\"text-align: center;\"><strong>GastroPlaza<\/strong><\/h1>\n<hr style=\"border: 1px solid #00FFFF;\" \/>\n<p>&nbsp;<\/p>\n<p><strong>A\u00f1o inauguraci\u00f3n:<\/strong> 23 de agosto del 2023<\/p>\n<p>Es un \u00e1rea especializada que cuenta con un cuerpo m\u00e9dico altamente capacitado para dar respuesta a todas las necesidades que los pacientes presentes referentes a las v\u00edas digestivas. En esta \u00e1rea se integran los servicios de patolog\u00edas de h\u00edgado, enfermedad inflamatoria, p\u00e1ncreas y v\u00edas biliares.<\/p>\n<p>Nos encargamos de la evaluaci\u00f3n, selecci\u00f3n, preparaci\u00f3n y seguimientos de los pacientes con problemas hep\u00e1ticos que requieren trasplantes.<\/p>\n<p>Among the services we offer in the area of endoscopy is the care of pediatric patients.<\/p>\n<p>Consultas para pacientes adultos y pedi\u00e1tricos con trastornos de v\u00edas digestivas, h\u00edgado, enfermedad inflamatoria p\u00e1ncreas y v\u00edas biliares.<\/p>\n<p><strong>Poblaci\u00f3n objetivo: <\/strong>ni\u00f1os y adultos de todas las edades.<\/p>\n<p><strong>\u00a0<\/strong><\/p>\n<p><strong>Servicios:<\/strong><\/p>\n<ul>\n<li>Endoscop\u00edas avanzadas<\/li>\n<li>Gastroenterolog\u00eda general<\/li>\n<li>Hepatology<\/li>\n<li>Enfermedad inflamatoria<\/li>\n<li>P\u00e1ncreas y v\u00edas biliares<\/li>\n<\/ul>\n<p><strong>\u00a0<\/strong><\/p>\n<p><strong>Procedimientos:<\/strong><\/p>\n<ul>\n<li><strong>Gastroscopia:<\/strong><\/li>\n<\/ul>\n<p>In developing countries it is estimated that 60% of the adult population is affected by helicobacter pylori, which is responsible for gastritis, ulcers and in some cases gastric cancer. Gastroscopy is the study that allows the diagnosis of these pathologies.<\/p>\n<p><strong>Schedule:<\/strong> lunes a viernes de 8:00 a. m. a 7:00 p. m.<\/p>\n<p>&nbsp;<\/p>\n<ul>\n<li><strong>Breath Test:<\/strong><\/li>\n<\/ul>\n<p>We offer a breath test that is useful for the verification of the eradication or diagnosis of H. pylori.<\/p>\n<p><strong>Schedule:<\/strong> Monday through Friday from 8:00 a.m. to 2:00 p.m.<\/p>\n<p>&nbsp;<\/p>\n<ul>\n<li><strong>Colonoscop\u00eda:<\/strong><\/li>\n<\/ul>\n<p>One of the most frequent cancers in our country is colon cancer and at the same time the most preventable, through a simple procedure that is colonoscopy. This procedure should be performed on every person after age 45 or those with a family history of colon cancer.<\/p>\n<p><strong>Schedule:<\/strong> lunes a viernes de 8:00 a.m. a 7:00 p.m. y s\u00e1bados de 8:00 a.m. a 12:00 m.<\/p>\n<p>Contamos con una unidad diagnostica terap\u00e9utica para los procedimientos de p\u00e1ncreas y v\u00edas biliares (colangiopancreatograf\u00eda retrograda endosc\u00f3pica).<\/p>\n<p>Los procedimientos que se realizan van desde los simples diagn\u00f3sticos hasta los de alta complejidad.<\/p>\n<p><strong>Schedule:<\/strong> mi\u00e9rcoles de 8:00 a. m. a 8:00 p. m.<\/p>\n<p>&nbsp;<\/p>\n<ul>\n<li><strong>CPRE Y USE (Ultrasonograf\u00eda Endosc\u00f3pica):<\/strong><\/li>\n<\/ul>\n<p>We have a therapeutic diagnostic unit for pancreas and bile duct procedures (endoscopic retrograde cholangiopancreatography). The procedures that are carried out range from simple diagnoses to those of high complexity.<\/p>\n<p><strong>Schedule<\/strong>: mi\u00e9rcoles de 8:00 a.m. a 8:00 p.m.<\/p>\n<p>&nbsp;<\/p>\n<p><strong>Equipos de \u00faltima generaci\u00f3n:<\/strong><\/p>\n<ul>\n<li>Fujinom Eluxeo 7000<\/li>\n<li>Ultrasonograf\u00eda Endosc\u00f3pica<\/li>\n<li>CPRE o ERCP<\/li>\n<li>Arg\u00f3n Plasma<\/li>\n<\/ul>\n<p>&nbsp;<\/p>\n<\/div><\/div><\/div><\/div><\/div><\/div><\/div><\/div><\/div><\/div><\/div><\/section><section class=\"l-section wpb_row us_custom_7d5e32d4 height_auto width_full dept_img_section\"><div class=\"l-section-h i-cf\"><div class=\"g-cols vc_row type_default valign_top\"><div class=\"vc_col-sm-12 vc_hidden-lg vc_hidden-md vc_hidden-sm wpb_column vc_column_container\"><div class=\"vc_column-inner us_custom_5190e04d\"><div class=\"wpb_wrapper\"><div class=\"w-image us_custom_36724591 style_shadow-1 dept_mob_img align_none\"><div class=\"w-image-h\"><img loading=\"lazy\" decoding=\"async\" width=\"400\" height=\"168\" src=\"https:\/\/hgps.org.do\/wp-content\/uploads\/2018\/09\/urologia-bg-mob.jpg\" class=\"attachment-full size-full\" alt=\"\" srcset=\"https:\/\/hgps.org.do\/wp-content\/uploads\/2018\/09\/urologia-bg-mob.jpg 400w, https:\/\/hgps.org.do\/wp-content\/uploads\/2018\/09\/urologia-bg-mob-300x126.jpg 300w\" sizes=\"(max-width: 400px) 100vw, 400px\" \/><\/div><\/div><\/div><\/div><\/div><\/div><\/div><\/section><!-- Row Backgrounds --><section class=\"l-section wpb_row height_auto width_full\"><div class=\"l-section-h i-cf\"><div class=\"g-cols vc_row type_default valign_top\"><\/div><\/div><\/section><div class=\"vc_col-sm-12 vc_hidden-lg vc_hidden-md vc_hidden-sm wpb_column vc_column_container\"><div class=\"vc_column-inner us_custom_eb1b9824\"><div class=\"wpb_wrapper\"><\/div><\/div><\/div><div class=\"g-cols wpb_row  type_default valign_top vc_inner\"><\/div><div class=\"vc_col-sm-12 wpb_column vc_column_container has-fill\"><div class=\"vc_column-inner us_custom_cfced21c\"><div class=\"wpb_wrapper\"><\/div><\/div><\/div><div class=\"wpb_text_column us_custom_e038e7e6\" ><div class=\"wpb_wrapper\"><\/div><\/div>\n<p>&nbsp;<\/p>\n<div class=\"serv_rcol\"><\/div>\n<p>&nbsp;<\/p>\n<div class=\"horario_lcol\"><\/div>\n<p>&nbsp;<\/p>","protected":false},"excerpt":{"rendered":"<p>&nbsp; &nbsp; &nbsp;<\/p>","protected":false},"author":221,"featured_media":0,"parent":22813,"menu_order":25,"comment_status":"closed","ping_status":"closed","template":"","meta":{"footnotes":""},"_links":{"self":[{"href":"https:\/\/hgps.org.do\/en\/wp-json\/wp\/v2\/pages\/28124"}],"collection":[{"href":"https:\/\/hgps.org.do\/en\/wp-json\/wp\/v2\/pages"}],"about":[{"href":"https:\/\/hgps.org.do\/en\/wp-json\/wp\/v2\/types\/page"}],"author":[{"embeddable":true,"href":"https:\/\/hgps.org.do\/en\/wp-json\/wp\/v2\/users\/221"}],"replies":[{"embeddable":true,"href":"https:\/\/hgps.org.do\/en\/wp-json\/wp\/v2\/comments?post=28124"}],"version-history":[{"count":12,"href":"https:\/\/hgps.org.do\/en\/wp-json\/wp\/v2\/pages\/28124\/revisions"}],"predecessor-version":[{"id":28139,"href":"https:\/\/hgps.org.do\/en\/wp-json\/wp\/v2\/pages\/28124\/revisions\/28139"}],"up":[{"embeddable":true,"href":"https:\/\/hgps.org.do\/en\/wp-json\/wp\/v2\/pages\/22813"}],"wp:attachment":[{"href":"https:\/\/hgps.org.do\/en\/wp-json\/wp\/v2\/media?parent=28124"}],"curies":[{"name":"wp","href":"https:\/\/api.w.org\/{rel}","templated":true}]}}