{"id":28420,"date":"2025-03-19T18:55:31","date_gmt":"2025-03-19T18:55:31","guid":{"rendered":"https:\/\/hgps.org.do\/?page_id=28420"},"modified":"2025-03-27T14:13:13","modified_gmt":"2025-03-27T14:13:13","slug":"politicas-de-seguridad","status":"publish","type":"page","link":"https:\/\/hgps.org.do\/en\/politicas-de-seguridad\/","title":{"rendered":"Pol\u00edticas de seguridad"},"content":{"rendered":"<section class=\"l-section wpb_row us_custom_2f43423f height_auto dept_tabs\"><div class=\"l-section-h i-cf\"><div class=\"g-cols vc_row type_default valign_top\"><div class=\"vc_col-sm-12 vc_hidden-lg vc_hidden-md vc_hidden-xs wpb_column vc_column_container\"><div class=\"vc_column-inner\"><div class=\"wpb_wrapper\"><\/div><\/div><\/div><\/div><\/div><\/section><!-- Row Backgrounds --><div class=\"upb_grad\" data-grad=\"background: -webkit-gradient(linear, left top, left bottom, color-stop(0%, #2F447F), color-stop(100%, #1B2E59));background: -moz-linear-gradient(top,#2F447F 0%,#1B2E59 100%);background: -webkit-linear-gradient(top,#2F447F 0%,#1B2E59 100%);background: -o-linear-gradient(top,#2F447F 0%,#1B2E59 100%);background: -ms-linear-gradient(top,#2F447F 0%,#1B2E59 100%);background: linear-gradient(top,#2F447F 0%,#1B2E59 100%);\" data-bg-override=\"0\" data-upb-overlay-color=\"\" data-upb-bg-animation=\"\" data-fadeout=\"\" data-fadeout-percentage=\"30\" data-parallax-content=\"\" data-parallax-content-sense=\"30\" data-row-effect-mobile-disable=\"true\" data-img-parallax-mobile-disable=\"true\" data-rtl=\"false\"  data-custom-vc-row=\"\"  data-vc=\"6.6.0\"  data-is_old_vc=\"\"  data-theme-support=\"\"   data-overlay=\"false\" data-overlay-color=\"\" data-overlay-pattern=\"\" data-overlay-pattern-opacity=\"\" data-overlay-pattern-size=\"\"    ><\/div><section class=\"l-section wpb_row us_custom_4e85a289 height_medium directorio_tabs\"><div class=\"l-section-h i-cf\"><div class=\"g-cols vc_row type_default valign_top\"><div class=\"vc_col-sm-3 wpb_column vc_column_container\"><div class=\"vc_column-inner us_custom_a589c745\"><div class=\"wpb_wrapper\"><div  class=\"vc_wp_custommenu wpb_content_element\"><div class=\"widget widget_nav_menu\"><h2 class=\"widgettitle\">Servicio al Cliente<\/h2><div class=\"menu-servicio-al-cliente-container\"><ul id=\"menu-servicio-al-cliente\" class=\"menu\"><li id=\"menu-item-28282\" class=\"menu-item menu-item-type-post_type menu-item-object-page menu-item-28282\"><a href=\"https:\/\/hgps.org.do\/en\/cambios-y-devoluciones\/\">Cambios y Devoluciones<\/a><\/li>\n<li id=\"menu-item-28287\" class=\"menu-item menu-item-type-post_type menu-item-object-page menu-item-28287\"><a href=\"https:\/\/hgps.org.do\/en\/politica-de-privacidad\/\">Politica de Privacidad<\/a><\/li>\n<li id=\"menu-item-28424\" class=\"menu-item menu-item-type-post_type menu-item-object-page menu-item-28424\"><a href=\"https:\/\/hgps.org.do\/en\/politicas-de-seguridad\/\">Politicas de seguridad<\/a><\/li>\n<li id=\"menu-item-28441\" class=\"menu-item menu-item-type-post_type menu-item-object-page menu-item-28441\"><a href=\"https:\/\/hgps.org.do\/en\/informacion-de-contacto\/\">Informaci\u00f3n de Contacto<\/a><\/li>\n<\/ul><\/div><\/div><\/div><\/div><\/div><\/div><div class=\"vc_col-sm-9 wpb_column vc_column_container\"><div class=\"vc_column-inner\"><div class=\"wpb_wrapper\"><div class=\"wpb_text_column\" ><div class=\"wpb_wrapper\"><h1><strong>Pol\u00edticas de seguridad para la transmisi\u00f3n de datos de tarjetas <\/strong><\/h1>\n<h2 style=\"text-align: center;\" data-pm-slice=\"1 3 &#091;&#093;\"><strong>Pol\u00edtica de seguridad<\/strong><\/h2>\n<p><strong>WEBSITE<\/strong><\/p>\n<p>Tomamos todas las medidas y precauciones razonables para proteger tu informacion personal y seguimos las mejores pr\u00e1cticas de la industria para asegurar que tu informaci\u00f3n no sea utilizada de manera inapropiada, alterada o destruida.<\/p>\n<p>Ciframos la informacion de tu tarjeta de cr\u00e9dito utilizando la tecnolog\u00eda de capa de puertos seguros o Secur Sockets Layer (SSL), y la almacenamos con el cifrado AES-256. Tambi\u00e9n, seguimos todos los requerimientos del PCI-DSS.<\/p>\n<p><strong>PAGOS<\/strong><\/p>\n<p>los m\u00e9todos de pago utilizados por LA EMPRESA son servicios de terceros. Estos servicios de terceros (AZUL), cumplen con todos los est\u00e1ndares de seguridad y crifrado para mantener tu informaci\u00f3n segura. Solo utilizar\u00e1n la informaci\u00f3n necesaria para completar el proceso requerido. Moneda de compra RD$ o DOP$.<\/p>\n<p>Tambi\u00e9n recomendamos leer las Pol\u00edticas de Privacidad de estos proveedores, para entender mejor c\u00f3mo manejan la informaci\u00f3n suministrada.<\/p>\n<\/div><\/div><\/div><\/div><\/div><\/div><\/div><\/section>","protected":false},"excerpt":{"rendered":"Servicio al ClienteCambios y Devoluciones Politica de Privacidad Politicas de seguridad Informaci\u00f3n de Contacto Pol\u00edticas de seguridad para la transmisi\u00f3n de datos de tarjetas Pol\u00edtica de seguridad WEBSITE Tomamos todas las medidas y precauciones razonables para proteger tu informacion personal y seguimos las mejores pr\u00e1cticas de la industria para asegurar que tu informaci\u00f3n no sea...","protected":false},"author":224,"featured_media":0,"parent":0,"menu_order":52,"comment_status":"closed","ping_status":"closed","template":"","meta":{"footnotes":""},"_links":{"self":[{"href":"https:\/\/hgps.org.do\/en\/wp-json\/wp\/v2\/pages\/28420"}],"collection":[{"href":"https:\/\/hgps.org.do\/en\/wp-json\/wp\/v2\/pages"}],"about":[{"href":"https:\/\/hgps.org.do\/en\/wp-json\/wp\/v2\/types\/page"}],"author":[{"embeddable":true,"href":"https:\/\/hgps.org.do\/en\/wp-json\/wp\/v2\/users\/224"}],"replies":[{"embeddable":true,"href":"https:\/\/hgps.org.do\/en\/wp-json\/wp\/v2\/comments?post=28420"}],"version-history":[{"count":5,"href":"https:\/\/hgps.org.do\/en\/wp-json\/wp\/v2\/pages\/28420\/revisions"}],"predecessor-version":[{"id":28456,"href":"https:\/\/hgps.org.do\/en\/wp-json\/wp\/v2\/pages\/28420\/revisions\/28456"}],"wp:attachment":[{"href":"https:\/\/hgps.org.do\/en\/wp-json\/wp\/v2\/media?parent=28420"}],"curies":[{"name":"wp","href":"https:\/\/api.w.org\/{rel}","templated":true}]}}