{"id":28437,"date":"2025-03-24T15:04:59","date_gmt":"2025-03-24T15:04:59","guid":{"rendered":"https:\/\/hgps.org.do\/?page_id=28437"},"modified":"2025-03-24T15:04:59","modified_gmt":"2025-03-24T15:04:59","slug":"informacion-de-contacto","status":"publish","type":"page","link":"https:\/\/hgps.org.do\/en\/informacion-de-contacto\/","title":{"rendered":"Informaci\u00f3n de Contacto"},"content":{"rendered":"<section class=\"l-section wpb_row us_custom_2f43423f height_auto dept_tabs\"><div class=\"l-section-h i-cf\"><div class=\"g-cols vc_row type_default valign_top\"><div class=\"vc_col-sm-12 vc_hidden-lg vc_hidden-md vc_hidden-xs wpb_column vc_column_container\"><div class=\"vc_column-inner\"><div class=\"wpb_wrapper\"><\/div><\/div><\/div><\/div><\/div><\/section><!-- Row Backgrounds --><div class=\"upb_grad\" data-grad=\"background: -webkit-gradient(linear, left top, left bottom, color-stop(0%, #2F447F), color-stop(100%, #1B2E59));background: -moz-linear-gradient(top,#2F447F 0%,#1B2E59 100%);background: -webkit-linear-gradient(top,#2F447F 0%,#1B2E59 100%);background: -o-linear-gradient(top,#2F447F 0%,#1B2E59 100%);background: -ms-linear-gradient(top,#2F447F 0%,#1B2E59 100%);background: linear-gradient(top,#2F447F 0%,#1B2E59 100%);\" data-bg-override=\"0\" data-upb-overlay-color=\"\" data-upb-bg-animation=\"\" data-fadeout=\"\" data-fadeout-percentage=\"30\" data-parallax-content=\"\" data-parallax-content-sense=\"30\" data-row-effect-mobile-disable=\"true\" data-img-parallax-mobile-disable=\"true\" data-rtl=\"false\"  data-custom-vc-row=\"\"  data-vc=\"6.6.0\"  data-is_old_vc=\"\"  data-theme-support=\"\"   data-overlay=\"false\" data-overlay-color=\"\" data-overlay-pattern=\"\" data-overlay-pattern-opacity=\"\" data-overlay-pattern-size=\"\"    ><\/div><section class=\"l-section wpb_row us_custom_4e85a289 height_medium directorio_tabs\"><div class=\"l-section-h i-cf\"><div class=\"g-cols vc_row type_default valign_top\"><div class=\"vc_col-sm-3 wpb_column vc_column_container\"><div class=\"vc_column-inner us_custom_a589c745\"><div class=\"wpb_wrapper\"><div  class=\"vc_wp_custommenu wpb_content_element\"><div class=\"widget widget_nav_menu\"><h2 class=\"widgettitle\">Servicio al Cliente<\/h2><div class=\"menu-servicio-al-cliente-container\"><ul id=\"menu-servicio-al-cliente\" class=\"menu\"><li id=\"menu-item-28282\" class=\"menu-item menu-item-type-post_type menu-item-object-page menu-item-28282\"><a href=\"https:\/\/hgps.org.do\/en\/cambios-y-devoluciones\/\">Cambios y Devoluciones<\/a><\/li>\n<li id=\"menu-item-28287\" class=\"menu-item menu-item-type-post_type menu-item-object-page menu-item-28287\"><a href=\"https:\/\/hgps.org.do\/en\/politica-de-privacidad\/\">Politica de Privacidad<\/a><\/li>\n<li id=\"menu-item-28424\" class=\"menu-item menu-item-type-post_type menu-item-object-page menu-item-28424\"><a href=\"https:\/\/hgps.org.do\/en\/politicas-de-seguridad\/\">Politicas de seguridad<\/a><\/li>\n<li id=\"menu-item-28441\" class=\"menu-item menu-item-type-post_type menu-item-object-page menu-item-28441\"><a href=\"https:\/\/hgps.org.do\/en\/informacion-de-contacto\/\">Informaci\u00f3n de Contacto<\/a><\/li>\n<\/ul><\/div><\/div><\/div><\/div><\/div><\/div><div class=\"vc_col-sm-9 wpb_column vc_column_container\"><div class=\"vc_column-inner\"><div class=\"wpb_wrapper\"><div class=\"wpb_text_column\" ><div class=\"wpb_wrapper\"><h1>Informaci\u00f3n de contacto<\/h1>\n<p><strong>Para mayor informaci\u00f3n, favor utilizar los siguientes canales:<br \/>\n<\/strong><\/p>\n<div id=\"list-icon-wrap-4344\" class=\"uavc-list-content\">\n<ul>\n<li><strong>\u00a0<\/strong><strong>Phones<\/strong><\/li>\n<\/ul>\n<p><a href=\"tel:809-565-7477\">809-565-7477<\/a><br \/>\n<a href=\"tel:829-565-7477\">829-565-7477<\/a><\/p>\n<ul>\n<li><strong>Interior without charge<\/strong><\/li>\n<\/ul>\n<p><a href=\"tel:809-200-7266\">809-200-7266<\/a><\/p>\n<ul>\n<li><strong>Correo Electr\u00f3nico<\/strong><\/li>\n<\/ul>\n<p><a href=\"mailto:citas@hgps.org.do\">citas@hgps.org.do<\/a><\/p>\n<\/div>\n<\/div><\/div><\/div><\/div><\/div><\/div><\/div><\/section>","protected":false},"excerpt":{"rendered":"Servicio al ClienteCambios y Devoluciones Politica de Privacidad Politicas de seguridad Informaci\u00f3n de Contacto Informaci\u00f3n de contacto Para mayor informaci\u00f3n, favor utilizar los siguientes canales: \u00a0Tel\u00e9fonos 809-565-7477 829-565-7477 Interior sin cargo 809-200-7266 Correo Electr\u00f3nico citas@hgps.org.do","protected":false},"author":224,"featured_media":0,"parent":0,"menu_order":52,"comment_status":"closed","ping_status":"closed","template":"","meta":{"footnotes":""},"_links":{"self":[{"href":"https:\/\/hgps.org.do\/en\/wp-json\/wp\/v2\/pages\/28437"}],"collection":[{"href":"https:\/\/hgps.org.do\/en\/wp-json\/wp\/v2\/pages"}],"about":[{"href":"https:\/\/hgps.org.do\/en\/wp-json\/wp\/v2\/types\/page"}],"author":[{"embeddable":true,"href":"https:\/\/hgps.org.do\/en\/wp-json\/wp\/v2\/users\/224"}],"replies":[{"embeddable":true,"href":"https:\/\/hgps.org.do\/en\/wp-json\/wp\/v2\/comments?post=28437"}],"version-history":[{"count":3,"href":"https:\/\/hgps.org.do\/en\/wp-json\/wp\/v2\/pages\/28437\/revisions"}],"predecessor-version":[{"id":28440,"href":"https:\/\/hgps.org.do\/en\/wp-json\/wp\/v2\/pages\/28437\/revisions\/28440"}],"wp:attachment":[{"href":"https:\/\/hgps.org.do\/en\/wp-json\/wp\/v2\/media?parent=28437"}],"curies":[{"name":"wp","href":"https:\/\/api.w.org\/{rel}","templated":true}]}}