{"id":28658,"date":"2026-01-29T19:47:32","date_gmt":"2026-01-29T19:47:32","guid":{"rendered":"https:\/\/hgps.org.do\/?page_id=28658"},"modified":"2026-01-29T20:19:02","modified_gmt":"2026-01-29T20:19:02","slug":"portal-pacientes","status":"publish","type":"page","link":"https:\/\/hgps.org.do\/en\/portal-pacientes\/","title":{"rendered":"Portal Pacientes"},"content":{"rendered":"<section class=\"l-section wpb_row us_custom_2f43423f height_auto dept_tabs\"><div class=\"l-section-h i-cf\"><div class=\"g-cols vc_row type_default valign_top\"><div class=\"vc_col-sm-12 vc_hidden-sm vc_hidden-xs wpb_column vc_column_container\"><div class=\"vc_column-inner\"><div class=\"wpb_wrapper\"><div class=\"g-cols wpb_row  us_custom_7d5e32d4 type_default valign_top vc_inner\"><div class=\"vc_col-sm-9 wpb_column vc_column_container has_text_color\"><div class=\"vc_column-inner us_custom_ca341606\"><div class=\"wpb_wrapper\"><div class=\"wpb_text_column\" ><div class=\"wpb_wrapper\"><p data-pm-slice=\"1 1 &#091;&#093;\">Desde nuestro <strong>Portal de Pacientes<\/strong>, podr\u00e1s autogestionar tus citas m\u00e9dicas y las de los tuyos de forma segura y r\u00e1pida; dentro de sus funciones, podr\u00e1s:<\/p>\n<ul>\n<li>Registrar, cambiar o cancelar citas.<\/li>\n<li>Facturar desde el portal.<\/li>\n<li>Pagar con anticipaci\u00f3n si eres afiliado a ARS Primera, Humano, Universal o SeNaSa.<\/li>\n<li>Gestionar perfiles de dependientes desde tu cuenta principal (hijos, padres, otros).<\/li>\n<\/ul>\n<\/div><\/div><\/div><\/div><\/div><\/div><\/div><\/div><\/div><\/div><\/div><\/section><!-- Row Backgrounds --><div class=\"upb_grad\" data-grad=\"background: -webkit-gradient(linear, left top, left bottom, color-stop(0%, #2F447F), color-stop(100%, #1B2E59));background: -moz-linear-gradient(top,#2F447F 0%,#1B2E59 100%);background: -webkit-linear-gradient(top,#2F447F 0%,#1B2E59 100%);background: -o-linear-gradient(top,#2F447F 0%,#1B2E59 100%);background: -ms-linear-gradient(top,#2F447F 0%,#1B2E59 100%);background: linear-gradient(top,#2F447F 0%,#1B2E59 100%);\" data-bg-override=\"0\" data-upb-overlay-color=\"\" data-upb-bg-animation=\"\" data-fadeout=\"\" data-fadeout-percentage=\"30\" data-parallax-content=\"\" data-parallax-content-sense=\"30\" data-row-effect-mobile-disable=\"true\" data-img-parallax-mobile-disable=\"true\" data-rtl=\"false\"  data-custom-vc-row=\"\"  data-vc=\"6.6.0\"  data-is_old_vc=\"\"  data-theme-support=\"\"   data-overlay=\"false\" data-overlay-color=\"\" data-overlay-pattern=\"\" data-overlay-pattern-opacity=\"\" data-overlay-pattern-size=\"\"    ><\/div><section class=\"l-section wpb_row us_custom_2f43423f height_auto dept_tabs\"><div class=\"l-section-h i-cf\"><div class=\"g-cols vc_row type_default valign_top\"><div class=\"vc_col-sm-12 vc_hidden-lg vc_hidden-md vc_hidden-sm wpb_column vc_column_container\"><div class=\"vc_column-inner\"><div class=\"wpb_wrapper\"><\/div><\/div><\/div><\/div><\/div><\/section><!-- Row Backgrounds --><div class=\"upb_grad\" data-grad=\"background: -webkit-gradient(linear, left top, left bottom, color-stop(0%, #2F447F), color-stop(100%, #1B2E59));background: -moz-linear-gradient(top,#2F447F 0%,#1B2E59 100%);background: -webkit-linear-gradient(top,#2F447F 0%,#1B2E59 100%);background: -o-linear-gradient(top,#2F447F 0%,#1B2E59 100%);background: -ms-linear-gradient(top,#2F447F 0%,#1B2E59 100%);background: linear-gradient(top,#2F447F 0%,#1B2E59 100%);\" data-bg-override=\"0\" data-upb-overlay-color=\"\" data-upb-bg-animation=\"\" data-fadeout=\"\" data-fadeout-percentage=\"30\" data-parallax-content=\"\" data-parallax-content-sense=\"30\" data-row-effect-mobile-disable=\"true\" data-img-parallax-mobile-disable=\"true\" data-rtl=\"false\"  data-custom-vc-row=\"\"  data-vc=\"6.6.0\"  data-is_old_vc=\"\"  data-theme-support=\"\"   data-overlay=\"false\" data-overlay-color=\"\" data-overlay-pattern=\"\" data-overlay-pattern-opacity=\"\" data-overlay-pattern-size=\"\"    ><\/div><section class=\"l-section wpb_row us_custom_4e85a289 height_medium directorio_tabs\"><div class=\"l-section-h i-cf\"><div class=\"g-cols vc_row type_default valign_top\"><div class=\"vc_col-sm-10 wpb_column vc_column_container\"><div class=\"vc_column-inner\"><div class=\"wpb_wrapper\"><div class=\"w-image has_ratio align_center\"><a title=\"Ir al Portal de Pacientes\" target=\"_blank\" href=\"https:\/\/portalpacientes.hgps.org.do\/#\/bookappointments\" rel=\"noopener\" aria-label=\"Link\" class=\"w-image-h\"><div style=\"padding-bottom:56.2500%\"><\/div><img loading=\"lazy\" decoding=\"async\" width=\"1024\" height=\"647\" src=\"https:\/\/hgps.org.do\/wp-content\/uploads\/2026\/01\/portal-pacientes-1024x647.jpg\" class=\"attachment-large size-large\" alt=\"\" srcset=\"https:\/\/hgps.org.do\/wp-content\/uploads\/2026\/01\/portal-pacientes-1024x647.jpg 1024w, https:\/\/hgps.org.do\/wp-content\/uploads\/2026\/01\/portal-pacientes-600x379.jpg 600w, https:\/\/hgps.org.do\/wp-content\/uploads\/2026\/01\/portal-pacientes-18x12.jpg 18w, https:\/\/hgps.org.do\/wp-content\/uploads\/2026\/01\/portal-pacientes-768x485.jpg 768w, https:\/\/hgps.org.do\/wp-content\/uploads\/2026\/01\/portal-pacientes.jpg 1482w\" sizes=\"(max-width: 1024px) 100vw, 1024px\" \/><\/a><\/div><\/div><\/div><\/div><div class=\"vc_col-sm-2 wpb_column vc_column_container\"><div class=\"vc_column-inner\"><div class=\"wpb_wrapper\"><div class=\"uavc-list-icon uavc-list-icon-wrapper ult-adjust-bottom-margin\"><ul class=\"uavc-list\"><li><div class=\"uavc-list-content\" id=\"list-icon-wrap-2749\">\n<div class=\"uavc-list-icon\" data-animation=\"\" data-animation-delay=\"03\" style=\"margin-right:5px;\"><div class=\"ult-just-icon-wrapper\"><div class=\"align-icon\" style=\"text-align:center;\">\n<div class=\"aio-icon none\"  style=\"color:#333333;font-size:14px;display:inline-block;\">\n\t<i class=\"Defaults-phone\"><\/i>\n<\/div><\/div><\/div>\n<\/div><span  data-ultimate-target='#list-icon-wrap-2749 .uavc-list-desc'  data-responsive-json-new='{\"font-size\":\"\",\"line-height\":\"\"}'  class=\"uavc-list-desc ult-responsive\" style=\"\">\n<h4 style=\"padding-bottom: 0; margin-bottom: 0; font-size: 20px;\">Phones<\/h4>\n<p><a href=\"tel:809-565-7477\">809-565-7477<\/a><br \/>\n<a href=\"tel:829-565-7477\">829-565-7477<\/a><\/span><\/div><\/li><li><div class=\"uavc-list-content\" id=\"list-icon-wrap-4149\">\n<div class=\"uavc-list-icon\" data-animation=\"\" data-animation-delay=\"03\" style=\"margin-right:5px;\"><div class=\"ult-just-icon-wrapper\"><div class=\"align-icon\" style=\"text-align:center;\">\n<div class=\"aio-icon none\"  style=\"color:#333333;font-size:14px;display:inline-block;\">\n\t<i class=\"Defaults-phone\"><\/i>\n<\/div><\/div><\/div>\n<\/div><span  data-ultimate-target='#list-icon-wrap-4149 .uavc-list-desc'  data-responsive-json-new='{\"font-size\":\"\",\"line-height\":\"\"}'  class=\"uavc-list-desc ult-responsive\" style=\"\">\n<h4 style=\"padding-bottom: 0; margin-bottom: 0; font-size: 20px;\">Emergencies<\/h4>\n<p><a href=\"tel:809-565-7477\"> 829 \/ 809-565-7477 (option 1) <\/a><\/span><\/div><\/li><li><div class=\"uavc-list-content\" id=\"list-icon-wrap-2938\">\n<div class=\"uavc-list-icon\" data-animation=\"\" data-animation-delay=\"03\" style=\"margin-right:5px;\"><div class=\"ult-just-icon-wrapper\"><div class=\"align-icon\" style=\"text-align:center;\">\n<div class=\"aio-icon none\"  style=\"color:#333333;font-size:14px;display:inline-block;\">\n\t<i class=\"Defaults-phone\"><\/i>\n<\/div><\/div><\/div>\n<\/div><span  data-ultimate-target='#list-icon-wrap-2938 .uavc-list-desc'  data-responsive-json-new='{\"font-size\":\"\",\"line-height\":\"\"}'  class=\"uavc-list-desc ult-responsive\" style=\"\">\n<h4 style=\"padding-bottom: 0; margin-bottom: 0; font-size: 20px;\">Interior without charge<\/h4>\n<p><a href=\"tel:809-200-7266\">809-200-7266 <\/a><\/span><\/div><\/li><li><div class=\"uavc-list-content\" id=\"list-icon-wrap-6983\">\n<div class=\"uavc-list-icon\" data-animation=\"\" data-animation-delay=\"03\" style=\"margin-right:5px;\"><div class=\"ult-just-icon-wrapper\"><div class=\"align-icon\" style=\"text-align:center;\">\n<div class=\"aio-icon none\"  style=\"color:#333333;font-size:14px;display:inline-block;\">\n\t<i class=\"Defaults-envelope\"><\/i>\n<\/div><\/div><\/div>\n<\/div><span  data-ultimate-target='#list-icon-wrap-6983 .uavc-list-desc'  data-responsive-json-new='{\"font-size\":\"\",\"line-height\":\"\"}'  class=\"uavc-list-desc ult-responsive\" style=\"\">\n<h4 style=\"padding-bottom: 0; margin-bottom: 0; font-size: 20px;\">Correo Electr\u00f3nico<\/h4>\n<p><a href=\"mailto:citas@hgps.org.do\">citas@hgps.org.do<\/a><\/span><\/div><\/li><\/ul><\/div><\/div><\/div><\/div><\/div><\/div><\/section><section class=\"l-section wpb_row us_custom_67a40d00 height_auto dept_tabs\"><div class=\"l-section-h i-cf\"><div class=\"g-cols vc_row type_default valign_top\"><div class=\"vc_col-sm-12 vc_hidden-lg vc_hidden-md vc_hidden-sm wpb_column vc_column_container\"><div class=\"vc_column-inner\"><div class=\"wpb_wrapper\"><div class=\"g-cols wpb_row  us_custom_f7fb4cbf type_default valign_top vc_inner\"><div class=\"vc_col-sm-12 wpb_column vc_column_container has_text_color\"><div class=\"vc_column-inner us_custom_bfaa4685\"><div class=\"wpb_wrapper\"><div class=\"wpb_text_column\" ><div class=\"wpb_wrapper\"><h3 style=\"text-align: center; margin-bottom: 0; padding-bottom: 0; font-size: 20px;\">Need help?<\/h3>\n<p style=\"text-align: center; margin-top: 0; margin-bottom: 10px; padding-top: 0; padding-bottom: 0;\">Call us at<\/p>\n<\/div><\/div><div class=\"w-btn-wrapper width_auto align_center\"><a class=\"w-btn us-btn-style_4\" href=\"tel:809-565-7477\"><span class=\"w-btn-label\">809-565-7477<\/span><\/a><\/div><\/div><\/div><\/div><\/div><\/div><\/div><\/div><\/div><\/div><\/section><!-- Row Backgrounds --><div class=\"upb_grad\" data-grad=\"background: -webkit-gradient(linear, left top, left bottom, color-stop(13%, #5FBF1B), color-stop(61%, #589231));background: -moz-linear-gradient(top,#5FBF1B 13%,#589231 61%);background: -webkit-linear-gradient(top,#5FBF1B 13%,#589231 61%);background: -o-linear-gradient(top,#5FBF1B 13%,#589231 61%);background: -ms-linear-gradient(top,#5FBF1B 13%,#589231 61%);background: linear-gradient(top,#5FBF1B 13%,#589231 61%);\" data-bg-override=\"0\" data-upb-overlay-color=\"\" data-upb-bg-animation=\"\" data-fadeout=\"\" data-fadeout-percentage=\"30\" data-parallax-content=\"\" data-parallax-content-sense=\"30\" data-row-effect-mobile-disable=\"true\" data-img-parallax-mobile-disable=\"true\" data-rtl=\"false\"  data-custom-vc-row=\"\"  data-vc=\"6.6.0\"  data-is_old_vc=\"\"  data-theme-support=\"\"   data-overlay=\"false\" data-overlay-color=\"\" data-overlay-pattern=\"\" data-overlay-pattern-opacity=\"\" data-overlay-pattern-size=\"\"    ><\/div>","protected":false},"excerpt":{"rendered":"Desde nuestro Portal de Pacientes, podr\u00e1s autogestionar tus citas m\u00e9dicas y las de los tuyos de forma segura y r\u00e1pida; dentro de sus funciones, podr\u00e1s: Registrar, cambiar o cancelar citas. Facturar desde el portal. Pagar con anticipaci\u00f3n si eres afiliado a ARS Primera, Humano, Universal o SeNaSa. Gestionar perfiles de dependientes desde tu cuenta principal...","protected":false},"author":224,"featured_media":0,"parent":0,"menu_order":52,"comment_status":"closed","ping_status":"closed","template":"","meta":{"footnotes":""},"_links":{"self":[{"href":"https:\/\/hgps.org.do\/en\/wp-json\/wp\/v2\/pages\/28658"}],"collection":[{"href":"https:\/\/hgps.org.do\/en\/wp-json\/wp\/v2\/pages"}],"about":[{"href":"https:\/\/hgps.org.do\/en\/wp-json\/wp\/v2\/types\/page"}],"author":[{"embeddable":true,"href":"https:\/\/hgps.org.do\/en\/wp-json\/wp\/v2\/users\/224"}],"replies":[{"embeddable":true,"href":"https:\/\/hgps.org.do\/en\/wp-json\/wp\/v2\/comments?post=28658"}],"version-history":[{"count":11,"href":"https:\/\/hgps.org.do\/en\/wp-json\/wp\/v2\/pages\/28658\/revisions"}],"predecessor-version":[{"id":28670,"href":"https:\/\/hgps.org.do\/en\/wp-json\/wp\/v2\/pages\/28658\/revisions\/28670"}],"wp:attachment":[{"href":"https:\/\/hgps.org.do\/en\/wp-json\/wp\/v2\/media?parent=28658"}],"curies":[{"name":"wp","href":"https:\/\/api.w.org\/{rel}","templated":true}]}}