{"id":22805,"date":"2018-09-26T05:19:34","date_gmt":"2018-09-26T05:19:34","guid":{"rendered":"https:\/\/portal-hgps.azurewebsites.net\/sobre-hgps\/historia\/"},"modified":"2020-07-16T03:31:10","modified_gmt":"2020-07-16T03:31:10","slug":"historia","status":"publish","type":"page","link":"https:\/\/hgps.org.do\/es\/historia\/","title":{"rendered":"Historia"},"content":{"rendered":"<section class=\"l-section wpb_row us_custom_f029a2ba height_medium width_full hgps_page\"><div class=\"l-section-h i-cf\"><div class=\"g-cols vc_row type_default valign_top\"><div class=\"vc_col-sm-12 wpb_column vc_column_container\"><div class=\"vc_column-inner us_custom_f37aca33\"><div class=\"wpb_wrapper\"><div class=\"smile-icon-timeline-wrap csstime   tl-animation-slide-up\"     style=\"\"><div class=\"timeline-line \" style=\"border-right-color:;\"><span><\/span><\/div><div class=\"timeline-wrapper\"><\/div><div class=\"timeline-feature-item feat-item  \"><div class=\"feat-dot \"><div class=\"timeline-dot\"><\/div><\/div><div class=\"ult-timeline-arrow \"><s><\/s><l><\/l><\/div><div class=\"timeline-icon-block\"><div class=\"ult-timeline-icon tl-icon-no-bg\" style=\"   \"><\/div> <!-- icon --><\/div><div class=\"timeline-header-block\" >\r\n\t\t\t\t\t\t\t<div class=\"timeline-header\" id=\"timeline-featured-1255\"  style=\"\"><h3\r\n\t\t\t class=\"ult-timeline-title ult-responsive\"   data-ultimate-target='#timeline-featured-1255 .ult-timeline-title'  data-responsive-json-new='{\"font-size\":\"\",\"line-height\":\"\"}'  style=\"\">La Plaza de la Salud se empez\u00f3 a construir a mediados del a\u00f1o 1995<\/h3><div class=\"ult-responsive custom-lht\"  data-ultimate-target='#timeline-featured-1255 .custom-lht'  data-responsive-json-new='{\"font-size\":\"\",\"line-height\":\"\"}'  style=\"\"><img loading=\"lazy\" decoding=\"async\" class=\"aligncenter wp-image-24395 size-full\" style=\"margin-bottom: 20px;\" src=\"https:\/\/portal-hgps.azurewebsites.net\/wp-content\/uploads\/2018\/09\/hgps-historia.jpg\" alt=\"\" width=\"800\" height=\"323\" \/><br \/>\nTanto las edificaciones, sus instalaciones y equipos adquiridos, fueron financiados con fondos del Estado Dominicano. A mediados del a\u00f1o 1996, los tres edificios que conforman el Hospital, estaban terminados en su obra civil y gran parte de sus instalaciones y equipos se encontraban en v\u00edas de ser habilitados.<\/div><\/div> <!-- header --><\/div><\/div><div class=\"timeline-wrapper \"><div class=\"timeline-block \"><div class=\"timeline-dot\"><\/div><div class=\"ult-timeline-arrow\"><s><\/s><l><\/l><\/div><div class=\"timeline-icon-block\"><div class=\"ult-timeline-icon tl-icon-no-bg\" style=\"   \"><\/div> <!-- icon --><\/div><div class=\"timeline-header-block\" >\r\n\t\t\t\t\t\t\t<div id=\"timeline-item-6026\" class=\"timeline-header\" style=\"\"><h3 class=\"ult-timeline-title ult-responsive\"  data-ultimate-target='#timeline-item-6026 .ult-timeline-title'  data-responsive-json-new='{\"font-size\":\"\",\"line-height\":\"\"}'  style=\"\">10 de agosto de 1996<\/h3><div class=\"ult-responsive timeline-item-spt\"  data-ultimate-target='#timeline-item-6026 .timeline-item-spt'  data-responsive-json-new='{\"font-size\":\"\",\"line-height\":\"\"}'  style=\"\"><img loading=\"lazy\" decoding=\"async\" class=\"aligncenter size-full wp-image-24397\" style=\"margin-bottom: 20px;\" src=\"https:\/\/portal-hgps.azurewebsites.net\/wp-content\/uploads\/2018\/09\/hgps-patronato.jpg\" alt=\"\" width=\"600\" height=\"391\" \/><\/p>\n<p>Previo a la inauguraci\u00f3n oficial de la obra, el 10 de agosto de 1996, el Poder Ejecutivo emiti\u00f3 dos decretos: el primero, creando el Patronato para la administraci\u00f3n del Centro de Diagn\u00f3stico, Medicina Avanzada y Telemedicina (CEDIMAT), y el segundo, para regir el Hospital General de la Plaza de la Salud. Ambos patronatos est\u00e1n compuestos por miembros exoficio del sector oficial, profesionales de la medicina, educadores, empresarios y religiosos.<\/div><\/div> <!-- header --><\/div><\/div><div class=\"timeline-block \"><div class=\"timeline-dot\"><\/div><div class=\"ult-timeline-arrow\"><s><\/s><l><\/l><\/div><div class=\"timeline-icon-block\"><div class=\"ult-timeline-icon tl-icon-no-bg\" style=\"   \"><\/div> <!-- icon --><\/div><div class=\"timeline-header-block\" >\r\n\t\t\t\t\t\t\t<div id=\"timeline-item-9702\" class=\"timeline-header\" style=\"\"><h3 class=\"ult-timeline-title ult-responsive\"  data-ultimate-target='#timeline-item-9702 .ult-timeline-title'  data-responsive-json-new='{\"font-size\":\"\",\"line-height\":\"\"}'  style=\"\">24 de julio de 1999<\/h3><div class=\"ult-responsive timeline-item-spt\"  data-ultimate-target='#timeline-item-9702 .timeline-item-spt'  data-responsive-json-new='{\"font-size\":\"\",\"line-height\":\"\"}'  style=\"\"><img loading=\"lazy\" decoding=\"async\" class=\"aligncenter size-full wp-image-24397\" style=\"margin-bottom: 20px;\" src=\"https:\/\/portal-hgps.azurewebsites.net\/wp-content\/uploads\/2018\/09\/hgps-historia-1.jpg\" alt=\"\" width=\"600\" height=\"391\" \/><\/p>\n<p>El Congreso Nacional aprob\u00f3 la Ley No.78-99 que confirma la vigencia de ambos patronatos, la cual fue promulgada por el Poder Ejecutivo el mismo a\u00f1o.<br \/>\n<\/div><\/div> <!-- header --><\/div><\/div><\/div><\/div><\/div><\/div><\/div><\/div><\/div><\/section><!-- Row Backgrounds --><div class=\"upb_color\" data-bg-override=\"0\" data-bg-color=\"\" data-fadeout=\"\" data-fadeout-percentage=\"30\" data-parallax-content=\"\" data-parallax-content-sense=\"30\" data-row-effect-mobile-disable=\"true\" data-img-parallax-mobile-disable=\"true\" data-rtl=\"false\"  data-custom-vc-row=\"\"  data-vc=\"6.6.0\"  data-is_old_vc=\"\"  data-theme-support=\"\"   data-overlay=\"false\" data-overlay-color=\"\" data-overlay-pattern=\"\" data-overlay-pattern-opacity=\"\" data-overlay-pattern-size=\"\"    ><\/div><section class=\"l-section wpb_row height_medium\"><div class=\"l-section-h i-cf\"><div class=\"g-cols vc_row type_default valign_top\"><div class=\"vc_col-sm-12 wpb_column vc_column_container\"><div class=\"vc_column-inner\"><div class=\"wpb_wrapper\"><div class=\"wpb_text_column us_custom_f029a2ba\" ><div class=\"wpb_wrapper\"><p>Una vez el Patronato del Hospital asumi\u00f3 sus funciones, nombr\u00f3 a los responsables superiores de la organizaci\u00f3n, conducci\u00f3n y proyecci\u00f3n de la instituci\u00f3n: Director General, Director M\u00e9dico y Director Administrativo. La etapa organizativa se cumpli\u00f3 en los seis meses fijados, retras\u00e1ndose la apertura de servicios en unos dos meses por circunstancias emergentes de orden externo. El Hospital fue abierto al p\u00fablico el 24 de marzo de 1997.<\/p>\n<p>Durante esa etapa preparatoria se priorizaron las acciones y los gastos a incurrir. El personal se fue gradualmente empleando de acuerdo con el progreso del ordenamiento y estructuraci\u00f3n de los distintos departamentos y servicios. Por ejemplo, el personal de mantenimiento, contadur\u00eda y seguridad, ocup\u00f3 lugar delantero. Los m\u00e9dicos, enfermeras, t\u00e9cnicos y otros profesionales de la salud fueron contratados por tiempo definido de un a\u00f1o para ser evaluados al t\u00e9rmino del mismo, antes de la renovaci\u00f3n de contratos. Los salarios fueron optimizados en relaci\u00f3n con los horarios de trabajo a cumplir.<\/p>\n<p>El personal m\u00e9dico ha sido conformado por especialistas, sub-especialistas y m\u00e9dicos generales o internos, agrupados en Departamentos: Medicina interna, Cirug\u00eda General, Ginecolog\u00eda Obstetricia, Gastroenterolog\u00eda y Endoscop\u00eda, Pediatr\u00eda, Ense\u00f1anza e Investigaci\u00f3n, Traumatolog\u00eda y Ortopedia. Los Servicios Especiales son: Diagn\u00f3sticos por Im\u00e1genes, Anatom\u00eda Patol\u00f3gica, Geriatr\u00eda, Medicina F\u00edsica y Rehabilitaci\u00f3n, Odontolog\u00eda, Laboratorio y Banco de Sangre, Cardiolog\u00eda, Onco Hematolog\u00eda, Oftalmolog\u00eda, Patolog\u00eda Mamaria, Emergencias, Atenci\u00f3n Primaria, enfermer\u00eda, farmacia, alimentaci\u00f3n y trabajo social.<br \/>\nSe trata de una estructura simplificada pero funcional, sujeta a cambios graduales de acuerdo con la complejidad a alcanzar por el Hospital cuando se ampl\u00eden y diversifiquen a\u00fan m\u00e1s sus servicios y se establezcan las actividades docentes y de investigaci\u00f3n. (Proyecci\u00f3n de Organigrama).<\/p>\n<p>El Hospital ha sido concebido como una instituci\u00f3n m\u00e9dico-asistencial del m\u00e1s alto nivel cient\u00edfico que se pueda ofrecer en el pa\u00eds. Las inversiones que se han hecho en su construcci\u00f3n y equipamiento, y la presencia de un cuerpo de m\u00e9dicos especialistas capacitados, la mayor\u00eda de ellos entrenados en importantes centros m\u00e9dicos de Am\u00e9rica y Europa, avalan la calidad de la atenci\u00f3n a los pacientes y lo definen como un centro de referencia nacional con proyecci\u00f3n internacional.<\/p>\n<p>Por otro lado, el departamento de Trabajo Social categoriza a los pacientes haci\u00e9ndoles una evaluaci\u00f3n socio-econ\u00f3mica, tendente a dar vigencia al principio de solidaridad. Se\u00f1alada la categor\u00eda, se fija el descuento correspondiente en orden descendente hasta un 40% de la tarifa tope establecida para las consultas, pruebas, procedimientos y asistencia al paciente internado y al ambulatorio. Una categor\u00eda especial se asigna al paciente probadamente indigente, el que se exonera de todo pago. El principio de equidad debe cumplirse en todos los casos, sin desmedro en la calidad de la atenci\u00f3n.<\/p>\n<p>Se ha ido desarrollando un sistema de inform\u00e1tica para la gesti\u00f3n administrativa relacionada con los pacientes (admisiones, dispensaci\u00f3n de medicamentos y material gastable, facturaci\u00f3n y cobros, entre otros). Pero se hizo imprescindible la implantaci\u00f3n de un sistema integrado que abarcara tanto lo administrativo como lo esencialmente m\u00e9dico (historias cl\u00ednicas, informes de pruebas y procedimientos, evoluci\u00f3n de casos, citas a pacientes, interconsultas, referimientos, interfaces para laboratorio cl\u00ednico, as\u00ed como de tratamiento de im\u00e1genes y radiodiagn\u00f3stico). Para la consecuci\u00f3n de este objetivo se buscaron las asesor\u00edas de expertos en la materia, tanto nacionales como extranjeros, siendo hoy una notable realidad.<\/p>\n<p>Mensualmente se preparan los informes estad\u00edsticos y financieros que son presentados a la consideraci\u00f3n y escrutinio del Patronato, copias de los cuales se env\u00edan a las autoridades gubernamentales correspondientes. La implantaci\u00f3n del sistema inform\u00e1tico integrado, citado anteriormente, nos permite agilizar la elaboraci\u00f3n de estos informes, analizar costos por unidad de producci\u00f3n y, por tanto, tener datos concretos que sirvan para guiarnos hacia una mejor gesti\u00f3n m\u00e9dico-administrativa y a tener las bases confiables para la elaboraci\u00f3n de los presupuestos y en definitiva desarrollar una emblem\u00e1tica corporaci\u00f3n hospitalaria del m\u00e1s alto nivel de calidad sanitaria al servicio de todos los dominicanos.<\/p>\n<\/div><\/div><\/div><\/div><\/div><\/div><\/div><\/section>\n","protected":false},"excerpt":{"rendered":"La Plaza de la Salud se empez\u00f3 a construir a mediados del a\u00f1o 1995 Tanto las edificaciones, sus instalaciones y equipos adquiridos, fueron financiados con fondos del Estado Dominicano. A mediados del a\u00f1o 1996, los tres edificios que conforman el Hospital, estaban terminados en su obra civil y gran parte de sus instalaciones y equipos...","protected":false},"author":1,"featured_media":0,"parent":0,"menu_order":7,"comment_status":"closed","ping_status":"closed","template":"","meta":{"footnotes":""},"_links":{"self":[{"href":"https:\/\/hgps.org.do\/es\/wp-json\/wp\/v2\/pages\/22805"}],"collection":[{"href":"https:\/\/hgps.org.do\/es\/wp-json\/wp\/v2\/pages"}],"about":[{"href":"https:\/\/hgps.org.do\/es\/wp-json\/wp\/v2\/types\/page"}],"author":[{"embeddable":true,"href":"https:\/\/hgps.org.do\/es\/wp-json\/wp\/v2\/users\/1"}],"replies":[{"embeddable":true,"href":"https:\/\/hgps.org.do\/es\/wp-json\/wp\/v2\/comments?post=22805"}],"version-history":[{"count":14,"href":"https:\/\/hgps.org.do\/es\/wp-json\/wp\/v2\/pages\/22805\/revisions"}],"predecessor-version":[{"id":26843,"href":"https:\/\/hgps.org.do\/es\/wp-json\/wp\/v2\/pages\/22805\/revisions\/26843"}],"wp:attachment":[{"href":"https:\/\/hgps.org.do\/es\/wp-json\/wp\/v2\/media?parent=22805"}],"curies":[{"name":"wp","href":"https:\/\/api.w.org\/{rel}","templated":true}]}}