{"id":22808,"date":"2018-05-01T21:19:34","date_gmt":"2018-05-01T21:19:34","guid":{"rendered":"https:\/\/portal-hgps.azurewebsites.net\/sobre-hgps\/voluntariado\/"},"modified":"2020-07-16T03:31:11","modified_gmt":"2020-07-16T03:31:11","slug":"voluntariado","status":"publish","type":"page","link":"https:\/\/hgps.org.do\/es\/sobre-hgps\/voluntariado\/","title":{"rendered":"Voluntariado"},"content":{"rendered":"<section class=\"l-section wpb_row us_custom_9b36ddac height_medium\"><div class=\"l-section-h i-cf\"><div class=\"g-cols vc_row type_default valign_top\"><div class=\"vc_col-sm-8 wpb_column vc_column_container\"><div class=\"vc_column-inner\"><div class=\"wpb_wrapper\"><div class=\"w-image align_none\"><div class=\"w-image-h\"><img loading=\"lazy\" decoding=\"async\" width=\"1024\" height=\"535\" src=\"https:\/\/hgps.org.do\/wp-content\/uploads\/2019\/02\/Directiva-del-Voluntariado-1024x535-1024x535.jpg\" class=\"attachment-large size-large\" alt=\"\" srcset=\"https:\/\/hgps.org.do\/wp-content\/uploads\/2019\/02\/Directiva-del-Voluntariado-1024x535.jpg 1024w, https:\/\/hgps.org.do\/wp-content\/uploads\/2019\/02\/Directiva-del-Voluntariado-1024x535-300x157.jpg 300w\" sizes=\"(max-width: 1024px) 100vw, 1024px\" \/><\/div><\/div><div class=\"ult-spacer spacer-69d4bf599c03d\" data-id=\"69d4bf599c03d\" data-height=\"30\" data-height-mobile=\"30\" data-height-tab=\"30\" data-height-tab-portrait=\"\" data-height-mobile-landscape=\"\" style=\"clear:both;display:block;\"><\/div><div class=\"wpb_text_column\" ><div class=\"wpb_wrapper\"><p>Voluntariado del Hospital General de la Plaza de la Salud (HGPS), es un organismo que surge bajo el amparo del Patronato del Hospital, sin fines de lucro, para colaborar con la comunidad hospitalaria con alto grado de solidaridad y compromiso.<\/p>\n<p>Este Voluntariado est\u00e1 conformado por un grupo de damas, motivadas por el sincero deseo de hacer el bien a los dem\u00e1s, dignificando al ser humano.<\/p>\n<\/div><\/div><div class=\"ult-spacer spacer-69d4bf599c3f7\" data-id=\"69d4bf599c3f7\" data-height=\"30\" data-height-mobile=\"30\" data-height-tab=\"30\" data-height-tab-portrait=\"\" data-height-mobile-landscape=\"\" style=\"clear:both;display:block;\"><\/div><div class=\"w-tabs layout_hor style_trendy switch_click icon_chevron iconpos_right title_atleft\"><div class=\"w-tabs-list hidden items_3 stretch\" style=\"text-transform:uppercase;\"><div class=\"w-tabs-list-h\"><a class=\"w-tabs-item active\" aria-controls=\"content-1542740757115-0fa25e7c-8649\" href=\"javascript:void(0);\"><span class=\"w-tabs-item-title\">Visi\u00f3n &amp; Misi\u00f3n<\/span><\/a><a class=\"w-tabs-item\" aria-controls=\"content-1542740757125-fbbf85c9-bad1\" href=\"javascript:void(0);\"><span class=\"w-tabs-item-title\">Meta<\/span><\/a><a class=\"w-tabs-item\" aria-controls=\"content-1542740879964-f6c41bc3-a52c\" href=\"javascript:void(0);\"><span class=\"w-tabs-item-title\">Directiva<\/span><\/a><\/div><\/div><div class=\"w-tabs-sections\"><div class=\"w-tabs-sections-h\"><div class=\"w-tabs-section active\" id=\"1542740757115-0fa25e7c-8649\"><button class=\"w-tabs-section-header active\" aria-controls=\"content-1542740757115-0fa25e7c-8649\"><div class=\"w-tabs-section-header-h\"><div class=\"w-tabs-section-title\">Visi\u00f3n &amp; Misi\u00f3n<\/div><div class=\"w-tabs-section-control\"><\/div><\/div><\/button><div class=\"w-tabs-section-content\" id=\"content-1542740757115-0fa25e7c-8649\" aria-expanded=\"true\"><div class=\"w-tabs-section-content-h i-cf\"><div class=\"wpb_text_column\" ><div class=\"wpb_wrapper\"><p><strong>Visi\u00f3n:<\/strong><\/p>\n<p>El Voluntariado del HGPS, desea ser un organismo solidario, capaz de dar respuesta a las m\u00faltiples necesidades, tanto emocionales, psicol\u00f3gicas, espirituales como de car\u00e1cter econ\u00f3mico, a todas las personas que asisten al Hospital e b\u00fasqueda de conservar su salud, bajo el firme criterio de universalidad, justicia, equidad y compasi\u00f3n por el sufrimiento de los dem\u00e1s.<\/p>\n<p><strong>Misi\u00f3n:<\/strong><\/p>\n<p>Orientar a los pacientes y visitantes del Hospital, sirviendo as\u00ed de facilitadores, para poder tener un mejor y r\u00e1pido acceso a los diferentes servicios que se ofrecen. Ofrecer ayuda econ\u00f3mica para os programas de beca en educaci\u00f3n continuada, residencia m\u00e9dica y actualizaciones de m\u00e9dicos y estudiantes de medicina que as\u00ed lo requieran, y contribuir de esta forma a la b\u00fasqueda de la excelencia en la calidad del servicio hospitalario.<\/p>\n<p>Contribuir con la divulgaci\u00f3n del Hospital General de la Plaza de la Salud, como l\u00edder en diagn\u00f3stico, tratamiento y prevenci\u00f3n de enfermedades para la poblaci\u00f3n en general. Proporcionar soporte econ\u00f3mico para procedimientos y tratamientos a personas de escasos recursos.<\/p>\n<\/div><\/div><\/div><\/div><\/div><div class=\"w-tabs-section\" id=\"1542740757125-fbbf85c9-bad1\"><button class=\"w-tabs-section-header\" aria-controls=\"content-1542740757125-fbbf85c9-bad1\"><div class=\"w-tabs-section-header-h\"><div class=\"w-tabs-section-title\">Meta<\/div><div class=\"w-tabs-section-control\"><\/div><\/div><\/button><div class=\"w-tabs-section-content\" id=\"content-1542740757125-fbbf85c9-bad1\" aria-expanded=\"false\"><div class=\"w-tabs-section-content-h i-cf\"><div class=\"wpb_text_column\" ><div class=\"wpb_wrapper\"><p>Para poder lograr nuestros objetivos, debemos de contar con el apoyo de personas de buena voluntad, que nos donen algo de su tiempo o nos proporcionen recursos econ\u00f3micos de forma peri\u00f3dica, a las cuales denominaremos Miembros Protectores.<\/p>\n<p>As\u00ed mismo necesitamos captar el apoyo de las empresas para poder desarrollar actividades anuales, dirigidas a recaudar fondos para colaborar con programas espec\u00edficos de ayudas en las \u00e1reas de Di\u00e1lisis, Rehabilitaci\u00f3n, Geriatr\u00eda y Onco-hematolog\u00eda, entre otras.<\/p>\n<\/div><\/div><\/div><\/div><\/div><div class=\"w-tabs-section\" id=\"1542740879964-f6c41bc3-a52c\"><button class=\"w-tabs-section-header\" aria-controls=\"content-1542740879964-f6c41bc3-a52c\"><div class=\"w-tabs-section-header-h\"><div class=\"w-tabs-section-title\">Directiva<\/div><div class=\"w-tabs-section-control\"><\/div><\/div><\/button><div class=\"w-tabs-section-content\" id=\"content-1542740879964-f6c41bc3-a52c\" aria-expanded=\"false\"><div class=\"w-tabs-section-content-h i-cf\"><div class=\"wpb_text_column\" ><div class=\"wpb_wrapper\"><p>Norah Toral de Casta\u00f1os, Presidente<br \/>\nMar\u00eda I. Teran de Bonetti, 1era Vicepresidenta<br \/>\nRhina German de Feliz, 2da Vicepresidenta<br \/>\nCarmen Merino, Secretaria<br \/>\nYleana Concepci\u00f3n de Vargas, Tesorera<\/p>\n<p><strong>Vocales:<\/strong><br \/>\nMercedes Medrano de Ariza<br \/>\nBethania Guerrero de Rizek<br \/>\nCelia Antonia Pe\u00f1a de Modesto<br \/>\nMarianela Santana<\/p>\n<\/div><\/div><\/div><\/div><\/div><\/div><\/div><\/div><\/div><\/div><\/div><div class=\"vc_col-sm-4 wpb_column vc_column_container\"><div class=\"vc_column-inner us_custom_c3c31ab9\"><div class=\"wpb_wrapper\"><h4 style=\"font-size: 20px;color: #00acc9;text-align: center;font-family:Titillium Web;font-weight:600;font-style:normal\" class=\"vc_custom_heading us_custom_7c7abea5\" >Art\u00edculos Relacionados<\/h4><div class=\"w-grid type_grid layout_25768 overflow_hidden\" id=\"us_grid_1\" data-grid-filter=\"true\"><style id=\"us_grid_1_css\">#us_grid_1 .w-grid-item:not(:last-child){margin-bottom:1.5rem}#us_grid_1 .g-loadmore{margin-top:1.5rem}<\/style><style>.layout_25768 .w-grid-item-h{background:#ffffff}.layout_25768 .usg_post_image_1{margin-bottom:0!important;padding-bottom:0!important}.layout_25768 .usg_post_title_1{font-family:'Titillium Web', sans-serif!important;font-size:1.1rem!important;line-height:1.2em!important;padding:0!important;margin:10px 0 0 0!important}.layout_25768 .usg_hwrapper_2{color:#00bcd4!important}.layout_25768 .usg_post_date_1{font-size:0.8rem!important}.layout_25768 .usg_vwrapper_1{padding:0!important}.layout_25768 .usg_post_taxonomy_2{font-size:0.8rem!important}<\/style><div class=\"w-grid-list\" ><\/div><div class=\"w-grid-preloader\"><div class=\"g-preloader type_1\">\r\n\t<div><\/div>\r\n<\/div>\r\n<\/div>\t<div class=\"w-grid-json hidden\" onclick='return {&quot;action&quot;:&quot;us_ajax_grid&quot;,&quot;ajax_url&quot;:&quot;https:\\\/\\\/hgps.org.do\\\/wp-admin\\\/admin-ajax.php&quot;,&quot;infinite_scroll&quot;:0,&quot;max_num_pages&quot;:0,&quot;pagination&quot;:&quot;none&quot;,&quot;permalink_url&quot;:&quot;https:\\\/\\\/hgps.org.do\\\/es\\\/wp-json\\\/wp\\\/v2\\\/pages\\\/22808&quot;,&quot;template_vars&quot;:{&quot;columns&quot;:&quot;1&quot;,&quot;exclude_items&quot;:&quot;none&quot;,&quot;img_size&quot;:&quot;medium&quot;,&quot;ignore_items_size&quot;:false,&quot;items_layout&quot;:&quot;25768&quot;,&quot;items_offset&quot;:&quot;1&quot;,&quot;overriding_link&quot;:&quot;none&quot;,&quot;post_id&quot;:22808,&quot;query_args&quot;:{&quot;post_type&quot;:[&quot;post&quot;],&quot;tax_query&quot;:[{&quot;taxonomy&quot;:&quot;post_tag&quot;,&quot;field&quot;:&quot;slug&quot;,&quot;terms&quot;:[&quot;voluntariado&quot;]}],&quot;post_status&quot;:[&quot;publish&quot;],&quot;orderby&quot;:{&quot;date&quot;:&quot;DESC&quot;},&quot;posts_per_page&quot;:&quot;5&quot;},&quot;type&quot;:&quot;grid&quot;,&quot;us_grid_ajax_index&quot;:1,&quot;us_grid_filter_params&quot;:null,&quot;us_grid_index&quot;:1,&quot;_us_grid_post_type&quot;:&quot;post&quot;}}'><\/div>\r\n<h4 class=\"w-grid-none\">No se han encontrado resultados.<\/h4><\/div><\/div><\/div><\/div><\/div><\/div><\/section>\n","protected":false},"excerpt":{"rendered":"Voluntariado del Hospital General de la Plaza de la Salud (HGPS), es un organismo que surge bajo el amparo del Patronato del Hospital, sin fines de lucro, para colaborar con la comunidad hospitalaria con alto grado de solidaridad y compromiso. Este Voluntariado est\u00e1 conformado por un grupo de damas, motivadas por el sincero deseo de...","protected":false},"author":1,"featured_media":0,"parent":22804,"menu_order":10,"comment_status":"closed","ping_status":"closed","template":"","meta":{"footnotes":""},"_links":{"self":[{"href":"https:\/\/hgps.org.do\/es\/wp-json\/wp\/v2\/pages\/22808"}],"collection":[{"href":"https:\/\/hgps.org.do\/es\/wp-json\/wp\/v2\/pages"}],"about":[{"href":"https:\/\/hgps.org.do\/es\/wp-json\/wp\/v2\/types\/page"}],"author":[{"embeddable":true,"href":"https:\/\/hgps.org.do\/es\/wp-json\/wp\/v2\/users\/1"}],"replies":[{"embeddable":true,"href":"https:\/\/hgps.org.do\/es\/wp-json\/wp\/v2\/comments?post=22808"}],"version-history":[{"count":9,"href":"https:\/\/hgps.org.do\/es\/wp-json\/wp\/v2\/pages\/22808\/revisions"}],"predecessor-version":[{"id":26845,"href":"https:\/\/hgps.org.do\/es\/wp-json\/wp\/v2\/pages\/22808\/revisions\/26845"}],"up":[{"embeddable":true,"href":"https:\/\/hgps.org.do\/es\/wp-json\/wp\/v2\/pages\/22804"}],"wp:attachment":[{"href":"https:\/\/hgps.org.do\/es\/wp-json\/wp\/v2\/media?parent=22808"}],"curies":[{"name":"wp","href":"https:\/\/api.w.org\/{rel}","templated":true}]}}