{"id":22810,"date":"2018-05-01T21:19:34","date_gmt":"2018-05-01T21:19:34","guid":{"rendered":"https:\/\/portal-hgps.azurewebsites.net\/sobre-hgps\/centro-de-conferencias-dr-bienvenido-delgado-billini\/"},"modified":"2020-07-16T03:31:14","modified_gmt":"2020-07-16T03:31:14","slug":"centro-de-conferencias-dr-bienvenido-delgado-billini","status":"publish","type":"page","link":"https:\/\/hgps.org.do\/es\/sobre-hgps\/centro-de-conferencias-dr-bienvenido-delgado-billini\/","title":{"rendered":"Centro de Conferencias (Dr. Bienvenido Delgado Billini)"},"content":{"rendered":"<section class=\"l-section wpb_row us_custom_9b36ddac height_medium\"><div class=\"l-section-h i-cf\"><div class=\"g-cols vc_row type_default valign_top\"><div class=\"vc_col-sm-8 wpb_column vc_column_container\"><div class=\"vc_column-inner\"><div class=\"wpb_wrapper\"><div class=\"wpb_text_column\" ><div class=\"wpb_wrapper\"><p class=\"p1\"><span class=\"s1\">El Hospital General de la Plaza de la Salud (HGPS), ha definido como prioridad el uso de las nuevas tecnolog\u00edas de la inform\u00e1tica y de las comunicaciones. En este campo cabe resaltar ser el primer hospital digitalizado del pa\u00eds y el uso permanente de los medios de comunicaci\u00f3n con su sistema de televisi\u00f3n en circuito cerrado al servicio de la educaci\u00f3n y prevenci\u00f3n de la salud durante las 24 horas al d\u00eda.<\/span><\/p>\n<p class=\"p1\"><span class=\"s1\">En ese sentido, presentamos a la comunidad este moderno Centro de Conferencias el cual consta de tecnolog\u00edas como los Sistemas Multimedia, e-learning, Internet y Videoconferencias interactivas. Estos han sido identificados como medios de ense\u00f1anza\/aprendizaje imprescindible para el desarrollo de los planes y programas de educaci\u00f3n continua de m\u00e9dicos, enfermeras y el resto del personal t\u00e9cnico auxiliar, en los actuales momentos de la sociedad de la informaci\u00f3n y el conocimiento.<\/span><\/p>\n<p class=\"p1\"><span class=\"s1\">Este Centro lleva por nombre Dr. Bienvenido Delgado Billini en honor a quien fue nuestro Primer Director General del Hospital General de la Plaza de la Salud y honorable miembro del Patronato.<\/span><\/p>\n<p class=\"p1\"><span class=\"s1\">Una parte de los fondos para la ejecuci\u00f3n de este Centro de Conferencias, se adquirieron a trav\u00e9s de la Junta de Andaluc\u00eda, mediante el Programa Operativo de Cooperaci\u00f3n Andaluza, el cual otorga subvenciones a organizaciones en pa\u00edses en v\u00eda de mejoras para promover el desarrollo humano integral, y otros fondos propios del Hospital General de la Plaza de la Salud.<\/span><\/p>\n<p class=\"p1\"><span class=\"s1\">Desde hace cuatro a\u00f1os aproximadamente, en el centro han sido desarrollados eventos como: puesta en circulaci\u00f3n de libros, simposios internacionales, talleres de salud, seminarios nacionales e internacionales, coloquios, conferencias de negocios, jornadas cient\u00edficas, videoconferencias con varios pa\u00edses, entre otros.<\/span><\/p>\n<p class=\"p1\"><span class=\"s1\"><b>Informaciones Generales sobre nuestro Centro de Conferencias Dr. Bienvenido Delgado Billini:<\/b><\/span><\/p>\n<p class=\"p1\"><span class=\"s1\">Este moderno Centro de Conferencias cuenta con un \u00e1rea de 583 mts2 y dispone en sus instalaciones de las siguientes facilidades:<\/span><\/p>\n<p class=\"p1\"><span class=\"s1\">Auditorio con capacidad para 179 personas. Posee escenario, p\u00f3dium con micr\u00f3fono adaptado, astas, data show,\u00a0pantalla de proyecci\u00f3n, TV LCD, micr\u00f3fonos inal\u00e1mbricos, cabina de traducci\u00f3n simult\u00e1nea (con dos cub\u00edculos), 50\u00a0aud\u00edfonos para traducci\u00f3n, dos c\u00e1maras polycom (para videoconferencias) y cabina con modernos equipos audiovisuales.<\/span><\/p>\n<p class=\"p1\"><span class=\"s1\">Sal\u00f3n Polivalente con capacidad para 65 a 80 personas. Puede utilizarse como espacio para recepciones, brindis, entre\u00a0otros y consta de sonido y proyecci\u00f3n para las mismas.<\/span><\/p>\n<p class=\"p1\"><span class=\"s1\">Aula\/Biblioteca Virtual con capacidad para 22 personas. Dispone de 22 computadoras completas con acceso a internet,\u00a0e-learning, multimedia, c\u00e1mara polycom (para videoconferencias), datashow, l\u00ednea de tel\u00e9fono y pantalla de protecci\u00f3n.<\/span><\/p>\n<ul class=\"ul1\">\n<li class=\"li1\"><span class=\"s1\">Kichenette \/cocina<\/span><\/li>\n<li class=\"li1\"><span class=\"s1\">Ba\u00f1os para damas, caballeros y personas con discapacidad<\/span><\/li>\n<li class=\"li1\"><span class=\"s1\">Accesos para personas con discapacidad<\/span><\/li>\n<li class=\"li1\"><span class=\"s1\">Vestidor con lockers de seguridad<\/span><\/li>\n<li class=\"li1\"><span class=\"s1\">Internet inal\u00e1mbrico<\/span><\/li>\n<\/ul>\n<p class=\"p1\"><span class=\"s1\">Tambi\u00e9n cuenta con un sistema de Gesti\u00f3n de\u00a0<a href=\"http:\/\/bvirtual.hgps.org.do\/\" target=\"_blank\" rel=\"noopener noreferrer\">Biblioteca virtual<\/a>\u00a0y una plataforma de\u00a0<a href=\"http:\/\/avirtual.hgps.org.do\/\" target=\"_blank\" rel=\"noopener noreferrer\">Aula Virtual<\/a>\u00a0para ense\u00f1anza virtual.<br \/>\nLes invitamos a conocer nuestras instalaciones, un espacio ideal para sus grandes eventos.<\/span><\/p>\n<\/div><\/div><\/div><\/div><\/div><div class=\"vc_col-sm-4 wpb_column vc_column_container\"><div class=\"vc_column-inner us_custom_c3c31ab9\"><div class=\"wpb_wrapper\"><div class=\"w-btn-wrapper width_full\"><a class=\"w-btn us-btn-style_8\" target=\"_blank\" href=\"https:\/\/www.hgps.org.do\/wp-content\/uploads\/2019\/01\/Brochure-Salon-de-Conferencias.pdf\" rel=\"noopener\"><span class=\"w-btn-label\">Descargar Brochure<\/span><\/a><\/div><div class=\"w-separator size_custom\" style=\"height:30px\"><\/div><div class=\"w-grid type_masonry layout_gallery_default cols_2 with_isotope\" id=\"us_grid_1\" data-grid-filter=\"true\"><style id=\"us_grid_1_css\">#us_grid_1 .w-grid-item{padding:4px}#us_grid_1 .w-grid-list{margin:-4px}.w-grid + #us_grid_1 .w-grid-list{margin-top:4px}<\/style><style>.layout_gallery_default .w-grid-item-h{}<\/style><div class=\"w-grid-list\" ><article class=\"w-grid-item post-26252 attachment type-attachment status-inherit hentry\" data-id=\"26252\">\r\n\t<div class=\"w-grid-item-h\">\r\n\t\t\t\t\t<a class=\"w-grid-item-anchor\" href=\"https:\/\/hgps.org.do\/wp-content\/uploads\/2019\/01\/DM5A1733.jpg\" ref=\"magnificPopupGrid\" title aria-label=\"DM5A1733\"><\/a>\r\n\t\t\t\t<div class=\"w-post-elm post_image usg_post_image_1 stretched\"><img loading=\"lazy\" decoding=\"async\" width=\"150\" height=\"150\" src=\"https:\/\/hgps.org.do\/wp-content\/uploads\/2019\/01\/DM5A1733-150x150.jpg\" class=\"attachment-thumbnail size-thumbnail\" alt=\"\" \/><\/div>\t<\/div>\r\n<\/article>\r\n<article class=\"w-grid-item post-26253 attachment type-attachment status-inherit hentry\" data-id=\"26253\">\r\n\t<div class=\"w-grid-item-h\">\r\n\t\t\t\t\t<a class=\"w-grid-item-anchor\" href=\"https:\/\/hgps.org.do\/wp-content\/uploads\/2019\/01\/DM5A1735.jpg\" ref=\"magnificPopupGrid\" title aria-label=\"DM5A1735\"><\/a>\r\n\t\t\t\t<div class=\"w-post-elm post_image usg_post_image_1 stretched\"><img loading=\"lazy\" decoding=\"async\" width=\"150\" height=\"150\" src=\"https:\/\/hgps.org.do\/wp-content\/uploads\/2019\/01\/DM5A1735-150x150.jpg\" class=\"attachment-thumbnail size-thumbnail\" alt=\"\" \/><\/div>\t<\/div>\r\n<\/article>\r\n<article class=\"w-grid-item post-26254 attachment type-attachment status-inherit hentry\" data-id=\"26254\">\r\n\t<div class=\"w-grid-item-h\">\r\n\t\t\t\t\t<a class=\"w-grid-item-anchor\" href=\"https:\/\/hgps.org.do\/wp-content\/uploads\/2019\/01\/DM5A1737.jpg\" ref=\"magnificPopupGrid\" title aria-label=\"DM5A1737\"><\/a>\r\n\t\t\t\t<div class=\"w-post-elm post_image usg_post_image_1 stretched\"><img loading=\"lazy\" decoding=\"async\" width=\"150\" height=\"150\" src=\"https:\/\/hgps.org.do\/wp-content\/uploads\/2019\/01\/DM5A1737-150x150.jpg\" class=\"attachment-thumbnail size-thumbnail\" alt=\"\" srcset=\"https:\/\/hgps.org.do\/wp-content\/uploads\/2019\/01\/DM5A1737-150x150.jpg 150w, https:\/\/hgps.org.do\/wp-content\/uploads\/2019\/01\/DM5A1737-600x600.jpg 600w\" sizes=\"(max-width: 150px) 100vw, 150px\" \/><\/div>\t<\/div>\r\n<\/article>\r\n<article class=\"w-grid-item post-26255 attachment type-attachment status-inherit hentry\" data-id=\"26255\">\r\n\t<div class=\"w-grid-item-h\">\r\n\t\t\t\t\t<a class=\"w-grid-item-anchor\" href=\"https:\/\/hgps.org.do\/wp-content\/uploads\/2019\/01\/DM5A1740.jpg\" ref=\"magnificPopupGrid\" title aria-label=\"DM5A1740\"><\/a>\r\n\t\t\t\t<div class=\"w-post-elm post_image usg_post_image_1 stretched\"><img loading=\"lazy\" decoding=\"async\" width=\"150\" height=\"150\" src=\"https:\/\/hgps.org.do\/wp-content\/uploads\/2019\/01\/DM5A1740-150x150.jpg\" class=\"attachment-thumbnail size-thumbnail\" alt=\"\" \/><\/div>\t<\/div>\r\n<\/article>\r\n<article class=\"w-grid-item post-26256 attachment type-attachment status-inherit hentry\" data-id=\"26256\">\r\n\t<div class=\"w-grid-item-h\">\r\n\t\t\t\t\t<a class=\"w-grid-item-anchor\" href=\"https:\/\/hgps.org.do\/wp-content\/uploads\/2019\/01\/DM5A1742.jpg\" ref=\"magnificPopupGrid\" title aria-label=\"DM5A1742\"><\/a>\r\n\t\t\t\t<div class=\"w-post-elm post_image usg_post_image_1 stretched\"><img loading=\"lazy\" decoding=\"async\" width=\"150\" height=\"150\" src=\"https:\/\/hgps.org.do\/wp-content\/uploads\/2019\/01\/DM5A1742-150x150.jpg\" class=\"attachment-thumbnail size-thumbnail\" alt=\"\" \/><\/div>\t<\/div>\r\n<\/article>\r\n<article class=\"w-grid-item post-26257 attachment type-attachment status-inherit hentry\" data-id=\"26257\">\r\n\t<div class=\"w-grid-item-h\">\r\n\t\t\t\t\t<a class=\"w-grid-item-anchor\" href=\"https:\/\/hgps.org.do\/wp-content\/uploads\/2019\/01\/DM5A1748.jpg\" ref=\"magnificPopupGrid\" title aria-label=\"DM5A1748\"><\/a>\r\n\t\t\t\t<div class=\"w-post-elm post_image usg_post_image_1 stretched\"><img loading=\"lazy\" decoding=\"async\" width=\"150\" height=\"150\" src=\"https:\/\/hgps.org.do\/wp-content\/uploads\/2019\/01\/DM5A1748-150x150.jpg\" class=\"attachment-thumbnail size-thumbnail\" alt=\"\" \/><\/div>\t<\/div>\r\n<\/article>\r\n<article class=\"w-grid-item post-26258 attachment type-attachment status-inherit hentry\" data-id=\"26258\">\r\n\t<div class=\"w-grid-item-h\">\r\n\t\t\t\t\t<a class=\"w-grid-item-anchor\" href=\"https:\/\/hgps.org.do\/wp-content\/uploads\/2019\/01\/DM5A1752.jpg\" ref=\"magnificPopupGrid\" title aria-label=\"DM5A1752\"><\/a>\r\n\t\t\t\t<div class=\"w-post-elm post_image usg_post_image_1 stretched\"><img loading=\"lazy\" decoding=\"async\" width=\"150\" height=\"150\" src=\"https:\/\/hgps.org.do\/wp-content\/uploads\/2019\/01\/DM5A1752-150x150.jpg\" class=\"attachment-thumbnail size-thumbnail\" alt=\"\" \/><\/div>\t<\/div>\r\n<\/article>\r\n<article class=\"w-grid-item post-26259 attachment type-attachment status-inherit hentry\" data-id=\"26259\">\r\n\t<div class=\"w-grid-item-h\">\r\n\t\t\t\t\t<a class=\"w-grid-item-anchor\" href=\"https:\/\/hgps.org.do\/wp-content\/uploads\/2019\/01\/DM5A1755.jpg\" ref=\"magnificPopupGrid\" title aria-label=\"DM5A1755\"><\/a>\r\n\t\t\t\t<div class=\"w-post-elm post_image usg_post_image_1 stretched\"><img loading=\"lazy\" decoding=\"async\" width=\"150\" height=\"150\" src=\"https:\/\/hgps.org.do\/wp-content\/uploads\/2019\/01\/DM5A1755-150x150.jpg\" class=\"attachment-thumbnail size-thumbnail\" alt=\"\" \/><\/div>\t<\/div>\r\n<\/article>\r\n<article class=\"w-grid-item post-26260 attachment type-attachment status-inherit hentry\" data-id=\"26260\">\r\n\t<div class=\"w-grid-item-h\">\r\n\t\t\t\t\t<a class=\"w-grid-item-anchor\" href=\"https:\/\/hgps.org.do\/wp-content\/uploads\/2019\/01\/DM5A1763.jpg\" ref=\"magnificPopupGrid\" title aria-label=\"DM5A1763\"><\/a>\r\n\t\t\t\t<div class=\"w-post-elm post_image usg_post_image_1 stretched\"><img loading=\"lazy\" decoding=\"async\" width=\"150\" height=\"150\" src=\"https:\/\/hgps.org.do\/wp-content\/uploads\/2019\/01\/DM5A1763-150x150.jpg\" class=\"attachment-thumbnail size-thumbnail\" alt=\"\" srcset=\"https:\/\/hgps.org.do\/wp-content\/uploads\/2019\/01\/DM5A1763-150x150.jpg 150w, https:\/\/hgps.org.do\/wp-content\/uploads\/2019\/01\/DM5A1763-600x600.jpg 600w\" sizes=\"(max-width: 150px) 100vw, 150px\" \/><\/div>\t<\/div>\r\n<\/article>\r\n<article class=\"w-grid-item post-26261 attachment type-attachment status-inherit hentry\" data-id=\"26261\">\r\n\t<div class=\"w-grid-item-h\">\r\n\t\t\t\t\t<a class=\"w-grid-item-anchor\" href=\"https:\/\/hgps.org.do\/wp-content\/uploads\/2019\/01\/DM5A1770.jpg\" ref=\"magnificPopupGrid\" title aria-label=\"DM5A1770\"><\/a>\r\n\t\t\t\t<div class=\"w-post-elm post_image usg_post_image_1 stretched\"><img loading=\"lazy\" decoding=\"async\" width=\"150\" height=\"150\" src=\"https:\/\/hgps.org.do\/wp-content\/uploads\/2019\/01\/DM5A1770-150x150.jpg\" class=\"attachment-thumbnail size-thumbnail\" alt=\"\" \/><\/div>\t<\/div>\r\n<\/article>\r\n<article class=\"w-grid-item post-26262 attachment type-attachment status-inherit hentry\" data-id=\"26262\">\r\n\t<div class=\"w-grid-item-h\">\r\n\t\t\t\t\t<a class=\"w-grid-item-anchor\" href=\"https:\/\/hgps.org.do\/wp-content\/uploads\/2019\/01\/RJ_00243.jpg\" ref=\"magnificPopupGrid\" title aria-label=\"RJ_00243\"><\/a>\r\n\t\t\t\t<div class=\"w-post-elm post_image usg_post_image_1 stretched\"><img loading=\"lazy\" decoding=\"async\" width=\"150\" height=\"150\" src=\"https:\/\/hgps.org.do\/wp-content\/uploads\/2019\/01\/RJ_00243-150x150.jpg\" class=\"attachment-thumbnail size-thumbnail\" alt=\"\" \/><\/div>\t<\/div>\r\n<\/article>\r\n<article class=\"w-grid-item post-26263 attachment type-attachment status-inherit hentry\" data-id=\"26263\">\r\n\t<div class=\"w-grid-item-h\">\r\n\t\t\t\t\t<a class=\"w-grid-item-anchor\" href=\"https:\/\/hgps.org.do\/wp-content\/uploads\/2019\/01\/RJ_00267.jpg\" ref=\"magnificPopupGrid\" title aria-label=\"RJ_00267\"><\/a>\r\n\t\t\t\t<div class=\"w-post-elm post_image usg_post_image_1 stretched\"><img loading=\"lazy\" decoding=\"async\" width=\"150\" height=\"150\" src=\"https:\/\/hgps.org.do\/wp-content\/uploads\/2019\/01\/RJ_00267-150x150.jpg\" class=\"attachment-thumbnail size-thumbnail\" alt=\"\" \/><\/div>\t<\/div>\r\n<\/article>\r\n<article class=\"w-grid-item post-26264 attachment type-attachment status-inherit hentry\" data-id=\"26264\">\r\n\t<div class=\"w-grid-item-h\">\r\n\t\t\t\t\t<a class=\"w-grid-item-anchor\" href=\"https:\/\/hgps.org.do\/wp-content\/uploads\/2019\/01\/RJ_00279.jpg\" ref=\"magnificPopupGrid\" title aria-label=\"RJ_00279\"><\/a>\r\n\t\t\t\t<div class=\"w-post-elm post_image usg_post_image_1 stretched\"><img loading=\"lazy\" decoding=\"async\" width=\"150\" height=\"150\" src=\"https:\/\/hgps.org.do\/wp-content\/uploads\/2019\/01\/RJ_00279-150x150.jpg\" class=\"attachment-thumbnail size-thumbnail\" alt=\"\" \/><\/div>\t<\/div>\r\n<\/article>\r\n<article class=\"w-grid-item post-26265 attachment type-attachment status-inherit hentry\" data-id=\"26265\">\r\n\t<div class=\"w-grid-item-h\">\r\n\t\t\t\t\t<a class=\"w-grid-item-anchor\" href=\"https:\/\/hgps.org.do\/wp-content\/uploads\/2019\/01\/DM5A1731.jpg\" ref=\"magnificPopupGrid\" title aria-label=\"DM5A1731\"><\/a>\r\n\t\t\t\t<div class=\"w-post-elm post_image usg_post_image_1 stretched\"><img loading=\"lazy\" decoding=\"async\" width=\"150\" height=\"150\" src=\"https:\/\/hgps.org.do\/wp-content\/uploads\/2019\/01\/DM5A1731-150x150.jpg\" class=\"attachment-thumbnail size-thumbnail\" alt=\"\" \/><\/div>\t<\/div>\r\n<\/article>\r\n<\/div><div class=\"w-grid-preloader\"><div class=\"g-preloader type_1\">\r\n\t<div><\/div>\r\n<\/div>\r\n<\/div>\t<div class=\"w-grid-json hidden\" onclick='return {&quot;action&quot;:&quot;us_ajax_grid&quot;,&quot;ajax_url&quot;:&quot;https:\\\/\\\/hgps.org.do\\\/wp-admin\\\/admin-ajax.php&quot;,&quot;infinite_scroll&quot;:0,&quot;max_num_pages&quot;:1,&quot;pagination&quot;:&quot;none&quot;,&quot;permalink_url&quot;:&quot;https:\\\/\\\/hgps.org.do\\\/es\\\/wp-json\\\/wp\\\/v2\\\/pages\\\/22810&quot;,&quot;template_vars&quot;:{&quot;columns&quot;:&quot;2&quot;,&quot;exclude_items&quot;:&quot;none&quot;,&quot;img_size&quot;:&quot;thumbnail&quot;,&quot;ignore_items_size&quot;:false,&quot;items_layout&quot;:&quot;gallery_default&quot;,&quot;items_offset&quot;:&quot;1&quot;,&quot;overriding_link&quot;:&quot;popup_post_image&quot;,&quot;post_id&quot;:22810,&quot;query_args&quot;:{&quot;post_type&quot;:[&quot;attachment&quot;],&quot;post__in&quot;:[&quot;26252&quot;,&quot;26253&quot;,&quot;26254&quot;,&quot;26255&quot;,&quot;26256&quot;,&quot;26257&quot;,&quot;26258&quot;,&quot;26259&quot;,&quot;26260&quot;,&quot;26261&quot;,&quot;26262&quot;,&quot;26263&quot;,&quot;26264&quot;,&quot;26265&quot;],&quot;post_status&quot;:&quot;inherit&quot;,&quot;post_mime_type&quot;:&quot;image&quot;,&quot;orderby&quot;:{&quot;post__in&quot;:&quot;ASC&quot;},&quot;posts_per_page&quot;:999},&quot;type&quot;:&quot;masonry&quot;,&quot;us_grid_ajax_index&quot;:1,&quot;us_grid_filter_params&quot;:null,&quot;us_grid_index&quot;:1,&quot;_us_grid_post_type&quot;:&quot;attachment&quot;}}'><\/div>\r\n<\/div><div class=\"w-separator size_custom\" style=\"height:30px\"><\/div><div class=\"uavc-list-icon uavc-list-icon-wrapper ult-adjust-bottom-margin   \"><ul class=\"uavc-list\"><li><div class=\"uavc-list-content\" id=\"list-icon-wrap-9146\">\n<div class=\"uavc-list-icon  \" data-animation=\"\" data-animation-delay=\"03\" style=\"margin-right:10px;\"><div class=\"ult-just-icon-wrapper  \"><div class=\"align-icon\" style=\"text-align:center;\">\n<div class=\"aio-icon none \"  style=\"font-size:22px;display:inline-block;\">\n\t<i class=\"Defaults-phone\"><\/i>\n<\/div><\/div><\/div>\n<\/div><span  data-ultimate-target='#list-icon-wrap-9146 .uavc-list-desc'  data-responsive-json-new='{\"font-size\":\"\",\"line-height\":\"\"}'  class=\"uavc-list-desc ult-responsive\" style=\"\">\n<h4 style=\"padding-bottom: 0; margin-bottom: 0; font-size: 20px;\">Contacto<\/h4>\n<p><span style=\"font-size: 14px; line-height: 18px;\">Llama al <a style=\"color: #30414f; text-decoration: underline;\" href=\"tel:809-565-7477\">809-565-7477<\/a><br \/>\nExt. 7288-7289<br \/>\nContamos con tarifas atractivas y asequibles para alquiler.<br \/>\n<\/span><\/span><\/div><\/li><\/ul><\/div><\/div><\/div><\/div><\/div><\/div><\/section>\n","protected":false},"excerpt":{"rendered":"","protected":false},"author":1,"featured_media":0,"parent":22804,"menu_order":12,"comment_status":"closed","ping_status":"closed","template":"","meta":{"footnotes":""},"_links":{"self":[{"href":"https:\/\/hgps.org.do\/es\/wp-json\/wp\/v2\/pages\/22810"}],"collection":[{"href":"https:\/\/hgps.org.do\/es\/wp-json\/wp\/v2\/pages"}],"about":[{"href":"https:\/\/hgps.org.do\/es\/wp-json\/wp\/v2\/types\/page"}],"author":[{"embeddable":true,"href":"https:\/\/hgps.org.do\/es\/wp-json\/wp\/v2\/users\/1"}],"replies":[{"embeddable":true,"href":"https:\/\/hgps.org.do\/es\/wp-json\/wp\/v2\/comments?post=22810"}],"version-history":[{"count":10,"href":"https:\/\/hgps.org.do\/es\/wp-json\/wp\/v2\/pages\/22810\/revisions"}],"predecessor-version":[{"id":26847,"href":"https:\/\/hgps.org.do\/es\/wp-json\/wp\/v2\/pages\/22810\/revisions\/26847"}],"up":[{"embeddable":true,"href":"https:\/\/hgps.org.do\/es\/wp-json\/wp\/v2\/pages\/22804"}],"wp:attachment":[{"href":"https:\/\/hgps.org.do\/es\/wp-json\/wp\/v2\/media?parent=22810"}],"curies":[{"name":"wp","href":"https:\/\/api.w.org\/{rel}","templated":true}]}}