{"id":22816,"date":"2018-05-01T21:19:35","date_gmt":"2018-05-01T21:19:35","guid":{"rendered":"https:\/\/portal-hgps.azurewebsites.net\/centros-especializados\/oncoplaza\/"},"modified":"2022-05-04T15:44:41","modified_gmt":"2022-05-04T15:44:41","slug":"oncoplaza","status":"publish","type":"page","link":"https:\/\/hgps.org.do\/es\/centros-especializados\/oncoplaza\/","title":{"rendered":"Oncoplaza"},"content":{"rendered":"<section class=\"l-section wpb_row height_auto titulo_depts with_img\"><div class=\"l-section-img\" style=\"background-image: url(https:\/\/hgps.org.do\/wp-content\/uploads\/2018\/08\/hgps-oncologia-header.jpg);background-position: top left;background-repeat: no-repeat;\" data-img-width=\"1069\" data-img-height=\"304\"><\/div><div class=\"l-section-h i-cf\"><div class=\"g-cols vc_row type_default valign_top\"><div class=\"vc_col-sm-6 vc_hidden-sm vc_hidden-xs wpb_column vc_column_container\"><div class=\"vc_column-inner us_custom_5190e04d\"><div class=\"wpb_wrapper\"><\/div><\/div><\/div><div class=\"vc_col-sm-6 vc_hidden-sm vc_hidden-xs wpb_column vc_column_container\"><div class=\"vc_column-inner us_custom_1c644d23\"><div class=\"wpb_wrapper\"><div class=\"wpb_text_column title_widget\" ><div class=\"wpb_wrapper\"><h4 class=\"title_side\"><i class=\"far fa-clock\"><\/i> Horario<\/h4>\n<p class=\"title_text\">Brindamos servicio de lunes a viernes de:<br \/>\nConsultas: 8:00am -8:00pm<br \/>\nAplicaci\u00f3n de Quimioterapia: 8:00am &#8211; 4:00pm<br \/>\nArea de Im\u00e1genes: 7:00am &#8211; 7:00pm<\/p>\n<h4 class=\"title_side\"><i class=\"fas fa-map-marker-alt\"><\/i> Ubicaci\u00f3n<\/h4>\n<p class=\"title_text\">2do. Piso, Hospital de Geriatr\u00eda<\/p>\n<\/div><\/div><\/div><\/div><\/div><\/div><\/div><\/section><!-- Row Backgrounds --><section class=\"l-section wpb_row height_auto titulo_depts with_img\"><div class=\"l-section-img\" style=\"background-image: url(https:\/\/hgps.org.do\/wp-content\/uploads\/2018\/08\/hgps-oncologia-header.jpg);background-position: top right;background-repeat: no-repeat;\" data-img-width=\"1069\" data-img-height=\"304\"><\/div><div class=\"l-section-h i-cf\"><div class=\"g-cols vc_row type_default valign_top\"><div class=\"vc_col-sm-6 vc_hidden-lg vc_hidden-md vc_hidden-xs wpb_column vc_column_container\"><div class=\"vc_column-inner us_custom_5190e04d\"><div class=\"wpb_wrapper\"><\/div><\/div><\/div><div class=\"vc_col-sm-6 vc_hidden-lg vc_hidden-md vc_hidden-xs wpb_column vc_column_container\"><div class=\"vc_column-inner us_custom_1c644d23\"><div class=\"wpb_wrapper\"><div class=\"wpb_text_column title_widget\" ><div class=\"wpb_wrapper\"><h4 class=\"title_side\"><i class=\"far fa-clock\"><\/i> Horario<\/h4>\n<p class=\"title_text\">Brindamos servicio de lunes a viernes de<br \/>\nConsultas: 8:00am -8:00pm<br \/>\nAplicaci\u00f3n de Quimioterapia: 8:00am &#8211; 4:00pm<br \/>\nArea de Im\u00e1genes: 7:00am &#8211; 7:00pm<\/p>\n<h4 class=\"title_side\"><i class=\"fas fa-map-marker-alt\"><\/i> Ubicaci\u00f3n<\/h4>\n<p class=\"title_text\">2do. Piso, Hospital de Geriatr\u00eda<\/p>\n<\/div><\/div><\/div><\/div><\/div><\/div><\/div><\/section><!-- Row Backgrounds --><section class=\"l-section wpb_row height_auto width_full\" id=\"tab_servicios\"><div class=\"l-section-h i-cf\"><div class=\"g-cols vc_row type_default valign_top\"><div class=\"vc_col-sm-12 vc_hidden-xs wpb_column vc_column_container\"><div class=\"vc_column-inner us_custom_eb1b9824\"><div class=\"wpb_wrapper\"><div class=\"g-cols wpb_row  type_default valign_top vc_inner\"><div class=\"vc_col-sm-3 wpb_column vc_column_container has-fill\"><div class=\"vc_column-inner us_custom_87b89bd3\"><div class=\"wpb_wrapper\"><div  class=\"vc_wp_custommenu wpb_content_element\"><div class=\"widget widget_nav_menu\"><div class=\"menu-centros-especializados-container\"><ul id=\"menu-centros-especializados\" class=\"menu\"><li id=\"menu-item-23913\" class=\"menu-item menu-item-type-post_type menu-item-object-page menu-item-23913\"><a href=\"https:\/\/hgps.org.do\/es\/centros-especializados\/centro-de-acceso-directo-y-atencion-priorizada\/\">Centro de Acceso Directo y Atenci\u00f3n Priorizada<\/a><\/li>\n<li id=\"menu-item-27374\" class=\"menu-item menu-item-type-post_type menu-item-object-page menu-item-27374\"><a href=\"https:\/\/hgps.org.do\/es\/centros-especializados\/imagenologia\/\">Centro de Im\u00e1genes Diagnosticas (CID)<\/a><\/li>\n<li id=\"menu-item-23912\" class=\"menu-item menu-item-type-post_type menu-item-object-page menu-item-23912\"><a href=\"https:\/\/hgps.org.do\/es\/centros-especializados\/oftalmoplaza\/\">Oftalmoplaza<\/a><\/li>\n<li id=\"menu-item-24191\" class=\"menu-item menu-item-type-post_type menu-item-object-page menu-item-24191\"><a href=\"https:\/\/hgps.org.do\/es\/centros-especializados\/oncoplaza\/\">Oncoplaza<\/a><\/li>\n<li id=\"menu-item-24258\" class=\"menu-item menu-item-type-post_type menu-item-object-page menu-item-24258\"><a href=\"https:\/\/hgps.org.do\/es\/centros-especializados\/uroplaza\/\">Uroplaza<\/a><\/li>\n<li id=\"menu-item-28140\" class=\"menu-item menu-item-type-post_type menu-item-object-page menu-item-28140\"><a href=\"https:\/\/hgps.org.do\/es\/centros-especializados\/gastroplaza\/\">GastroPlaza<\/a><\/li>\n<\/ul><\/div><\/div><\/div><\/div><\/div><\/div><div class=\"vc_col-sm-9 wpb_column vc_column_container\"><div class=\"vc_column-inner us_custom_6f4bb857\"><div class=\"wpb_wrapper\"><div class=\"wpb_text_column us_custom_e038e7e6\" ><div class=\"wpb_wrapper\"><p><img loading=\"lazy\" decoding=\"async\" class=\"aligncenter wp-image-23803\" style=\"padding-bottom: 20px;\" src=\"https:\/\/www.hgps.org.do\/wp-content\/uploads\/dept_logos\/mob\/hgps-oncoplaza.jpg\" alt=\" ONCOPLAZA\" width=\"222\" height=\"40\" \/><\/p>\n<p>Es una unidad destinada para el diagn\u00f3stico y tratamiento m\u00e9dico integral de pacientes con enfermedades Oncohematol\u00f3gicas.<\/p>\n<p>Inici\u00f3 sus operaciones en mayo del 2013, combinando un servicio con altos est\u00e1ndares de calidad cient\u00edfica y humana, est\u00e1 dotada de una plataforma tecnol\u00f3gicamente moderna.<\/p>\n<p>Actualmente cuenta con unos recursos humanos altamente calificado, distribuidos entre m\u00e9dicos, enfermeras y personal administrativo y de soporte.<\/p>\n<p><strong>Servicios que ofrecemos:<\/strong><\/p>\n<p><strong>Consultas:<\/strong><\/p>\n<p><strong>Oncolog\u00eda M\u00e9dica:<\/strong><\/p>\n<p>Para el diagn\u00f3stico y tratamiento de pacientes con patolog\u00edas oncol\u00f3gicas.<\/p>\n<p>Especialistas:<\/p>\n<ul>\n<li>Nancy Alam Lora, martes 8:00-11:00 a.m., jueves y viernes 8:00 a. m.-2:00 p. m.<\/li>\n<li>Benis Gonz\u00e1lez, lunes y jueves 2:00 a 6:00 p.m., martes y viernes 8:00 a. m. a 2:00 p. m.<\/li>\n<li>Dagnea Jim\u00e9nez, lunes y mi\u00e9rcoles 7:00 a. m. a 2:00 p. m., jueves 7:00 a. m. a 1:00 p. m.<\/li>\n<li>Julio Duarte, martes 8:00 a. m. a 12:00 m., mi\u00e9rcoles 10:00 a. m. a 3:00 p. m., jueves y viernes 12:00 m. a 5:00 p. m.<\/li>\n<li>Alexis Yadir Ram\u00edrez, lunes y mi\u00e9rcoles 2:00 p. m. a 6:00 p. m.<\/li>\n<li>Pavel Reinoso, lunes y mi\u00e9rcoles 2:00 p. m. a 6:00 p. m.<\/li>\n<\/ul>\n<p>&nbsp;<\/p>\n<p><strong>Cl\u00ednica del Dolor:<\/strong><\/p>\n<p>Brinda cuidado paliativo y anti\u00e1lgico.<\/p>\n<ul>\n<li>Carmen Schulze, lunes a jueves 7:00 a. m. a 12:00 m.<\/li>\n<li>Austria Javier, mi\u00e9rcoles 2:00 p. m. a 6:00 p. m., viernes 8:00 a. m. a 12:00 m.<\/li>\n<\/ul>\n<p><strong>Hematolog\u00eda:<\/strong><\/p>\n<p>Para el diagn\u00f3stico y tratamiento de pacientes con patolog\u00edas hematol\u00f3gicas benignas y malignas.<\/p>\n<p><strong>Especialistas:<\/strong><\/p>\n<ul>\n<li>Mar\u00eda Benzo, lunes, mi\u00e9rcoles, jueves y viernes 8:00 a. m.- 2:00 p. m.<\/li>\n<li>Julio Amado Casta\u00f1os, lunes y jueves 4:00 p. m. a 8:00 p. m.<\/li>\n<li>S\u00f3crates Sosa, martes 8:00 a. m. a 12:00 m.<\/li>\n<li>Johanna Ram\u00edrez, lunes a jueves 2:00 p. m. a 6:00 p. m.<\/li>\n<\/ul>\n<p><strong>Ginecolog\u00eda Oncol\u00f3gica:<\/strong><\/p>\n<p>Son atendidas pacientes que acuden tanto para consulta de detecci\u00f3n precoz de c\u00e1ncer ginecol\u00f3gico como para recibir tratamiento de padecimientos gineco-oncol\u00f3gicos.<\/p>\n<p>Los especialistas de esta \u00e1rea, adem\u00e1s realizan procedimientos como biopsias y colposcop\u00edas.<\/p>\n<p><strong>Especialistas:<\/strong><\/p>\n<ul>\n<li>Noelia G\u00f3mez, lunes, martes, jueves y viernes 8:00 a. m.-12:00 m.<\/li>\n<li>Ana Then, lunes, mi\u00e9rcoles, jueves y viernes 2:00 p. m. a 7:00 p. m.<\/li>\n<li>Doiri Gerardo, martes, mi\u00e9rcoles, jueves y viernes 2:00 p. m. a 7:00 p. m.<\/li>\n<\/ul>\n<p>&nbsp;<\/p>\n<p><strong>Psicolog\u00eda Cl\u00ednica:<\/strong><\/p>\n<p>Brinda asistencia y Soporte Psicol\u00f3gico a los pacientes que as\u00ed lo requieren.<\/p>\n<p>Lic. Ana Mar\u00eda Hern\u00e1ndez, lunes a viernes de 8:00 a. m. a 12:00 m.<\/p>\n<p>&nbsp;<\/p>\n<p><strong><u>Horarios:<\/u><\/strong><\/p>\n<p>Ofrecemos nuestros servicios, de lunes a viernes en los siguientes horarios:<\/p>\n<p><strong>Consultas y Procedimientos:<\/strong><\/p>\n<p>8:00 a. m. a 7:00 p. m.<\/p>\n<p><strong>Aplicaci\u00f3n de Quimioterapias:<\/strong><\/p>\n<p>8:00 a. m. a 4:00 p. m.<\/p>\n<p><strong>Ubicaci\u00f3n:<\/strong> edificio #3 segundo nivel ONCOPLAZA<\/p>\n<blockquote>\n<p>Nuestro objetivo es brindarles un servicio m\u00e9dico de m\u00e1xima calidad, eficaz, eficiente y con calidad humana.<\/p>\n<\/blockquote>\n<h4><\/h4>\n<\/div><\/div><\/div><\/div><\/div><\/div><\/div><\/div><\/div><\/div><\/div><\/section><section class=\"l-section wpb_row us_custom_7d5e32d4 height_auto width_full dept_img_section\"><div class=\"l-section-h i-cf\"><div class=\"g-cols vc_row type_default valign_top\"><div class=\"vc_col-sm-12 vc_hidden-lg vc_hidden-md vc_hidden-sm wpb_column vc_column_container\"><div class=\"vc_column-inner us_custom_5190e04d\"><div class=\"wpb_wrapper\"><div class=\"w-image us_custom_36724591 style_shadow-1 dept_mob_img align_none\"><div class=\"w-image-h\"><img loading=\"lazy\" decoding=\"async\" width=\"400\" height=\"168\" src=\"https:\/\/hgps.org.do\/wp-content\/uploads\/2018\/08\/oncoplaza-bg-mob.jpg\" class=\"attachment-full size-full\" alt=\"\" srcset=\"https:\/\/hgps.org.do\/wp-content\/uploads\/2018\/08\/oncoplaza-bg-mob.jpg 400w, https:\/\/hgps.org.do\/wp-content\/uploads\/2018\/08\/oncoplaza-bg-mob-300x126.jpg 300w\" sizes=\"(max-width: 400px) 100vw, 400px\" \/><\/div><\/div><\/div><\/div><\/div><\/div><\/div><\/section><!-- Row Backgrounds --><section class=\"l-section wpb_row height_auto width_full\"><div class=\"l-section-h i-cf\"><div class=\"g-cols vc_row type_default valign_top\"><div class=\"vc_col-sm-12 vc_hidden-lg vc_hidden-md vc_hidden-sm wpb_column vc_column_container\"><div class=\"vc_column-inner us_custom_eb1b9824\"><div class=\"wpb_wrapper\"><div class=\"wpb_text_column us_custom_e038e7e6\" ><div class=\"wpb_wrapper\"><p><img loading=\"lazy\" decoding=\"async\" class=\"aligncenter wp-image-23803\" style=\"padding-bottom: 20px;\" src=\"https:\/\/www.hgps.org.do\/wp-content\/uploads\/dept_logos\/mob\/hgps-oncoplaza.jpg\" alt=\"\" width=\"222\" height=\"40\" \/><\/p>\n<p>Destinada para el diagn\u00f3stico y tratamiento m\u00e9dico integral de pacientes con enfermedades Oncohematol\u00f3gicas.<\/p>\n<p>La unidad, combinando un servicio con altos est\u00e1ndares de calidad cient\u00edfica y humana est\u00e1 dotada de una plataforma tecnol\u00f3gicamente moderna.<\/p>\n<h3>Dispone de:<\/h3>\n<ul>\n<li>8 sillones para tratamiento cada uno en cub\u00edculos separados<\/li>\n<li>8 bombas de infusi\u00f3n<\/li>\n<li>Campana de flujo laminar<\/li>\n<li>Estaci\u00f3n de enfermeras<\/li>\n<li>Carro de primeros auxilios<\/li>\n<\/ul>\n<blockquote>\n<p>Nuestro objetivo es brindarles un servicio m\u00e9dico de m\u00e1xima calidad, eficaz, eficiente y con calidad humana.<\/p>\n<\/blockquote>\n<h4><\/h4>\n<\/div><\/div><div class=\"g-cols wpb_row  type_default valign_top vc_inner\"><div class=\"vc_col-sm-12 wpb_column vc_column_container has-fill\"><div class=\"vc_column-inner us_custom_cfced21c\"><div class=\"wpb_wrapper\"><\/div><\/div><\/div><\/div><\/div><\/div><\/div><\/div><\/div><\/section><section class=\"l-section wpb_row us_custom_369d9814 height_medium width_full with_img\" id=\"servicios\"><div class=\"l-section-img\" style=\"background-image: url(https:\/\/hgps.org.do\/wp-content\/uploads\/2018\/08\/oncoplaza-bg-e1534820194701.jpg);background-position: top right;background-repeat: no-repeat;background-size: auto;\" data-img-width=\"755\" data-img-height=\"781\"><\/div><div class=\"l-section-h i-cf\"><div class=\"g-cols vc_row type_default valign_top\"><div class=\"vc_col-sm-8 wpb_column vc_column_container has-fill\"><div class=\"vc_column-inner us_custom_bb4d716a\"><div class=\"wpb_wrapper\"><div class=\"wpb_text_column\" ><div class=\"wpb_wrapper\"><h2 style=\"text-align: center;\"><span style=\"color: #32477b;\">Servicios de Oncolog\u00eda<\/span><\/h2>\n<p style=\"text-align: center;\"><span style=\"color: #32477b;\">Destinada a pacientes mayores de 16 a\u00f1os; los cuales pueden acudir para detecci\u00f3n temprana, diagn\u00f3stico y tratamiento de enfermedades pre-malignas y c\u00e1ncer y, adem\u00e1s, pacientes con enfermedades hematol\u00f3gicas benignas y malignas.<\/span><\/p>\n<div class=\"serv_lcol\">\n<ul style=\"color: #32477b;\">\n<li>Consulta de Oncolog\u00eda M\u00e9dica<\/li>\n<li>Cl\u00ednica del Dolor<\/li>\n<li>Ginecolog\u00eda Oncol\u00f3gica<\/li>\n<li>Hospital de D\u00eda<\/li>\n<\/ul>\n<\/div>\n<div class=\"serv_rcol\">\n<ul style=\"color: #32477b;\">\n<li>Consulta de Hematolog\u00eda<\/li>\n<li>Cirug\u00eda Oncol\u00f3gica<\/li>\n<li>Im\u00e1genes<\/li>\n<li>Psicolog\u00eda Cl\u00ednica<\/li>\n<\/ul>\n<\/div>\n<\/div><\/div><div class=\"w-separator size_small with_line width_default thick_1 style_solid color_border align_center\"><div class=\"w-separator-h\"><\/div><\/div><div class=\"w-btn-wrapper width_auto align_center\"><a class=\"w-btn us-btn-style_6 us_custom_f4397b66\" href=\"https:\/\/portal-hgps.azurewebsites.net:8888\/es\/citas\/\"><span class=\"w-btn-label\">Solicita una Cita<\/span><\/a><\/div><\/div><\/div><\/div><div class=\"vc_col-sm-4 wpb_column vc_column_container\"><div class=\"vc_column-inner\"><div class=\"wpb_wrapper\"><\/div><\/div><\/div><\/div><\/div><\/section><!-- Row Backgrounds --><div class=\"upb_color\" data-bg-override=\"0\" data-bg-color=\"#dbdbdb\" data-fadeout=\"\" data-fadeout-percentage=\"30\" data-parallax-content=\"\" data-parallax-content-sense=\"30\" data-row-effect-mobile-disable=\"true\" data-img-parallax-mobile-disable=\"true\" data-rtl=\"false\"  data-custom-vc-row=\"\"  data-vc=\"6.6.0\"  data-is_old_vc=\"\"  data-theme-support=\"\"   data-overlay=\"false\" data-overlay-color=\"\" data-overlay-pattern=\"\" data-overlay-pattern-opacity=\"\" data-overlay-pattern-size=\"\"    ><\/div><section class=\"l-section wpb_row us_custom_50cc7d67 height_auto width_full titulo_depts\" id=\"tel_ubic\"><div class=\"l-section-h i-cf\"><div class=\"g-cols vc_row type_default valign_top\"><div class=\"vc_col-sm-8 vc_hidden-lg vc_hidden-md vc_hidden-sm wpb_column vc_column_container has-fill\"><div class=\"vc_column-inner us_custom_e2bbc56c\"><div class=\"wpb_wrapper\"><div class=\"wpb_text_column title_widget\" ><div class=\"wpb_wrapper\"><div class=\"horario_lcol\">\n<h4 class=\"title_side\"><i class=\"far fa-clock\"><\/i> Horario<\/h4>\n<p class=\"title_text\">Consultas: 8:00am -8:00pm<br \/>\nAplicaci\u00f3n de Quimioterapia: 8:00am &#8211; 4:00pm<br \/>\nArea de Im\u00e1genes: 7:00am &#8211; 7:00pm<\/p>\n<\/div>\n<div class=\"horario_rcol\">\n<h4 class=\"title_side\"><i class=\"fas fa-map-marker-alt\"><\/i> Ubicaci\u00f3n<\/h4>\n<p class=\"title_text\">2do. Piso, Hospital de Geriatr\u00eda<\/p>\n<\/div>\n<\/div><\/div><\/div><\/div><\/div><\/div><\/div><\/section><!-- Row Backgrounds --><section class=\"l-section wpb_row us_custom_4400d46d height_medium dept_img_section\"><div class=\"l-section-h i-cf\"><div class=\"g-cols vc_row type_default valign_top\"><div class=\"vc_col-sm-12 wpb_column vc_column_container\"><div class=\"vc_column-inner\"><div class=\"wpb_wrapper\"><div class=\"w-grid type_grid layout_gallery_default cols_6\" id=\"us_grid_1\" data-grid-filter=\"true\"><style id=\"us_grid_1_css\">#us_grid_1 .w-grid-item{padding:4px}#us_grid_1 .w-grid-list{margin:-4px}.w-grid + #us_grid_1 .w-grid-list{margin-top:4px}@media (max-width:767px){#us_grid_1 .w-grid-item{width:25%}}@media (max-width:479px){#us_grid_1 .w-grid-item{width:50%}}<\/style><style>.layout_gallery_default .w-grid-item-h{}<\/style><div class=\"w-grid-list\" ><article class=\"w-grid-item post-23297 attachment type-attachment status-inherit hentry\" data-id=\"23297\">\r\n\t<div class=\"w-grid-item-h\">\r\n\t\t\t\t\t<a class=\"w-grid-item-anchor\" href=\"https:\/\/hgps.org.do\/wp-content\/uploads\/2018\/05\/oncoplaza-bg-1-e1534822303538.jpg\" ref=\"magnificPopupGrid\" title aria-label=\"oncoplaza-bg\"><\/a>\r\n\t\t\t\t<div class=\"w-post-elm post_image usg_post_image_1 stretched\"><img loading=\"lazy\" decoding=\"async\" width=\"150\" height=\"150\" src=\"https:\/\/hgps.org.do\/wp-content\/uploads\/2018\/05\/oncoplaza-bg-1-e1534822303538-150x150.jpg\" class=\"attachment-thumbnail size-thumbnail\" alt=\"\" \/><\/div>\t<\/div>\r\n<\/article>\r\n<article class=\"w-grid-item post-23815 attachment type-attachment status-inherit hentry\" data-id=\"23815\">\r\n\t<div class=\"w-grid-item-h\">\r\n\t\t\t\t\t<a class=\"w-grid-item-anchor\" href=\"https:\/\/hgps.org.do\/wp-content\/uploads\/2018\/08\/oncoplaza-02.jpg\" ref=\"magnificPopupGrid\" title aria-label=\"oncoplaza-02\"><\/a>\r\n\t\t\t\t<div class=\"w-post-elm post_image usg_post_image_1 stretched\"><img loading=\"lazy\" decoding=\"async\" width=\"150\" height=\"150\" src=\"https:\/\/hgps.org.do\/wp-content\/uploads\/2018\/08\/oncoplaza-02-150x150.jpg\" class=\"attachment-thumbnail size-thumbnail\" alt=\"\" \/><\/div>\t<\/div>\r\n<\/article>\r\n<article class=\"w-grid-item post-23990 attachment type-attachment status-inherit hentry\" data-id=\"23990\">\r\n\t<div class=\"w-grid-item-h\">\r\n\t\t\t\t\t<a class=\"w-grid-item-anchor\" href=\"https:\/\/hgps.org.do\/wp-content\/uploads\/2018\/08\/oncoplaza-01-1.jpg\" ref=\"magnificPopupGrid\" title aria-label=\"oncoplaza-01\"><\/a>\r\n\t\t\t\t<div class=\"w-post-elm post_image usg_post_image_1 stretched\"><img loading=\"lazy\" decoding=\"async\" width=\"150\" height=\"150\" src=\"https:\/\/hgps.org.do\/wp-content\/uploads\/2018\/08\/oncoplaza-01-1-150x150.jpg\" class=\"attachment-thumbnail size-thumbnail\" alt=\"\" srcset=\"https:\/\/hgps.org.do\/wp-content\/uploads\/2018\/08\/oncoplaza-01-1-150x150.jpg 150w, https:\/\/hgps.org.do\/wp-content\/uploads\/2018\/08\/oncoplaza-01-1-600x600.jpg 600w\" sizes=\"(max-width: 150px) 100vw, 150px\" \/><\/div>\t<\/div>\r\n<\/article>\r\n<article class=\"w-grid-item post-23989 attachment type-attachment status-inherit hentry\" data-id=\"23989\">\r\n\t<div class=\"w-grid-item-h\">\r\n\t\t\t\t\t<a class=\"w-grid-item-anchor\" href=\"https:\/\/hgps.org.do\/wp-content\/uploads\/2018\/08\/oncoplaza-02-1.jpg\" ref=\"magnificPopupGrid\" title aria-label=\"oncoplaza-02\"><\/a>\r\n\t\t\t\t<div class=\"w-post-elm post_image usg_post_image_1 stretched\"><img loading=\"lazy\" decoding=\"async\" width=\"150\" height=\"150\" src=\"https:\/\/hgps.org.do\/wp-content\/uploads\/2018\/08\/oncoplaza-02-1-150x150.jpg\" class=\"attachment-thumbnail size-thumbnail\" alt=\"\" srcset=\"https:\/\/hgps.org.do\/wp-content\/uploads\/2018\/08\/oncoplaza-02-1-150x150.jpg 150w, https:\/\/hgps.org.do\/wp-content\/uploads\/2018\/08\/oncoplaza-02-1-600x600.jpg 600w\" sizes=\"(max-width: 150px) 100vw, 150px\" \/><\/div>\t<\/div>\r\n<\/article>\r\n<article class=\"w-grid-item post-23988 attachment type-attachment status-inherit hentry\" data-id=\"23988\">\r\n\t<div class=\"w-grid-item-h\">\r\n\t\t\t\t\t<a class=\"w-grid-item-anchor\" href=\"https:\/\/hgps.org.do\/wp-content\/uploads\/2018\/08\/oncoplaza-bg2.jpg\" ref=\"magnificPopupGrid\" title aria-label=\"oncoplaza-bg2\"><\/a>\r\n\t\t\t\t<div class=\"w-post-elm post_image usg_post_image_1 stretched\"><img loading=\"lazy\" decoding=\"async\" width=\"150\" height=\"150\" src=\"https:\/\/hgps.org.do\/wp-content\/uploads\/2018\/08\/oncoplaza-bg2-150x150.jpg\" class=\"attachment-thumbnail size-thumbnail\" alt=\"\" srcset=\"https:\/\/hgps.org.do\/wp-content\/uploads\/2018\/08\/oncoplaza-bg2-150x150.jpg 150w, https:\/\/hgps.org.do\/wp-content\/uploads\/2018\/08\/oncoplaza-bg2-600x600.jpg 600w\" sizes=\"(max-width: 150px) 100vw, 150px\" \/><\/div>\t<\/div>\r\n<\/article>\r\n<article class=\"w-grid-item post-23813 attachment type-attachment status-inherit hentry\" data-id=\"23813\">\r\n\t<div class=\"w-grid-item-h\">\r\n\t\t\t\t\t<a class=\"w-grid-item-anchor\" href=\"https:\/\/hgps.org.do\/wp-content\/uploads\/2018\/08\/oncoplaza-04.jpg\" ref=\"magnificPopupGrid\" title aria-label=\"oncoplaza-04\"><\/a>\r\n\t\t\t\t<div class=\"w-post-elm post_image usg_post_image_1 stretched\"><img loading=\"lazy\" decoding=\"async\" width=\"150\" height=\"150\" src=\"https:\/\/hgps.org.do\/wp-content\/uploads\/2018\/08\/oncoplaza-04-150x150.jpg\" class=\"attachment-thumbnail size-thumbnail\" alt=\"\" \/><\/div>\t<\/div>\r\n<\/article>\r\n<\/div><div class=\"w-grid-preloader\"><div class=\"g-preloader type_1\">\r\n\t<div><\/div>\r\n<\/div>\r\n<\/div>\t<div class=\"w-grid-json hidden\" onclick='return {&quot;action&quot;:&quot;us_ajax_grid&quot;,&quot;ajax_url&quot;:&quot;https:\\\/\\\/hgps.org.do\\\/wp-admin\\\/admin-ajax.php&quot;,&quot;infinite_scroll&quot;:0,&quot;max_num_pages&quot;:1,&quot;pagination&quot;:&quot;none&quot;,&quot;permalink_url&quot;:&quot;https:\\\/\\\/hgps.org.do\\\/es\\\/wp-json\\\/wp\\\/v2\\\/pages\\\/22816&quot;,&quot;template_vars&quot;:{&quot;columns&quot;:&quot;6&quot;,&quot;exclude_items&quot;:&quot;none&quot;,&quot;img_size&quot;:&quot;thumbnail&quot;,&quot;ignore_items_size&quot;:false,&quot;items_layout&quot;:&quot;gallery_default&quot;,&quot;items_offset&quot;:&quot;1&quot;,&quot;overriding_link&quot;:&quot;popup_post_image&quot;,&quot;post_id&quot;:22816,&quot;query_args&quot;:{&quot;post_type&quot;:[&quot;attachment&quot;],&quot;post__in&quot;:[&quot;23297&quot;,&quot;23815&quot;,&quot;23990&quot;,&quot;23989&quot;,&quot;23988&quot;,&quot;23813&quot;],&quot;post_status&quot;:&quot;inherit&quot;,&quot;post_mime_type&quot;:&quot;image&quot;,&quot;orderby&quot;:{&quot;post__in&quot;:&quot;ASC&quot;},&quot;posts_per_page&quot;:999},&quot;type&quot;:&quot;grid&quot;,&quot;us_grid_ajax_index&quot;:1,&quot;us_grid_filter_params&quot;:null,&quot;us_grid_index&quot;:1,&quot;_us_grid_post_type&quot;:&quot;attachment&quot;}}'><\/div>\r\n<\/div><\/div><\/div><\/div><\/div><\/div><\/section>\n","protected":false},"excerpt":{"rendered":"","protected":false},"author":1,"featured_media":0,"parent":22813,"menu_order":24,"comment_status":"closed","ping_status":"closed","template":"","meta":{"footnotes":""},"_links":{"self":[{"href":"https:\/\/hgps.org.do\/es\/wp-json\/wp\/v2\/pages\/22816"}],"collection":[{"href":"https:\/\/hgps.org.do\/es\/wp-json\/wp\/v2\/pages"}],"about":[{"href":"https:\/\/hgps.org.do\/es\/wp-json\/wp\/v2\/types\/page"}],"author":[{"embeddable":true,"href":"https:\/\/hgps.org.do\/es\/wp-json\/wp\/v2\/users\/1"}],"replies":[{"embeddable":true,"href":"https:\/\/hgps.org.do\/es\/wp-json\/wp\/v2\/comments?post=22816"}],"version-history":[{"count":155,"href":"https:\/\/hgps.org.do\/es\/wp-json\/wp\/v2\/pages\/22816\/revisions"}],"predecessor-version":[{"id":27361,"href":"https:\/\/hgps.org.do\/es\/wp-json\/wp\/v2\/pages\/22816\/revisions\/27361"}],"up":[{"embeddable":true,"href":"https:\/\/hgps.org.do\/es\/wp-json\/wp\/v2\/pages\/22813"}],"wp:attachment":[{"href":"https:\/\/hgps.org.do\/es\/wp-json\/wp\/v2\/media?parent=22816"}],"curies":[{"name":"wp","href":"https:\/\/api.w.org\/{rel}","templated":true}]}}