{"id":22819,"date":"2018-05-01T21:19:35","date_gmt":"2018-05-01T21:19:35","guid":{"rendered":"https:\/\/portal-hgps.azurewebsites.net\/centros-especializados\/emergencia\/"},"modified":"2022-05-31T13:59:38","modified_gmt":"2022-05-31T13:59:38","slug":"emergencia","status":"publish","type":"page","link":"https:\/\/hgps.org.do\/es\/servicios-medicos\/emergencia\/","title":{"rendered":"Emergencia"},"content":{"rendered":"<section class=\"l-section wpb_row height_medium titulo_depts with_img\"><div class=\"l-section-img\" style=\"background-image: url(https:\/\/hgps.org.do\/wp-content\/uploads\/2018\/09\/emergencia-bg-title.jpg);background-position: top left;background-repeat: no-repeat;\" data-img-width=\"1069\" data-img-height=\"304\"><\/div><div class=\"l-section-h i-cf\"><div class=\"g-cols vc_row type_default valign_top\"><div class=\"vc_col-sm-6 vc_hidden-sm vc_hidden-xs wpb_column vc_column_container\"><div class=\"vc_column-inner us_custom_5190e04d\"><div class=\"wpb_wrapper\"><\/div><\/div><\/div><div class=\"vc_col-sm-6 vc_hidden-sm vc_hidden-xs wpb_column vc_column_container\"><div class=\"vc_column-inner us_custom_3b90e57a\"><div class=\"wpb_wrapper\"><div class=\"wpb_text_column title_widget\" ><div class=\"wpb_wrapper\"><h3 style=\"color: #ffffff; font-weight: 100;\">Emergencia asistida 24 horas al d\u00eda y 7 d\u00edas a la semana por Especialistas en Emergencia los cuales cuentan con una sala de 30 camas (la m\u00e1s grande del pa\u00eds)<\/h3>\n<\/div><\/div><\/div><\/div><\/div><\/div><\/div><\/section><!-- Row Backgrounds --><section class=\"l-section wpb_row height_auto titulo_depts with_img\"><div class=\"l-section-img\" style=\"background-image: url(https:\/\/hgps.org.do\/wp-content\/uploads\/2018\/09\/emergencia-bg-title.jpg);background-position: top right;background-repeat: no-repeat;\" data-img-width=\"1069\" data-img-height=\"304\"><\/div><div class=\"l-section-h i-cf\"><div class=\"g-cols vc_row type_default valign_top\"><div class=\"vc_col-sm-6 vc_hidden-lg vc_hidden-md vc_hidden-xs wpb_column vc_column_container\"><div class=\"vc_column-inner us_custom_5190e04d\"><div class=\"wpb_wrapper\"><\/div><\/div><\/div><div class=\"vc_col-sm-6 vc_hidden-lg vc_hidden-md vc_hidden-xs wpb_column vc_column_container\"><div class=\"vc_column-inner us_custom_1c644d23\"><div class=\"wpb_wrapper\"><div class=\"wpb_text_column title_widget\" ><div class=\"wpb_wrapper\"><h3 style=\"color: #ffffff; font-weight: 100;\">Emergencia asistida 24 horas al d\u00eda y 7 d\u00edas a la semana por Especialistas en Emergencia los cuales cuentan con una sala de 30 camas (la m\u00e1s grande del pa\u00eds)<\/h3>\n<\/div><\/div><\/div><\/div><\/div><\/div><\/div><\/section><!-- Row Backgrounds --><section class=\"l-section wpb_row us_custom_7d5e32d4 height_auto width_full dept_img_section\"><div class=\"l-section-h i-cf\"><div class=\"g-cols vc_row type_default valign_top\"><div class=\"vc_col-sm-12 vc_hidden-lg vc_hidden-md vc_hidden-sm wpb_column vc_column_container\"><div class=\"vc_column-inner us_custom_5190e04d\"><div class=\"wpb_wrapper\"><div class=\"w-image us_custom_36724591 style_shadow-1 dept_mob_img align_none\"><div class=\"w-image-h\"><img loading=\"lazy\" decoding=\"async\" width=\"400\" height=\"168\" src=\"https:\/\/hgps.org.do\/wp-content\/uploads\/2018\/09\/emergencia-bg-mob.jpg\" class=\"attachment-full size-full\" alt=\"\" srcset=\"https:\/\/hgps.org.do\/wp-content\/uploads\/2018\/09\/emergencia-bg-mob.jpg 400w, https:\/\/hgps.org.do\/wp-content\/uploads\/2018\/09\/emergencia-bg-mob-300x126.jpg 300w\" sizes=\"(max-width: 400px) 100vw, 400px\" \/><\/div><\/div><\/div><\/div><\/div><\/div><\/div><\/section><!-- Row Backgrounds --><section class=\"l-section wpb_row height_auto width_full dept_desc\" id=\"tab_servicios\"><div class=\"l-section-h i-cf\"><div class=\"g-cols vc_row type_default valign_top\"><div class=\"vc_col-sm-12 vc_hidden-xs wpb_column vc_column_container\"><div class=\"vc_column-inner us_custom_eb1b9824\"><div class=\"wpb_wrapper\"><div class=\"g-cols wpb_row  type_default valign_top vc_inner\"><div class=\"vc_col-sm-9 wpb_column vc_column_container\"><div class=\"vc_column-inner us_custom_6f4bb857\"><div class=\"wpb_wrapper\"><div id=\"ultimate-heading-475969e55137e5094\" class=\"uvc-heading ult-adjust-bottom-margin ultimate-heading-475969e55137e5094 uvc-2251 \" data-hspacer=\"line_only\"  data-halign=\"center\" style=\"text-align:center\"><div class=\"uvc-main-heading ult-responsive\"  data-ultimate-target='.uvc-heading.ultimate-heading-475969e55137e5094 h2'  data-responsive-json-new='{\"font-size\":\"\",\"line-height\":\"\"}' ><h2 style=\"font-weight:normal;margin-bottom:10px;\">Emergencia<\/h2><\/div><div class=\"uvc-heading-spacer line_only\" style=\"margin-bottom:20px;height:2px;\"><span class=\"uvc-headings-line\" style=\"border-style:solid;border-bottom-width:2px;border-color:#00abc6;width:300px;\"><\/span><\/div><\/div><div class=\"wpb_text_column\" ><div class=\"wpb_wrapper\"><p>La demanda de atenci\u00f3n en el sector salud va en aumento y la Emergencia no escapa a esta realidad donde se atienden por d\u00eda de 150 a 170 pacientes y ya el a\u00f1o pasado asistimos a m\u00e1s de 56,000 pacientes con una tasa en aumento de 3 a 5% anual. Esto plantea la necesidad de trabajar en mejor\u00eda constante de los procesos de atenci\u00f3n, clasificaci\u00f3n adecuada de los pacientes que nos visitan en base a sus s\u00edntomas de presentaci\u00f3n (Triage) y toma de decisiones cl\u00ednicas protocolizadas.<\/p>\n<p>Nuestra instituci\u00f3n desde el a\u00f1o 2003 tuvo la visi\u00f3n de la necesidad de contar con el recurso humano necesario para la atenci\u00f3n de pacientes en situaci\u00f3n cr\u00edtica creo la residencia de Medicina de Emergencia y Desastres lo que ha permitido en un proceso en evoluci\u00f3n contar en la actualidad con una emergencia asistida 24 horas al d\u00eda y 7 d\u00edas a la semana por Especialistas en Emergencia los cuales cuentan con una sala de 30 camas (la m\u00e1s grande del pa\u00eds), especialistas de guardia en el hospital( cirujanos, obstetras, intensivistas, etc.) que aseguran una adecuada continuidad en la atenci\u00f3n medica; personal de apoyo como residentes, enfermeras, auxiliares de transporte y todo lo necesario para estudios de laboratorio e im\u00e1genes.<\/p>\n<p>Adem\u00e1s, desde el a\u00f1o 2015, luego de nuestra remodelaci\u00f3n, contamos con una emergencia pedi\u00e1trica con sala de espera independiente que cuenta con 10 puestos de atenci\u00f3n y m\u00e9dicos pediatras entrenados 24\/7; y somos la \u00fanica emergencia en Rep\u00fablica dominicana que cuenta con 2 espacios de aislamiento con presi\u00f3n negativa para la recepci\u00f3n de pacientes con enfermedades infectocontagiosas.<\/p>\n<p>Ante una emergencia que comprometa la vida del paciente, en momentos donde el factor tiempo es fundamental el contar con emergenci\u00f3logos entrenados en reanimaci\u00f3n cardiopulmonar, manejo avanzado de la v\u00eda a\u00e9rea, colocaci\u00f3n de v\u00edas centrales, entre otras destrezas, puede ser la diferencia. Esto en un ambiente de trabajo con todo lo necesario para enfrentar problemas complejos de salud, hace de la Emergencia del Hospital General de la Plaza de la Salud la mejor equipada del pa\u00eds.<\/p>\n<\/div><\/div><\/div><\/div><\/div><\/div><\/div><\/div><\/div><\/div><\/div><\/section><section class=\"l-section wpb_row us_custom_4edece6e height_auto width_full dept_desc\"><div class=\"l-section-h i-cf\"><div class=\"g-cols vc_row type_default valign_top\"><div class=\"vc_col-sm-12 vc_hidden-lg vc_hidden-md vc_hidden-sm wpb_column vc_column_container\"><div class=\"vc_column-inner us_custom_6a15714b\"><div class=\"wpb_wrapper\"><div id=\"ultimate-heading-358269e55137e5b19\" class=\"uvc-heading ult-adjust-bottom-margin ultimate-heading-358269e55137e5b19 uvc-9755 \" data-hspacer=\"line_only\"  data-halign=\"center\" style=\"text-align:center\"><div class=\"uvc-main-heading ult-responsive\"  data-ultimate-target='.uvc-heading.ultimate-heading-358269e55137e5b19 h2'  data-responsive-json-new='{\"font-size\":\"\",\"line-height\":\"\"}' ><h2 style=\"font-weight:normal;margin-bottom:10px;\">Emergencia<\/h2><\/div><div class=\"uvc-heading-spacer line_only\" style=\"margin-bottom:20px;height:2px;\"><span class=\"uvc-headings-line\" style=\"border-style:solid;border-bottom-width:2px;border-color:#00abc6;width:300px;\"><\/span><\/div><\/div><div class=\"wpb_text_column\" ><div class=\"wpb_wrapper\"><p>La demanda de atenci\u00f3n en el sector salud va en aumento y la Emergencia no escapa a esta realidad donde se atienden por d\u00eda de 150 a 170 pacientes y ya el a\u00f1o pasado asistimos a m\u00e1s de 56,000 pacientes con una tasa en aumento de 3 a 5% anual. Esto plantea la necesidad de trabajar en mejor\u00eda constante de los procesos de atenci\u00f3n, clasificaci\u00f3n adecuada de los pacientes que nos visitan en base a sus s\u00edntomas de presentaci\u00f3n (Triage) y toma de decisiones cl\u00ednicas protocolizadas.<\/p>\n<p>Nuestra instituci\u00f3n desde el a\u00f1o 2003 tuvo la visi\u00f3n de la necesidad de contar con el recurso humano necesario para la atenci\u00f3n de pacientes en situaci\u00f3n cr\u00edtica creo la residencia de Medicina de Emergencia y Desastres lo que ha permitido en un proceso en evoluci\u00f3n contar en la actualidad con una emergencia asistida 24 horas al d\u00eda y 7 d\u00edas a la semana por Especialistas en Emergencia los cuales cuentan con una sala de 30 camas (la m\u00e1s grande del pa\u00eds), especialistas de guardia en el hospital( cirujanos, obstetras, intensivistas, etc.) que aseguran una adecuada continuidad en la atenci\u00f3n medica; personal de apoyo como residentes, enfermeras, auxiliares de transporte y todo lo necesario para estudios de laboratorio e im\u00e1genes.<\/p>\n<p>Adem\u00e1s, desde el a\u00f1o 2015, luego de nuestra remodelaci\u00f3n, contamos con una emergencia pedi\u00e1trica con sala de espera independiente que cuenta con 10 puestos de atenci\u00f3n y m\u00e9dicos pediatras entrenados 24\/7; y somos la \u00fanica emergencia en Rep\u00fablica dominicana que cuenta con 2 espacios de aislamiento con presi\u00f3n negativa para la recepci\u00f3n de pacientes con enfermedades infectocontagiosas.<\/p>\n<p>Ante una emergencia que comprometa la vida del paciente, en momentos donde el factor tiempo es fundamental el contar con emergenci\u00f3logos entrenados en reanimaci\u00f3n cardiopulmonar, manejo avanzado de la v\u00eda a\u00e9rea, colocaci\u00f3n de v\u00edas centrales, entre otras destrezas, puede ser la diferencia. Esto en un ambiente de trabajo con todo lo necesario para enfrentar problemas complejos de salud, hace de la Emergencia del Hospital General de la Plaza de la Salud la mejor equipada del pa\u00eds.<\/p>\n<\/div><\/div><\/div><\/div><\/div><\/div><\/div><\/section>\n","protected":false},"excerpt":{"rendered":"Emergencia asistida 24 horas al d\u00eda y 7 d\u00edas a la semana por Especialistas en Emergencia los cuales cuentan con una sala de 30 camas (la m\u00e1s grande del pa\u00eds) Emergencia asistida 24 horas al d\u00eda y 7 d\u00edas a la semana por Especialistas en Emergencia los cuales cuentan con una sala de 30 camas...","protected":false},"author":1,"featured_media":0,"parent":22825,"menu_order":27,"comment_status":"closed","ping_status":"closed","template":"","meta":{"footnotes":""},"_links":{"self":[{"href":"https:\/\/hgps.org.do\/es\/wp-json\/wp\/v2\/pages\/22819"}],"collection":[{"href":"https:\/\/hgps.org.do\/es\/wp-json\/wp\/v2\/pages"}],"about":[{"href":"https:\/\/hgps.org.do\/es\/wp-json\/wp\/v2\/types\/page"}],"author":[{"embeddable":true,"href":"https:\/\/hgps.org.do\/es\/wp-json\/wp\/v2\/users\/1"}],"replies":[{"embeddable":true,"href":"https:\/\/hgps.org.do\/es\/wp-json\/wp\/v2\/comments?post=22819"}],"version-history":[{"count":9,"href":"https:\/\/hgps.org.do\/es\/wp-json\/wp\/v2\/pages\/22819\/revisions"}],"predecessor-version":[{"id":27522,"href":"https:\/\/hgps.org.do\/es\/wp-json\/wp\/v2\/pages\/22819\/revisions\/27522"}],"up":[{"embeddable":true,"href":"https:\/\/hgps.org.do\/es\/wp-json\/wp\/v2\/pages\/22825"}],"wp:attachment":[{"href":"https:\/\/hgps.org.do\/es\/wp-json\/wp\/v2\/media?parent=22819"}],"curies":[{"name":"wp","href":"https:\/\/api.w.org\/{rel}","templated":true}]}}