{"id":22821,"date":"2018-05-01T21:19:35","date_gmt":"2018-05-01T21:19:35","guid":{"rendered":"https:\/\/portal-hgps.azurewebsites.net\/centros-especializados\/bloque-quirurgico\/"},"modified":"2022-05-04T19:02:42","modified_gmt":"2022-05-04T19:02:42","slug":"bloque-quirurgico","status":"publish","type":"page","link":"https:\/\/hgps.org.do\/es\/servicios-medicos\/bloque-quirurgico\/","title":{"rendered":"Bloque Quir\u00fargico"},"content":{"rendered":"<section class=\"l-section wpb_row height_auto titulo_depts with_img\"><div class=\"l-section-img\" style=\"background-image: url(https:\/\/hgps.org.do\/wp-content\/uploads\/2018\/09\/bloquequirurjico-bg-title.jpg);background-position: top left;background-repeat: no-repeat;\" data-img-width=\"1069\" data-img-height=\"304\"><\/div><div class=\"l-section-h i-cf\"><div class=\"g-cols vc_row type_default valign_top\"><div class=\"vc_col-sm-6 vc_hidden-sm vc_hidden-xs wpb_column vc_column_container\"><div class=\"vc_column-inner us_custom_5190e04d\"><div class=\"wpb_wrapper\"><\/div><\/div><\/div><div class=\"vc_col-sm-6 vc_hidden-sm vc_hidden-xs wpb_column vc_column_container\"><div class=\"vc_column-inner us_custom_3b90e57a\"><div class=\"wpb_wrapper\"><div class=\"wpb_text_column title_widget\" ><div class=\"wpb_wrapper\"><h3 style=\"color: #ffffff; font-weight: 100;\">El bloque quir\u00fargico del HGPS cuenta con varios quir\u00f3fanos, equipados con tecnolog\u00eda de \u00faltima generaci\u00f3n y dise\u00f1ados para garantizar la m\u00e1xima seguridad del paciente.<\/h3>\n<\/div><\/div><\/div><\/div><\/div><\/div><\/div><\/section><!-- Row Backgrounds --><section class=\"l-section wpb_row height_auto titulo_depts with_img\"><div class=\"l-section-img\" style=\"background-image: url(https:\/\/hgps.org.do\/wp-content\/uploads\/2018\/09\/bloquequirurjico-bg-title.jpg);background-position: top right;background-repeat: no-repeat;\" data-img-width=\"1069\" data-img-height=\"304\"><\/div><div class=\"l-section-h i-cf\"><div class=\"g-cols vc_row type_default valign_top\"><div class=\"vc_col-sm-6 vc_hidden-lg vc_hidden-md vc_hidden-xs wpb_column vc_column_container\"><div class=\"vc_column-inner us_custom_5190e04d\"><div class=\"wpb_wrapper\"><\/div><\/div><\/div><div class=\"vc_col-sm-6 vc_hidden-lg vc_hidden-md vc_hidden-xs wpb_column vc_column_container\"><div class=\"vc_column-inner us_custom_1c644d23\"><div class=\"wpb_wrapper\"><div class=\"wpb_text_column title_widget\" ><div class=\"wpb_wrapper\"><h4 style=\"color: #ffffff; font-weight: 100;\">El bloque quir\u00fargico del HGPS cuenta con varios quir\u00f3fanos, equipados con tecnolog\u00eda de \u00faltima generaci\u00f3n y dise\u00f1ados para garantizar la m\u00e1xima seguridad del paciente.<\/h4>\n<\/div><\/div><\/div><\/div><\/div><\/div><\/div><\/section><!-- Row Backgrounds --><section class=\"l-section wpb_row us_custom_7d5e32d4 height_auto width_full dept_img_section\"><div class=\"l-section-h i-cf\"><div class=\"g-cols vc_row type_default valign_top\"><div class=\"vc_col-sm-12 vc_hidden-lg vc_hidden-md vc_hidden-sm wpb_column vc_column_container\"><div class=\"vc_column-inner us_custom_5190e04d\"><div class=\"wpb_wrapper\"><div class=\"w-image us_custom_36724591 style_shadow-1 dept_mob_img align_none\"><div class=\"w-image-h\"><img loading=\"lazy\" decoding=\"async\" width=\"400\" height=\"168\" src=\"https:\/\/hgps.org.do\/wp-content\/uploads\/2018\/09\/bloquequirurjico-bg-mob.jpg\" class=\"attachment-full size-full\" alt=\"\" srcset=\"https:\/\/hgps.org.do\/wp-content\/uploads\/2018\/09\/bloquequirurjico-bg-mob.jpg 400w, https:\/\/hgps.org.do\/wp-content\/uploads\/2018\/09\/bloquequirurjico-bg-mob-300x126.jpg 300w\" sizes=\"(max-width: 400px) 100vw, 400px\" \/><\/div><\/div><\/div><\/div><\/div><\/div><\/div><\/section><!-- Row Backgrounds --><section class=\"l-section wpb_row height_auto width_full dept_desc\" id=\"tab_servicios\"><div class=\"l-section-h i-cf\"><div class=\"g-cols vc_row type_default valign_top\"><div class=\"vc_col-sm-12 vc_hidden-xs wpb_column vc_column_container\"><div class=\"vc_column-inner us_custom_eb1b9824\"><div class=\"wpb_wrapper\"><div class=\"g-cols wpb_row  type_default valign_top vc_inner\"><div class=\"vc_col-sm-12 wpb_column vc_column_container\"><div class=\"vc_column-inner us_custom_6f4bb857\"><div class=\"wpb_wrapper\"><div id=\"ultimate-heading-457869de7e832794d\" class=\"uvc-heading ult-adjust-bottom-margin ultimate-heading-457869de7e832794d uvc-1520 \" data-hspacer=\"line_only\"  data-halign=\"center\" style=\"text-align:center\"><div class=\"uvc-main-heading ult-responsive\"  data-ultimate-target='.uvc-heading.ultimate-heading-457869de7e832794d h2'  data-responsive-json-new='{\"font-size\":\"\",\"line-height\":\"\"}' ><h2 style=\"font-weight:normal;margin-bottom:10px;\">Bloque Quir\u00fargico<\/h2><\/div><div class=\"uvc-heading-spacer line_only\" style=\"margin-bottom:20px;height:2px;\"><span class=\"uvc-headings-line\" style=\"border-style:solid;border-bottom-width:2px;border-color:#00abc6;width:300px;\"><\/span><\/div><\/div><div class=\"wpb_text_column\" ><div class=\"wpb_wrapper\"><p>De acuerdo a los nuevos tiempos nuestro equipo quir\u00fargico se ha fortalecido en base a tres pilares que son: Medicina basada en evidencia, buenas pr\u00e1cticas y competencia de nuestros cirujanos. Esto ha logrado sectorizar las especialidades quir\u00fargicas en sus \u00e1reas de expertise con la finalidad de garantizar un servicio \u00f3ptimo y seguro.<\/p>\n<p>Contamos con un servicio integral y novedoso desde nuestra Gerencia Sr. de Gesti\u00f3n quir\u00fargica la que engloba todos los servicios que ofrecemos en el bloque quir\u00fargico el mismo inicia desde que el paciente es identificado como quir\u00fargico, nuestra puerta 23 del segundo piso edf. 1, gestiona todos los documentos requeridos para iniciar su proceso de evaluaci\u00f3n pre- quir\u00fargica, este le permite acortar el proceso de evaluaci\u00f3n en el HGPS y las autorizaciones por las aseguradoras.<\/p>\n<p>Los servicios quir\u00fargicos ofrecidos derivan desde la Gerencia Sr. De Gesti\u00f3n quir\u00fargica y Central de Esterilizaci\u00f3n, la cual consta de Siete (7) gerencias son:<\/p>\n<\/div><\/div><div class=\"w-tabs layout_ver navpos_left navwidth_auto title_atleft style_trendy switch_click icon_chevron iconpos_right title_atleft\"><div class=\"w-tabs-list items_8\" style=\"text-transform:uppercase;\"><div class=\"w-tabs-list-h\"><a class=\"w-tabs-item active\" aria-controls=\"content-1537780484744-ad16e2da-e3d1\" href=\"javascript:void(0);\"><span class=\"w-tabs-item-title\">Cirug\u00eda General<\/span><\/a><a class=\"w-tabs-item\" aria-controls=\"content-1537780484789-c90dc3da-0208\" href=\"javascript:void(0);\"><span class=\"w-tabs-item-title\">Cardiovascular y Tor\u00e1cica<\/span><\/a><a class=\"w-tabs-item\" aria-controls=\"content-1537780672685-0ad1bff1-5ea4\" href=\"javascript:void(0);\"><span class=\"w-tabs-item-title\">Urolog\u00eda<\/span><\/a><a class=\"w-tabs-item\" aria-controls=\"content-1537780706269-9a3a97fc-ee08\" href=\"javascript:void(0);\"><span class=\"w-tabs-item-title\">Oftalmolog\u00eda<\/span><\/a><a class=\"w-tabs-item\" aria-controls=\"content-1537780728501-1cd6930d-3c23\" href=\"javascript:void(0);\"><span class=\"w-tabs-item-title\">Neurocirug\u00eda<\/span><\/a><a class=\"w-tabs-item\" aria-controls=\"content-1537780747526-ea4a9994-ba77\" href=\"javascript:void(0);\"><span class=\"w-tabs-item-title\">Ortopedia y Traumatolog\u00eda<\/span><\/a><a class=\"w-tabs-item\" aria-controls=\"content-1537780804885-ddbeaae6-4be7\" href=\"javascript:void(0);\"><span class=\"w-tabs-item-title\">Cirug\u00eda de mano<\/span><\/a><a class=\"w-tabs-item\" aria-controls=\"content-1537780827464-14b86e98-9cec\" href=\"javascript:void(0);\"><span class=\"w-tabs-item-title\">Odontolog\u00eda y maxilofacial<\/span><\/a><\/div><\/div><div class=\"w-tabs-sections\"><div class=\"w-tabs-sections-h\"><div class=\"w-tabs-section active\" id=\"1537780484744-ad16e2da-e3d1\"><button class=\"w-tabs-section-header active\" aria-controls=\"content-1537780484744-ad16e2da-e3d1\"><div class=\"w-tabs-section-header-h\"><div class=\"w-tabs-section-title\">Cirug\u00eda General<\/div><div class=\"w-tabs-section-control\"><\/div><\/div><\/button><div class=\"w-tabs-section-content\" id=\"content-1537780484744-ad16e2da-e3d1\" aria-expanded=\"true\"><div class=\"w-tabs-section-content-h i-cf\"><div class=\"wpb_text_column us_custom_36724591\" ><div class=\"wpb_wrapper\"><p><strong>Hepato \u2013 Bilio \u2013 Espleno \u2013 Pancre\u00e1tica<\/strong>: Patolog\u00edas relativas a el h\u00edgado (tumores hep\u00e1ticos, met\u00e1stasis, etc.), v\u00edas biliares y ves\u00edcula biliar (colangiocarcinoma, c\u00e1lculos vesiculares, quistes de col\u00e9doco), Hiperesplenismo, linfomas espl\u00e9nicos, tumores pancre\u00e1ticos.<\/p>\n<p><strong>Coloproctolog\u00eda<\/strong>: Patolog\u00edas de colon, recto y ano (Hemorroides, fisuras, malformaciones anorectales).<\/p>\n<p><strong>Otorrinolog\u00eda<\/strong>: Amigdalotom\u00edas, adenoides, timpanoplast\u00edas, tumores de v\u00edas a\u00e9reas superiores.<\/p>\n<p><strong>Cirug\u00eda Oncol\u00f3gica<\/strong>: General y especializada en Patolog\u00edas Mamarias, Patolog\u00edas de cabeza y cuello: Tiroides, paratiroides, tumores lar\u00edngeos, etc.<\/p>\n<p><strong>Patolog\u00edas de Tejidos Superficiales<\/strong>: Hernias, hernias incisionales, tumores, patolog\u00edas infecciosas.<\/p>\n<p><strong>Patolog\u00eda tubo digestivo<\/strong>: Es\u00f3fago, est\u00f3mago y duodeno (Malformaciones, obstrucciones, apendicitis, etc.)<\/p>\n<p><strong>Cirug\u00eda pedi\u00e1trica<\/strong>: hernias, malformaciones cong\u00e9nitas tubo digestivo, circuncisi\u00f3n, otros.<\/p>\n<p><strong>Bari\u00e1trica<\/strong>: Tratamiento quir\u00fargico de la obesidad.<\/p>\n<p><strong>Unidad de Trasplante<\/strong>: quien realiza actualmente h\u00edgado, ri\u00f1\u00f3n y corneas.<br \/>\nCirug\u00eda Reconstructiva: Traumas complejos de extremidades con compromiso vascular, reimplante de miembros, reparaci\u00f3n de lesiones neurovasculares con microcirug\u00eda.<\/p>\n<\/div><\/div><\/div><\/div><\/div><div class=\"w-tabs-section\" id=\"1537780484789-c90dc3da-0208\"><button class=\"w-tabs-section-header\" aria-controls=\"content-1537780484789-c90dc3da-0208\"><div class=\"w-tabs-section-header-h\"><div class=\"w-tabs-section-title\">Cardiovascular y Tor\u00e1cica<\/div><div class=\"w-tabs-section-control\"><\/div><\/div><\/button><div class=\"w-tabs-section-content\" id=\"content-1537780484789-c90dc3da-0208\" aria-expanded=\"false\"><div class=\"w-tabs-section-content-h i-cf\"><div class=\"wpb_text_column\" ><div class=\"wpb_wrapper\"><p>Patolog\u00edas cardiacas, aortocoronarias, valvulares, etc.<\/p>\n<p>Cirug\u00eda tor\u00e1cica (c\u00e1ncer de pulm\u00f3n, neumot\u00f3rax espont\u00e1neos, etc.)<\/p>\n<p>Vascular perif\u00e9ricas: safenectomia, ligaduras, etc.<\/p>\n<h3><\/h3>\n<\/div><\/div><\/div><\/div><\/div><div class=\"w-tabs-section\" id=\"1537780672685-0ad1bff1-5ea4\"><button class=\"w-tabs-section-header\" aria-controls=\"content-1537780672685-0ad1bff1-5ea4\"><div class=\"w-tabs-section-header-h\"><div class=\"w-tabs-section-title\">Urolog\u00eda<\/div><div class=\"w-tabs-section-control\"><\/div><\/div><\/button><div class=\"w-tabs-section-content\" id=\"content-1537780672685-0ad1bff1-5ea4\" aria-expanded=\"false\"><div class=\"w-tabs-section-content-h i-cf\"><div class=\"wpb_text_column\" ><div class=\"wpb_wrapper\"><p><strong>Androlog\u00eda<\/strong>: Disfunci\u00f3n er\u00e9ctil, infertilidad masculina, pr\u00f3tesis pene.<\/p>\n<p><strong>Urolog\u00eda funcional<\/strong>: incontinencia urinaria, urodinamia, reparaci\u00f3n de piso p\u00e9lvico, entre otras.<\/p>\n<p><strong>Litiasis renal<\/strong>: percut\u00e1neas, litotricia endosc\u00f3pica y laser.<\/p>\n<p><strong>Urolog\u00eda reconstructiva<\/strong>: hiperplasia de pr\u00f3stata por vaporizaci\u00f3n y laser verde, malformaciones del tracto genito urinario, fimosis, nefrectom\u00eda, estrechez uretral, etc.<\/p>\n<p><strong>Oncolog\u00eda<\/strong>: tumor renal, pr\u00f3stata, vejiga y ur\u00e9ter.<\/p>\n<p><strong>Urolog\u00eda Pedi\u00e1trica<\/strong>: malformaciones cong\u00e9nitas, fimosis, circuncisi\u00f3n.<\/p>\n<h3><\/h3>\n<\/div><\/div><\/div><\/div><\/div><div class=\"w-tabs-section\" id=\"1537780706269-9a3a97fc-ee08\"><button class=\"w-tabs-section-header\" aria-controls=\"content-1537780706269-9a3a97fc-ee08\"><div class=\"w-tabs-section-header-h\"><div class=\"w-tabs-section-title\">Oftalmolog\u00eda<\/div><div class=\"w-tabs-section-control\"><\/div><\/div><\/button><div class=\"w-tabs-section-content\" id=\"content-1537780706269-9a3a97fc-ee08\" aria-expanded=\"false\"><div class=\"w-tabs-section-content-h i-cf\"><div class=\"wpb_text_column\" ><div class=\"wpb_wrapper\"><p>Todas las patolog\u00edas oftalmol\u00f3gicas, segmento anterior, retina, cirug\u00edas de cataratas, refractiva, neuroftalmologia, etc.<\/p>\n<\/div><\/div><\/div><\/div><\/div><div class=\"w-tabs-section\" id=\"1537780728501-1cd6930d-3c23\"><button class=\"w-tabs-section-header\" aria-controls=\"content-1537780728501-1cd6930d-3c23\"><div class=\"w-tabs-section-header-h\"><div class=\"w-tabs-section-title\">Neurocirug\u00eda<\/div><div class=\"w-tabs-section-control\"><\/div><\/div><\/button><div class=\"w-tabs-section-content\" id=\"content-1537780728501-1cd6930d-3c23\" aria-expanded=\"false\"><div class=\"w-tabs-section-content-h i-cf\"><div class=\"wpb_text_column\" ><div class=\"wpb_wrapper\"><p>Neurotrauma, tumores hipofisarios por cirug\u00eda m\u00ednimamente invasiva, cirug\u00eda para el manejo de movimientos involuntarios, cirug\u00eda estereot\u00e1xica, circu\u00eda de columna, craneotom\u00eda, colocaci\u00f3n de v\u00e1lvula, entre otras.<\/p>\n<\/div><\/div><\/div><\/div><\/div><div class=\"w-tabs-section\" id=\"1537780747526-ea4a9994-ba77\"><button class=\"w-tabs-section-header\" aria-controls=\"content-1537780747526-ea4a9994-ba77\"><div class=\"w-tabs-section-header-h\"><div class=\"w-tabs-section-title\">Ortopedia y Traumatolog\u00eda<\/div><div class=\"w-tabs-section-control\"><\/div><\/div><\/button><div class=\"w-tabs-section-content\" id=\"content-1537780747526-ea4a9994-ba77\" aria-expanded=\"false\"><div class=\"w-tabs-section-content-h i-cf\"><div class=\"wpb_text_column\" ><div class=\"wpb_wrapper\"><p><strong>Ortopedia general<\/strong>: Artroplastia de rodilla, cadera, cirug\u00eda de columna<br \/>\nMedicina deportiva: artroscopia, reparaci\u00f3n tendinosa de articulaciones, (hombro, codo, rodilla, etc.).<\/p>\n<p><strong>Ortopedia Pedi\u00e1trica general<\/strong>: fracturas, correcciones.<\/p>\n<h3><\/h3>\n<\/div><\/div><\/div><\/div><\/div><div class=\"w-tabs-section\" id=\"1537780804885-ddbeaae6-4be7\"><button class=\"w-tabs-section-header\" aria-controls=\"content-1537780804885-ddbeaae6-4be7\"><div class=\"w-tabs-section-header-h\"><div class=\"w-tabs-section-title\">Cirug\u00eda de mano<\/div><div class=\"w-tabs-section-control\"><\/div><\/div><\/button><div class=\"w-tabs-section-content\" id=\"content-1537780804885-ddbeaae6-4be7\" aria-expanded=\"false\"><div class=\"w-tabs-section-content-h i-cf\"><div class=\"wpb_text_column\" ><div class=\"wpb_wrapper\"><p><strong>Ortopedia oncol\u00f3gica<\/strong>: tumores \u00f3seos, biopsia de hueso etc.<\/p>\n<\/div><\/div><\/div><\/div><\/div><div class=\"w-tabs-section\" id=\"1537780827464-14b86e98-9cec\"><button class=\"w-tabs-section-header\" aria-controls=\"content-1537780827464-14b86e98-9cec\"><div class=\"w-tabs-section-header-h\"><div class=\"w-tabs-section-title\">Odontolog\u00eda y maxilofacial<\/div><div class=\"w-tabs-section-control\"><\/div><\/div><\/button><div class=\"w-tabs-section-content\" id=\"content-1537780827464-14b86e98-9cec\" aria-expanded=\"false\"><div class=\"w-tabs-section-content-h i-cf\"><div class=\"wpb_text_column\" ><div class=\"wpb_wrapper\"><p>Ortodoncia, implantes, traumas craneofaciales con inestabilidad y compromiso de las v\u00edas a\u00e9reas, frenectom\u00eda, extracci\u00f3n de terceros molares.<\/p>\n<\/div><\/div><\/div><\/div><\/div><\/div><\/div><\/div><\/div><\/div><\/div><\/div><\/div><\/div><\/div><\/div><\/div><\/section><section class=\"l-section wpb_row us_custom_4edece6e height_auto width_full dept_desc\"><div class=\"l-section-h i-cf\"><div class=\"g-cols vc_row type_default valign_top\"><div class=\"vc_col-sm-12 vc_hidden-lg vc_hidden-md vc_hidden-sm wpb_column vc_column_container\"><div class=\"vc_column-inner us_custom_9e96d0eb\"><div class=\"wpb_wrapper\"><div class=\"g-cols wpb_row  us_custom_4edece6e type_default valign_top vc_inner\"><div class=\"vc_col-sm-12 wpb_column vc_column_container has-fill\"><div class=\"vc_column-inner us_custom_87b89bd3\"><div class=\"wpb_wrapper\"><div id=\"ultimate-heading-783069de7e832e2dc\" class=\"uvc-heading ult-adjust-bottom-margin ultimate-heading-783069de7e832e2dc uvc-3835 \" data-hspacer=\"line_only\"  data-halign=\"center\" style=\"text-align:center\"><div class=\"uvc-main-heading ult-responsive\"  data-ultimate-target='.uvc-heading.ultimate-heading-783069de7e832e2dc h2'  data-responsive-json-new='{\"font-size\":\"\",\"line-height\":\"\"}' ><h2 style=\"font-weight:normal;margin-bottom:10px;\">Bloque Quir\u00fargico<\/h2><\/div><div class=\"uvc-heading-spacer line_only\" style=\"margin-bottom:20px;height:2px;\"><span class=\"uvc-headings-line\" style=\"border-style:solid;border-bottom-width:2px;border-color:#00abc6;width:300px;\"><\/span><\/div><\/div><div class=\"wpb_text_column us_custom_e038e7e6\" ><div class=\"wpb_wrapper\"><p>De acuerdo a los nuevos tiempos nuestro equipo quir\u00fargico se ha fortalecido en base a tres pilares que son: Medicina basada en evidencia, buenas pr\u00e1cticas y competencia de nuestros cirujanos. Esto ha logrado sectorizar las especialidades quir\u00fargicas en sus \u00e1reas de expertise con la finalidad de garantizar un servicio \u00f3ptimo y seguro.<\/p>\n<p>Contamos con un servicio integral y novedoso desde nuestra Gerencia Sr. de Gesti\u00f3n quir\u00fargica la que engloba todos los servicios que ofrecemos en el bloque quir\u00fargico el mismo inicia desde que el paciente es identificado como quir\u00fargico, nuestra puerta 23 del segundo piso edf. 1, gestiona todos los documentos requeridos para iniciar su proceso de evaluaci\u00f3n pre- quir\u00fargica, este le permite acortar el proceso de evaluaci\u00f3n en el HGPS y las autorizaciones por las aseguradoras.<br \/>\nLos servicios quir\u00fargicos ofrecidos derivan desde la Gerencia Sr. De Gesti\u00f3n quir\u00fargica y Central de Esterilizaci\u00f3n, la cual consta de Siete (7) gerencias son:<\/p>\n<h3>Cirug\u00eda General<\/h3>\n<p><strong>Hepato \u2013 Bilio \u2013 Espleno \u2013 Pancre\u00e1tica<\/strong>: Patolog\u00edas relativas a el h\u00edgado (tumores hep\u00e1ticos, met\u00e1stasis, etc.), v\u00edas biliares y ves\u00edcula biliar (colangiocarcinoma, c\u00e1lculos vesiculares, quistes de col\u00e9doco), Hiperesplenismo, linfomas espl\u00e9nicos, tumores pancre\u00e1ticos.<\/p>\n<p><strong>Coloproctolog\u00eda<\/strong>: Patolog\u00edas de colon, recto y ano (Hemorroides, fisuras, malformaciones anorectales).<\/p>\n<p><strong>Otorrinolog\u00eda<\/strong>: Amigdalotom\u00edas, adenoides, timpanoplast\u00edas, tumores de v\u00edas a\u00e9reas superiores.<\/p>\n<p><strong>Cirug\u00eda Oncol\u00f3gica<\/strong>: General y especializada en Patolog\u00edas Mamarias, Patolog\u00edas de cabeza y cuello: Tiroides, paratiroides, tumores lar\u00edngeos, etc.<\/p>\n<p><strong>Patolog\u00edas de Tejidos Superficiales<\/strong>: Hernias, hernias incisionales, tumores, patolog\u00edas infecciosas.<\/p>\n<p><strong>Patolog\u00eda tubo digestivo<\/strong>: Es\u00f3fago, est\u00f3mago y duodeno (Malformaciones, obstrucciones, apendicitis, etc.)<\/p>\n<p><strong>Cirug\u00eda pedi\u00e1trica<\/strong>: hernias, malformaciones cong\u00e9nitas tubo digestivo, circuncisi\u00f3n, otros.<\/p>\n<p><strong>Bari\u00e1trica<\/strong>: Tratamiento quir\u00fargico de la obesidad.<\/p>\n<p><strong>Unidad de Trasplante<\/strong>: quien realiza actualmente h\u00edgado, ri\u00f1\u00f3n y corneas.<br \/>\nCirug\u00eda Reconstructiva: Traumas complejos de extremidades con compromiso vascular, reimplante de miembros, reparaci\u00f3n de lesiones neurovasculares con microcirug\u00eda.<\/p>\n<h3>Cardiovascular y Tor\u00e1cica:<\/h3>\n<p>Patolog\u00edas cardiacas, aortocoronarias, valvulares, etc.<\/p>\n<p>Cirug\u00eda tor\u00e1cica (c\u00e1ncer de pulm\u00f3n, neumot\u00f3rax espont\u00e1neos, etc.)<\/p>\n<p>Vascular perif\u00e9ricas: safenectomia, ligaduras, etc.<\/p>\n<h3>Urolog\u00eda:<\/h3>\n<p><strong>Androlog\u00eda<\/strong>: Disfunci\u00f3n er\u00e9ctil, infertilidad masculina, pr\u00f3tesis pene.<\/p>\n<p><strong>Urolog\u00eda funcional<\/strong>: incontinencia urinaria, urodinamia, reparaci\u00f3n de piso p\u00e9lvico, entre otras.<\/p>\n<p><strong>Litiasis renal<\/strong>: percut\u00e1neas, litotricia endosc\u00f3pica y laser.<\/p>\n<p><strong>Urolog\u00eda reconstructiva<\/strong>: hiperplasia de pr\u00f3stata por vaporizaci\u00f3n y laser verde, malformaciones del tracto genito urinario, fimosis, nefrectom\u00eda, estrechez uretral, etc.<\/p>\n<p><strong>Oncolog\u00eda<\/strong>: tumor renal, pr\u00f3stata, vejiga y ur\u00e9ter.<\/p>\n<p><strong>Urolog\u00eda Pedi\u00e1trica<\/strong>: malformaciones cong\u00e9nitas, fimosis, circuncisi\u00f3n.<\/p>\n<h3>Oftalmolog\u00eda:<\/h3>\n<p>Todas las patolog\u00edas oftalmol\u00f3gicas, segmento anterior, retina, cirug\u00edas de cataratas, refractiva, neuroftalmologia, etc.<\/p>\n<h3>Neurocirug\u00eda:<\/h3>\n<p>Neurotrauma, tumores hipofisarios por cirug\u00eda m\u00ednimamente invasiva, cirug\u00eda para el manejo de movimientos involuntarios, cirug\u00eda estereot\u00e1xica, circu\u00eda de columna, craneotom\u00eda, colocaci\u00f3n de v\u00e1lvula, entre otras.<\/p>\n<h3>Ortopedia y Traumatolog\u00eda:<\/h3>\n<p><strong>Ortopedia general<\/strong>: Artroplastia de rodilla, cadera, cirug\u00eda de columna<br \/>\nMedicina deportiva: artroscopia, reparaci\u00f3n tendinosa de articulaciones, (hombro, codo, rodilla, etc.).<\/p>\n<p><strong>Ortopedia Pedi\u00e1trica general<\/strong>: fracturas, correcciones.<\/p>\n<h3>Cirug\u00eda de mano<\/h3>\n<p><strong>Ortopedia oncol\u00f3gica<\/strong>: tumores \u00f3seos, biopsia de hueso etc.<\/p>\n<h3>Odontolog\u00eda y maxilofacial:<\/h3>\n<p>Ortodoncia, implantes, traumas craneofaciales con inestabilidad y compromiso de las v\u00edas a\u00e9reas, frenectom\u00eda, extracci\u00f3n de terceros molares.<\/p>\n<\/div><\/div><\/div><\/div><\/div><\/div><\/div><\/div><\/div><\/div><\/div><\/section>\n","protected":false},"excerpt":{"rendered":"El bloque quir\u00fargico del HGPS cuenta con varios quir\u00f3fanos, equipados con tecnolog\u00eda de \u00faltima generaci\u00f3n y dise\u00f1ados para garantizar la m\u00e1xima seguridad del paciente. El bloque quir\u00fargico del HGPS cuenta con varios quir\u00f3fanos, equipados con tecnolog\u00eda de \u00faltima generaci\u00f3n y dise\u00f1ados para garantizar la m\u00e1xima seguridad del paciente. Bloque Quir\u00fargicoDe acuerdo a los nuevos tiempos...","protected":false},"author":218,"featured_media":0,"parent":22825,"menu_order":29,"comment_status":"closed","ping_status":"closed","template":"","meta":{"footnotes":""},"_links":{"self":[{"href":"https:\/\/hgps.org.do\/es\/wp-json\/wp\/v2\/pages\/22821"}],"collection":[{"href":"https:\/\/hgps.org.do\/es\/wp-json\/wp\/v2\/pages"}],"about":[{"href":"https:\/\/hgps.org.do\/es\/wp-json\/wp\/v2\/types\/page"}],"author":[{"embeddable":true,"href":"https:\/\/hgps.org.do\/es\/wp-json\/wp\/v2\/users\/218"}],"replies":[{"embeddable":true,"href":"https:\/\/hgps.org.do\/es\/wp-json\/wp\/v2\/comments?post=22821"}],"version-history":[{"count":38,"href":"https:\/\/hgps.org.do\/es\/wp-json\/wp\/v2\/pages\/22821\/revisions"}],"predecessor-version":[{"id":27382,"href":"https:\/\/hgps.org.do\/es\/wp-json\/wp\/v2\/pages\/22821\/revisions\/27382"}],"up":[{"embeddable":true,"href":"https:\/\/hgps.org.do\/es\/wp-json\/wp\/v2\/pages\/22825"}],"wp:attachment":[{"href":"https:\/\/hgps.org.do\/es\/wp-json\/wp\/v2\/media?parent=22821"}],"curies":[{"name":"wp","href":"https:\/\/api.w.org\/{rel}","templated":true}]}}