{"id":22822,"date":"2018-05-01T21:19:35","date_gmt":"2018-05-01T21:19:35","guid":{"rendered":"https:\/\/portal-hgps.azurewebsites.net\/centros-especializados\/centro-de-vacunacion\/"},"modified":"2022-05-04T19:08:17","modified_gmt":"2022-05-04T19:08:17","slug":"centro-vacunacion","status":"publish","type":"page","link":"https:\/\/hgps.org.do\/es\/servicios-medicos\/centro-vacunacion\/","title":{"rendered":"Centro de Vacunaci\u00f3n"},"content":{"rendered":"<section class=\"l-section wpb_row height_medium titulo_depts with_img\"><div class=\"l-section-img\" style=\"background-image: url(https:\/\/hgps.org.do\/wp-content\/uploads\/2018\/09\/vacunacion-bg-title.jpg);background-position: top left;background-repeat: no-repeat;\" data-img-width=\"1069\" data-img-height=\"304\"><\/div><div class=\"l-section-h i-cf\"><div class=\"g-cols vc_row type_default valign_top\"><div class=\"vc_col-sm-6 vc_hidden-sm vc_hidden-xs wpb_column vc_column_container\"><div class=\"vc_column-inner us_custom_5190e04d\"><div class=\"wpb_wrapper\"><\/div><\/div><\/div><div class=\"vc_col-sm-6 vc_hidden-sm vc_hidden-xs wpb_column vc_column_container\"><div class=\"vc_column-inner us_custom_3b90e57a\"><div class=\"wpb_wrapper\"><div class=\"wpb_text_column title_widget\" ><div class=\"wpb_wrapper\"><h4 class=\"title_side\"><i class=\"far fa-clock\"><\/i> <span style=\"color: #ffffff;\">Horario<\/span><\/h4>\n<p class=\"title_text\"><span style=\"color: #ffffff;\">Vacunas: lunes a viernes de 8:00am a 8:00pm y s\u00e1bados de 8:00am a 12:00pm<\/span><\/p>\n<h4 class=\"title_side\"><span style=\"color: #ffffff;\"><i class=\"fas fa-map-marker-alt\"><\/i> Ubicaci\u00f3n<\/span><\/h4>\n<p><span style=\"color: #ffffff;\">Edificio 5, Atenci\u00f3n Primaria, primer nivel<\/span><br \/>\n<span style=\"color: #ffffff;\"><strong>Tel\u00e9fonos:<\/strong> 809-565-7477 ext.: 7266<\/span><\/p>\n<\/div><\/div><\/div><\/div><\/div><\/div><\/div><\/section><!-- Row Backgrounds --><section class=\"l-section wpb_row height_auto titulo_depts with_img\"><div class=\"l-section-img\" style=\"background-image: url(https:\/\/hgps.org.do\/wp-content\/uploads\/2018\/09\/vacunacion-bg-title.jpg);background-position: top right;background-repeat: no-repeat;\" data-img-width=\"1069\" data-img-height=\"304\"><\/div><div class=\"l-section-h i-cf\"><div class=\"g-cols vc_row type_default valign_top\"><div class=\"vc_col-sm-6 vc_hidden-lg vc_hidden-md vc_hidden-xs wpb_column vc_column_container\"><div class=\"vc_column-inner us_custom_5190e04d\"><div class=\"wpb_wrapper\"><\/div><\/div><\/div><div class=\"vc_col-sm-6 vc_hidden-lg vc_hidden-md vc_hidden-xs wpb_column vc_column_container\"><div class=\"vc_column-inner us_custom_1c644d23\"><div class=\"wpb_wrapper\"><div class=\"wpb_text_column title_widget\" ><div class=\"wpb_wrapper\"><h4 class=\"title_side\"><span style=\"color: #ffffff;\">Horario<\/span><\/h4>\n<p class=\"title_text\"><span style=\"color: #ffffff;\">Vacunas: lunes a viernes de 8:00am a 8:00pm y s\u00e1bados de 8:00am a 12:00pm<\/span><\/p>\n<h4 class=\"title_side\"><span style=\"color: #ffffff;\"><i class=\"fas fa-map-marker-alt\"><\/i> Ubicaci\u00f3n<\/span><\/h4>\n<p><span style=\"color: #ffffff;\">Edificio 5, Atenci\u00f3n Primaria, primer nivel<\/span><br \/>\n<span style=\"color: #ffffff;\"><strong>Tel\u00e9fonos:<\/strong> 809-565-7477 ext.: 7266<\/span><\/p>\n<\/div><\/div><\/div><\/div><\/div><\/div><\/div><\/section><!-- Row Backgrounds --><section class=\"l-section wpb_row us_custom_7d5e32d4 height_auto width_full dept_img_section\"><div class=\"l-section-h i-cf\"><div class=\"g-cols vc_row type_default valign_top\"><div class=\"vc_col-sm-12 vc_hidden-lg vc_hidden-md vc_hidden-sm wpb_column vc_column_container\"><div class=\"vc_column-inner us_custom_5190e04d\"><div class=\"wpb_wrapper\"><div class=\"w-image us_custom_36724591 style_shadow-1 dept_mob_img align_none\"><div class=\"w-image-h\"><img loading=\"lazy\" decoding=\"async\" width=\"400\" height=\"168\" src=\"https:\/\/hgps.org.do\/wp-content\/uploads\/2018\/09\/vacunacion-bg-mob.jpg\" class=\"attachment-full size-full\" alt=\"\" srcset=\"https:\/\/hgps.org.do\/wp-content\/uploads\/2018\/09\/vacunacion-bg-mob.jpg 400w, https:\/\/hgps.org.do\/wp-content\/uploads\/2018\/09\/vacunacion-bg-mob-300x126.jpg 300w\" sizes=\"(max-width: 400px) 100vw, 400px\" \/><\/div><\/div><\/div><\/div><\/div><\/div><\/div><\/section><!-- Row Backgrounds --><section class=\"l-section wpb_row height_auto width_full dept_desc\" id=\"tab_servicios\"><div class=\"l-section-h i-cf\"><div class=\"g-cols vc_row type_default valign_top\"><div class=\"vc_col-sm-12 vc_hidden-xs wpb_column vc_column_container\"><div class=\"vc_column-inner us_custom_eb1b9824\"><div class=\"wpb_wrapper\"><div class=\"g-cols wpb_row  type_default valign_top vc_inner\"><div class=\"vc_col-sm-3 wpb_column vc_column_container has-fill\"><div class=\"vc_column-inner us_custom_87b89bd3\"><div class=\"wpb_wrapper\"><div  class=\"vc_wp_custommenu wpb_content_element\"><div class=\"widget widget_nav_menu\"><div class=\"menu-servicios_medicos-container\"><ul id=\"menu-servicios_medicos\" class=\"menu\"><li id=\"menu-item-26219\" class=\"menu-item menu-item-type-post_type menu-item-object-page menu-item-26219\"><a href=\"https:\/\/hgps.org.do\/es\/alergologia-e-inmunologia-clinica\/\">Alergolog\u00eda e Inmunolog\u00eda Cl\u00ednica<\/a><\/li>\n<li id=\"menu-item-26204\" class=\"menu-item menu-item-type-post_type menu-item-object-page menu-item-26204\"><a href=\"https:\/\/hgps.org.do\/es\/servicios-medicos\/anatomia-patologica\/\">Anatom\u00eda Patol\u00f3gica<\/a><\/li>\n<li id=\"menu-item-27368\" class=\"menu-item menu-item-type-post_type menu-item-object-page menu-item-27368\"><a href=\"https:\/\/hgps.org.do\/es\/servicios-medicos\/atencion-primaria\/\">Atenci\u00f3n Primaria y Medicina Integral<\/a><\/li>\n<li id=\"menu-item-27363\" class=\"menu-item menu-item-type-post_type menu-item-object-page menu-item-27363\"><a href=\"https:\/\/hgps.org.do\/es\/servicios-medicos\/bloque-quirurgico\/\">Bloque Quir\u00fargico<\/a><\/li>\n<li id=\"menu-item-27364\" class=\"menu-item menu-item-type-post_type menu-item-object-page menu-item-27364\"><a href=\"https:\/\/hgps.org.do\/es\/servicios-medicos\/cardiologia\/\">Cardiolog\u00eda<\/a><\/li>\n<li id=\"menu-item-27367\" class=\"menu-item menu-item-type-post_type menu-item-object-page menu-item-27367\"><a href=\"https:\/\/hgps.org.do\/es\/servicios-medicos\/centro-vacunacion\/\">Centro de Vacunaci\u00f3n<\/a><\/li>\n<li id=\"menu-item-27365\" class=\"menu-item menu-item-type-post_type menu-item-object-page menu-item-27365\"><a href=\"https:\/\/hgps.org.do\/es\/servicios-medicos\/emergencia\/\">Emergencia<\/a><\/li>\n<li id=\"menu-item-26205\" class=\"menu-item menu-item-type-post_type menu-item-object-page menu-item-26205\"><a href=\"https:\/\/hgps.org.do\/es\/servicios-medicos\/gastroenterologia\/\">Gastroenterolog\u00eda<\/a><\/li>\n<li id=\"menu-item-26207\" class=\"menu-item menu-item-type-post_type menu-item-object-page menu-item-26207\"><a href=\"https:\/\/hgps.org.do\/es\/servicios-medicos\/geriatria\/\">Geriatr\u00eda<\/a><\/li>\n<li id=\"menu-item-26206\" class=\"menu-item menu-item-type-post_type menu-item-object-page menu-item-26206\"><a href=\"https:\/\/hgps.org.do\/es\/servicios-medicos\/ginecologia-y-obstetricia\/\">Ginecolog\u00eda y Obstetricia<\/a><\/li>\n<li id=\"menu-item-28187\" class=\"menu-item menu-item-type-post_type menu-item-object-page menu-item-28187\"><a href=\"https:\/\/hgps.org.do\/es\/servicios-medicos\/unidad-de-hemodinamia\/\">Unidad de Hemodinamia<\/a><\/li>\n<li id=\"menu-item-26209\" class=\"menu-item menu-item-type-post_type menu-item-object-page menu-item-26209\"><a href=\"https:\/\/hgps.org.do\/es\/servicios-medicos\/infectologia\/\">Infectolog\u00eda<\/a><\/li>\n<li id=\"menu-item-27366\" class=\"menu-item menu-item-type-post_type menu-item-object-page menu-item-27366\"><a href=\"https:\/\/hgps.org.do\/es\/servicios-medicos\/laboratorio\/\">Laboratorio Cl\u00ednico &#038; Banco de Sangre<\/a><\/li>\n<li id=\"menu-item-27331\" class=\"menu-item menu-item-type-post_type menu-item-object-page menu-item-27331\"><a href=\"https:\/\/hgps.org.do\/es\/servicios-medicos\/medicina-critica-y-terapia-intensiva\/\">Medicina Cr\u00edtica y Terapia Intensiva<\/a><\/li>\n<li id=\"menu-item-26210\" class=\"menu-item menu-item-type-post_type menu-item-object-page menu-item-26210\"><a href=\"https:\/\/hgps.org.do\/es\/servicios-medicos\/medicina-fisica-y-rehabilitacion\/\">Medicina F\u00edsica y Rehabilitaci\u00f3n<\/a><\/li>\n<li id=\"menu-item-26213\" class=\"menu-item menu-item-type-post_type menu-item-object-page menu-item-26213\"><a href=\"https:\/\/hgps.org.do\/es\/servicios-medicos\/medicinainterna\/\">Medicina Interna<\/a><\/li>\n<li id=\"menu-item-26212\" class=\"menu-item menu-item-type-post_type menu-item-object-page menu-item-26212\"><a href=\"https:\/\/hgps.org.do\/es\/servicios-medicos\/medicinanuclear\/\">Medicina Nuclear<\/a><\/li>\n<li id=\"menu-item-26214\" class=\"menu-item menu-item-type-post_type menu-item-object-page menu-item-26214\"><a href=\"https:\/\/hgps.org.do\/es\/servicios-medicos\/odontologia\/\">Odontolog\u00eda<\/a><\/li>\n<li id=\"menu-item-26215\" class=\"menu-item menu-item-type-post_type menu-item-object-page menu-item-26215\"><a href=\"https:\/\/hgps.org.do\/es\/servicios-medicos\/oftalmologia\/\">Oftalmolog\u00eda<\/a><\/li>\n<li id=\"menu-item-26216\" class=\"menu-item menu-item-type-post_type menu-item-object-page menu-item-26216\"><a href=\"https:\/\/hgps.org.do\/es\/servicios-medicos\/onco-hematologia\/\">Onco- Hematolog\u00eda<\/a><\/li>\n<li id=\"menu-item-27283\" class=\"menu-item menu-item-type-post_type menu-item-object-page menu-item-27283\"><a href=\"https:\/\/hgps.org.do\/es\/servicios-medicos\/geriatria-2\/\">Otorrinolaringolog\u00eda<\/a><\/li>\n<li id=\"menu-item-26217\" class=\"menu-item menu-item-type-post_type menu-item-object-page menu-item-26217\"><a href=\"https:\/\/hgps.org.do\/es\/servicios-medicos\/pediatria\/\">Pediatr\u00eda<\/a><\/li>\n<li id=\"menu-item-27586\" class=\"menu-item menu-item-type-post_type menu-item-object-page menu-item-27586\"><a href=\"https:\/\/hgps.org.do\/es\/servicios-medicos\/unidad-de-cuidados-paliativos\/\">Unidad de Cuidados Paliativos<\/a><\/li>\n<li id=\"menu-item-26218\" class=\"menu-item menu-item-type-post_type menu-item-object-page menu-item-26218\"><a href=\"https:\/\/hgps.org.do\/es\/servicios-medicos\/unidad-de-ortopedia-y-traumatologia\/\">Unidad de Ortopedia y Traumatolog\u00eda<\/a><\/li>\n<li id=\"menu-item-27714\" class=\"menu-item menu-item-type-post_type menu-item-object-page menu-item-27714\"><a href=\"https:\/\/hgps.org.do\/es\/servicios-medicos\/unidad-de-pie-diabetico\/\">Unidad de Pie Diab\u00e9tico<\/a><\/li>\n<li id=\"menu-item-26211\" class=\"menu-item menu-item-type-post_type menu-item-object-page menu-item-26211\"><a href=\"https:\/\/hgps.org.do\/es\/servicios-medicos\/unidad-de-trasplante\/\">Unidad de Trasplante<\/a><\/li>\n<\/ul><\/div><\/div><\/div><\/div><\/div><\/div><div class=\"vc_col-sm-9 wpb_column vc_column_container\"><div class=\"vc_column-inner us_custom_6f4bb857\"><div class=\"wpb_wrapper\"><div id=\"ultimate-heading-110769d23d802bc7a\" class=\"uvc-heading ult-adjust-bottom-margin ultimate-heading-110769d23d802bc7a uvc-4054 \" data-hspacer=\"line_only\"  data-halign=\"center\" style=\"text-align:center\"><div class=\"uvc-main-heading ult-responsive\"  data-ultimate-target='.uvc-heading.ultimate-heading-110769d23d802bc7a h2'  data-responsive-json-new='{\"font-size\":\"\",\"line-height\":\"\"}' ><h2 style=\"font-weight:normal;margin-bottom:10px;\">Centro de Vacunaci\u00f3n<\/h2><\/div><div class=\"uvc-heading-spacer line_only\" style=\"margin-bottom:20px;height:2px;\"><span class=\"uvc-headings-line\" style=\"border-style:solid;border-bottom-width:2px;border-color:#00abc6;width:300px;\"><\/span><\/div><\/div><div class=\"wpb_text_column\" ><div class=\"wpb_wrapper\"><p>Centro de Vacunaci\u00f3n dirigido a la poblaci\u00f3n pedi\u00e1trica, adolescente y adulta y adulto mayor, donde podr\u00e1n recibir todas las vacunas recomendadas internacionalmente.<\/p>\n<p>Est\u00e1 habilitado para brindar servicios de cobertura de inmunizaci\u00f3n en base a los programas preventivos establecidos por la Organizaci\u00f3n Mundial de la Salud (OMS\/OPS) y el Centro de Control y Prevenci\u00f3n de Enfermedades (CDC) de Atlanta.<\/p>\n<p>Estamos afiliados a las Administradoras de Riesgos de Salud (ARS): Primera Humano, Senasa y Mapfre.<\/p>\n<blockquote>\n<p>Estamos afiliados a las ARS: Humano, Senasa y Palic<\/p>\n<\/blockquote>\n<h3>Vacunas Disponibles:<\/h3>\n<\/div><\/div><div class=\"w-tabs layout_ver navpos_left navwidth_auto title_atleft style_trendy switch_click icon_chevron iconpos_right title_atleft\"><div class=\"w-tabs-list items_3\" style=\"text-transform:uppercase;\"><div class=\"w-tabs-list-h\"><a class=\"w-tabs-item active\" aria-controls=\"content-1537780484744-ad16e2da-e3d1\" href=\"javascript:void(0);\"><span class=\"w-tabs-item-title\">Vacunas pedi\u00e1tricas<\/span><\/a><a class=\"w-tabs-item\" aria-controls=\"content-1537780484789-c90dc3da-0208\" href=\"javascript:void(0);\"><span class=\"w-tabs-item-title\">Vacunas para adultos<\/span><\/a><a class=\"w-tabs-item\" aria-controls=\"content-1537780672685-0ad1bff1-5ea4\" href=\"javascript:void(0);\"><span class=\"w-tabs-item-title\">Vacuna para viajero<\/span><\/a><\/div><\/div><div class=\"w-tabs-sections\"><div class=\"w-tabs-sections-h\"><div class=\"w-tabs-section active\" id=\"1537780484744-ad16e2da-e3d1\"><button class=\"w-tabs-section-header active\" aria-controls=\"content-1537780484744-ad16e2da-e3d1\"><div class=\"w-tabs-section-header-h\"><div class=\"w-tabs-section-title\">Vacunas pedi\u00e1tricas<\/div><div class=\"w-tabs-section-control\"><\/div><\/div><\/button><div class=\"w-tabs-section-content\" id=\"content-1537780484744-ad16e2da-e3d1\" aria-expanded=\"true\"><div class=\"w-tabs-section-content-h i-cf\"><div class=\"wpb_text_column us_custom_36724591\" ><div class=\"wpb_wrapper\"><ul>\n<li>Rotavirus<\/li>\n<li>Meningitis infantil (Haemophilus tipo B)<\/li>\n<li>Sarampi\u00f3n, Papera y Rubeola<\/li>\n<li>Gripe o influenza<\/li>\n<li>Neumococo Polisac\u00e1rido ni\u00f1os &gt;2 a\u00f1os<\/li>\n<li>Meningococo A C ni\u00f1os<\/li>\n<li>Inmuno HBS (Inmunoglobulina contra virus B de Hepatitis)<\/li>\n<li>Hepatitis A<\/li>\n<li>Pentavalente (Difteria, Tosferina, T\u00e9tanos, Meningitis y Polio)<\/li>\n<li>Hexavalente (Difteria, Tosferina, T\u00e9tanos, Meningitis, Hepatitis B y Polio)<\/li>\n<li>Neumococo conjugado<\/li>\n<\/ul>\n<\/div><\/div><\/div><\/div><\/div><div class=\"w-tabs-section\" id=\"1537780484789-c90dc3da-0208\"><button class=\"w-tabs-section-header\" aria-controls=\"content-1537780484789-c90dc3da-0208\"><div class=\"w-tabs-section-header-h\"><div class=\"w-tabs-section-title\">Vacunas para adultos<\/div><div class=\"w-tabs-section-control\"><\/div><\/div><\/button><div class=\"w-tabs-section-content\" id=\"content-1537780484789-c90dc3da-0208\" aria-expanded=\"false\"><div class=\"w-tabs-section-content-h i-cf\"><div class=\"wpb_text_column\" ><div class=\"wpb_wrapper\"><ul>\n<li>Gripe o influenza<\/li>\n<li>Varicela<\/li>\n<li>Hepatitis B<\/li>\n<li>Hepatitis A<\/li>\n<li>Papiloma virus VPH<\/li>\n<li>Neumococo Polisac\u00e1rido<\/li>\n<li>Meningococo A C<\/li>\n<li>Fiebre Tifoidea<\/li>\n<li>Inmunoglobulina Anti D<\/li>\n<li>Inmunoglobulina para Hepatitis B<\/li>\n<li>Polio<\/li>\n<li>Neumococo conjugado<\/li>\n<\/ul>\n<\/div><\/div><\/div><\/div><\/div><div class=\"w-tabs-section\" id=\"1537780672685-0ad1bff1-5ea4\"><button class=\"w-tabs-section-header\" aria-controls=\"content-1537780672685-0ad1bff1-5ea4\"><div class=\"w-tabs-section-header-h\"><div class=\"w-tabs-section-title\">Vacuna para viajero<\/div><div class=\"w-tabs-section-control\"><\/div><\/div><\/button><div class=\"w-tabs-section-content\" id=\"content-1537780672685-0ad1bff1-5ea4\" aria-expanded=\"false\"><div class=\"w-tabs-section-content-h i-cf\"><div class=\"wpb_text_column\" ><div class=\"wpb_wrapper\"><p>Fiebre amarilla<\/p>\n<\/div><\/div><\/div><\/div><\/div><\/div><\/div><\/div><\/div><\/div><\/div><\/div><\/div><\/div><\/div><\/div><\/div><\/section><section class=\"l-section wpb_row us_custom_4edece6e height_auto width_full dept_desc\"><div class=\"l-section-h i-cf\"><div class=\"g-cols vc_row type_default valign_top\"><div class=\"vc_col-sm-12 vc_hidden-lg vc_hidden-md vc_hidden-sm wpb_column vc_column_container\"><div class=\"vc_column-inner us_custom_6a15714b\"><div class=\"wpb_wrapper\"><div id=\"ultimate-heading-137569d23d802ef65\" class=\"uvc-heading ult-adjust-bottom-margin ultimate-heading-137569d23d802ef65 uvc-1310 \" data-hspacer=\"line_only\"  data-halign=\"center\" style=\"text-align:center\"><div class=\"uvc-main-heading ult-responsive\"  data-ultimate-target='.uvc-heading.ultimate-heading-137569d23d802ef65 h2'  data-responsive-json-new='{\"font-size\":\"\",\"line-height\":\"\"}' ><h2 style=\"font-weight:normal;margin-bottom:10px;\">Centro de Vacunaci\u00f3n<\/h2><\/div><div class=\"uvc-heading-spacer line_only\" style=\"margin-bottom:20px;height:2px;\"><span class=\"uvc-headings-line\" style=\"border-style:solid;border-bottom-width:2px;border-color:#00abc6;width:300px;\"><\/span><\/div><\/div><div class=\"wpb_text_column us_custom_e038e7e6\" ><div class=\"wpb_wrapper\"><p>Centro de Vacunaci\u00f3n dirigido a la poblaci\u00f3n pedi\u00e1trica, adolescente y adulta y adulto mayor, donde podr\u00e1n recibir todas las vacunas recomendadas internacionalmente, y sobre todo las que son exigidas a los viajeros.<\/p>\n<p>El Centro de Vacunas est\u00e1 habilitado para brindar servicios de cobertura de inmunizaci\u00f3n en base a los programas preventivos establecidos por la Organizaci\u00f3n Mundial de la Salud (OMS\/OPS) y el Centro de Control y Prevenci\u00f3n de Enfermedades (CDC) de Atlanta.<\/p>\n<blockquote>\n<p>Estamos afiliados a las ARS: Humano, Senasa y Palic<\/p>\n<\/blockquote>\n<h3>Vacunas Disponibles:<\/h3>\n<\/div><\/div><div class=\"w-tabs layout_ver navpos_left navwidth_auto title_atleft style_trendy switch_click icon_chevron iconpos_right title_atleft\"><div class=\"w-tabs-list items_3\" style=\"text-transform:uppercase;\"><div class=\"w-tabs-list-h\"><a class=\"w-tabs-item active\" aria-controls=\"content-1537780484744-ad16e2da-e3d1\" href=\"javascript:void(0);\"><span class=\"w-tabs-item-title\">Vacunas pedi\u00e1tricas<\/span><\/a><a class=\"w-tabs-item\" aria-controls=\"content-1537780484789-c90dc3da-0208\" href=\"javascript:void(0);\"><span class=\"w-tabs-item-title\">Vacunas para adultos<\/span><\/a><a class=\"w-tabs-item\" aria-controls=\"content-1537780672685-0ad1bff1-5ea4\" href=\"javascript:void(0);\"><span class=\"w-tabs-item-title\">Vacuna para viajero<\/span><\/a><\/div><\/div><div class=\"w-tabs-sections\"><div class=\"w-tabs-sections-h\"><div class=\"w-tabs-section active\" id=\"1537780484744-ad16e2da-e3d1\"><button class=\"w-tabs-section-header active\" aria-controls=\"content-1537780484744-ad16e2da-e3d1\"><div class=\"w-tabs-section-header-h\"><div class=\"w-tabs-section-title\">Vacunas pedi\u00e1tricas<\/div><div class=\"w-tabs-section-control\"><\/div><\/div><\/button><div class=\"w-tabs-section-content\" id=\"content-1537780484744-ad16e2da-e3d1\" aria-expanded=\"true\"><div class=\"w-tabs-section-content-h i-cf\"><div class=\"wpb_text_column us_custom_e645dbf4\" ><div class=\"wpb_wrapper\"><ul>\n<li>Rotavirus<\/li>\n<li>Meningitis infantil (Haemophilus tipo B)<\/li>\n<li>Sarampi\u00f3n, Papera y Rubeola<\/li>\n<li>Gripe<\/li>\n<li>Neumococo Polisac\u00e1rido ni\u00f1os &gt;2 a\u00f1os<\/li>\n<li>Meningococo A C ni\u00f1os<\/li>\n<li>Inmuno HBS (Inmunoglobulina contra virus B de Hepatitis)<\/li>\n<li>Hepatitis A<\/li>\n<li>Pentavalente (Difteria, Tosferina, T\u00e9tanos, Meningitis y Polio)<\/li>\n<li>Hexavalente (Difteria, Tosferina, T\u00e9tanos, Meningitis, Hepatitis B y Polio)<\/li>\n<li>Rabia<\/li>\n<li>Neumococo conjugado<\/li>\n<\/ul>\n<\/div><\/div><\/div><\/div><\/div><div class=\"w-tabs-section\" id=\"1537780484789-c90dc3da-0208\"><button class=\"w-tabs-section-header\" aria-controls=\"content-1537780484789-c90dc3da-0208\"><div class=\"w-tabs-section-header-h\"><div class=\"w-tabs-section-title\">Vacunas para adultos<\/div><div class=\"w-tabs-section-control\"><\/div><\/div><\/button><div class=\"w-tabs-section-content\" id=\"content-1537780484789-c90dc3da-0208\" aria-expanded=\"false\"><div class=\"w-tabs-section-content-h i-cf\"><div class=\"wpb_text_column\" ><div class=\"wpb_wrapper\"><ul>\n<li>Gripe o influenza<\/li>\n<li>Varicela<\/li>\n<li>Hepatitis B<\/li>\n<li>Hepatitis A<\/li>\n<li>Papiloma virus VPH<\/li>\n<li>Neumococo Polisac\u00e1rido<\/li>\n<li>Meningococo A C<\/li>\n<li>Fiebre Tifoidea<\/li>\n<li>Rabia<\/li>\n<li>Inmunoglobulina Anti D (Imnunorho 1083388)<\/li>\n<li>Inmunoglobulina para Hepatitis B (Inmuno HBS 1083336)<\/li>\n<li>Polio<\/li>\n<li>Neumococo conjugado<\/li>\n<\/ul>\n<\/div><\/div><\/div><\/div><\/div><div class=\"w-tabs-section\" id=\"1537780672685-0ad1bff1-5ea4\"><button class=\"w-tabs-section-header\" aria-controls=\"content-1537780672685-0ad1bff1-5ea4\"><div class=\"w-tabs-section-header-h\"><div class=\"w-tabs-section-title\">Vacuna para viajero<\/div><div class=\"w-tabs-section-control\"><\/div><\/div><\/button><div class=\"w-tabs-section-content\" id=\"content-1537780672685-0ad1bff1-5ea4\" aria-expanded=\"false\"><div class=\"w-tabs-section-content-h i-cf\"><div class=\"wpb_text_column\" ><div class=\"wpb_wrapper\"><p>Fiebre amarilla<\/p>\n<\/div><\/div><\/div><\/div><\/div><\/div><\/div><\/div><\/div><\/div><\/div><\/div><\/div><\/section><section class=\"l-section wpb_row us_custom_50cc7d67 height_auto width_full titulo_depts\" id=\"tel_ubic\"><div class=\"l-section-h i-cf\"><div class=\"g-cols vc_row type_default valign_top\"><div class=\"vc_col-sm-8 vc_hidden-lg vc_hidden-md vc_hidden-sm wpb_column vc_column_container has-fill\"><div class=\"vc_column-inner us_custom_e2bbc56c\"><div class=\"wpb_wrapper\"><div class=\"wpb_text_column title_widget\" ><div class=\"wpb_wrapper\"><div class=\"horario_lcol\">\n<h4 class=\"title_side\"><i class=\"far fa-clock\"><\/i> Horario<\/h4>\n<p class=\"title_text\">Vacunas: lunes a viernes de 8:00am a 8:00pm y s\u00e1bados de 8:00am a 12:00pm&lt;<\/p>\n<\/div>\n<div class=\"horario_lco2\">\n<h4 class=\"title_side\"><i class=\"fas fa-map-marker-alt\"><\/i> Ubicaci\u00f3n<\/h4>\n<p class=\"title_text\">Edificio 5 &#8211; Atenci\u00f3n Primaria<\/p>\n<\/div>\n<\/div><\/div><\/div><\/div><\/div><\/div><\/div><\/section><!-- Row Backgrounds -->\n","protected":false},"excerpt":{"rendered":"Horario Vacunas: lunes a viernes de 8:00am a 8:00pm y s\u00e1bados de 8:00am a 12:00pm Ubicaci\u00f3n Edificio 5, Atenci\u00f3n Primaria, primer nivel Tel\u00e9fonos: 809-565-7477 ext.: 7266 Horario Vacunas: lunes a viernes de 8:00am a 8:00pm y s\u00e1bados de 8:00am a 12:00pm Ubicaci\u00f3n Edificio 5, Atenci\u00f3n Primaria, primer nivel Tel\u00e9fonos: 809-565-7477 ext.: 7266 Alergolog\u00eda e Inmunolog\u00eda...","protected":false},"author":218,"featured_media":0,"parent":22825,"menu_order":30,"comment_status":"closed","ping_status":"closed","template":"","meta":{"footnotes":""},"_links":{"self":[{"href":"https:\/\/hgps.org.do\/es\/wp-json\/wp\/v2\/pages\/22822"}],"collection":[{"href":"https:\/\/hgps.org.do\/es\/wp-json\/wp\/v2\/pages"}],"about":[{"href":"https:\/\/hgps.org.do\/es\/wp-json\/wp\/v2\/types\/page"}],"author":[{"embeddable":true,"href":"https:\/\/hgps.org.do\/es\/wp-json\/wp\/v2\/users\/218"}],"replies":[{"embeddable":true,"href":"https:\/\/hgps.org.do\/es\/wp-json\/wp\/v2\/comments?post=22822"}],"version-history":[{"count":18,"href":"https:\/\/hgps.org.do\/es\/wp-json\/wp\/v2\/pages\/22822\/revisions"}],"predecessor-version":[{"id":27385,"href":"https:\/\/hgps.org.do\/es\/wp-json\/wp\/v2\/pages\/22822\/revisions\/27385"}],"up":[{"embeddable":true,"href":"https:\/\/hgps.org.do\/es\/wp-json\/wp\/v2\/pages\/22825"}],"wp:attachment":[{"href":"https:\/\/hgps.org.do\/es\/wp-json\/wp\/v2\/media?parent=22822"}],"curies":[{"name":"wp","href":"https:\/\/api.w.org\/{rel}","templated":true}]}}