{"id":22823,"date":"2018-05-01T21:19:35","date_gmt":"2018-05-01T21:19:35","guid":{"rendered":"https:\/\/portal-hgps.azurewebsites.net\/centros-especializados\/centro-de-atencion-primaria-y-medicina-integral\/"},"modified":"2022-05-04T18:55:49","modified_gmt":"2022-05-04T18:55:49","slug":"atencion-primaria","status":"publish","type":"page","link":"https:\/\/hgps.org.do\/es\/servicios-medicos\/atencion-primaria\/","title":{"rendered":"Atenci\u00f3n Primaria y Medicina Integral"},"content":{"rendered":"<section class=\"l-section wpb_row height_auto titulo_depts with_img\"><div class=\"l-section-img\" style=\"background-image: url(https:\/\/hgps.org.do\/wp-content\/uploads\/2018\/09\/atencionprimaria-bg-title.jpg);background-position: top left;background-repeat: no-repeat;\" data-img-width=\"1069\" data-img-height=\"304\"><\/div><div class=\"l-section-h i-cf\"><div class=\"g-cols vc_row type_default valign_top\"><div class=\"vc_col-sm-6 vc_hidden-sm vc_hidden-xs wpb_column vc_column_container\"><div class=\"vc_column-inner us_custom_5190e04d\"><div class=\"wpb_wrapper\"><\/div><\/div><\/div><div class=\"vc_col-sm-6 vc_hidden-sm vc_hidden-xs wpb_column vc_column_container\"><div class=\"vc_column-inner us_custom_07b3593f\"><div class=\"wpb_wrapper\"><div class=\"wpb_text_column title_widget\" ><div class=\"wpb_wrapper\"><h4 class=\"title_side\"><i class=\"far fa-clock\"><\/i> Horario<\/h4>\n<p class=\"title_text\">Consultas: lunes a viernes de 8:00am a 8:00pm<br \/>\nLaboratorio: lunes a viernes de 7:00am a 6:00pm<br \/>\nIm\u00e1genes: lunes a viernes de 7:00am a 8:00pm y s\u00e1bados de 8:00am a 2:00pm<\/p>\n<h4 class=\"title_side\"><i class=\"fas fa-map-marker-alt\"><\/i> Ubicaci\u00f3n<\/h4>\n<p class=\"title_text\">Edificio 5 &#8211; Atenci\u00f3n Primaria<\/p>\n<\/div><\/div><\/div><\/div><\/div><\/div><\/div><\/section><!-- Row Backgrounds --><section class=\"l-section wpb_row height_auto titulo_depts with_img\"><div class=\"l-section-img\" style=\"background-image: url(https:\/\/hgps.org.do\/wp-content\/uploads\/2018\/09\/atencionprimaria-bg-title.jpg);background-position: top right;background-repeat: no-repeat;\" data-img-width=\"1069\" data-img-height=\"304\"><\/div><div class=\"l-section-h i-cf\"><div class=\"g-cols vc_row type_default valign_top\"><div class=\"vc_col-sm-6 vc_hidden-lg vc_hidden-md vc_hidden-xs wpb_column vc_column_container\"><div class=\"vc_column-inner us_custom_5190e04d\"><div class=\"wpb_wrapper\"><\/div><\/div><\/div><div class=\"vc_col-sm-6 vc_hidden-lg vc_hidden-md vc_hidden-xs wpb_column vc_column_container\"><div class=\"vc_column-inner us_custom_1c644d23\"><div class=\"wpb_wrapper\"><div class=\"wpb_text_column title_widget\" ><div class=\"wpb_wrapper\"><h4 class=\"title_side\"><i class=\"far fa-clock\"><\/i> Horario<\/h4>\n<p class=\"title_text\">Consultas: lunes a viernes de 8:00am a 8:00pm<br \/>\nLaboratorio: lunes a viernes de 7:00am a 6:00pm<br \/>\nIm\u00e1genes: lunes a viernes de 7:00am a 8:00pm y s\u00e1bados de 8:00am a 2:00pm<\/p>\n<h4 class=\"title_side\"><i class=\"fas fa-map-marker-alt\"><\/i> Ubicaci\u00f3n<\/h4>\n<p class=\"title_text\">Edificio 5 &#8211; Atenci\u00f3n Primaria<\/p>\n<\/div><\/div><\/div><\/div><\/div><\/div><\/div><\/section><!-- Row Backgrounds --><section class=\"l-section wpb_row height_auto width_full dept_desc\" id=\"tab_servicios\"><div class=\"l-section-h i-cf\"><div class=\"g-cols vc_row type_default valign_top\"><div class=\"vc_col-sm-12 vc_hidden-xs wpb_column vc_column_container\"><div class=\"vc_column-inner us_custom_eb1b9824\"><div class=\"wpb_wrapper\"><div class=\"g-cols wpb_row  type_default valign_top vc_inner\"><div class=\"vc_col-sm-9 wpb_column vc_column_container\"><div class=\"vc_column-inner us_custom_6f4bb857\"><div class=\"wpb_wrapper\"><div id=\"ultimate-heading-815869e482e05e9f3\" class=\"uvc-heading ult-adjust-bottom-margin ultimate-heading-815869e482e05e9f3 uvc-9273 \" data-hspacer=\"line_only\"  data-halign=\"center\" style=\"text-align:center\"><div class=\"uvc-main-heading ult-responsive\"  data-ultimate-target='.uvc-heading.ultimate-heading-815869e482e05e9f3 h2'  data-responsive-json-new='{\"font-size\":\"\",\"line-height\":\"\"}' ><h2 style=\"font-weight:normal;margin-bottom:10px;\">Centro de Atenci\u00f3n Primaria y Medicina Integral<\/h2><\/div><div class=\"uvc-heading-spacer line_only\" style=\"margin-bottom:20px;height:2px;\"><span class=\"uvc-headings-line\" style=\"border-style:solid;border-bottom-width:2px;border-color:#00abc6;width:300px;\"><\/span><\/div><\/div><div class=\"wpb_text_column us_custom_e038e7e6\" ><div class=\"wpb_wrapper\"><p><strong>Centro de Atenci\u00f3n Primaria<\/strong><\/p>\n<p><strong>\u00a0<\/strong>El Centro de Atenci\u00f3n Primaria surge como parte del compromiso establecido en la visi\u00f3n del Hospital, de poner en marcha una soluci\u00f3n que responda a las necesidades de Salud del nivel b\u00e1sico, con el prop\u00f3sito de ofertar servicios de salud a la poblaci\u00f3n dominicana, siendo este Centro puerta de entrada de los pacientes que acuden por primera vez al HGPS.<\/p>\n<p>Horarios de servicios:<\/p>\n<p><strong>Lunes a viernes\u00a0 <\/strong>\u00a0\u00a0\u00a0\u00a0\u00a07:00 a. m. a 8:00 p. m.<\/p>\n<p><strong>S\u00e1bados\u00a0\u00a0\u00a0\u00a0\u00a0\u00a0 <\/strong>\u00a0 \u00a0 \u00a0 \u00a0 \u00a0 \u00a0 \u00a07:00 a. m. a 2:00 p. m.<\/p>\n<p><strong>\u00a0<\/strong><strong>Primer nivel <\/strong><\/p>\n<ul>\n<li>Facturaci\u00f3n<\/li>\n<li>Radiolog\u00eda e Im\u00e1genes<\/li>\n<li>Centro de vacunaci\u00f3n (privado)<\/li>\n<li>Laboratorio cl\u00ednico<\/li>\n<\/ul>\n<p><strong>Segundo nivel <\/strong><\/p>\n<p><strong>Consultas M\u00e9dicas:<\/strong><\/p>\n<ul>\n<li style=\"list-style-type: none;\">\n<ul id=\"2columns\" style=\"-webkit-column-count: 2; -moz-column-count: 2; -o-column-count: 2; column-count: 2;\">\n<li>Medicina familiar<\/li>\n<li>Medicina interna<\/li>\n<li>Pediatr\u00eda<\/li>\n<li>Neonatolog\u00eda<\/li>\n<li>Neurolog\u00eda pedi\u00e1trica<\/li>\n<li>Gastroenterolog\u00eda pedi\u00e1trica<\/li>\n<li>Endocrinolog\u00eda pedi\u00e1trica<\/li>\n<li>Cardiolog\u00eda pedi\u00e1trica<\/li>\n<li>Ginecolog\u00eda y obstetricia<\/li>\n<li>Psiquiatr\u00eda<\/li>\n<li>Psicolog\u00eda<\/li>\n<li>Reumatolog\u00eda<\/li>\n<li>Dermatolog\u00eda<\/li>\n<li>Diabetolog\u00eda<\/li>\n<li>Endocrinolog\u00eda<\/li>\n<li>Geriatr\u00eda<\/li>\n<li>Cl\u00ednica de diabetes gestacional<\/li>\n<li>Diabetolog\u00eda<\/li>\n<li>Unidad de pie diab\u00e9tico<\/li>\n<li>Odontolog\u00eda<\/li>\n<li>HGPS en tu Hogar (servicio domiciliario)<\/li>\n<li>Vacunaci\u00f3n (PAI)<\/li>\n<\/ul>\n<\/li>\n<\/ul>\n<p><strong>\u00a0<\/strong><strong>Tercer nivel: <\/strong><\/p>\n<p><strong>Consultas m\u00e9dicas:<\/strong><\/p>\n<ul>\n<li style=\"list-style-type: none;\">\n<ul>\n<li style=\"list-style-type: none;\">\n<ul>\n<li>Oftalmolog\u00eda<\/li>\n<li>Alergolog\u00eda<\/li>\n<li>Otorrinolaringolog\u00eda<\/li>\n<li>Unidad de audiometr\u00eda y timpanometria<\/li>\n<\/ul>\n<\/li>\n<\/ul>\n<\/li>\n<\/ul>\n<p>&nbsp;<\/p>\n<p>INFORMACION GENRAL DEL HOSPITAL<\/p>\n<p>Personal General\u00a0 \u00a0 \u00a0 \u00a0 \u00a0 \u00a0 \u00a0 \u00a0 \u00a0 \u00a0 \u00a0 \u00a0 \u00a0 \u00a0 \u00a0 \u00a0 \u00a0 \u00a0 \u00a0 \u00a0 \u00a0 \u00a0 \u00a0 \u00a0 \u00a0 \u00a0 \u00a0 \u00a0 \u00a0 \u00a0 \u00a0 \u00a0 \u00a0 \u00a0 \u00a0 \u00a0 \u00a0 \u00a0 \u00a0 \u00a0 \u00a0 Total 2,477<\/p>\n<p>Personal M\u00e9dico\u00a0 \u00a0 \u00a0 \u00a0 \u00a0 \u00a0 \u00a0 \u00a0 \u00a0 \u00a0 Fijo: 305\u00a0\u00a0 Sev. Prestado 243\u00a0 \u00a0 \u00a0 \u00a0 \u00a0 \u00a0 Total 243<\/p>\n<p>Bioanalistas\u00a0\u00a0\u00a0\u00a0\u00a0\u00a0\u00a0\u00a0\u00a0\u00a0\u00a0\u00a0\u00a0\u00a0\u00a0\u00a0\u00a0\u00a0\u00a0\u00a0\u00a0\u00a0\u00a0\u00a0\u00a0\u00a0\u00a0\u00a0\u00a0\u00a0\u00a0\u00a0\u00a0\u00a0\u00a0\u00a0\u00a0\u00a0\u00a0\u00a0\u00a0\u00a0\u00a0\u00a0\u00a0\u00a0\u00a0\u00a0\u00a0\u00a0\u00a0\u00a0\u00a0\u00a0\u00a0\u00a0\u00a0\u00a0\u00a0\u00a0\u00a0\u00a0\u00a0\u00a0\u00a0\u00a0\u00a0\u00a0\u00a0\u00a0\u00a0\u00a0\u00a0\u00a0\u00a0\u00a0\u00a0\u00a0\u00a0\u00a0\u00a0\u00a0\u00a0\u00a0\u00a0\u00a0\u00a0\u00a0\u00a0\u00a0\u00a0 Total 98<\/p>\n<p>Enfermer\u00eda\u00a0\u00a0\u00a0\u00a0\u00a0\u00a0\u00a0\u00a0\u00a0\u00a0\u00a0\u00a0\u00a0\u00a0\u00a0\u00a0\u00a0\u00a0\u00a0\u00a0\u00a0\u00a0\u00a0\u00a0\u00a0\u00a0\u00a0\u00a0\u00a0\u00a0\u00a0\u00a0\u00a0\u00a0\u00a0\u00a0\u00a0\u00a0\u00a0\u00a0\u00a0\u00a0\u00a0\u00a0\u00a0\u00a0\u00a0\u00a0\u00a0\u00a0\u00a0\u00a0\u00a0\u00a0\u00a0\u00a0\u00a0\u00a0\u00a0\u00a0\u00a0\u00a0\u00a0\u00a0\u00a0\u00a0\u00a0\u00a0\u00a0\u00a0\u00a0\u00a0\u00a0\u00a0\u00a0\u00a0\u00a0\u00a0\u00a0\u00a0\u00a0\u00a0\u00a0\u00a0\u00a0\u00a0\u00a0\u00a0\u00a0\u00a0\u00a0\u00a0\u00a0 Total 660<\/p>\n<p>T\u00e9cnicos\u00a0\u00a0\u00a0\u00a0\u00a0\u00a0\u00a0\u00a0\u00a0\u00a0\u00a0\u00a0\u00a0\u00a0\u00a0\u00a0\u00a0\u00a0\u00a0\u00a0\u00a0\u00a0\u00a0\u00a0\u00a0\u00a0\u00a0\u00a0\u00a0\u00a0\u00a0\u00a0\u00a0\u00a0\u00a0\u00a0\u00a0\u00a0\u00a0\u00a0\u00a0\u00a0\u00a0\u00a0\u00a0\u00a0\u00a0\u00a0\u00a0\u00a0\u00a0\u00a0\u00a0\u00a0\u00a0\u00a0\u00a0\u00a0\u00a0\u00a0\u00a0\u00a0\u00a0\u00a0\u00a0\u00a0\u00a0\u00a0\u00a0\u00a0\u00a0\u00a0\u00a0\u00a0\u00a0\u00a0\u00a0\u00a0\u00a0\u00a0\u00a0\u00a0\u00a0\u00a0\u00a0\u00a0\u00a0\u00a0\u00a0\u00a0\u00a0\u00a0\u00a0\u00a0\u00a0\u00a0\u00a0 Total 102<\/p>\n<p>Personal Administrativo\u00a0 \u00a0 \u00a0 \u00a0 \u00a0 \u00a0 \u00a0 \u00a0 \u00a0 \u00a0 \u00a0 \u00a0 \u00a0 \u00a0 \u00a0 \u00a0 \u00a0 \u00a0 \u00a0 \u00a0 \u00a0 \u00a0 \u00a0 \u00a0 \u00a0 \u00a0 \u00a0 \u00a0 \u00a0 \u00a0 \u00a0 \u00a0 \u00a0 \u00a0 \u00a0 \u00a0Total 865<\/p>\n<p><strong>\u00a0<\/strong>Estructura F\u00edsica Del Edificio De Atenci\u00f3n Primaria\u00a0\u00a0 2do Y 3er Nivel<\/p>\n<p>Consultorios\u00a0 \u00a0 \u00a0 \u00a0 \u00a0 \u00a0 \u00a0 \u00a0 \u00a0 \u00a0 \u00a0 \u00a0 \u00a0 \u00a0 \u00a0 \u00a0 \u00a0 \u00a0 \u00a0 \u00a0 \u00a0 \u00a0 \u00a0 \u00a0 \u00a0 \u00a0 \u00a0 \u00a0 \u00a0 \u00a0 \u00a0 \u00a0 \u00a0 \u00a0 \u00a0 \u00a0 \u00a0 \u00a0 \u00a0 \u00a0 \u00a0 \u00a0 \u00a0 \u00a0Total 40<\/p>\n<\/div><\/div><\/div><\/div><\/div><\/div><\/div><\/div><\/div><\/div><\/div><\/section><section class=\"l-section wpb_row us_custom_7d5e32d4 height_auto width_full dept_img_section\"><div class=\"l-section-h i-cf\"><div class=\"g-cols vc_row type_default valign_top\"><div class=\"vc_col-sm-12 vc_hidden-lg vc_hidden-md vc_hidden-sm wpb_column vc_column_container\"><div class=\"vc_column-inner us_custom_5190e04d\"><div class=\"wpb_wrapper\"><div class=\"w-image us_custom_36724591 style_shadow-1 dept_mob_img align_none\"><div class=\"w-image-h\"><img loading=\"lazy\" decoding=\"async\" width=\"400\" height=\"168\" src=\"https:\/\/hgps.org.do\/wp-content\/uploads\/2018\/09\/atencionprimaria-bg-mob.jpg\" class=\"attachment-full size-full\" alt=\"\" srcset=\"https:\/\/hgps.org.do\/wp-content\/uploads\/2018\/09\/atencionprimaria-bg-mob.jpg 400w, https:\/\/hgps.org.do\/wp-content\/uploads\/2018\/09\/atencionprimaria-bg-mob-300x126.jpg 300w\" sizes=\"(max-width: 400px) 100vw, 400px\" \/><\/div><\/div><\/div><\/div><\/div><\/div><\/div><\/section><!-- Row Backgrounds --><section class=\"l-section wpb_row height_auto width_full\"><div class=\"l-section-h i-cf\"><div class=\"g-cols vc_row type_default valign_top\"><div class=\"vc_col-sm-12 vc_hidden-lg vc_hidden-md vc_hidden-sm wpb_column vc_column_container\"><div class=\"vc_column-inner us_custom_eb1b9824\"><div class=\"wpb_wrapper\"><div class=\"g-cols wpb_row  type_default valign_top vc_inner\"><div class=\"vc_col-sm-12 wpb_column vc_column_container has-fill\"><div class=\"vc_column-inner us_custom_cfced21c\"><div class=\"wpb_wrapper\"><div id=\"ultimate-heading-245169e482e0618e7\" class=\"uvc-heading ult-adjust-bottom-margin ultimate-heading-245169e482e0618e7 uvc-8438 \" data-hspacer=\"line_only\"  data-halign=\"center\" style=\"text-align:center\"><div class=\"uvc-main-heading ult-responsive\"  data-ultimate-target='.uvc-heading.ultimate-heading-245169e482e0618e7 h2'  data-responsive-json-new='{\"font-size\":\"\",\"line-height\":\"\"}' ><h2 style=\"font-weight:normal;margin-bottom:10px;\">Centro de Atenci\u00f3n Primaria y Medicina Integral<\/h2><\/div><div class=\"uvc-heading-spacer line_only\" style=\"margin-bottom:20px;height:2px;\"><span class=\"uvc-headings-line\" style=\"border-style:solid;border-bottom-width:2px;border-color:#00abc6;width:300px;\"><\/span><\/div><\/div><div class=\"wpb_text_column us_custom_e038e7e6\" ><div class=\"wpb_wrapper\"><p><strong>Centro de Atenci\u00f3n Primaria<\/strong><\/p>\n<p><strong>\u00a0<\/strong>El Centro de Atenci\u00f3n Primaria surge como parte del compromiso establecido en la visi\u00f3n del Hospital, de poner en marcha una soluci\u00f3n que responda a las necesidades de Salud del nivel b\u00e1sico, con el prop\u00f3sito de ofertar servicios de salud a la poblaci\u00f3n dominicana, siendo este Centro puerta de entrada de los pacientes que acuden por primera vez al HGPS.<\/p>\n<p>Horarios de servicios:<\/p>\n<p><strong>Lunes a viernes\u00a0 <\/strong>\u00a0\u00a0\u00a0\u00a0\u00a07:00 a. m. a 8:00 p. m.<\/p>\n<p><strong>S\u00e1bados\u00a0\u00a0\u00a0\u00a0\u00a0\u00a0 <\/strong>\u00a0 \u00a0 \u00a0 \u00a0 \u00a0 \u00a0 \u00a07:00 a. m. a 2:00 p. m.<\/p>\n<p><strong>\u00a0<\/strong><strong>Primer nivel <\/strong><\/p>\n<ul>\n<li>Facturaci\u00f3n<\/li>\n<li>Radiolog\u00eda e Im\u00e1genes<\/li>\n<li>Centro de vacunaci\u00f3n (privado)<\/li>\n<li>Laboratorio cl\u00ednico<\/li>\n<\/ul>\n<p><strong>Segundo nivel <\/strong><\/p>\n<p><strong>Consultas M\u00e9dicas:<\/strong><\/p>\n<ul>\n<li style=\"list-style-type: none;\">\n<ul id=\"2columns\" style=\"-webkit-column-count: 2; -moz-column-count: 2; -o-column-count: 2; column-count: 2;\">\n<li>Medicina familiar<\/li>\n<li>Medicina interna<\/li>\n<li>Pediatr\u00eda<\/li>\n<li>Neonatolog\u00eda<\/li>\n<li>Neurolog\u00eda pedi\u00e1trica<\/li>\n<li>Gastroenterolog\u00eda pedi\u00e1trica<\/li>\n<li>Endocrinolog\u00eda pedi\u00e1trica<\/li>\n<li>Cardiolog\u00eda pedi\u00e1trica<\/li>\n<li>Ginecolog\u00eda y obstetricia<\/li>\n<li>Psiquiatr\u00eda<\/li>\n<li>Psicolog\u00eda<\/li>\n<li>Reumatolog\u00eda<\/li>\n<li>Dermatolog\u00eda<\/li>\n<li>Diabetolog\u00eda<\/li>\n<li>Endocrinolog\u00eda<\/li>\n<li>Geriatr\u00eda<\/li>\n<li>Cl\u00ednica de diabetes gestacional<\/li>\n<li>Diabetolog\u00eda<\/li>\n<li>Unidad de pie diab\u00e9tico<\/li>\n<li>Odontolog\u00eda<\/li>\n<li>HGPS en tu Hogar (servicio domiciliario)<\/li>\n<li>Vacunaci\u00f3n (PAI)<\/li>\n<\/ul>\n<\/li>\n<\/ul>\n<p><strong>\u00a0<\/strong><strong>Tercer nivel: <\/strong><\/p>\n<p><strong>Consultas m\u00e9dicas:<\/strong><\/p>\n<ul>\n<li style=\"list-style-type: none;\">\n<ul>\n<li style=\"list-style-type: none;\">\n<ul>\n<li>Oftalmolog\u00eda<\/li>\n<li>Alergolog\u00eda<\/li>\n<li>Otorrinolaringolog\u00eda<\/li>\n<li>Unidad de audiometr\u00eda y timpanometria<\/li>\n<\/ul>\n<\/li>\n<\/ul>\n<\/li>\n<\/ul>\n<p>&nbsp;<\/p>\n<p>INFORMACION GENRAL DEL HOSPITAL<\/p>\n<p>Personal General\u00a0\u00a0\u00a0\u00a0\u00a0\u00a0\u00a0\u00a0\u00a0\u00a0\u00a0\u00a0\u00a0\u00a0\u00a0\u00a0\u00a0\u00a0\u00a0\u00a0\u00a0\u00a0\u00a0\u00a0\u00a0\u00a0\u00a0\u00a0\u00a0\u00a0\u00a0\u00a0\u00a0\u00a0\u00a0\u00a0\u00a0\u00a0\u00a0\u00a0\u00a0\u00a0\u00a0\u00a0\u00a0\u00a0\u00a0\u00a0\u00a0\u00a0\u00a0\u00a0\u00a0\u00a0\u00a0\u00a0\u00a0\u00a0\u00a0\u00a0\u00a0\u00a0\u00a0\u00a0\u00a0\u00a0\u00a0\u00a0\u00a0\u00a0\u00a0\u00a0\u00a0\u00a0\u00a0\u00a0\u00a0\u00a0\u00a0\u00a0\u00a0\u00a0 Total 2,477<\/p>\n<p>Personal M\u00e9dico\u00a0 \u00a0 \u00a0 \u00a0 \u00a0 \u00a0 \u00a0 \u00a0 \u00a0 \u00a0 Fijo: 305\u00a0\u00a0 Sev. Prestado 243\u00a0 \u00a0 \u00a0 \u00a0 \u00a0 \u00a0 Total 243<\/p>\n<p>Bioanalistas\u00a0\u00a0\u00a0\u00a0\u00a0\u00a0\u00a0\u00a0\u00a0\u00a0\u00a0\u00a0\u00a0\u00a0\u00a0\u00a0\u00a0\u00a0\u00a0\u00a0\u00a0\u00a0\u00a0\u00a0\u00a0\u00a0\u00a0\u00a0\u00a0\u00a0\u00a0\u00a0\u00a0\u00a0\u00a0\u00a0\u00a0\u00a0\u00a0\u00a0\u00a0\u00a0\u00a0\u00a0\u00a0\u00a0\u00a0\u00a0\u00a0\u00a0\u00a0\u00a0\u00a0\u00a0\u00a0\u00a0\u00a0\u00a0\u00a0\u00a0\u00a0\u00a0\u00a0\u00a0\u00a0\u00a0\u00a0\u00a0\u00a0\u00a0\u00a0\u00a0\u00a0\u00a0\u00a0\u00a0\u00a0\u00a0\u00a0\u00a0\u00a0\u00a0\u00a0\u00a0\u00a0\u00a0\u00a0\u00a0\u00a0\u00a0\u00a0 Total 98<\/p>\n<p>Enfermer\u00eda\u00a0\u00a0\u00a0\u00a0\u00a0\u00a0\u00a0\u00a0\u00a0\u00a0\u00a0\u00a0\u00a0\u00a0\u00a0\u00a0\u00a0\u00a0\u00a0\u00a0\u00a0\u00a0\u00a0\u00a0\u00a0\u00a0\u00a0\u00a0\u00a0\u00a0\u00a0\u00a0\u00a0\u00a0\u00a0\u00a0\u00a0\u00a0\u00a0\u00a0\u00a0\u00a0\u00a0\u00a0\u00a0\u00a0\u00a0\u00a0\u00a0\u00a0\u00a0\u00a0\u00a0\u00a0\u00a0\u00a0\u00a0\u00a0\u00a0\u00a0\u00a0\u00a0\u00a0\u00a0\u00a0\u00a0\u00a0\u00a0\u00a0\u00a0\u00a0\u00a0\u00a0\u00a0\u00a0\u00a0\u00a0\u00a0\u00a0\u00a0\u00a0\u00a0\u00a0\u00a0\u00a0\u00a0\u00a0\u00a0\u00a0\u00a0\u00a0\u00a0\u00a0 Total 660<\/p>\n<p>T\u00e9cnicos\u00a0\u00a0\u00a0\u00a0\u00a0\u00a0\u00a0\u00a0\u00a0\u00a0\u00a0\u00a0\u00a0\u00a0\u00a0\u00a0\u00a0\u00a0\u00a0\u00a0\u00a0\u00a0\u00a0\u00a0\u00a0\u00a0\u00a0\u00a0\u00a0\u00a0\u00a0\u00a0\u00a0\u00a0\u00a0\u00a0\u00a0\u00a0\u00a0\u00a0\u00a0\u00a0\u00a0\u00a0\u00a0\u00a0\u00a0\u00a0\u00a0\u00a0\u00a0\u00a0\u00a0\u00a0\u00a0\u00a0\u00a0\u00a0\u00a0\u00a0\u00a0\u00a0\u00a0\u00a0\u00a0\u00a0\u00a0\u00a0\u00a0\u00a0\u00a0\u00a0\u00a0\u00a0\u00a0\u00a0\u00a0\u00a0\u00a0\u00a0\u00a0\u00a0\u00a0\u00a0\u00a0\u00a0\u00a0\u00a0\u00a0\u00a0\u00a0\u00a0\u00a0\u00a0\u00a0\u00a0\u00a0 Total 102<\/p>\n<p>Personal Administrativo\u00a0 \u00a0 \u00a0 \u00a0 \u00a0 \u00a0 \u00a0 \u00a0 \u00a0 \u00a0 \u00a0 \u00a0 \u00a0 \u00a0 \u00a0 \u00a0 \u00a0 \u00a0 \u00a0 \u00a0 \u00a0 \u00a0 \u00a0 \u00a0 \u00a0 \u00a0 \u00a0 \u00a0 \u00a0 \u00a0 \u00a0 \u00a0 \u00a0 \u00a0 \u00a0 \u00a0Total 865<\/p>\n<p><strong>\u00a0<\/strong>Estructura F\u00edsica Del Edificio De Atenci\u00f3n Primaria\u00a0\u00a0 2do Y 3er Nivel<\/p>\n<p>Consultorios\u00a0 \u00a0 \u00a0 \u00a0 \u00a0 \u00a0 \u00a0 \u00a0 \u00a0 \u00a0 \u00a0 \u00a0 \u00a0 \u00a0 \u00a0 \u00a0 \u00a0 \u00a0 \u00a0 \u00a0 \u00a0 \u00a0 \u00a0 \u00a0 \u00a0 \u00a0 \u00a0 \u00a0 \u00a0 \u00a0 \u00a0 \u00a0 \u00a0 \u00a0 \u00a0 \u00a0 \u00a0 \u00a0 \u00a0 \u00a0 \u00a0 \u00a0 \u00a0 \u00a0Total 40<\/p>\n<\/div><\/div><\/div><\/div><\/div><\/div><\/div><\/div><\/div><\/div><\/div><\/section><section class=\"l-section wpb_row us_custom_50cc7d67 height_auto width_full titulo_depts\" id=\"tel_ubic\"><div class=\"l-section-h i-cf\"><div class=\"g-cols vc_row type_default valign_top\"><div class=\"vc_col-sm-8 vc_hidden-lg vc_hidden-md vc_hidden-sm wpb_column vc_column_container has-fill\"><div class=\"vc_column-inner us_custom_e2bbc56c\"><div class=\"wpb_wrapper\"><div class=\"wpb_text_column title_widget\" ><div class=\"wpb_wrapper\"><div class=\"horario_lcol\">\n<h4 class=\"title_side\"><i class=\"far fa-clock\"><\/i> Horario<\/h4>\n<p class=\"title_text\">Consultas: lunes a viernes de 8:00am a 8:00pm<br \/>\nLaboratorio: lunes a viernes de 7:00am a 6:00pm<br \/>\nIm\u00e1genes: lunes a viernes de 7:00am a 8:00pm y s\u00e1bados de 8:00am a 2:00pm<\/p>\n<\/div>\n<div class=\"horario_lco2\">\n<h4 class=\"title_side\"><i class=\"fas fa-map-marker-alt\"><\/i> Ubicaci\u00f3n<\/h4>\n<p class=\"title_text\">Edificio 5 &#8211; Atenci\u00f3n Primaria<\/p>\n<\/div>\n<\/div><\/div><\/div><\/div><\/div><\/div><\/div><\/section><!-- Row Backgrounds -->\n","protected":false},"excerpt":{"rendered":"Horario Consultas: lunes a viernes de 8:00am a 8:00pm Laboratorio: lunes a viernes de 7:00am a 6:00pm Im\u00e1genes: lunes a viernes de 7:00am a 8:00pm y s\u00e1bados de 8:00am a 2:00pm Ubicaci\u00f3n Edificio 5 &#8211; Atenci\u00f3n Primaria Horario Consultas: lunes a viernes de 8:00am a 8:00pm Laboratorio: lunes a viernes de 7:00am a 6:00pm Im\u00e1genes:...","protected":false},"author":1,"featured_media":0,"parent":22825,"menu_order":31,"comment_status":"closed","ping_status":"closed","template":"","meta":{"footnotes":""},"_links":{"self":[{"href":"https:\/\/hgps.org.do\/es\/wp-json\/wp\/v2\/pages\/22823"}],"collection":[{"href":"https:\/\/hgps.org.do\/es\/wp-json\/wp\/v2\/pages"}],"about":[{"href":"https:\/\/hgps.org.do\/es\/wp-json\/wp\/v2\/types\/page"}],"author":[{"embeddable":true,"href":"https:\/\/hgps.org.do\/es\/wp-json\/wp\/v2\/users\/1"}],"replies":[{"embeddable":true,"href":"https:\/\/hgps.org.do\/es\/wp-json\/wp\/v2\/comments?post=22823"}],"version-history":[{"count":25,"href":"https:\/\/hgps.org.do\/es\/wp-json\/wp\/v2\/pages\/22823\/revisions"}],"predecessor-version":[{"id":27378,"href":"https:\/\/hgps.org.do\/es\/wp-json\/wp\/v2\/pages\/22823\/revisions\/27378"}],"up":[{"embeddable":true,"href":"https:\/\/hgps.org.do\/es\/wp-json\/wp\/v2\/pages\/22825"}],"wp:attachment":[{"href":"https:\/\/hgps.org.do\/es\/wp-json\/wp\/v2\/media?parent=22823"}],"curies":[{"name":"wp","href":"https:\/\/api.w.org\/{rel}","templated":true}]}}