{"id":22830,"date":"2018-05-01T21:19:35","date_gmt":"2018-05-01T21:19:35","guid":{"rendered":"https:\/\/portal-hgps.azurewebsites.net\/servicios-medicos\/geriatria\/"},"modified":"2022-05-03T15:38:04","modified_gmt":"2022-05-03T15:38:04","slug":"geriatria","status":"publish","type":"page","link":"https:\/\/hgps.org.do\/es\/servicios-medicos\/geriatria\/","title":{"rendered":"Geriatr\u00eda"},"content":{"rendered":"<section class=\"l-section wpb_row us_custom_9b36ddac height_medium\"><div class=\"l-section-h i-cf\"><div class=\"g-cols vc_row type_default valign_top\"><div class=\"vc_col-sm-8 wpb_column vc_column_container\"><div class=\"vc_column-inner\"><div class=\"wpb_wrapper\"><div id=\"ultimate-heading-770369d8e1de1afca\" class=\"uvc-heading ult-adjust-bottom-margin ultimate-heading-770369d8e1de1afca uvc-3213 \" data-hspacer=\"line_only\"  data-halign=\"center\" style=\"text-align:center\"><div class=\"uvc-main-heading ult-responsive\"  data-ultimate-target='.uvc-heading.ultimate-heading-770369d8e1de1afca h2'  data-responsive-json-new='{\"font-size\":\"\",\"line-height\":\"\"}' ><h2 style=\"font-weight:normal;margin-bottom:10px;\">Geriatr\u00eda<\/h2><\/div><div class=\"uvc-heading-spacer line_only\" style=\"margin-bottom:20px;height:2px;\"><span class=\"uvc-headings-line\" style=\"border-style:solid;border-bottom-width:2px;border-color:#00abc6;width:300px;\"><\/span><\/div><\/div><div class=\"wpb_text_column us_custom_e038e7e6\" ><div class=\"wpb_wrapper\"><p>La Unidad de Geri\u00e1trica est\u00e1 dedicada al cuidado de los adultos mayores en los aspectos preventivos, terap\u00e9uticos, rehabilitatorios y paliativos integrando los aspectos psicosociales y familiares.<\/p>\n<p>Proporcionamos herramientas adecuadas en el cuidado de la atenci\u00f3n del adulto mayor enfermo en etapas agudas, subagudas y cr\u00f3nicas.<\/p>\n<p>Conservamos la autonom\u00eda y la autoval\u00eda del adulto mayor utilizando abordajes que integren las enfermedades de mayor prevalencia, las m\u00e1s incapacitantes y aquellas que condicionan dependencia.<\/p>\n<p>Adem\u00e1s de prevenimos la enfermedad y los trastornos de salud de una forma activa, la recuperaci\u00f3n de los pacientes que ya han perdido su independencia f\u00edsica o social y tratar de mantener y devolver al anciano a su comunidad.<\/p>\n<\/div><\/div><div class=\"w-tabs style_default switch_click accordion has_scrolling type_togglable title_atleft icon_chevron iconpos_right\"><div class=\"w-tabs-sections\"><div class=\"w-tabs-sections-h\"><div class=\"w-tabs-section\" id=\"1548023767346-cd77bd47-43e4\"><button class=\"w-tabs-section-header\" aria-controls=\"content-1548023767346-cd77bd47-43e4\"><div class=\"w-tabs-section-header-h\"><div class=\"w-tabs-section-title\">Objetivos<\/div><div class=\"w-tabs-section-control\"><\/div><\/div><\/button><div class=\"w-tabs-section-content\" id=\"content-1548023767346-cd77bd47-43e4\" aria-expanded=\"false\"><div class=\"w-tabs-section-content-h i-cf\"><div class=\"wpb_text_column\" ><div class=\"wpb_wrapper\"><p>Ser una unidad de atenci\u00f3n Geri\u00e1trica dedicada al cuidado de los adultos mayores en los aspectos preventivos, terap\u00e9uticos, rehabilitatorios y paliativos integrando los aspectos psicosociales y familiares.<\/p>\n<p>Proporcionar herramientas adecuadas en el cuidado de la atenci\u00f3n del adulto mayor enfermo en etapas agudas, subagudas y cr\u00f3nicas.<\/p>\n<p>Conservar la autonom\u00eda y la autoval\u00eda del adulto mayor utilizando abordajes que integren las enfermedades de mayor prevalencia, las m\u00e1s incapacitantes y aquellas que condicionan dependencia.<br \/>\nAdem\u00e1s de prevenir la enfermedad y los trastornos de salud de una forma activa, la recuperaci\u00f3n de los pacientes que ya han perdido su independencia f\u00edsica o social y tratar de mantener y devolver al anciano a su comunidad.<\/p>\n<\/div><\/div><\/div><\/div><\/div><div class=\"w-tabs-section\" id=\"1548023767367-29804f93-5c1e\"><button class=\"w-tabs-section-header\" aria-controls=\"content-1548023767367-29804f93-5c1e\"><div class=\"w-tabs-section-header-h\"><div class=\"w-tabs-section-title\">Funciones<\/div><div class=\"w-tabs-section-control\"><\/div><\/div><\/button><div class=\"w-tabs-section-content\" id=\"content-1548023767367-29804f93-5c1e\" aria-expanded=\"false\"><div class=\"w-tabs-section-content-h i-cf\"><div class=\"wpb_text_column\" ><div class=\"wpb_wrapper\"><p>Brindar servicio de asistencia M\u00e9dica integral: esta incluye ocupaci\u00f3n de toda la problem\u00e1tica m\u00e9dica, funcional, mental, y social del anciano mediante una valoraci\u00f3n geri\u00e1trica global, programada y exhaustiva con la colaboraci\u00f3n multidisciplinar de otros profesionales integrados en equipo con el m\u00e9dico geriatra.<\/p>\n<p>Evitar la dependencia. La enfermedad puede dejar como secuelas la invalidez y la dependencia, por lo que hay que evitar que evolucione hacia la cronicidad; los ancianos que lleguen a la dependencia absoluta deber\u00edan ser los estrictamente inevitables.<\/p>\n<p>Proporcionar un cuidado progresivo del anciano. Desde el inicio de su enfermedad hasta completar la rehabilitaci\u00f3n de este proceso y volver a su situaci\u00f3n basal previa, el anciano puede tener diferentes necesidades de asistencia seg\u00fan el momento. Se debe responder a estas necesidades contando con diferentes niveles asistenciales: hospital, asistencia en el domicilio, unidades de rehabilitaci\u00f3n o convalecencia, unidades de larga estancia o centros residenciales.<\/p>\n<\/div><\/div><\/div><\/div><\/div><div class=\"w-tabs-section\" id=\"1548023823198-12a4e08a-f086\"><button class=\"w-tabs-section-header\" aria-controls=\"content-1548023823198-12a4e08a-f086\"><div class=\"w-tabs-section-header-h\"><div class=\"w-tabs-section-title\">Actividades que realiza<\/div><div class=\"w-tabs-section-control\"><\/div><\/div><\/button><div class=\"w-tabs-section-content\" id=\"content-1548023823198-12a4e08a-f086\" aria-expanded=\"false\"><div class=\"w-tabs-section-content-h i-cf\"><div class=\"wpb_text_column\" ><div class=\"wpb_wrapper\"><ul>\n<li>Charlas sobre educaci\u00f3n al paciente y sus familiares, con el objetivo de brindar a los familiares las herramientas y medios necesarios para que puedan aprender a manejar su paciente seg\u00fan su condici\u00f3n.<\/li>\n<li>Visitas m\u00e9dicas domiciliarias<\/li>\n<li>Apoyo en la celebraci\u00f3n del d\u00eda internacional del adulto mayor.<\/li>\n<li>Interconsulta paciente hospitalizados<\/li>\n<\/ul>\n<\/div><\/div><\/div><\/div><\/div><div class=\"w-tabs-section\" id=\"1651592207959-e1aab4ec-141c\"><button class=\"w-tabs-section-header\" aria-controls=\"content-1651592207959-e1aab4ec-141c\"><div class=\"w-tabs-section-header-h\"><div class=\"w-tabs-section-title\">Ubicaci\u00f3n <\/div><div class=\"w-tabs-section-control\"><\/div><\/div><\/button><div class=\"w-tabs-section-content\" id=\"content-1651592207959-e1aab4ec-141c\" aria-expanded=\"false\"><div class=\"w-tabs-section-content-h i-cf\"><div class=\"wpb_text_column\" ><div class=\"wpb_wrapper\"><p>Edificio #5 Atenci\u00f3n Primaria, segundo nivel<\/p>\n<p><strong>Tel\u00e9fonos:<\/strong> 809-565-7477 opci\u00f3n 2<\/p>\n<\/div><\/div><\/div><\/div><\/div><\/div><\/div><\/div><\/div><\/div><\/div><div class=\"vc_col-sm-4 wpb_column vc_column_container\"><div class=\"vc_column-inner us_custom_c3c31ab9\"><div class=\"wpb_wrapper\"><div class=\"uavc-list-icon uavc-list-icon-wrapper ult-adjust-bottom-margin   \"><ul class=\"uavc-list\"><li><div class=\"uavc-list-content\" id=\"list-icon-wrap-8989\">\n<div class=\"uavc-list-icon  \" data-animation=\"\" data-animation-delay=\"03\" style=\"margin-right:10px;\"><div class=\"ult-just-icon-wrapper  \"><div class=\"align-icon\" style=\"text-align:center;\">\n<div class=\"aio-icon none \"  style=\"font-size:22px;display:inline-block;\">\n\t<i class=\"Defaults-calendar\"><\/i>\n<\/div><\/div><\/div>\n<\/div><span  data-ultimate-target='#list-icon-wrap-8989 .uavc-list-desc'  data-responsive-json-new='{\"font-size\":\"\",\"line-height\":\"\"}'  class=\"uavc-list-desc ult-responsive\" style=\"\">\n<h4 style=\"padding-bottom: 0; margin-bottom: 0; font-size: 20px;\">Para Citas<\/h4>\n<p><span style=\"font-size: 14px; line-height: 18px;\">Llama al <a style=\"color: #30414f; text-decoration: underline;\" href=\"tel:809-565-7477\">809-565-7477<\/a><br \/>\nLlena el <a style=\"color: #30414f; text-decoration: underline;\" href=\"https:\/\/www.hgps.org.do\/citas\/\">Formulario en L\u00ednea<\/a><br \/>\no Escr\u00edbenos al <a style=\"color: #30414f; text-decoration: underline;\" href=\"#\">Live Chat<\/a><\/span><\/span><\/div><\/li><\/ul><\/div><h4 style=\"font-size: 20px;color: #00acc9;text-align: center;font-family:Titillium Web;font-weight:600;font-style:normal\" class=\"vc_custom_heading us_custom_7c7abea5\" >Art\u00edculos Relacionados<\/h4><div class=\"w-grid type_grid layout_25768 overflow_hidden\" id=\"us_grid_1\" data-grid-filter=\"true\"><style id=\"us_grid_1_css\">#us_grid_1 .w-grid-item:not(:last-child){margin-bottom:1.5rem}#us_grid_1 .g-loadmore{margin-top:1.5rem}<\/style><style>.layout_25768 .w-grid-item-h{background:#ffffff}.layout_25768 .usg_post_image_1{margin-bottom:0!important;padding-bottom:0!important}.layout_25768 .usg_post_title_1{font-family:'Titillium Web', sans-serif!important;font-size:1.1rem!important;line-height:1.2em!important;padding:0!important;margin:10px 0 0 0!important}.layout_25768 .usg_hwrapper_2{color:#00bcd4!important}.layout_25768 .usg_post_date_1{font-size:0.8rem!important}.layout_25768 .usg_vwrapper_1{padding:0!important}.layout_25768 .usg_post_taxonomy_2{font-size:0.8rem!important}<\/style><div class=\"w-grid-list\" ><\/div><div class=\"w-grid-preloader\"><div class=\"g-preloader type_1\">\r\n\t<div><\/div>\r\n<\/div>\r\n<\/div>\t<div class=\"w-grid-json hidden\" onclick='return {&quot;action&quot;:&quot;us_ajax_grid&quot;,&quot;ajax_url&quot;:&quot;https:\\\/\\\/hgps.org.do\\\/wp-admin\\\/admin-ajax.php&quot;,&quot;infinite_scroll&quot;:0,&quot;max_num_pages&quot;:0,&quot;pagination&quot;:&quot;none&quot;,&quot;permalink_url&quot;:&quot;https:\\\/\\\/hgps.org.do\\\/es\\\/wp-json\\\/wp\\\/v2\\\/pages\\\/22830&quot;,&quot;template_vars&quot;:{&quot;columns&quot;:&quot;1&quot;,&quot;exclude_items&quot;:&quot;none&quot;,&quot;img_size&quot;:&quot;medium&quot;,&quot;ignore_items_size&quot;:false,&quot;items_layout&quot;:&quot;25768&quot;,&quot;items_offset&quot;:&quot;1&quot;,&quot;overriding_link&quot;:&quot;none&quot;,&quot;post_id&quot;:22830,&quot;query_args&quot;:{&quot;post_type&quot;:[&quot;post&quot;],&quot;tax_query&quot;:[{&quot;taxonomy&quot;:&quot;post_tag&quot;,&quot;field&quot;:&quot;slug&quot;,&quot;terms&quot;:[&quot;geriatria&quot;]}],&quot;post_status&quot;:[&quot;publish&quot;],&quot;orderby&quot;:{&quot;date&quot;:&quot;DESC&quot;},&quot;posts_per_page&quot;:&quot;5&quot;},&quot;type&quot;:&quot;grid&quot;,&quot;us_grid_ajax_index&quot;:1,&quot;us_grid_filter_params&quot;:null,&quot;us_grid_index&quot;:1,&quot;_us_grid_post_type&quot;:&quot;post&quot;}}'><\/div>\r\n<h4 class=\"w-grid-none\">No se han encontrado resultados.<\/h4><\/div><\/div><\/div><\/div><\/div><\/div><\/section>\n","protected":false},"excerpt":{"rendered":"Geriatr\u00edaLa Unidad de Geri\u00e1trica est\u00e1 dedicada al cuidado de los adultos mayores en los aspectos preventivos, terap\u00e9uticos, rehabilitatorios y paliativos integrando los aspectos psicosociales y familiares. Proporcionamos herramientas adecuadas en el cuidado de la atenci\u00f3n del adulto mayor enfermo en etapas agudas, subagudas y cr\u00f3nicas. Conservamos la autonom\u00eda y la autoval\u00eda del adulto mayor utilizando...","protected":false},"author":1,"featured_media":0,"parent":22825,"menu_order":38,"comment_status":"closed","ping_status":"closed","template":"","meta":{"footnotes":""},"_links":{"self":[{"href":"https:\/\/hgps.org.do\/es\/wp-json\/wp\/v2\/pages\/22830"}],"collection":[{"href":"https:\/\/hgps.org.do\/es\/wp-json\/wp\/v2\/pages"}],"about":[{"href":"https:\/\/hgps.org.do\/es\/wp-json\/wp\/v2\/types\/page"}],"author":[{"embeddable":true,"href":"https:\/\/hgps.org.do\/es\/wp-json\/wp\/v2\/users\/1"}],"replies":[{"embeddable":true,"href":"https:\/\/hgps.org.do\/es\/wp-json\/wp\/v2\/comments?post=22830"}],"version-history":[{"count":4,"href":"https:\/\/hgps.org.do\/es\/wp-json\/wp\/v2\/pages\/22830\/revisions"}],"predecessor-version":[{"id":27354,"href":"https:\/\/hgps.org.do\/es\/wp-json\/wp\/v2\/pages\/22830\/revisions\/27354"}],"up":[{"embeddable":true,"href":"https:\/\/hgps.org.do\/es\/wp-json\/wp\/v2\/pages\/22825"}],"wp:attachment":[{"href":"https:\/\/hgps.org.do\/es\/wp-json\/wp\/v2\/media?parent=22830"}],"curies":[{"name":"wp","href":"https:\/\/api.w.org\/{rel}","templated":true}]}}