{"id":22831,"date":"2018-05-01T21:19:35","date_gmt":"2018-05-01T21:19:35","guid":{"rendered":"https:\/\/portal-hgps.azurewebsites.net\/servicios-medicos\/imagenologia\/"},"modified":"2022-05-04T18:52:19","modified_gmt":"2022-05-04T18:52:19","slug":"imagenologia","status":"publish","type":"page","link":"https:\/\/hgps.org.do\/es\/centros-especializados\/imagenologia\/","title":{"rendered":"Imagenolog\u00eda"},"content":{"rendered":"<section class=\"l-section wpb_row us_custom_9b36ddac height_medium\"><div class=\"l-section-h i-cf\"><div class=\"g-cols vc_row type_default valign_top\"><div class=\"vc_col-sm-8 wpb_column vc_column_container\"><div class=\"vc_column-inner\"><div class=\"wpb_wrapper\"><div id=\"ultimate-heading-653469dedba800dc4\" class=\"uvc-heading ult-adjust-bottom-margin ultimate-heading-653469dedba800dc4 uvc-6187 \" data-hspacer=\"line_only\"  data-halign=\"center\" style=\"text-align:center\"><div class=\"uvc-main-heading ult-responsive\"  data-ultimate-target='.uvc-heading.ultimate-heading-653469dedba800dc4 h2'  data-responsive-json-new='{\"font-size\":\"\",\"line-height\":\"\"}' ><h2 style=\"font-weight:normal;margin-bottom:10px;\">Imagenolog\u00eda<\/h2><\/div><div class=\"uvc-heading-spacer line_only\" style=\"margin-bottom:20px;height:2px;\"><span class=\"uvc-headings-line\" style=\"border-style:solid;border-bottom-width:2px;border-color:#00abc6;width:300px;\"><\/span><\/div><\/div><div class=\"wpb_text_column us_custom_e038e7e6\" ><div class=\"wpb_wrapper\"><p>Esta unidad se encarga de la preparaci\u00f3n, toma e interpretaci\u00f3n de los estudios de im\u00e1genes, para que sirvan como elemento de apoyo en el establecimiento del diagn\u00f3stico, tratamiento y seguimiento de los diversos procesos patol\u00f3gicos que padecen las personas, adem\u00e1s de guardar todas las reglas de radio protecci\u00f3n.<\/p>\n<\/div><\/div><div class=\"w-tabs style_default switch_click accordion has_scrolling type_togglable title_atleft icon_chevron iconpos_right\"><div class=\"w-tabs-sections\"><div class=\"w-tabs-sections-h\"><div class=\"w-tabs-section\" id=\"1548023767346-cd77bd47-43e4\"><button class=\"w-tabs-section-header\" aria-controls=\"content-1548023767346-cd77bd47-43e4\"><div class=\"w-tabs-section-header-h\"><div class=\"w-tabs-section-title\">P\u00fablico Objetivo<\/div><div class=\"w-tabs-section-control\"><\/div><\/div><\/button><div class=\"w-tabs-section-content\" id=\"content-1548023767346-cd77bd47-43e4\" aria-expanded=\"false\"><div class=\"w-tabs-section-content-h i-cf\"><div class=\"wpb_text_column\" ><div class=\"wpb_wrapper\"><p>Pacientes hospitalizados en el HGPS<br \/>\nPacientes en general del HGPS<br \/>\nPacientes en general procedentes de otros centros de salud<\/p>\n<\/div><\/div><\/div><\/div><\/div><div class=\"w-tabs-section\" id=\"1548023823198-12a4e08a-f086\"><button class=\"w-tabs-section-header\" aria-controls=\"content-1548023823198-12a4e08a-f086\"><div class=\"w-tabs-section-header-h\"><div class=\"w-tabs-section-title\">Resonancia Magn\u00e9tica Nuclear<\/div><div class=\"w-tabs-section-control\"><\/div><\/div><\/button><div class=\"w-tabs-section-content\" id=\"content-1548023823198-12a4e08a-f086\" aria-expanded=\"false\"><div class=\"w-tabs-section-content-h i-cf\"><div class=\"g-cols wpb_row  type_default valign_top vc_inner\"><div class=\"vc_col-sm-12 wpb_column vc_column_container\"><div class=\"vc_column-inner\"><div class=\"wpb_wrapper\"><div class=\"wpb_text_column\" ><div class=\"wpb_wrapper\"><p>Es una t\u00e9cnica de diagn\u00f3stico por imagen que se realiza mediante el empleo de un campo electromagn\u00e9tico y la captaci\u00f3n de las se\u00f1ales de radiofrecuencia emitidas por las part\u00edculas sometidas al campo magn\u00e9tico, lo cual permite obtener im\u00e1genes de la zona estudiada en todos los planos del espacio.<\/p>\n<p><strong>Tipos de Resonancia Magn\u00e9tica Nuclear<\/strong><\/p>\n<\/div><\/div><\/div><\/div><\/div><\/div><div class=\"g-cols wpb_row  us_custom_0f8f44b7 type_default valign_top vc_inner\"><div class=\"vc_col-sm-4 wpb_column vc_column_container\"><div class=\"vc_column-inner\"><div class=\"wpb_wrapper\"><div class=\"wpb_text_column\" ><div class=\"wpb_wrapper\"><p>Cr\u00e1neo<br \/>\nSilla turca<br \/>\nColumna cervical<br \/>\nCuello<br \/>\nColangio-resonancia<br \/>\nAbdomen<br \/>\nPelvis<\/p>\n<\/div><\/div><\/div><\/div><\/div><div class=\"vc_col-sm-4 wpb_column vc_column_container\"><div class=\"vc_column-inner\"><div class=\"wpb_wrapper\"><div class=\"wpb_text_column\" ><div class=\"wpb_wrapper\"><p>\u00d3rbita<br \/>\nO\u00eddo<br \/>\nHombros<br \/>\nCodo<br \/>\nColumna dorsal<br \/>\nColumna lumbar<br \/>\nCadera<br \/>\nMamas<br \/>\nAngio-resonancias<br \/>\nMuslo<\/p>\n<\/div><\/div><\/div><\/div><\/div><div class=\"vc_col-sm-4 wpb_column vc_column_container\"><div class=\"vc_column-inner\"><div class=\"wpb_wrapper\"><div class=\"wpb_text_column\" ><div class=\"wpb_wrapper\"><p>Articulaciones sacroil\u00edacas<br \/>\nRodilla<br \/>\nTobillo<br \/>\nPie<br \/>\nHip\u00f3fisis<br \/>\nMu\u00f1eca<br \/>\nMano<br \/>\nMaxilo facial<br \/>\nEspectroscopia por resonancia<\/p>\n<p>&nbsp;<\/p>\n<\/div><\/div><\/div><\/div><\/div><\/div><\/div><\/div><\/div><div class=\"w-tabs-section\" id=\"1548023823198-12a4e08a-f086\"><button class=\"w-tabs-section-header\" aria-controls=\"content-1548023823198-12a4e08a-f086\"><div class=\"w-tabs-section-header-h\"><div class=\"w-tabs-section-title\">Tomograf\u00eda Axial Computarizada<\/div><div class=\"w-tabs-section-control\"><\/div><\/div><\/button><div class=\"w-tabs-section-content\" id=\"content-1548023823198-12a4e08a-f086\" aria-expanded=\"false\"><div class=\"w-tabs-section-content-h i-cf\"><div class=\"g-cols wpb_row  type_default valign_top vc_inner\"><div class=\"vc_col-sm-12 wpb_column vc_column_container\"><div class=\"vc_column-inner\"><div class=\"wpb_wrapper\"><div class=\"wpb_text_column\" ><div class=\"wpb_wrapper\"><p>Es una prueba de diagn\u00f3stico radiol\u00f3gico mediante la utilizaci\u00f3n de rayos X y procesamiento de las im\u00e1genes por ordenador. A trav\u00e9s del ordenador se reconstruyen los planos atravesados por los rayos X.<\/p>\n<\/div><\/div><\/div><\/div><\/div><\/div><div class=\"g-cols wpb_row  us_custom_0f8f44b7 type_default valign_top vc_inner\"><div class=\"vc_col-sm-4 wpb_column vc_column_container\"><div class=\"vc_column-inner\"><div class=\"wpb_wrapper\"><div class=\"wpb_text_column\" ><div class=\"wpb_wrapper\"><p>Cr\u00e1neo simple<br \/>\nCr\u00e1neo con contraste<br \/>\nOrbitas con contraste<br \/>\nSenos paranasales<br \/>\nMaxilofacial<\/p>\n<\/div><\/div><\/div><\/div><\/div><div class=\"vc_col-sm-4 wpb_column vc_column_container\"><div class=\"vc_column-inner\"><div class=\"wpb_wrapper\"><div class=\"wpb_text_column\" ><div class=\"wpb_wrapper\"><p>Columna Cervical<br \/>\nColumna Dorsal<br \/>\nColumna Lumbar<br \/>\nCara<br \/>\nSilla turca con contraste<\/p>\n<\/div><\/div><\/div><\/div><\/div><div class=\"vc_col-sm-4 wpb_column vc_column_container\"><div class=\"vc_column-inner\"><div class=\"wpb_wrapper\"><div class=\"wpb_text_column\" ><div class=\"wpb_wrapper\"><p>Mastoides<br \/>\nCuello con contraste<br \/>\nT\u00f3rax simple<br \/>\nAbdomen<br \/>\nPelvis<\/p>\n<p style=\"margin: 0cm; margin-bottom: .0001pt; background: white;\">\n<\/div><\/div><\/div><\/div><\/div><\/div><\/div><\/div><\/div><div class=\"w-tabs-section\" id=\"1548029174487-523555e1-fc0e\"><button class=\"w-tabs-section-header\" aria-controls=\"content-1548029174487-523555e1-fc0e\"><div class=\"w-tabs-section-header-h\"><div class=\"w-tabs-section-title\">Tomograf\u00edas Axiales computarizadas especiales<\/div><div class=\"w-tabs-section-control\"><\/div><\/div><\/button><div class=\"w-tabs-section-content\" id=\"content-1548029174487-523555e1-fc0e\" aria-expanded=\"false\"><div class=\"w-tabs-section-content-h i-cf\"><div class=\"g-cols wpb_row  type_default valign_top vc_inner\"><div class=\"vc_col-sm-6 wpb_column vc_column_container\"><div class=\"vc_column-inner\"><div class=\"wpb_wrapper\"><div class=\"wpb_text_column\" ><div class=\"wpb_wrapper\"><p>Score de Calcio<br \/>\nExtremidades<br \/>\nUrograf\u00eda por tomograf\u00eda computada multicorte (UROTAC)<br \/>\nAngiograf\u00eda por tomograf\u00eda axial computada (Angio TAC)<\/p>\n<\/div><\/div><\/div><\/div><\/div><div class=\"vc_col-sm-6 wpb_column vc_column_container\"><div class=\"vc_column-inner\"><div class=\"wpb_wrapper\"><div class=\"wpb_text_column\" ><div class=\"wpb_wrapper\"><p>Angiotomograf\u00eda Coronaria<br \/>\nReconstrucci\u00f3n de Imagen en Tomograf\u00eda<br \/>\nTomo-dirigidas (Biopsias)<br \/>\nDrenajes Tomo-dirigidos<\/p>\n<\/div><\/div><\/div><\/div><\/div><\/div><\/div><\/div><\/div><div class=\"w-tabs-section\" id=\"1548029311995-ebb4f890-8a71\"><button class=\"w-tabs-section-header\" aria-controls=\"content-1548029311995-ebb4f890-8a71\"><div class=\"w-tabs-section-header-h\"><div class=\"w-tabs-section-title\">Sonograf\u00edas<\/div><div class=\"w-tabs-section-control\"><\/div><\/div><\/button><div class=\"w-tabs-section-content\" id=\"content-1548029311995-ebb4f890-8a71\" aria-expanded=\"false\"><div class=\"w-tabs-section-content-h i-cf\"><div class=\"g-cols wpb_row  type_default valign_top vc_inner\"><div class=\"vc_col-sm-12 wpb_column vc_column_container\"><div class=\"vc_column-inner\"><div class=\"wpb_wrapper\"><div class=\"wpb_text_column\" ><div class=\"wpb_wrapper\"><p>Consiste en la detecci\u00f3n y representaci\u00f3n de la energ\u00eda ac\u00fastica reflejada a partir de las distintas interfaces corporales, las cuales proporcionan informaci\u00f3n necesaria para generar im\u00e1genes de alta resoluci\u00f3n en escala de grises.<\/p>\n<p><strong>Tipos de Sonograf\u00edas:<\/strong><\/p>\n<\/div><\/div><\/div><\/div><\/div><\/div><div class=\"g-cols wpb_row  us_custom_0f8f44b7 type_default valign_top vc_inner\"><div class=\"vc_col-sm-4 wpb_column vc_column_container\"><div class=\"vc_column-inner\"><div class=\"wpb_wrapper\"><div class=\"wpb_text_column\" ><div class=\"wpb_wrapper\"><p>Transfontanelar<br \/>\nTiroides<br \/>\nMamas<br \/>\nPartes blandas<\/p>\n<\/div><\/div><\/div><\/div><\/div><div class=\"vc_col-sm-4 wpb_column vc_column_container\"><div class=\"vc_column-inner\"><div class=\"wpb_wrapper\"><div class=\"wpb_text_column\" ><div class=\"wpb_wrapper\"><p>M\u00fasculo esquel\u00e9tico<br \/>\nAbdomen<br \/>\nPelvis supra-p\u00fabica<br \/>\nP\u00e9lvica transvaginal<\/p>\n<\/div><\/div><\/div><\/div><\/div><div class=\"vc_col-sm-4 wpb_column vc_column_container\"><div class=\"vc_column-inner\"><div class=\"wpb_wrapper\"><div class=\"wpb_text_column\" ><div class=\"wpb_wrapper\"><p>Transrectal<br \/>\nEscroto<br \/>\nObst\u00e9trica<\/p>\n<\/div><\/div><\/div><\/div><\/div><\/div><\/div><\/div><\/div><div class=\"w-tabs-section\" id=\"1548032557512-e190ea4d-dacb\"><button class=\"w-tabs-section-header\" aria-controls=\"content-1548032557512-e190ea4d-dacb\"><div class=\"w-tabs-section-header-h\"><div class=\"w-tabs-section-title\">Estudios Sonogr\u00e1ficos Especiales<\/div><div class=\"w-tabs-section-control\"><\/div><\/div><\/button><div class=\"w-tabs-section-content\" id=\"content-1548032557512-e190ea4d-dacb\" aria-expanded=\"false\"><div class=\"w-tabs-section-content-h i-cf\"><div class=\"wpb_text_column\" ><div class=\"wpb_wrapper\"><ul>\n<li>Doppler perif\u00e9rico no invasivo (car\u00f3tidas comunes, car\u00f3tidas internas, arterias vertebrales, miembros inferiores y superiores arteriales y venosos y marcajes).<\/li>\n<li>Doppler no superficial (h\u00edgado, bazo y ri\u00f1ones).<\/li>\n<li>Perfil biof\u00edsico basal y flujimetr\u00eda del cord\u00f3n.<\/li>\n<li>Biopsias Sonodirigidas (pr\u00f3stata, ri\u00f1\u00f3n, tiroides, h\u00edgado y mama).<\/li>\n<li>Drenajes sonodirigidos.<\/li>\n<li>Amniocentesis.<\/li>\n<\/ul>\n<\/div><\/div><\/div><\/div><\/div><div class=\"w-tabs-section\" id=\"1548032694490-1dcf983b-96fc\"><button class=\"w-tabs-section-header\" aria-controls=\"content-1548032694490-1dcf983b-96fc\"><div class=\"w-tabs-section-header-h\"><div class=\"w-tabs-section-title\">Radiograf\u00edas<\/div><div class=\"w-tabs-section-control\"><\/div><\/div><\/button><div class=\"w-tabs-section-content\" id=\"content-1548032694490-1dcf983b-96fc\" aria-expanded=\"false\"><div class=\"w-tabs-section-content-h i-cf\"><div class=\"wpb_text_column\" ><div class=\"wpb_wrapper\"><p><strong>Radiograf\u00edas<\/strong><\/p>\n<p>Consiste en el registro de una imagen en una pel\u00edcula fotogr\u00e1fica que es expuesta a una fuente de radiaci\u00f3n con el objetivo de determinar un proceso patol\u00f3gico ya sea cong\u00e9nito o adquirido de tipo traum\u00e1tico, infeccioso, inflamatorio, tumoral o degenerativo.<\/p>\n<p><strong>Radiolog\u00eda Convencional Digital:<\/strong><br \/>\nCr\u00e1neo<br \/>\nSenos para nasales<br \/>\nColumna cervical<br \/>\nCavum<br \/>\nEdad \u00f3sea<br \/>\nT\u00f3rax<br \/>\nColumna dorsal<br \/>\nColumna lumbar<br \/>\nColumna lumbo-sacra<br \/>\nPelvis<br \/>\nAbdomen de pie y acostado<br \/>\nMano<br \/>\nPie<br \/>\nSerie \u00f3sea<\/p>\n<p>&nbsp;<\/p>\n<p>&nbsp;<\/p>\n<p><strong>Radiolog\u00eda para estudios contrastados:<\/strong><\/p>\n<p>Urograf\u00edas excretoras<br \/>\nUretrocistografias miccional y retrograda<br \/>\nColon con contraste<br \/>\nEstudios de es\u00f3fago, est\u00f3mago y duodeno<br \/>\nTr\u00e1nsito intestinal<br \/>\nFistulograf\u00edas<br \/>\nHisterosalpingograf\u00edas<br \/>\nCistograf\u00eda<\/p>\n<p><strong>Radiolog\u00eda port\u00e1til:<\/strong><\/p>\n<p>Radiograf\u00eda de t\u00f3rax utilizada para estudios en los pacientes hospitalizados, que por su condici\u00f3n cl\u00ednica no pueden trasladarse de su \u00e1rea.<\/p>\n<p>&nbsp;<\/p>\n<\/div><\/div><\/div><\/div><\/div><div class=\"w-tabs-section\" id=\"1548032756410-d61df766-704f\"><button class=\"w-tabs-section-header\" aria-controls=\"content-1548032756410-d61df766-704f\"><div class=\"w-tabs-section-header-h\"><div class=\"w-tabs-section-title\">Mamograf\u00eda<\/div><div class=\"w-tabs-section-control\"><\/div><\/div><\/button><div class=\"w-tabs-section-content\" id=\"content-1548032756410-d61df766-704f\" aria-expanded=\"false\"><div class=\"w-tabs-section-content-h i-cf\"><div class=\"wpb_text_column\" ><div class=\"wpb_wrapper\"><p>Consiste en una exploraci\u00f3n diagn\u00f3stica de imagen por rayos X de la gl\u00e1ndula mamaria, mediante aparatos denominados mam\u00f3grafos, para producir im\u00e1genes detalladas de las estructuras internas de la mama que permitan la detecci\u00f3n precoz del c\u00e1ncer de mama.<\/p>\n<p>Se realiza a mujeres de 35 a\u00f1os en adelante.<\/p>\n<p><strong>Indicaciones:<\/strong><\/p>\n<ul>\n<li>Detecci\u00f3n temprana del c\u00e1ncer de mama (con o sin riesgo conocido)<\/li>\n<li>Para evaluar lesiones palpables<\/li>\n<li>Secreciones an\u00f3malas por el pez\u00f3n<\/li>\n<li>Control post quir\u00fargico<\/li>\n<li>Seguimiento de lesiones previas<\/li>\n<li>C\u00e1ncer de origen desconocido<\/li>\n<li>Mamas de dif\u00edcil evaluaci\u00f3n<\/li>\n<li>Marcajes Mamarios<\/li>\n<li>Biopsia por estereotaxia<\/li>\n<li>Compresi\u00f3n focal.<\/li>\n<\/ul>\n<\/div><\/div><\/div><\/div><\/div><div class=\"w-tabs-section\" id=\"1548032826083-3e87a02b-1186\"><button class=\"w-tabs-section-header\" aria-controls=\"content-1548032826083-3e87a02b-1186\"><div class=\"w-tabs-section-header-h\"><div class=\"w-tabs-section-title\">Densitometr\u00eda \u00d3sea<\/div><div class=\"w-tabs-section-control\"><\/div><\/div><\/button><div class=\"w-tabs-section-content\" id=\"content-1548032826083-3e87a02b-1186\" aria-expanded=\"false\"><div class=\"w-tabs-section-content-h i-cf\"><div class=\"wpb_text_column\" ><div class=\"wpb_wrapper\"><p>La densitometr\u00eda es una exploraci\u00f3n que utiliza dosis bajas de rayos-X que pasan por todo el cuerpo y toman una radiograf\u00eda con el objetivo de medir la densidad de calcio de los huesos sobre unos patrones de edad y de cada hueso.<\/p>\n<p><strong>Indicaciones:<\/strong><\/p>\n<ul>\n<li>Mujeres post menop\u00e1usicas o con factores de riesgo.<\/li>\n<li>Mujeres menores de 65 a\u00f1os con riesgos adicionales de osteoporosis.<\/li>\n<li>Antecedentes de fracturas por fragilidad despu\u00e9s de los 45 a\u00f1os.<\/li>\n<li>Tratamiento prolongado con cortico-esteroides (3 meses o m\u00e1s).<\/li>\n<li>Usuarios con patolog\u00edas que afecten el metabolismo \u00f3seo (por lo menos 2).<br \/>\nHipertiroidismo.<\/li>\n<li>Hiperparatiroidismo.<\/li>\n<li>Artritis reumatoide.<\/li>\n<li>S\u00edndrome de mala absorci\u00f3n (Enf. Cel\u00edaca).<\/li>\n<li>Hipogonadismo.<\/li>\n<li>S\u00edndrome de Cushing.<\/li>\n<li>Enfermedad hep\u00e1tica cr\u00f3nica.<\/li>\n<li>Pacientes post quir\u00fargicos por extirpaci\u00f3n total o parcial de la tiroides.<\/li>\n<li>Enfermedad inflamatoria intestinal.<\/li>\n<\/ul>\n<\/div><\/div><\/div><\/div><\/div><div class=\"w-tabs-section\" id=\"1548037424765-68dceb01-5538\"><button class=\"w-tabs-section-header\" aria-controls=\"content-1548037424765-68dceb01-5538\"><div class=\"w-tabs-section-header-h\"><div class=\"w-tabs-section-title\">Horario de Atenci\u00f3n y Entrega de Resultados<\/div><div class=\"w-tabs-section-control\"><\/div><\/div><\/button><div class=\"w-tabs-section-content\" id=\"content-1548037424765-68dceb01-5538\" aria-expanded=\"false\"><div class=\"w-tabs-section-content-h i-cf\"><div class=\"wpb_text_column\" ><div class=\"wpb_wrapper\"><p><strong>Radiolog\u00eda <\/strong><\/p>\n<p><strong>\u00a0<\/strong><\/p>\n<p><strong>Edificio principal\u00a0<\/strong><strong>(Edif. #1<\/strong><strong>):<\/strong><\/p>\n<p>Servicios de Rx, sonograf\u00edas y tomograf\u00edas<\/p>\n<p>&nbsp;<\/p>\n<p>Dentro del servicio de Rx tenemos: radiograf\u00edas con fluoroscop\u00eda: colon, fistulograf\u00edas, serie es\u00f3fago, tr\u00e1nsito intestinal, histerosalpingograf\u00eda, cistograf\u00eda, uretrocistograf\u00eda y radiograf\u00edas simples.<\/p>\n<p>&nbsp;<\/p>\n<p>Dentro del servicio de tomograf\u00eda tenemos: angiotomografias, angiotac coronaria, score de calcio, biopsias tomodirigidas, drenajes tomo dirigidos y tomograf\u00edas simples.<\/p>\n<p>&nbsp;<\/p>\n<p><strong>Horarios: <\/strong>lunes a viernes 7:00 a. m. a 8:00 p. m.<\/p>\n<p>S\u00e1bados de 8:00 a. m. a 6:00 p. m.<\/p>\n<p>Servicios las 24 horas, los siete d\u00edas de la semana, para emergencias y hospitalizados.<\/p>\n<p><strong><u>\u00a0<\/u><\/strong><\/p>\n<p><strong>\u00a0<\/strong><\/p>\n<p><strong>Unidad de Im\u00e1genes Diagn\u00f3sticas (CID) (Edif. #2):<\/strong><\/p>\n<p><strong>\u00a0<\/strong><\/p>\n<ul>\n<li>Servicios de Rx, sonograf\u00edas, doppler, tomograf\u00edas, mamograf\u00edas, biopsias sonodirigidas y resonancias\u00a0magn\u00e9ticas.<\/li>\n<li>Resonancias y tomograf\u00edas a menores de 6 a\u00f1os que requieran apoyo anest\u00e9sico.<\/li>\n<li>Resonancias de Mama<\/li>\n<li>Espectroscop\u00eda por resonancia.<\/li>\n<\/ul>\n<p>&nbsp;<\/p>\n<p><strong>Horarios:<\/strong> lunes a viernes de 7:00 a. m. a 8:00 p. m.<\/p>\n<p>S\u00e1bados de 8:00 a. m. a 6:00 p. m.<\/p>\n<p><strong>Unidad Especializada de Im\u00e1genes Diagn\u00f3sticas en Trauma (<\/strong><strong>Edif. #2<\/strong><strong>)<\/strong><strong>:<\/strong><\/p>\n<p>&nbsp;<\/p>\n<p>Servicios de Rx<br \/>\nBiopsias sonodirigidas<br \/>\nResonancias magn\u00e9ticas<\/p>\n<p>&nbsp;<\/p>\n<p><strong>Horarios:<\/strong><\/p>\n<p>Lunes a viernes de 7:00 a. m. a 8:00 p. m.<\/p>\n<p>S\u00e1bados de 8:00 a. m. a 6:00 p. m.<\/p>\n<p>&nbsp;<\/p>\n<p><strong>Unidad de Im\u00e1genes Diagn\u00f3sticas en Atenci\u00f3n Primaria (<\/strong><strong>Edif. #5<\/strong><strong>)<\/strong>:<\/p>\n<p>&nbsp;<\/p>\n<p>Servicios de Rx<br \/>\nSonograf\u00edas<br \/>\nDoppler<br \/>\nMamograf\u00edas<br \/>\nBiopsias sonodirigidas<br \/>\nDoppler<br \/>\nDensitometr\u00edas<\/p>\n<p>&nbsp;<\/p>\n<p><strong>Horarios:<\/strong><\/p>\n<p>Lunes a viernes de 7:00 a. m. a 7:00 p. m.<br \/>\nS\u00e1bados de 8:00 a. m. a 2:00 p. m.<\/p>\n<p>&nbsp;<\/p>\n<p>&nbsp;<\/p>\n<p>&nbsp;<\/p>\n<p><strong>Unidad de\u00a0<\/strong><strong>ONCOPLAZA (Edif. #3)<\/strong><\/p>\n<p>Servicios de\u00a0sonograf\u00edas<br \/>\nDoppler<\/p>\n<p><strong>Horarios:<\/strong><\/p>\n<p>Lunes a viernes\u00a0de 7:00 a. m. a 7:00 p. m.<\/p>\n<p><strong>\u00a0<\/strong><strong>Contacto:<\/strong> 809-565-7477 ext.: 7900<\/p>\n<\/div><\/div><\/div><\/div><\/div><\/div><\/div><\/div><\/div><\/div><\/div><div class=\"vc_col-sm-4 wpb_column vc_column_container\"><div class=\"vc_column-inner us_custom_c3c31ab9\"><div class=\"wpb_wrapper\"><div class=\"uavc-list-icon uavc-list-icon-wrapper ult-adjust-bottom-margin   \"><ul class=\"uavc-list\"><li><div class=\"uavc-list-content\" id=\"list-icon-wrap-3620\">\n<div class=\"uavc-list-icon  \" data-animation=\"\" data-animation-delay=\"03\" style=\"margin-right:10px;\"><div class=\"ult-just-icon-wrapper  \"><div class=\"align-icon\" style=\"text-align:center;\">\n<div class=\"aio-icon none \"  style=\"font-size:22px;display:inline-block;\">\n\t<i class=\"Defaults-calendar\"><\/i>\n<\/div><\/div><\/div>\n<\/div><span  data-ultimate-target='#list-icon-wrap-3620 .uavc-list-desc'  data-responsive-json-new='{\"font-size\":\"\",\"line-height\":\"\"}'  class=\"uavc-list-desc ult-responsive\" style=\"\">\n<h4 style=\"padding-bottom: 0; margin-bottom: 0; font-size: 20px;\">Para Citas<\/h4>\n<p><span style=\"font-size: 14px; line-height: 18px;\">Llama al <a style=\"color: #30414f; text-decoration: underline;\" href=\"tel:809-565-7477\">809-565-7477<\/a><br \/>\nLlena el <a style=\"color: #30414f; text-decoration: underline;\" href=\"https:\/\/www.hgps.org.do\/citas\/\">Formulario en L\u00ednea<\/a><br \/>\no Escr\u00edbenos al <a style=\"color: #30414f; text-decoration: underline;\" href=\"#\">Live Chat<\/a><\/span><\/span><\/div><\/li><\/ul><\/div><h4 style=\"font-size: 20px;color: #00acc9;text-align: center;font-family:Titillium Web;font-weight:600;font-style:normal\" class=\"vc_custom_heading us_custom_7c7abea5\" >Art\u00edculos Relacionados<\/h4><div class=\"w-grid type_grid layout_25768 overflow_hidden\" id=\"us_grid_1\" data-grid-filter=\"true\"><style id=\"us_grid_1_css\">#us_grid_1 .w-grid-item:not(:last-child){margin-bottom:1.5rem}#us_grid_1 .g-loadmore{margin-top:1.5rem}<\/style><style>.layout_25768 .w-grid-item-h{background:#ffffff}.layout_25768 .usg_post_image_1{margin-bottom:0!important;padding-bottom:0!important}.layout_25768 .usg_post_title_1{font-family:'Titillium Web', sans-serif!important;font-size:1.1rem!important;line-height:1.2em!important;padding:0!important;margin:10px 0 0 0!important}.layout_25768 .usg_hwrapper_2{color:#00bcd4!important}.layout_25768 .usg_post_date_1{font-size:0.8rem!important}.layout_25768 .usg_vwrapper_1{padding:0!important}.layout_25768 .usg_post_taxonomy_2{font-size:0.8rem!important}<\/style><div class=\"w-grid-list\" ><\/div><div class=\"w-grid-preloader\"><div class=\"g-preloader type_1\">\r\n\t<div><\/div>\r\n<\/div>\r\n<\/div>\t<div class=\"w-grid-json hidden\" onclick='return {&quot;action&quot;:&quot;us_ajax_grid&quot;,&quot;ajax_url&quot;:&quot;https:\\\/\\\/hgps.org.do\\\/wp-admin\\\/admin-ajax.php&quot;,&quot;infinite_scroll&quot;:0,&quot;max_num_pages&quot;:0,&quot;pagination&quot;:&quot;none&quot;,&quot;permalink_url&quot;:&quot;https:\\\/\\\/hgps.org.do\\\/es\\\/wp-json\\\/wp\\\/v2\\\/pages\\\/22831&quot;,&quot;template_vars&quot;:{&quot;columns&quot;:&quot;1&quot;,&quot;exclude_items&quot;:&quot;none&quot;,&quot;img_size&quot;:&quot;medium&quot;,&quot;ignore_items_size&quot;:false,&quot;items_layout&quot;:&quot;25768&quot;,&quot;items_offset&quot;:&quot;1&quot;,&quot;overriding_link&quot;:&quot;none&quot;,&quot;post_id&quot;:22831,&quot;query_args&quot;:{&quot;post_type&quot;:[&quot;post&quot;],&quot;tax_query&quot;:[{&quot;taxonomy&quot;:&quot;post_tag&quot;,&quot;field&quot;:&quot;slug&quot;,&quot;terms&quot;:[&quot;imagenologia&quot;]}],&quot;post_status&quot;:[&quot;publish&quot;],&quot;orderby&quot;:{&quot;date&quot;:&quot;DESC&quot;},&quot;posts_per_page&quot;:&quot;5&quot;},&quot;type&quot;:&quot;grid&quot;,&quot;us_grid_ajax_index&quot;:1,&quot;us_grid_filter_params&quot;:null,&quot;us_grid_index&quot;:1,&quot;_us_grid_post_type&quot;:&quot;post&quot;}}'><\/div>\r\n<h4 class=\"w-grid-none\">No se han encontrado resultados.<\/h4><\/div><\/div><\/div><\/div><\/div><\/div><\/section>\n","protected":false},"excerpt":{"rendered":"Imagenolog\u00edaEsta unidad se encarga de la preparaci\u00f3n, toma e interpretaci\u00f3n de los estudios de im\u00e1genes, para que sirvan como elemento de apoyo en el establecimiento del diagn\u00f3stico, tratamiento y seguimiento de los diversos procesos patol\u00f3gicos que padecen las personas, adem\u00e1s de guardar todas las reglas de radio protecci\u00f3n. P\u00fablico ObjetivoPacientes hospitalizados en el HGPS Pacientes...","protected":false},"author":1,"featured_media":0,"parent":22813,"menu_order":39,"comment_status":"closed","ping_status":"closed","template":"","meta":{"footnotes":""},"_links":{"self":[{"href":"https:\/\/hgps.org.do\/es\/wp-json\/wp\/v2\/pages\/22831"}],"collection":[{"href":"https:\/\/hgps.org.do\/es\/wp-json\/wp\/v2\/pages"}],"about":[{"href":"https:\/\/hgps.org.do\/es\/wp-json\/wp\/v2\/types\/page"}],"author":[{"embeddable":true,"href":"https:\/\/hgps.org.do\/es\/wp-json\/wp\/v2\/users\/1"}],"replies":[{"embeddable":true,"href":"https:\/\/hgps.org.do\/es\/wp-json\/wp\/v2\/comments?post=22831"}],"version-history":[{"count":3,"href":"https:\/\/hgps.org.do\/es\/wp-json\/wp\/v2\/pages\/22831\/revisions"}],"predecessor-version":[{"id":27250,"href":"https:\/\/hgps.org.do\/es\/wp-json\/wp\/v2\/pages\/22831\/revisions\/27250"}],"up":[{"embeddable":true,"href":"https:\/\/hgps.org.do\/es\/wp-json\/wp\/v2\/pages\/22813"}],"wp:attachment":[{"href":"https:\/\/hgps.org.do\/es\/wp-json\/wp\/v2\/media?parent=22831"}],"curies":[{"name":"wp","href":"https:\/\/api.w.org\/{rel}","templated":true}]}}