{"id":22837,"date":"2018-05-01T21:19:36","date_gmt":"2018-05-01T21:19:36","guid":{"rendered":"https:\/\/portal-hgps.azurewebsites.net\/servicios-medicos\/odontologia\/"},"modified":"2022-04-20T13:19:15","modified_gmt":"2022-04-20T13:19:15","slug":"odontologia","status":"publish","type":"page","link":"https:\/\/hgps.org.do\/es\/servicios-medicos\/odontologia\/","title":{"rendered":"Odontolog\u00eda"},"content":{"rendered":"<section class=\"l-section wpb_row us_custom_9b36ddac height_medium\"><div class=\"l-section-h i-cf\"><div class=\"g-cols vc_row type_default valign_top\"><div class=\"vc_col-sm-8 wpb_column vc_column_container\"><div class=\"vc_column-inner\"><div class=\"wpb_wrapper\"><div id=\"ultimate-heading-472169d9a4b0d8d46\" class=\"uvc-heading ult-adjust-bottom-margin ultimate-heading-472169d9a4b0d8d46 uvc-2262 \" data-hspacer=\"line_only\"  data-halign=\"center\" style=\"text-align:center\"><div class=\"uvc-main-heading ult-responsive\"  data-ultimate-target='.uvc-heading.ultimate-heading-472169d9a4b0d8d46 h2'  data-responsive-json-new='{\"font-size\":\"\",\"line-height\":\"\"}' ><h2 style=\"font-weight:normal;margin-bottom:10px;\">Odontolog\u00eda<\/h2><\/div><div class=\"uvc-heading-spacer line_only\" style=\"margin-bottom:20px;height:2px;\"><span class=\"uvc-headings-line\" style=\"border-style:solid;border-bottom-width:2px;border-color:#00abc6;width:300px;\"><\/span><\/div><\/div><div class=\"wpb_text_column\" ><div class=\"wpb_wrapper\"><p>El Departamento de Odontolog\u00eda HGPS ofrece servicios b\u00e1sicos y especializados dentales con los m\u00e1s altos est\u00e1ndares de calidad profesional apoyados en equipos tecnol\u00f3gicos para garantizar a nuestros pacientes una atenci\u00f3n integral.<\/p>\n<p>Contamos con un grupo de profesionales de todas las \u00e1reas garantizando continuidad en los tratamientos y una orientaci\u00f3n permanente en sus necesidades puntuales.<\/p>\n<p>Ofrecemos unas c\u00f3modas instalaciones con unidades de atenci\u00f3n, totalmente dotadas con equipos de \u00faltima tecnolog\u00eda. Adem\u00e1s, nuestro equipo de trabajo est\u00e1 formado y posee reconocida experiencia en las diferentes \u00e1reas de la odontolog\u00eda y un personal administrativo capacitado para brindarle toda la asesor\u00eda e informaci\u00f3n que sea necesaria.<\/p>\n<p>Nuestros tratamientos odontol\u00f3gicos est\u00e1n basados en diagn\u00f3sticos precisos y confiables. Hemos establecido relaciones de confianza con nuestros proveedores, lo que garantiza efectividad en la entrega de resultados y oportunos tiempos de respuesta. Adem\u00e1s, utilizamos productos e insumos de alta calidad que avalan los \u00f3ptimos resultados de los tratamientos.<\/p>\n<p>En el Departamento de odontolog\u00eda HGPS manejamos laboratorios dentales externos especializados en cada una de las \u00e1reas de la odontolog\u00eda (pr\u00f3tesis, ortodoncia, etc.) De esta manera, le brindamos confianza al momento de realizarse el tratamiento que usted desea con los m\u00e1s altos est\u00e1ndares en calidad. <\/p>\n<\/div><\/div><div class=\"w-tabs style_default switch_click accordion has_scrolling title_atleft icon_chevron iconpos_right\"><div class=\"w-tabs-sections\"><div class=\"w-tabs-sections-h\"><div class=\"w-tabs-section\" id=\"1548051485003-09ea206c-28ed\"><button class=\"w-tabs-section-header\" aria-controls=\"content-1548051485003-09ea206c-28ed\"><div class=\"w-tabs-section-header-h\"><div class=\"w-tabs-section-title\">Importancia de la Salud Bucal<\/div><div class=\"w-tabs-section-control\"><\/div><\/div><\/button><div class=\"w-tabs-section-content\" id=\"content-1548051485003-09ea206c-28ed\" aria-expanded=\"false\"><div class=\"w-tabs-section-content-h i-cf\"><div class=\"wpb_text_column\" ><div class=\"wpb_wrapper\"><p>La salud dental es importante en la salud general. Cuando cualquier parte de nuestro organismo pierde su equilibrio y se altera, esta salud general se ve afectada. La salud dental es mantener libre de enfermedades toda la estructura de la cavidad oral, especialmente de los dientes y de los tejidos de soporte de estos y en un equilibrado bien comportamiento para la cual fue dise\u00f1ada.<\/p>\n<p>Los dientes intervienen en diferentes procesos como hablar, masticar, pasar los alimentos, lubricaci\u00f3n, es la primera l\u00ednea de defensa del sistema inmune, sonre\u00edr, imagen personal.<\/p>\n<p>La salud dental y bienestar general est\u00e1n estrechamente relacionadas ya que, desde el proceso como la digesti\u00f3n y el estado nutricional al preparar un adecuado bolo alimenticio antes de tragarlo, hasta la apariencia personal y su efecto en la autoestima, hacen que la salud dental sea un aspecto importante dentro de la salud general.<\/p>\n<\/div><\/div><\/div><\/div><\/div><div class=\"w-tabs-section\" id=\"1548051485025-c8b152b1-d930\"><button class=\"w-tabs-section-header\" aria-controls=\"content-1548051485025-c8b152b1-d930\"><div class=\"w-tabs-section-header-h\"><div class=\"w-tabs-section-title\">Salud bucal y enfermedades sist\u00e9micas<\/div><div class=\"w-tabs-section-control\"><\/div><\/div><\/button><div class=\"w-tabs-section-content\" id=\"content-1548051485025-c8b152b1-d930\" aria-expanded=\"false\"><div class=\"w-tabs-section-content-h i-cf\"><div class=\"wpb_text_column\" ><div class=\"wpb_wrapper\"><p>Debemos de tomar en cuenta otros factores. Como lo explica la organizaci\u00f3n mundial de la salud, las dolencias bucodentales comparten factores de riesgo con las cuatro enfermedades cr\u00f3nicas m\u00e1s importante, enfermedades cardiovasculares, c\u00e1ncer, enfermedades respiratorias cr\u00f3nica y diabetes, pues se ven favorecidas por la dieta mal sanas, el tabaquismo y el consumo nocivo de alcohol. Pero no solo comparten las causas, si no que a menudo una mala salud bucal es un s\u00edntoma de la existencia de una enfermedad cardiovascular, de un c\u00e1ncer o de diabetes. Por lo tanto, visitar al odont\u00f3logo puede permitir determinar enfermedades graves<\/p>\n<\/div><\/div><\/div><\/div><\/div><div class=\"w-tabs-section\" id=\"1548051574958-091d9f58-5a5b\"><button class=\"w-tabs-section-header\" aria-controls=\"content-1548051574958-091d9f58-5a5b\"><div class=\"w-tabs-section-header-h\"><div class=\"w-tabs-section-title\">Como mantener una buena higiene bucal<\/div><div class=\"w-tabs-section-control\"><\/div><\/div><\/button><div class=\"w-tabs-section-content\" id=\"content-1548051574958-091d9f58-5a5b\" aria-expanded=\"false\"><div class=\"w-tabs-section-content-h i-cf\"><div class=\"wpb_text_column\" ><div class=\"wpb_wrapper\"><p>Es importante mantener una buena higiene bucal, por lo que es necesario que nos preocupemos de hacernos el h\u00e1bito de lavarnos los dientes de la forma adecuada y que vayamos al odont\u00f3logo como es recomendado. Como siempre, es mejor prevenir que curar. Debemos visitar al odont\u00f3logo por lo menos dos veces al a\u00f1o, sobre todo en los ni\u00f1os, donde viendo los dientes, adem\u00e1s podemos detectar una mala nutrici\u00f3n, alteraciones de crecimiento y del desarrollo.<\/p>\n<p>Tambi\u00e9n en casa es necesario que cuides tu salud todos los d\u00edas haciendo lo siguiente:<\/p>\n<p>Cepilla tus dientes durante 2 0 3 minutos, por lo menos 3 veces al d\u00eda, el cepillo debe de ser utilizado con cerdas intermedias, con una cabeza de tama\u00f1o peque\u00f1o para poder acceder a todos los rincones<\/p>\n<p>Utiliza cepillo interdental y el hilo dental para eliminar la placa de los lugares que tu cepillo no pudo alcanzar.<\/p>\n<p>Cepillarse la lengua: existen herramientas especiales para ello, pero el cepillo de diente es suficiente. En efecto, la superficie exterior de la lengua est\u00e1 cubierta con bacterias que pueden contribuir en particular al mal aliento.<\/p>\n<p>Come una dieta saludable para proporcionar los nutrientes necesarios vitamina A y C, en particular.<\/p>\n<p>Evitar el tabaco, que puede contribuir a la enfermedad de las enc\u00edas y el c\u00e1ncer bucal.<\/p>\n<\/div><\/div><\/div><\/div><\/div><div class=\"w-tabs-section\" id=\"1548051617946-213830aa-b161\"><button class=\"w-tabs-section-header\" aria-controls=\"content-1548051617946-213830aa-b161\"><div class=\"w-tabs-section-header-h\"><div class=\"w-tabs-section-title\">Enfermedades m\u00e1s comunes de la cavidad bucal<\/div><div class=\"w-tabs-section-control\"><\/div><\/div><\/button><div class=\"w-tabs-section-content\" id=\"content-1548051617946-213830aa-b161\" aria-expanded=\"false\"><div class=\"w-tabs-section-content-h i-cf\"><div class=\"wpb_text_column\" ><div class=\"wpb_wrapper\"><p class=\"p1\"><span class=\"s1\">Las enfermedades bucales no solo afectan a la zona de la boca, si no que impactan en diversas partes del organismo del ser humano, por eso es importante tener una correcta higiene que garantice la eliminaci\u00f3n de bacterias. Para las personas es, muy importante contar con una buena salud bucal, pero al no cuidarla pueden aparecer las incomodas afecciones.<\/span><\/p>\n<p class=\"p1\"><span class=\"s1\"><b>Caries dental<\/b>: Es una enfermedad multifactorial que se caracteriza por la destrucci\u00f3n de los tejidos del diente como consecuencia de la desmineralizaci\u00f3n que generan los \u00e1cidos que genera la placa bacteriana.<\/span><\/p>\n<p class=\"p1\"><span class=\"s1\"><b>Gingivitis:<\/b> Es la inflamaci\u00f3n de la enc\u00eda que provoca sangrado espontaneo, enrojecimientos de la enc\u00eda. Causada por un proceso infeccioso o la acumulaci\u00f3n de placa bacteriana.<\/span><\/p>\n<p class=\"p1\"><span class=\"s1\"><b>Periodontitis:<\/b> La periodontitis ocurre cuando se presenta con inflamaci\u00f3n de la enc\u00eda y no es tratada. La infecci\u00f3n e inflamaci\u00f3n se diseminan desde la enc\u00eda hasta los ligamentos y el hueso que sirven de soporte a los dientes. La p\u00e9rdida de soporte hace que los dientes se aflojen y finalmente se caigan. La periodontitis es la causa principal de la ca\u00edda de los dientes en los adultos.<\/span><\/p>\n<p class=\"p1\"><span class=\"s1\"><b>La medida m\u00e1s importante es visitar a su odont\u00f3logo cada 6 meses para garantizar una buena salud bucal y no hacerlo solo cuando presentamos dolor o molestias<\/b><\/span><\/p>\n<\/div><\/div><\/div><\/div><\/div><div class=\"w-tabs-section\" id=\"1548051989579-09639414-3be8\"><button class=\"w-tabs-section-header\" aria-controls=\"content-1548051989579-09639414-3be8\"><div class=\"w-tabs-section-header-h\"><div class=\"w-tabs-section-title\">Razones para elegirnos<\/div><div class=\"w-tabs-section-control\"><\/div><\/div><\/button><div class=\"w-tabs-section-content\" id=\"content-1548051989579-09639414-3be8\" aria-expanded=\"false\"><div class=\"w-tabs-section-content-h i-cf\"><div class=\"wpb_text_column\" ><div class=\"wpb_wrapper\"><ul class=\"ul1\">\n<li class=\"li1\"><span class=\"s2\">Contamos con odont\u00f3logos especialistas altamente calificados para que se sienta c\u00f3modo y seguro al momento de su consulta.<\/span><\/li>\n<li class=\"li1\"><span class=\"s2\">Ortodoncistas certificados por la <a href=\"http:\/\/mimejorsonrisa.com\" target=\"_blank\" rel=\"noopener noreferrer\">Sociedad Dominicana de Ortodoncia<\/a> (mimejorsonrisa.com) y la <a href=\"http:\/\/www.wfo.org\" target=\"_blank\" rel=\"noopener noreferrer\">Federaci\u00f3n Mundial de Ortodoncistas\u00a0<\/a>\u00a0lo que brinda confianza al realizarse su tratamiento.<\/span><\/li>\n<\/ul>\n<ul class=\"ul1\">\n<li class=\"li1\"><span class=\"s2\">Nuestros pacientes son atendidos en un ambiente hospitalario lo que garantiza que pacientes con enfermedades como: diabetes, hipertensi\u00f3n, etc., encuentran una atenci\u00f3n segura e integral.<\/span><\/li>\n<li class=\"li1\"><span class=\"s2\">Combinamos la tecnolog\u00eda con la experiencia de nuestros profesionales, para crear una atmosfera de confianza que les garantiza a nuestros pacientes tratamientos efectivos, con \u00f3ptimos tiempos de respuesta.<\/span><\/li>\n<li class=\"li1\"><span class=\"s2\">C\u00f3modas instalaciones con unidades de atenci\u00f3n totalmente dotadas con equipos de \u00faltima tecnolog\u00eda, crean un ambiente c\u00e1lido lo que hace que su visita al odont\u00f3logo sea m\u00e1s placentera.<\/span><\/li>\n<li class=\"li1\"><span class=\"s2\">Atenci\u00f3n personalizada con la asignaci\u00f3n de citas.<\/span><\/li>\n<li class=\"li1\"><span class=\"s2\">Facilidades y opciones de pago.<\/span><\/li>\n<li class=\"li1\"><span class=\"s2\">Acompa\u00f1amiento personalizado durante todo el tratamiento odontol\u00f3gico.<\/span><\/li>\n<li class=\"li1\"><span class=\"s2\">Estamos habilitados por el Ministerio de Salud P\u00fablica (dgha.gob.do).<\/span><\/li>\n<\/ul>\n<\/div><\/div><\/div><\/div><\/div><div class=\"w-tabs-section\" id=\"1548052080737-8d7323f3-4d3a\"><button class=\"w-tabs-section-header\" aria-controls=\"content-1548052080737-8d7323f3-4d3a\"><div class=\"w-tabs-section-header-h\"><div class=\"w-tabs-section-title\">Ubicaci\u00f3n y horario de atenci\u00f3n<\/div><div class=\"w-tabs-section-control\"><\/div><\/div><\/button><div class=\"w-tabs-section-content\" id=\"content-1548052080737-8d7323f3-4d3a\" aria-expanded=\"false\"><div class=\"w-tabs-section-content-h i-cf\"><div class=\"wpb_text_column\" ><div class=\"wpb_wrapper\"><p>Estamos ubicados en el edificio no. 5 Centro de Atenci\u00f3n Primaria, consultorios 227 y 226 segundo piso. Nuestro horario de atenci\u00f3n es de lunes a viernes de 08:00 am hasta las 04:00 pm.<\/p>\n<p><strong>Departamento Odontologia HGPS<\/strong><\/p>\n<p><strong>Para citas y horarios<\/strong><\/p>\n<p><strong>Tel\u00e9fonos 809-565-7477 extensi\u00f3n 7051<\/strong><\/p>\n<\/div><\/div><\/div><\/div><\/div><div class=\"w-tabs-section\" id=\"1650460641679-d541a6e9-1190\"><button class=\"w-tabs-section-header\" aria-controls=\"content-1650460641679-d541a6e9-1190\"><div class=\"w-tabs-section-header-h\"><div class=\"w-tabs-section-title\">Servicios odontol\u00f3gicos <\/div><div class=\"w-tabs-section-control\"><\/div><\/div><\/button><div class=\"w-tabs-section-content\" id=\"content-1650460641679-d541a6e9-1190\" aria-expanded=\"false\"><div class=\"w-tabs-section-content-h i-cf\"><div class=\"wpb_text_column\" ><div class=\"wpb_wrapper\"><ul>\n<li>Consulta de evaluaci\u00f3n<\/li>\n<li>Programas preventivos<\/li>\n<li>Instrucci\u00f3n de higiene oral, profilaxis dental<\/li>\n<li>Radiograf\u00edas<\/li>\n<li>Emergencias<\/li>\n<li>Operatoria dental (obturaciones)<\/li>\n<li>Cirug\u00eda bucal<\/li>\n<li>Odontopediatr\u00eda<\/li>\n<li>Pr\u00f3tesis dental<\/li>\n<li>Endodoncia (tratamiento de canal)<\/li>\n<li>Ortodoncia (braces)<\/li>\n<li>Cirug\u00eda maxilofacial y bucal.<\/li>\n<li>Interconsulta odontol\u00f3gica a las diferentes \u00e1reas de hospitalizaci\u00f3n (UCI, Pabellones, etc.)<\/li>\n<\/ul>\n<\/div><\/div><\/div><\/div><\/div><\/div><\/div><\/div><\/div><\/div><\/div><div class=\"vc_col-sm-4 wpb_column vc_column_container\"><div class=\"vc_column-inner us_custom_c3c31ab9\"><div class=\"wpb_wrapper\"><div class=\"uavc-list-icon uavc-list-icon-wrapper ult-adjust-bottom-margin   \"><ul class=\"uavc-list\"><li><div class=\"uavc-list-content\" id=\"list-icon-wrap-1163\">\n<div class=\"uavc-list-icon  \" data-animation=\"\" data-animation-delay=\"03\" style=\"margin-right:10px;\"><div class=\"ult-just-icon-wrapper  \"><div class=\"align-icon\" style=\"text-align:center;\">\n<div class=\"aio-icon none \"  style=\"font-size:22px;display:inline-block;\">\n\t<i class=\"Defaults-calendar\"><\/i>\n<\/div><\/div><\/div>\n<\/div><span  data-ultimate-target='#list-icon-wrap-1163 .uavc-list-desc'  data-responsive-json-new='{\"font-size\":\"\",\"line-height\":\"\"}'  class=\"uavc-list-desc ult-responsive\" style=\"\">\n<h4 style=\"padding-bottom: 0; margin-bottom: 0; font-size: 20px;\">Para Citas<\/h4>\n<p><span style=\"font-size: 14px; line-height: 18px;\">Llama al <a style=\"color: #30414f; text-decoration: underline;\" href=\"tel:809-565-7477\">809-565-7477<\/a><br \/>\nLlena el <a style=\"color: #30414f; text-decoration: underline;\" href=\"https:\/\/www.hgps.org.do\/citas\/\">Formulario en L\u00ednea<\/a><br \/>\no Escr\u00edbenos al <a style=\"color: #30414f; text-decoration: underline;\" href=\"#\">Live Chat<\/a><\/span><\/span><\/div><\/li><\/ul><\/div><h4 style=\"font-size: 20px;color: #00acc9;text-align: center;font-family:Titillium Web;font-weight:600;font-style:normal\" class=\"vc_custom_heading us_custom_7c7abea5\" >Art\u00edculos Relacionados<\/h4><div class=\"w-grid type_grid layout_25768 overflow_hidden\" id=\"us_grid_1\" data-grid-filter=\"true\"><style id=\"us_grid_1_css\">#us_grid_1 .w-grid-item:not(:last-child){margin-bottom:1.5rem}#us_grid_1 .g-loadmore{margin-top:1.5rem}<\/style><style>.layout_25768 .w-grid-item-h{background:#ffffff}.layout_25768 .usg_post_image_1{margin-bottom:0!important;padding-bottom:0!important}.layout_25768 .usg_post_title_1{font-family:'Titillium Web', sans-serif!important;font-size:1.1rem!important;line-height:1.2em!important;padding:0!important;margin:10px 0 0 0!important}.layout_25768 .usg_hwrapper_2{color:#00bcd4!important}.layout_25768 .usg_post_date_1{font-size:0.8rem!important}.layout_25768 .usg_vwrapper_1{padding:0!important}.layout_25768 .usg_post_taxonomy_2{font-size:0.8rem!important}<\/style><div class=\"w-grid-list\" ><\/div><div class=\"w-grid-preloader\"><div class=\"g-preloader type_1\">\r\n\t<div><\/div>\r\n<\/div>\r\n<\/div>\t<div class=\"w-grid-json hidden\" onclick='return {&quot;action&quot;:&quot;us_ajax_grid&quot;,&quot;ajax_url&quot;:&quot;https:\\\/\\\/hgps.org.do\\\/wp-admin\\\/admin-ajax.php&quot;,&quot;infinite_scroll&quot;:0,&quot;max_num_pages&quot;:0,&quot;pagination&quot;:&quot;none&quot;,&quot;permalink_url&quot;:&quot;https:\\\/\\\/hgps.org.do\\\/es\\\/wp-json\\\/wp\\\/v2\\\/pages\\\/22837&quot;,&quot;template_vars&quot;:{&quot;columns&quot;:&quot;1&quot;,&quot;exclude_items&quot;:&quot;none&quot;,&quot;img_size&quot;:&quot;medium&quot;,&quot;ignore_items_size&quot;:false,&quot;items_layout&quot;:&quot;25768&quot;,&quot;items_offset&quot;:&quot;1&quot;,&quot;overriding_link&quot;:&quot;none&quot;,&quot;post_id&quot;:22837,&quot;query_args&quot;:{&quot;post_type&quot;:[&quot;post&quot;],&quot;tax_query&quot;:[{&quot;taxonomy&quot;:&quot;post_tag&quot;,&quot;field&quot;:&quot;slug&quot;,&quot;terms&quot;:[&quot;odontologia&quot;]}],&quot;post_status&quot;:[&quot;publish&quot;],&quot;orderby&quot;:{&quot;date&quot;:&quot;DESC&quot;},&quot;posts_per_page&quot;:&quot;5&quot;},&quot;type&quot;:&quot;grid&quot;,&quot;us_grid_ajax_index&quot;:1,&quot;us_grid_filter_params&quot;:null,&quot;us_grid_index&quot;:1,&quot;_us_grid_post_type&quot;:&quot;post&quot;}}'><\/div>\r\n<h4 class=\"w-grid-none\">No se han encontrado resultados.<\/h4><\/div><\/div><\/div><\/div><\/div><\/div><\/section>\n","protected":false},"excerpt":{"rendered":"Odontolog\u00edaEl Departamento de Odontolog\u00eda HGPS ofrece servicios b\u00e1sicos y especializados dentales con los m\u00e1s altos est\u00e1ndares de calidad profesional apoyados en equipos tecnol\u00f3gicos para garantizar a nuestros pacientes una atenci\u00f3n integral. Contamos con un grupo de profesionales de todas las \u00e1reas garantizando continuidad en los tratamientos y una orientaci\u00f3n permanente en sus necesidades puntuales. Ofrecemos...","protected":false},"author":1,"featured_media":0,"parent":22825,"menu_order":45,"comment_status":"closed","ping_status":"closed","template":"","meta":{"footnotes":""},"_links":{"self":[{"href":"https:\/\/hgps.org.do\/es\/wp-json\/wp\/v2\/pages\/22837"}],"collection":[{"href":"https:\/\/hgps.org.do\/es\/wp-json\/wp\/v2\/pages"}],"about":[{"href":"https:\/\/hgps.org.do\/es\/wp-json\/wp\/v2\/types\/page"}],"author":[{"embeddable":true,"href":"https:\/\/hgps.org.do\/es\/wp-json\/wp\/v2\/users\/1"}],"replies":[{"embeddable":true,"href":"https:\/\/hgps.org.do\/es\/wp-json\/wp\/v2\/comments?post=22837"}],"version-history":[{"count":5,"href":"https:\/\/hgps.org.do\/es\/wp-json\/wp\/v2\/pages\/22837\/revisions"}],"predecessor-version":[{"id":27305,"href":"https:\/\/hgps.org.do\/es\/wp-json\/wp\/v2\/pages\/22837\/revisions\/27305"}],"up":[{"embeddable":true,"href":"https:\/\/hgps.org.do\/es\/wp-json\/wp\/v2\/pages\/22825"}],"wp:attachment":[{"href":"https:\/\/hgps.org.do\/es\/wp-json\/wp\/v2\/media?parent=22837"}],"curies":[{"name":"wp","href":"https:\/\/api.w.org\/{rel}","templated":true}]}}