{"id":22839,"date":"2018-05-01T21:19:36","date_gmt":"2018-05-01T21:19:36","guid":{"rendered":"https:\/\/portal-hgps.azurewebsites.net\/servicios-medicos\/onco-hematologia\/"},"modified":"2020-07-16T03:31:25","modified_gmt":"2020-07-16T03:31:25","slug":"onco-hematologia","status":"publish","type":"page","link":"https:\/\/hgps.org.do\/es\/servicios-medicos\/onco-hematologia\/","title":{"rendered":"Onco- Hematolog\u00eda"},"content":{"rendered":"<section class=\"l-section wpb_row us_custom_9b36ddac height_medium\"><div class=\"l-section-h i-cf\"><div class=\"g-cols vc_row type_default valign_top\"><div class=\"vc_col-sm-8 wpb_column vc_column_container\"><div class=\"vc_column-inner\"><div class=\"wpb_wrapper\"><div id=\"ultimate-heading-564369e19ff6e7467\" class=\"uvc-heading ult-adjust-bottom-margin ultimate-heading-564369e19ff6e7467 uvc-8576 \" data-hspacer=\"line_only\"  data-halign=\"center\" style=\"text-align:center\"><div class=\"uvc-main-heading ult-responsive\"  data-ultimate-target='.uvc-heading.ultimate-heading-564369e19ff6e7467 h2'  data-responsive-json-new='{\"font-size\":\"\",\"line-height\":\"\"}' ><h2 style=\"font-weight:normal;margin-bottom:10px;\">Onco- Hematolog\u00eda<\/h2><\/div><div class=\"uvc-heading-spacer line_only\" style=\"margin-bottom:20px;height:2px;\"><span class=\"uvc-headings-line\" style=\"border-style:solid;border-bottom-width:2px;border-color:#00abc6;width:300px;\"><\/span><\/div><\/div><div class=\"wpb_text_column\" ><div class=\"wpb_wrapper\"><p>Es una unidad especializada, creada en el a\u00f1o 2002, con la finalidad de ofrecer atenci\u00f3n de primera calidad a pacientes hemato-oncol\u00f3gicos, dotados con personal m\u00e9dico y de enfermer\u00eda especializados en las \u00e1reas de hematolog\u00eda y oncolog\u00eda.<\/p>\n<p>Somos pioneros en la realizaci\u00f3n de procedimientos innovadores como el trasplante de m\u00e9dula \u00f3sea, con las t\u00e9cnicas m\u00e1s avanzadas y acorde con los est\u00e1ndares m\u00e1s avanzados de calidad; para ello, contamos con una planta f\u00edsica \u00fanica en el pa\u00eds, con habitaciones de aire a presi\u00f3n positiva y \u00e1reas para manejo de pacientes ambulatorios y hospitalizados.<\/p>\n<p>Contamos con una confortable \u00e1rea de hematolog\u00eda pedi\u00e1trica, donde los ni\u00f1os reciben asistencia en un \u00e1rea especialmente dise\u00f1ada para pacientes pedi\u00e1tricos, con facilidades como juguetes, computadora y TV, proveyendo a nuestros pacientes pedi\u00e1tricos un \u00e1rea donde la asistencia m\u00e9dica es brindad en un ambiente alegre.<\/p>\n<\/div><\/div><div class=\"w-tabs style_default switch_click accordion has_scrolling title_atleft icon_chevron iconpos_right\"><div class=\"w-tabs-sections\"><div class=\"w-tabs-sections-h\"><div class=\"w-tabs-section\" id=\"1548052483716-22d7700f-27fc\"><button class=\"w-tabs-section-header\" aria-controls=\"content-1548052483716-22d7700f-27fc\"><div class=\"w-tabs-section-header-h\"><div class=\"w-tabs-section-title\">Poblaci\u00f3n Objetivo<\/div><div class=\"w-tabs-section-control\"><\/div><\/div><\/button><div class=\"w-tabs-section-content\" id=\"content-1548052483716-22d7700f-27fc\" aria-expanded=\"false\"><div class=\"w-tabs-section-content-h i-cf\"><div class=\"wpb_text_column\" ><div class=\"wpb_wrapper\"><p>Ni\u00f1os y adultos con enfermedades hematol\u00f3gicas benignas y malignas<br \/>\nNi\u00f1os y adultos con enfermedades oncol\u00f3gicas.<\/p>\n<\/div><\/div><\/div><\/div><\/div><div class=\"w-tabs-section\" id=\"1548052526219-3332b00f-fbc5\"><button class=\"w-tabs-section-header\" aria-controls=\"content-1548052526219-3332b00f-fbc5\"><div class=\"w-tabs-section-header-h\"><div class=\"w-tabs-section-title\">Servicios<\/div><div class=\"w-tabs-section-control\"><\/div><\/div><\/button><div class=\"w-tabs-section-content\" id=\"content-1548052526219-3332b00f-fbc5\" aria-expanded=\"false\"><div class=\"w-tabs-section-content-h i-cf\"><div class=\"wpb_text_column\" ><div class=\"wpb_wrapper\"><p class=\"p1\"><span class=\"s1\"><b>Consulta de Hematolog\u00eda<\/b>: Cuya misi\u00f3n es asistir a pacientes adultos con patolog\u00edas hematol\u00f3gicas benignas y malignas.<\/span><\/p>\n<p class=\"p1\"><span class=\"s1\"><b>Consulta de Oncolog\u00eda:<\/b> Asistencia m\u00e9dica a pacientes con patolog\u00edas tumorales malignas.<\/span><\/p>\n<p class=\"p1\"><span class=\"s1\"><b>Consulta de Hematolog\u00eda Pedi\u00e1trica:<\/b> Asistencia m\u00e9dica a pacientes pedi\u00e1tricos con enfermedades hematol\u00f3gicas benignas y malignas.<\/span><\/p>\n<p class=\"p1\"><span class=\"s1\"><b>Aplicaci\u00f3n de Tratamientos de Quimioterapia:<\/b> La administraci\u00f3n de quimioterapia es uno de los procedimientos claves en el manejo del paciente oncol\u00f3gico. En la unidad de onco-hematolog\u00eda del HGPS, brindamos a estos pacientes, servicios de quimioterapia ambulatoria, lo que permite que el paciente siga insertado en su cotidianidad, sin necesidad de permanecer hospitalizado. Este modelo permite evitar la hospitalizaci\u00f3n del paciente que recibe terapia intravenosa, con un ahorro de d\u00edas cama, mejora en la calidad de vida y reducci\u00f3n de infecciones nosocomiales. De igual modo, en casos en los que es requerido, brindamos al paciente servicios de aplicaci\u00f3n de quimioterapia en pacientes hospitalizados, brindando una atenci\u00f3n oportuna, acorde con los est\u00e1ndares de calidad establecidos.<\/span><\/p>\n<p class=\"p1\"><span class=\"s1\"><b>Trasplantes de M\u00e9dula \u00d3sea: <\/b>Un trasplante de m\u00e9dula \u00f3sea deposita c\u00e9lulas madre de m\u00e9dula \u00f3sea sana en el paciente. \u00c9ste reemplaza la m\u00e9dula \u00f3sea que no est\u00e1 funcionando correctamente o que ha sido destruida (extirpada) por quimioterapia o radiaci\u00f3n. Nuestro departamento cuenta con una unidad de trasplante de m\u00e9dula \u00f3sea, \u00fanica en el pa\u00eds, donde los pacientes son trasplantados seg\u00fan los m\u00e1s altos est\u00e1ndares de calidad y con las t\u00e9cnicas m\u00e1s avanzadas existentes en la actualidad.<\/span><\/p>\n<\/div><\/div><\/div><\/div><\/div><div class=\"w-tabs-section\" id=\"1548052483692-cf8e50bb-cde3\"><button class=\"w-tabs-section-header\" aria-controls=\"content-1548052483692-cf8e50bb-cde3\"><div class=\"w-tabs-section-header-h\"><div class=\"w-tabs-section-title\">Ubicaci\u00f3n<\/div><div class=\"w-tabs-section-control\"><\/div><\/div><\/button><div class=\"w-tabs-section-content\" id=\"content-1548052483692-cf8e50bb-cde3\" aria-expanded=\"false\"><div class=\"w-tabs-section-content-h i-cf\"><div class=\"wpb_text_column\" ><div class=\"wpb_wrapper\"><p>Edificio principal del HGPS, tercer piso, pabell\u00f3n 3A<\/p>\n<\/div><\/div><\/div><\/div><\/div><\/div><\/div><\/div><\/div><\/div><\/div><div class=\"vc_col-sm-4 wpb_column vc_column_container\"><div class=\"vc_column-inner us_custom_c3c31ab9\"><div class=\"wpb_wrapper\"><div class=\"uavc-list-icon uavc-list-icon-wrapper ult-adjust-bottom-margin   \"><ul class=\"uavc-list\"><li><div class=\"uavc-list-content\" id=\"list-icon-wrap-4412\">\n<div class=\"uavc-list-icon  \" data-animation=\"\" data-animation-delay=\"03\" style=\"margin-right:10px;\"><div class=\"ult-just-icon-wrapper  \"><div class=\"align-icon\" style=\"text-align:center;\">\n<div class=\"aio-icon none \"  style=\"font-size:22px;display:inline-block;\">\n\t<i class=\"Defaults-calendar\"><\/i>\n<\/div><\/div><\/div>\n<\/div><span  data-ultimate-target='#list-icon-wrap-4412 .uavc-list-desc'  data-responsive-json-new='{\"font-size\":\"\",\"line-height\":\"\"}'  class=\"uavc-list-desc ult-responsive\" style=\"\">\n<h4 style=\"padding-bottom: 0; margin-bottom: 0; font-size: 20px;\">Para Citas<\/h4>\n<p><span style=\"font-size: 14px; line-height: 18px;\">Llama al <a style=\"color: #30414f; text-decoration: underline;\" href=\"tel:809-565-7477\">809-565-7477<\/a><br \/>\nLlena el <a style=\"color: #30414f; text-decoration: underline;\" href=\"https:\/\/www.hgps.org.do\/citas\/\">Formulario en L\u00ednea<\/a><br \/>\no Escr\u00edbenos al <a style=\"color: #30414f; text-decoration: underline;\" href=\"#\">Live Chat<\/a><\/span><\/span><\/div><\/li><\/ul><\/div><h4 style=\"font-size: 20px;color: #00acc9;text-align: center;font-family:Titillium Web;font-weight:600;font-style:normal\" class=\"vc_custom_heading us_custom_7c7abea5\" >Art\u00edculos Relacionados<\/h4><div class=\"w-grid type_grid layout_25768 overflow_hidden\" id=\"us_grid_1\" data-grid-filter=\"true\"><style id=\"us_grid_1_css\">#us_grid_1 .w-grid-item:not(:last-child){margin-bottom:1.5rem}#us_grid_1 .g-loadmore{margin-top:1.5rem}<\/style><style>.layout_25768 .w-grid-item-h{background:#ffffff}.layout_25768 .usg_post_image_1{margin-bottom:0!important;padding-bottom:0!important}.layout_25768 .usg_post_title_1{font-family:'Titillium Web', sans-serif!important;font-size:1.1rem!important;line-height:1.2em!important;padding:0!important;margin:10px 0 0 0!important}.layout_25768 .usg_hwrapper_2{color:#00bcd4!important}.layout_25768 .usg_post_date_1{font-size:0.8rem!important}.layout_25768 .usg_vwrapper_1{padding:0!important}.layout_25768 .usg_post_taxonomy_2{font-size:0.8rem!important}<\/style><div class=\"w-grid-list\" ><\/div><div class=\"w-grid-preloader\"><div class=\"g-preloader type_1\">\r\n\t<div><\/div>\r\n<\/div>\r\n<\/div>\t<div class=\"w-grid-json hidden\" onclick='return {&quot;action&quot;:&quot;us_ajax_grid&quot;,&quot;ajax_url&quot;:&quot;https:\\\/\\\/hgps.org.do\\\/wp-admin\\\/admin-ajax.php&quot;,&quot;infinite_scroll&quot;:0,&quot;max_num_pages&quot;:0,&quot;pagination&quot;:&quot;none&quot;,&quot;permalink_url&quot;:&quot;https:\\\/\\\/hgps.org.do\\\/es\\\/wp-json\\\/wp\\\/v2\\\/pages\\\/22839&quot;,&quot;template_vars&quot;:{&quot;columns&quot;:&quot;1&quot;,&quot;exclude_items&quot;:&quot;none&quot;,&quot;img_size&quot;:&quot;medium&quot;,&quot;ignore_items_size&quot;:false,&quot;items_layout&quot;:&quot;25768&quot;,&quot;items_offset&quot;:&quot;1&quot;,&quot;overriding_link&quot;:&quot;none&quot;,&quot;post_id&quot;:22839,&quot;query_args&quot;:{&quot;post_type&quot;:[&quot;post&quot;],&quot;tax_query&quot;:[{&quot;taxonomy&quot;:&quot;post_tag&quot;,&quot;field&quot;:&quot;slug&quot;,&quot;terms&quot;:[&quot;onco-hematologia&quot;]}],&quot;post_status&quot;:[&quot;publish&quot;],&quot;orderby&quot;:{&quot;date&quot;:&quot;DESC&quot;},&quot;posts_per_page&quot;:&quot;5&quot;},&quot;type&quot;:&quot;grid&quot;,&quot;us_grid_ajax_index&quot;:1,&quot;us_grid_filter_params&quot;:null,&quot;us_grid_index&quot;:1,&quot;_us_grid_post_type&quot;:&quot;post&quot;}}'><\/div>\r\n<h4 class=\"w-grid-none\">No se han encontrado resultados.<\/h4><\/div><\/div><\/div><\/div><\/div><\/div><\/section>\n","protected":false},"excerpt":{"rendered":"Onco- Hematolog\u00edaEs una unidad especializada, creada en el a\u00f1o 2002, con la finalidad de ofrecer atenci\u00f3n de primera calidad a pacientes hemato-oncol\u00f3gicos, dotados con personal m\u00e9dico y de enfermer\u00eda especializados en las \u00e1reas de hematolog\u00eda y oncolog\u00eda. Somos pioneros en la realizaci\u00f3n de procedimientos innovadores como el trasplante de m\u00e9dula \u00f3sea, con las t\u00e9cnicas m\u00e1s...","protected":false},"author":1,"featured_media":0,"parent":22825,"menu_order":47,"comment_status":"closed","ping_status":"closed","template":"","meta":{"footnotes":""},"_links":{"self":[{"href":"https:\/\/hgps.org.do\/es\/wp-json\/wp\/v2\/pages\/22839"}],"collection":[{"href":"https:\/\/hgps.org.do\/es\/wp-json\/wp\/v2\/pages"}],"about":[{"href":"https:\/\/hgps.org.do\/es\/wp-json\/wp\/v2\/types\/page"}],"author":[{"embeddable":true,"href":"https:\/\/hgps.org.do\/es\/wp-json\/wp\/v2\/users\/1"}],"replies":[{"embeddable":true,"href":"https:\/\/hgps.org.do\/es\/wp-json\/wp\/v2\/comments?post=22839"}],"version-history":[{"count":2,"href":"https:\/\/hgps.org.do\/es\/wp-json\/wp\/v2\/pages\/22839\/revisions"}],"predecessor-version":[{"id":26872,"href":"https:\/\/hgps.org.do\/es\/wp-json\/wp\/v2\/pages\/22839\/revisions\/26872"}],"up":[{"embeddable":true,"href":"https:\/\/hgps.org.do\/es\/wp-json\/wp\/v2\/pages\/22825"}],"wp:attachment":[{"href":"https:\/\/hgps.org.do\/es\/wp-json\/wp\/v2\/media?parent=22839"}],"curies":[{"name":"wp","href":"https:\/\/api.w.org\/{rel}","templated":true}]}}