{"id":22840,"date":"2018-05-01T21:19:36","date_gmt":"2018-05-01T21:19:36","guid":{"rendered":"https:\/\/portal-hgps.azurewebsites.net\/servicios-medicos\/pediatria\/"},"modified":"2020-07-16T03:31:25","modified_gmt":"2020-07-16T03:31:25","slug":"pediatria","status":"publish","type":"page","link":"https:\/\/hgps.org.do\/es\/servicios-medicos\/pediatria\/","title":{"rendered":"Pediatr\u00eda"},"content":{"rendered":"<section class=\"l-section wpb_row us_custom_9b36ddac height_medium\"><div class=\"l-section-h i-cf\"><div class=\"g-cols vc_row type_default valign_top\"><div class=\"vc_col-sm-8 wpb_column vc_column_container\"><div class=\"vc_column-inner\"><div class=\"wpb_wrapper\"><div id=\"ultimate-heading-249869dbd6a9d31a1\" class=\"uvc-heading ult-adjust-bottom-margin ultimate-heading-249869dbd6a9d31a1 uvc-2424 \" data-hspacer=\"line_only\"  data-halign=\"center\" style=\"text-align:center\"><div class=\"uvc-main-heading ult-responsive\"  data-ultimate-target='.uvc-heading.ultimate-heading-249869dbd6a9d31a1 h2'  data-responsive-json-new='{\"font-size\":\"\",\"line-height\":\"\"}' ><h2 style=\"font-weight:normal;margin-bottom:10px;\">Pediatr\u00eda<\/h2><\/div><div class=\"uvc-heading-spacer line_only\" style=\"margin-bottom:20px;height:2px;\"><span class=\"uvc-headings-line\" style=\"border-style:solid;border-bottom-width:2px;border-color:#00abc6;width:300px;\"><\/span><\/div><\/div><div class=\"wpb_text_column\" ><div class=\"wpb_wrapper\"><p class=\"p1\"><span class=\"s1\">En nuestro centro, se brinda asistencia a ni\u00f1os, ni\u00f1as y adolescentes hasta la edad de 17 a\u00f1os inclusive, ofrecemos un servicio integral con alta calidad humana y cient\u00edfica en el aspecto m\u00e9dico y psicosocial, as\u00ed como tambi\u00e9n prevenir las secuelas de los pacientes con enfermedades cr\u00f3nicas que acuden al Hospital General de la Plaza de la Salud por un personal entrenado en pediatr\u00eda altamente calificado.<\/span><\/p>\n<p class=\"p1\"><span class=\"s1\">Ofrecemos servicios de consulta de Pediatr\u00eda General y Subespecialidades Pedi\u00e1tricas, adem\u00e1s de hospitalizaci\u00f3n a los ni\u00f1os y adolescentes que lo ameriten.<\/span><\/p>\n<p class=\"p1\"><span class=\"s1\">Nuestro departamento est\u00e1 dividido en dos \u00e1reas:<\/span><\/p>\n<p class=\"p1\"><span class=\"s1\"><b>Consulta Externa:<\/b><\/span><\/p>\n<ul class=\"ul1\">\n<li class=\"li1\"><span class=\"s1\">Pediatr\u00eda General<\/span><\/li>\n<li class=\"li1\"><span class=\"s1\">Subespecialidades<\/span><\/li>\n<\/ul>\n<p class=\"p1\"><span class=\"s1\"><b>Hospitalizaci\u00f3n:<\/b><\/span><\/p>\n<ul class=\"ul1\">\n<li class=\"li1\"><span class=\"s1\">Pabell\u00f3n de Pediatr\u00eda<\/span><\/li>\n<li class=\"li1\"><span class=\"s1\">Unidad de Cuidado Intensivo Neonatal<\/span><\/li>\n<li class=\"li1\"><span class=\"s1\">Unidad de Cuidado Intensivo Pedi\u00e1trico<\/span><\/li>\n<\/ul>\n<p class=\"p1\"><span class=\"s1\">Las \u00e1reas de consulta externa est\u00e1n localizadas en los edificios 1, 3 y 5.<\/span><\/p>\n<p class=\"p1\"><span class=\"s1\">Las \u00e1reas de hospitalizaci\u00f3n est\u00e1n localizadas en el edificio 1.<\/span><\/p>\n<\/div><\/div><div class=\"w-tabs style_default switch_click accordion has_scrolling title_atleft icon_chevron iconpos_right\"><div class=\"w-tabs-sections\"><div class=\"w-tabs-sections-h\"><div class=\"w-tabs-section\" id=\"1548052483716-22d7700f-27fc\"><button class=\"w-tabs-section-header\" aria-controls=\"content-1548052483716-22d7700f-27fc\"><div class=\"w-tabs-section-header-h\"><div class=\"w-tabs-section-title\">Especialidades Pedi\u00e1tricas<\/div><div class=\"w-tabs-section-control\"><\/div><\/div><\/button><div class=\"w-tabs-section-content\" id=\"content-1548052483716-22d7700f-27fc\" aria-expanded=\"false\"><div class=\"w-tabs-section-content-h i-cf\"><div class=\"wpb_text_column\" ><div class=\"wpb_wrapper\"><p class=\"p1\"><span class=\"s1\"><b>Pediatr\u00eda General:<\/b> Se asisten a los ni\u00f1os, ni\u00f1as y adolescentes en edades de 1 mes hasta los 17 a\u00f1os inclusive, seguimiento longitudinal, desarrollo psicomotor y atenci\u00f3n a las enfermedades pedi\u00e1tricas. Consultas ubicadas en el edificio 5. <\/span><span class=\"s2\"><i>Horario<\/i><\/span><span class=\"s1\">: 8:00 a.m. hasta las 8:00 p.m.<\/span><\/p>\n<p class=\"p1\"><span class=\"s1\"><b>Neonatolog\u00eda:<\/b> Se asisten a los ni\u00f1os y ni\u00f1as menores de 1 mes de edad, consulta de seguimiento a pacientes egresados de la Unidad de Cuidado Intensivo Neonatal y pacientes nacidos en nuestro centro o centros externos. Consulta ubicada en el edificio 5. <\/span><span class=\"s2\"><i>Horario:<\/i><\/span><span class=\"s1\"> 2:00 p.m. a 8:00 p.m.<\/span><\/p>\n<p class=\"p1\"><span class=\"s1\"><b>Neumolog\u00eda:<\/b> Consulta de pacientes pedi\u00e1tricos con afecciones respiratorias. Consultas ubicadas en los edificios 1 y 3.<span class=\"Apple-converted-space\">\u00a0 <\/span><\/span><span class=\"s2\"><i>Horario:<\/i><\/span><span class=\"s1\"> 8: 00 a.m. a 4:00 p.m.<\/span><\/p>\n<p class=\"p1\"><span class=\"s1\"><b>Neurolog\u00eda:<\/b> Consultas de pacientes pedi\u00e1tricos con enfermedades del sistema nervioso central, perif\u00e9rico y del sistema muscular, tambi\u00e9n diagn\u00f3stico de enfermedades metab\u00f3licas. Consultas ubicadas en los edificios 1 y 3. <\/span><span class=\"s2\"><i>Horario:<\/i><\/span><span class=\"s1\"> 8: 00 a.m. a 8:00 p.m.<\/span><\/p>\n<p class=\"p1\"><span class=\"s1\"><b>Endocrinolog\u00eda<\/b>: Consultas de pacientes pedi\u00e1tricos con afecci\u00f3n del sistema endocrinol\u00f3gico. Consultas ubicadas en los edificios 1 y 3. <\/span><span class=\"s2\"><i>Horario:<\/i><\/span><span class=\"s1\"> 8: 00 a.m. a 8:00 p.m.<\/span><\/p>\n<p class=\"p1\"><span class=\"s1\"><b>Gastroenterolog\u00eda, Hepatolog\u00eda y Nutrici\u00f3n:<\/b><\/span> <span class=\"s1\">Consulta a pacientes pedi\u00e1tricos<\/span><span class=\"s4\"><b> <\/b>con patolog\u00edas <b>complejas, problemas<\/b><\/span><span class=\"s1\"> de\u00a0motilidad, enfermedades metab\u00f3licas, trastornos hep\u00e1ticos, enfermedad inflamatoria intestinal o esofagitis, entre otras\u00a0patolog\u00edas. Tambi\u00e9n atendemos pacientes con problemas gastrointestinales comunes, como el reflujo gastroesof\u00e1gico o el dolor abdominal. Consultas ubicadas en el edificio 3. <\/span><span class=\"s2\"><i>Horario:<\/i><\/span><span class=\"s1\"> 8:00 a.m. a 4:00 p.m. <\/span><\/p>\n<p class=\"p1\"><span class=\"s1\"><b>Cardiolog\u00eda:<\/b> Consultas a pacientes pedi\u00e1tricos con afecci\u00f3n cardiovascular y evaluaciones preoperatorias. Consultas ubicadas en el edificio 5. <\/span><span class=\"s2\"><i>Horario:<\/i><\/span><span class=\"s1\"> 8: 00 a.m. a 7:00 p.m.<\/span><\/p>\n<p class=\"p1\"><span class=\"s1\"><b>Infectolog\u00eda:<\/b> Consultas a pacientes pedi\u00e1tricos con enfermedad infecciosa aguda o cr\u00f3nica; asistencia en el laboratorio cl\u00ednico y microbiol\u00f3gico; diagn\u00f3stico de infecciones; asesor\u00eda en la selecci\u00f3n de terapia antimicrobiana o terapias especializadas; inmunizaciones para pacientes en circunstancias especiales y control de infecciones intrahospitalarias y de la comunidad. Consulta ubicada en el edificio 3. <\/span><span class=\"s2\"><i>Horario:<\/i><\/span><span class=\"s1\"> 4:00 p.m. a 8:00 p.m.<\/span><\/p>\n<p class=\"p1\"><span class=\"s1\"><b>Nefrolog\u00eda:<\/b> Consultas a pacientes pedi\u00e1tricos con enfermedades cr\u00f3nicas del aparato urinario, insuficiencia renal aguda y cr\u00f3nica, y tratamientos de sustituci\u00f3n renal como trasplante y di\u00e1lisis (sangu\u00ednea y peritoneal), malformaciones e hipertensi\u00f3n arterial pedi\u00e1trica, entre otras.<\/span> <span class=\"s1\">Consulta ubicada en el edificio 1. <\/span><span class=\"s2\"><i>Horario:<\/i><\/span><span class=\"s1\"> martes 8:00 a.m. a 6:00 p.m.<\/span><\/p>\n<p class=\"p1\"><span class=\"s1\"><b>Hospitalizaci\u00f3n Pedi\u00e1trica:<\/b><\/span><\/p>\n<p class=\"p1\"><span class=\"s1\"><b>Pabell\u00f3n:<\/b> Se ingresan pacientes en edades desde 1 mes hasta 17 a\u00f1os inclusive, que proceden desde la emergencia, la consulta, seguimiento de pacientes de UCIP y pacientes quir\u00fargicos. Localizaci\u00f3n: Edificio 1.<span class=\"Apple-converted-space\">\u00a0 <\/span><\/span><span class=\"s2\"><i>Horario:<\/i><\/span><span class=\"s1\"> 24 horas<\/span><\/p>\n<p class=\"p1\"><span class=\"s1\"><b>Cuidado Intensivo Pedi\u00e1trico:<\/b> Se ingresan pacientes en edades desde 1 mes hasta 17 a\u00f1os inclusive, con enfermedades graves que ameritan monitorizaci\u00f3n continua y asistencia ventilatoria. Localizaci\u00f3n: Edificio 1.<span class=\"Apple-converted-space\">\u00a0 <\/span><\/span><span class=\"s2\"><i>Horario:<\/i><\/span><span class=\"s1\"> 24 horas<\/span><\/p>\n<p class=\"p1\"><span class=\"s1\"><b>Cuidado Intensivo Neonatal:<\/b> Se ingresan pacientes menores de 1 mes de edad, con enfermedades graves, malformaciones cong\u00e9nitas, prematuros, hijos de madre con embarazos de alto riesgo, entre otros. Localizaci\u00f3n: Edificio 1. <\/span><span class=\"s2\"><i>Horario:<\/i><\/span><span class=\"s1\"> 24 horas<\/span><\/p>\n<\/div><\/div><\/div><\/div><\/div><div class=\"w-tabs-section\" id=\"1548052526219-3332b00f-fbc5\"><button class=\"w-tabs-section-header\" aria-controls=\"content-1548052526219-3332b00f-fbc5\"><div class=\"w-tabs-section-header-h\"><div class=\"w-tabs-section-title\">Procedimientos Pedi\u00e1tricos<\/div><div class=\"w-tabs-section-control\"><\/div><\/div><\/button><div class=\"w-tabs-section-content\" id=\"content-1548052526219-3332b00f-fbc5\" aria-expanded=\"false\"><div class=\"w-tabs-section-content-h i-cf\"><div class=\"wpb_text_column\" ><div class=\"wpb_wrapper\"><ul class=\"ul1\">\n<li class=\"li1\"><span class=\"s2\">Endoscopias digestivas altas diagn\u00f3sticas (Gastro-endoscopia).<\/span><\/li>\n<li class=\"li1\"><span class=\"s2\">Endoscopias digestivas bajas diagn\u00f3sticas (Colonoscop\u00eda).<\/span><\/li>\n<li class=\"li1\"><span class=\"s2\">Endoscopias digestivas altas y bajas Terap\u00e9uticas.<\/span><\/li>\n<li class=\"li1\"><span class=\"s2\">Extracci\u00f3n de cuerpo extra\u00f1o v\u00edas digestivas.<\/span><\/li>\n<li class=\"li1\"><span class=\"s2\">Dilataciones esof\u00e1gicas.<\/span><\/li>\n<li class=\"li1\"><span class=\"s2\">Ligaduras de Varices Esof\u00e1gicas y G\u00e1stricas.<\/span><\/li>\n<li class=\"li1\"><span class=\"s2\">Gastrostom\u00edas Endosc\u00f3picas.<\/span><\/li>\n<li class=\"li1\"><span class=\"s2\">Sustituci\u00f3n de Gastrostom\u00eda.<\/span><\/li>\n<li class=\"li1\"><span class=\"s2\">Polipectomias.<\/span><\/li>\n<li class=\"li1\"><span class=\"s2\">Hemostasia de Sangrado Digestivo.<\/span><\/li>\n<li class=\"li1\"><span class=\"s2\">Biopsia hep\u00e1tica sono-dirigida.<\/span><\/li>\n<li class=\"li1\"><span class=\"s2\">Fibrobroncoscop\u00eda Diagn\u00f3stica<\/span><\/li>\n<li class=\"li1\"><span class=\"s2\">Fibrobroncoscop\u00eda Terap\u00e9utica.<\/span><\/li>\n<li class=\"li1\"><span class=\"s2\">Toracocentesis<\/span><\/li>\n<li class=\"li1\"><span class=\"s2\">Electroencefalograma.<\/span><\/li>\n<li class=\"li1\"><span class=\"s2\">Ecocardiogramas.<\/span><\/li>\n<li class=\"li1\"><span class=\"s2\">Ecocardiogramas fetales.<\/span><\/li>\n<li class=\"li1\"><span class=\"s2\">Ecocardiograma Transesof\u00e1gico<\/span><\/li>\n<li class=\"li1\"><span class=\"s2\">Ecocardiograma Transtor\u00e1cico<\/span><\/li>\n<li class=\"li1\"><span class=\"s2\">Eletrocardiograma.<\/span><\/li>\n<li class=\"li1\"><span class=\"s2\">Cateterismo<\/span><\/li>\n<li class=\"li1\"><span class=\"s2\">Di\u00e1lisis Peritoneal<\/span><\/li>\n<li class=\"li1\"><span class=\"s2\">Hemodi\u00e1lisis<\/span><\/li>\n<\/ul>\n<\/div><\/div><\/div><\/div><\/div><\/div><\/div><\/div><\/div><\/div><\/div><div class=\"vc_col-sm-4 wpb_column vc_column_container\"><div class=\"vc_column-inner us_custom_c3c31ab9\"><div class=\"wpb_wrapper\"><div class=\"uavc-list-icon uavc-list-icon-wrapper ult-adjust-bottom-margin   \"><ul class=\"uavc-list\"><li><div class=\"uavc-list-content\" id=\"list-icon-wrap-9035\">\n<div class=\"uavc-list-icon  \" data-animation=\"\" data-animation-delay=\"03\" style=\"margin-right:10px;\"><div class=\"ult-just-icon-wrapper  \"><div class=\"align-icon\" style=\"text-align:center;\">\n<div class=\"aio-icon none \"  style=\"font-size:22px;display:inline-block;\">\n\t<i class=\"Defaults-calendar\"><\/i>\n<\/div><\/div><\/div>\n<\/div><span  data-ultimate-target='#list-icon-wrap-9035 .uavc-list-desc'  data-responsive-json-new='{\"font-size\":\"\",\"line-height\":\"\"}'  class=\"uavc-list-desc ult-responsive\" style=\"\">\n<h4 style=\"padding-bottom: 0; margin-bottom: 0; font-size: 20px;\">Para Citas<\/h4>\n<p><span style=\"font-size: 14px; line-height: 18px;\">Llama al <a style=\"color: #30414f; text-decoration: underline;\" href=\"tel:809-565-7477\">809-565-7477<\/a><br \/>\nLlena el <a style=\"color: #30414f; text-decoration: underline;\" href=\"https:\/\/www.hgps.org.do\/citas\/\">Formulario en L\u00ednea<\/a><br \/>\no Escr\u00edbenos al <a style=\"color: #30414f; text-decoration: underline;\" href=\"#\">Live Chat<\/a><\/span><\/span><\/div><\/li><\/ul><\/div><h4 style=\"font-size: 20px;color: #00acc9;text-align: center;font-family:Titillium Web;font-weight:600;font-style:normal\" class=\"vc_custom_heading us_custom_7c7abea5\" >Art\u00edculos Relacionados<\/h4><div class=\"w-grid type_grid layout_25768 overflow_hidden\" id=\"us_grid_1\" data-grid-filter=\"true\"><style id=\"us_grid_1_css\">#us_grid_1 .w-grid-item:not(:last-child){margin-bottom:1.5rem}#us_grid_1 .g-loadmore{margin-top:1.5rem}<\/style><style>.layout_25768 .w-grid-item-h{background:#ffffff}.layout_25768 .usg_post_image_1{margin-bottom:0!important;padding-bottom:0!important}.layout_25768 .usg_post_title_1{font-family:'Titillium Web', sans-serif!important;font-size:1.1rem!important;line-height:1.2em!important;padding:0!important;margin:10px 0 0 0!important}.layout_25768 .usg_hwrapper_2{color:#00bcd4!important}.layout_25768 .usg_post_date_1{font-size:0.8rem!important}.layout_25768 .usg_vwrapper_1{padding:0!important}.layout_25768 .usg_post_taxonomy_2{font-size:0.8rem!important}<\/style><div class=\"w-grid-list\" ><article class=\"w-grid-item size_1x1 post-27755 post type-post status-publish format-standard has-post-thumbnail hentry category-articulos tag-gastroenterologia tag-pediatria\" data-id=\"27755\">\r\n\t<div class=\"w-grid-item-h\">\r\n\t\t\t\t<div class=\"w-post-elm post_image usg_post_image_1 stretched\"><a href=\"https:\/\/hgps.org.do\/es\/articulos\/estrenimiento-en-pediatria\/\" aria-label=\"Estre\u00f1imiento en Pediatr\u00eda\"><img loading=\"lazy\" decoding=\"async\" width=\"229\" height=\"400\" src=\"https:\/\/hgps.org.do\/wp-content\/uploads\/2023\/03\/Dra-Mabel-Segura_PRENSA-229x400.jpg\" class=\"attachment-medium size-medium wp-post-image\" alt=\"Dra. Mabel Segura Montilla, Pediatra gastroenter\u00f3loga del Hospital General Plaza de la Salud (HGPS).\" srcset=\"https:\/\/hgps.org.do\/wp-content\/uploads\/2023\/03\/Dra-Mabel-Segura_PRENSA-229x400.jpg 229w, https:\/\/hgps.org.do\/wp-content\/uploads\/2023\/03\/Dra-Mabel-Segura_PRENSA-585x1024.jpg 585w, https:\/\/hgps.org.do\/wp-content\/uploads\/2023\/03\/Dra-Mabel-Segura_PRENSA-7x12.jpg 7w, https:\/\/hgps.org.do\/wp-content\/uploads\/2023\/03\/Dra-Mabel-Segura_PRENSA-768x1344.jpg 768w, https:\/\/hgps.org.do\/wp-content\/uploads\/2023\/03\/Dra-Mabel-Segura_PRENSA-scaled.jpg 1463w\" sizes=\"(max-width: 229px) 100vw, 229px\" \/><\/a><\/div><div class=\"w-vwrapper usg_vwrapper_1 align_center valign_top\"><h2 class=\"w-post-elm post_title usg_post_title_1 entry-title color_link_inherit\"><a href=\"https:\/\/hgps.org.do\/es\/articulos\/estrenimiento-en-pediatria\/\">Estre\u00f1imiento en Pediatr\u00eda<\/a><\/h2><div class=\"w-hwrapper usg_hwrapper_2 align_center valign_top wrap\"><time class=\"w-post-elm post_date usg_post_date_1 entry-date published\" datetime=\"2023-03-31T14:18:02+00:00\"><i class=\"far fa-clock\"><\/i>31 marzo, 2023<\/time><div class=\"w-post-elm post_taxonomy usg_post_taxonomy_2 style_simple color_link_inherit\"><i class=\"far fa-tags\"><\/i><a href=\"https:\/\/hgps.org.do\/es\/tag\/gastroenterologia\/\" rel=\"tag\">Gastroenterolog\u00eda<\/a>, <a href=\"https:\/\/hgps.org.do\/es\/tag\/pediatria\/\" rel=\"tag\">Pediatr\u00eda<\/a><\/div><\/div><\/div>\t<\/div>\r\n<\/article>\r\n<\/div><div class=\"w-grid-preloader\"><div class=\"g-preloader type_1\">\r\n\t<div><\/div>\r\n<\/div>\r\n<\/div>\t<div class=\"w-grid-json hidden\" onclick='return {&quot;action&quot;:&quot;us_ajax_grid&quot;,&quot;ajax_url&quot;:&quot;https:\\\/\\\/hgps.org.do\\\/wp-admin\\\/admin-ajax.php&quot;,&quot;infinite_scroll&quot;:0,&quot;max_num_pages&quot;:1,&quot;pagination&quot;:&quot;none&quot;,&quot;permalink_url&quot;:&quot;https:\\\/\\\/hgps.org.do\\\/es\\\/wp-json\\\/wp\\\/v2\\\/pages\\\/22840&quot;,&quot;template_vars&quot;:{&quot;columns&quot;:&quot;1&quot;,&quot;exclude_items&quot;:&quot;none&quot;,&quot;img_size&quot;:&quot;medium&quot;,&quot;ignore_items_size&quot;:false,&quot;items_layout&quot;:&quot;25768&quot;,&quot;items_offset&quot;:&quot;1&quot;,&quot;overriding_link&quot;:&quot;none&quot;,&quot;post_id&quot;:22840,&quot;query_args&quot;:{&quot;post_type&quot;:[&quot;post&quot;],&quot;tax_query&quot;:[{&quot;taxonomy&quot;:&quot;post_tag&quot;,&quot;field&quot;:&quot;slug&quot;,&quot;terms&quot;:[&quot;pediatria&quot;]}],&quot;post_status&quot;:[&quot;publish&quot;],&quot;orderby&quot;:{&quot;date&quot;:&quot;DESC&quot;},&quot;posts_per_page&quot;:&quot;5&quot;},&quot;type&quot;:&quot;grid&quot;,&quot;us_grid_ajax_index&quot;:1,&quot;us_grid_filter_params&quot;:null,&quot;us_grid_index&quot;:1,&quot;_us_grid_post_type&quot;:&quot;post&quot;}}'><\/div>\r\n<\/div><\/div><\/div><\/div><\/div><\/div><\/section>\n","protected":false},"excerpt":{"rendered":"Dra. Mabel Segura Montilla, Pediatra gastroenter\u00f3loga del Hospital General Plaza de la Salud (HGPS). Estre\u00f1imiento El estre\u00f1imiento en ni\u00f1os y adolescentes se define como la evacuaci\u00f3n tard\u00eda o poco frecuente de heces duras con dolor y esfuerzo excesivo. A nivel mundial un 30% de las personas sufren de estre\u00f1imiento. El estre\u00f1imiento funcional, para el que...","protected":false},"author":1,"featured_media":0,"parent":22825,"menu_order":48,"comment_status":"closed","ping_status":"closed","template":"","meta":{"footnotes":""},"_links":{"self":[{"href":"https:\/\/hgps.org.do\/es\/wp-json\/wp\/v2\/pages\/22840"}],"collection":[{"href":"https:\/\/hgps.org.do\/es\/wp-json\/wp\/v2\/pages"}],"about":[{"href":"https:\/\/hgps.org.do\/es\/wp-json\/wp\/v2\/types\/page"}],"author":[{"embeddable":true,"href":"https:\/\/hgps.org.do\/es\/wp-json\/wp\/v2\/users\/1"}],"replies":[{"embeddable":true,"href":"https:\/\/hgps.org.do\/es\/wp-json\/wp\/v2\/comments?post=22840"}],"version-history":[{"count":2,"href":"https:\/\/hgps.org.do\/es\/wp-json\/wp\/v2\/pages\/22840\/revisions"}],"predecessor-version":[{"id":26873,"href":"https:\/\/hgps.org.do\/es\/wp-json\/wp\/v2\/pages\/22840\/revisions\/26873"}],"up":[{"embeddable":true,"href":"https:\/\/hgps.org.do\/es\/wp-json\/wp\/v2\/pages\/22825"}],"wp:attachment":[{"href":"https:\/\/hgps.org.do\/es\/wp-json\/wp\/v2\/media?parent=22840"}],"curies":[{"name":"wp","href":"https:\/\/api.w.org\/{rel}","templated":true}]}}