{"id":22841,"date":"2018-05-01T21:19:36","date_gmt":"2018-05-01T21:19:36","guid":{"rendered":"https:\/\/portal-hgps.azurewebsites.net\/servicios-medicos\/unidad-de-ortopedia-y-traumatologia\/"},"modified":"2022-04-21T14:02:46","modified_gmt":"2022-04-21T14:02:46","slug":"unidad-de-ortopedia-y-traumatologia","status":"publish","type":"page","link":"https:\/\/hgps.org.do\/es\/servicios-medicos\/unidad-de-ortopedia-y-traumatologia\/","title":{"rendered":"Unidad de Ortopedia y Traumatolog\u00eda"},"content":{"rendered":"<section class=\"l-section wpb_row us_custom_9b36ddac height_medium\"><div class=\"l-section-h i-cf\"><div class=\"g-cols vc_row type_default valign_top\"><div class=\"vc_col-sm-8 wpb_column vc_column_container\"><div class=\"vc_column-inner\"><div class=\"wpb_wrapper\"><div id=\"ultimate-heading-85269e482eae6661\" class=\"uvc-heading ult-adjust-bottom-margin ultimate-heading-85269e482eae6661 uvc-8976 \" data-hspacer=\"line_only\"  data-halign=\"center\" style=\"text-align:center\"><div class=\"uvc-main-heading ult-responsive\"  data-ultimate-target='.uvc-heading.ultimate-heading-85269e482eae6661 h2'  data-responsive-json-new='{\"font-size\":\"\",\"line-height\":\"\"}' ><h2 style=\"font-weight:normal;margin-bottom:10px;\">Unidad de Ortopedia y Traumatolog\u00eda<\/h2><\/div><div class=\"uvc-heading-spacer line_only\" style=\"margin-bottom:20px;height:2px;\"><span class=\"uvc-headings-line\" style=\"border-style:solid;border-bottom-width:2px;border-color:#00abc6;width:300px;\"><\/span><\/div><\/div><div class=\"wpb_text_column\" ><div class=\"wpb_wrapper\"><p>Cuenta con un excelente servicio y personal altamente calificado. Sus caracter\u00edsticas f\u00edsicas e infraestructura le permiten atender consultas m\u00e9dicas urgentes y electivas en sus instalaciones ubicadas en Santo Domingo, Rep\u00fablica Dominicana, en el Hospital General de la Plaza de la Salud, Edificio 2, 2da Planta.<\/p>\n<h4>Servicios de:<\/h4>\n<\/div><\/div><div class=\"w-tabs style_default switch_click accordion has_scrolling title_atleft icon_chevron iconpos_right\"><div class=\"w-tabs-sections\"><div class=\"w-tabs-sections-h\"><div class=\"w-tabs-section\" id=\"1548052483716-22d7700f-27fc\"><button class=\"w-tabs-section-header\" aria-controls=\"content-1548052483716-22d7700f-27fc\"><div class=\"w-tabs-section-header-h\"><div class=\"w-tabs-section-title\">Traumatolog\u00eda<\/div><div class=\"w-tabs-section-control\"><\/div><\/div><\/button><div class=\"w-tabs-section-content\" id=\"content-1548052483716-22d7700f-27fc\" aria-expanded=\"false\"><div class=\"w-tabs-section-content-h i-cf\"><div class=\"wpb_text_column\" ><div class=\"wpb_wrapper\"><ul class=\"ul1\">\n<li class=\"li1\"><span class=\"s2\">Procesa toda la traumatolog\u00eda tanto de urgencia como ambulatoria durante las 24 horas del d\u00eda.<\/span><\/li>\n<li class=\"li1\"><span class=\"s2\">Destacar las fracturas de cadera con protocolo de resoluci\u00f3n en 48 horas.<\/span><\/li>\n<li class=\"li1\"><span class=\"s2\">Cirug\u00eda compleja de fracturas de Pelvis.<\/span><\/li>\n<li class=\"li1\"><span class=\"s2\">Cirug\u00eda ortop\u00e9dica de la mano y Mano traum\u00e1tica.<\/span><\/li>\n<li class=\"li1\"><span class=\"s2\">Manejo interdisciplinario del paciente Politraumatizado.<\/span><\/li>\n<li class=\"li1\"><span class=\"s2\">Infiltraciones.<\/span><\/li>\n<li class=\"li1\"><span class=\"s2\">Manejo de fracturas de los miembros superiores e inferiores.<\/span><\/li>\n<li class=\"li1\"><span class=\"s2\">Desgarros musculares.<\/span><\/li>\n<li class=\"li1\"><span class=\"s2\">Fracturas de pie y tobillo.<\/span><\/li>\n<\/ul>\n<\/div><\/div><\/div><\/div><\/div><div class=\"w-tabs-section\" id=\"1548052526219-3332b00f-fbc5\"><button class=\"w-tabs-section-header\" aria-controls=\"content-1548052526219-3332b00f-fbc5\"><div class=\"w-tabs-section-header-h\"><div class=\"w-tabs-section-title\">Unidad de Artroplastia<\/div><div class=\"w-tabs-section-control\"><\/div><\/div><\/button><div class=\"w-tabs-section-content\" id=\"content-1548052526219-3332b00f-fbc5\" aria-expanded=\"false\"><div class=\"w-tabs-section-content-h i-cf\"><div class=\"wpb_text_column\" ><div class=\"wpb_wrapper\"><ul class=\"ul1\">\n<li class=\"li1\"><span class=\"s2\">Cirug\u00eda prot\u00e9sica: cadera, rodilla y hombro primarias.<\/span><\/li>\n<li class=\"li1\"><span class=\"s2\">Cirug\u00eda de Recambios (Revisi\u00f3n) de cadera, de rodilla y hombro.<\/span><\/li>\n<li class=\"li1\"><span class=\"s2\">Osteotom\u00edas p\u00e9lvicas, de cadera y rodilla.<\/span><\/li>\n<\/ul>\n<\/div><\/div><\/div><\/div><\/div><div class=\"w-tabs-section\" id=\"1548053303013-167b7b4d-186e\"><button class=\"w-tabs-section-header\" aria-controls=\"content-1548053303013-167b7b4d-186e\"><div class=\"w-tabs-section-header-h\"><div class=\"w-tabs-section-title\">Unidad de Artroscopia y Medicina del Deporte<\/div><div class=\"w-tabs-section-control\"><\/div><\/div><\/button><div class=\"w-tabs-section-content\" id=\"content-1548053303013-167b7b4d-186e\" aria-expanded=\"false\"><div class=\"w-tabs-section-content-h i-cf\"><div class=\"wpb_text_column\" ><div class=\"wpb_wrapper\"><ul class=\"ul1\">\n<li class=\"li1\"><span class=\"s2\">Rodilla, hombro y cadera.<\/span><\/li>\n<li class=\"li1\"><span class=\"s2\">Reparaci\u00f3n de ligamentos, tanto con aloinjertos como autoinjertos, suturas meniscales.<\/span><\/li>\n<li class=\"li1\"><span class=\"s2\">Injerto de cart\u00edlago.<\/span><\/li>\n<li class=\"li1\"><span class=\"s2\">Tratamiento con Plasma Rico en Plaquetas.<\/span><\/li>\n<li class=\"li1\"><span class=\"s2\">Codo.<\/span><\/li>\n<\/ul>\n<\/div><\/div><\/div><\/div><\/div><div class=\"w-tabs-section\" id=\"1548053305765-ea5723ff-de6e\"><button class=\"w-tabs-section-header\" aria-controls=\"content-1548053305765-ea5723ff-de6e\"><div class=\"w-tabs-section-header-h\"><div class=\"w-tabs-section-title\">Unidad de Ortopedia y Traumatolog\u00eda Infantil<\/div><div class=\"w-tabs-section-control\"><\/div><\/div><\/button><div class=\"w-tabs-section-content\" id=\"content-1548053305765-ea5723ff-de6e\" aria-expanded=\"false\"><div class=\"w-tabs-section-content-h i-cf\"><div class=\"wpb_text_column\" ><div class=\"wpb_wrapper\"><ul class=\"ul1\">\n<li class=\"li1\"><span class=\"s2\">Tratamiento ortop\u00e9dico o quir\u00fargico de toda la patolog\u00eda traumatol\u00f3gica en la edad infantil.<\/span><\/li>\n<li class=\"li1\"><span class=\"s2\">Tratamiento de deformidades de las Extremidades.<\/span><\/li>\n<li class=\"li1\"><span class=\"s2\">Tratamiento de las discrepancias de longitud de las Extremidades.<\/span><\/li>\n<li class=\"li1\"><span class=\"s2\">Cirug\u00eda de malformaciones de las Extremidades.<\/span><\/li>\n<li class=\"li1\"><span class=\"s2\">Tratamiento de la patolog\u00eda de rodilla en la infancia.<\/span><\/li>\n<li class=\"li1\"><span class=\"s2\">Cirug\u00eda de malformaciones de las extremidades superiores (en colaboraci\u00f3n con la Unidad de Mano).<\/span><\/li>\n<li class=\"li1\"><span class=\"s2\">Tratamiento quir\u00fargico en la Par\u00e1lisis Cerebral Infantil.<\/span><\/li>\n<li class=\"li1\"><span class=\"s2\">Cirug\u00eda de tumores benignos m\u00fasculo esquel\u00e9tico en la infancia.<\/span><\/li>\n<li class=\"li1\"><span class=\"s2\">Tratamiento de la infecci\u00f3n m\u00fasculo esquel\u00e9tica en la infancia<\/span><\/li>\n<li class=\"li1\"><span class=\"s2\">Problemas de la marcha y patolog\u00eda de origen neuromuscular.<\/span><\/li>\n<\/ul>\n<p class=\"p1\"><span class=\"s1\"><b>Tumores M\u00fasculo-Esquel\u00e9ticos:<\/b><\/span><\/p>\n<ul class=\"ul1\">\n<li class=\"li1\"><span class=\"s1\">Tratamiento Ortop\u00e9dico de los Tumores \u00d3seos Benignos y Malignos.<\/span><\/li>\n<li class=\"li1\"><span class=\"s1\">Tratamiento Quir\u00fargico de los Tumores Benignos y malignos de Partes Blandas.<\/span><\/li>\n<li class=\"li1\"><span class=\"s1\">Tratamiento Quir\u00fargico profil\u00e1ctico y terap\u00e9utico de los Tumores \u00d3seos.<\/span><\/li>\n<li class=\"li1\"><span class=\"s1\">Secundarios (Metast\u00e1sicos).<\/span><\/li>\n<li class=\"li1\"><span class=\"s1\">Tratamiento Quir\u00fargico u Ortop\u00e9dico de Patolog\u00edas Pseudo Tumorales.<\/span><\/li>\n<\/ul>\n<\/div><\/div><\/div><\/div><\/div><div class=\"w-tabs-section\" id=\"1548053367429-ac3d7698-4d77\"><button class=\"w-tabs-section-header\" aria-controls=\"content-1548053367429-ac3d7698-4d77\"><div class=\"w-tabs-section-header-h\"><div class=\"w-tabs-section-title\">Unidad de Cirug\u00eda de la Mano<\/div><div class=\"w-tabs-section-control\"><\/div><\/div><\/button><div class=\"w-tabs-section-content\" id=\"content-1548053367429-ac3d7698-4d77\" aria-expanded=\"false\"><div class=\"w-tabs-section-content-h i-cf\"><div class=\"wpb_text_column\" ><div class=\"wpb_wrapper\"><ul class=\"ul1\">\n<li class=\"li1\"><span class=\"s2\">Fracturas, luxaciones y fracturas-luxaci\u00f3n de metacarpianos y falanges.<\/span><\/li>\n<li class=\"li1\"><span class=\"s2\">Fracturas del extremo distal del radio y\/o c\u00fabito.<\/span><\/li>\n<li class=\"li1\"><span class=\"s2\">Lesiones agudas y\/o cr\u00f3nicas de tendones flexores y extensores.<\/span><\/li>\n<li class=\"li1\"><span class=\"s2\">Lesiones agudas y\/o cr\u00f3nicas de nervio perif\u00e9rico.<\/span><\/li>\n<li class=\"li1\"><span class=\"s2\">Secuelas o complicaciones de las fracturas de la mano y mu\u00f1eca como pseudoartrosis o consolidaciones viciosas.<\/span><\/li>\n<li class=\"li1\"><span class=\"s2\">Secuelas o complicaciones de lesiones tendinosas.<\/span><\/li>\n<li class=\"li1\"><span class=\"s2\">Neuropat\u00edas y Tendinopatias por compresi\u00f3n.<\/span><\/li>\n<li class=\"li1\"><span class=\"s2\">Heridas complejas de la mano y antebrazo.<\/span><\/li>\n<\/ul>\n<\/div><\/div><\/div><\/div><\/div><div class=\"w-tabs-section\" id=\"1548053369251-920037fe-4cd7\"><button class=\"w-tabs-section-header\" aria-controls=\"content-1548053369251-920037fe-4cd7\"><div class=\"w-tabs-section-header-h\"><div class=\"w-tabs-section-title\">Unidad de Cirug\u00eda de Columna<\/div><div class=\"w-tabs-section-control\"><\/div><\/div><\/button><div class=\"w-tabs-section-content\" id=\"content-1548053369251-920037fe-4cd7\" aria-expanded=\"false\"><div class=\"w-tabs-section-content-h i-cf\"><div class=\"wpb_text_column\" ><div class=\"wpb_wrapper\"><p class=\"p1\"><span class=\"s1\"><b>Enfermedades degenerativas:<\/b><\/span><\/p>\n<ul class=\"ul1\">\n<li class=\"li3\"><span class=\"s1\">Artrosis<\/span><\/li>\n<li class=\"li3\"><span class=\"s1\">Canal Estrecho<\/span><\/li>\n<li class=\"li3\"><span class=\"s1\">Hernia Discal<\/span><\/li>\n<li class=\"li3\"><span class=\"s1\">Tumores primarios \u00f3seo<\/span><\/li>\n<li class=\"li3\"><span class=\"s1\">Tumores intra-canales extra-medulares<\/span><\/li>\n<\/ul>\n<p class=\"p3\"><span class=\"s1\"><b>Deformidades:<\/b><\/span><\/p>\n<ul class=\"ul1\">\n<li class=\"li3\"><span class=\"s1\">Escoliosis y Cifosis<\/span><\/li>\n<li class=\"li3\"><span class=\"s1\">Espondilolistesis<\/span><\/li>\n<\/ul>\n<p class=\"p3\"><span class=\"s1\"><b>Fracturas e Infecciones:<\/b><\/span><\/p>\n<ul class=\"ul1\">\n<li class=\"li3\"><span class=\"s1\">Espondilolisis<\/span><\/li>\n<\/ul>\n<\/div><\/div><\/div><\/div><\/div><\/div><\/div><\/div><\/div><\/div><\/div><div class=\"vc_col-sm-4 wpb_column vc_column_container\"><div class=\"vc_column-inner us_custom_c3c31ab9\"><div class=\"wpb_wrapper\"><div class=\"uavc-list-icon uavc-list-icon-wrapper ult-adjust-bottom-margin   \"><ul class=\"uavc-list\"><li><div class=\"uavc-list-content\" id=\"list-icon-wrap-5665\">\n<div class=\"uavc-list-icon  \" data-animation=\"\" data-animation-delay=\"03\" style=\"margin-right:10px;\"><div class=\"ult-just-icon-wrapper  \"><div class=\"align-icon\" style=\"text-align:center;\">\n<div class=\"aio-icon none \"  style=\"font-size:22px;display:inline-block;\">\n\t<i class=\"Defaults-calendar\"><\/i>\n<\/div><\/div><\/div>\n<\/div><span  data-ultimate-target='#list-icon-wrap-5665 .uavc-list-desc'  data-responsive-json-new='{\"font-size\":\"\",\"line-height\":\"\"}'  class=\"uavc-list-desc ult-responsive\" style=\"\">\n<h4 style=\"padding-bottom: 0; margin-bottom: 0; font-size: 20px;\">Para Citas<\/h4>\n<p><span style=\"font-size: 14px; line-height: 18px;\">Llama al <a style=\"color: #30414f; text-decoration: underline;\" href=\"tel:809-565-7477\">809-565-7477<\/a><\/span><br \/>\n<span style=\"font-size: 14px; line-height: 18px;\">whatsapp 829-565-7477<br \/>\nLlena el <a style=\"color: #30414f; text-decoration: underline;\" href=\"https:\/\/www.hgps.org.do\/citas\/\">Formulario en L\u00ednea<\/a><br \/>\no Escr\u00edbenos al <a style=\"color: #30414f; text-decoration: underline;\" href=\"#\">Live Chat<\/a><\/span><\/span><\/div><\/li><\/ul><\/div><h4 style=\"font-size: 20px;color: #00acc9;text-align: center;font-family:Titillium Web;font-weight:600;font-style:normal\" class=\"vc_custom_heading us_custom_7c7abea5\" >Art\u00edculos Relacionados<\/h4><div class=\"w-grid type_grid layout_25768 overflow_hidden\" id=\"us_grid_1\" data-grid-filter=\"true\"><style id=\"us_grid_1_css\">#us_grid_1 .w-grid-item:not(:last-child){margin-bottom:1.5rem}#us_grid_1 .g-loadmore{margin-top:1.5rem}<\/style><style>.layout_25768 .w-grid-item-h{background:#ffffff}.layout_25768 .usg_post_image_1{margin-bottom:0!important;padding-bottom:0!important}.layout_25768 .usg_post_title_1{font-family:'Titillium Web', sans-serif!important;font-size:1.1rem!important;line-height:1.2em!important;padding:0!important;margin:10px 0 0 0!important}.layout_25768 .usg_hwrapper_2{color:#00bcd4!important}.layout_25768 .usg_post_date_1{font-size:0.8rem!important}.layout_25768 .usg_vwrapper_1{padding:0!important}.layout_25768 .usg_post_taxonomy_2{font-size:0.8rem!important}<\/style><div class=\"w-grid-list\" ><\/div><div class=\"w-grid-preloader\"><div class=\"g-preloader type_1\">\r\n\t<div><\/div>\r\n<\/div>\r\n<\/div>\t<div class=\"w-grid-json hidden\" onclick='return {&quot;action&quot;:&quot;us_ajax_grid&quot;,&quot;ajax_url&quot;:&quot;https:\\\/\\\/hgps.org.do\\\/wp-admin\\\/admin-ajax.php&quot;,&quot;infinite_scroll&quot;:0,&quot;max_num_pages&quot;:0,&quot;pagination&quot;:&quot;none&quot;,&quot;permalink_url&quot;:&quot;https:\\\/\\\/hgps.org.do\\\/es\\\/wp-json\\\/wp\\\/v2\\\/pages\\\/22841&quot;,&quot;template_vars&quot;:{&quot;columns&quot;:&quot;1&quot;,&quot;exclude_items&quot;:&quot;none&quot;,&quot;img_size&quot;:&quot;medium&quot;,&quot;ignore_items_size&quot;:false,&quot;items_layout&quot;:&quot;25768&quot;,&quot;items_offset&quot;:&quot;1&quot;,&quot;overriding_link&quot;:&quot;none&quot;,&quot;post_id&quot;:22841,&quot;query_args&quot;:{&quot;post_type&quot;:[&quot;post&quot;],&quot;tax_query&quot;:[{&quot;taxonomy&quot;:&quot;post_tag&quot;,&quot;field&quot;:&quot;slug&quot;,&quot;terms&quot;:[&quot;unidad-de-ortopedia-y-traumatologia&quot;]}],&quot;post_status&quot;:[&quot;publish&quot;],&quot;orderby&quot;:{&quot;date&quot;:&quot;DESC&quot;},&quot;posts_per_page&quot;:&quot;5&quot;},&quot;type&quot;:&quot;grid&quot;,&quot;us_grid_ajax_index&quot;:1,&quot;us_grid_filter_params&quot;:null,&quot;us_grid_index&quot;:1,&quot;_us_grid_post_type&quot;:&quot;post&quot;}}'><\/div>\r\n<h4 class=\"w-grid-none\">No se han encontrado resultados.<\/h4><\/div><\/div><\/div><\/div><\/div><\/div><\/section>\n","protected":false},"excerpt":{"rendered":"Unidad de Ortopedia y Traumatolog\u00edaCuenta con un excelente servicio y personal altamente calificado. Sus caracter\u00edsticas f\u00edsicas e infraestructura le permiten atender consultas m\u00e9dicas urgentes y electivas en sus instalaciones ubicadas en Santo Domingo, Rep\u00fablica Dominicana, en el Hospital General de la Plaza de la Salud, Edificio 2, 2da Planta. Servicios de: Traumatolog\u00eda Procesa toda la...","protected":false},"author":1,"featured_media":0,"parent":22825,"menu_order":49,"comment_status":"closed","ping_status":"closed","template":"","meta":{"footnotes":""},"_links":{"self":[{"href":"https:\/\/hgps.org.do\/es\/wp-json\/wp\/v2\/pages\/22841"}],"collection":[{"href":"https:\/\/hgps.org.do\/es\/wp-json\/wp\/v2\/pages"}],"about":[{"href":"https:\/\/hgps.org.do\/es\/wp-json\/wp\/v2\/types\/page"}],"author":[{"embeddable":true,"href":"https:\/\/hgps.org.do\/es\/wp-json\/wp\/v2\/users\/1"}],"replies":[{"embeddable":true,"href":"https:\/\/hgps.org.do\/es\/wp-json\/wp\/v2\/comments?post=22841"}],"version-history":[{"count":4,"href":"https:\/\/hgps.org.do\/es\/wp-json\/wp\/v2\/pages\/22841\/revisions"}],"predecessor-version":[{"id":27314,"href":"https:\/\/hgps.org.do\/es\/wp-json\/wp\/v2\/pages\/22841\/revisions\/27314"}],"up":[{"embeddable":true,"href":"https:\/\/hgps.org.do\/es\/wp-json\/wp\/v2\/pages\/22825"}],"wp:attachment":[{"href":"https:\/\/hgps.org.do\/es\/wp-json\/wp\/v2\/media?parent=22841"}],"curies":[{"name":"wp","href":"https:\/\/api.w.org\/{rel}","templated":true}]}}