{"id":22845,"date":"2018-05-01T21:19:36","date_gmt":"2018-05-01T21:19:36","guid":{"rendered":"https:\/\/portal-hgps.azurewebsites.net\/contacto\/sugerencias\/"},"modified":"2020-07-16T03:31:31","modified_gmt":"2020-07-16T03:31:31","slug":"sugerencias","status":"publish","type":"page","link":"https:\/\/hgps.org.do\/es\/contacto\/sugerencias\/","title":{"rendered":"Sugerencias"},"content":{"rendered":"<section class=\"l-section wpb_row us_custom_2f43423f height_auto dept_tabs\"><div class=\"l-section-h i-cf\"><div class=\"g-cols vc_row type_default valign_top\"><div class=\"vc_col-sm-12 vc_hidden-sm vc_hidden-xs wpb_column vc_column_container\"><div class=\"vc_column-inner\"><div class=\"wpb_wrapper\"><div class=\"g-cols wpb_row  us_custom_7d5e32d4 type_default valign_top vc_inner\"><div class=\"vc_col-sm-8 wpb_column vc_column_container has_text_color\"><div class=\"vc_column-inner us_custom_ca341606\"><div class=\"wpb_wrapper\"><div class=\"wpb_text_column\" ><div class=\"wpb_wrapper\"><h2 style=\"color: #ffffff; font-weight: 300; margin-bottom: 0;\">Sugerencias<\/h2>\n<p style=\"color: #ffffff; font-size: 16px; font-weight: 100 !important; line-height: 24px;\">Le agradecemos que nos env\u00ede sus opiniones y sugerencias sobre la atenci\u00f3n que recibi\u00f3 en nuestro Hospital. Esto nos permitir\u00e1 seguir mejorando la atenci\u00f3n que brindamos a nuestros pacientes.<\/p>\n<\/div><\/div><\/div><\/div><\/div><div class=\"vc_col-sm-4 wpb_column vc_column_container has_text_color\"><div class=\"vc_column-inner us_custom_ca70641b\"><div class=\"wpb_wrapper\"><div class=\"wpb_text_column\" ><div class=\"wpb_wrapper\"><h3 style=\"text-align: center; margin-bottom: 0; padding-bottom: 0; font-size: 20px;\">\u00bfNecesitas ayuda?<\/h3>\n<p style=\"text-align: center; margin-top: 0; margin-bottom: 10px; padding-top: 0; padding-bottom: 0;\">Ll\u00e1manos al<\/p>\n<\/div><\/div><div class=\"w-btn-wrapper width_auto align_center\"><a class=\"w-btn us-btn-style_5\" href=\"tel:809-565-7477\"><span class=\"w-btn-label\">809-565-7477<\/span><\/a><\/div><\/div><\/div><\/div><\/div><\/div><\/div><\/div><\/div><\/div><\/section><!-- Row Backgrounds --><div class=\"upb_grad\" data-grad=\"background: -webkit-gradient(linear, left top, left bottom, color-stop(0%, #2F447F), color-stop(100%, #1B2E59));background: -moz-linear-gradient(top,#2F447F 0%,#1B2E59 100%);background: -webkit-linear-gradient(top,#2F447F 0%,#1B2E59 100%);background: -o-linear-gradient(top,#2F447F 0%,#1B2E59 100%);background: -ms-linear-gradient(top,#2F447F 0%,#1B2E59 100%);background: linear-gradient(top,#2F447F 0%,#1B2E59 100%);\" data-bg-override=\"0\" data-upb-overlay-color=\"\" data-upb-bg-animation=\"\" data-fadeout=\"\" data-fadeout-percentage=\"30\" data-parallax-content=\"\" data-parallax-content-sense=\"30\" data-row-effect-mobile-disable=\"true\" data-img-parallax-mobile-disable=\"true\" data-rtl=\"false\"  data-custom-vc-row=\"\"  data-vc=\"6.6.0\"  data-is_old_vc=\"\"  data-theme-support=\"\"   data-overlay=\"false\" data-overlay-color=\"\" data-overlay-pattern=\"\" data-overlay-pattern-opacity=\"\" data-overlay-pattern-size=\"\"    ><\/div><section class=\"l-section wpb_row us_custom_2f43423f height_auto dept_tabs\"><div class=\"l-section-h i-cf\"><div class=\"g-cols vc_row type_default valign_top\"><div class=\"vc_col-sm-12 vc_hidden-lg vc_hidden-md vc_hidden-xs wpb_column vc_column_container\"><div class=\"vc_column-inner\"><div class=\"wpb_wrapper\"><div class=\"g-cols wpb_row  us_custom_7d5e32d4 type_default valign_top vc_inner\"><div class=\"vc_col-sm-8 wpb_column vc_column_container has_text_color\"><div class=\"vc_column-inner us_custom_ca341606\"><div class=\"wpb_wrapper\"><div class=\"wpb_text_column\" ><div class=\"wpb_wrapper\"><h2 style=\"color: #ffffff; font-weight: 300; margin-bottom: 0; font-size: 24px;\">Sugerencias<\/h2>\n<p style=\"color: #ffffff; font-size: 14px; font-weight: 100 !important; line-height: 20px;\">Le agradecemos que nos env\u00ede sus opiniones y sugerencias sobre la atenci\u00f3n que recibi\u00f3 en nuestro Hospital. Esto nos permitir\u00e1 seguir mejorando la atenci\u00f3n que brindamos a nuestros pacientes.<\/p>\n<\/div><\/div><\/div><\/div><\/div><div class=\"vc_col-sm-4 wpb_column vc_column_container has_text_color\"><div class=\"vc_column-inner us_custom_ca70641b\"><div class=\"wpb_wrapper\"><div class=\"wpb_text_column\" ><div class=\"wpb_wrapper\"><h3 style=\"text-align: center; margin-bottom: 0; padding-bottom: 0; font-size: 20px;\">\u00bfNecesitas ayuda?<\/h3>\n<p style=\"text-align: center; margin-top: 0; margin-bottom: 10px; padding-top: 0; padding-bottom: 0;\">Ll\u00e1manos al<\/p>\n<\/div><\/div><div class=\"w-btn-wrapper width_auto align_center\"><a class=\"w-btn us-btn-style_5\" href=\"tel:809-565-7477\"><span class=\"w-btn-label\">809-565-7477<\/span><\/a><\/div><\/div><\/div><\/div><\/div><\/div><\/div><\/div><\/div><\/div><\/section><!-- Row Backgrounds --><div class=\"upb_grad\" data-grad=\"background: -webkit-gradient(linear, left top, left bottom, color-stop(0%, #2F447F), color-stop(100%, #1B2E59));background: -moz-linear-gradient(top,#2F447F 0%,#1B2E59 100%);background: -webkit-linear-gradient(top,#2F447F 0%,#1B2E59 100%);background: -o-linear-gradient(top,#2F447F 0%,#1B2E59 100%);background: -ms-linear-gradient(top,#2F447F 0%,#1B2E59 100%);background: linear-gradient(top,#2F447F 0%,#1B2E59 100%);\" data-bg-override=\"0\" data-upb-overlay-color=\"\" data-upb-bg-animation=\"\" data-fadeout=\"\" data-fadeout-percentage=\"30\" data-parallax-content=\"\" data-parallax-content-sense=\"30\" data-row-effect-mobile-disable=\"true\" data-img-parallax-mobile-disable=\"true\" data-rtl=\"false\"  data-custom-vc-row=\"\"  data-vc=\"6.6.0\"  data-is_old_vc=\"\"  data-theme-support=\"\"   data-overlay=\"false\" data-overlay-color=\"\" data-overlay-pattern=\"\" data-overlay-pattern-opacity=\"\" data-overlay-pattern-size=\"\"    ><\/div><section class=\"l-section wpb_row us_custom_2f43423f height_auto dept_tabs\"><div class=\"l-section-h i-cf\"><div class=\"g-cols vc_row type_default valign_top\"><div class=\"vc_col-sm-12 vc_hidden-lg vc_hidden-md vc_hidden-sm wpb_column vc_column_container\"><div class=\"vc_column-inner\"><div class=\"wpb_wrapper\"><div class=\"g-cols wpb_row  us_custom_7d5e32d4 type_default valign_top vc_inner\"><div class=\"vc_col-sm-12 wpb_column vc_column_container has_text_color\"><div class=\"vc_column-inner us_custom_64b06ea7\"><div class=\"wpb_wrapper\"><div class=\"wpb_text_column us_custom_8941bddd\" ><div class=\"wpb_wrapper\"><h2 style=\"color: #ffffff; font-weight: 300; margin-bottom: 0; font-size: 24px;\">Sugerencias<\/h2>\n<p style=\"color: #ffffff; font-size: 14px; font-weight: 100 !important; line-height: 20px;\">Le agradecemos que nos env\u00ede sus opiniones y sugerencias sobre la atenci\u00f3n que recibi\u00f3 en nuestro Hospital. Esto nos permitir\u00e1 seguir mejorando la atenci\u00f3n que brindamos a nuestros pacientes.<\/p>\n<\/div><\/div><\/div><\/div><\/div><\/div><\/div><\/div><\/div><\/div><\/div><\/section><!-- Row Backgrounds --><div class=\"upb_grad\" data-grad=\"background: -webkit-gradient(linear, left top, left bottom, color-stop(0%, #2F447F), color-stop(100%, #1B2E59));background: -moz-linear-gradient(top,#2F447F 0%,#1B2E59 100%);background: -webkit-linear-gradient(top,#2F447F 0%,#1B2E59 100%);background: -o-linear-gradient(top,#2F447F 0%,#1B2E59 100%);background: -ms-linear-gradient(top,#2F447F 0%,#1B2E59 100%);background: linear-gradient(top,#2F447F 0%,#1B2E59 100%);\" data-bg-override=\"0\" data-upb-overlay-color=\"\" data-upb-bg-animation=\"\" data-fadeout=\"\" data-fadeout-percentage=\"30\" data-parallax-content=\"\" data-parallax-content-sense=\"30\" data-row-effect-mobile-disable=\"true\" data-img-parallax-mobile-disable=\"true\" data-rtl=\"false\"  data-custom-vc-row=\"\"  data-vc=\"6.6.0\"  data-is_old_vc=\"\"  data-theme-support=\"\"   data-overlay=\"false\" data-overlay-color=\"\" data-overlay-pattern=\"\" data-overlay-pattern-opacity=\"\" data-overlay-pattern-size=\"\"    ><\/div><section class=\"l-section wpb_row us_custom_4e85a289 height_medium directorio_tabs\"><div class=\"l-section-h i-cf\"><div class=\"g-cols vc_row type_default valign_top\"><div class=\"vc_col-sm-9 wpb_column vc_column_container\"><div class=\"vc_column-inner us_custom_a589c745\"><div class=\"wpb_wrapper\"><div class=\"wpb_text_column\" ><div class=\"wpb_wrapper\"><p>Tome en cuenta: No podemos procesar las solicitudes de emergencia a trav\u00e9s de este formulario. Si usted est\u00e1 experimentando una emergencia m\u00e9dica, llame al 9-1-1 o a nuestro n\u00famero de Emergencias: (809)(829) 565-7477 (opci\u00f3n 1).<\/p>\n<\/div><\/div><script type=\"text\/javascript\">var gform;gform||(document.addEventListener(\"gform_main_scripts_loaded\",function(){gform.scriptsLoaded=!0}),window.addEventListener(\"DOMContentLoaded\",function(){gform.domLoaded=!0}),gform={domLoaded:!1,scriptsLoaded:!1,initializeOnLoaded:function(o){gform.domLoaded&&gform.scriptsLoaded?o():!gform.domLoaded&&gform.scriptsLoaded?window.addEventListener(\"DOMContentLoaded\",o):document.addEventListener(\"gform_main_scripts_loaded\",o)},hooks:{action:{},filter:{}},addAction:function(o,n,r,t){gform.addHook(\"action\",o,n,r,t)},addFilter:function(o,n,r,t){gform.addHook(\"filter\",o,n,r,t)},doAction:function(o){gform.doHook(\"action\",o,arguments)},applyFilters:function(o){return gform.doHook(\"filter\",o,arguments)},removeAction:function(o,n){gform.removeHook(\"action\",o,n)},removeFilter:function(o,n,r){gform.removeHook(\"filter\",o,n,r)},addHook:function(o,n,r,t,i){null==gform.hooks[o][n]&&(gform.hooks[o][n]=[]);var e=gform.hooks[o][n];null==i&&(i=n+\"_\"+e.length),gform.hooks[o][n].push({tag:i,callable:r,priority:t=null==t?10:t})},doHook:function(n,o,r){var t;if(r=Array.prototype.slice.call(r,1),null!=gform.hooks[n][o]&&((o=gform.hooks[n][o]).sort(function(o,n){return o.priority-n.priority}),o.forEach(function(o){\"function\"!=typeof(t=o.callable)&&(t=window[t]),\"action\"==n?t.apply(null,r):r[0]=t.apply(null,r)})),\"filter\"==n)return r[0]},removeHook:function(o,n,t,i){var r;null!=gform.hooks[o][n]&&(r=(r=gform.hooks[o][n]).filter(function(o,n,r){return!!(null!=i&&i!=o.tag||null!=t&&t!=o.priority)}),gform.hooks[o][n]=r)}});<\/script>\n                <div class='gf_browser_gecko gform_wrapper gform_legacy_markup_wrapper gform-theme--no-framework' data-form-theme='legacy' data-form-index='0' id='gform_wrapper_2' ><form method='post' enctype='multipart\/form-data'  id='gform_2'  action='\/es\/wp-json\/wp\/v2\/pages\/22845' data-formid='2' novalidate>\n                        <div class='gform-body gform_body'><ul id='gform_fields_2' class='gform_fields top_label form_sublabel_below description_below'><li id=\"field_2_1\" class=\"gfield gfield--type-name gfield_contains_required field_sublabel_below gfield--no-description field_description_below gfield_visibility_visible\"  data-js-reload=\"field_2_1\" ><label class='gfield_label gform-field-label gfield_label_before_complex' >Nombre<span class=\"gfield_required\"><span class=\"gfield_required gfield_required_asterisk\">*<\/span><\/span><\/label><div class='ginput_complex ginput_container ginput_container--name no_prefix has_first_name no_middle_name has_last_name no_suffix gf_name_has_2 ginput_container_name gform-grid-row' id='input_2_1'>\n                            \n                            <span id='input_2_1_3_container' class='name_first gform-grid-col gform-grid-col--size-auto' >\n                                                    <input type='text' name='input_1.3' id='input_2_1_3' value=''   aria-required='true'     \/>\n                                                    <label for='input_2_1_3' class='gform-field-label gform-field-label--type-sub '>Nombre<\/label>\n                                                <\/span>\n                            \n                            <span id='input_2_1_6_container' class='name_last gform-grid-col gform-grid-col--size-auto' >\n                                                    <input type='text' name='input_1.6' id='input_2_1_6' value=''   aria-required='true'     \/>\n                                                    <label for='input_2_1_6' class='gform-field-label gform-field-label--type-sub '>Apellidos<\/label>\n                                                <\/span>\n                            \n                        <\/div><\/li><li id=\"field_2_2\" class=\"gfield gfield--type-email gf_left_half gfield_contains_required field_sublabel_below gfield--no-description field_description_below gfield_visibility_visible\"  data-js-reload=\"field_2_2\" ><label class='gfield_label gform-field-label' for='input_2_2'>Email<span class=\"gfield_required\"><span class=\"gfield_required gfield_required_asterisk\">*<\/span><\/span><\/label><div class='ginput_container ginput_container_email'>\n                            <input name='input_2' id='input_2_2' type='email' value='' class='medium'    aria-required=\"true\" aria-invalid=\"false\"  \/>\n                        <\/div><\/li><li id=\"field_2_3\" class=\"gfield gfield--type-text gf_right_half gfield_contains_required field_sublabel_below gfield--no-description field_description_below gfield_visibility_visible\"  data-js-reload=\"field_2_3\" ><label class='gfield_label gform-field-label' for='input_2_3'>Tel\u00e9fono<span class=\"gfield_required\"><span class=\"gfield_required gfield_required_asterisk\">*<\/span><\/span><\/label><div class='ginput_container ginput_container_text'><input name='input_3' id='input_2_3' type='text' value='' class='medium'     aria-required=\"true\" aria-invalid=\"false\"   \/> <\/div><\/li><li id=\"field_2_4\" class=\"gfield gfield--type-text gf_left_half field_sublabel_below gfield--no-description field_description_below gfield_visibility_visible\"  data-js-reload=\"field_2_4\" ><label class='gfield_label gform-field-label' for='input_2_4'>Celular<\/label><div class='ginput_container ginput_container_text'><input name='input_4' id='input_2_4' type='text' value='' class='medium'      aria-invalid=\"false\"   \/> <\/div><\/li><li id=\"field_2_5\" class=\"gfield gfield--type-text gf_right_half gfield_contains_required field_sublabel_below gfield--no-description field_description_below gfield_visibility_visible\"  data-js-reload=\"field_2_5\" ><label class='gfield_label gform-field-label' for='input_2_5'>Servicio Recibido<span class=\"gfield_required\"><span class=\"gfield_required gfield_required_asterisk\">*<\/span><\/span><\/label><div class='ginput_container ginput_container_text'><input name='input_5' id='input_2_5' type='text' value='' class='medium'     aria-required=\"true\" aria-invalid=\"false\"   \/> <\/div><\/li><li id=\"field_2_6\" class=\"gfield gfield--type-textarea gfield_contains_required field_sublabel_below gfield--no-description field_description_below gfield_visibility_visible\"  data-js-reload=\"field_2_6\" ><label class='gfield_label gform-field-label' for='input_2_6'>Comentario o Sugerencia<span class=\"gfield_required\"><span class=\"gfield_required gfield_required_asterisk\">*<\/span><\/span><\/label><div class='ginput_container ginput_container_textarea'><textarea name='input_6' id='input_2_6' class='textarea medium'     aria-required=\"true\" aria-invalid=\"false\"   rows='10' cols='50'><\/textarea><\/div><\/li><\/ul><\/div>\n        <div class='gform_footer top_label'> <input type='submit' id='gform_submit_button_2' class='gform_button button' value='Enviar'  onclick='if(window[\"gf_submitting_2\"]){return false;}  if( !jQuery(\"#gform_2\")[0].checkValidity || jQuery(\"#gform_2\")[0].checkValidity()){window[\"gf_submitting_2\"]=true;}  ' onkeypress='if( event.keyCode == 13 ){ if(window[\"gf_submitting_2\"]){return false;} if( !jQuery(\"#gform_2\")[0].checkValidity || jQuery(\"#gform_2\")[0].checkValidity()){window[\"gf_submitting_2\"]=true;}  jQuery(\"#gform_2\").trigger(\"submit\",[true]); }' \/> \n            <input type='hidden' class='gform_hidden' name='is_submit_2' value='1' \/>\n            <input type='hidden' class='gform_hidden' name='gform_submit' value='2' \/>\n            \n            <input type='hidden' class='gform_hidden' name='gform_unique_id' value='' \/>\n            <input type='hidden' class='gform_hidden' name='state_2' value='WyJbXSIsIjIxMzlmM2RjMGQ0NGRlMWEyMTRiNzc0ZTczNzBjNDdjIl0=' \/>\n            <input type='hidden' class='gform_hidden' name='gform_target_page_number_2' id='gform_target_page_number_2' value='0' \/>\n            <input type='hidden' class='gform_hidden' name='gform_source_page_number_2' id='gform_source_page_number_2' value='1' \/>\n            <input type='hidden' name='gform_field_values' value='' \/>\n            \n        <\/div>\n                        <\/form>\n                        <\/div><script type=\"text\/javascript\">\n\/* <![CDATA[ *\/\n gform.initializeOnLoaded( function() {gformInitSpinner( 2, 'https:\/\/hgps.org.do\/wp-content\/plugins\/gravityforms\/images\/spinner.svg', true );jQuery('#gform_ajax_frame_2').on('load',function(){var contents = jQuery(this).contents().find('*').html();var is_postback = contents.indexOf('GF_AJAX_POSTBACK') >= 0;if(!is_postback){return;}var form_content = jQuery(this).contents().find('#gform_wrapper_2');var is_confirmation = jQuery(this).contents().find('#gform_confirmation_wrapper_2').length > 0;var is_redirect = contents.indexOf('gformRedirect(){') >= 0;var is_form = form_content.length > 0 && ! is_redirect && ! is_confirmation;var mt = parseInt(jQuery('html').css('margin-top'), 10) + parseInt(jQuery('body').css('margin-top'), 10) + 100;if(is_form){jQuery('#gform_wrapper_2').html(form_content.html());if(form_content.hasClass('gform_validation_error')){jQuery('#gform_wrapper_2').addClass('gform_validation_error');} else {jQuery('#gform_wrapper_2').removeClass('gform_validation_error');}setTimeout( function() { \/* delay the scroll by 50 milliseconds to fix a bug in chrome *\/  }, 50 );if(window['gformInitDatepicker']) {gformInitDatepicker();}if(window['gformInitPriceFields']) {gformInitPriceFields();}var current_page = jQuery('#gform_source_page_number_2').val();gformInitSpinner( 2, 'https:\/\/hgps.org.do\/wp-content\/plugins\/gravityforms\/images\/spinner.svg', true );jQuery(document).trigger('gform_page_loaded', [2, current_page]);window['gf_submitting_2'] = false;}else if(!is_redirect){var confirmation_content = jQuery(this).contents().find('.GF_AJAX_POSTBACK').html();if(!confirmation_content){confirmation_content = contents;}setTimeout(function(){jQuery('#gform_wrapper_2').replaceWith(confirmation_content);jQuery(document).trigger('gform_confirmation_loaded', [2]);window['gf_submitting_2'] = false;wp.a11y.speak(jQuery('#gform_confirmation_message_2').text());}, 50);}else{jQuery('#gform_2').append(contents);if(window['gformRedirect']) {gformRedirect();}}jQuery(document).trigger('gform_post_render', [2, current_page]);gform.utils.trigger({ event: 'gform\/postRender', native: false, data: { formId: 2, currentPage: current_page } });} );} ); \n\/* ]]> *\/\n<\/script>\n<\/div><\/div><\/div><div class=\"vc_col-sm-3 wpb_column vc_column_container\"><div class=\"vc_column-inner us_custom_50cc7d67\"><div class=\"wpb_wrapper\"><div class=\"uavc-list-icon uavc-list-icon-wrapper ult-adjust-bottom-margin   \"><ul class=\"uavc-list\"><li><div class=\"uavc-list-content\" id=\"list-icon-wrap-7303\">\n<div class=\"uavc-list-icon  \" data-animation=\"\" data-animation-delay=\"03\" style=\"margin-right:5px;\"><div class=\"ult-just-icon-wrapper  \"><div class=\"align-icon\" style=\"text-align:center;\">\n<div class=\"aio-icon none \"  style=\"color:#333333;font-size:14px;display:inline-block;\">\n\t<i class=\"Defaults-phone\"><\/i>\n<\/div><\/div><\/div>\n<\/div><span  data-ultimate-target='#list-icon-wrap-7303 .uavc-list-desc'  data-responsive-json-new='{\"font-size\":\"\",\"line-height\":\"\"}'  class=\"uavc-list-desc ult-responsive\" style=\"\">\n<h4 style=\"padding-bottom: 0; margin-bottom: 0; font-size: 20px;\">Tel\u00e9fonos<\/h4>\n<p><a href=\"tel:809-565-7477\">809-565-7477<\/a><br \/>\n<a href=\"tel:829-565-7477\">829-565-7477<\/a><\/span><\/div><\/li><li><div class=\"uavc-list-content\" id=\"list-icon-wrap-1669\">\n<div class=\"uavc-list-icon  \" data-animation=\"\" data-animation-delay=\"03\" style=\"margin-right:5px;\"><div class=\"ult-just-icon-wrapper  \"><div class=\"align-icon\" style=\"text-align:center;\">\n<div class=\"aio-icon none \"  style=\"color:#333333;font-size:14px;display:inline-block;\">\n\t<i class=\"Defaults-phone\"><\/i>\n<\/div><\/div><\/div>\n<\/div><span  data-ultimate-target='#list-icon-wrap-1669 .uavc-list-desc'  data-responsive-json-new='{\"font-size\":\"\",\"line-height\":\"\"}'  class=\"uavc-list-desc ult-responsive\" style=\"\">\n<h4 style=\"padding-bottom: 0; margin-bottom: 0; font-size: 20px;\">Emergencias<\/h4>\n<p><a href=\"tel:809-565-7477\"> 829\/809-565-7477\u00a0(opci\u00f3n 1) <\/a><\/span><\/div><\/li><li><div class=\"uavc-list-content\" id=\"list-icon-wrap-4906\">\n<div class=\"uavc-list-icon  \" data-animation=\"\" data-animation-delay=\"03\" style=\"margin-right:5px;\"><div class=\"ult-just-icon-wrapper  \"><div class=\"align-icon\" style=\"text-align:center;\">\n<div class=\"aio-icon none \"  style=\"color:#333333;font-size:14px;display:inline-block;\">\n\t<i class=\"Defaults-phone\"><\/i>\n<\/div><\/div><\/div>\n<\/div><span  data-ultimate-target='#list-icon-wrap-4906 .uavc-list-desc'  data-responsive-json-new='{\"font-size\":\"\",\"line-height\":\"\"}'  class=\"uavc-list-desc ult-responsive\" style=\"\">\n<h4 style=\"padding-bottom: 0; margin-bottom: 0; font-size: 20px;\">Interior sin cargo<\/h4>\n<p><a href=\"tel:809-200-7266\">809-200-7266 <\/a><\/span><\/div><\/li><\/ul><\/div><div  class=\"vc_wp_custommenu wpb_content_element\"><div class=\"widget widget_nav_menu\"><div class=\"menu-pacientes-visitantes-container\"><ul id=\"menu-pacientes-visitantes\" class=\"menu\"><li id=\"menu-item-24119\" class=\"menu-item menu-item-type-post_type menu-item-object-page menu-item-24119\"><a href=\"https:\/\/hgps.org.do\/es\/para-pacientes-y-familiares\/admision\/\">Admisi\u00f3n<\/a><\/li>\n<li id=\"menu-item-24115\" class=\"menu-item menu-item-type-post_type menu-item-object-page menu-item-24115\"><a href=\"https:\/\/hgps.org.do\/es\/articulos\/\">Art\u00edculos<\/a><\/li>\n<li id=\"menu-item-24116\" class=\"menu-item menu-item-type-post_type menu-item-object-page menu-item-24116\"><a href=\"https:\/\/hgps.org.do\/es\/directorio\/\">Buscar un M\u00e9dico<\/a><\/li>\n<li id=\"menu-item-24132\" class=\"menu-item menu-item-type-post_type menu-item-object-page menu-item-24132\"><a href=\"https:\/\/hgps.org.do\/es\/contacto\/\">C\u00f3mo llegar<\/a><\/li>\n<li id=\"menu-item-24118\" class=\"menu-item menu-item-type-post_type menu-item-object-page menu-item-24118\"><a href=\"https:\/\/hgps.org.do\/es\/citas\/\">Solicitar cita via correo<\/a><\/li>\n<li id=\"menu-item-24134\" class=\"menu-item menu-item-type-custom menu-item-object-custom menu-item-24134\"><a target=\"_blank\" rel=\"noopener\" href=\"https:\/\/resultados.hgps.org.do\/\">Resultados de Laboratorio<\/a><\/li>\n<li id=\"menu-item-24120\" class=\"menu-item menu-item-type-post_type menu-item-object-page menu-item-24120\"><a href=\"https:\/\/hgps.org.do\/es\/para-pacientes-y-familiares\/servicios-ars\/\">Servicios ARS<\/a><\/li>\n<li id=\"menu-item-26294\" class=\"menu-item menu-item-type-post_type menu-item-object-page menu-item-26294\"><a href=\"https:\/\/hgps.org.do\/es\/para-pacientes-y-familiares\/seguros-internacionales\/\">Seguros Internacionales<\/a><\/li>\n<li id=\"menu-item-24117\" class=\"menu-item menu-item-type-post_type menu-item-object-page menu-item-24117\"><a href=\"https:\/\/hgps.org.do\/es\/contacto\/sugerencias\/\">Sugerencias<\/a><\/li>\n<li id=\"menu-item-27690\" class=\"menu-item menu-item-type-post_type menu-item-object-page menu-item-27690\"><a href=\"https:\/\/hgps.org.do\/es\/para-pacientes-y-familiares\/saludable-hasta-la-tambora\/\">Saludable Hasta la Tambora<\/a><\/li>\n<\/ul><\/div><\/div><\/div><\/div><\/div><\/div><\/div><\/div><\/section><section class=\"l-section wpb_row us_custom_67a40d00 height_auto dept_tabs\"><div class=\"l-section-h i-cf\"><div class=\"g-cols vc_row type_default valign_top\"><div class=\"vc_col-sm-12 vc_hidden-lg vc_hidden-md vc_hidden-sm wpb_column vc_column_container\"><div class=\"vc_column-inner\"><div class=\"wpb_wrapper\"><div class=\"g-cols wpb_row  us_custom_f7fb4cbf type_default valign_top vc_inner\"><div class=\"vc_col-sm-12 wpb_column vc_column_container has_text_color\"><div class=\"vc_column-inner us_custom_bfaa4685\"><div class=\"wpb_wrapper\"><div class=\"wpb_text_column\" ><div class=\"wpb_wrapper\"><h3 style=\"text-align: center; margin-bottom: 0; padding-bottom: 0; font-size: 20px;\">\u00bfNecesitas ayuda?<\/h3>\n<p style=\"text-align: center; margin-top: 0; margin-bottom: 10px; padding-top: 0; padding-bottom: 0;\">Ll\u00e1manos al<\/p>\n<\/div><\/div><div class=\"w-btn-wrapper width_auto align_center\"><a class=\"w-btn us-btn-style_4\" href=\"tel:809-565-7477\"><span class=\"w-btn-label\">809-565-7477<\/span><\/a><\/div><\/div><\/div><\/div><\/div><\/div><\/div><\/div><\/div><\/div><\/section><!-- Row Backgrounds --><div class=\"upb_grad\" data-grad=\"background: -webkit-gradient(linear, left top, left bottom, color-stop(13%, #5FBF1B), color-stop(61%, #589231));background: -moz-linear-gradient(top,#5FBF1B 13%,#589231 61%);background: -webkit-linear-gradient(top,#5FBF1B 13%,#589231 61%);background: -o-linear-gradient(top,#5FBF1B 13%,#589231 61%);background: -ms-linear-gradient(top,#5FBF1B 13%,#589231 61%);background: linear-gradient(top,#5FBF1B 13%,#589231 61%);\" data-bg-override=\"0\" data-upb-overlay-color=\"\" data-upb-bg-animation=\"\" data-fadeout=\"\" data-fadeout-percentage=\"30\" data-parallax-content=\"\" data-parallax-content-sense=\"30\" data-row-effect-mobile-disable=\"true\" data-img-parallax-mobile-disable=\"true\" data-rtl=\"false\"  data-custom-vc-row=\"\"  data-vc=\"6.6.0\"  data-is_old_vc=\"\"  data-theme-support=\"\"   data-overlay=\"false\" data-overlay-color=\"\" data-overlay-pattern=\"\" data-overlay-pattern-opacity=\"\" data-overlay-pattern-size=\"\"    ><\/div>\n","protected":false},"excerpt":{"rendered":"Sugerencias Le agradecemos que nos env\u00ede sus opiniones y sugerencias sobre la atenci\u00f3n que recibi\u00f3 en nuestro Hospital. Esto nos permitir\u00e1 seguir mejorando la atenci\u00f3n que brindamos a nuestros pacientes. \u00bfNecesitas ayuda? Ll\u00e1manos al 809-565-7477Sugerencias Le agradecemos que nos env\u00ede sus opiniones y sugerencias sobre la atenci\u00f3n que recibi\u00f3 en nuestro Hospital. Esto nos permitir\u00e1...","protected":false},"author":1,"featured_media":0,"parent":22843,"menu_order":53,"comment_status":"closed","ping_status":"closed","template":"","meta":{"footnotes":""},"_links":{"self":[{"href":"https:\/\/hgps.org.do\/es\/wp-json\/wp\/v2\/pages\/22845"}],"collection":[{"href":"https:\/\/hgps.org.do\/es\/wp-json\/wp\/v2\/pages"}],"about":[{"href":"https:\/\/hgps.org.do\/es\/wp-json\/wp\/v2\/types\/page"}],"author":[{"embeddable":true,"href":"https:\/\/hgps.org.do\/es\/wp-json\/wp\/v2\/users\/1"}],"replies":[{"embeddable":true,"href":"https:\/\/hgps.org.do\/es\/wp-json\/wp\/v2\/comments?post=22845"}],"version-history":[{"count":4,"href":"https:\/\/hgps.org.do\/es\/wp-json\/wp\/v2\/pages\/22845\/revisions"}],"predecessor-version":[{"id":26878,"href":"https:\/\/hgps.org.do\/es\/wp-json\/wp\/v2\/pages\/22845\/revisions\/26878"}],"up":[{"embeddable":true,"href":"https:\/\/hgps.org.do\/es\/wp-json\/wp\/v2\/pages\/22843"}],"wp:attachment":[{"href":"https:\/\/hgps.org.do\/es\/wp-json\/wp\/v2\/media?parent=22845"}],"curies":[{"name":"wp","href":"https:\/\/api.w.org\/{rel}","templated":true}]}}