{"id":22847,"date":"2018-05-01T21:19:36","date_gmt":"2018-05-01T21:19:36","guid":{"rendered":"https:\/\/portal-hgps.azurewebsites.net\/para-pacientes-y-familiares\/admision\/"},"modified":"2020-07-16T03:31:32","modified_gmt":"2020-07-16T03:31:32","slug":"admision","status":"publish","type":"page","link":"https:\/\/hgps.org.do\/es\/para-pacientes-y-familiares\/admision\/","title":{"rendered":"Admisi\u00f3n"},"content":{"rendered":"<section class=\"l-section wpb_row us_custom_2994f020 height_medium\"><div class=\"l-section-h i-cf\"><div class=\"g-cols vc_row type_default valign_top\"><div class=\"vc_col-sm-12 wpb_column vc_column_container\"><div class=\"vc_column-inner\"><div class=\"wpb_wrapper\"><div class=\"wpb_text_column\" ><div class=\"wpb_wrapper\"><p>Admisi\u00f3n es el departamento responsable de tramitar los procesos de hospitalizaci\u00f3n a pacientes con cirug\u00edas programadas y los referidos de consulta externa, entre otros servicios de atenci\u00f3n.<br \/>\nAdmisi\u00f3n realiza las reservaciones de camas y confirma la asistencia de los pacientes el d\u00eda anterior a la cirug\u00eda.<\/p>\n<p>Al momento del ingreso, el paciente o sus familiares deber\u00e1n presentar al oficial de Admisi\u00f3n la orden de internamiento quir\u00fargico emitida por el m\u00e9dico, que especifique el diagnostico, el nombre del procedimiento a realizar, el c\u00f3digo del procedimiento, el nombre del m\u00e9dico, la fecha del ingreso y la fecha de la cirug\u00eda, la autorizaci\u00f3n de la ARS y el carnet del seguro, en caso de que el paciente sea asegurado y de no ser asegurado deber\u00e1 depositar el monto total del presupuesto.<\/p>\n<p class=\"p1\"><span class=\"s1\"><b>Documentos que se necesitan al momento del ingreso<\/b>:<\/span><\/p>\n<ul class=\"ul1\">\n<li class=\"li1\"><span class=\"s1\">Evaluaci\u00f3n Cardiovascular Pre Quir\u00fargica (Formulario de evaluaci\u00f3n cardiovascular).<\/span><\/li>\n<li class=\"li1\"><span class=\"s1\">Evaluaci\u00f3n Anest\u00e9sica (Formulario de evaluaci\u00f3n anest\u00e9sica).<\/span><\/li>\n<li class=\"li1\"><span class=\"s1\">Orden de Ingreso.<\/span><\/li>\n<li class=\"li1\"><span class=\"s1\">Consentimiento Informado (debidamente lleno).<\/span><\/li>\n<li class=\"li1\"><span class=\"s1\">Presupuesto con los procedimientos a realizar. <\/span><\/li>\n<li class=\"li1\"><span class=\"s1\">Autorizaci\u00f3n del procedimiento quir\u00fargico por ARS.<\/span><\/li>\n<\/ul>\n<p class=\"p1\"><span class=\"s1\">El horario para ser ingresado en el \u00e1rea de Admisi\u00f3n es de lunes a viernes 6:00 a.m. a 8:00 p.m. Los s\u00e1bados de 7:00 a.m. a 6:00 p.m. y domingos y d\u00edas feriados 8:00 a.m. a 6:00 p.m., fuera de este horario los ingresos se realizan en el \u00e1rea de Emergencia.<\/span><\/p>\n<\/div><\/div><\/div><\/div><\/div><\/div><\/div><\/section>\n","protected":false},"excerpt":{"rendered":"Admisi\u00f3n es el departamento responsable de tramitar los procesos de hospitalizaci\u00f3n a pacientes con cirug\u00edas programadas y los referidos de consulta externa, entre otros servicios de atenci\u00f3n. Admisi\u00f3n realiza las reservaciones de camas y confirma la asistencia de los pacientes el d\u00eda anterior a la cirug\u00eda. Al momento del ingreso, el paciente o sus familiares...","protected":false},"author":1,"featured_media":0,"parent":22846,"menu_order":55,"comment_status":"closed","ping_status":"closed","template":"","meta":{"footnotes":""},"_links":{"self":[{"href":"https:\/\/hgps.org.do\/es\/wp-json\/wp\/v2\/pages\/22847"}],"collection":[{"href":"https:\/\/hgps.org.do\/es\/wp-json\/wp\/v2\/pages"}],"about":[{"href":"https:\/\/hgps.org.do\/es\/wp-json\/wp\/v2\/types\/page"}],"author":[{"embeddable":true,"href":"https:\/\/hgps.org.do\/es\/wp-json\/wp\/v2\/users\/1"}],"replies":[{"embeddable":true,"href":"https:\/\/hgps.org.do\/es\/wp-json\/wp\/v2\/comments?post=22847"}],"version-history":[{"count":3,"href":"https:\/\/hgps.org.do\/es\/wp-json\/wp\/v2\/pages\/22847\/revisions"}],"predecessor-version":[{"id":26879,"href":"https:\/\/hgps.org.do\/es\/wp-json\/wp\/v2\/pages\/22847\/revisions\/26879"}],"up":[{"embeddable":true,"href":"https:\/\/hgps.org.do\/es\/wp-json\/wp\/v2\/pages\/22846"}],"wp:attachment":[{"href":"https:\/\/hgps.org.do\/es\/wp-json\/wp\/v2\/media?parent=22847"}],"curies":[{"name":"wp","href":"https:\/\/api.w.org\/{rel}","templated":true}]}}