{"id":22848,"date":"2018-05-01T21:19:36","date_gmt":"2018-05-01T21:19:36","guid":{"rendered":"https:\/\/portal-hgps.azurewebsites.net\/para-pacientes-y-familiares\/servicios-ars\/"},"modified":"2020-07-16T03:31:33","modified_gmt":"2020-07-16T03:31:33","slug":"servicios-ars","status":"publish","type":"page","link":"https:\/\/hgps.org.do\/es\/para-pacientes-y-familiares\/servicios-ars\/","title":{"rendered":"Servicios ARS"},"content":{"rendered":"<section class=\"l-section wpb_row us_custom_2994f020 height_medium\"><div class=\"l-section-h i-cf\"><div class=\"g-cols vc_row type_default valign_top\"><div class=\"vc_col-sm-12 wpb_column vc_column_container\"><div class=\"vc_column-inner\"><div class=\"wpb_wrapper\"><div class=\"wpb_text_column\" ><div class=\"wpb_wrapper\"><p>Al momento de presentarse a buscar cualquier servicio si es asegurado tiene que tener a mano su C\u00e9dula de Identidad, Carnet de la Aseguradora que pertenece y Carnet de Registro de la Plaza.<br \/>\nSi no es asegurado tiene que tener a mano de C\u00e9dula de Identidad.<\/p>\n<\/div><\/div><\/div><\/div><\/div><\/div><\/div><\/section><section class=\"l-section wpb_row us_custom_50cc7d67 height_medium\"><div class=\"l-section-h i-cf\"><div class=\"g-cols vc_row type_default valign_top\"><div class=\"vc_col-sm-12 wpb_column vc_column_container\"><div class=\"vc_column-inner\"><div class=\"wpb_wrapper\"><div class=\"w-tabs style_default switch_click accordion has_scrolling title_atleft icon_chevron iconpos_right\"><div class=\"w-tabs-sections\"><div class=\"w-tabs-sections-h\"><div class=\"w-tabs-section\" id=\"1548059493251-083d2ea5-7178\"><button class=\"w-tabs-section-header\" aria-controls=\"content-1548059493251-083d2ea5-7178\"><div class=\"w-tabs-section-header-h\"><div class=\"w-tabs-section-title\">ARS Senasa<\/div><div class=\"w-tabs-section-control\"><\/div><\/div><\/button><div class=\"w-tabs-section-content\" id=\"content-1548059493251-083d2ea5-7178\" aria-expanded=\"false\"><div class=\"w-tabs-section-content-h i-cf\"><div class=\"wpb_text_column\" ><div class=\"wpb_wrapper\"><p>Se autoriza todos los procedimientos y vacunas, menos las consultas, que se autorizan por el sistema de Siges.<\/p>\n<\/div><\/div><\/div><\/div><\/div><div class=\"w-tabs-section\" id=\"1548059493265-00aa3c9e-dcb6\"><button class=\"w-tabs-section-header\" aria-controls=\"content-1548059493265-00aa3c9e-dcb6\"><div class=\"w-tabs-section-header-h\"><div class=\"w-tabs-section-title\">ARS Humano (Se pre-autorizan):<\/div><div class=\"w-tabs-section-control\"><\/div><\/div><\/button><div class=\"w-tabs-section-content\" id=\"content-1548059493265-00aa3c9e-dcb6\" aria-expanded=\"false\"><div class=\"w-tabs-section-content-h i-cf\"><div class=\"wpb_text_column\" ><div class=\"wpb_wrapper\"><p class=\"p1\"><span class=\"s1\">Los laboratorios que pasan de 10 pruebas (Plan B\u00e1sico) y 15 pruebas (Plan Prepago).<\/span><\/p>\n<ul class=\"ul1\">\n<li class=\"li2\"><span class=\"s3\">Radiolog\u00eda: Las Resonancias Magn\u00e9tica, la Mamograf\u00edas, Tomograf\u00edas, Histero-salpingografia, las Sonodirigidas, Orograf\u00edas, Colposcopias, Sonografia de Tejidos Blandos, los Dopler, los Rayos X, normales no se pre -autorizan.<\/span><\/li>\n<li class=\"li3\"><span class=\"s3\">Gastro: Endoscopia, Colonoscopia, Test de Aliento y Ligadura de Varices.<br \/>\nSecciones de Hemodi\u00e1lisis.<\/span><\/li>\n<li class=\"li3\"><span class=\"s3\">Onco: Todos los tratamientos de Quimio.<\/span><\/li>\n<li class=\"li3\"><span class=\"s3\">Procedimientos de Urolog\u00eda: Cistoscopia, flujometria.<\/span><\/li>\n<li class=\"li3\"><span class=\"s3\">Procedimientos de Cardiolog\u00eda: Ecocardiogramas, Mapas, Holters, Prueba de Esfuerzo, Eco Estr\u00e9s, Eco Transesofagico.<\/span><\/li>\n<li class=\"li3\"><span class=\"s3\">Electroencefalogramas, Electromiograf\u00edas, Espirometria, Dopler Transcraneal, Plestimografia.<\/span><\/li>\n<li class=\"li3\"><span class=\"s3\">Las Biopsias y Resecci\u00f3n de tumor.<\/span><\/li>\n<li class=\"li3\"><span class=\"s3\">Las Curas de Pie diab\u00e9tico.<\/span><\/li>\n<li class=\"li3\"><span class=\"s3\">Taquimetr\u00eda.<\/span><\/li>\n<li class=\"li3\"><span class=\"s3\">Procedimientos Dermatol\u00f3gicos.<\/span><\/li>\n<\/ul>\n<\/div><\/div><\/div><\/div><\/div><div class=\"w-tabs-section\" id=\"1548127588095-16a80283-0ce2\"><button class=\"w-tabs-section-header\" aria-controls=\"content-1548127588095-16a80283-0ce2\"><div class=\"w-tabs-section-header-h\"><div class=\"w-tabs-section-title\">ARS Universal (Se pre-autorizan):<\/div><div class=\"w-tabs-section-control\"><\/div><\/div><\/button><div class=\"w-tabs-section-content\" id=\"content-1548127588095-16a80283-0ce2\" aria-expanded=\"false\"><div class=\"w-tabs-section-content-h i-cf\"><div class=\"wpb_text_column\" ><div class=\"wpb_wrapper\"><p class=\"p1\"><span class=\"s1\">Todas las pruebas especiales, tales como: Resonancia, Gammagraf\u00edas, Colonoscopia, Endoscopia, los dem\u00e1s estudios y procedimientos son autorizado por el sistema Autom\u00e1tico.<\/span><\/p>\n<ul class=\"ul1\">\n<li class=\"li2\"><span class=\"s3\">La Cura de Pie Diab\u00e9tico.<\/span><\/li>\n<li class=\"li2\"><span class=\"s3\">Sonografia de Tejidos Blandos.<\/span><\/li>\n<li class=\"li2\"><span class=\"s3\">Las Biopsias y Resecci\u00f3n de tumor.<\/span><\/li>\n<li class=\"li2\"><span class=\"s3\">Audiometr\u00eda, Campimetr\u00eda, Timpanometria.<\/span><\/li>\n<li class=\"li2\"><span class=\"s3\">Eco Pedi\u00e1trico.<\/span><\/li>\n<li class=\"li2\"><span class=\"s3\">Procedimientos Dermatol\u00f3gicos.<\/span><\/li>\n<\/ul>\n<\/div><\/div><\/div><\/div><\/div><div class=\"w-tabs-section\" id=\"1548127589880-9f3ebcc3-3122\"><button class=\"w-tabs-section-header\" aria-controls=\"content-1548127589880-9f3ebcc3-3122\"><div class=\"w-tabs-section-header-h\"><div class=\"w-tabs-section-title\">ARS Palic (Se pre-autorizan):<\/div><div class=\"w-tabs-section-control\"><\/div><\/div><\/button><div class=\"w-tabs-section-content\" id=\"content-1548127589880-9f3ebcc3-3122\" aria-expanded=\"false\"><div class=\"w-tabs-section-content-h i-cf\"><div class=\"wpb_text_column\" ><div class=\"wpb_wrapper\"><p class=\"p1\"><span class=\"s1\">Las pruebas especiales, tales como: Resonancia, Gammagraf\u00edas, Colonoscopia, Endoscopia, Test de Aliento y Ligadura de Varices.<\/span><\/p>\n<ul class=\"ul1\">\n<li class=\"li2\"><span class=\"s3\">Tomograf\u00eda,<\/span><\/li>\n<li class=\"li2\"><span class=\"s3\">Urodinamia (Plan Prepago).<\/span><\/li>\n<li class=\"li2\"><span class=\"s3\">Las Biopsias y Resecci\u00f3n de tumor.<\/span><\/li>\n<li class=\"li2\"><span class=\"s3\">Audiometr\u00eda, Campimetr\u00eda, Timpanometria.<\/span><\/li>\n<li class=\"li2\"><span class=\"s3\">Procedimientos Dermatol\u00f3gicos.<\/span><\/li>\n<li class=\"li2\"><span class=\"s3\">No se autorizan, los Laboratorios, ni las pruebas de Cardiolog\u00eda.<\/span><\/li>\n<\/ul>\n<\/div><\/div><\/div><\/div><\/div><div class=\"w-tabs-section\" id=\"1548127651005-da95988c-c318\"><button class=\"w-tabs-section-header\" aria-controls=\"content-1548127651005-da95988c-c318\"><div class=\"w-tabs-section-header-h\"><div class=\"w-tabs-section-title\">ARS con pre-autorizaci\u00f3n<\/div><div class=\"w-tabs-section-control\"><\/div><\/div><\/button><div class=\"w-tabs-section-content\" id=\"content-1548127651005-da95988c-c318\" aria-expanded=\"false\"><div class=\"w-tabs-section-content-h i-cf\"><div class=\"wpb_text_column\" ><div class=\"wpb_wrapper\"><p class=\"p1\"><span class=\"s1\">Se pre-autorizan todas las consultas y procedimientos v\u00eda tel\u00e9fono y representante de los siguientes ARS:<\/span><\/p>\n<p class=\"p1\"><span class=\"s1\">ARS META SALUD<br \/>\nARS ASEMAP<br \/>\nARS BANCO CENTRAL<br \/>\nARS APS<br \/>\nARS BMI<br \/>\nARS RENACER<br \/>\nARS LA MONUMENTAL<br \/>\nARS BANRESERVAS<br \/>\nARS SIMAG<br \/>\nARS CONSTITUCION<br \/>\nARS YUNEN<br \/>\nARS COLEGIO MEDICO<br \/>\nARS GMA<br \/>\nARS FUTURO<\/span><\/p>\n<\/div><\/div><\/div><\/div><\/div><\/div><\/div><\/div><\/div><\/div><\/div><\/div><\/div><\/section>\n","protected":false},"excerpt":{"rendered":"Al momento de presentarse a buscar cualquier servicio si es asegurado tiene que tener a mano su C\u00e9dula de Identidad, Carnet de la Aseguradora que pertenece y Carnet de Registro de la Plaza. Si no es asegurado tiene que tener a mano de C\u00e9dula de Identidad. ARS SenasaSe autoriza todos los procedimientos y vacunas, menos...","protected":false},"author":1,"featured_media":0,"parent":22846,"menu_order":56,"comment_status":"closed","ping_status":"closed","template":"","meta":{"footnotes":""},"_links":{"self":[{"href":"https:\/\/hgps.org.do\/es\/wp-json\/wp\/v2\/pages\/22848"}],"collection":[{"href":"https:\/\/hgps.org.do\/es\/wp-json\/wp\/v2\/pages"}],"about":[{"href":"https:\/\/hgps.org.do\/es\/wp-json\/wp\/v2\/types\/page"}],"author":[{"embeddable":true,"href":"https:\/\/hgps.org.do\/es\/wp-json\/wp\/v2\/users\/1"}],"replies":[{"embeddable":true,"href":"https:\/\/hgps.org.do\/es\/wp-json\/wp\/v2\/comments?post=22848"}],"version-history":[{"count":4,"href":"https:\/\/hgps.org.do\/es\/wp-json\/wp\/v2\/pages\/22848\/revisions"}],"predecessor-version":[{"id":26880,"href":"https:\/\/hgps.org.do\/es\/wp-json\/wp\/v2\/pages\/22848\/revisions\/26880"}],"up":[{"embeddable":true,"href":"https:\/\/hgps.org.do\/es\/wp-json\/wp\/v2\/pages\/22846"}],"wp:attachment":[{"href":"https:\/\/hgps.org.do\/es\/wp-json\/wp\/v2\/media?parent=22848"}],"curies":[{"name":"wp","href":"https:\/\/api.w.org\/{rel}","templated":true}]}}