{"id":22858,"date":"2018-05-01T21:19:37","date_gmt":"2018-05-01T21:19:37","guid":{"rendered":"https:\/\/portal-hgps.azurewebsites.net\/para-estudiantes-profesionales\/programa-de-residencias-medicas\/"},"modified":"2023-05-17T12:22:33","modified_gmt":"2023-05-17T12:22:33","slug":"programa-de-residencias-medicas","status":"publish","type":"page","link":"https:\/\/hgps.org.do\/es\/para-estudiantes-profesionales\/programa-de-residencias-medicas\/","title":{"rendered":"Programa de Residencias M\u00e9dicas"},"content":{"rendered":"<section class=\"l-section wpb_row us_custom_9b36ddac height_medium\"><div class=\"l-section-h i-cf\"><div class=\"g-cols vc_row type_default valign_top\"><div class=\"vc_col-sm-8 wpb_column vc_column_container\"><div class=\"vc_column-inner\"><div class=\"wpb_wrapper\"><div id=\"ultimate-heading-465269d27a07c26de\" class=\"uvc-heading ult-adjust-bottom-margin ultimate-heading-465269d27a07c26de uvc-9563 \" data-hspacer=\"line_only\"  data-halign=\"center\" style=\"text-align:center\"><div class=\"uvc-main-heading ult-responsive\"  data-ultimate-target='.uvc-heading.ultimate-heading-465269d27a07c26de h2'  data-responsive-json-new='{\"font-size\":\"\",\"line-height\":\"\"}' ><h2 style=\"font-weight:normal;margin-bottom:10px;\">Programa de Residencias M\u00e9dicas<\/h2><\/div><div class=\"uvc-heading-spacer line_only\" style=\"margin-bottom:20px;height:2px;\"><span class=\"uvc-headings-line\" style=\"border-style:solid;border-bottom-width:2px;border-color:#00abc6;width:300px;\"><\/span><\/div><\/div><div class=\"wpb_text_column\" ><div class=\"wpb_wrapper\"><p><strong>Requisitos Curriculares o Educativos para todo aspirante a cursar Programa de Residencias M\u00e9dicas en el Hospital<\/strong><\/p>\n<ul class=\"ul1\">\n<li class=\"li1\"><span class=\"s2\">Todo aspirante debe ser profesional m\u00e9dico, graduado de una escuela de medicina reconocida\u00a0oficialmente en el pa\u00eds por el Ministerio de Educaci\u00f3n Superior, Ciencia y Tecnolog\u00eda (MESCYT).<\/span><\/li>\n<li class=\"li1\"><span class=\"s2\">Tener Exequ\u00e1tur o constancia de tramitaci\u00f3n del mismo con documentaci\u00f3n de haber completado su tiempo de pasant\u00eda.<\/span><\/li>\n<li class=\"li1\"><span class=\"s2\">Cumplir con los requisitos establecidos\u00a0en el Reglamento de Concurso M\u00e9dico que establece el Consejo Nacional de Residencias M\u00e9dicas (CNRM), los cuales se detallan a continuaci\u00f3n.<\/span><\/li>\n<li class=\"li1\"><span class=\"s2\">Carta para solicitud de Concurso Residencias M\u00e9dicas dirigida al Director M\u00e9dico del Hospital, que incluya las razones por las cuales escogi\u00f3 la especialidad.<\/span><\/li>\n<li class=\"li1\"><span class=\"s2\">Curr\u00edculum Vitae.<\/span><\/li>\n<li class=\"li1\"><span class=\"s2\">Copia del t\u00edtulo Universitario certificado por la MESCYT.<\/span><\/li>\n<li class=\"li1\"><span class=\"s2\">Record de Notas certificado por la MESCYT<\/span><\/li>\n<li class=\"li1\"><span class=\"s2\">Exequ\u00e1tur de ley o constancia de tramitaci\u00f3n.<\/span><\/li>\n<li class=\"li1\"><span class=\"s2\">Dos fotos 2 x 2.<\/span><\/li>\n<li class=\"li1\"><span class=\"s2\">Certificaci\u00f3n de Pasant\u00eda de Ley.<\/span><\/li>\n<li class=\"li1\"><span class=\"s2\">Copia de la C\u00e9dula de Identidad y Electoral.<\/span><\/li>\n<li class=\"li1\"><span class=\"s2\">Certificado de buena conducta.<\/span><\/li>\n<li class=\"li1\"><span class=\"s2\">Membrec\u00eda del\u00a0Colegio M\u00e9dico Dominicano (CMD).<\/span><\/li>\n<li class=\"li1\"><span class=\"s2\">Someterse al examen general \u00fanico establecido con fecha y lugar por el Consejo Nacional de Residencias M\u00e9dicas (CNRM)\u00a0y presentar constancia de aprobaci\u00f3n del mismo.<\/span><\/li>\n<li class=\"li1\"><span class=\"s2\">Participar en la entrevista que ofrece el Consejo de Ense\u00f1anza del Hospital.<\/span><\/li>\n<li class=\"li1\"><span class=\"s2\">Si es egresado de una universidad extranjera, adem\u00e1s de todo lo antes mencionado, deber\u00e1 presentar todos sus documentos notariados por el Consulado de Rep\u00fablica Dominicana en el pa\u00eds de donde proviene y legalizados por la MESCYT en Rep\u00fablica Dominicana.<\/span><\/li>\n<li class=\"li1\"><span class=\"s2\">Dominio de un segundo idioma: ingl\u00e9s, no requisito indispensable<\/span><\/li>\n<li class=\"li1\"><span class=\"s2\">Microsoft Office.<\/span><\/li>\n<\/ul>\n<p><strong>Los Programas de Residencias M\u00e9dicas\u00a0que ofrecemos son:<\/strong><\/p>\n<\/div><\/div><div class=\"w-tabs style_default switch_click accordion has_scrolling type_togglable title_atleft icon_chevron iconpos_right\"><div class=\"w-tabs-sections\"><div class=\"w-tabs-sections-h\"><div class=\"w-tabs-section\" id=\"1548130849547-c367ce34-4577\"><button class=\"w-tabs-section-header\" aria-controls=\"content-1548130849547-c367ce34-4577\"><div class=\"w-tabs-section-header-h\"><div class=\"w-tabs-section-title\">Especialista en Medicina Familiar y Comunitaria<\/div><div class=\"w-tabs-section-control\"><\/div><\/div><\/button><div class=\"w-tabs-section-content\" id=\"content-1548130849547-c367ce34-4577\" aria-expanded=\"false\"><div class=\"w-tabs-section-content-h i-cf\"><div class=\"wpb_text_column\" ><div class=\"wpb_wrapper\"><p class=\"p1\"><span class=\"s1\">La Medicina Familiar y Comunitaria se concibe como una especialidad para una atenci\u00f3n continua en salud o enfermedad, sin distinci\u00f3n de grupo, edad o g\u00e9nero, con un enfoque integral a la familia y con la capacidad de trabajar como parte de un equipo de salud, as\u00ed como servir de punto de entrada a otros niveles de atenci\u00f3n a la salud.<\/span><\/p>\n<p class=\"p1\"><span class=\"s1\">Nuestro prop\u00f3sito es dotar al pa\u00eds de los recursos especializados en el campo de la Medicina Familiar y Comunitaria de acuerdo\u00a0a las prioridades nacionales en salud y a la implementaci\u00f3n del Sistema Dominicano de Seguridad Social con sus planes de Atenci\u00f3n Primaria.<\/span><\/p>\n<p class=\"p1\"><span class=\"s1\">Duraci\u00f3n: 3 a\u00f1os (36 meses)<\/span><\/p>\n<\/div><\/div><\/div><\/div><\/div><div class=\"w-tabs-section\" id=\"1548130849565-62defc93-8276\"><button class=\"w-tabs-section-header\" aria-controls=\"content-1548130849565-62defc93-8276\"><div class=\"w-tabs-section-header-h\"><div class=\"w-tabs-section-title\">Especialista en Medicina de Emergencia y Desastres<\/div><div class=\"w-tabs-section-control\"><\/div><\/div><\/button><div class=\"w-tabs-section-content\" id=\"content-1548130849565-62defc93-8276\" aria-expanded=\"false\"><div class=\"w-tabs-section-content-h i-cf\"><div class=\"wpb_text_column\" ><div class=\"wpb_wrapper\"><p class=\"p1\"><span class=\"s1\">El egresado de este programa\u00a0de especializaci\u00f3n ser\u00e1 capaz de intervenir de forma oportuna, eficaz\u00a0y con calidad en la identificaci\u00f3n y manejo de las principales situaciones agudas que amenazan la integridad del individuo y contribuir a la reducci\u00f3n de la mortalidad y las posibles secuelas.<\/span><\/p>\n<p class=\"p1\"><span class=\"s1\">Asimismo, contribuimos a elevar la calidad de la atenci\u00f3n en las situaciones de emergencias y desastres, al contar con un recurso humano que disponga de los conocimientos cient\u00edficos, habilidades, destrezas y competencias necesarias para\u00a0un buen desempe\u00f1o, tanto a nivel hospitalario como\u00a0pre-hospitalario o comunitario.<\/span><\/p>\n<p class=\"p1\"><span class=\"s1\">Duraci\u00f3n: 4 a\u00f1os (48 meses)<\/span><\/p>\n<\/div><\/div><\/div><\/div><\/div><div class=\"w-tabs-section\" id=\"1548130931902-5a2915c8-b80c\"><button class=\"w-tabs-section-header\" aria-controls=\"content-1548130931902-5a2915c8-b80c\"><div class=\"w-tabs-section-header-h\"><div class=\"w-tabs-section-title\">Especialista en Medicina de Rehabilitaci\u00f3n<\/div><div class=\"w-tabs-section-control\"><\/div><\/div><\/button><div class=\"w-tabs-section-content\" id=\"content-1548130931902-5a2915c8-b80c\" aria-expanded=\"false\"><div class=\"w-tabs-section-content-h i-cf\"><div class=\"wpb_text_column\" ><div class=\"wpb_wrapper\"><p class=\"p1\"><span class=\"s1\">El objetivo de este programa es poner a la disposici\u00f3n del pa\u00eds recursos especializados en el campo de la Medicina de Rehabilitaci\u00f3n, con dominio de la generalidad de su disciplina y adecuadamente capacitado para la atenci\u00f3n con calidad de las lesiones y discapacidades epidemiol\u00f3gicamente prevalentes, utilizando un doble enfoque cl\u00ednico y funcional.<\/span><\/p>\n<p class=\"p1\"><span class=\"s1\">Duraci\u00f3n: 4 a\u00f1os (48 meses)<\/span><\/p>\n<\/div><\/div><\/div><\/div><\/div><div class=\"w-tabs-section\" id=\"1548130958960-1f5b9527-0240\"><button class=\"w-tabs-section-header\" aria-controls=\"content-1548130958960-1f5b9527-0240\"><div class=\"w-tabs-section-header-h\"><div class=\"w-tabs-section-title\">Especialista en Im\u00e1genes Diagnosticas<\/div><div class=\"w-tabs-section-control\"><\/div><\/div><\/button><div class=\"w-tabs-section-content\" id=\"content-1548130958960-1f5b9527-0240\" aria-expanded=\"false\"><div class=\"w-tabs-section-content-h i-cf\"><div class=\"wpb_text_column\" ><div class=\"wpb_wrapper\"><p class=\"p1\"><span class=\"s1\">El m\u00e9dico especialista egresado de este programa tendr\u00e1 los conocimientos, las habilidades y destrezas, necesarias para resolver los problemas del diagn\u00f3stico y tratamiento m\u00e9dico empleando como herramienta fundamental las im\u00e1genes diagn\u00f3sticas.<\/span><\/p>\n<p class=\"p1\"><span class=\"s1\">Podr\u00e1 desarrollar funciones asistenciales, docente, de\u00a0investigaci\u00f3n y de gesti\u00f3n administrativa, inherentes a la especialidad de Radiolog\u00eda e Im\u00e1genes Diagn\u00f3sticas.\u00a0 <\/span><\/p>\n<p class=\"p1\"><span class=\"s1\">Duraci\u00f3n: 4 a\u00f1os (48 meses), el primer a\u00f1o corresponde a Medicina Interna<\/span><\/p>\n<\/div><\/div><\/div><\/div><\/div><div class=\"w-tabs-section\" id=\"1548130999313-5ea3e3ed-07d4\"><button class=\"w-tabs-section-header\" aria-controls=\"content-1548130999313-5ea3e3ed-07d4\"><div class=\"w-tabs-section-header-h\"><div class=\"w-tabs-section-title\">Sub-especialidad en Medicina Cr\u00edtica Pedi\u00e1trica<\/div><div class=\"w-tabs-section-control\"><\/div><\/div><\/button><div class=\"w-tabs-section-content\" id=\"content-1548130999313-5ea3e3ed-07d4\" aria-expanded=\"false\"><div class=\"w-tabs-section-content-h i-cf\"><div class=\"wpb_text_column\" ><div class=\"wpb_wrapper\"><p class=\"p1\"><span class=\"s1\">Este programa de especializaci\u00f3n est\u00e1-+ dirigido a m\u00e9dicos pediatras egresados de un programa de formaci\u00f3n con un m\u00ednimo de tres (3) a\u00f1os.\u00a0 Durante el desarrollo del Plan de Estudios, este m\u00e9dico residente adquirir\u00e1 las competencias necesarias para reconocer y manejar las principales condiciones que pueden afectar gravemente al ni\u00f1o y la ni\u00f1a.<\/span><\/p>\n<p class=\"p1\"><span class=\"s1\">Con la formaci\u00f3n de este Sub-especialista, contribuimos a mejorar la calidad de la atenci\u00f3n del paciente pedi\u00e1trico en estado cr\u00edtico,\u00a0a la disminuci\u00f3n de las altas tasas de mortalidad y secuelas registradas en la infancia.<\/span><\/p>\n<p class=\"p1\"><span class=\"s1\">Duraci\u00f3n: 3 a\u00f1os<span class=\"Apple-converted-space\">\u00a0 <\/span>(36 meses)<\/span><\/p>\n<\/div><\/div><\/div><\/div><\/div><div class=\"w-tabs-section\" id=\"1548131021429-88321239-b0dd\"><button class=\"w-tabs-section-header\" aria-controls=\"content-1548131021429-88321239-b0dd\"><div class=\"w-tabs-section-header-h\"><div class=\"w-tabs-section-title\">Sub-especialidad en Medicina Cr\u00edtica y Terapia Intensiva.<\/div><div class=\"w-tabs-section-control\"><\/div><\/div><\/button><div class=\"w-tabs-section-content\" id=\"content-1548131021429-88321239-b0dd\" aria-expanded=\"false\"><div class=\"w-tabs-section-content-h i-cf\"><div class=\"wpb_text_column\" ><div class=\"wpb_wrapper\"><p class=\"p1\"><span class=\"s1\">La formaci\u00f3n de especialistas en cuidado intensivo polivante de adultos\u00a0est\u00e1 dirigida a m\u00e9dicos con una especialidad cl\u00ednica b\u00e1sica con un m\u00ednimo de tres (3) a\u00f1os de residencia, de preferencia\u00a0Medicina Interna, Anestesiolog\u00eda y Medicina de Emergencias.<\/span><\/p>\n<p class=\"p1\"><span class=\"s1\">Durante su formaci\u00f3n el\u00a0m\u00e9dico residente\u00a0adquirir\u00e1 los conocimientos necesarios para reconocer y manejar las principales condiciones que pueden afectar gravemente al\u00a0individuo.<\/span><\/p>\n<p class=\"p1\"><span class=\"s1\">Duraci\u00f3n: 3 a\u00f1os (36\u00a0meses)<\/span><\/p>\n<\/div><\/div><\/div><\/div><\/div><div class=\"w-tabs-section\" id=\"1548131047924-ef59c874-2d02\"><button class=\"w-tabs-section-header\" aria-controls=\"content-1548131047924-ef59c874-2d02\"><div class=\"w-tabs-section-header-h\"><div class=\"w-tabs-section-title\">Cirug\u00eda General y Trasplantes<\/div><div class=\"w-tabs-section-control\"><\/div><\/div><\/button><div class=\"w-tabs-section-content\" id=\"content-1548131047924-ef59c874-2d02\" aria-expanded=\"false\"><div class=\"w-tabs-section-content-h i-cf\"><div class=\"wpb_text_column\" ><div class=\"wpb_wrapper\"><p class=\"p1\"><span class=\"s1\">Este Programa de Residencia est\u00e1 dirigido a m\u00e9dicos generales con el objetivo de \u00a0formarlos \u00a0como \u00a0especialistas en cirug\u00eda general, capacitados \u00a0para realizar los procedimientos quir\u00fargicos de esta especialidad, y adem\u00e1s, desarrollaran las competencias que le permitir\u00e1n realizar \u00a0procedimientos quir\u00fargicos de donaci\u00f3n y trasplantes de \u00f3rganos y tejidos, \u00a0destrezas \u00a0que ser\u00e1n desarrolladas \u00a0durante los cinco a\u00f1os de su formaci\u00f3n al \u00a0participar en los procedimientos de este tipo realizados en el HGPS y fortalecidas durante el \u00faltimo a\u00f1o de formaci\u00f3n a trav\u00e9s de una rotaci\u00f3n en el exterior en una unidad de volumen.<\/span><\/p>\n<p class=\"p1\"><span class=\"s1\">Duraci\u00f3n: 5 a\u00f1os (60 meses). <\/span><\/p>\n<\/div><\/div><\/div><\/div><\/div><div class=\"w-tabs-section\" id=\"1548131072347-c306afbb-9b1c\"><button class=\"w-tabs-section-header\" aria-controls=\"content-1548131072347-c306afbb-9b1c\"><div class=\"w-tabs-section-header-h\"><div class=\"w-tabs-section-title\">Otorrinolaringolog\u00eda y Cirug\u00eda de Cabeza y Cuello<\/div><div class=\"w-tabs-section-control\"><\/div><\/div><\/button><div class=\"w-tabs-section-content\" id=\"content-1548131072347-c306afbb-9b1c\" aria-expanded=\"false\"><div class=\"w-tabs-section-content-h i-cf\"><div class=\"wpb_text_column\" ><div class=\"wpb_wrapper\"><p class=\"p1\"><span class=\"s1\">El m\u00e9dico especialista egresado de este programa tendr\u00e1 todas las competencias necesarias para ejercer como m\u00e9dico cirujano con capacidad resolutiva y pr\u00e1ctica para el estudio y tratamiento de todas las enfermedades de o\u00eddos, fosas nasales, orofaringe y laringe, tanto cl\u00ednica como quir\u00fargica.<\/span><\/p>\n<p class=\"p1\"><span class=\"s1\">Este Programa de Residencia est\u00e1 dirigido a m\u00e9dicos generales y tendr\u00e1 una duraci\u00f3n de 5 a\u00f1os.<\/span><\/p>\n<p class=\"p1\"><span class=\"s1\">Duraci\u00f3n: 5 a\u00f1os (60 meses). <\/span><\/p>\n<\/div><\/div><\/div><\/div><\/div><div class=\"w-tabs-section\" id=\"1548131089268-8f5b9412-0b18\"><button class=\"w-tabs-section-header\" aria-controls=\"content-1548131089268-8f5b9412-0b18\"><div class=\"w-tabs-section-header-h\"><div class=\"w-tabs-section-title\">Neurocirug\u00eda<\/div><div class=\"w-tabs-section-control\"><\/div><\/div><\/button><div class=\"w-tabs-section-content\" id=\"content-1548131089268-8f5b9412-0b18\" aria-expanded=\"false\"><div class=\"w-tabs-section-content-h i-cf\"><div class=\"wpb_text_column\" ><div class=\"wpb_wrapper\"><p class=\"p1\"><span class=\"s1\">Este programa de especializaci\u00f3n est\u00e1 dirigido a m\u00e9dicos con especialidad en cirug\u00eda general, es un programa de formaci\u00f3n con un m\u00ednimo de cuatro (4) a\u00f1os.\u00a0 Durante el desarrollo del Plan de Estudios, este m\u00e9dico residente adquirir\u00e1 las competencias necesarias para realizar los procedimientos microquir\u00fargicos m\u00e1s frecuentes y podr\u00e1 manejar los pacientes de manera adecuada. \u00a0<\/span><\/p>\n<p class=\"p1\"><span class=\"s1\">Con la formaci\u00f3n de este especialista, contribuimos al aumento de la cobertura del Servicio de Neurocirug\u00eda en nuestro pa\u00eds y a la mejor\u00eda de la calidad de la atenci\u00f3n del paciente microquir\u00fargico<\/span><\/p>\n<p class=\"p1\"><span class=\"s1\">Duraci\u00f3n: 4 a\u00f1os (48 meses)<\/span><\/p>\n<\/div><\/div><\/div><\/div><\/div><\/div><\/div><\/div><div class=\"w-separator size_custom\" style=\"height:30px\"><\/div><div class=\"w-btn-wrapper width_auto align_left\"><a class=\"w-btn us-btn-style_1 us_custom_4481559d icon_atleft\" href=\"https:\/\/www.hgps.org.do\/wp-content\/uploads\/2019\/01\/Perfil-de-los-coordinadores-y-gerent-ensenanaza.pdf\"><i class=\"fas fa-user\"><\/i><span class=\"w-btn-label\">Descarga : Perfil del Personal Docente del Dpto. de Ense\u00f1anza<\/span><\/a><\/div><\/div><\/div><\/div><div class=\"vc_col-sm-4 wpb_column vc_column_container\"><div class=\"vc_column-inner us_custom_c3c31ab9\"><div class=\"wpb_wrapper\"><div id=\"ultimate-heading-543569d27a07ca199\" class=\"uvc-heading ult-adjust-bottom-margin ultimate-heading-543569d27a07ca199 uvc-6501 \" data-hspacer=\"line_only\"  data-halign=\"center\" style=\"text-align:center\"><div class=\"uvc-main-heading ult-responsive\"  data-ultimate-target='.uvc-heading.ultimate-heading-543569d27a07ca199 h4'  data-responsive-json-new='{\"font-size\":\"\",\"line-height\":\"\"}' ><h4 style=\"font-weight:normal;margin-bottom:10px;\">Para m\u00e1s informaci\u00f3n<\/h4><\/div><div class=\"uvc-heading-spacer line_only\" style=\"margin-bottom:20px;height:2px;\"><span class=\"uvc-headings-line\" style=\"border-style:solid;border-bottom-width:2px;border-color:#00abc6;width:300px;\"><\/span><\/div><\/div><div class=\"uavc-list-icon uavc-list-icon-wrapper ult-adjust-bottom-margin   \"><ul class=\"uavc-list\"><li><div class=\"uavc-list-content\" id=\"list-icon-wrap-7065\">\n<div class=\"uavc-list-icon  \" data-animation=\"\" data-animation-delay=\"03\" style=\"margin-right:10px;\"><div class=\"ult-just-icon-wrapper  \"><div class=\"align-icon\" style=\"text-align:center;\">\n<div class=\"aio-icon none \"  style=\"font-size:22px;display:inline-block;\">\n\t<i class=\"Defaults-location-arrow\"><\/i>\n<\/div><\/div><\/div>\n<\/div><span  data-ultimate-target='#list-icon-wrap-7065 .uavc-list-desc'  data-responsive-json-new='{\"font-size\":\"\",\"line-height\":\"\"}'  class=\"uavc-list-desc ult-responsive\" style=\"\">\n<h4 style=\"padding-bottom: 0; margin-bottom: 0; font-size: 20px;\">Estamos ubicados en<\/h4>\n<p><span style=\"font-size: 14px; line-height: 18px;\"> Tercer Piso del Edificio de Recursos Humanos en Salud, Plaza de la Salud, Ensanche La Fe, Santo Domingo, R.D. <\/span><\/span><\/div><\/li><li><div class=\"uavc-list-content\" id=\"list-icon-wrap-6756\">\n<div class=\"uavc-list-icon  \" data-animation=\"\" data-animation-delay=\"03\" style=\"margin-right:10px;\"><div class=\"ult-just-icon-wrapper  \"><div class=\"align-icon\" style=\"text-align:center;\">\n<div class=\"aio-icon none \"  style=\"font-size:22px;display:inline-block;\">\n\t<i class=\"Defaults-phone\"><\/i>\n<\/div><\/div><\/div>\n<\/div><span  data-ultimate-target='#list-icon-wrap-6756 .uavc-list-desc'  data-responsive-json-new='{\"font-size\":\"\",\"line-height\":\"\"}'  class=\"uavc-list-desc ult-responsive\" style=\"\">\n<h4 style=\"padding-bottom: 0; margin-bottom: 0; font-size: 20px;\">Ll\u00e1manos al<\/h4>\n<p><span style=\"font-size: 14px; line-height: 18px;\"><a href=\"tel:809-565-7477\">809-565-7477<\/a><br \/>\nExt.\u00a0 7014 y 7015<\/span><\/p>\n<p>&nbsp;<\/span><\/div><\/li><li><div class=\"uavc-list-content\" id=\"list-icon-wrap-3569\">\n<div class=\"uavc-list-icon  \" data-animation=\"\" data-animation-delay=\"03\" style=\"margin-right:10px;\"><div class=\"ult-just-icon-wrapper  \"><div class=\"align-icon\" style=\"text-align:center;\">\n<div class=\"aio-icon none \"  style=\"font-size:22px;display:inline-block;\">\n\t<i class=\"Defaults-envelope-o\"><\/i>\n<\/div><\/div><\/div>\n<\/div><span  data-ultimate-target='#list-icon-wrap-3569 .uavc-list-desc'  data-responsive-json-new='{\"font-size\":\"\",\"line-height\":\"\"}'  class=\"uavc-list-desc ult-responsive\" style=\"\">\n<h4 style=\"padding-bottom: 0; margin-bottom: 0; font-size: 20px;\">Escr\u00edbenos a<\/h4>\n<p><span style=\"font-size: 14px; line-height: 18px;\"><a href=\"mailto:cargarcia@hgps.org.do\">cargarcia@hgps.org.do<\/a><a href=\"mailto:vgonzalez@hgps.org.do\" target=\"_blank\" rel=\"noopener noreferrer\"> \/ <\/a><a href=\"mailto:ypaulino@hgps.org.do\">ypaulino@hgps.org.do<\/a><\/span><\/p>\n<p>&nbsp;<\/span><\/div><\/li><\/ul><\/div><\/div><\/div><\/div><\/div><\/div><\/section>\n","protected":false},"excerpt":{"rendered":"Programa de Residencias M\u00e9dicasRequisitos Curriculares o Educativos para todo aspirante a cursar Programa de Residencias M\u00e9dicas en el Hospital Todo aspirante debe ser profesional m\u00e9dico, graduado de una escuela de medicina reconocida\u00a0oficialmente en el pa\u00eds por el Ministerio de Educaci\u00f3n Superior, Ciencia y Tecnolog\u00eda (MESCYT). Tener Exequ\u00e1tur o constancia de tramitaci\u00f3n del mismo con documentaci\u00f3n...","protected":false},"author":1,"featured_media":0,"parent":22854,"menu_order":66,"comment_status":"closed","ping_status":"closed","template":"","meta":{"footnotes":""},"_links":{"self":[{"href":"https:\/\/hgps.org.do\/es\/wp-json\/wp\/v2\/pages\/22858"}],"collection":[{"href":"https:\/\/hgps.org.do\/es\/wp-json\/wp\/v2\/pages"}],"about":[{"href":"https:\/\/hgps.org.do\/es\/wp-json\/wp\/v2\/types\/page"}],"author":[{"embeddable":true,"href":"https:\/\/hgps.org.do\/es\/wp-json\/wp\/v2\/users\/1"}],"replies":[{"embeddable":true,"href":"https:\/\/hgps.org.do\/es\/wp-json\/wp\/v2\/comments?post=22858"}],"version-history":[{"count":8,"href":"https:\/\/hgps.org.do\/es\/wp-json\/wp\/v2\/pages\/22858\/revisions"}],"predecessor-version":[{"id":27764,"href":"https:\/\/hgps.org.do\/es\/wp-json\/wp\/v2\/pages\/22858\/revisions\/27764"}],"up":[{"embeddable":true,"href":"https:\/\/hgps.org.do\/es\/wp-json\/wp\/v2\/pages\/22854"}],"wp:attachment":[{"href":"https:\/\/hgps.org.do\/es\/wp-json\/wp\/v2\/media?parent=22858"}],"curies":[{"name":"wp","href":"https:\/\/api.w.org\/{rel}","templated":true}]}}