{"id":22860,"date":"2018-05-01T21:19:38","date_gmt":"2018-05-01T21:19:38","guid":{"rendered":"https:\/\/portal-hgps.azurewebsites.net\/para-estudiantes-profesionales\/material-de-instruccion-paltex\/"},"modified":"2020-07-16T03:31:35","modified_gmt":"2020-07-16T03:31:35","slug":"material-de-instruccion-paltex","status":"publish","type":"page","link":"https:\/\/hgps.org.do\/es\/para-estudiantes-profesionales\/material-de-instruccion-paltex\/","title":{"rendered":"Material de Instrucci\u00f3n PALTEX"},"content":{"rendered":"<section class=\"l-section wpb_row us_custom_9b36ddac height_medium\"><div class=\"l-section-h i-cf\"><div class=\"g-cols vc_row type_default valign_top\"><div class=\"vc_col-sm-8 wpb_column vc_column_container\"><div class=\"vc_column-inner\"><div class=\"wpb_wrapper\"><div id=\"ultimate-heading-731469e8a90904bae\" class=\"uvc-heading ult-adjust-bottom-margin ultimate-heading-731469e8a90904bae uvc-3602 \" data-hspacer=\"line_only\"  data-halign=\"center\" style=\"text-align:center\"><div class=\"uvc-main-heading ult-responsive\"  data-ultimate-target='.uvc-heading.ultimate-heading-731469e8a90904bae h2'  data-responsive-json-new='{\"font-size\":\"\",\"line-height\":\"\"}' ><h2 style=\"font-weight:normal;margin-bottom:10px;\">Librer\u00eda del Programa Ampliado de Libros de Texto y Materiales de Intrucci\u00f3n (PALTEX)<\/h2><\/div><div class=\"uvc-heading-spacer line_only\" style=\"margin-bottom:20px;height:2px;\"><span class=\"uvc-headings-line\" style=\"border-style:solid;border-bottom-width:2px;border-color:#00abc6;width:300px;\"><\/span><\/div><\/div><div class=\"wpb_text_column\" ><div class=\"wpb_wrapper\"><p>Tenemos a la disposici\u00f3n del p\u00fablico en general la venta de los libros PALTEX de la Organizaci\u00f3n Panamericana de la Salud OPS\/OMS, una gran variedad de libros de medicina, material e\u00a0instrumentos de salud de alta calidad y\u00a0al m\u00e1s bajo costo.<\/p>\n<\/div><\/div><\/div><\/div><\/div><div class=\"vc_col-sm-4 wpb_column vc_column_container\"><div class=\"vc_column-inner us_custom_c3c31ab9\"><div class=\"wpb_wrapper\"><div id=\"ultimate-heading-288969e8a909051e3\" class=\"uvc-heading ult-adjust-bottom-margin ultimate-heading-288969e8a909051e3 uvc-6886 \" data-hspacer=\"line_only\"  data-halign=\"center\" style=\"text-align:center\"><div class=\"uvc-main-heading ult-responsive\"  data-ultimate-target='.uvc-heading.ultimate-heading-288969e8a909051e3 h4'  data-responsive-json-new='{\"font-size\":\"\",\"line-height\":\"\"}' ><h4 style=\"font-weight:normal;margin-bottom:10px;\">Para m\u00e1s informaci\u00f3n<\/h4><\/div><div class=\"uvc-heading-spacer line_only\" style=\"margin-bottom:20px;height:2px;\"><span class=\"uvc-headings-line\" style=\"border-style:solid;border-bottom-width:2px;border-color:#00abc6;width:300px;\"><\/span><\/div><\/div><div class=\"uavc-list-icon uavc-list-icon-wrapper ult-adjust-bottom-margin   \"><ul class=\"uavc-list\"><li><div class=\"uavc-list-content\" id=\"list-icon-wrap-5753\">\n<div class=\"uavc-list-icon  \" data-animation=\"\" data-animation-delay=\"03\" style=\"margin-right:10px;\"><div class=\"ult-just-icon-wrapper  \"><div class=\"align-icon\" style=\"text-align:center;\">\n<div class=\"aio-icon none \"  style=\"font-size:22px;display:inline-block;\">\n\t<i class=\"Defaults-location-arrow\"><\/i>\n<\/div><\/div><\/div>\n<\/div><span  data-ultimate-target='#list-icon-wrap-5753 .uavc-list-desc'  data-responsive-json-new='{\"font-size\":\"\",\"line-height\":\"\"}'  class=\"uavc-list-desc ult-responsive\" style=\"\">\n<h4 style=\"padding-bottom: 0; margin-bottom: 0; font-size: 20px;\">Estamos ubicados en<\/h4>\n<p><span style=\"font-size: 14px; line-height: 18px;\"> Tercer Piso del Edificio de Recursos Humanos en Salud, Plaza de la Salud, Ensanche La Fe, Santo Domingo, R.D. <\/span><\/span><\/div><\/li><li><div class=\"uavc-list-content\" id=\"list-icon-wrap-3957\">\n<div class=\"uavc-list-icon  \" data-animation=\"\" data-animation-delay=\"03\" style=\"margin-right:10px;\"><div class=\"ult-just-icon-wrapper  \"><div class=\"align-icon\" style=\"text-align:center;\">\n<div class=\"aio-icon none \"  style=\"font-size:22px;display:inline-block;\">\n\t<i class=\"Defaults-phone\"><\/i>\n<\/div><\/div><\/div>\n<\/div><span  data-ultimate-target='#list-icon-wrap-3957 .uavc-list-desc'  data-responsive-json-new='{\"font-size\":\"\",\"line-height\":\"\"}'  class=\"uavc-list-desc ult-responsive\" style=\"\">\n<h4 style=\"padding-bottom: 0; margin-bottom: 0; font-size: 20px;\">Ll\u00e1manos al<\/h4>\n<p><span style=\"font-size: 14px; line-height: 18px;\"><a href=\"tel:809-565-7477\">809-565-7477<\/a><br \/>\nExt. 7012, 7014 y 7015<\/span><\/span><\/div><\/li><li><div class=\"uavc-list-content\" id=\"list-icon-wrap-9618\">\n<div class=\"uavc-list-icon  \" data-animation=\"\" data-animation-delay=\"03\" style=\"margin-right:10px;\"><div class=\"ult-just-icon-wrapper  \"><div class=\"align-icon\" style=\"text-align:center;\">\n<div class=\"aio-icon none \"  style=\"font-size:22px;display:inline-block;\">\n\t<i class=\"Defaults-envelope-o\"><\/i>\n<\/div><\/div><\/div>\n<\/div><span  data-ultimate-target='#list-icon-wrap-9618 .uavc-list-desc'  data-responsive-json-new='{\"font-size\":\"\",\"line-height\":\"\"}'  class=\"uavc-list-desc ult-responsive\" style=\"\">\n<h4 style=\"padding-bottom: 0; margin-bottom: 0; font-size: 20px;\">Escr\u00edbenos a<\/h4>\n<p><span style=\"font-size: 14px; line-height: 18px;\"><a href=\"mailto:vgonzalez@hgps.org.do\" target=\"_blank\" rel=\"noopener noreferrer\">vgonzalez@hgps.org.do<\/a><\/span><\/span><\/div><\/li><\/ul><\/div><\/div><\/div><\/div><\/div><\/div><\/section>\n","protected":false},"excerpt":{"rendered":"Librer\u00eda del Programa Ampliado de Libros de Texto y Materiales de Intrucci\u00f3n (PALTEX)Tenemos a la disposici\u00f3n del p\u00fablico en general la venta de los libros PALTEX de la Organizaci\u00f3n Panamericana de la Salud OPS\/OMS, una gran variedad de libros de medicina, material e\u00a0instrumentos de salud de alta calidad y\u00a0al m\u00e1s bajo costo. Para m\u00e1s informaci\u00f3n...","protected":false},"author":1,"featured_media":0,"parent":22854,"menu_order":68,"comment_status":"closed","ping_status":"closed","template":"","meta":{"footnotes":""},"_links":{"self":[{"href":"https:\/\/hgps.org.do\/es\/wp-json\/wp\/v2\/pages\/22860"}],"collection":[{"href":"https:\/\/hgps.org.do\/es\/wp-json\/wp\/v2\/pages"}],"about":[{"href":"https:\/\/hgps.org.do\/es\/wp-json\/wp\/v2\/types\/page"}],"author":[{"embeddable":true,"href":"https:\/\/hgps.org.do\/es\/wp-json\/wp\/v2\/users\/1"}],"replies":[{"embeddable":true,"href":"https:\/\/hgps.org.do\/es\/wp-json\/wp\/v2\/comments?post=22860"}],"version-history":[{"count":4,"href":"https:\/\/hgps.org.do\/es\/wp-json\/wp\/v2\/pages\/22860\/revisions"}],"predecessor-version":[{"id":26886,"href":"https:\/\/hgps.org.do\/es\/wp-json\/wp\/v2\/pages\/22860\/revisions\/26886"}],"up":[{"embeddable":true,"href":"https:\/\/hgps.org.do\/es\/wp-json\/wp\/v2\/pages\/22854"}],"wp:attachment":[{"href":"https:\/\/hgps.org.do\/es\/wp-json\/wp\/v2\/media?parent=22860"}],"curies":[{"name":"wp","href":"https:\/\/api.w.org\/{rel}","templated":true}]}}