{"id":23711,"date":"2018-08-13T22:27:37","date_gmt":"2018-08-13T22:27:37","guid":{"rendered":"https:\/\/portal-hgps.azurewebsites.net\/?page_id=23711"},"modified":"2023-09-27T14:53:02","modified_gmt":"2023-09-27T14:53:02","slug":"articulos","status":"publish","type":"page","link":"https:\/\/hgps.org.do\/es\/articulos\/","title":{"rendered":"Art\u00edculos"},"content":{"rendered":"<section class=\"l-section wpb_row us_custom_4edece6e height_medium\" id=\"Art\u00edculos\"><div class=\"l-section-h i-cf\"><div class=\"g-cols vc_row type_default valign_top\"><div class=\"vc_col-sm-12 wpb_column vc_column_container\"><div class=\"vc_column-inner us_custom_4e85a289\"><div class=\"wpb_wrapper\"><div class=\"w-grid type_grid layout_23720 cols_2\" id=\"us_grid_1\" data-grid-filter=\"true\"><style id=\"us_grid_1_css\">#us_grid_1 .w-grid-item{padding:1rem}#us_grid_1 .w-grid-list{margin:-1rem -1rem 1rem}.w-grid + #us_grid_1 .w-grid-list{margin-top:1rem}@media (max-width:599px){#us_grid_1 .w-grid-list{margin:0}#us_grid_1 .w-grid-item{width:100%;padding:0;margin-bottom:1rem}}<\/style><style>.layout_23720 .w-grid-item-h{}@media(max-width:79px){.layout_23720 .usg_post_date_1{display:none!important}}.layout_23720 .usg_post_image_1{margin-bottom:1rem!important}.layout_23720 .usg_post_title_1{margin-bottom:0!important;padding-bottom:0!important;font-family:'Open Sans', sans-serif!important;font-size:1.6rem!important;line-height:1.9rem!important;color:#00acc9!important}.layout_23720 .usg_post_date_1{margin-top:5px!important;font-size:0.8rem!important;color:#30414f!important;border-radius:0.2!important}.layout_23720 .usg_hwrapper_1{color:#00bcd4!important}.layout_23720 .usg_post_content_1{margin-top:0.5rem!important;font-size:1rem!important;line-height:1.4rem!important;color:#30414f!important}.layout_23720 .usg_post_author_1{margin-top:5px!important;font-size:0.8rem!important;color:#30414f!important}<\/style><div class=\"w-grid-list\" ><article class=\"w-grid-item size_1x1 post-27759 post type-post status-publish format-standard has-post-thumbnail hentry category-articulos tag-psicologia-clinica\" data-id=\"27759\">\r\n\t<div class=\"w-grid-item-h\">\r\n\t\t\t\t<div class=\"w-post-elm post_image usg_post_image_1 stretched\"><a href=\"https:\/\/hgps.org.do\/es\/articulos\/salud-mental\/\" aria-label=\"Salud mental\"><img loading=\"lazy\" decoding=\"async\" width=\"600\" height=\"600\" src=\"https:\/\/hgps.org.do\/wp-content\/uploads\/2023\/03\/Lic.-Rafael-Duran-600x600.jpg\" class=\"attachment-us_600_600_crop size-us_600_600_crop wp-post-image\" alt=\"Lic. Rafael Emilio Dur\u00e1n Ure\u00f1a Psic\u00f3logo Cl\u00ednico del Hospital General de la Plaza de la Salud (HGPS)\" srcset=\"https:\/\/hgps.org.do\/wp-content\/uploads\/2023\/03\/Lic.-Rafael-Duran-600x600.jpg 600w, https:\/\/hgps.org.do\/wp-content\/uploads\/2023\/03\/Lic.-Rafael-Duran-150x150.jpg 150w\" sizes=\"(max-width: 600px) 100vw, 600px\" \/><\/a><\/div><h2 class=\"w-post-elm post_title usg_post_title_1 entry-title color_link_inherit has_text_color\"><a href=\"https:\/\/hgps.org.do\/es\/articulos\/salud-mental\/\">Salud mental<\/a><\/h2><div class=\"w-hwrapper usg_hwrapper_1 align_left valign_top wrap\"><div class=\"w-post-elm post_content usg_post_content_1\">Lic. Rafael Emilio Dur\u00e1n Ure\u00f1a Psic\u00f3logo Cl\u00ednico del Hospital General de la Plaza de la Salud (HGPS) &nbsp; De acuerdo a la Organizaci\u00f3n Mundial de&hellip;<\/div><\/div><time class=\"w-post-elm post_date usg_post_date_1 entry-date published archive_meta\" datetime=\"2023-03-31T14:23:45+00:00\"><i class=\"far fa-clock\"><\/i>31 marzo, 2023<\/time><div class=\"w-post-elm post_author usg_post_author_1 vcard author color_link_inherit has_text_color archive_meta\"><i class=\"fas fa-pen\"><\/i><div class=\"post-author-meta\"><a href=\"https:\/\/hgps.org.do\/es\/author\/mbonilla\/\" class=\"post-author-name fn\">Marino Bonilla<\/a><\/a><\/div><\/div>\t<\/div>\r\n<\/article>\r\n<article class=\"w-grid-item size_1x1 post-27755 post type-post status-publish format-standard has-post-thumbnail hentry category-articulos tag-gastroenterologia tag-pediatria\" data-id=\"27755\">\r\n\t<div class=\"w-grid-item-h\">\r\n\t\t\t\t<div class=\"w-post-elm post_image usg_post_image_1 stretched\"><a href=\"https:\/\/hgps.org.do\/es\/articulos\/estrenimiento-en-pediatria\/\" aria-label=\"Estre\u00f1imiento en Pediatr\u00eda\"><img loading=\"lazy\" decoding=\"async\" width=\"600\" height=\"600\" src=\"https:\/\/hgps.org.do\/wp-content\/uploads\/2023\/03\/Dra-Mabel-Segura_PRENSA-600x600.jpg\" class=\"attachment-us_600_600_crop size-us_600_600_crop wp-post-image\" alt=\"Dra. Mabel Segura Montilla, Pediatra gastroenter\u00f3loga del Hospital General Plaza de la Salud (HGPS).\" srcset=\"https:\/\/hgps.org.do\/wp-content\/uploads\/2023\/03\/Dra-Mabel-Segura_PRENSA-600x600.jpg 600w, https:\/\/hgps.org.do\/wp-content\/uploads\/2023\/03\/Dra-Mabel-Segura_PRENSA-150x150.jpg 150w\" sizes=\"(max-width: 600px) 100vw, 600px\" \/><\/a><\/div><h2 class=\"w-post-elm post_title usg_post_title_1 entry-title color_link_inherit has_text_color\"><a href=\"https:\/\/hgps.org.do\/es\/articulos\/estrenimiento-en-pediatria\/\">Estre\u00f1imiento en Pediatr\u00eda<\/a><\/h2><div class=\"w-hwrapper usg_hwrapper_1 align_left valign_top wrap\"><div class=\"w-post-elm post_content usg_post_content_1\">Dra. Mabel Segura Montilla, Pediatra gastroenter\u00f3loga del Hospital General Plaza de la Salud (HGPS). Estre\u00f1imiento El estre\u00f1imiento en ni\u00f1os y adolescentes se define como la&hellip;<\/div><\/div><time class=\"w-post-elm post_date usg_post_date_1 entry-date published archive_meta\" datetime=\"2023-03-31T14:18:02+00:00\"><i class=\"far fa-clock\"><\/i>31 marzo, 2023<\/time><div class=\"w-post-elm post_author usg_post_author_1 vcard author color_link_inherit has_text_color archive_meta\"><i class=\"fas fa-pen\"><\/i><div class=\"post-author-meta\"><a href=\"https:\/\/hgps.org.do\/es\/author\/mbonilla\/\" class=\"post-author-name fn\">Marino Bonilla<\/a><\/a><\/div><\/div>\t<\/div>\r\n<\/article>\r\n<article class=\"w-grid-item size_1x1 post-27752 post type-post status-publish format-standard has-post-thumbnail hentry category-articulos tag-otorrinolaringologia\" data-id=\"27752\">\r\n\t<div class=\"w-grid-item-h\">\r\n\t\t\t\t<div class=\"w-post-elm post_image usg_post_image_1 stretched\"><a href=\"https:\/\/hgps.org.do\/es\/articulos\/epistaxis-un-signo-de-alarma-desestimado\/\" aria-label=\"Epistaxis: Un signo de alarma desestimado\"><img loading=\"lazy\" decoding=\"async\" width=\"600\" height=\"600\" src=\"https:\/\/hgps.org.do\/wp-content\/uploads\/2023\/03\/Dra.-Denisse-Campos-600x600.jpg\" class=\"attachment-us_600_600_crop size-us_600_600_crop wp-post-image\" alt=\"Dra. Denisse Campos Mej\u00eda Otorrinolaring\u00f3loga General y Pedi\u00e1trica del Hospital General de la Plaza de la Salud (HGPS)\" srcset=\"https:\/\/hgps.org.do\/wp-content\/uploads\/2023\/03\/Dra.-Denisse-Campos-600x600.jpg 600w, https:\/\/hgps.org.do\/wp-content\/uploads\/2023\/03\/Dra.-Denisse-Campos-150x150.jpg 150w\" sizes=\"(max-width: 600px) 100vw, 600px\" \/><\/a><\/div><h2 class=\"w-post-elm post_title usg_post_title_1 entry-title color_link_inherit has_text_color\"><a href=\"https:\/\/hgps.org.do\/es\/articulos\/epistaxis-un-signo-de-alarma-desestimado\/\">Epistaxis: Un signo de alarma desestimado<\/a><\/h2><div class=\"w-hwrapper usg_hwrapper_1 align_left valign_top wrap\"><div class=\"w-post-elm post_content usg_post_content_1\">Dra. Denisse Campos Mej\u00eda Otorrinolaring\u00f3loga General y Pedi\u00e1trica del Hospital General de la Plaza de la Salud (HGPS) \u00a0\u00a0Sangrado Nasal en Otorrinolaringolog\u00eda D\u00eda a d\u00eda&hellip;<\/div><\/div><time class=\"w-post-elm post_date usg_post_date_1 entry-date published archive_meta\" datetime=\"2023-03-31T14:13:07+00:00\"><i class=\"far fa-clock\"><\/i>31 marzo, 2023<\/time><div class=\"w-post-elm post_author usg_post_author_1 vcard author color_link_inherit has_text_color archive_meta\"><i class=\"fas fa-pen\"><\/i><div class=\"post-author-meta\"><a href=\"https:\/\/hgps.org.do\/es\/author\/mbonilla\/\" class=\"post-author-name fn\">Marino Bonilla<\/a><\/a><\/div><\/div>\t<\/div>\r\n<\/article>\r\n<article class=\"w-grid-item size_1x1 post-27750 post type-post status-publish format-standard has-post-thumbnail hentry category-articulos tag-epidemiologia tag-salud-preventiva\" data-id=\"27750\">\r\n\t<div class=\"w-grid-item-h\">\r\n\t\t\t\t<div class=\"w-post-elm post_image usg_post_image_1 stretched\"><a href=\"https:\/\/hgps.org.do\/es\/articulos\/la-enfermedad-de-la-chikungunya-en-alerta-de-las-americas\/\" aria-label=\"La Enfermedad de la Chikungunya en alerta de las Am\u00e9ricas.\"><img loading=\"lazy\" decoding=\"async\" width=\"467\" height=\"600\" src=\"https:\/\/hgps.org.do\/wp-content\/uploads\/2020\/03\/Captura-de-pantalla-2020-03-18-a-las-10.19.50-a.-m.-467x600.png\" class=\"attachment-us_600_600_crop size-us_600_600_crop wp-post-image\" alt=\"Dr. Randol Cabrera\" \/><\/a><\/div><h2 class=\"w-post-elm post_title usg_post_title_1 entry-title color_link_inherit has_text_color\"><a href=\"https:\/\/hgps.org.do\/es\/articulos\/la-enfermedad-de-la-chikungunya-en-alerta-de-las-americas\/\">La Enfermedad de la Chikungunya en alerta de las Am\u00e9ricas.<\/a><\/h2><div class=\"w-hwrapper usg_hwrapper_1 align_left valign_top wrap\"><div class=\"w-post-elm post_content usg_post_content_1\">Antecedentes epidemiol\u00f3gicos. El virus chikungunya fue descrito por primera vez en 1952 en la Rep\u00fablica Unida de Tanzan\u00eda y despu\u00e9s tambi\u00e9n en otros pa\u00edses de&hellip;<\/div><\/div><time class=\"w-post-elm post_date usg_post_date_1 entry-date published archive_meta\" datetime=\"2023-03-31T14:09:14+00:00\"><i class=\"far fa-clock\"><\/i>31 marzo, 2023<\/time><div class=\"w-post-elm post_author usg_post_author_1 vcard author color_link_inherit has_text_color archive_meta\"><i class=\"fas fa-pen\"><\/i><div class=\"post-author-meta\"><a href=\"https:\/\/hgps.org.do\/es\/author\/mbonilla\/\" class=\"post-author-name fn\">Marino Bonilla<\/a><\/a><\/div><\/div>\t<\/div>\r\n<\/article>\r\n<article class=\"w-grid-item size_1x1 post-27747 post type-post status-publish format-standard has-post-thumbnail hentry category-articulos tag-medicina-familiar\" data-id=\"27747\">\r\n\t<div class=\"w-grid-item-h\">\r\n\t\t\t\t<div class=\"w-post-elm post_image usg_post_image_1 stretched\"><a href=\"https:\/\/hgps.org.do\/es\/articulos\/como-prevenir-la-diabetes\/\" aria-label=\"\u00bfC\u00f3mo prevenir la Diabetes?\"><img loading=\"lazy\" decoding=\"async\" width=\"600\" height=\"600\" src=\"https:\/\/hgps.org.do\/wp-content\/uploads\/2023\/03\/DR-OVALLES_PRENSA-600x600.jpg\" class=\"attachment-us_600_600_crop size-us_600_600_crop wp-post-image\" alt=\"Dr. Jos\u00e9 Gregorio Ovalles Then, M\u00e9dico Familiar y Comunitario del Hospital General de la Plaza de la Salud (HGPS).\" srcset=\"https:\/\/hgps.org.do\/wp-content\/uploads\/2023\/03\/DR-OVALLES_PRENSA-600x600.jpg 600w, https:\/\/hgps.org.do\/wp-content\/uploads\/2023\/03\/DR-OVALLES_PRENSA-150x150.jpg 150w\" sizes=\"(max-width: 600px) 100vw, 600px\" \/><\/a><\/div><h2 class=\"w-post-elm post_title usg_post_title_1 entry-title color_link_inherit has_text_color\"><a href=\"https:\/\/hgps.org.do\/es\/articulos\/como-prevenir-la-diabetes\/\">\u00bfC\u00f3mo prevenir la Diabetes?<\/a><\/h2><div class=\"w-hwrapper usg_hwrapper_1 align_left valign_top wrap\"><div class=\"w-post-elm post_content usg_post_content_1\">Dr. Jos\u00e9 Gregorio Ovalles Then, M\u00e9dico Familiar y Comunitario del Hospital General de la Plaza de la Salud (HGPS). \u00a0La Diabetes es una enfermedad que&hellip;<\/div><\/div><time class=\"w-post-elm post_date usg_post_date_1 entry-date published archive_meta\" datetime=\"2023-03-31T14:06:39+00:00\"><i class=\"far fa-clock\"><\/i>31 marzo, 2023<\/time><div class=\"w-post-elm post_author usg_post_author_1 vcard author color_link_inherit has_text_color archive_meta\"><i class=\"fas fa-pen\"><\/i><div class=\"post-author-meta\"><a href=\"https:\/\/hgps.org.do\/es\/author\/mbonilla\/\" class=\"post-author-name fn\">Marino Bonilla<\/a><\/a><\/div><\/div>\t<\/div>\r\n<\/article>\r\n<article class=\"w-grid-item size_1x1 post-27744 post type-post status-publish format-standard has-post-thumbnail hentry category-articulos tag-medicina-familiar\" data-id=\"27744\">\r\n\t<div class=\"w-grid-item-h\">\r\n\t\t\t\t<div class=\"w-post-elm post_image usg_post_image_1 stretched\"><a href=\"https:\/\/hgps.org.do\/es\/articulos\/prevencion-contra-la-insuficiencia-venosa-cronica\/\" aria-label=\"Prevenci\u00f3n contra la Insuficiencia Venosa Cr\u00f3nica\"><img loading=\"lazy\" decoding=\"async\" width=\"600\" height=\"600\" src=\"https:\/\/hgps.org.do\/wp-content\/uploads\/2023\/03\/DRA-JOSELYN-TORRES_PRENSA-600x600.jpg\" class=\"attachment-us_600_600_crop size-us_600_600_crop wp-post-image\" alt=\"\" srcset=\"https:\/\/hgps.org.do\/wp-content\/uploads\/2023\/03\/DRA-JOSELYN-TORRES_PRENSA-600x600.jpg 600w, https:\/\/hgps.org.do\/wp-content\/uploads\/2023\/03\/DRA-JOSELYN-TORRES_PRENSA-150x150.jpg 150w\" sizes=\"(max-width: 600px) 100vw, 600px\" \/><\/a><\/div><h2 class=\"w-post-elm post_title usg_post_title_1 entry-title color_link_inherit has_text_color\"><a href=\"https:\/\/hgps.org.do\/es\/articulos\/prevencion-contra-la-insuficiencia-venosa-cronica\/\">Prevenci\u00f3n contra la Insuficiencia Venosa Cr\u00f3nica<\/a><\/h2><div class=\"w-hwrapper usg_hwrapper_1 align_left valign_top wrap\"><div class=\"w-post-elm post_content usg_post_content_1\">Dra. Joselyn Torres Guti\u00e9rrez, Medico Familiar y Comunitario del Hospital General de la Plaza de la Salud (HGPS). La insuficiencia venosa cr\u00f3nica (que tambi\u00e9n se&hellip;<\/div><\/div><time class=\"w-post-elm post_date usg_post_date_1 entry-date published archive_meta\" datetime=\"2023-03-31T14:03:37+00:00\"><i class=\"far fa-clock\"><\/i>31 marzo, 2023<\/time><div class=\"w-post-elm post_author usg_post_author_1 vcard author color_link_inherit has_text_color archive_meta\"><i class=\"fas fa-pen\"><\/i><div class=\"post-author-meta\"><a href=\"https:\/\/hgps.org.do\/es\/author\/mbonilla\/\" class=\"post-author-name fn\">Marino Bonilla<\/a><\/a><\/div><\/div>\t<\/div>\r\n<\/article>\r\n<article class=\"w-grid-item size_1x1 post-27741 post type-post status-publish format-standard has-post-thumbnail hentry category-articulos tag-otorrinolaringologia\" data-id=\"27741\">\r\n\t<div class=\"w-grid-item-h\">\r\n\t\t\t\t<div class=\"w-post-elm post_image usg_post_image_1 stretched\"><a href=\"https:\/\/hgps.org.do\/es\/articulos\/evaluacion-audiologica-en-ninos-cuando-realizarla\/\" aria-label=\"EVALUACI\u00d3N AUDIOL\u00d3GICA EN NI\u00d1OS \u00bfCU\u00c1NDO REALIZARLA?\"><img loading=\"lazy\" decoding=\"async\" width=\"600\" height=\"600\" src=\"https:\/\/hgps.org.do\/wp-content\/uploads\/2023\/03\/LEONELA_PRENSA-600x600.jpg\" class=\"attachment-us_600_600_crop size-us_600_600_crop wp-post-image\" alt=\"Dra. Leonela Acosta Vel\u00e1zquez, Otorrinolaring\u00f3loga y Cirujana de Cabeza y Cuello del Hospital General de la Plaza de la Salud (HGPS).\" srcset=\"https:\/\/hgps.org.do\/wp-content\/uploads\/2023\/03\/LEONELA_PRENSA-600x600.jpg 600w, https:\/\/hgps.org.do\/wp-content\/uploads\/2023\/03\/LEONELA_PRENSA-150x150.jpg 150w\" sizes=\"(max-width: 600px) 100vw, 600px\" \/><\/a><\/div><h2 class=\"w-post-elm post_title usg_post_title_1 entry-title color_link_inherit has_text_color\"><a href=\"https:\/\/hgps.org.do\/es\/articulos\/evaluacion-audiologica-en-ninos-cuando-realizarla\/\">EVALUACI\u00d3N AUDIOL\u00d3GICA EN NI\u00d1OS \u00bfCU\u00c1NDO REALIZARLA?<\/a><\/h2><div class=\"w-hwrapper usg_hwrapper_1 align_left valign_top wrap\"><div class=\"w-post-elm post_content usg_post_content_1\">Evaluaci\u00f3n audiol\u00f3gica en ni\u00f1os\u00a0 \u00bfcu\u00e1ndo realizarla? \u00a0La prevalencia de la hipoacusia en el reci\u00e9n nacido y el lactante se estima entre 1,5 y 6,0 casos&hellip;<\/div><\/div><time class=\"w-post-elm post_date usg_post_date_1 entry-date published archive_meta\" datetime=\"2023-03-31T13:56:23+00:00\"><i class=\"far fa-clock\"><\/i>31 marzo, 2023<\/time><div class=\"w-post-elm post_author usg_post_author_1 vcard author color_link_inherit has_text_color archive_meta\"><i class=\"fas fa-pen\"><\/i><div class=\"post-author-meta\"><a href=\"https:\/\/hgps.org.do\/es\/author\/mbonilla\/\" class=\"post-author-name fn\">Marino Bonilla<\/a><\/a><\/div><\/div>\t<\/div>\r\n<\/article>\r\n<article class=\"w-grid-item size_1x1 post-27739 post type-post status-publish format-standard has-post-thumbnail hentry category-articulos tag-medicina-familiar\" data-id=\"27739\">\r\n\t<div class=\"w-grid-item-h\">\r\n\t\t\t\t<div class=\"w-post-elm post_image usg_post_image_1 stretched\"><a href=\"https:\/\/hgps.org.do\/es\/articulos\/dia-mundial-del-enfermo\/\" aria-label=\"D\u00eda Mundial del Enfermo\"><img loading=\"lazy\" decoding=\"async\" width=\"600\" height=\"600\" src=\"https:\/\/hgps.org.do\/wp-content\/uploads\/2022\/11\/DRA-CANDELARIO-600x600.jpg\" class=\"attachment-us_600_600_crop size-us_600_600_crop wp-post-image\" alt=\"\" srcset=\"https:\/\/hgps.org.do\/wp-content\/uploads\/2022\/11\/DRA-CANDELARIO-600x600.jpg 600w, https:\/\/hgps.org.do\/wp-content\/uploads\/2022\/11\/DRA-CANDELARIO-150x150.jpg 150w\" sizes=\"(max-width: 600px) 100vw, 600px\" \/><\/a><\/div><h2 class=\"w-post-elm post_title usg_post_title_1 entry-title color_link_inherit has_text_color\"><a href=\"https:\/\/hgps.org.do\/es\/articulos\/dia-mundial-del-enfermo\/\">D\u00eda Mundial del Enfermo<\/a><\/h2><div class=\"w-hwrapper usg_hwrapper_1 align_left valign_top wrap\"><div class=\"w-post-elm post_content usg_post_content_1\">Siempre he cre\u00eddo que, al referirnos a la enfermedad, invalidamos a la persona. Que esa \u00f3ptica reduccionista, simplifica la complejidad del ser humano y que&hellip;<\/div><\/div><time class=\"w-post-elm post_date usg_post_date_1 entry-date published archive_meta\" datetime=\"2023-03-31T13:48:06+00:00\"><i class=\"far fa-clock\"><\/i>31 marzo, 2023<\/time><div class=\"w-post-elm post_author usg_post_author_1 vcard author color_link_inherit has_text_color archive_meta\"><i class=\"fas fa-pen\"><\/i><div class=\"post-author-meta\"><a href=\"https:\/\/hgps.org.do\/es\/author\/mbonilla\/\" class=\"post-author-name fn\">Marino Bonilla<\/a><\/a><\/div><\/div>\t<\/div>\r\n<\/article>\r\n<article class=\"w-grid-item size_1x1 post-27736 post type-post status-publish format-standard has-post-thumbnail hentry category-articulos tag-oftalmologia\" data-id=\"27736\">\r\n\t<div class=\"w-grid-item-h\">\r\n\t\t\t\t<div class=\"w-post-elm post_image usg_post_image_1 stretched\"><a href=\"https:\/\/hgps.org.do\/es\/articulos\/ambliopia\/\" aria-label=\"Ambliop\u00eda\"><img loading=\"lazy\" decoding=\"async\" width=\"400\" height=\"600\" src=\"https:\/\/hgps.org.do\/wp-content\/uploads\/2023\/03\/Dra.-Carla-A.-Rodriguez-Tavarez-y-Dra.-Andreina-Maldonado1-400x600.jpg\" class=\"attachment-us_600_600_crop size-us_600_600_crop wp-post-image\" alt=\"\" srcset=\"https:\/\/hgps.org.do\/wp-content\/uploads\/2023\/03\/Dra.-Carla-A.-Rodriguez-Tavarez-y-Dra.-Andreina-Maldonado1-400x600.jpg 400w, https:\/\/hgps.org.do\/wp-content\/uploads\/2023\/03\/Dra.-Carla-A.-Rodriguez-Tavarez-y-Dra.-Andreina-Maldonado1-7x12.jpg 7w\" sizes=\"(max-width: 400px) 100vw, 400px\" \/><\/a><\/div><h2 class=\"w-post-elm post_title usg_post_title_1 entry-title color_link_inherit has_text_color\"><a href=\"https:\/\/hgps.org.do\/es\/articulos\/ambliopia\/\">Ambliop\u00eda<\/a><\/h2><div class=\"w-hwrapper usg_hwrapper_1 align_left valign_top wrap\"><div class=\"w-post-elm post_content usg_post_content_1\">Es com\u00fanmente conocida como ojo vago u ojo perezoso, consiste en la diferencia de agudeza visual entre un ojo y otro por falta de desarrollo&hellip;<\/div><\/div><time class=\"w-post-elm post_date usg_post_date_1 entry-date published archive_meta\" datetime=\"2023-03-30T14:50:32+00:00\"><i class=\"far fa-clock\"><\/i>30 marzo, 2023<\/time><div class=\"w-post-elm post_author usg_post_author_1 vcard author color_link_inherit has_text_color archive_meta\"><i class=\"fas fa-pen\"><\/i><div class=\"post-author-meta\"><a href=\"https:\/\/hgps.org.do\/es\/author\/mbonilla\/\" class=\"post-author-name fn\">Marino Bonilla<\/a><\/a><\/div><\/div>\t<\/div>\r\n<\/article>\r\n<article class=\"w-grid-item size_1x1 post-27734 post type-post status-publish format-standard has-post-thumbnail hentry category-articulos tag-salud-preventiva\" data-id=\"27734\">\r\n\t<div class=\"w-grid-item-h\">\r\n\t\t\t\t<div class=\"w-post-elm post_image usg_post_image_1 stretched\"><a href=\"https:\/\/hgps.org.do\/es\/articulos\/nomofobia-miedo-irracional-a-no-tener-el-celular-ni-internet-ni-whatsapp\/\" aria-label=\"NOMOFOBIA Miedo irracional a no tener el celular, n\u00ed internet, n\u00ed WhatsApp\"><img loading=\"lazy\" decoding=\"async\" width=\"600\" height=\"600\" src=\"https:\/\/hgps.org.do\/wp-content\/uploads\/2022\/11\/DRA-ROSIO-RYMER_PRENSA-600x600.jpg\" class=\"attachment-us_600_600_crop size-us_600_600_crop wp-post-image\" alt=\"\" \/><\/a><\/div><h2 class=\"w-post-elm post_title usg_post_title_1 entry-title color_link_inherit has_text_color\"><a href=\"https:\/\/hgps.org.do\/es\/articulos\/nomofobia-miedo-irracional-a-no-tener-el-celular-ni-internet-ni-whatsapp\/\">NOMOFOBIA Miedo irracional a no tener el celular, n\u00ed internet, n\u00ed WhatsApp<\/a><\/h2><div class=\"w-hwrapper usg_hwrapper_1 align_left valign_top wrap\"><div class=\"w-post-elm post_content usg_post_content_1\">Estudios recientes afirman que en los \u00faltimos catorce a doce a\u00f1os el tel\u00e9fono inteligente se ha transformado en pr\u00e1cticamente un aparato indispensable por hacer m\u00e1s&hellip;<\/div><\/div><time class=\"w-post-elm post_date usg_post_date_1 entry-date published archive_meta\" datetime=\"2023-03-30T14:46:55+00:00\"><i class=\"far fa-clock\"><\/i>30 marzo, 2023<\/time><div class=\"w-post-elm post_author usg_post_author_1 vcard author color_link_inherit has_text_color archive_meta\"><i class=\"fas fa-pen\"><\/i><div class=\"post-author-meta\"><a href=\"https:\/\/hgps.org.do\/es\/author\/mbonilla\/\" class=\"post-author-name fn\">Marino Bonilla<\/a><\/a><\/div><\/div>\t<\/div>\r\n<\/article>\r\n<\/div><div class=\"w-grid-preloader\"><div class=\"g-preloader type_1\">\r\n\t<div><\/div>\r\n<\/div>\r\n<\/div>\t\t<div class=\"g-loadmore \">\r\n\t\t\t<div class=\"g-preloader type_1\">\r\n\t\t\t\t<div><\/div>\r\n\t\t\t<\/div>\r\n\t\t\t<a class=\"w-btn us-btn-style_1\" href=\"javascript:void(0)\">\r\n\t\t\t\t<span class=\"w-btn-label\">Cargar m\u00e1s<\/span>\r\n\t\t\t<\/a>\r\n\t\t<\/div>\r\n\t\t\t<div class=\"w-grid-json hidden\" onclick='return {&quot;action&quot;:&quot;us_ajax_grid&quot;,&quot;ajax_url&quot;:&quot;https:\\\/\\\/hgps.org.do\\\/wp-admin\\\/admin-ajax.php&quot;,&quot;infinite_scroll&quot;:true,&quot;max_num_pages&quot;:17,&quot;pagination&quot;:&quot;ajax&quot;,&quot;permalink_url&quot;:&quot;https:\\\/\\\/hgps.org.do\\\/es\\\/wp-json\\\/wp\\\/v2\\\/pages\\\/23711&quot;,&quot;template_vars&quot;:{&quot;columns&quot;:&quot;2&quot;,&quot;exclude_items&quot;:&quot;none&quot;,&quot;img_size&quot;:&quot;default&quot;,&quot;ignore_items_size&quot;:false,&quot;items_layout&quot;:&quot;23720&quot;,&quot;items_offset&quot;:&quot;1&quot;,&quot;overriding_link&quot;:&quot;none&quot;,&quot;post_id&quot;:23711,&quot;query_args&quot;:{&quot;post_type&quot;:[&quot;post&quot;],&quot;tax_query&quot;:[{&quot;taxonomy&quot;:&quot;category&quot;,&quot;field&quot;:&quot;slug&quot;,&quot;terms&quot;:[&quot;articulos&quot;]}],&quot;post_status&quot;:[&quot;publish&quot;],&quot;orderby&quot;:{&quot;date&quot;:&quot;DESC&quot;},&quot;posts_per_page&quot;:&quot;10&quot;},&quot;type&quot;:&quot;grid&quot;,&quot;us_grid_ajax_index&quot;:1,&quot;us_grid_filter_params&quot;:null,&quot;us_grid_index&quot;:1,&quot;_us_grid_post_type&quot;:&quot;post&quot;}}'><\/div>\r\n<\/div><\/div><\/div><\/div><\/div><\/div><\/section>\n","protected":false},"excerpt":{"rendered":"Estudios recientes afirman que en los \u00faltimos catorce a doce a\u00f1os el tel\u00e9fono inteligente se ha transformado en pr\u00e1cticamente un aparato indispensable por hacer m\u00e1s pr\u00e1cticas y f\u00e1ciles \u00a0nuestras vidas, en vista de que, en cualquier momento y lugar nos comunicamos a trav\u00e9s de el, podemos llevar nuestra agenda, tener acceso al correo electr\u00f3nico, a...","protected":false},"author":1,"featured_media":0,"parent":0,"menu_order":0,"comment_status":"closed","ping_status":"closed","template":"","meta":{"footnotes":""},"_links":{"self":[{"href":"https:\/\/hgps.org.do\/es\/wp-json\/wp\/v2\/pages\/23711"}],"collection":[{"href":"https:\/\/hgps.org.do\/es\/wp-json\/wp\/v2\/pages"}],"about":[{"href":"https:\/\/hgps.org.do\/es\/wp-json\/wp\/v2\/types\/page"}],"author":[{"embeddable":true,"href":"https:\/\/hgps.org.do\/es\/wp-json\/wp\/v2\/users\/1"}],"replies":[{"embeddable":true,"href":"https:\/\/hgps.org.do\/es\/wp-json\/wp\/v2\/comments?post=23711"}],"version-history":[{"count":46,"href":"https:\/\/hgps.org.do\/es\/wp-json\/wp\/v2\/pages\/23711\/revisions"}],"predecessor-version":[{"id":27850,"href":"https:\/\/hgps.org.do\/es\/wp-json\/wp\/v2\/pages\/23711\/revisions\/27850"}],"wp:attachment":[{"href":"https:\/\/hgps.org.do\/es\/wp-json\/wp\/v2\/media?parent=23711"}],"curies":[{"name":"wp","href":"https:\/\/api.w.org\/{rel}","templated":true}]}}