{"id":24256,"date":"2018-09-24T04:25:14","date_gmt":"2018-09-24T04:25:14","guid":{"rendered":"https:\/\/portal-hgps.azurewebsites.net\/?page_id=24256"},"modified":"2022-05-04T15:35:14","modified_gmt":"2022-05-04T15:35:14","slug":"uroplaza","status":"publish","type":"page","link":"https:\/\/hgps.org.do\/es\/centros-especializados\/uroplaza\/","title":{"rendered":"Uroplaza"},"content":{"rendered":"<section class=\"l-section wpb_row height_auto titulo_depts with_img\"><div class=\"l-section-img\" style=\"background-image: url(https:\/\/hgps.org.do\/wp-content\/uploads\/2018\/09\/urologia-bg-title.jpg);background-position: top left;background-repeat: no-repeat;\" data-img-width=\"1069\" data-img-height=\"304\"><\/div><div class=\"l-section-h i-cf\"><div class=\"g-cols vc_row type_default valign_top\"><div class=\"vc_col-sm-6 vc_hidden-sm vc_hidden-xs wpb_column vc_column_container\"><div class=\"vc_column-inner us_custom_5190e04d\"><div class=\"wpb_wrapper\"><\/div><\/div><\/div><div class=\"vc_col-sm-6 vc_hidden-sm vc_hidden-xs wpb_column vc_column_container\"><div class=\"vc_column-inner us_custom_1c644d23\"><div class=\"wpb_wrapper\"><div class=\"wpb_text_column title_widget\" ><div class=\"wpb_wrapper\"><h4 class=\"title_side\"><i class=\"far fa-clock\"><\/i> Horario<\/h4>\n<p class=\"title_text\">Consultas: lunes a viernes de 6:30am &#8211; 9:00pm<\/p>\n<h4 class=\"title_side\"><i class=\"fas fa-map-marker-alt\"><\/i> Ubicaci\u00f3n<\/h4>\n<p class=\"title_text\">Edificio No. 3<\/p>\n<\/div><\/div><\/div><\/div><\/div><\/div><\/div><\/section><!-- Row Backgrounds --><section class=\"l-section wpb_row height_auto titulo_depts with_img\"><div class=\"l-section-img\" style=\"background-image: url(https:\/\/hgps.org.do\/wp-content\/uploads\/2018\/09\/urologia-bg-title.jpg);background-position: top right;background-repeat: no-repeat;\" data-img-width=\"1069\" data-img-height=\"304\"><\/div><div class=\"l-section-h i-cf\"><div class=\"g-cols vc_row type_default valign_top\"><div class=\"vc_col-sm-6 vc_hidden-lg vc_hidden-md vc_hidden-xs wpb_column vc_column_container\"><div class=\"vc_column-inner us_custom_5190e04d\"><div class=\"wpb_wrapper\"><\/div><\/div><\/div><div class=\"vc_col-sm-6 vc_hidden-lg vc_hidden-md vc_hidden-xs wpb_column vc_column_container\"><div class=\"vc_column-inner us_custom_1c644d23\"><div class=\"wpb_wrapper\"><div class=\"wpb_text_column title_widget\" ><div class=\"wpb_wrapper\"><h4 class=\"title_side\"><i class=\"far fa-clock\"><\/i> Horario<\/h4>\n<p class=\"title_text\">Consultas: lunes a viernes de 6:30am &#8211; 9:00pm<\/p>\n<h4 class=\"title_side\"><i class=\"fas fa-map-marker-alt\"><\/i> Ubicaci\u00f3n<\/h4>\n<p class=\"title_text\">Edificio No. 3<\/p>\n<\/div><\/div><\/div><\/div><\/div><\/div><\/div><\/section><!-- Row Backgrounds --><section class=\"l-section wpb_row height_auto width_full\" id=\"tab_servicios\"><div class=\"l-section-h i-cf\"><div class=\"g-cols vc_row type_default valign_top\"><div class=\"vc_col-sm-12 vc_hidden-xs wpb_column vc_column_container\"><div class=\"vc_column-inner us_custom_eb1b9824\"><div class=\"wpb_wrapper\"><div class=\"g-cols wpb_row  type_default valign_top vc_inner\"><div class=\"vc_col-sm-3 wpb_column vc_column_container has-fill\"><div class=\"vc_column-inner us_custom_87b89bd3\"><div class=\"wpb_wrapper\"><div  class=\"vc_wp_custommenu wpb_content_element\"><div class=\"widget widget_nav_menu\"><div class=\"menu-centros-especializados-container\"><ul id=\"menu-centros-especializados\" class=\"menu\"><li id=\"menu-item-23913\" class=\"menu-item menu-item-type-post_type menu-item-object-page menu-item-23913\"><a href=\"https:\/\/hgps.org.do\/es\/centros-especializados\/centro-de-acceso-directo-y-atencion-priorizada\/\">Centro de Acceso Directo y Atenci\u00f3n Priorizada<\/a><\/li>\n<li id=\"menu-item-27374\" class=\"menu-item menu-item-type-post_type menu-item-object-page menu-item-27374\"><a href=\"https:\/\/hgps.org.do\/es\/centros-especializados\/imagenologia\/\">Centro de Im\u00e1genes Diagnosticas (CID)<\/a><\/li>\n<li id=\"menu-item-23912\" class=\"menu-item menu-item-type-post_type menu-item-object-page menu-item-23912\"><a href=\"https:\/\/hgps.org.do\/es\/centros-especializados\/oftalmoplaza\/\">Oftalmoplaza<\/a><\/li>\n<li id=\"menu-item-24191\" class=\"menu-item menu-item-type-post_type menu-item-object-page menu-item-24191\"><a href=\"https:\/\/hgps.org.do\/es\/centros-especializados\/oncoplaza\/\">Oncoplaza<\/a><\/li>\n<li id=\"menu-item-24258\" class=\"menu-item menu-item-type-post_type menu-item-object-page menu-item-24258\"><a href=\"https:\/\/hgps.org.do\/es\/centros-especializados\/uroplaza\/\">Uroplaza<\/a><\/li>\n<li id=\"menu-item-28140\" class=\"menu-item menu-item-type-post_type menu-item-object-page menu-item-28140\"><a href=\"https:\/\/hgps.org.do\/es\/centros-especializados\/gastroplaza\/\">GastroPlaza<\/a><\/li>\n<\/ul><\/div><\/div><\/div><\/div><\/div><\/div><div class=\"vc_col-sm-9 wpb_column vc_column_container\"><div class=\"vc_column-inner us_custom_6f4bb857\"><div class=\"wpb_wrapper\"><div class=\"wpb_text_column us_custom_e038e7e6\" ><div class=\"wpb_wrapper\"><p><img loading=\"lazy\" decoding=\"async\" class=\"aligncenter wp-image-24214\" src=\"https:\/\/www.hgps.org.do\/wp-content\/uploads\/dept_logos\/mob\/hgps-uroplaza.jpg\" alt=\"UROPLAZA\" width=\"285\" height=\"70\" \/><\/p>\n<p>Moderno Centro de Atenci\u00f3n Integral de la Urolog\u00eda y sus sub-especialidades, que ofrece un novedoso servicio enfocado en pacientes con necesidades urol\u00f3gicas, desde atenci\u00f3n m\u00e9dica ambulatoria hasta procedimientos complejos.<\/p>\n<p>UROPLAZA ofrece un servicio integral, donde adem\u00e1s de la atenci\u00f3n de alta especializaci\u00f3n, los pacientes reciben orientaciones y educaci\u00f3n enfocada en la prevenci\u00f3n de las enfermedades urol\u00f3gicas. Esta \u00e1rea cuenta con servicios dirigidos a hombres, mujeres y ni\u00f1os, que abarcan desde consultas, procedimientos ambulatorios <strong>y quir\u00fargicos como:<\/strong><\/p>\n<p><strong>Procedimientos <\/strong><\/p>\n<ul>\n<li>Meatoplast\u00eda<\/li>\n<li>Uretrotom\u00eda interna endosc\u00f3pica<\/li>\n<li>Resecciones transuretrales de cuello vesical, tumor vesical y pr\u00f3stata<\/li>\n<li>Circuncisi\u00f3n y frenuloplastia<\/li>\n<li>Varicocelectom\u00eda<\/li>\n<li>Fulguraci\u00f3n de lesi\u00f3n<\/li>\n<li>Corporoplastia de cuerpos cavernosos<\/li>\n<li>Uretroplastia<\/li>\n<li>Colocaci\u00f3n y cambios de sonda vesical<\/li>\n<li>Colocaci\u00f3n de mallas para la incontinencia<\/li>\n<li>Cistotom\u00edas suprap\u00fabicas<\/li>\n<li>Biopsia de pr\u00f3stata, vejiga y pene<\/li>\n<li>Penectom\u00eda parcial<\/li>\n<li>Hidrocelectom\u00eda<\/li>\n<li>Resecci\u00f3n de quistes escrotales y de epid\u00eddimo<\/li>\n<li>Vasectom\u00eda<\/li>\n<li>Retiro de cat\u00e9ter JJ<\/li>\n<\/ul>\n<p><strong>\u00a0<\/strong><strong>Estudios<\/strong><\/p>\n<ul>\n<li>Cistoscopia<\/li>\n<li>Flujometr\u00eda<\/li>\n<li>Urodinamia<\/li>\n<\/ul>\n<p><strong>Novedades<\/strong><\/p>\n<ul>\n<li>Ofrecemos cirug\u00eda para litiasis en las v\u00edas urinarias (nefrolititotom\u00eda percut\u00e1nea, Litotricia laser, litotricia endosc\u00f3pica y citolitotricia).<\/li>\n<li>Cirug\u00eda para c\u00e1ncer urol\u00f3gico v\u00eda laparosc\u00f3pico.<\/li>\n<\/ul>\n<p>&nbsp;<\/p>\n<p><strong>Horarios de consultas y atenci\u00f3n:<\/strong><\/p>\n<ul>\n<li>Lunes a viernes de 8:00 a. m. a 6:00 p. m.<\/li>\n<\/ul>\n<p><strong>Ubicaci\u00f3n <\/strong><\/p>\n<ul>\n<li>Edificio 3, segundo nivel (UROPLAZA)<\/li>\n<\/ul>\n<p><strong>Contactos:<\/strong> 809-565-7477<\/p>\n<p><strong>Ext.: <\/strong>5044 \/ 5039<\/p>\n<\/div><\/div><\/div><\/div><\/div><\/div><\/div><\/div><\/div><\/div><\/div><\/section><section class=\"l-section wpb_row us_custom_7d5e32d4 height_auto width_full dept_img_section\"><div class=\"l-section-h i-cf\"><div class=\"g-cols vc_row type_default valign_top\"><div class=\"vc_col-sm-12 vc_hidden-lg vc_hidden-md vc_hidden-sm wpb_column vc_column_container\"><div class=\"vc_column-inner us_custom_5190e04d\"><div class=\"wpb_wrapper\"><div class=\"w-image us_custom_36724591 style_shadow-1 dept_mob_img align_none\"><div class=\"w-image-h\"><img loading=\"lazy\" decoding=\"async\" width=\"400\" height=\"168\" src=\"https:\/\/hgps.org.do\/wp-content\/uploads\/2018\/09\/urologia-bg-mob.jpg\" class=\"attachment-full size-full\" alt=\"\" srcset=\"https:\/\/hgps.org.do\/wp-content\/uploads\/2018\/09\/urologia-bg-mob.jpg 400w, https:\/\/hgps.org.do\/wp-content\/uploads\/2018\/09\/urologia-bg-mob-300x126.jpg 300w\" sizes=\"(max-width: 400px) 100vw, 400px\" \/><\/div><\/div><\/div><\/div><\/div><\/div><\/div><\/section><!-- Row Backgrounds --><section class=\"l-section wpb_row height_auto width_full\"><div class=\"l-section-h i-cf\"><div class=\"g-cols vc_row type_default valign_top\"><div class=\"vc_col-sm-12 vc_hidden-lg vc_hidden-md vc_hidden-sm wpb_column vc_column_container\"><div class=\"vc_column-inner us_custom_eb1b9824\"><div class=\"wpb_wrapper\"><div class=\"g-cols wpb_row  type_default valign_top vc_inner\"><div class=\"vc_col-sm-12 wpb_column vc_column_container has-fill\"><div class=\"vc_column-inner us_custom_cfced21c\"><div class=\"wpb_wrapper\"><div class=\"wpb_text_column us_custom_e038e7e6\" ><div class=\"wpb_wrapper\"><p><img loading=\"lazy\" decoding=\"async\" class=\"aligncenter wp-image-24214\" src=\"https:\/\/portal-hgps.azurewebsites.net\/wp-content\/uploads\/2018\/09\/logo-uroplaza.png\" alt=\"\" width=\"285\" height=\"70\" \/><\/p>\n<p>Moderno Centro de Atenci\u00f3n Integral de la Urolog\u00eda y sus sub-especialidades, que ofrece un novedoso servicio enfocado en pacientes con necesidades urol\u00f3gicas, desde atenci\u00f3n m\u00e9dica ambulatoria hasta procedimientos complejos.<\/p>\n<p>UROPLAZA ofrece un servicio integral, donde adem\u00e1s de la atenci\u00f3n de alta especializaci\u00f3n, los pacientes reciben orientaciones y educaci\u00f3n enfocada en la prevenci\u00f3n de las enfermedades urol\u00f3gicas. Esta \u00e1rea cuenta con servicios dirigidos a hombres, mujeres y ni\u00f1os, que abarcan desde consultas, procedimientos ambulatorios y quir\u00fargicos menores como:<\/p>\n<\/div><\/div><\/div><\/div><\/div><\/div><\/div><\/div><\/div><\/div><\/div><\/section><section class=\"l-section wpb_row us_custom_369d9814 height_medium width_full with_img\" id=\"servicios\"><div class=\"l-section-img\" style=\"background-image: url(https:\/\/hgps.org.do\/wp-content\/uploads\/2018\/09\/uroplaza-bg.jpg);background-position: top right;background-repeat: no-repeat;background-size: auto;\" data-img-width=\"1100\" data-img-height=\"413\"><\/div><div class=\"l-section-h i-cf\"><div class=\"g-cols vc_row type_default valign_top\"><div class=\"vc_col-sm-6 wpb_column vc_column_container has-fill\"><div class=\"vc_column-inner us_custom_96b5fb7a\"><div class=\"wpb_wrapper\"><div class=\"wpb_text_column\" ><div class=\"wpb_wrapper\"><h3 style=\"text-align: center;\"><span style=\"color: #32477b;\">Servicios de Urolog\u00eda<\/span><\/h3>\n<div class=\"serv_lcol\">\n<ul style=\"color: #32477b;\">\n<li>Cistoscopia y flujometr\u00eda<\/li>\n<li>Urodinamia est\u00e1ndar<\/li>\n<li>Biopsia de test\u00edculo<\/li>\n<li>Fulguraci\u00f3n de pene<\/li>\n<\/ul>\n<\/div>\n<div class=\"serv_rcol\">\n<ul style=\"color: #32477b;\">\n<li>Dilataci\u00f3n de uretra<\/li>\n<li>Biopsia de pene<\/li>\n<li>Biopsia de escroto<\/li>\n<li>Meatotom\u00eda Uretral<\/li>\n<\/ul>\n<\/div>\n<\/div><\/div><div class=\"w-separator size_small with_line width_default thick_1 style_solid color_border align_center\"><div class=\"w-separator-h\"><\/div><\/div><div class=\"w-btn-wrapper width_auto align_center\"><a class=\"w-btn us-btn-style_6 us_custom_f4397b66\" href=\"https:\/\/www.hgps.org.do\/citas\/\"><span class=\"w-btn-label\">Solicita una Cita<\/span><\/a><\/div><\/div><\/div><\/div><div class=\"vc_col-sm-6 wpb_column vc_column_container\"><div class=\"vc_column-inner\"><div class=\"wpb_wrapper\"><\/div><\/div><\/div><\/div><\/div><\/section><!-- Row Backgrounds --><div class=\"upb_color\" data-bg-override=\"0\" data-bg-color=\"#dbdbdb\" data-fadeout=\"\" data-fadeout-percentage=\"30\" data-parallax-content=\"\" data-parallax-content-sense=\"30\" data-row-effect-mobile-disable=\"true\" data-img-parallax-mobile-disable=\"true\" data-rtl=\"false\"  data-custom-vc-row=\"\"  data-vc=\"6.6.0\"  data-is_old_vc=\"\"  data-theme-support=\"\"   data-overlay=\"false\" data-overlay-color=\"\" data-overlay-pattern=\"\" data-overlay-pattern-opacity=\"\" data-overlay-pattern-size=\"\"    ><\/div><section class=\"l-section wpb_row us_custom_50cc7d67 height_auto width_full titulo_depts\" id=\"tel_ubic\"><div class=\"l-section-h i-cf\"><div class=\"g-cols vc_row type_default valign_top\"><div class=\"vc_col-sm-8 vc_hidden-lg vc_hidden-md vc_hidden-sm wpb_column vc_column_container has-fill\"><div class=\"vc_column-inner us_custom_e2bbc56c\"><div class=\"wpb_wrapper\"><div class=\"wpb_text_column title_widget\" ><div class=\"wpb_wrapper\"><div class=\"horario_lcol\">\n<h4 class=\"title_side\"><i class=\"far fa-clock\"><\/i> Horario<\/h4>\n<p class=\"title_text\">Consultas: lunes a viernes de 6:30am &#8211; 9:00pm<\/p>\n<\/div>\n<div class=\"horario_rcol\">\n<h4 class=\"title_side\"><i class=\"fas fa-map-marker-alt\"><\/i> Ubicaci\u00f3n<\/h4>\n<p class=\"title_text\">Edificio No. 3<\/p>\n<\/div>\n<\/div><\/div><\/div><\/div><\/div><\/div><\/div><\/section><!-- Row Backgrounds --><section class=\"l-section wpb_row us_custom_4400d46d height_medium dept_img_section\"><div class=\"l-section-h i-cf\"><div class=\"g-cols vc_row type_default valign_top\"><div class=\"vc_col-sm-12 wpb_column vc_column_container\"><div class=\"vc_column-inner\"><div class=\"wpb_wrapper\"><div class=\"w-grid type_grid layout_gallery_default cols_6\" id=\"us_grid_1\" data-grid-filter=\"true\"><style id=\"us_grid_1_css\">#us_grid_1 .w-grid-item{padding:4px}#us_grid_1 .w-grid-list{margin:-4px}.w-grid + #us_grid_1 .w-grid-list{margin-top:4px}@media (max-width:767px){#us_grid_1 .w-grid-item{width:25%}}@media (max-width:479px){#us_grid_1 .w-grid-item{width:50%}}<\/style><style>.layout_gallery_default .w-grid-item-h{}<\/style><div class=\"w-grid-list\" ><article class=\"w-grid-item post-24265 attachment type-attachment status-inherit hentry\" data-id=\"24265\">\r\n\t<div class=\"w-grid-item-h\">\r\n\t\t\t\t\t<a class=\"w-grid-item-anchor\" href=\"https:\/\/hgps.org.do\/wp-content\/uploads\/2018\/09\/uroplaza_03.jpg\" ref=\"magnificPopupGrid\" title aria-label=\"uroplaza_03\"><\/a>\r\n\t\t\t\t<div class=\"w-post-elm post_image usg_post_image_1 stretched\"><img loading=\"lazy\" decoding=\"async\" width=\"150\" height=\"150\" src=\"https:\/\/hgps.org.do\/wp-content\/uploads\/2018\/09\/uroplaza_03-150x150.jpg\" class=\"attachment-thumbnail size-thumbnail\" alt=\"\" \/><\/div>\t<\/div>\r\n<\/article>\r\n<article class=\"w-grid-item post-24266 attachment type-attachment status-inherit hentry\" data-id=\"24266\">\r\n\t<div class=\"w-grid-item-h\">\r\n\t\t\t\t\t<a class=\"w-grid-item-anchor\" href=\"https:\/\/hgps.org.do\/wp-content\/uploads\/2018\/09\/uroplaza_02.jpg\" ref=\"magnificPopupGrid\" title aria-label=\"uroplaza_02\"><\/a>\r\n\t\t\t\t<div class=\"w-post-elm post_image usg_post_image_1 stretched\"><img loading=\"lazy\" decoding=\"async\" width=\"150\" height=\"150\" src=\"https:\/\/hgps.org.do\/wp-content\/uploads\/2018\/09\/uroplaza_02-150x150.jpg\" class=\"attachment-thumbnail size-thumbnail\" alt=\"\" \/><\/div>\t<\/div>\r\n<\/article>\r\n<article class=\"w-grid-item post-24267 attachment type-attachment status-inherit hentry\" data-id=\"24267\">\r\n\t<div class=\"w-grid-item-h\">\r\n\t\t\t\t\t<a class=\"w-grid-item-anchor\" href=\"https:\/\/hgps.org.do\/wp-content\/uploads\/2018\/09\/uroplaza_01.jpg\" ref=\"magnificPopupGrid\" title aria-label=\"uroplaza_01\"><\/a>\r\n\t\t\t\t<div class=\"w-post-elm post_image usg_post_image_1 stretched\"><img loading=\"lazy\" decoding=\"async\" width=\"150\" height=\"150\" src=\"https:\/\/hgps.org.do\/wp-content\/uploads\/2018\/09\/uroplaza_01-150x150.jpg\" class=\"attachment-thumbnail size-thumbnail\" alt=\"\" \/><\/div>\t<\/div>\r\n<\/article>\r\n<article class=\"w-grid-item post-24268 attachment type-attachment status-inherit hentry\" data-id=\"24268\">\r\n\t<div class=\"w-grid-item-h\">\r\n\t\t\t\t\t<a class=\"w-grid-item-anchor\" href=\"https:\/\/hgps.org.do\/wp-content\/uploads\/2018\/09\/uroplaza_04.jpg\" ref=\"magnificPopupGrid\" title aria-label=\"uroplaza_04\"><\/a>\r\n\t\t\t\t<div class=\"w-post-elm post_image usg_post_image_1 stretched\"><img loading=\"lazy\" decoding=\"async\" width=\"150\" height=\"150\" src=\"https:\/\/hgps.org.do\/wp-content\/uploads\/2018\/09\/uroplaza_04-150x150.jpg\" class=\"attachment-thumbnail size-thumbnail\" alt=\"\" \/><\/div>\t<\/div>\r\n<\/article>\r\n<\/div><div class=\"w-grid-preloader\"><div class=\"g-preloader type_1\">\r\n\t<div><\/div>\r\n<\/div>\r\n<\/div>\t<div class=\"w-grid-json hidden\" onclick='return {&quot;action&quot;:&quot;us_ajax_grid&quot;,&quot;ajax_url&quot;:&quot;https:\\\/\\\/hgps.org.do\\\/wp-admin\\\/admin-ajax.php&quot;,&quot;infinite_scroll&quot;:0,&quot;max_num_pages&quot;:1,&quot;pagination&quot;:&quot;none&quot;,&quot;permalink_url&quot;:&quot;https:\\\/\\\/hgps.org.do\\\/es\\\/wp-json\\\/wp\\\/v2\\\/pages\\\/24256&quot;,&quot;template_vars&quot;:{&quot;columns&quot;:&quot;6&quot;,&quot;exclude_items&quot;:&quot;none&quot;,&quot;img_size&quot;:&quot;thumbnail&quot;,&quot;ignore_items_size&quot;:false,&quot;items_layout&quot;:&quot;gallery_default&quot;,&quot;items_offset&quot;:&quot;1&quot;,&quot;overriding_link&quot;:&quot;popup_post_image&quot;,&quot;post_id&quot;:24256,&quot;query_args&quot;:{&quot;post_type&quot;:[&quot;attachment&quot;],&quot;post__in&quot;:[&quot;24265&quot;,&quot;24266&quot;,&quot;24267&quot;,&quot;24268&quot;],&quot;post_status&quot;:&quot;inherit&quot;,&quot;post_mime_type&quot;:&quot;image&quot;,&quot;orderby&quot;:{&quot;post__in&quot;:&quot;ASC&quot;},&quot;posts_per_page&quot;:999},&quot;type&quot;:&quot;grid&quot;,&quot;us_grid_ajax_index&quot;:1,&quot;us_grid_filter_params&quot;:null,&quot;us_grid_index&quot;:1,&quot;_us_grid_post_type&quot;:&quot;attachment&quot;}}'><\/div>\r\n<\/div><\/div><\/div><\/div><\/div><\/div><\/section>\n","protected":false},"excerpt":{"rendered":"","protected":false},"author":1,"featured_media":0,"parent":22813,"menu_order":25,"comment_status":"closed","ping_status":"closed","template":"","meta":{"footnotes":""},"_links":{"self":[{"href":"https:\/\/hgps.org.do\/es\/wp-json\/wp\/v2\/pages\/24256"}],"collection":[{"href":"https:\/\/hgps.org.do\/es\/wp-json\/wp\/v2\/pages"}],"about":[{"href":"https:\/\/hgps.org.do\/es\/wp-json\/wp\/v2\/types\/page"}],"author":[{"embeddable":true,"href":"https:\/\/hgps.org.do\/es\/wp-json\/wp\/v2\/users\/1"}],"replies":[{"embeddable":true,"href":"https:\/\/hgps.org.do\/es\/wp-json\/wp\/v2\/comments?post=24256"}],"version-history":[{"count":14,"href":"https:\/\/hgps.org.do\/es\/wp-json\/wp\/v2\/pages\/24256\/revisions"}],"predecessor-version":[{"id":27358,"href":"https:\/\/hgps.org.do\/es\/wp-json\/wp\/v2\/pages\/24256\/revisions\/27358"}],"up":[{"embeddable":true,"href":"https:\/\/hgps.org.do\/es\/wp-json\/wp\/v2\/pages\/22813"}],"wp:attachment":[{"href":"https:\/\/hgps.org.do\/es\/wp-json\/wp\/v2\/media?parent=24256"}],"curies":[{"name":"wp","href":"https:\/\/api.w.org\/{rel}","templated":true}]}}