{"id":24491,"date":"2018-09-25T01:01:00","date_gmt":"2018-09-25T01:01:00","guid":{"rendered":"https:\/\/portal-hgps.azurewebsites.net\/?page_id=24414"},"modified":"2022-03-24T19:40:55","modified_gmt":"2022-03-24T19:40:55","slug":"mision-valores","status":"publish","type":"page","link":"https:\/\/hgps.org.do\/es\/mision-valores\/","title":{"rendered":"Visi\u00f3n, Misi\u00f3n y Valores"},"content":{"rendered":"<section class=\"l-section wpb_row us_custom_2994f020 height_medium\"><div class=\"l-section-h i-cf\"><div class=\"g-cols vc_row type_default valign_top\"><div class=\"vc_col-sm-12 wpb_column vc_column_container\"><div class=\"vc_column-inner\"><div class=\"wpb_wrapper\"><div class=\"wpb_text_column\" ><div class=\"wpb_wrapper\"><\/div><\/div><div class=\"wpb_text_column\" ><div class=\"wpb_wrapper\"><h2>Filosof\u00eda Organizacional<\/h2>\n<h3><strong>Visi\u00f3n:<\/strong><\/h3>\n<h4>HGPS para el 2026 se habr\u00e1 convertido en un sistema de salud integral y de calidad, con capacidad para responder a las necesidades de sus usuarios.<\/h4>\n<h3><strong>Misi\u00f3n:<\/strong><\/h3>\n<h4>Nuestra misi\u00f3n es brindar atenci\u00f3n m\u00e9dica de calidad a la poblaci\u00f3n local y global, soportada por un equipo humano calificado y motivado en el marco de los valores institucionales.<\/h4>\n<h3><strong>Valores:<\/strong><\/h3>\n<ul>\n<li>\n<h4>Compromiso<\/h4>\n<\/li>\n<li>\n<h4>\u00c9tica<\/h4>\n<\/li>\n<li>\n<h4>Innovaci\u00f3n<\/h4>\n<\/li>\n<li>\n<h4>Calidad<\/h4>\n<\/li>\n<li>\n<h4>Empat\u00eda<\/h4>\n<\/li>\n<\/ul>\n<h4><\/h4>\n<\/div><\/div><\/div><\/div><\/div><\/div><\/div><\/section>\n","protected":false},"excerpt":{"rendered":"Filosof\u00eda Organizacional Visi\u00f3n: HGPS para el 2026 se habr\u00e1 convertido en un sistema de salud integral y de calidad, con capacidad para responder a las necesidades de sus usuarios. Misi\u00f3n: Nuestra misi\u00f3n es brindar atenci\u00f3n m\u00e9dica de calidad a la poblaci\u00f3n local y global, soportada por un equipo humano calificado y motivado en el marco...","protected":false},"author":1,"featured_media":0,"parent":0,"menu_order":11,"comment_status":"closed","ping_status":"closed","template":"","meta":{"footnotes":""},"_links":{"self":[{"href":"https:\/\/hgps.org.do\/es\/wp-json\/wp\/v2\/pages\/24491"}],"collection":[{"href":"https:\/\/hgps.org.do\/es\/wp-json\/wp\/v2\/pages"}],"about":[{"href":"https:\/\/hgps.org.do\/es\/wp-json\/wp\/v2\/types\/page"}],"author":[{"embeddable":true,"href":"https:\/\/hgps.org.do\/es\/wp-json\/wp\/v2\/users\/1"}],"replies":[{"embeddable":true,"href":"https:\/\/hgps.org.do\/es\/wp-json\/wp\/v2\/comments?post=24491"}],"version-history":[{"count":10,"href":"https:\/\/hgps.org.do\/es\/wp-json\/wp\/v2\/pages\/24491\/revisions"}],"predecessor-version":[{"id":27091,"href":"https:\/\/hgps.org.do\/es\/wp-json\/wp\/v2\/pages\/24491\/revisions\/27091"}],"wp:attachment":[{"href":"https:\/\/hgps.org.do\/es\/wp-json\/wp\/v2\/media?parent=24491"}],"curies":[{"name":"wp","href":"https:\/\/api.w.org\/{rel}","templated":true}]}}